{"id":454,"date":"2026-01-22T13:56:26","date_gmt":"2026-01-22T13:56:26","guid":{"rendered":"https:\/\/www.transtoyou.com\/pt\/product\/molevac\/"},"modified":"2026-02-28T12:29:12","modified_gmt":"2026-02-28T10:29:12","slug":"molevac","status":"publish","type":"product","link":"https:\/\/www.transtoyou.com\/pt\/product\/molevac\/","title":{"rendered":"Molevac"},"content":{"rendered":"<p>Molevac \u00e9 um medicamento utilizado para tratar infec\u00e7\u00f5es causadas por vermes intestinais, particularmente oxi\u00faros. As infec\u00e7\u00f5es por oxi\u00faros s\u00e3o comuns, especialmente em crian\u00e7as, e podem causar sintomas como coceira (inquieta\u00e7\u00e3o) ao redor do \u00e2nus, inquieta\u00e7\u00e3o e leve desconforto abdominal. Molevac cont\u00e9m o ingrediente ativo embonato de pirv\u00ednio, que atua paralisando os vermes para que possam ser expulsos naturalmente atrav\u00e9s das fezes.<\/p>\n<p>Este tratamento \u00e9 geralmente administrado como uma \u00fanica dose oral, com uma dose repetida recomendada ap\u00f3s duas semanas para prevenir reinfec\u00e7\u00e3o. Como os oxi\u00faros se espalham facilmente atrav\u00e9s do contato e superf\u00edcies contaminadas, \u00e9 recomendado tratar todos os membros da casa simultaneamente para evitar reinfec\u00e7\u00e3o.<\/p>\n<p>Molevac \u00e9 bem tolerado, com muito poucos efeitos colaterais. Algumas pessoas podem notar sintomas gastrointestinais leves, como n\u00e1useas ou c\u00f3licas, mas estes geralmente s\u00e3o de curta dura\u00e7\u00e3o. Uma boa higiene \u00e9 essencial durante e ap\u00f3s o tratamento para evitar a transmiss\u00e3o adicional dos vermes. Isso inclui lavar as m\u00e3os regularmente, limpar a roupa de cama e as roupas, e aparar as unhas.<\/p>\n","protected":false},"excerpt":{"rendered":"<ul>\n<li>Tratamento de dose \u00fanica<\/li>\n<li>Alvo para oxi\u00faros<\/li>\n<li>Adequado para muitas pessoas<\/li>\n<\/ul>\n","protected":false},"featured_media":455,"comment_status":"open","ping_status":"closed","template":"","meta":[],"product_brand":[],"product_cat":[160],"product_tag":[],"expert":[21],"class_list":{"0":"post-454","1":"product","2":"type-product","3":"status-publish","4":"has-post-thumbnail","6":"product_cat-verme","7":"expert-dr-m-sharoyko","9":"first","10":"outofstock","11":"shipping-taxable","12":"product-type-simple"},"yoast_head":"<!-- This site is optimized with the Yoast SEO plugin v27.0 - https:\/\/yoast.com\/product\/yoast-seo-wordpress\/ -->\n<title>Molevac | Solu\u00e7\u00e3o Eficaz contra Parasitas - Transtoyou<\/title>\n<meta name=\"description\" content=\"Descubra o Molevac para eliminar parasitas de forma eficaz na Transtoyou. Melhore a sa\u00fade do seu intestino com nossa f\u00f3rmula comprovada. Compre agora!\" \/>\n<meta name=\"robots\" content=\"noindex, follow, max-snippet:-1, max-image-preview:large, max-video-preview:-1\" \/>\n<meta property=\"og:locale\" content=\"pt_PT\" \/>\n<meta property=\"og:type\" content=\"article\" \/>\n<meta property=\"og:title\" content=\"Molevac | Solu\u00e7\u00e3o Eficaz contra Parasitas - Transtoyou\" \/>\n<meta property=\"og:description\" content=\"Descubra o Molevac para eliminar parasitas de forma eficaz na Transtoyou. Melhore a sa\u00fade do seu intestino com nossa f\u00f3rmula comprovada. Compre agora!\" \/>\n<meta property=\"og:url\" content=\"https:\/\/www.transtoyou.com\/pt\/product\/molevac\/\" \/>\n<meta property=\"og:site_name\" content=\"Transtoyou - PT\" \/>\n<meta property=\"article:modified_time\" content=\"2026-02-28T10:29:12+00:00\" \/>\n<meta name=\"twitter:card\" content=\"summary_large_image\" \/>\n<meta name=\"twitter:label1\" content=\"Tempo estimado de leitura\" \/>\n\t<meta name=\"twitter:data1\" content=\"1 minuto\" \/>\n<script type=\"application\/ld+json\" class=\"yoast-schema-graph\">{\"@context\":\"https:\/\/schema.org\",\"@graph\":[{\"@type\":\"WebPage\",\"@id\":\"https:\/\/www.transtoyou.com\/pt\/product\/molevac\/\",\"url\":\"https:\/\/www.transtoyou.com\/pt\/product\/molevac\/\",\"name\":\"Molevac | Solu\u00e7\u00e3o Eficaz contra Parasitas - Transtoyou\",\"isPartOf\":{\"@id\":\"https:\/\/www.transtoyou.com\/pt\/#website\"},\"primaryImageOfPage\":{\"@id\":\"https:\/\/www.transtoyou.com\/pt\/product\/molevac\/#primaryimage\"},\"image\":{\"@id\":\"https:\/\/www.transtoyou.com\/pt\/product\/molevac\/#primaryimage\"},\"thumbnailUrl\":\"https:\/\/www.transtoyou.com\/pt\/wp-content\/uploads\/sites\/12\/2026\/01\/tty-no-product-image-6.webp\",\"datePublished\":\"2026-01-22T13:56:26+00:00\",\"dateModified\":\"2026-02-28T10:29:12+00:00\",\"description\":\"Descubra o Molevac para eliminar parasitas de forma eficaz na Transtoyou. Melhore a sa\u00fade do seu intestino com nossa f\u00f3rmula comprovada. Compre agora!\",\"breadcrumb\":{\"@id\":\"https:\/\/www.transtoyou.com\/pt\/product\/molevac\/#breadcrumb\"},\"inLanguage\":\"pt-PT\",\"potentialAction\":[{\"@type\":\"ReadAction\",\"target\":[\"https:\/\/www.transtoyou.com\/pt\/product\/molevac\/\"]}]},{\"@type\":\"ImageObject\",\"inLanguage\":\"pt-PT\",\"@id\":\"https:\/\/www.transtoyou.com\/pt\/product\/molevac\/#primaryimage\",\"url\":\"https:\/\/www.transtoyou.com\/pt\/wp-content\/uploads\/sites\/12\/2026\/01\/tty-no-product-image-6.webp\",\"contentUrl\":\"https:\/\/www.transtoyou.com\/pt\/wp-content\/uploads\/sites\/12\/2026\/01\/tty-no-product-image-6.webp\",\"width\":1000,\"height\":1000,\"caption\":\"Imagem padr\u00e3o do produto\"},{\"@type\":\"WebSite\",\"@id\":\"https:\/\/www.transtoyou.com\/pt\/#website\",\"url\":\"https:\/\/www.transtoyou.com\/pt\/\",\"name\":\"Transtoyou - PT\",\"description\":\"\",\"publisher\":{\"@id\":\"https:\/\/www.transtoyou.com\/pt\/#organization\"},\"potentialAction\":[{\"@type\":\"SearchAction\",\"target\":{\"@type\":\"EntryPoint\",\"urlTemplate\":\"https:\/\/www.transtoyou.com\/pt\/?s={search_term_string}\"},\"query-input\":{\"@type\":\"PropertyValueSpecification\",\"valueRequired\":true,\"valueName\":\"search_term_string\"}}],\"inLanguage\":\"pt-PT\"},{\"@type\":\"Organization\",\"@id\":\"https:\/\/www.transtoyou.com\/pt\/#organization\",\"name\":\"Transtoyou - PT\",\"url\":\"https:\/\/www.transtoyou.com\/pt\/\",\"logo\":{\"@type\":\"ImageObject\",\"inLanguage\":\"pt-PT\",\"@id\":\"https:\/\/www.transtoyou.com\/pt\/#\/schema\/logo\/image\/\",\"url\":\"https:\/\/www.transtoyou.com\/pt\/wp-content\/uploads\/sites\/12\/2026\/01\/logo-tty-menu-bar-300x87-1.webp\",\"contentUrl\":\"https:\/\/www.transtoyou.com\/pt\/wp-content\/uploads\/sites\/12\/2026\/01\/logo-tty-menu-bar-300x87-1.webp\",\"width\":300,\"height\":87,\"caption\":\"Transtoyou - PT\"},\"image\":{\"@id\":\"https:\/\/www.transtoyou.com\/pt\/#\/schema\/logo\/image\/\"}}]}<\/script>\n<!-- \/ Yoast SEO plugin. -->","yoast_head_json":{"title":"Molevac | Solu\u00e7\u00e3o Eficaz contra Parasitas - Transtoyou","description":"Descubra o Molevac para eliminar parasitas de forma eficaz na Transtoyou. Melhore a sa\u00fade do seu intestino com nossa f\u00f3rmula comprovada. Compre agora!","robots":{"index":"noindex","follow":"follow","max-snippet":"max-snippet:-1","max-image-preview":"max-image-preview:large","max-video-preview":"max-video-preview:-1"},"og_locale":"pt_PT","og_type":"article","og_title":"Molevac | Solu\u00e7\u00e3o Eficaz contra Parasitas - Transtoyou","og_description":"Descubra o Molevac para eliminar parasitas de forma eficaz na Transtoyou. Melhore a sa\u00fade do seu intestino com nossa f\u00f3rmula comprovada. Compre agora!","og_url":"https:\/\/www.transtoyou.com\/pt\/product\/molevac\/","og_site_name":"Transtoyou - PT","article_modified_time":"2026-02-28T10:29:12+00:00","twitter_card":"summary_large_image","twitter_misc":{"Tempo estimado de leitura":"1 minuto"},"schema":{"@context":"https:\/\/schema.org","@graph":[{"@type":"WebPage","@id":"https:\/\/www.transtoyou.com\/pt\/product\/molevac\/","url":"https:\/\/www.transtoyou.com\/pt\/product\/molevac\/","name":"Molevac | Solu\u00e7\u00e3o Eficaz contra Parasitas - Transtoyou","isPartOf":{"@id":"https:\/\/www.transtoyou.com\/pt\/#website"},"primaryImageOfPage":{"@id":"https:\/\/www.transtoyou.com\/pt\/product\/molevac\/#primaryimage"},"image":{"@id":"https:\/\/www.transtoyou.com\/pt\/product\/molevac\/#primaryimage"},"thumbnailUrl":"https:\/\/www.transtoyou.com\/pt\/wp-content\/uploads\/sites\/12\/2026\/01\/tty-no-product-image-6.webp","datePublished":"2026-01-22T13:56:26+00:00","dateModified":"2026-02-28T10:29:12+00:00","description":"Descubra o Molevac para eliminar parasitas de forma eficaz na Transtoyou. Melhore a sa\u00fade do seu intestino com nossa f\u00f3rmula comprovada. Compre agora!","breadcrumb":{"@id":"https:\/\/www.transtoyou.com\/pt\/product\/molevac\/#breadcrumb"},"inLanguage":"pt-PT","potentialAction":[{"@type":"ReadAction","target":["https:\/\/www.transtoyou.com\/pt\/product\/molevac\/"]}]},{"@type":"ImageObject","inLanguage":"pt-PT","@id":"https:\/\/www.transtoyou.com\/pt\/product\/molevac\/#primaryimage","url":"https:\/\/www.transtoyou.com\/pt\/wp-content\/uploads\/sites\/12\/2026\/01\/tty-no-product-image-6.webp","contentUrl":"https:\/\/www.transtoyou.com\/pt\/wp-content\/uploads\/sites\/12\/2026\/01\/tty-no-product-image-6.webp","width":1000,"height":1000,"caption":"Imagem padr\u00e3o do produto"},{"@type":"WebSite","@id":"https:\/\/www.transtoyou.com\/pt\/#website","url":"https:\/\/www.transtoyou.com\/pt\/","name":"Transtoyou - PT","description":"","publisher":{"@id":"https:\/\/www.transtoyou.com\/pt\/#organization"},"potentialAction":[{"@type":"SearchAction","target":{"@type":"EntryPoint","urlTemplate":"https:\/\/www.transtoyou.com\/pt\/?s={search_term_string}"},"query-input":{"@type":"PropertyValueSpecification","valueRequired":true,"valueName":"search_term_string"}}],"inLanguage":"pt-PT"},{"@type":"Organization","@id":"https:\/\/www.transtoyou.com\/pt\/#organization","name":"Transtoyou - PT","url":"https:\/\/www.transtoyou.com\/pt\/","logo":{"@type":"ImageObject","inLanguage":"pt-PT","@id":"https:\/\/www.transtoyou.com\/pt\/#\/schema\/logo\/image\/","url":"https:\/\/www.transtoyou.com\/pt\/wp-content\/uploads\/sites\/12\/2026\/01\/logo-tty-menu-bar-300x87-1.webp","contentUrl":"https:\/\/www.transtoyou.com\/pt\/wp-content\/uploads\/sites\/12\/2026\/01\/logo-tty-menu-bar-300x87-1.webp","width":300,"height":87,"caption":"Transtoyou - PT"},"image":{"@id":"https:\/\/www.transtoyou.com\/pt\/#\/schema\/logo\/image\/"}}]}},"_links":{"self":[{"href":"https:\/\/www.transtoyou.com\/pt\/wp-json\/wp\/v2\/product\/454","targetHints":{"allow":["GET"]}}],"collection":[{"href":"https:\/\/www.transtoyou.com\/pt\/wp-json\/wp\/v2\/product"}],"about":[{"href":"https:\/\/www.transtoyou.com\/pt\/wp-json\/wp\/v2\/types\/product"}],"replies":[{"embeddable":true,"href":"https:\/\/www.transtoyou.com\/pt\/wp-json\/wp\/v2\/comments?post=454"}],"wp:featuredmedia":[{"embeddable":true,"href":"https:\/\/www.transtoyou.com\/pt\/wp-json\/wp\/v2\/media\/455"}],"wp:attachment":[{"href":"https:\/\/www.transtoyou.com\/pt\/wp-json\/wp\/v2\/media?parent=454"}],"wp:term":[{"taxonomy":"product_brand","embeddable":true,"href":"https:\/\/www.transtoyou.com\/pt\/wp-json\/wp\/v2\/product_brand?post=454"},{"taxonomy":"product_cat","embeddable":true,"href":"https:\/\/www.transtoyou.com\/pt\/wp-json\/wp\/v2\/product_cat?post=454"},{"taxonomy":"product_tag","embeddable":true,"href":"https:\/\/www.transtoyou.com\/pt\/wp-json\/wp\/v2\/product_tag?post=454"},{"taxonomy":"expert","embeddable":true,"href":"https:\/\/www.transtoyou.com\/pt\/wp-json\/wp\/v2\/expert?post=454"}],"curies":[{"name":"wp","href":"https:\/\/api.w.org\/{rel}","templated":true}]}}