{"id":459,"date":"2026-01-22T14:30:50","date_gmt":"2026-01-22T14:30:50","guid":{"rendered":"https:\/\/www.transtoyou.com\/pt\/product\/wegovy\/"},"modified":"2026-03-08T12:43:16","modified_gmt":"2026-03-08T10:43:16","slug":"wegovy","status":"publish","type":"product","link":"https:\/\/www.transtoyou.com\/pt\/product\/wegovy\/","title":{"rendered":"Wegovy"},"content":{"rendered":"<p>Wegovy \u00e9 uma medica\u00e7\u00e3o prescrita projetada para apoiar o gerenciamento de peso a longo prazo em adultos que est\u00e3o acima do peso ou obesos. Cont\u00e9m semaglutida, um composto que imita um horm\u00f4nio naturalmente presente no corpo conhecido como GLP-1, que desempenha um papel fundamental na regula\u00e7\u00e3o do apetite e da ingest\u00e3o de alimentos. Ao direcionar receptores espec\u00edficos no c\u00e9rebro, Wegovy ajuda a reduzir a fome, aumentar a sensa\u00e7\u00e3o de saciedade e limitar a ingest\u00e3o cal\u00f3rica total.<\/p>\n<p>Wegovy \u00e9 administrado como uma inje\u00e7\u00e3o subcut\u00e2nea uma vez por semana, utilizando uma caneta pr\u00e9-preenchida. \u00c9 destinado a ser usado em combina\u00e7\u00e3o com uma dieta de calorias reduzidas e aumento da atividade f\u00edsica. As pessoas que usam Wegovy geralmente experimentam uma perda de peso gradual e sustentada ao longo do tempo. Isso n\u00e3o apenas apoia a melhoria da sa\u00fade f\u00edsica, mas tamb\u00e9m reduz o risco de condi\u00e7\u00f5es relacionadas ao peso, como diabetes tipo 2, hipertens\u00e3o e doen\u00e7as cardiovasculares.<\/p>\n<p>A medica\u00e7\u00e3o \u00e9 iniciada em uma dose baixa e aumentada gradualmente ao longo de v\u00e1rias semanas at\u00e9 a dose de manuten\u00e7\u00e3o completa. Essa abordagem ajuda o corpo a se ajustar e reduz o risco de efeitos colaterais, como n\u00e1useas, v\u00f4mitos ou desconforto gastrointestinal. Wegovy n\u00e3o atua como um estimulante nem afeta o metabolismo diretamente, mas promove um comportamento alimentar mais saud\u00e1vel ao regular os sinais de apetite.<\/p>\n","protected":false},"excerpt":{"rendered":"<ul>\n<li>Inje\u00e7\u00e3o semanal<\/li>\n<li>Reduz o apetite<\/li>\n<li>Apoio ao peso a longo prazo<\/li>\n<\/ul>\n","protected":false},"featured_media":461,"comment_status":"open","ping_status":"closed","template":"","meta":[],"product_brand":[],"product_cat":[157],"product_tag":[],"expert":[16],"class_list":{"0":"post-459","1":"product","2":"type-product","3":"status-publish","4":"has-post-thumbnail","6":"product_cat-perda-de-peso","7":"expert-dr-c-alexandru","9":"first","10":"instock","11":"shipping-taxable","12":"product-type-variable"},"yoast_head":"<!-- This site is optimized with the Yoast SEO plugin v27.0 - https:\/\/yoast.com\/product\/yoast-seo-wordpress\/ -->\n<title>Wegovy | Solu\u00e7\u00e3o Eficaz para Controle de Peso - Transtoyou<\/title>\n<meta name=\"description\" content=\"Descubra o Wegovy para um gerenciamento de peso eficaz na Transtoyou. Compre agora solu\u00e7\u00f5es aprovadas que apoiam sua sa\u00fade.\" \/>\n<meta name=\"robots\" content=\"noindex, follow, max-snippet:-1, max-image-preview:large, max-video-preview:-1\" \/>\n<meta property=\"og:locale\" content=\"pt_PT\" \/>\n<meta property=\"og:type\" content=\"article\" \/>\n<meta property=\"og:title\" content=\"Wegovy | Solu\u00e7\u00e3o Eficaz para Controle de Peso - Transtoyou\" \/>\n<meta property=\"og:description\" content=\"Descubra o Wegovy para um gerenciamento de peso eficaz na Transtoyou. Compre agora solu\u00e7\u00f5es aprovadas que apoiam sua sa\u00fade.\" \/>\n<meta property=\"og:url\" content=\"https:\/\/www.transtoyou.com\/pt\/product\/wegovy\/\" \/>\n<meta property=\"og:site_name\" content=\"Transtoyou - PT\" \/>\n<meta property=\"article:modified_time\" content=\"2026-03-08T10:43:16+00:00\" \/>\n<meta name=\"twitter:card\" content=\"summary_large_image\" \/>\n<meta name=\"twitter:label1\" content=\"Tempo estimado de leitura\" \/>\n\t<meta name=\"twitter:data1\" content=\"1 minuto\" \/>\n<script type=\"application\/ld+json\" class=\"yoast-schema-graph\">{\"@context\":\"https:\/\/schema.org\",\"@graph\":[{\"@type\":\"WebPage\",\"@id\":\"https:\/\/www.transtoyou.com\/pt\/product\/wegovy\/\",\"url\":\"https:\/\/www.transtoyou.com\/pt\/product\/wegovy\/\",\"name\":\"Wegovy | Solu\u00e7\u00e3o Eficaz para Controle de Peso - Transtoyou\",\"isPartOf\":{\"@id\":\"https:\/\/www.transtoyou.com\/pt\/#website\"},\"primaryImageOfPage\":{\"@id\":\"https:\/\/www.transtoyou.com\/pt\/product\/wegovy\/#primaryimage\"},\"image\":{\"@id\":\"https:\/\/www.transtoyou.com\/pt\/product\/wegovy\/#primaryimage\"},\"thumbnailUrl\":\"https:\/\/www.transtoyou.com\/pt\/wp-content\/uploads\/sites\/12\/2026\/01\/wegovy-transtoyou-overview.png\",\"datePublished\":\"2026-01-22T14:30:50+00:00\",\"dateModified\":\"2026-03-08T10:43:16+00:00\",\"description\":\"Descubra o Wegovy para um gerenciamento de peso eficaz na Transtoyou. Compre agora solu\u00e7\u00f5es aprovadas que apoiam sua sa\u00fade.\",\"breadcrumb\":{\"@id\":\"https:\/\/www.transtoyou.com\/pt\/product\/wegovy\/#breadcrumb\"},\"inLanguage\":\"pt-PT\",\"potentialAction\":[{\"@type\":\"ReadAction\",\"target\":[\"https:\/\/www.transtoyou.com\/pt\/product\/wegovy\/\"]}]},{\"@type\":\"ImageObject\",\"inLanguage\":\"pt-PT\",\"@id\":\"https:\/\/www.transtoyou.com\/pt\/product\/wegovy\/#primaryimage\",\"url\":\"https:\/\/www.transtoyou.com\/pt\/wp-content\/uploads\/sites\/12\/2026\/01\/wegovy-transtoyou-overview.png\",\"contentUrl\":\"https:\/\/www.transtoyou.com\/pt\/wp-content\/uploads\/sites\/12\/2026\/01\/wegovy-transtoyou-overview.png\",\"width\":1080,\"height\":1080,\"caption\":\"Caneta de Inje\u00e7\u00e3o Wegovy - Transtoyou\"},{\"@type\":\"WebSite\",\"@id\":\"https:\/\/www.transtoyou.com\/pt\/#website\",\"url\":\"https:\/\/www.transtoyou.com\/pt\/\",\"name\":\"Transtoyou - PT\",\"description\":\"\",\"publisher\":{\"@id\":\"https:\/\/www.transtoyou.com\/pt\/#organization\"},\"potentialAction\":[{\"@type\":\"SearchAction\",\"target\":{\"@type\":\"EntryPoint\",\"urlTemplate\":\"https:\/\/www.transtoyou.com\/pt\/?s={search_term_string}\"},\"query-input\":{\"@type\":\"PropertyValueSpecification\",\"valueRequired\":true,\"valueName\":\"search_term_string\"}}],\"inLanguage\":\"pt-PT\"},{\"@type\":\"Organization\",\"@id\":\"https:\/\/www.transtoyou.com\/pt\/#organization\",\"name\":\"Transtoyou - PT\",\"url\":\"https:\/\/www.transtoyou.com\/pt\/\",\"logo\":{\"@type\":\"ImageObject\",\"inLanguage\":\"pt-PT\",\"@id\":\"https:\/\/www.transtoyou.com\/pt\/#\/schema\/logo\/image\/\",\"url\":\"https:\/\/www.transtoyou.com\/pt\/wp-content\/uploads\/sites\/12\/2026\/01\/logo-tty-menu-bar-300x87-1.webp\",\"contentUrl\":\"https:\/\/www.transtoyou.com\/pt\/wp-content\/uploads\/sites\/12\/2026\/01\/logo-tty-menu-bar-300x87-1.webp\",\"width\":300,\"height\":87,\"caption\":\"Transtoyou - PT\"},\"image\":{\"@id\":\"https:\/\/www.transtoyou.com\/pt\/#\/schema\/logo\/image\/\"}}]}<\/script>\n<!-- \/ Yoast SEO plugin. -->","yoast_head_json":{"title":"Wegovy | Solu\u00e7\u00e3o Eficaz para Controle de Peso - Transtoyou","description":"Descubra o Wegovy para um gerenciamento de peso eficaz na Transtoyou. Compre agora solu\u00e7\u00f5es aprovadas que apoiam sua sa\u00fade.","robots":{"index":"noindex","follow":"follow","max-snippet":"max-snippet:-1","max-image-preview":"max-image-preview:large","max-video-preview":"max-video-preview:-1"},"og_locale":"pt_PT","og_type":"article","og_title":"Wegovy | Solu\u00e7\u00e3o Eficaz para Controle de Peso - Transtoyou","og_description":"Descubra o Wegovy para um gerenciamento de peso eficaz na Transtoyou. Compre agora solu\u00e7\u00f5es aprovadas que apoiam sua sa\u00fade.","og_url":"https:\/\/www.transtoyou.com\/pt\/product\/wegovy\/","og_site_name":"Transtoyou - PT","article_modified_time":"2026-03-08T10:43:16+00:00","twitter_card":"summary_large_image","twitter_misc":{"Tempo estimado de leitura":"1 minuto"},"schema":{"@context":"https:\/\/schema.org","@graph":[{"@type":"WebPage","@id":"https:\/\/www.transtoyou.com\/pt\/product\/wegovy\/","url":"https:\/\/www.transtoyou.com\/pt\/product\/wegovy\/","name":"Wegovy | Solu\u00e7\u00e3o Eficaz para Controle de Peso - Transtoyou","isPartOf":{"@id":"https:\/\/www.transtoyou.com\/pt\/#website"},"primaryImageOfPage":{"@id":"https:\/\/www.transtoyou.com\/pt\/product\/wegovy\/#primaryimage"},"image":{"@id":"https:\/\/www.transtoyou.com\/pt\/product\/wegovy\/#primaryimage"},"thumbnailUrl":"https:\/\/www.transtoyou.com\/pt\/wp-content\/uploads\/sites\/12\/2026\/01\/wegovy-transtoyou-overview.png","datePublished":"2026-01-22T14:30:50+00:00","dateModified":"2026-03-08T10:43:16+00:00","description":"Descubra o Wegovy para um gerenciamento de peso eficaz na Transtoyou. Compre agora solu\u00e7\u00f5es aprovadas que apoiam sua sa\u00fade.","breadcrumb":{"@id":"https:\/\/www.transtoyou.com\/pt\/product\/wegovy\/#breadcrumb"},"inLanguage":"pt-PT","potentialAction":[{"@type":"ReadAction","target":["https:\/\/www.transtoyou.com\/pt\/product\/wegovy\/"]}]},{"@type":"ImageObject","inLanguage":"pt-PT","@id":"https:\/\/www.transtoyou.com\/pt\/product\/wegovy\/#primaryimage","url":"https:\/\/www.transtoyou.com\/pt\/wp-content\/uploads\/sites\/12\/2026\/01\/wegovy-transtoyou-overview.png","contentUrl":"https:\/\/www.transtoyou.com\/pt\/wp-content\/uploads\/sites\/12\/2026\/01\/wegovy-transtoyou-overview.png","width":1080,"height":1080,"caption":"Caneta de Inje\u00e7\u00e3o Wegovy - Transtoyou"},{"@type":"WebSite","@id":"https:\/\/www.transtoyou.com\/pt\/#website","url":"https:\/\/www.transtoyou.com\/pt\/","name":"Transtoyou - PT","description":"","publisher":{"@id":"https:\/\/www.transtoyou.com\/pt\/#organization"},"potentialAction":[{"@type":"SearchAction","target":{"@type":"EntryPoint","urlTemplate":"https:\/\/www.transtoyou.com\/pt\/?s={search_term_string}"},"query-input":{"@type":"PropertyValueSpecification","valueRequired":true,"valueName":"search_term_string"}}],"inLanguage":"pt-PT"},{"@type":"Organization","@id":"https:\/\/www.transtoyou.com\/pt\/#organization","name":"Transtoyou - PT","url":"https:\/\/www.transtoyou.com\/pt\/","logo":{"@type":"ImageObject","inLanguage":"pt-PT","@id":"https:\/\/www.transtoyou.com\/pt\/#\/schema\/logo\/image\/","url":"https:\/\/www.transtoyou.com\/pt\/wp-content\/uploads\/sites\/12\/2026\/01\/logo-tty-menu-bar-300x87-1.webp","contentUrl":"https:\/\/www.transtoyou.com\/pt\/wp-content\/uploads\/sites\/12\/2026\/01\/logo-tty-menu-bar-300x87-1.webp","width":300,"height":87,"caption":"Transtoyou - PT"},"image":{"@id":"https:\/\/www.transtoyou.com\/pt\/#\/schema\/logo\/image\/"}}]}},"_links":{"self":[{"href":"https:\/\/www.transtoyou.com\/pt\/wp-json\/wp\/v2\/product\/459","targetHints":{"allow":["GET"]}}],"collection":[{"href":"https:\/\/www.transtoyou.com\/pt\/wp-json\/wp\/v2\/product"}],"about":[{"href":"https:\/\/www.transtoyou.com\/pt\/wp-json\/wp\/v2\/types\/product"}],"replies":[{"embeddable":true,"href":"https:\/\/www.transtoyou.com\/pt\/wp-json\/wp\/v2\/comments?post=459"}],"wp:featuredmedia":[{"embeddable":true,"href":"https:\/\/www.transtoyou.com\/pt\/wp-json\/wp\/v2\/media\/461"}],"wp:attachment":[{"href":"https:\/\/www.transtoyou.com\/pt\/wp-json\/wp\/v2\/media?parent=459"}],"wp:term":[{"taxonomy":"product_brand","embeddable":true,"href":"https:\/\/www.transtoyou.com\/pt\/wp-json\/wp\/v2\/product_brand?post=459"},{"taxonomy":"product_cat","embeddable":true,"href":"https:\/\/www.transtoyou.com\/pt\/wp-json\/wp\/v2\/product_cat?post=459"},{"taxonomy":"product_tag","embeddable":true,"href":"https:\/\/www.transtoyou.com\/pt\/wp-json\/wp\/v2\/product_tag?post=459"},{"taxonomy":"expert","embeddable":true,"href":"https:\/\/www.transtoyou.com\/pt\/wp-json\/wp\/v2\/expert?post=459"}],"curies":[{"name":"wp","href":"https:\/\/api.w.org\/{rel}","templated":true}]}}