{"id":462,"date":"2026-01-22T14:48:36","date_gmt":"2026-01-22T14:48:36","guid":{"rendered":"https:\/\/www.transtoyou.com\/pt\/product\/saxenda\/"},"modified":"2026-03-05T11:38:37","modified_gmt":"2026-03-05T09:38:37","slug":"saxenda","status":"publish","type":"product","link":"https:\/\/www.transtoyou.com\/pt\/product\/saxenda\/","title":{"rendered":"Saxenda"},"content":{"rendered":"<p>Saxenda \u00e9 uma medica\u00e7\u00e3o injet\u00e1vel prescrita desenvolvida para ajudar na perda de peso em adultos que est\u00e3o acima do peso ou obesos. Cont\u00e9m liraglutida, um composto que imita um horm\u00f4nio natural no corpo conhecido como GLP-1. Este horm\u00f4nio desempenha um papel na regula\u00e7\u00e3o do apetite, do a\u00e7\u00facar no sangue e da digest\u00e3o. Saxenda funciona interagindo com receptores no c\u00e9rebro para ajudar voc\u00ea a se sentir satisfeito mais cedo e reduzir a fome entre as refei\u00e7\u00f5es.<\/p>\n<p>Diferente de muitos comprimidos tradicionais para perda de peso, Saxenda \u00e9 administrado por meio de uma inje\u00e7\u00e3o di\u00e1ria sob a pele usando uma caneta pr\u00e9-preenchida. \u00c9 mais eficaz quando usado em conjunto com uma dieta de calorias reduzidas e aumento da atividade f\u00edsica. Pessoas que usam Saxenda frequentemente experimentam uma perda de peso gradual e constante ao longo do tempo, o que pode levar a melhorias em outras condi\u00e7\u00f5es de sa\u00fade, como diabetes tipo 2, hipertens\u00e3o ou colesterol elevado.<\/p>\n<p>Saxenda geralmente \u00e9 iniciado em uma dose baixa para permitir que o corpo se ajuste, com aumentos graduais ao longo de v\u00e1rias semanas. Essa abordagem em etapas ajuda a minimizar efeitos colaterais comuns, como n\u00e1useas ou desconforto estomacal. Embora a medica\u00e7\u00e3o influencie o apetite e a saciedade, n\u00e3o acelera o metabolismo nem atua como um estimulante.<\/p>\n","protected":false},"excerpt":{"rendered":"<ul>\n<li>Suporte \u00e0 regula\u00e7\u00e3o do apetite<\/li>\n<li>Inje\u00e7\u00e3o di\u00e1ria<\/li>\n<li>Promove a perda de peso gradual<\/li>\n<\/ul>\n","protected":false},"featured_media":464,"comment_status":"open","ping_status":"closed","template":"","meta":[],"product_brand":[],"product_cat":[157],"product_tag":[],"expert":[16],"class_list":{"0":"post-462","1":"product","2":"type-product","3":"status-publish","4":"has-post-thumbnail","6":"product_cat-perda-de-peso","7":"expert-dr-c-alexandru","9":"first","10":"instock","11":"shipping-taxable","12":"product-type-variable"},"yoast_head":"<!-- This site is optimized with the Yoast SEO plugin v27.0 - https:\/\/yoast.com\/product\/yoast-seo-wordpress\/ -->\n<title>Saxenda | Solu\u00e7\u00e3o Eficaz para Perda de Peso - Transtoyou<\/title>\n<meta name=\"description\" content=\"Descubra o Saxenda na Transtoyou para um gerenciamento de peso eficaz. Cl\u00ednico, confi\u00e1vel e conveniente. Compre agora para sua sa\u00fade.\" \/>\n<meta name=\"robots\" content=\"noindex, follow, max-snippet:-1, max-image-preview:large, max-video-preview:-1\" \/>\n<meta property=\"og:locale\" content=\"pt_PT\" \/>\n<meta property=\"og:type\" content=\"article\" \/>\n<meta property=\"og:title\" content=\"Saxenda | Solu\u00e7\u00e3o Eficaz para Perda de Peso - Transtoyou\" \/>\n<meta property=\"og:description\" content=\"Descubra o Saxenda na Transtoyou para um gerenciamento de peso eficaz. Cl\u00ednico, confi\u00e1vel e conveniente. Compre agora para sua sa\u00fade.\" \/>\n<meta property=\"og:url\" content=\"https:\/\/www.transtoyou.com\/pt\/product\/saxenda\/\" \/>\n<meta property=\"og:site_name\" content=\"Transtoyou - PT\" \/>\n<meta property=\"article:modified_time\" content=\"2026-03-05T09:38:37+00:00\" \/>\n<meta name=\"twitter:card\" content=\"summary_large_image\" \/>\n<meta name=\"twitter:label1\" content=\"Tempo estimado de leitura\" \/>\n\t<meta name=\"twitter:data1\" content=\"1 minuto\" \/>\n<script type=\"application\/ld+json\" class=\"yoast-schema-graph\">{\"@context\":\"https:\/\/schema.org\",\"@graph\":[{\"@type\":\"WebPage\",\"@id\":\"https:\/\/www.transtoyou.com\/pt\/product\/saxenda\/\",\"url\":\"https:\/\/www.transtoyou.com\/pt\/product\/saxenda\/\",\"name\":\"Saxenda | Solu\u00e7\u00e3o Eficaz para Perda de Peso - Transtoyou\",\"isPartOf\":{\"@id\":\"https:\/\/www.transtoyou.com\/pt\/#website\"},\"primaryImageOfPage\":{\"@id\":\"https:\/\/www.transtoyou.com\/pt\/product\/saxenda\/#primaryimage\"},\"image\":{\"@id\":\"https:\/\/www.transtoyou.com\/pt\/product\/saxenda\/#primaryimage\"},\"thumbnailUrl\":\"https:\/\/www.transtoyou.com\/pt\/wp-content\/uploads\/sites\/12\/2026\/01\/tty-no-product-image-8.webp\",\"datePublished\":\"2026-01-22T14:48:36+00:00\",\"dateModified\":\"2026-03-05T09:38:37+00:00\",\"description\":\"Descubra o Saxenda na Transtoyou para um gerenciamento de peso eficaz. Cl\u00ednico, confi\u00e1vel e conveniente. Compre agora para sua sa\u00fade.\",\"breadcrumb\":{\"@id\":\"https:\/\/www.transtoyou.com\/pt\/product\/saxenda\/#breadcrumb\"},\"inLanguage\":\"pt-PT\",\"potentialAction\":[{\"@type\":\"ReadAction\",\"target\":[\"https:\/\/www.transtoyou.com\/pt\/product\/saxenda\/\"]}]},{\"@type\":\"ImageObject\",\"inLanguage\":\"pt-PT\",\"@id\":\"https:\/\/www.transtoyou.com\/pt\/product\/saxenda\/#primaryimage\",\"url\":\"https:\/\/www.transtoyou.com\/pt\/wp-content\/uploads\/sites\/12\/2026\/01\/tty-no-product-image-8.webp\",\"contentUrl\":\"https:\/\/www.transtoyou.com\/pt\/wp-content\/uploads\/sites\/12\/2026\/01\/tty-no-product-image-8.webp\",\"width\":1000,\"height\":1000,\"caption\":\"Imagem padr\u00e3o do produto\"},{\"@type\":\"WebSite\",\"@id\":\"https:\/\/www.transtoyou.com\/pt\/#website\",\"url\":\"https:\/\/www.transtoyou.com\/pt\/\",\"name\":\"Transtoyou - PT\",\"description\":\"\",\"publisher\":{\"@id\":\"https:\/\/www.transtoyou.com\/pt\/#organization\"},\"potentialAction\":[{\"@type\":\"SearchAction\",\"target\":{\"@type\":\"EntryPoint\",\"urlTemplate\":\"https:\/\/www.transtoyou.com\/pt\/?s={search_term_string}\"},\"query-input\":{\"@type\":\"PropertyValueSpecification\",\"valueRequired\":true,\"valueName\":\"search_term_string\"}}],\"inLanguage\":\"pt-PT\"},{\"@type\":\"Organization\",\"@id\":\"https:\/\/www.transtoyou.com\/pt\/#organization\",\"name\":\"Transtoyou - PT\",\"url\":\"https:\/\/www.transtoyou.com\/pt\/\",\"logo\":{\"@type\":\"ImageObject\",\"inLanguage\":\"pt-PT\",\"@id\":\"https:\/\/www.transtoyou.com\/pt\/#\/schema\/logo\/image\/\",\"url\":\"https:\/\/www.transtoyou.com\/pt\/wp-content\/uploads\/sites\/12\/2026\/01\/logo-tty-menu-bar-300x87-1.webp\",\"contentUrl\":\"https:\/\/www.transtoyou.com\/pt\/wp-content\/uploads\/sites\/12\/2026\/01\/logo-tty-menu-bar-300x87-1.webp\",\"width\":300,\"height\":87,\"caption\":\"Transtoyou - PT\"},\"image\":{\"@id\":\"https:\/\/www.transtoyou.com\/pt\/#\/schema\/logo\/image\/\"}}]}<\/script>\n<!-- \/ Yoast SEO plugin. -->","yoast_head_json":{"title":"Saxenda | Solu\u00e7\u00e3o Eficaz para Perda de Peso - Transtoyou","description":"Descubra o Saxenda na Transtoyou para um gerenciamento de peso eficaz. Cl\u00ednico, confi\u00e1vel e conveniente. Compre agora para sua sa\u00fade.","robots":{"index":"noindex","follow":"follow","max-snippet":"max-snippet:-1","max-image-preview":"max-image-preview:large","max-video-preview":"max-video-preview:-1"},"og_locale":"pt_PT","og_type":"article","og_title":"Saxenda | Solu\u00e7\u00e3o Eficaz para Perda de Peso - Transtoyou","og_description":"Descubra o Saxenda na Transtoyou para um gerenciamento de peso eficaz. Cl\u00ednico, confi\u00e1vel e conveniente. Compre agora para sua sa\u00fade.","og_url":"https:\/\/www.transtoyou.com\/pt\/product\/saxenda\/","og_site_name":"Transtoyou - PT","article_modified_time":"2026-03-05T09:38:37+00:00","twitter_card":"summary_large_image","twitter_misc":{"Tempo estimado de leitura":"1 minuto"},"schema":{"@context":"https:\/\/schema.org","@graph":[{"@type":"WebPage","@id":"https:\/\/www.transtoyou.com\/pt\/product\/saxenda\/","url":"https:\/\/www.transtoyou.com\/pt\/product\/saxenda\/","name":"Saxenda | Solu\u00e7\u00e3o Eficaz para Perda de Peso - Transtoyou","isPartOf":{"@id":"https:\/\/www.transtoyou.com\/pt\/#website"},"primaryImageOfPage":{"@id":"https:\/\/www.transtoyou.com\/pt\/product\/saxenda\/#primaryimage"},"image":{"@id":"https:\/\/www.transtoyou.com\/pt\/product\/saxenda\/#primaryimage"},"thumbnailUrl":"https:\/\/www.transtoyou.com\/pt\/wp-content\/uploads\/sites\/12\/2026\/01\/tty-no-product-image-8.webp","datePublished":"2026-01-22T14:48:36+00:00","dateModified":"2026-03-05T09:38:37+00:00","description":"Descubra o Saxenda na Transtoyou para um gerenciamento de peso eficaz. Cl\u00ednico, confi\u00e1vel e conveniente. Compre agora para sua sa\u00fade.","breadcrumb":{"@id":"https:\/\/www.transtoyou.com\/pt\/product\/saxenda\/#breadcrumb"},"inLanguage":"pt-PT","potentialAction":[{"@type":"ReadAction","target":["https:\/\/www.transtoyou.com\/pt\/product\/saxenda\/"]}]},{"@type":"ImageObject","inLanguage":"pt-PT","@id":"https:\/\/www.transtoyou.com\/pt\/product\/saxenda\/#primaryimage","url":"https:\/\/www.transtoyou.com\/pt\/wp-content\/uploads\/sites\/12\/2026\/01\/tty-no-product-image-8.webp","contentUrl":"https:\/\/www.transtoyou.com\/pt\/wp-content\/uploads\/sites\/12\/2026\/01\/tty-no-product-image-8.webp","width":1000,"height":1000,"caption":"Imagem padr\u00e3o do produto"},{"@type":"WebSite","@id":"https:\/\/www.transtoyou.com\/pt\/#website","url":"https:\/\/www.transtoyou.com\/pt\/","name":"Transtoyou - PT","description":"","publisher":{"@id":"https:\/\/www.transtoyou.com\/pt\/#organization"},"potentialAction":[{"@type":"SearchAction","target":{"@type":"EntryPoint","urlTemplate":"https:\/\/www.transtoyou.com\/pt\/?s={search_term_string}"},"query-input":{"@type":"PropertyValueSpecification","valueRequired":true,"valueName":"search_term_string"}}],"inLanguage":"pt-PT"},{"@type":"Organization","@id":"https:\/\/www.transtoyou.com\/pt\/#organization","name":"Transtoyou - PT","url":"https:\/\/www.transtoyou.com\/pt\/","logo":{"@type":"ImageObject","inLanguage":"pt-PT","@id":"https:\/\/www.transtoyou.com\/pt\/#\/schema\/logo\/image\/","url":"https:\/\/www.transtoyou.com\/pt\/wp-content\/uploads\/sites\/12\/2026\/01\/logo-tty-menu-bar-300x87-1.webp","contentUrl":"https:\/\/www.transtoyou.com\/pt\/wp-content\/uploads\/sites\/12\/2026\/01\/logo-tty-menu-bar-300x87-1.webp","width":300,"height":87,"caption":"Transtoyou - PT"},"image":{"@id":"https:\/\/www.transtoyou.com\/pt\/#\/schema\/logo\/image\/"}}]}},"_links":{"self":[{"href":"https:\/\/www.transtoyou.com\/pt\/wp-json\/wp\/v2\/product\/462","targetHints":{"allow":["GET"]}}],"collection":[{"href":"https:\/\/www.transtoyou.com\/pt\/wp-json\/wp\/v2\/product"}],"about":[{"href":"https:\/\/www.transtoyou.com\/pt\/wp-json\/wp\/v2\/types\/product"}],"replies":[{"embeddable":true,"href":"https:\/\/www.transtoyou.com\/pt\/wp-json\/wp\/v2\/comments?post=462"}],"wp:featuredmedia":[{"embeddable":true,"href":"https:\/\/www.transtoyou.com\/pt\/wp-json\/wp\/v2\/media\/464"}],"wp:attachment":[{"href":"https:\/\/www.transtoyou.com\/pt\/wp-json\/wp\/v2\/media?parent=462"}],"wp:term":[{"taxonomy":"product_brand","embeddable":true,"href":"https:\/\/www.transtoyou.com\/pt\/wp-json\/wp\/v2\/product_brand?post=462"},{"taxonomy":"product_cat","embeddable":true,"href":"https:\/\/www.transtoyou.com\/pt\/wp-json\/wp\/v2\/product_cat?post=462"},{"taxonomy":"product_tag","embeddable":true,"href":"https:\/\/www.transtoyou.com\/pt\/wp-json\/wp\/v2\/product_tag?post=462"},{"taxonomy":"expert","embeddable":true,"href":"https:\/\/www.transtoyou.com\/pt\/wp-json\/wp\/v2\/expert?post=462"}],"curies":[{"name":"wp","href":"https:\/\/api.w.org\/{rel}","templated":true}]}}