{"id":501,"date":"2026-01-22T18:21:12","date_gmt":"2026-01-22T18:21:12","guid":{"rendered":"https:\/\/www.transtoyou.com\/pt\/product\/zyban\/"},"modified":"2026-01-22T18:22:18","modified_gmt":"2026-01-22T18:22:18","slug":"zyban","status":"publish","type":"product","link":"https:\/\/www.transtoyou.com\/pt\/product\/zyban\/","title":{"rendered":"Zyban"},"content":{"rendered":"<p>Zyban \u00e9 uma medica\u00e7\u00e3o prescrita usada para ajudar as pessoas a parar de fumar. Cont\u00e9m bupropiona, um composto que foi originalmente desenvolvido como um antidepressivo, mas que mais tarde foi encontrado como uma forma significativa de reduzir os desejos de nicotina e os sintomas de abstin\u00eancia. Ao contr\u00e1rio das terapias de reposi\u00e7\u00e3o de nicotina, Zyban n\u00e3o cont\u00e9m nicotina. Em vez disso, atua alterando os n\u00edveis de certos neurotransmissores no c\u00e9rebro, particularmente dopamina e norepinefrina, que est\u00e3o envolvidos na depend\u00eancia e na regula\u00e7\u00e3o do humor.<\/p>\n<p>Zyban \u00e9 tomado na forma de um comprimido, geralmente come\u00e7ando uma a duas semanas antes da data planejada para parar. Isso permite que a medica\u00e7\u00e3o se acumule no sistema e comece a reduzir os desejos no momento em que a pessoa para de fumar. O tratamento geralmente continua de 7 a 12 semanas, dependendo do progresso individual e das recomenda\u00e7\u00f5es do m\u00e9dico.<\/p>\n<p>Zyban \u00e9 especialmente \u00fatil para indiv\u00edduos que tentaram outros m\u00e9todos para parar de fumar sem sucesso ou para aqueles que preferem uma abordagem sem nicotina. Quando usado juntamente com suporte comportamental, Zyban demonstrou aumentar significativamente as chances de parar com sucesso.<\/p>\n<p>Os efeitos colaterais podem incluir boca seca, ins\u00f4nia, dor de cabe\u00e7a ou altera\u00e7\u00f5es no apetite. \u00c9 importante n\u00e3o exceder a dose prescrita, pois doses mais altas podem aumentar o risco de convuls\u00f5es. Zyban n\u00e3o deve ser usado em combina\u00e7\u00e3o com outras medica\u00e7\u00f5es que tamb\u00e9m afetam a serotonina ou em pessoas com hist\u00f3rico de convuls\u00f5es ou transtornos alimentares.<\/p>\n","protected":false},"excerpt":{"rendered":"<ul>\n<li>Ajuda para parar de fumar sem nicotina<\/li>\n<li>Reduz os desejos e a abstin\u00eancia<\/li>\n<li>Comece 1 semana antes da data de parar<\/li>\n<\/ul>\n","protected":false},"featured_media":503,"comment_status":"open","ping_status":"closed","template":"","meta":[],"product_brand":[],"product_cat":[146],"product_tag":[],"expert":[16],"class_list":{"0":"post-501","1":"product","2":"type-product","3":"status-publish","4":"has-post-thumbnail","6":"product_cat-ajudas-para-parar-de-fumar","7":"expert-dr-c-alexandru","9":"first","10":"instock","11":"shipping-taxable","12":"product-type-variable"},"yoast_head":"<!-- This site is optimized with the Yoast SEO plugin v27.0 - https:\/\/yoast.com\/product\/yoast-seo-wordpress\/ -->\n<title>Zyban | Auxiliar para Cessa\u00e7\u00e3o do Tabagismo - Transtoyou<\/title>\n<meta name=\"description\" content=\"Descubra o Zyban na Transtoyou, sua fonte confi\u00e1vel para solu\u00e7\u00f5es de sa\u00fade. Compre agora e receba apoio eficaz para parar de fumar. Adquira o seu hoje!\" \/>\n<meta name=\"robots\" content=\"noindex, follow, max-snippet:-1, max-image-preview:large, max-video-preview:-1\" \/>\n<meta property=\"og:locale\" content=\"pt_PT\" \/>\n<meta property=\"og:type\" content=\"article\" \/>\n<meta property=\"og:title\" content=\"Zyban | Auxiliar para Cessa\u00e7\u00e3o do Tabagismo - Transtoyou\" \/>\n<meta property=\"og:description\" content=\"Descubra o Zyban na Transtoyou, sua fonte confi\u00e1vel para solu\u00e7\u00f5es de sa\u00fade. Compre agora e receba apoio eficaz para parar de fumar. Adquira o seu hoje!\" \/>\n<meta property=\"og:url\" content=\"https:\/\/www.transtoyou.com\/pt\/product\/zyban\/\" \/>\n<meta property=\"og:site_name\" content=\"Transtoyou - PT\" \/>\n<meta property=\"article:modified_time\" content=\"2026-01-22T18:22:18+00:00\" \/>\n<meta name=\"twitter:card\" content=\"summary_large_image\" \/>\n<meta name=\"twitter:label1\" content=\"Tempo estimado de leitura\" \/>\n\t<meta name=\"twitter:data1\" content=\"1 minuto\" \/>\n<script type=\"application\/ld+json\" class=\"yoast-schema-graph\">{\"@context\":\"https:\/\/schema.org\",\"@graph\":[{\"@type\":\"WebPage\",\"@id\":\"https:\/\/www.transtoyou.com\/pt\/product\/zyban\/\",\"url\":\"https:\/\/www.transtoyou.com\/pt\/product\/zyban\/\",\"name\":\"Zyban | Auxiliar para Cessa\u00e7\u00e3o do Tabagismo - Transtoyou\",\"isPartOf\":{\"@id\":\"https:\/\/www.transtoyou.com\/pt\/#website\"},\"primaryImageOfPage\":{\"@id\":\"https:\/\/www.transtoyou.com\/pt\/product\/zyban\/#primaryimage\"},\"image\":{\"@id\":\"https:\/\/www.transtoyou.com\/pt\/product\/zyban\/#primaryimage\"},\"thumbnailUrl\":\"https:\/\/www.transtoyou.com\/pt\/wp-content\/uploads\/sites\/12\/2026\/01\/tty-no-product-image-21.webp\",\"datePublished\":\"2026-01-22T18:21:12+00:00\",\"dateModified\":\"2026-01-22T18:22:18+00:00\",\"description\":\"Descubra o Zyban na Transtoyou, sua fonte confi\u00e1vel para solu\u00e7\u00f5es de sa\u00fade. Compre agora e receba apoio eficaz para parar de fumar. Adquira o seu hoje!\",\"breadcrumb\":{\"@id\":\"https:\/\/www.transtoyou.com\/pt\/product\/zyban\/#breadcrumb\"},\"inLanguage\":\"pt-PT\",\"potentialAction\":[{\"@type\":\"ReadAction\",\"target\":[\"https:\/\/www.transtoyou.com\/pt\/product\/zyban\/\"]}]},{\"@type\":\"ImageObject\",\"inLanguage\":\"pt-PT\",\"@id\":\"https:\/\/www.transtoyou.com\/pt\/product\/zyban\/#primaryimage\",\"url\":\"https:\/\/www.transtoyou.com\/pt\/wp-content\/uploads\/sites\/12\/2026\/01\/tty-no-product-image-21.webp\",\"contentUrl\":\"https:\/\/www.transtoyou.com\/pt\/wp-content\/uploads\/sites\/12\/2026\/01\/tty-no-product-image-21.webp\",\"width\":1000,\"height\":1000,\"caption\":\"Imagem padr\u00e3o do produto\"},{\"@type\":\"WebSite\",\"@id\":\"https:\/\/www.transtoyou.com\/pt\/#website\",\"url\":\"https:\/\/www.transtoyou.com\/pt\/\",\"name\":\"Transtoyou - PT\",\"description\":\"\",\"publisher\":{\"@id\":\"https:\/\/www.transtoyou.com\/pt\/#organization\"},\"potentialAction\":[{\"@type\":\"SearchAction\",\"target\":{\"@type\":\"EntryPoint\",\"urlTemplate\":\"https:\/\/www.transtoyou.com\/pt\/?s={search_term_string}\"},\"query-input\":{\"@type\":\"PropertyValueSpecification\",\"valueRequired\":true,\"valueName\":\"search_term_string\"}}],\"inLanguage\":\"pt-PT\"},{\"@type\":\"Organization\",\"@id\":\"https:\/\/www.transtoyou.com\/pt\/#organization\",\"name\":\"Transtoyou - PT\",\"url\":\"https:\/\/www.transtoyou.com\/pt\/\",\"logo\":{\"@type\":\"ImageObject\",\"inLanguage\":\"pt-PT\",\"@id\":\"https:\/\/www.transtoyou.com\/pt\/#\/schema\/logo\/image\/\",\"url\":\"https:\/\/www.transtoyou.com\/pt\/wp-content\/uploads\/sites\/12\/2026\/01\/logo-tty-menu-bar-300x87-1.webp\",\"contentUrl\":\"https:\/\/www.transtoyou.com\/pt\/wp-content\/uploads\/sites\/12\/2026\/01\/logo-tty-menu-bar-300x87-1.webp\",\"width\":300,\"height\":87,\"caption\":\"Transtoyou - PT\"},\"image\":{\"@id\":\"https:\/\/www.transtoyou.com\/pt\/#\/schema\/logo\/image\/\"}}]}<\/script>\n<!-- \/ Yoast SEO plugin. -->","yoast_head_json":{"title":"Zyban | Auxiliar para Cessa\u00e7\u00e3o do Tabagismo - Transtoyou","description":"Descubra o Zyban na Transtoyou, sua fonte confi\u00e1vel para solu\u00e7\u00f5es de sa\u00fade. Compre agora e receba apoio eficaz para parar de fumar. Adquira o seu hoje!","robots":{"index":"noindex","follow":"follow","max-snippet":"max-snippet:-1","max-image-preview":"max-image-preview:large","max-video-preview":"max-video-preview:-1"},"og_locale":"pt_PT","og_type":"article","og_title":"Zyban | Auxiliar para Cessa\u00e7\u00e3o do Tabagismo - Transtoyou","og_description":"Descubra o Zyban na Transtoyou, sua fonte confi\u00e1vel para solu\u00e7\u00f5es de sa\u00fade. Compre agora e receba apoio eficaz para parar de fumar. Adquira o seu hoje!","og_url":"https:\/\/www.transtoyou.com\/pt\/product\/zyban\/","og_site_name":"Transtoyou - PT","article_modified_time":"2026-01-22T18:22:18+00:00","twitter_card":"summary_large_image","twitter_misc":{"Tempo estimado de leitura":"1 minuto"},"schema":{"@context":"https:\/\/schema.org","@graph":[{"@type":"WebPage","@id":"https:\/\/www.transtoyou.com\/pt\/product\/zyban\/","url":"https:\/\/www.transtoyou.com\/pt\/product\/zyban\/","name":"Zyban | Auxiliar para Cessa\u00e7\u00e3o do Tabagismo - Transtoyou","isPartOf":{"@id":"https:\/\/www.transtoyou.com\/pt\/#website"},"primaryImageOfPage":{"@id":"https:\/\/www.transtoyou.com\/pt\/product\/zyban\/#primaryimage"},"image":{"@id":"https:\/\/www.transtoyou.com\/pt\/product\/zyban\/#primaryimage"},"thumbnailUrl":"https:\/\/www.transtoyou.com\/pt\/wp-content\/uploads\/sites\/12\/2026\/01\/tty-no-product-image-21.webp","datePublished":"2026-01-22T18:21:12+00:00","dateModified":"2026-01-22T18:22:18+00:00","description":"Descubra o Zyban na Transtoyou, sua fonte confi\u00e1vel para solu\u00e7\u00f5es de sa\u00fade. Compre agora e receba apoio eficaz para parar de fumar. Adquira o seu hoje!","breadcrumb":{"@id":"https:\/\/www.transtoyou.com\/pt\/product\/zyban\/#breadcrumb"},"inLanguage":"pt-PT","potentialAction":[{"@type":"ReadAction","target":["https:\/\/www.transtoyou.com\/pt\/product\/zyban\/"]}]},{"@type":"ImageObject","inLanguage":"pt-PT","@id":"https:\/\/www.transtoyou.com\/pt\/product\/zyban\/#primaryimage","url":"https:\/\/www.transtoyou.com\/pt\/wp-content\/uploads\/sites\/12\/2026\/01\/tty-no-product-image-21.webp","contentUrl":"https:\/\/www.transtoyou.com\/pt\/wp-content\/uploads\/sites\/12\/2026\/01\/tty-no-product-image-21.webp","width":1000,"height":1000,"caption":"Imagem padr\u00e3o do produto"},{"@type":"WebSite","@id":"https:\/\/www.transtoyou.com\/pt\/#website","url":"https:\/\/www.transtoyou.com\/pt\/","name":"Transtoyou - PT","description":"","publisher":{"@id":"https:\/\/www.transtoyou.com\/pt\/#organization"},"potentialAction":[{"@type":"SearchAction","target":{"@type":"EntryPoint","urlTemplate":"https:\/\/www.transtoyou.com\/pt\/?s={search_term_string}"},"query-input":{"@type":"PropertyValueSpecification","valueRequired":true,"valueName":"search_term_string"}}],"inLanguage":"pt-PT"},{"@type":"Organization","@id":"https:\/\/www.transtoyou.com\/pt\/#organization","name":"Transtoyou - PT","url":"https:\/\/www.transtoyou.com\/pt\/","logo":{"@type":"ImageObject","inLanguage":"pt-PT","@id":"https:\/\/www.transtoyou.com\/pt\/#\/schema\/logo\/image\/","url":"https:\/\/www.transtoyou.com\/pt\/wp-content\/uploads\/sites\/12\/2026\/01\/logo-tty-menu-bar-300x87-1.webp","contentUrl":"https:\/\/www.transtoyou.com\/pt\/wp-content\/uploads\/sites\/12\/2026\/01\/logo-tty-menu-bar-300x87-1.webp","width":300,"height":87,"caption":"Transtoyou - PT"},"image":{"@id":"https:\/\/www.transtoyou.com\/pt\/#\/schema\/logo\/image\/"}}]}},"_links":{"self":[{"href":"https:\/\/www.transtoyou.com\/pt\/wp-json\/wp\/v2\/product\/501","targetHints":{"allow":["GET"]}}],"collection":[{"href":"https:\/\/www.transtoyou.com\/pt\/wp-json\/wp\/v2\/product"}],"about":[{"href":"https:\/\/www.transtoyou.com\/pt\/wp-json\/wp\/v2\/types\/product"}],"replies":[{"embeddable":true,"href":"https:\/\/www.transtoyou.com\/pt\/wp-json\/wp\/v2\/comments?post=501"}],"wp:featuredmedia":[{"embeddable":true,"href":"https:\/\/www.transtoyou.com\/pt\/wp-json\/wp\/v2\/media\/503"}],"wp:attachment":[{"href":"https:\/\/www.transtoyou.com\/pt\/wp-json\/wp\/v2\/media?parent=501"}],"wp:term":[{"taxonomy":"product_brand","embeddable":true,"href":"https:\/\/www.transtoyou.com\/pt\/wp-json\/wp\/v2\/product_brand?post=501"},{"taxonomy":"product_cat","embeddable":true,"href":"https:\/\/www.transtoyou.com\/pt\/wp-json\/wp\/v2\/product_cat?post=501"},{"taxonomy":"product_tag","embeddable":true,"href":"https:\/\/www.transtoyou.com\/pt\/wp-json\/wp\/v2\/product_tag?post=501"},{"taxonomy":"expert","embeddable":true,"href":"https:\/\/www.transtoyou.com\/pt\/wp-json\/wp\/v2\/expert?post=501"}],"curies":[{"name":"wp","href":"https:\/\/api.w.org\/{rel}","templated":true}]}}