{"id":504,"date":"2026-01-22T18:37:49","date_gmt":"2026-01-22T18:37:49","guid":{"rendered":"https:\/\/www.transtoyou.com\/pt\/product\/nicorette\/"},"modified":"2026-01-22T18:38:56","modified_gmt":"2026-01-22T18:38:56","slug":"nicorette","status":"publish","type":"product","link":"https:\/\/www.transtoyou.com\/pt\/product\/nicorette\/","title":{"rendered":"Nicorette"},"content":{"rendered":"<p>Nicorette \u00e9 uma marca amplamente reconhecida de terapia de reposi\u00e7\u00e3o de nicotina (TRN) projetada para apoiar indiv\u00edduos que est\u00e3o tentando parar de fumar. Est\u00e1 dispon\u00edvel em v\u00e1rias formas. Nicorette fornece quantidades controladas de nicotina ao corpo sem as subst\u00e2ncias nocivas encontradas nos cigarros. Isso ajuda a reduzir os sintomas de abstin\u00eancia e os desejos, tornando a transi\u00e7\u00e3o para longe do fumo mais gerenci\u00e1vel.<\/p>\n<p>Ao reduzir gradualmente a depend\u00eancia do corpo em rela\u00e7\u00e3o \u00e0 nicotina, Nicorette permite que os fumantes se concentrem em quebrar o h\u00e1bito comportamental de fumar sem experimentar uma intensa abstin\u00eancia f\u00edsica. Cada produto Nicorette oferece uma maneira flex\u00edvel de adaptar o plano de desist\u00eancia \u00e0s prefer\u00eancias e estilos de vida individuais. Por exemplo, os adesivos fornecem nicotina constante ao longo do dia, enquanto o chiclete ou as pastilhas oferecem um al\u00edvio mais imediato durante os desejos.<\/p>\n<p>Os produtos Nicorette s\u00e3o normalmente usados por um per\u00edodo de 8 a 12 semanas, com a dosagem diminuindo ao longo do tempo. Podem ser usados sozinhos ou em combina\u00e7\u00e3o, por exemplo, combinando um adesivo com chiclete.<\/p>\n<p>Os efeitos colaterais podem incluir leve irrita\u00e7\u00e3o na garganta ou boca, solu\u00e7os, sensibilidade na pele (dos adesivos) ou dor de est\u00f4mago. Esses efeitos s\u00e3o geralmente tempor\u00e1rios. Nicorette n\u00e3o \u00e9 recomendada durante a gravidez ou amamenta\u00e7\u00e3o, a menos que aprovada por um m\u00e9dico.<\/p>\n","protected":false},"excerpt":{"rendered":"<ul>\n<li>Reduz os desejos de nicotina<\/li>\n<li>M\u00faltiplos formatos dispon\u00edveis<\/li>\n<li>Ajudar a parar de fumar gradualmente<\/li>\n<\/ul>\n","protected":false},"featured_media":506,"comment_status":"open","ping_status":"closed","template":"","meta":[],"product_brand":[],"product_cat":[146],"product_tag":[],"expert":[16],"class_list":{"0":"post-504","1":"product","2":"type-product","3":"status-publish","4":"has-post-thumbnail","6":"product_cat-ajudas-para-parar-de-fumar","7":"expert-dr-c-alexandru","9":"first","10":"instock","11":"shipping-taxable","12":"product-type-variable"},"yoast_head":"<!-- This site is optimized with the Yoast SEO plugin v27.0 - https:\/\/yoast.com\/product\/yoast-seo-wordpress\/ -->\n<title>Nicorette | Ajuda para Parar de Fumar e Al\u00edvio do Desejo - Transtoyou<\/title>\n<meta name=\"description\" content=\"Nicorette, dispon\u00edvel na Transtoyou, ajuda a aliviar a abstin\u00eancia do tabaco com nicotina controlada. Compre agora planos flex\u00edveis para parar de fumar.\" \/>\n<meta name=\"robots\" content=\"noindex, follow, max-snippet:-1, max-image-preview:large, max-video-preview:-1\" \/>\n<meta property=\"og:locale\" content=\"pt_PT\" \/>\n<meta property=\"og:type\" content=\"article\" \/>\n<meta property=\"og:title\" content=\"Nicorette | Ajuda para Parar de Fumar e Al\u00edvio do Desejo - Transtoyou\" \/>\n<meta property=\"og:description\" content=\"Nicorette, dispon\u00edvel na Transtoyou, ajuda a aliviar a abstin\u00eancia do tabaco com nicotina controlada. Compre agora planos flex\u00edveis para parar de fumar.\" \/>\n<meta property=\"og:url\" content=\"https:\/\/www.transtoyou.com\/pt\/product\/nicorette\/\" \/>\n<meta property=\"og:site_name\" content=\"Transtoyou - PT\" \/>\n<meta property=\"article:modified_time\" content=\"2026-01-22T18:38:56+00:00\" \/>\n<meta name=\"twitter:card\" content=\"summary_large_image\" \/>\n<meta name=\"twitter:label1\" content=\"Tempo estimado de leitura\" \/>\n\t<meta name=\"twitter:data1\" content=\"1 minuto\" \/>\n<script type=\"application\/ld+json\" class=\"yoast-schema-graph\">{\"@context\":\"https:\/\/schema.org\",\"@graph\":[{\"@type\":\"WebPage\",\"@id\":\"https:\/\/www.transtoyou.com\/pt\/product\/nicorette\/\",\"url\":\"https:\/\/www.transtoyou.com\/pt\/product\/nicorette\/\",\"name\":\"Nicorette | Ajuda para Parar de Fumar e Al\u00edvio do Desejo - Transtoyou\",\"isPartOf\":{\"@id\":\"https:\/\/www.transtoyou.com\/pt\/#website\"},\"primaryImageOfPage\":{\"@id\":\"https:\/\/www.transtoyou.com\/pt\/product\/nicorette\/#primaryimage\"},\"image\":{\"@id\":\"https:\/\/www.transtoyou.com\/pt\/product\/nicorette\/#primaryimage\"},\"thumbnailUrl\":\"https:\/\/www.transtoyou.com\/pt\/wp-content\/uploads\/sites\/12\/2026\/01\/tty-no-product-image-22.webp\",\"datePublished\":\"2026-01-22T18:37:49+00:00\",\"dateModified\":\"2026-01-22T18:38:56+00:00\",\"description\":\"Nicorette, dispon\u00edvel na Transtoyou, ajuda a aliviar a abstin\u00eancia do tabaco com nicotina controlada. Compre agora planos flex\u00edveis para parar de fumar.\",\"breadcrumb\":{\"@id\":\"https:\/\/www.transtoyou.com\/pt\/product\/nicorette\/#breadcrumb\"},\"inLanguage\":\"pt-PT\",\"potentialAction\":[{\"@type\":\"ReadAction\",\"target\":[\"https:\/\/www.transtoyou.com\/pt\/product\/nicorette\/\"]}]},{\"@type\":\"ImageObject\",\"inLanguage\":\"pt-PT\",\"@id\":\"https:\/\/www.transtoyou.com\/pt\/product\/nicorette\/#primaryimage\",\"url\":\"https:\/\/www.transtoyou.com\/pt\/wp-content\/uploads\/sites\/12\/2026\/01\/tty-no-product-image-22.webp\",\"contentUrl\":\"https:\/\/www.transtoyou.com\/pt\/wp-content\/uploads\/sites\/12\/2026\/01\/tty-no-product-image-22.webp\",\"width\":1000,\"height\":1000,\"caption\":\"Imagem padr\u00e3o do produto\"},{\"@type\":\"WebSite\",\"@id\":\"https:\/\/www.transtoyou.com\/pt\/#website\",\"url\":\"https:\/\/www.transtoyou.com\/pt\/\",\"name\":\"Transtoyou - PT\",\"description\":\"\",\"publisher\":{\"@id\":\"https:\/\/www.transtoyou.com\/pt\/#organization\"},\"potentialAction\":[{\"@type\":\"SearchAction\",\"target\":{\"@type\":\"EntryPoint\",\"urlTemplate\":\"https:\/\/www.transtoyou.com\/pt\/?s={search_term_string}\"},\"query-input\":{\"@type\":\"PropertyValueSpecification\",\"valueRequired\":true,\"valueName\":\"search_term_string\"}}],\"inLanguage\":\"pt-PT\"},{\"@type\":\"Organization\",\"@id\":\"https:\/\/www.transtoyou.com\/pt\/#organization\",\"name\":\"Transtoyou - PT\",\"url\":\"https:\/\/www.transtoyou.com\/pt\/\",\"logo\":{\"@type\":\"ImageObject\",\"inLanguage\":\"pt-PT\",\"@id\":\"https:\/\/www.transtoyou.com\/pt\/#\/schema\/logo\/image\/\",\"url\":\"https:\/\/www.transtoyou.com\/pt\/wp-content\/uploads\/sites\/12\/2026\/01\/logo-tty-menu-bar-300x87-1.webp\",\"contentUrl\":\"https:\/\/www.transtoyou.com\/pt\/wp-content\/uploads\/sites\/12\/2026\/01\/logo-tty-menu-bar-300x87-1.webp\",\"width\":300,\"height\":87,\"caption\":\"Transtoyou - PT\"},\"image\":{\"@id\":\"https:\/\/www.transtoyou.com\/pt\/#\/schema\/logo\/image\/\"}}]}<\/script>\n<!-- \/ Yoast SEO plugin. -->","yoast_head_json":{"title":"Nicorette | Ajuda para Parar de Fumar e Al\u00edvio do Desejo - Transtoyou","description":"Nicorette, dispon\u00edvel na Transtoyou, ajuda a aliviar a abstin\u00eancia do tabaco com nicotina controlada. Compre agora planos flex\u00edveis para parar de fumar.","robots":{"index":"noindex","follow":"follow","max-snippet":"max-snippet:-1","max-image-preview":"max-image-preview:large","max-video-preview":"max-video-preview:-1"},"og_locale":"pt_PT","og_type":"article","og_title":"Nicorette | Ajuda para Parar de Fumar e Al\u00edvio do Desejo - Transtoyou","og_description":"Nicorette, dispon\u00edvel na Transtoyou, ajuda a aliviar a abstin\u00eancia do tabaco com nicotina controlada. Compre agora planos flex\u00edveis para parar de fumar.","og_url":"https:\/\/www.transtoyou.com\/pt\/product\/nicorette\/","og_site_name":"Transtoyou - PT","article_modified_time":"2026-01-22T18:38:56+00:00","twitter_card":"summary_large_image","twitter_misc":{"Tempo estimado de leitura":"1 minuto"},"schema":{"@context":"https:\/\/schema.org","@graph":[{"@type":"WebPage","@id":"https:\/\/www.transtoyou.com\/pt\/product\/nicorette\/","url":"https:\/\/www.transtoyou.com\/pt\/product\/nicorette\/","name":"Nicorette | Ajuda para Parar de Fumar e Al\u00edvio do Desejo - Transtoyou","isPartOf":{"@id":"https:\/\/www.transtoyou.com\/pt\/#website"},"primaryImageOfPage":{"@id":"https:\/\/www.transtoyou.com\/pt\/product\/nicorette\/#primaryimage"},"image":{"@id":"https:\/\/www.transtoyou.com\/pt\/product\/nicorette\/#primaryimage"},"thumbnailUrl":"https:\/\/www.transtoyou.com\/pt\/wp-content\/uploads\/sites\/12\/2026\/01\/tty-no-product-image-22.webp","datePublished":"2026-01-22T18:37:49+00:00","dateModified":"2026-01-22T18:38:56+00:00","description":"Nicorette, dispon\u00edvel na Transtoyou, ajuda a aliviar a abstin\u00eancia do tabaco com nicotina controlada. Compre agora planos flex\u00edveis para parar de fumar.","breadcrumb":{"@id":"https:\/\/www.transtoyou.com\/pt\/product\/nicorette\/#breadcrumb"},"inLanguage":"pt-PT","potentialAction":[{"@type":"ReadAction","target":["https:\/\/www.transtoyou.com\/pt\/product\/nicorette\/"]}]},{"@type":"ImageObject","inLanguage":"pt-PT","@id":"https:\/\/www.transtoyou.com\/pt\/product\/nicorette\/#primaryimage","url":"https:\/\/www.transtoyou.com\/pt\/wp-content\/uploads\/sites\/12\/2026\/01\/tty-no-product-image-22.webp","contentUrl":"https:\/\/www.transtoyou.com\/pt\/wp-content\/uploads\/sites\/12\/2026\/01\/tty-no-product-image-22.webp","width":1000,"height":1000,"caption":"Imagem padr\u00e3o do produto"},{"@type":"WebSite","@id":"https:\/\/www.transtoyou.com\/pt\/#website","url":"https:\/\/www.transtoyou.com\/pt\/","name":"Transtoyou - PT","description":"","publisher":{"@id":"https:\/\/www.transtoyou.com\/pt\/#organization"},"potentialAction":[{"@type":"SearchAction","target":{"@type":"EntryPoint","urlTemplate":"https:\/\/www.transtoyou.com\/pt\/?s={search_term_string}"},"query-input":{"@type":"PropertyValueSpecification","valueRequired":true,"valueName":"search_term_string"}}],"inLanguage":"pt-PT"},{"@type":"Organization","@id":"https:\/\/www.transtoyou.com\/pt\/#organization","name":"Transtoyou - PT","url":"https:\/\/www.transtoyou.com\/pt\/","logo":{"@type":"ImageObject","inLanguage":"pt-PT","@id":"https:\/\/www.transtoyou.com\/pt\/#\/schema\/logo\/image\/","url":"https:\/\/www.transtoyou.com\/pt\/wp-content\/uploads\/sites\/12\/2026\/01\/logo-tty-menu-bar-300x87-1.webp","contentUrl":"https:\/\/www.transtoyou.com\/pt\/wp-content\/uploads\/sites\/12\/2026\/01\/logo-tty-menu-bar-300x87-1.webp","width":300,"height":87,"caption":"Transtoyou - PT"},"image":{"@id":"https:\/\/www.transtoyou.com\/pt\/#\/schema\/logo\/image\/"}}]}},"_links":{"self":[{"href":"https:\/\/www.transtoyou.com\/pt\/wp-json\/wp\/v2\/product\/504","targetHints":{"allow":["GET"]}}],"collection":[{"href":"https:\/\/www.transtoyou.com\/pt\/wp-json\/wp\/v2\/product"}],"about":[{"href":"https:\/\/www.transtoyou.com\/pt\/wp-json\/wp\/v2\/types\/product"}],"replies":[{"embeddable":true,"href":"https:\/\/www.transtoyou.com\/pt\/wp-json\/wp\/v2\/comments?post=504"}],"wp:featuredmedia":[{"embeddable":true,"href":"https:\/\/www.transtoyou.com\/pt\/wp-json\/wp\/v2\/media\/506"}],"wp:attachment":[{"href":"https:\/\/www.transtoyou.com\/pt\/wp-json\/wp\/v2\/media?parent=504"}],"wp:term":[{"taxonomy":"product_brand","embeddable":true,"href":"https:\/\/www.transtoyou.com\/pt\/wp-json\/wp\/v2\/product_brand?post=504"},{"taxonomy":"product_cat","embeddable":true,"href":"https:\/\/www.transtoyou.com\/pt\/wp-json\/wp\/v2\/product_cat?post=504"},{"taxonomy":"product_tag","embeddable":true,"href":"https:\/\/www.transtoyou.com\/pt\/wp-json\/wp\/v2\/product_tag?post=504"},{"taxonomy":"expert","embeddable":true,"href":"https:\/\/www.transtoyou.com\/pt\/wp-json\/wp\/v2\/expert?post=504"}],"curies":[{"name":"wp","href":"https:\/\/api.w.org\/{rel}","templated":true}]}}