{"id":507,"date":"2026-01-22T18:53:40","date_gmt":"2026-01-22T18:53:40","guid":{"rendered":"https:\/\/www.transtoyou.com\/pt\/product\/decigatan\/"},"modified":"2026-01-22T18:54:44","modified_gmt":"2026-01-22T18:54:44","slug":"decigatan","status":"publish","type":"product","link":"https:\/\/www.transtoyou.com\/pt\/product\/decigatan\/","title":{"rendered":"Decigatan"},"content":{"rendered":"<p>Decigatan \u00e9 um medicamento prescrito projetado para apoiar indiv\u00edduos que desejam parar de fumar. Cont\u00e9m citisina, um composto de origem vegetal que ajuda a reduzir os desejos e os sintomas de abstin\u00eancia, estimulando parcialmente os receptores de nicotina no c\u00e9rebro. Essa a\u00e7\u00e3o facilita a transi\u00e7\u00e3o da depend\u00eancia da nicotina e reduz os efeitos recompensadores do fumo.<\/p>\n<p>Ao contr\u00e1rio das terapias de reposi\u00e7\u00e3o de nicotina que fornecem nicotina ao corpo, Decigatan atua imitando alguns dos efeitos da nicotina enquanto bloqueia suas propriedades aditivas mais fortes. Esse mecanismo duplo ajuda os fumantes a reduzirem gradualmente sua depend\u00eancia de cigarros, enquanto experimentam menos desejos e menos desconforto durante o processo de parar de fumar.<\/p>\n<p>Decigatan \u00e9 geralmente tomado durante um curso de 25 dias, com uma dosagem gradualmente decrescente. Durante esse tempo, os usu\u00e1rios s\u00e3o incentivados a parar de fumar completamente nos primeiros cinco dias. O plano de tratamento estruturado apoia tanto a abstin\u00eancia f\u00edsica quanto a psicol\u00f3gica, facilitando a quebra do h\u00e1bito de fumar.<\/p>\n<p>A maioria dos usu\u00e1rios tolera bem Decigatan, embora alguns possam experimentar efeitos colaterais leves, como n\u00e1useas, boca seca ou dist\u00farbios do sono. Assim como com qualquer medicamento, \u00e9 importante seguir cuidadosamente o cronograma de dosagem e evitar fumar enquanto estiver fazendo o tratamento, pois combinar ambos pode levar a efeitos colaterais ou redu\u00e7\u00e3o da efic\u00e1cia.<\/p>\n<p>Decigatan n\u00e3o \u00e9 recomendado durante a gravidez ou amamenta\u00e7\u00e3o e n\u00e3o deve ser utilizado por indiv\u00edduos com certas condi\u00e7\u00f5es m\u00e9dicas sem orienta\u00e7\u00e3o m\u00e9dica.<\/p>\n","protected":false},"excerpt":{"rendered":"<ul>\n<li>Reduz os desejos de nicotina<\/li>\n<li>Curso de tratamento de 25 dias<\/li>\n<li>Ingrediente ativo \u00e0 base de plantas<\/li>\n<\/ul>\n","protected":false},"featured_media":509,"comment_status":"open","ping_status":"closed","template":"","meta":[],"product_brand":[],"product_cat":[146],"product_tag":[],"expert":[16],"class_list":{"0":"post-507","1":"product","2":"type-product","3":"status-publish","4":"has-post-thumbnail","6":"product_cat-ajudas-para-parar-de-fumar","7":"expert-dr-c-alexandru","9":"first","10":"instock","11":"shipping-taxable","12":"product-type-variable"},"yoast_head":"<!-- This site is optimized with the Yoast SEO plugin v27.0 - https:\/\/yoast.com\/product\/yoast-seo-wordpress\/ -->\n<title>Decigatan | Apoio para Parar de Fumar - Transtoyou<\/title>\n<meta name=\"description\" content=\"Decigatan, um aux\u00edlio \u00e0 receita para parar de fumar, reduz desejos e sintomas de abstin\u00eancia. Consulte nossos m\u00e9dicos para um plano de tratamento personalizado.\" \/>\n<meta name=\"robots\" content=\"noindex, follow, max-snippet:-1, max-image-preview:large, max-video-preview:-1\" \/>\n<meta property=\"og:locale\" content=\"pt_PT\" \/>\n<meta property=\"og:type\" content=\"article\" \/>\n<meta property=\"og:title\" content=\"Decigatan | Apoio para Parar de Fumar - Transtoyou\" \/>\n<meta property=\"og:description\" content=\"Decigatan, um aux\u00edlio \u00e0 receita para parar de fumar, reduz desejos e sintomas de abstin\u00eancia. Consulte nossos m\u00e9dicos para um plano de tratamento personalizado.\" \/>\n<meta property=\"og:url\" content=\"https:\/\/www.transtoyou.com\/pt\/product\/decigatan\/\" \/>\n<meta property=\"og:site_name\" content=\"Transtoyou - PT\" \/>\n<meta property=\"article:modified_time\" content=\"2026-01-22T18:54:44+00:00\" \/>\n<meta name=\"twitter:card\" content=\"summary_large_image\" \/>\n<meta name=\"twitter:label1\" content=\"Tempo estimado de leitura\" \/>\n\t<meta name=\"twitter:data1\" content=\"1 minuto\" \/>\n<script type=\"application\/ld+json\" class=\"yoast-schema-graph\">{\"@context\":\"https:\/\/schema.org\",\"@graph\":[{\"@type\":\"WebPage\",\"@id\":\"https:\/\/www.transtoyou.com\/pt\/product\/decigatan\/\",\"url\":\"https:\/\/www.transtoyou.com\/pt\/product\/decigatan\/\",\"name\":\"Decigatan | Apoio para Parar de Fumar - Transtoyou\",\"isPartOf\":{\"@id\":\"https:\/\/www.transtoyou.com\/pt\/#website\"},\"primaryImageOfPage\":{\"@id\":\"https:\/\/www.transtoyou.com\/pt\/product\/decigatan\/#primaryimage\"},\"image\":{\"@id\":\"https:\/\/www.transtoyou.com\/pt\/product\/decigatan\/#primaryimage\"},\"thumbnailUrl\":\"https:\/\/www.transtoyou.com\/pt\/wp-content\/uploads\/sites\/12\/2026\/01\/tty-no-product-image-23.webp\",\"datePublished\":\"2026-01-22T18:53:40+00:00\",\"dateModified\":\"2026-01-22T18:54:44+00:00\",\"description\":\"Decigatan, um aux\u00edlio \u00e0 receita para parar de fumar, reduz desejos e sintomas de abstin\u00eancia. Consulte nossos m\u00e9dicos para um plano de tratamento personalizado.\",\"breadcrumb\":{\"@id\":\"https:\/\/www.transtoyou.com\/pt\/product\/decigatan\/#breadcrumb\"},\"inLanguage\":\"pt-PT\",\"potentialAction\":[{\"@type\":\"ReadAction\",\"target\":[\"https:\/\/www.transtoyou.com\/pt\/product\/decigatan\/\"]}]},{\"@type\":\"ImageObject\",\"inLanguage\":\"pt-PT\",\"@id\":\"https:\/\/www.transtoyou.com\/pt\/product\/decigatan\/#primaryimage\",\"url\":\"https:\/\/www.transtoyou.com\/pt\/wp-content\/uploads\/sites\/12\/2026\/01\/tty-no-product-image-23.webp\",\"contentUrl\":\"https:\/\/www.transtoyou.com\/pt\/wp-content\/uploads\/sites\/12\/2026\/01\/tty-no-product-image-23.webp\",\"width\":1000,\"height\":1000,\"caption\":\"Imagem padr\u00e3o do produto\"},{\"@type\":\"WebSite\",\"@id\":\"https:\/\/www.transtoyou.com\/pt\/#website\",\"url\":\"https:\/\/www.transtoyou.com\/pt\/\",\"name\":\"Transtoyou - PT\",\"description\":\"\",\"publisher\":{\"@id\":\"https:\/\/www.transtoyou.com\/pt\/#organization\"},\"potentialAction\":[{\"@type\":\"SearchAction\",\"target\":{\"@type\":\"EntryPoint\",\"urlTemplate\":\"https:\/\/www.transtoyou.com\/pt\/?s={search_term_string}\"},\"query-input\":{\"@type\":\"PropertyValueSpecification\",\"valueRequired\":true,\"valueName\":\"search_term_string\"}}],\"inLanguage\":\"pt-PT\"},{\"@type\":\"Organization\",\"@id\":\"https:\/\/www.transtoyou.com\/pt\/#organization\",\"name\":\"Transtoyou - PT\",\"url\":\"https:\/\/www.transtoyou.com\/pt\/\",\"logo\":{\"@type\":\"ImageObject\",\"inLanguage\":\"pt-PT\",\"@id\":\"https:\/\/www.transtoyou.com\/pt\/#\/schema\/logo\/image\/\",\"url\":\"https:\/\/www.transtoyou.com\/pt\/wp-content\/uploads\/sites\/12\/2026\/01\/logo-tty-menu-bar-300x87-1.webp\",\"contentUrl\":\"https:\/\/www.transtoyou.com\/pt\/wp-content\/uploads\/sites\/12\/2026\/01\/logo-tty-menu-bar-300x87-1.webp\",\"width\":300,\"height\":87,\"caption\":\"Transtoyou - PT\"},\"image\":{\"@id\":\"https:\/\/www.transtoyou.com\/pt\/#\/schema\/logo\/image\/\"}}]}<\/script>\n<!-- \/ Yoast SEO plugin. -->","yoast_head_json":{"title":"Decigatan | Apoio para Parar de Fumar - Transtoyou","description":"Decigatan, um aux\u00edlio \u00e0 receita para parar de fumar, reduz desejos e sintomas de abstin\u00eancia. Consulte nossos m\u00e9dicos para um plano de tratamento personalizado.","robots":{"index":"noindex","follow":"follow","max-snippet":"max-snippet:-1","max-image-preview":"max-image-preview:large","max-video-preview":"max-video-preview:-1"},"og_locale":"pt_PT","og_type":"article","og_title":"Decigatan | Apoio para Parar de Fumar - Transtoyou","og_description":"Decigatan, um aux\u00edlio \u00e0 receita para parar de fumar, reduz desejos e sintomas de abstin\u00eancia. Consulte nossos m\u00e9dicos para um plano de tratamento personalizado.","og_url":"https:\/\/www.transtoyou.com\/pt\/product\/decigatan\/","og_site_name":"Transtoyou - PT","article_modified_time":"2026-01-22T18:54:44+00:00","twitter_card":"summary_large_image","twitter_misc":{"Tempo estimado de leitura":"1 minuto"},"schema":{"@context":"https:\/\/schema.org","@graph":[{"@type":"WebPage","@id":"https:\/\/www.transtoyou.com\/pt\/product\/decigatan\/","url":"https:\/\/www.transtoyou.com\/pt\/product\/decigatan\/","name":"Decigatan | Apoio para Parar de Fumar - Transtoyou","isPartOf":{"@id":"https:\/\/www.transtoyou.com\/pt\/#website"},"primaryImageOfPage":{"@id":"https:\/\/www.transtoyou.com\/pt\/product\/decigatan\/#primaryimage"},"image":{"@id":"https:\/\/www.transtoyou.com\/pt\/product\/decigatan\/#primaryimage"},"thumbnailUrl":"https:\/\/www.transtoyou.com\/pt\/wp-content\/uploads\/sites\/12\/2026\/01\/tty-no-product-image-23.webp","datePublished":"2026-01-22T18:53:40+00:00","dateModified":"2026-01-22T18:54:44+00:00","description":"Decigatan, um aux\u00edlio \u00e0 receita para parar de fumar, reduz desejos e sintomas de abstin\u00eancia. Consulte nossos m\u00e9dicos para um plano de tratamento personalizado.","breadcrumb":{"@id":"https:\/\/www.transtoyou.com\/pt\/product\/decigatan\/#breadcrumb"},"inLanguage":"pt-PT","potentialAction":[{"@type":"ReadAction","target":["https:\/\/www.transtoyou.com\/pt\/product\/decigatan\/"]}]},{"@type":"ImageObject","inLanguage":"pt-PT","@id":"https:\/\/www.transtoyou.com\/pt\/product\/decigatan\/#primaryimage","url":"https:\/\/www.transtoyou.com\/pt\/wp-content\/uploads\/sites\/12\/2026\/01\/tty-no-product-image-23.webp","contentUrl":"https:\/\/www.transtoyou.com\/pt\/wp-content\/uploads\/sites\/12\/2026\/01\/tty-no-product-image-23.webp","width":1000,"height":1000,"caption":"Imagem padr\u00e3o do produto"},{"@type":"WebSite","@id":"https:\/\/www.transtoyou.com\/pt\/#website","url":"https:\/\/www.transtoyou.com\/pt\/","name":"Transtoyou - PT","description":"","publisher":{"@id":"https:\/\/www.transtoyou.com\/pt\/#organization"},"potentialAction":[{"@type":"SearchAction","target":{"@type":"EntryPoint","urlTemplate":"https:\/\/www.transtoyou.com\/pt\/?s={search_term_string}"},"query-input":{"@type":"PropertyValueSpecification","valueRequired":true,"valueName":"search_term_string"}}],"inLanguage":"pt-PT"},{"@type":"Organization","@id":"https:\/\/www.transtoyou.com\/pt\/#organization","name":"Transtoyou - PT","url":"https:\/\/www.transtoyou.com\/pt\/","logo":{"@type":"ImageObject","inLanguage":"pt-PT","@id":"https:\/\/www.transtoyou.com\/pt\/#\/schema\/logo\/image\/","url":"https:\/\/www.transtoyou.com\/pt\/wp-content\/uploads\/sites\/12\/2026\/01\/logo-tty-menu-bar-300x87-1.webp","contentUrl":"https:\/\/www.transtoyou.com\/pt\/wp-content\/uploads\/sites\/12\/2026\/01\/logo-tty-menu-bar-300x87-1.webp","width":300,"height":87,"caption":"Transtoyou - PT"},"image":{"@id":"https:\/\/www.transtoyou.com\/pt\/#\/schema\/logo\/image\/"}}]}},"_links":{"self":[{"href":"https:\/\/www.transtoyou.com\/pt\/wp-json\/wp\/v2\/product\/507","targetHints":{"allow":["GET"]}}],"collection":[{"href":"https:\/\/www.transtoyou.com\/pt\/wp-json\/wp\/v2\/product"}],"about":[{"href":"https:\/\/www.transtoyou.com\/pt\/wp-json\/wp\/v2\/types\/product"}],"replies":[{"embeddable":true,"href":"https:\/\/www.transtoyou.com\/pt\/wp-json\/wp\/v2\/comments?post=507"}],"wp:featuredmedia":[{"embeddable":true,"href":"https:\/\/www.transtoyou.com\/pt\/wp-json\/wp\/v2\/media\/509"}],"wp:attachment":[{"href":"https:\/\/www.transtoyou.com\/pt\/wp-json\/wp\/v2\/media?parent=507"}],"wp:term":[{"taxonomy":"product_brand","embeddable":true,"href":"https:\/\/www.transtoyou.com\/pt\/wp-json\/wp\/v2\/product_brand?post=507"},{"taxonomy":"product_cat","embeddable":true,"href":"https:\/\/www.transtoyou.com\/pt\/wp-json\/wp\/v2\/product_cat?post=507"},{"taxonomy":"product_tag","embeddable":true,"href":"https:\/\/www.transtoyou.com\/pt\/wp-json\/wp\/v2\/product_tag?post=507"},{"taxonomy":"expert","embeddable":true,"href":"https:\/\/www.transtoyou.com\/pt\/wp-json\/wp\/v2\/expert?post=507"}],"curies":[{"name":"wp","href":"https:\/\/api.w.org\/{rel}","templated":true}]}}