{"id":513,"date":"2026-01-22T19:23:34","date_gmt":"2026-01-22T19:23:34","guid":{"rendered":"https:\/\/www.transtoyou.com\/pt\/product\/valtrex\/"},"modified":"2026-01-22T19:24:27","modified_gmt":"2026-01-22T19:24:27","slug":"valtrex","status":"publish","type":"product","link":"https:\/\/www.transtoyou.com\/pt\/product\/valtrex\/","title":{"rendered":"Valtrex"},"content":{"rendered":"<p>Valtrex \u00e9 um medicamento antiviral (medicamento que combate v\u00edrus) usado para tratar infec\u00e7\u00f5es causadas por v\u00edrus herpes. \u00c9 um pr\u00f3-f\u00e1rmaco do aciclovir, o que significa que seu corpo o converte em sua forma ativa (aciclovir) ap\u00f3s tom\u00e1-lo. O aciclovir atua impedindo que o v\u00edrus replique seu DNA (material gen\u00e9tico), o que impede sua multiplica\u00e7\u00e3o e propaga\u00e7\u00e3o (bloqueia a replica\u00e7\u00e3o viral).<\/p>\n<p>Valtrex \u00e9 principalmente prescrito para infec\u00e7\u00f5es causadas por v\u00edrus herpes, incluindo herpes labial (herpes oral), herpes genital, herpes zoster (cobreiro), infec\u00e7\u00f5es oculares devido ao herpes e para prevenir infec\u00e7\u00f5es por citomegalov\u00edrus (CMV) em pessoas que receberam um transplante de \u00f3rg\u00e3o. Tamb\u00e9m \u00e9 usado a longo prazo para reduzir a frequ\u00eancia de surtos.<\/p>\n<p>Valtrex afeta o corpo controlando o v\u00edrus durante surtos ativos e reduzindo o risco de futuros epis\u00f3dios. Funciona bem quando iniciado precocemente no curso dos sintomas, muitas vezes dentro da primeira 1\u20131,5 horas. Como ele ataca apenas as c\u00e9lulas infectadas pelo v\u00edrus, as c\u00e9lulas saud\u00e1veis geralmente s\u00e3o poupadas, resultando em menos efeitos colaterais.<\/p>\n<p>Os principais benef\u00edcios do Valtrex s\u00e3o seu in\u00edcio r\u00e1pido, facilidade de uso (comprimido oral), menos doses di\u00e1rias em compara\u00e7\u00e3o com antivirais mais antigos e forte evid\u00eancia de efic\u00e1cia. Ele reduz a dor e o tempo de cicatriza\u00e7\u00e3o durante os surtos e tamb\u00e9m pode diminuir as chances de transmitir o v\u00edrus para outras pessoas quando usado diariamente.<\/p>\n<p>Valtrex n\u00e3o cura o herpes, mas ajuda a gerenci\u00e1-lo de forma eficaz e torna a conviv\u00eancia com a condi\u00e7\u00e3o mais administr\u00e1vel.<\/p>\n","protected":false},"excerpt":{"rendered":"<ul>\n<li>Antiviral contra v\u00edrus do herpes<\/li>\n<li>Ajuda a reduzir surtos e sintomas<\/li>\n<li>Op\u00e7\u00e3o de uma vez ao dia para preven\u00e7\u00e3o<\/li>\n<\/ul>\n","protected":false},"featured_media":515,"comment_status":"open","ping_status":"closed","template":"","meta":[],"product_brand":[],"product_cat":[115,73,143],"product_tag":[],"expert":[17],"class_list":{"0":"post-513","1":"product","2":"type-product","3":"status-publish","4":"has-post-thumbnail","6":"product_cat-herpes","7":"product_cat-herpes-labial","8":"product_cat-telhas","9":"expert-dr-c-munoz-parada","11":"first","12":"instock","13":"shipping-taxable","14":"product-type-variable"},"yoast_head":"<!-- This site is optimized with the Yoast SEO plugin v27.0 - https:\/\/yoast.com\/product\/yoast-seo-wordpress\/ -->\n<title>Valtrex | Suporte Antiviral Eficaz - Transtoyou<\/title>\n<meta name=\"description\" content=\"Valtrex dispon\u00edvel na Transtoyou, oferecendo suporte antiviral confi\u00e1vel. Descubra seus benef\u00edcios para o manejo dos sintomas de herpes. Compre agora!\" \/>\n<meta name=\"robots\" content=\"noindex, follow, max-snippet:-1, max-image-preview:large, max-video-preview:-1\" \/>\n<meta property=\"og:locale\" content=\"pt_PT\" \/>\n<meta property=\"og:type\" content=\"article\" \/>\n<meta property=\"og:title\" content=\"Valtrex | Suporte Antiviral Eficaz - Transtoyou\" \/>\n<meta property=\"og:description\" content=\"Valtrex dispon\u00edvel na Transtoyou, oferecendo suporte antiviral confi\u00e1vel. Descubra seus benef\u00edcios para o manejo dos sintomas de herpes. Compre agora!\" \/>\n<meta property=\"og:url\" content=\"https:\/\/www.transtoyou.com\/pt\/product\/valtrex\/\" \/>\n<meta property=\"og:site_name\" content=\"Transtoyou - PT\" \/>\n<meta property=\"article:modified_time\" content=\"2026-01-22T19:24:27+00:00\" \/>\n<meta name=\"twitter:card\" content=\"summary_large_image\" \/>\n<meta name=\"twitter:label1\" content=\"Tempo estimado de leitura\" \/>\n\t<meta name=\"twitter:data1\" content=\"1 minuto\" \/>\n<script type=\"application\/ld+json\" class=\"yoast-schema-graph\">{\"@context\":\"https:\/\/schema.org\",\"@graph\":[{\"@type\":\"WebPage\",\"@id\":\"https:\/\/www.transtoyou.com\/pt\/product\/valtrex\/\",\"url\":\"https:\/\/www.transtoyou.com\/pt\/product\/valtrex\/\",\"name\":\"Valtrex | Suporte Antiviral Eficaz - Transtoyou\",\"isPartOf\":{\"@id\":\"https:\/\/www.transtoyou.com\/pt\/#website\"},\"primaryImageOfPage\":{\"@id\":\"https:\/\/www.transtoyou.com\/pt\/product\/valtrex\/#primaryimage\"},\"image\":{\"@id\":\"https:\/\/www.transtoyou.com\/pt\/product\/valtrex\/#primaryimage\"},\"thumbnailUrl\":\"https:\/\/www.transtoyou.com\/pt\/wp-content\/uploads\/sites\/12\/2026\/01\/tty-no-product-image-25.webp\",\"datePublished\":\"2026-01-22T19:23:34+00:00\",\"dateModified\":\"2026-01-22T19:24:27+00:00\",\"description\":\"Valtrex dispon\u00edvel na Transtoyou, oferecendo suporte antiviral confi\u00e1vel. Descubra seus benef\u00edcios para o manejo dos sintomas de herpes. Compre agora!\",\"breadcrumb\":{\"@id\":\"https:\/\/www.transtoyou.com\/pt\/product\/valtrex\/#breadcrumb\"},\"inLanguage\":\"pt-PT\",\"potentialAction\":[{\"@type\":\"ReadAction\",\"target\":[\"https:\/\/www.transtoyou.com\/pt\/product\/valtrex\/\"]}]},{\"@type\":\"ImageObject\",\"inLanguage\":\"pt-PT\",\"@id\":\"https:\/\/www.transtoyou.com\/pt\/product\/valtrex\/#primaryimage\",\"url\":\"https:\/\/www.transtoyou.com\/pt\/wp-content\/uploads\/sites\/12\/2026\/01\/tty-no-product-image-25.webp\",\"contentUrl\":\"https:\/\/www.transtoyou.com\/pt\/wp-content\/uploads\/sites\/12\/2026\/01\/tty-no-product-image-25.webp\",\"width\":1000,\"height\":1000,\"caption\":\"Imagem padr\u00e3o do produto\"},{\"@type\":\"WebSite\",\"@id\":\"https:\/\/www.transtoyou.com\/pt\/#website\",\"url\":\"https:\/\/www.transtoyou.com\/pt\/\",\"name\":\"Transtoyou - PT\",\"description\":\"\",\"publisher\":{\"@id\":\"https:\/\/www.transtoyou.com\/pt\/#organization\"},\"potentialAction\":[{\"@type\":\"SearchAction\",\"target\":{\"@type\":\"EntryPoint\",\"urlTemplate\":\"https:\/\/www.transtoyou.com\/pt\/?s={search_term_string}\"},\"query-input\":{\"@type\":\"PropertyValueSpecification\",\"valueRequired\":true,\"valueName\":\"search_term_string\"}}],\"inLanguage\":\"pt-PT\"},{\"@type\":\"Organization\",\"@id\":\"https:\/\/www.transtoyou.com\/pt\/#organization\",\"name\":\"Transtoyou - PT\",\"url\":\"https:\/\/www.transtoyou.com\/pt\/\",\"logo\":{\"@type\":\"ImageObject\",\"inLanguage\":\"pt-PT\",\"@id\":\"https:\/\/www.transtoyou.com\/pt\/#\/schema\/logo\/image\/\",\"url\":\"https:\/\/www.transtoyou.com\/pt\/wp-content\/uploads\/sites\/12\/2026\/01\/logo-tty-menu-bar-300x87-1.webp\",\"contentUrl\":\"https:\/\/www.transtoyou.com\/pt\/wp-content\/uploads\/sites\/12\/2026\/01\/logo-tty-menu-bar-300x87-1.webp\",\"width\":300,\"height\":87,\"caption\":\"Transtoyou - PT\"},\"image\":{\"@id\":\"https:\/\/www.transtoyou.com\/pt\/#\/schema\/logo\/image\/\"}}]}<\/script>\n<!-- \/ Yoast SEO plugin. -->","yoast_head_json":{"title":"Valtrex | Suporte Antiviral Eficaz - Transtoyou","description":"Valtrex dispon\u00edvel na Transtoyou, oferecendo suporte antiviral confi\u00e1vel. Descubra seus benef\u00edcios para o manejo dos sintomas de herpes. Compre agora!","robots":{"index":"noindex","follow":"follow","max-snippet":"max-snippet:-1","max-image-preview":"max-image-preview:large","max-video-preview":"max-video-preview:-1"},"og_locale":"pt_PT","og_type":"article","og_title":"Valtrex | Suporte Antiviral Eficaz - Transtoyou","og_description":"Valtrex dispon\u00edvel na Transtoyou, oferecendo suporte antiviral confi\u00e1vel. Descubra seus benef\u00edcios para o manejo dos sintomas de herpes. Compre agora!","og_url":"https:\/\/www.transtoyou.com\/pt\/product\/valtrex\/","og_site_name":"Transtoyou - PT","article_modified_time":"2026-01-22T19:24:27+00:00","twitter_card":"summary_large_image","twitter_misc":{"Tempo estimado de leitura":"1 minuto"},"schema":{"@context":"https:\/\/schema.org","@graph":[{"@type":"WebPage","@id":"https:\/\/www.transtoyou.com\/pt\/product\/valtrex\/","url":"https:\/\/www.transtoyou.com\/pt\/product\/valtrex\/","name":"Valtrex | Suporte Antiviral Eficaz - Transtoyou","isPartOf":{"@id":"https:\/\/www.transtoyou.com\/pt\/#website"},"primaryImageOfPage":{"@id":"https:\/\/www.transtoyou.com\/pt\/product\/valtrex\/#primaryimage"},"image":{"@id":"https:\/\/www.transtoyou.com\/pt\/product\/valtrex\/#primaryimage"},"thumbnailUrl":"https:\/\/www.transtoyou.com\/pt\/wp-content\/uploads\/sites\/12\/2026\/01\/tty-no-product-image-25.webp","datePublished":"2026-01-22T19:23:34+00:00","dateModified":"2026-01-22T19:24:27+00:00","description":"Valtrex dispon\u00edvel na Transtoyou, oferecendo suporte antiviral confi\u00e1vel. Descubra seus benef\u00edcios para o manejo dos sintomas de herpes. Compre agora!","breadcrumb":{"@id":"https:\/\/www.transtoyou.com\/pt\/product\/valtrex\/#breadcrumb"},"inLanguage":"pt-PT","potentialAction":[{"@type":"ReadAction","target":["https:\/\/www.transtoyou.com\/pt\/product\/valtrex\/"]}]},{"@type":"ImageObject","inLanguage":"pt-PT","@id":"https:\/\/www.transtoyou.com\/pt\/product\/valtrex\/#primaryimage","url":"https:\/\/www.transtoyou.com\/pt\/wp-content\/uploads\/sites\/12\/2026\/01\/tty-no-product-image-25.webp","contentUrl":"https:\/\/www.transtoyou.com\/pt\/wp-content\/uploads\/sites\/12\/2026\/01\/tty-no-product-image-25.webp","width":1000,"height":1000,"caption":"Imagem padr\u00e3o do produto"},{"@type":"WebSite","@id":"https:\/\/www.transtoyou.com\/pt\/#website","url":"https:\/\/www.transtoyou.com\/pt\/","name":"Transtoyou - PT","description":"","publisher":{"@id":"https:\/\/www.transtoyou.com\/pt\/#organization"},"potentialAction":[{"@type":"SearchAction","target":{"@type":"EntryPoint","urlTemplate":"https:\/\/www.transtoyou.com\/pt\/?s={search_term_string}"},"query-input":{"@type":"PropertyValueSpecification","valueRequired":true,"valueName":"search_term_string"}}],"inLanguage":"pt-PT"},{"@type":"Organization","@id":"https:\/\/www.transtoyou.com\/pt\/#organization","name":"Transtoyou - PT","url":"https:\/\/www.transtoyou.com\/pt\/","logo":{"@type":"ImageObject","inLanguage":"pt-PT","@id":"https:\/\/www.transtoyou.com\/pt\/#\/schema\/logo\/image\/","url":"https:\/\/www.transtoyou.com\/pt\/wp-content\/uploads\/sites\/12\/2026\/01\/logo-tty-menu-bar-300x87-1.webp","contentUrl":"https:\/\/www.transtoyou.com\/pt\/wp-content\/uploads\/sites\/12\/2026\/01\/logo-tty-menu-bar-300x87-1.webp","width":300,"height":87,"caption":"Transtoyou - PT"},"image":{"@id":"https:\/\/www.transtoyou.com\/pt\/#\/schema\/logo\/image\/"}}]}},"_links":{"self":[{"href":"https:\/\/www.transtoyou.com\/pt\/wp-json\/wp\/v2\/product\/513","targetHints":{"allow":["GET"]}}],"collection":[{"href":"https:\/\/www.transtoyou.com\/pt\/wp-json\/wp\/v2\/product"}],"about":[{"href":"https:\/\/www.transtoyou.com\/pt\/wp-json\/wp\/v2\/types\/product"}],"replies":[{"embeddable":true,"href":"https:\/\/www.transtoyou.com\/pt\/wp-json\/wp\/v2\/comments?post=513"}],"wp:featuredmedia":[{"embeddable":true,"href":"https:\/\/www.transtoyou.com\/pt\/wp-json\/wp\/v2\/media\/515"}],"wp:attachment":[{"href":"https:\/\/www.transtoyou.com\/pt\/wp-json\/wp\/v2\/media?parent=513"}],"wp:term":[{"taxonomy":"product_brand","embeddable":true,"href":"https:\/\/www.transtoyou.com\/pt\/wp-json\/wp\/v2\/product_brand?post=513"},{"taxonomy":"product_cat","embeddable":true,"href":"https:\/\/www.transtoyou.com\/pt\/wp-json\/wp\/v2\/product_cat?post=513"},{"taxonomy":"product_tag","embeddable":true,"href":"https:\/\/www.transtoyou.com\/pt\/wp-json\/wp\/v2\/product_tag?post=513"},{"taxonomy":"expert","embeddable":true,"href":"https:\/\/www.transtoyou.com\/pt\/wp-json\/wp\/v2\/expert?post=513"}],"curies":[{"name":"wp","href":"https:\/\/api.w.org\/{rel}","templated":true}]}}