{"id":516,"date":"2026-01-22T21:37:42","date_gmt":"2026-01-22T19:37:42","guid":{"rendered":"https:\/\/www.transtoyou.com\/pt\/product\/valaciclovir\/"},"modified":"2026-03-06T16:55:07","modified_gmt":"2026-03-06T14:55:07","slug":"valaciclovir","status":"publish","type":"product","link":"https:\/\/www.transtoyou.com\/pt\/product\/valaciclovir\/","title":{"rendered":"Valaciclovir"},"content":{"rendered":"<p>Valaciclovir \u00e9 um medicamento antiviral (medicamento que combate v\u00edrus) usado para tratar infec\u00e7\u00f5es causadas por v\u00edrus herpes. \u00c9 um pr\u00f3-f\u00e1rmaco de aciclovir, o que significa que seu corpo o converte em sua forma ativa (aciclovir) ap\u00f3s a ingest\u00e3o. O aciclovir atua interferindo na capacidade do v\u00edrus de copiar seu DNA (bloqueia a replica\u00e7\u00e3o viral), efetivamente impedindo que ele se multiplique e se espalhe.<\/p>\n<p>Valaciclovir \u00e9 utilizado principalmente para tratar e prevenir infec\u00e7\u00f5es por herpes simples, incluindo herpes labial e herpes genital, herpes z\u00f3ster (cobreiro) ou infec\u00e7\u00f5es oculares causadas por herpes. \u00c9 especialmente \u00fatil na redu\u00e7\u00e3o da dor, dura\u00e7\u00e3o e recorr\u00eancia dos sintomas.<\/p>\n<p>Este medicamento ajuda a reduzir a gravidade dos surtos e pode encurtar o tempo de cicatriza\u00e7\u00e3o. Quando usado como tratamento preventivo, diminui o n\u00famero de recorr\u00eancias e pode tornar os surtos menos severos. Come\u00e7a a agir rapidamente (dentro de 1 a 1,5 horas ap\u00f3s a ingest\u00e3o) e, por ser tomado por via oral, \u00e9 conveniente e f\u00e1cil de usar. Muitas pessoas se beneficiam de sua a\u00e7\u00e3o prolongada com relativamente poucos efeitos colaterais.<\/p>\n<p>Valaciclovir n\u00e3o cura o herpes, mas torna a conviv\u00eancia com o v\u00edrus mais gerenci\u00e1vel, limitando seu impacto na vida di\u00e1ria.<\/p>\n","protected":false},"excerpt":{"rendered":"<ul>\n<li>Antiviral contra v\u00edrus do herpes<\/li>\n<li>Ajuda a reduzir surtos e sintomas<\/li>\n<li>Op\u00e7\u00e3o de uso di\u00e1rio para preven\u00e7\u00e3o<\/li>\n<\/ul>\n","protected":false},"featured_media":518,"comment_status":"open","ping_status":"closed","template":"","meta":[],"product_brand":[],"product_cat":[115,73,143],"product_tag":[],"expert":[17],"class_list":{"0":"post-516","1":"product","2":"type-product","3":"status-publish","4":"has-post-thumbnail","6":"product_cat-herpes","7":"product_cat-herpes-labial","8":"product_cat-telhas","9":"expert-dr-c-munoz-parada","11":"first","12":"instock","13":"shipping-taxable","14":"product-type-variable"},"yoast_head":"<!-- This site is optimized with the Yoast SEO plugin v27.0 - https:\/\/yoast.com\/product\/yoast-seo-wordpress\/ -->\n<title>Valaciclovir | Combata o Herpes e o Cobreiro Rapidamente - Transtoyou<\/title>\n<meta name=\"description\" content=\"Valaciclovir, um antiviral eficaz para herpes, alivia sintomas e previne recorr\u00eancias. Conhe\u00e7a os benef\u00edcios no Transtoyou hoje.\" \/>\n<meta name=\"robots\" content=\"noindex, follow, max-snippet:-1, max-image-preview:large, max-video-preview:-1\" \/>\n<meta property=\"og:locale\" content=\"pt_PT\" \/>\n<meta property=\"og:type\" content=\"article\" \/>\n<meta property=\"og:title\" content=\"Valaciclovir | Combata o Herpes e o Cobreiro Rapidamente - Transtoyou\" \/>\n<meta property=\"og:description\" content=\"Valaciclovir, um antiviral eficaz para herpes, alivia sintomas e previne recorr\u00eancias. Conhe\u00e7a os benef\u00edcios no Transtoyou hoje.\" \/>\n<meta property=\"og:url\" content=\"https:\/\/www.transtoyou.com\/pt\/product\/valaciclovir\/\" \/>\n<meta property=\"og:site_name\" content=\"Transtoyou - PT\" \/>\n<meta property=\"article:modified_time\" content=\"2026-03-06T14:55:07+00:00\" \/>\n<meta name=\"twitter:card\" content=\"summary_large_image\" \/>\n<meta name=\"twitter:label1\" content=\"Tempo estimado de leitura\" \/>\n\t<meta name=\"twitter:data1\" content=\"1 minuto\" \/>\n<script type=\"application\/ld+json\" class=\"yoast-schema-graph\">{\"@context\":\"https:\/\/schema.org\",\"@graph\":[{\"@type\":\"WebPage\",\"@id\":\"https:\/\/www.transtoyou.com\/pt\/product\/valaciclovir\/\",\"url\":\"https:\/\/www.transtoyou.com\/pt\/product\/valaciclovir\/\",\"name\":\"Valaciclovir | Combata o Herpes e o Cobreiro Rapidamente - Transtoyou\",\"isPartOf\":{\"@id\":\"https:\/\/www.transtoyou.com\/pt\/#website\"},\"primaryImageOfPage\":{\"@id\":\"https:\/\/www.transtoyou.com\/pt\/product\/valaciclovir\/#primaryimage\"},\"image\":{\"@id\":\"https:\/\/www.transtoyou.com\/pt\/product\/valaciclovir\/#primaryimage\"},\"thumbnailUrl\":\"https:\/\/www.transtoyou.com\/pt\/wp-content\/uploads\/sites\/12\/2026\/01\/tty-no-product-image-26.webp\",\"datePublished\":\"2026-01-22T19:37:42+00:00\",\"dateModified\":\"2026-03-06T14:55:07+00:00\",\"description\":\"Valaciclovir, um antiviral eficaz para herpes, alivia sintomas e previne recorr\u00eancias. Conhe\u00e7a os benef\u00edcios no Transtoyou hoje.\",\"breadcrumb\":{\"@id\":\"https:\/\/www.transtoyou.com\/pt\/product\/valaciclovir\/#breadcrumb\"},\"inLanguage\":\"pt-PT\",\"potentialAction\":[{\"@type\":\"ReadAction\",\"target\":[\"https:\/\/www.transtoyou.com\/pt\/product\/valaciclovir\/\"]}]},{\"@type\":\"ImageObject\",\"inLanguage\":\"pt-PT\",\"@id\":\"https:\/\/www.transtoyou.com\/pt\/product\/valaciclovir\/#primaryimage\",\"url\":\"https:\/\/www.transtoyou.com\/pt\/wp-content\/uploads\/sites\/12\/2026\/01\/tty-no-product-image-26.webp\",\"contentUrl\":\"https:\/\/www.transtoyou.com\/pt\/wp-content\/uploads\/sites\/12\/2026\/01\/tty-no-product-image-26.webp\",\"width\":1000,\"height\":1000,\"caption\":\"Imagem padr\u00e3o do produto\"},{\"@type\":\"WebSite\",\"@id\":\"https:\/\/www.transtoyou.com\/pt\/#website\",\"url\":\"https:\/\/www.transtoyou.com\/pt\/\",\"name\":\"Transtoyou - PT\",\"description\":\"\",\"publisher\":{\"@id\":\"https:\/\/www.transtoyou.com\/pt\/#organization\"},\"potentialAction\":[{\"@type\":\"SearchAction\",\"target\":{\"@type\":\"EntryPoint\",\"urlTemplate\":\"https:\/\/www.transtoyou.com\/pt\/?s={search_term_string}\"},\"query-input\":{\"@type\":\"PropertyValueSpecification\",\"valueRequired\":true,\"valueName\":\"search_term_string\"}}],\"inLanguage\":\"pt-PT\"},{\"@type\":\"Organization\",\"@id\":\"https:\/\/www.transtoyou.com\/pt\/#organization\",\"name\":\"Transtoyou - PT\",\"url\":\"https:\/\/www.transtoyou.com\/pt\/\",\"logo\":{\"@type\":\"ImageObject\",\"inLanguage\":\"pt-PT\",\"@id\":\"https:\/\/www.transtoyou.com\/pt\/#\/schema\/logo\/image\/\",\"url\":\"https:\/\/www.transtoyou.com\/pt\/wp-content\/uploads\/sites\/12\/2026\/01\/logo-tty-menu-bar-300x87-1.webp\",\"contentUrl\":\"https:\/\/www.transtoyou.com\/pt\/wp-content\/uploads\/sites\/12\/2026\/01\/logo-tty-menu-bar-300x87-1.webp\",\"width\":300,\"height\":87,\"caption\":\"Transtoyou - PT\"},\"image\":{\"@id\":\"https:\/\/www.transtoyou.com\/pt\/#\/schema\/logo\/image\/\"}}]}<\/script>\n<!-- \/ Yoast SEO plugin. -->","yoast_head_json":{"title":"Valaciclovir | Combata o Herpes e o Cobreiro Rapidamente - Transtoyou","description":"Valaciclovir, um antiviral eficaz para herpes, alivia sintomas e previne recorr\u00eancias. Conhe\u00e7a os benef\u00edcios no Transtoyou hoje.","robots":{"index":"noindex","follow":"follow","max-snippet":"max-snippet:-1","max-image-preview":"max-image-preview:large","max-video-preview":"max-video-preview:-1"},"og_locale":"pt_PT","og_type":"article","og_title":"Valaciclovir | Combata o Herpes e o Cobreiro Rapidamente - Transtoyou","og_description":"Valaciclovir, um antiviral eficaz para herpes, alivia sintomas e previne recorr\u00eancias. Conhe\u00e7a os benef\u00edcios no Transtoyou hoje.","og_url":"https:\/\/www.transtoyou.com\/pt\/product\/valaciclovir\/","og_site_name":"Transtoyou - PT","article_modified_time":"2026-03-06T14:55:07+00:00","twitter_card":"summary_large_image","twitter_misc":{"Tempo estimado de leitura":"1 minuto"},"schema":{"@context":"https:\/\/schema.org","@graph":[{"@type":"WebPage","@id":"https:\/\/www.transtoyou.com\/pt\/product\/valaciclovir\/","url":"https:\/\/www.transtoyou.com\/pt\/product\/valaciclovir\/","name":"Valaciclovir | Combata o Herpes e o Cobreiro Rapidamente - Transtoyou","isPartOf":{"@id":"https:\/\/www.transtoyou.com\/pt\/#website"},"primaryImageOfPage":{"@id":"https:\/\/www.transtoyou.com\/pt\/product\/valaciclovir\/#primaryimage"},"image":{"@id":"https:\/\/www.transtoyou.com\/pt\/product\/valaciclovir\/#primaryimage"},"thumbnailUrl":"https:\/\/www.transtoyou.com\/pt\/wp-content\/uploads\/sites\/12\/2026\/01\/tty-no-product-image-26.webp","datePublished":"2026-01-22T19:37:42+00:00","dateModified":"2026-03-06T14:55:07+00:00","description":"Valaciclovir, um antiviral eficaz para herpes, alivia sintomas e previne recorr\u00eancias. Conhe\u00e7a os benef\u00edcios no Transtoyou hoje.","breadcrumb":{"@id":"https:\/\/www.transtoyou.com\/pt\/product\/valaciclovir\/#breadcrumb"},"inLanguage":"pt-PT","potentialAction":[{"@type":"ReadAction","target":["https:\/\/www.transtoyou.com\/pt\/product\/valaciclovir\/"]}]},{"@type":"ImageObject","inLanguage":"pt-PT","@id":"https:\/\/www.transtoyou.com\/pt\/product\/valaciclovir\/#primaryimage","url":"https:\/\/www.transtoyou.com\/pt\/wp-content\/uploads\/sites\/12\/2026\/01\/tty-no-product-image-26.webp","contentUrl":"https:\/\/www.transtoyou.com\/pt\/wp-content\/uploads\/sites\/12\/2026\/01\/tty-no-product-image-26.webp","width":1000,"height":1000,"caption":"Imagem padr\u00e3o do produto"},{"@type":"WebSite","@id":"https:\/\/www.transtoyou.com\/pt\/#website","url":"https:\/\/www.transtoyou.com\/pt\/","name":"Transtoyou - PT","description":"","publisher":{"@id":"https:\/\/www.transtoyou.com\/pt\/#organization"},"potentialAction":[{"@type":"SearchAction","target":{"@type":"EntryPoint","urlTemplate":"https:\/\/www.transtoyou.com\/pt\/?s={search_term_string}"},"query-input":{"@type":"PropertyValueSpecification","valueRequired":true,"valueName":"search_term_string"}}],"inLanguage":"pt-PT"},{"@type":"Organization","@id":"https:\/\/www.transtoyou.com\/pt\/#organization","name":"Transtoyou - PT","url":"https:\/\/www.transtoyou.com\/pt\/","logo":{"@type":"ImageObject","inLanguage":"pt-PT","@id":"https:\/\/www.transtoyou.com\/pt\/#\/schema\/logo\/image\/","url":"https:\/\/www.transtoyou.com\/pt\/wp-content\/uploads\/sites\/12\/2026\/01\/logo-tty-menu-bar-300x87-1.webp","contentUrl":"https:\/\/www.transtoyou.com\/pt\/wp-content\/uploads\/sites\/12\/2026\/01\/logo-tty-menu-bar-300x87-1.webp","width":300,"height":87,"caption":"Transtoyou - PT"},"image":{"@id":"https:\/\/www.transtoyou.com\/pt\/#\/schema\/logo\/image\/"}}]}},"_links":{"self":[{"href":"https:\/\/www.transtoyou.com\/pt\/wp-json\/wp\/v2\/product\/516","targetHints":{"allow":["GET"]}}],"collection":[{"href":"https:\/\/www.transtoyou.com\/pt\/wp-json\/wp\/v2\/product"}],"about":[{"href":"https:\/\/www.transtoyou.com\/pt\/wp-json\/wp\/v2\/types\/product"}],"replies":[{"embeddable":true,"href":"https:\/\/www.transtoyou.com\/pt\/wp-json\/wp\/v2\/comments?post=516"}],"wp:featuredmedia":[{"embeddable":true,"href":"https:\/\/www.transtoyou.com\/pt\/wp-json\/wp\/v2\/media\/518"}],"wp:attachment":[{"href":"https:\/\/www.transtoyou.com\/pt\/wp-json\/wp\/v2\/media?parent=516"}],"wp:term":[{"taxonomy":"product_brand","embeddable":true,"href":"https:\/\/www.transtoyou.com\/pt\/wp-json\/wp\/v2\/product_brand?post=516"},{"taxonomy":"product_cat","embeddable":true,"href":"https:\/\/www.transtoyou.com\/pt\/wp-json\/wp\/v2\/product_cat?post=516"},{"taxonomy":"product_tag","embeddable":true,"href":"https:\/\/www.transtoyou.com\/pt\/wp-json\/wp\/v2\/product_tag?post=516"},{"taxonomy":"expert","embeddable":true,"href":"https:\/\/www.transtoyou.com\/pt\/wp-json\/wp\/v2\/expert?post=516"}],"curies":[{"name":"wp","href":"https:\/\/api.w.org\/{rel}","templated":true}]}}