{"id":798,"date":"2026-01-23T15:52:23","date_gmt":"2026-01-23T15:52:23","guid":{"rendered":"https:\/\/www.transtoyou.com\/pt\/product\/levitra\/"},"modified":"2026-01-23T15:52:52","modified_gmt":"2026-01-23T15:52:52","slug":"levitra","status":"publish","type":"product","link":"https:\/\/www.transtoyou.com\/pt\/product\/levitra\/","title":{"rendered":"Levitra"},"content":{"rendered":"<p>Levitra \u00e9 um medicamento para homens que est\u00e3o enfrentando disfun\u00e7\u00e3o er\u00e9til, uma condi\u00e7\u00e3o em que se torna dif\u00edcil alcan\u00e7ar ou manter uma ere\u00e7\u00e3o. Cont\u00e9m o ingrediente ativo vardenafil, que pertence a um grupo de medicamentos conhecidos como inibidores da fosfodiesterase tipo 5 (PDE5). Esses medicamentos funcionam aumentando o fluxo sangu\u00edneo para o p\u00eanis durante a estimula\u00e7\u00e3o sexual, ajudando a alcan\u00e7ar uma ere\u00e7\u00e3o mais firme e sustent\u00e1vel.<\/p>\n<p>A disfun\u00e7\u00e3o er\u00e9til pode ter causas f\u00edsicas e emocionais. Levitra n\u00e3o aumenta o desejo sexual, mas melhora a resposta f\u00edsica \u00e0 estimula\u00e7\u00e3o. Uma vez tomado, come\u00e7a a agir em 30 a 60 minutos e permanece eficaz por at\u00e9 cinco horas. Isso permite uma experi\u00eancia mais natural e menos pressionada pelo tempo.<\/p>\n<p>Levitra \u00e9 geralmente tomado conforme necess\u00e1rio e deve ser engolido inteiro com \u00e1gua. Pode ser tomado com ou sem alimentos, embora uma refei\u00e7\u00e3o muito pesada ou gordurosa possa atrasar seu in\u00edcio. A dose inicial recomendada \u00e9 geralmente de 10 mg, mas isso pode ser ajustado dependendo de qu\u00e3o eficaz \u00e9 e se ocorrem efeitos colaterais.<\/p>\n<p>Os efeitos colaterais comuns incluem dor de cabe\u00e7a, rubor, congest\u00e3o nasal e tontura. Estes s\u00e3o geralmente leves e de curta dura\u00e7\u00e3o. Levitra n\u00e3o deve ser usado juntamente com medicamentos nitratos ou certos medicamentos para o cora\u00e7\u00e3o, pois a combina\u00e7\u00e3o pode causar uma queda significativa na press\u00e3o arterial.<\/p>\n","protected":false},"excerpt":{"rendered":"<ul>\n<li>Efetivo em 30\u201360 minutos<\/li>\n<li>Dura at\u00e9 5 horas<\/li>\n<li>Suporta a resposta er\u00e9til natural<\/li>\n<\/ul>\n","protected":false},"featured_media":800,"comment_status":"open","ping_status":"closed","template":"","meta":[],"product_brand":[],"product_cat":[95],"product_tag":[],"expert":[16],"class_list":{"0":"post-798","1":"product","2":"type-product","3":"status-publish","4":"has-post-thumbnail","6":"product_cat-tratamentos-para-disfuncao-eretil","7":"expert-dr-c-alexandru","9":"first","10":"instock","11":"shipping-taxable","12":"purchasable","13":"product-type-variable"},"yoast_head":"<!-- This site is optimized with the Yoast SEO plugin v27.0 - https:\/\/yoast.com\/product\/yoast-seo-wordpress\/ -->\n<title>Levitra | Aumenta a Intimidade e a Confian\u00e7a - Transtoyou<\/title>\n<meta name=\"description\" content=\"Descubra o Levitra na Transtoyou, uma plataforma digital de sa\u00fade confi\u00e1vel. Melhore sua jornada de bem-estar com produtos de sa\u00fade revisados clinicamente hoje.\" \/>\n<meta name=\"robots\" content=\"noindex, follow, max-snippet:-1, max-image-preview:large, max-video-preview:-1\" \/>\n<meta property=\"og:locale\" content=\"pt_PT\" \/>\n<meta property=\"og:type\" content=\"article\" \/>\n<meta property=\"og:title\" content=\"Levitra | Aumenta a Intimidade e a Confian\u00e7a - Transtoyou\" \/>\n<meta property=\"og:description\" content=\"Descubra o Levitra na Transtoyou, uma plataforma digital de sa\u00fade confi\u00e1vel. Melhore sua jornada de bem-estar com produtos de sa\u00fade revisados clinicamente hoje.\" \/>\n<meta property=\"og:url\" content=\"https:\/\/www.transtoyou.com\/pt\/product\/levitra\/\" \/>\n<meta property=\"og:site_name\" content=\"Transtoyou - PT\" \/>\n<meta property=\"article:modified_time\" content=\"2026-01-23T15:52:52+00:00\" \/>\n<meta name=\"twitter:card\" content=\"summary_large_image\" \/>\n<meta name=\"twitter:label1\" content=\"Tempo estimado de leitura\" \/>\n\t<meta name=\"twitter:data1\" content=\"1 minuto\" \/>\n<script type=\"application\/ld+json\" class=\"yoast-schema-graph\">{\"@context\":\"https:\/\/schema.org\",\"@graph\":[{\"@type\":\"WebPage\",\"@id\":\"https:\/\/www.transtoyou.com\/pt\/product\/levitra\/\",\"url\":\"https:\/\/www.transtoyou.com\/pt\/product\/levitra\/\",\"name\":\"Levitra | Aumenta a Intimidade e a Confian\u00e7a - Transtoyou\",\"isPartOf\":{\"@id\":\"https:\/\/www.transtoyou.com\/pt\/#website\"},\"primaryImageOfPage\":{\"@id\":\"https:\/\/www.transtoyou.com\/pt\/product\/levitra\/#primaryimage\"},\"image\":{\"@id\":\"https:\/\/www.transtoyou.com\/pt\/product\/levitra\/#primaryimage\"},\"thumbnailUrl\":\"https:\/\/www.transtoyou.com\/pt\/wp-content\/uploads\/sites\/12\/2026\/01\/tty-no-product-image-29.webp\",\"datePublished\":\"2026-01-23T15:52:23+00:00\",\"dateModified\":\"2026-01-23T15:52:52+00:00\",\"description\":\"Descubra o Levitra na Transtoyou, uma plataforma digital de sa\u00fade confi\u00e1vel. Melhore sua jornada de bem-estar com produtos de sa\u00fade revisados clinicamente hoje.\",\"breadcrumb\":{\"@id\":\"https:\/\/www.transtoyou.com\/pt\/product\/levitra\/#breadcrumb\"},\"inLanguage\":\"pt-PT\",\"potentialAction\":[{\"@type\":\"ReadAction\",\"target\":[\"https:\/\/www.transtoyou.com\/pt\/product\/levitra\/\"]}]},{\"@type\":\"ImageObject\",\"inLanguage\":\"pt-PT\",\"@id\":\"https:\/\/www.transtoyou.com\/pt\/product\/levitra\/#primaryimage\",\"url\":\"https:\/\/www.transtoyou.com\/pt\/wp-content\/uploads\/sites\/12\/2026\/01\/tty-no-product-image-29.webp\",\"contentUrl\":\"https:\/\/www.transtoyou.com\/pt\/wp-content\/uploads\/sites\/12\/2026\/01\/tty-no-product-image-29.webp\",\"width\":1000,\"height\":1000,\"caption\":\"Imagem padr\u00e3o do produto\"},{\"@type\":\"WebSite\",\"@id\":\"https:\/\/www.transtoyou.com\/pt\/#website\",\"url\":\"https:\/\/www.transtoyou.com\/pt\/\",\"name\":\"Transtoyou - PT\",\"description\":\"\",\"publisher\":{\"@id\":\"https:\/\/www.transtoyou.com\/pt\/#organization\"},\"potentialAction\":[{\"@type\":\"SearchAction\",\"target\":{\"@type\":\"EntryPoint\",\"urlTemplate\":\"https:\/\/www.transtoyou.com\/pt\/?s={search_term_string}\"},\"query-input\":{\"@type\":\"PropertyValueSpecification\",\"valueRequired\":true,\"valueName\":\"search_term_string\"}}],\"inLanguage\":\"pt-PT\"},{\"@type\":\"Organization\",\"@id\":\"https:\/\/www.transtoyou.com\/pt\/#organization\",\"name\":\"Transtoyou - PT\",\"url\":\"https:\/\/www.transtoyou.com\/pt\/\",\"logo\":{\"@type\":\"ImageObject\",\"inLanguage\":\"pt-PT\",\"@id\":\"https:\/\/www.transtoyou.com\/pt\/#\/schema\/logo\/image\/\",\"url\":\"https:\/\/www.transtoyou.com\/pt\/wp-content\/uploads\/sites\/12\/2026\/01\/logo-tty-menu-bar-300x87-1.webp\",\"contentUrl\":\"https:\/\/www.transtoyou.com\/pt\/wp-content\/uploads\/sites\/12\/2026\/01\/logo-tty-menu-bar-300x87-1.webp\",\"width\":300,\"height\":87,\"caption\":\"Transtoyou - PT\"},\"image\":{\"@id\":\"https:\/\/www.transtoyou.com\/pt\/#\/schema\/logo\/image\/\"}}]}<\/script>\n<!-- \/ Yoast SEO plugin. -->","yoast_head_json":{"title":"Levitra | Aumenta a Intimidade e a Confian\u00e7a - Transtoyou","description":"Descubra o Levitra na Transtoyou, uma plataforma digital de sa\u00fade confi\u00e1vel. Melhore sua jornada de bem-estar com produtos de sa\u00fade revisados clinicamente hoje.","robots":{"index":"noindex","follow":"follow","max-snippet":"max-snippet:-1","max-image-preview":"max-image-preview:large","max-video-preview":"max-video-preview:-1"},"og_locale":"pt_PT","og_type":"article","og_title":"Levitra | Aumenta a Intimidade e a Confian\u00e7a - Transtoyou","og_description":"Descubra o Levitra na Transtoyou, uma plataforma digital de sa\u00fade confi\u00e1vel. Melhore sua jornada de bem-estar com produtos de sa\u00fade revisados clinicamente hoje.","og_url":"https:\/\/www.transtoyou.com\/pt\/product\/levitra\/","og_site_name":"Transtoyou - PT","article_modified_time":"2026-01-23T15:52:52+00:00","twitter_card":"summary_large_image","twitter_misc":{"Tempo estimado de leitura":"1 minuto"},"schema":{"@context":"https:\/\/schema.org","@graph":[{"@type":"WebPage","@id":"https:\/\/www.transtoyou.com\/pt\/product\/levitra\/","url":"https:\/\/www.transtoyou.com\/pt\/product\/levitra\/","name":"Levitra | Aumenta a Intimidade e a Confian\u00e7a - Transtoyou","isPartOf":{"@id":"https:\/\/www.transtoyou.com\/pt\/#website"},"primaryImageOfPage":{"@id":"https:\/\/www.transtoyou.com\/pt\/product\/levitra\/#primaryimage"},"image":{"@id":"https:\/\/www.transtoyou.com\/pt\/product\/levitra\/#primaryimage"},"thumbnailUrl":"https:\/\/www.transtoyou.com\/pt\/wp-content\/uploads\/sites\/12\/2026\/01\/tty-no-product-image-29.webp","datePublished":"2026-01-23T15:52:23+00:00","dateModified":"2026-01-23T15:52:52+00:00","description":"Descubra o Levitra na Transtoyou, uma plataforma digital de sa\u00fade confi\u00e1vel. Melhore sua jornada de bem-estar com produtos de sa\u00fade revisados clinicamente hoje.","breadcrumb":{"@id":"https:\/\/www.transtoyou.com\/pt\/product\/levitra\/#breadcrumb"},"inLanguage":"pt-PT","potentialAction":[{"@type":"ReadAction","target":["https:\/\/www.transtoyou.com\/pt\/product\/levitra\/"]}]},{"@type":"ImageObject","inLanguage":"pt-PT","@id":"https:\/\/www.transtoyou.com\/pt\/product\/levitra\/#primaryimage","url":"https:\/\/www.transtoyou.com\/pt\/wp-content\/uploads\/sites\/12\/2026\/01\/tty-no-product-image-29.webp","contentUrl":"https:\/\/www.transtoyou.com\/pt\/wp-content\/uploads\/sites\/12\/2026\/01\/tty-no-product-image-29.webp","width":1000,"height":1000,"caption":"Imagem padr\u00e3o do produto"},{"@type":"WebSite","@id":"https:\/\/www.transtoyou.com\/pt\/#website","url":"https:\/\/www.transtoyou.com\/pt\/","name":"Transtoyou - PT","description":"","publisher":{"@id":"https:\/\/www.transtoyou.com\/pt\/#organization"},"potentialAction":[{"@type":"SearchAction","target":{"@type":"EntryPoint","urlTemplate":"https:\/\/www.transtoyou.com\/pt\/?s={search_term_string}"},"query-input":{"@type":"PropertyValueSpecification","valueRequired":true,"valueName":"search_term_string"}}],"inLanguage":"pt-PT"},{"@type":"Organization","@id":"https:\/\/www.transtoyou.com\/pt\/#organization","name":"Transtoyou - PT","url":"https:\/\/www.transtoyou.com\/pt\/","logo":{"@type":"ImageObject","inLanguage":"pt-PT","@id":"https:\/\/www.transtoyou.com\/pt\/#\/schema\/logo\/image\/","url":"https:\/\/www.transtoyou.com\/pt\/wp-content\/uploads\/sites\/12\/2026\/01\/logo-tty-menu-bar-300x87-1.webp","contentUrl":"https:\/\/www.transtoyou.com\/pt\/wp-content\/uploads\/sites\/12\/2026\/01\/logo-tty-menu-bar-300x87-1.webp","width":300,"height":87,"caption":"Transtoyou - PT"},"image":{"@id":"https:\/\/www.transtoyou.com\/pt\/#\/schema\/logo\/image\/"}}]}},"_links":{"self":[{"href":"https:\/\/www.transtoyou.com\/pt\/wp-json\/wp\/v2\/product\/798","targetHints":{"allow":["GET"]}}],"collection":[{"href":"https:\/\/www.transtoyou.com\/pt\/wp-json\/wp\/v2\/product"}],"about":[{"href":"https:\/\/www.transtoyou.com\/pt\/wp-json\/wp\/v2\/types\/product"}],"replies":[{"embeddable":true,"href":"https:\/\/www.transtoyou.com\/pt\/wp-json\/wp\/v2\/comments?post=798"}],"wp:featuredmedia":[{"embeddable":true,"href":"https:\/\/www.transtoyou.com\/pt\/wp-json\/wp\/v2\/media\/800"}],"wp:attachment":[{"href":"https:\/\/www.transtoyou.com\/pt\/wp-json\/wp\/v2\/media?parent=798"}],"wp:term":[{"taxonomy":"product_brand","embeddable":true,"href":"https:\/\/www.transtoyou.com\/pt\/wp-json\/wp\/v2\/product_brand?post=798"},{"taxonomy":"product_cat","embeddable":true,"href":"https:\/\/www.transtoyou.com\/pt\/wp-json\/wp\/v2\/product_cat?post=798"},{"taxonomy":"product_tag","embeddable":true,"href":"https:\/\/www.transtoyou.com\/pt\/wp-json\/wp\/v2\/product_tag?post=798"},{"taxonomy":"expert","embeddable":true,"href":"https:\/\/www.transtoyou.com\/pt\/wp-json\/wp\/v2\/expert?post=798"}],"curies":[{"name":"wp","href":"https:\/\/api.w.org\/{rel}","templated":true}]}}