{"id":801,"date":"2026-01-23T16:02:00","date_gmt":"2026-01-23T16:02:00","guid":{"rendered":"https:\/\/www.transtoyou.com\/pt\/product\/sandrena\/"},"modified":"2026-01-23T16:03:01","modified_gmt":"2026-01-23T16:03:01","slug":"sandrena","status":"publish","type":"product","link":"https:\/\/www.transtoyou.com\/pt\/product\/sandrena\/","title":{"rendered":"Sandrena"},"content":{"rendered":"<p>Sandrena \u00e9 um gel transd\u00e9rmico que cont\u00e9m hemihidrato de estradiol, uma forma de estrog\u00eanio. Ele trata os sintomas associados \u00e0 defici\u00eancia de estrog\u00eanio durante a menopausa natural ou cir\u00fargica, como ondas de calor, suores noturnos e secura vaginal. Sandrena tamb\u00e9m pode ser usado na preven\u00e7\u00e3o precoce da osteoporose p\u00f3s-menop\u00e1usica.<\/p>\n<p>A medica\u00e7\u00e3o funciona entregando estradiol diretamente atrav\u00e9s da pele na corrente sangu\u00ednea, contornando o f\u00edgado e reduzindo as flutua\u00e7\u00f5es hormonais em compara\u00e7\u00e3o com os estrog\u00eanios orais. O estradiol se liga aos receptores de estrog\u00eanio, exercendo efeitos anti-osteopor\u00f3ticos, reguladores de lip\u00eddios e estabilizadores vasomotores. Ele tamb\u00e9m mant\u00e9m a sa\u00fade da pele, do trato urin\u00e1rio e dos ossos.<\/p>\n<p>No corpo, Sandrena eleva efetivamente os n\u00edveis de estradiol para restaurar o equil\u00edbrio hormonal, melhorando os sintomas da menopausa enquanto mant\u00e9m uma rela\u00e7\u00e3o favor\u00e1vel entre estradiol e estrona. Oferece n\u00edveis sangu\u00edneos est\u00e1veis com flutua\u00e7\u00f5es di\u00e1rias m\u00ednimas e pode ser facilmente ajustado com base nas necessidades terap\u00eauticas individuais.<\/p>\n<p>Sandrena \u00e9 geralmente bem tolerado, embora exija combina\u00e7\u00e3o com um progest\u00f3geno em mulheres com \u00fatero intacto para prevenir a hiperplasia endometrial.<\/p>\n","protected":false},"excerpt":{"rendered":"<ul>\n<li>Al\u00edvio para os sintomas da menopausa<\/li>\n<li>Tratamento com gel de estrog\u00eanio transd\u00e9rmico<\/li>\n<li>Ajuda a prevenir a osteoporose precoce<\/li>\n<\/ul>\n","protected":false},"featured_media":803,"comment_status":"open","ping_status":"closed","template":"","meta":[],"product_brand":[],"product_cat":[96,119],"product_tag":[],"expert":[17],"class_list":{"0":"post-801","1":"product","2":"type-product","3":"status-publish","4":"has-post-thumbnail","6":"product_cat-estrogenio-e-terapia-feminilizante","7":"product_cat-terapia-de-reposicao-hormonal-trh","8":"expert-dr-c-munoz-parada","10":"first","11":"instock","12":"shipping-taxable","13":"product-type-variable"},"yoast_head":"<!-- This site is optimized with the Yoast SEO plugin v27.0 - https:\/\/yoast.com\/product\/yoast-seo-wordpress\/ -->\n<title>Sandrena | Suporte Confi\u00e1vel para Equil\u00edbrio Hormonal - Transtoyou<\/title>\n<meta name=\"description\" content=\"Sandrena dispon\u00edvel agora na Transtoyou, oferecendo suporte hormonal com benef\u00edcios revisados clinicamente. Compre hoje solu\u00e7\u00f5es de sa\u00fade confi\u00e1veis e de qualidade.\" \/>\n<meta name=\"robots\" content=\"noindex, follow, max-snippet:-1, max-image-preview:large, max-video-preview:-1\" \/>\n<meta property=\"og:locale\" content=\"pt_PT\" \/>\n<meta property=\"og:type\" content=\"article\" \/>\n<meta property=\"og:title\" content=\"Sandrena | Suporte Confi\u00e1vel para Equil\u00edbrio Hormonal - Transtoyou\" \/>\n<meta property=\"og:description\" content=\"Sandrena dispon\u00edvel agora na Transtoyou, oferecendo suporte hormonal com benef\u00edcios revisados clinicamente. Compre hoje solu\u00e7\u00f5es de sa\u00fade confi\u00e1veis e de qualidade.\" \/>\n<meta property=\"og:url\" content=\"https:\/\/www.transtoyou.com\/pt\/product\/sandrena\/\" \/>\n<meta property=\"og:site_name\" content=\"Transtoyou - PT\" \/>\n<meta property=\"article:modified_time\" content=\"2026-01-23T16:03:01+00:00\" \/>\n<meta name=\"twitter:card\" content=\"summary_large_image\" \/>\n<meta name=\"twitter:label1\" content=\"Tempo estimado de leitura\" \/>\n\t<meta name=\"twitter:data1\" content=\"1 minuto\" \/>\n<script type=\"application\/ld+json\" class=\"yoast-schema-graph\">{\"@context\":\"https:\/\/schema.org\",\"@graph\":[{\"@type\":\"WebPage\",\"@id\":\"https:\/\/www.transtoyou.com\/pt\/product\/sandrena\/\",\"url\":\"https:\/\/www.transtoyou.com\/pt\/product\/sandrena\/\",\"name\":\"Sandrena | Suporte Confi\u00e1vel para Equil\u00edbrio Hormonal - Transtoyou\",\"isPartOf\":{\"@id\":\"https:\/\/www.transtoyou.com\/pt\/#website\"},\"primaryImageOfPage\":{\"@id\":\"https:\/\/www.transtoyou.com\/pt\/product\/sandrena\/#primaryimage\"},\"image\":{\"@id\":\"https:\/\/www.transtoyou.com\/pt\/product\/sandrena\/#primaryimage\"},\"thumbnailUrl\":\"https:\/\/www.transtoyou.com\/pt\/wp-content\/uploads\/sites\/12\/2026\/01\/tty-no-product-image-30.webp\",\"datePublished\":\"2026-01-23T16:02:00+00:00\",\"dateModified\":\"2026-01-23T16:03:01+00:00\",\"description\":\"Sandrena dispon\u00edvel agora na Transtoyou, oferecendo suporte hormonal com benef\u00edcios revisados clinicamente. Compre hoje solu\u00e7\u00f5es de sa\u00fade confi\u00e1veis e de qualidade.\",\"breadcrumb\":{\"@id\":\"https:\/\/www.transtoyou.com\/pt\/product\/sandrena\/#breadcrumb\"},\"inLanguage\":\"pt-PT\",\"potentialAction\":[{\"@type\":\"ReadAction\",\"target\":[\"https:\/\/www.transtoyou.com\/pt\/product\/sandrena\/\"]}]},{\"@type\":\"ImageObject\",\"inLanguage\":\"pt-PT\",\"@id\":\"https:\/\/www.transtoyou.com\/pt\/product\/sandrena\/#primaryimage\",\"url\":\"https:\/\/www.transtoyou.com\/pt\/wp-content\/uploads\/sites\/12\/2026\/01\/tty-no-product-image-30.webp\",\"contentUrl\":\"https:\/\/www.transtoyou.com\/pt\/wp-content\/uploads\/sites\/12\/2026\/01\/tty-no-product-image-30.webp\",\"width\":1000,\"height\":1000,\"caption\":\"Imagem padr\u00e3o do produto\"},{\"@type\":\"WebSite\",\"@id\":\"https:\/\/www.transtoyou.com\/pt\/#website\",\"url\":\"https:\/\/www.transtoyou.com\/pt\/\",\"name\":\"Transtoyou - PT\",\"description\":\"\",\"publisher\":{\"@id\":\"https:\/\/www.transtoyou.com\/pt\/#organization\"},\"potentialAction\":[{\"@type\":\"SearchAction\",\"target\":{\"@type\":\"EntryPoint\",\"urlTemplate\":\"https:\/\/www.transtoyou.com\/pt\/?s={search_term_string}\"},\"query-input\":{\"@type\":\"PropertyValueSpecification\",\"valueRequired\":true,\"valueName\":\"search_term_string\"}}],\"inLanguage\":\"pt-PT\"},{\"@type\":\"Organization\",\"@id\":\"https:\/\/www.transtoyou.com\/pt\/#organization\",\"name\":\"Transtoyou - PT\",\"url\":\"https:\/\/www.transtoyou.com\/pt\/\",\"logo\":{\"@type\":\"ImageObject\",\"inLanguage\":\"pt-PT\",\"@id\":\"https:\/\/www.transtoyou.com\/pt\/#\/schema\/logo\/image\/\",\"url\":\"https:\/\/www.transtoyou.com\/pt\/wp-content\/uploads\/sites\/12\/2026\/01\/logo-tty-menu-bar-300x87-1.webp\",\"contentUrl\":\"https:\/\/www.transtoyou.com\/pt\/wp-content\/uploads\/sites\/12\/2026\/01\/logo-tty-menu-bar-300x87-1.webp\",\"width\":300,\"height\":87,\"caption\":\"Transtoyou - PT\"},\"image\":{\"@id\":\"https:\/\/www.transtoyou.com\/pt\/#\/schema\/logo\/image\/\"}}]}<\/script>\n<!-- \/ Yoast SEO plugin. -->","yoast_head_json":{"title":"Sandrena | Suporte Confi\u00e1vel para Equil\u00edbrio Hormonal - Transtoyou","description":"Sandrena dispon\u00edvel agora na Transtoyou, oferecendo suporte hormonal com benef\u00edcios revisados clinicamente. Compre hoje solu\u00e7\u00f5es de sa\u00fade confi\u00e1veis e de qualidade.","robots":{"index":"noindex","follow":"follow","max-snippet":"max-snippet:-1","max-image-preview":"max-image-preview:large","max-video-preview":"max-video-preview:-1"},"og_locale":"pt_PT","og_type":"article","og_title":"Sandrena | Suporte Confi\u00e1vel para Equil\u00edbrio Hormonal - Transtoyou","og_description":"Sandrena dispon\u00edvel agora na Transtoyou, oferecendo suporte hormonal com benef\u00edcios revisados clinicamente. Compre hoje solu\u00e7\u00f5es de sa\u00fade confi\u00e1veis e de qualidade.","og_url":"https:\/\/www.transtoyou.com\/pt\/product\/sandrena\/","og_site_name":"Transtoyou - PT","article_modified_time":"2026-01-23T16:03:01+00:00","twitter_card":"summary_large_image","twitter_misc":{"Tempo estimado de leitura":"1 minuto"},"schema":{"@context":"https:\/\/schema.org","@graph":[{"@type":"WebPage","@id":"https:\/\/www.transtoyou.com\/pt\/product\/sandrena\/","url":"https:\/\/www.transtoyou.com\/pt\/product\/sandrena\/","name":"Sandrena | Suporte Confi\u00e1vel para Equil\u00edbrio Hormonal - Transtoyou","isPartOf":{"@id":"https:\/\/www.transtoyou.com\/pt\/#website"},"primaryImageOfPage":{"@id":"https:\/\/www.transtoyou.com\/pt\/product\/sandrena\/#primaryimage"},"image":{"@id":"https:\/\/www.transtoyou.com\/pt\/product\/sandrena\/#primaryimage"},"thumbnailUrl":"https:\/\/www.transtoyou.com\/pt\/wp-content\/uploads\/sites\/12\/2026\/01\/tty-no-product-image-30.webp","datePublished":"2026-01-23T16:02:00+00:00","dateModified":"2026-01-23T16:03:01+00:00","description":"Sandrena dispon\u00edvel agora na Transtoyou, oferecendo suporte hormonal com benef\u00edcios revisados clinicamente. Compre hoje solu\u00e7\u00f5es de sa\u00fade confi\u00e1veis e de qualidade.","breadcrumb":{"@id":"https:\/\/www.transtoyou.com\/pt\/product\/sandrena\/#breadcrumb"},"inLanguage":"pt-PT","potentialAction":[{"@type":"ReadAction","target":["https:\/\/www.transtoyou.com\/pt\/product\/sandrena\/"]}]},{"@type":"ImageObject","inLanguage":"pt-PT","@id":"https:\/\/www.transtoyou.com\/pt\/product\/sandrena\/#primaryimage","url":"https:\/\/www.transtoyou.com\/pt\/wp-content\/uploads\/sites\/12\/2026\/01\/tty-no-product-image-30.webp","contentUrl":"https:\/\/www.transtoyou.com\/pt\/wp-content\/uploads\/sites\/12\/2026\/01\/tty-no-product-image-30.webp","width":1000,"height":1000,"caption":"Imagem padr\u00e3o do produto"},{"@type":"WebSite","@id":"https:\/\/www.transtoyou.com\/pt\/#website","url":"https:\/\/www.transtoyou.com\/pt\/","name":"Transtoyou - PT","description":"","publisher":{"@id":"https:\/\/www.transtoyou.com\/pt\/#organization"},"potentialAction":[{"@type":"SearchAction","target":{"@type":"EntryPoint","urlTemplate":"https:\/\/www.transtoyou.com\/pt\/?s={search_term_string}"},"query-input":{"@type":"PropertyValueSpecification","valueRequired":true,"valueName":"search_term_string"}}],"inLanguage":"pt-PT"},{"@type":"Organization","@id":"https:\/\/www.transtoyou.com\/pt\/#organization","name":"Transtoyou - PT","url":"https:\/\/www.transtoyou.com\/pt\/","logo":{"@type":"ImageObject","inLanguage":"pt-PT","@id":"https:\/\/www.transtoyou.com\/pt\/#\/schema\/logo\/image\/","url":"https:\/\/www.transtoyou.com\/pt\/wp-content\/uploads\/sites\/12\/2026\/01\/logo-tty-menu-bar-300x87-1.webp","contentUrl":"https:\/\/www.transtoyou.com\/pt\/wp-content\/uploads\/sites\/12\/2026\/01\/logo-tty-menu-bar-300x87-1.webp","width":300,"height":87,"caption":"Transtoyou - PT"},"image":{"@id":"https:\/\/www.transtoyou.com\/pt\/#\/schema\/logo\/image\/"}}]}},"_links":{"self":[{"href":"https:\/\/www.transtoyou.com\/pt\/wp-json\/wp\/v2\/product\/801","targetHints":{"allow":["GET"]}}],"collection":[{"href":"https:\/\/www.transtoyou.com\/pt\/wp-json\/wp\/v2\/product"}],"about":[{"href":"https:\/\/www.transtoyou.com\/pt\/wp-json\/wp\/v2\/types\/product"}],"replies":[{"embeddable":true,"href":"https:\/\/www.transtoyou.com\/pt\/wp-json\/wp\/v2\/comments?post=801"}],"wp:featuredmedia":[{"embeddable":true,"href":"https:\/\/www.transtoyou.com\/pt\/wp-json\/wp\/v2\/media\/803"}],"wp:attachment":[{"href":"https:\/\/www.transtoyou.com\/pt\/wp-json\/wp\/v2\/media?parent=801"}],"wp:term":[{"taxonomy":"product_brand","embeddable":true,"href":"https:\/\/www.transtoyou.com\/pt\/wp-json\/wp\/v2\/product_brand?post=801"},{"taxonomy":"product_cat","embeddable":true,"href":"https:\/\/www.transtoyou.com\/pt\/wp-json\/wp\/v2\/product_cat?post=801"},{"taxonomy":"product_tag","embeddable":true,"href":"https:\/\/www.transtoyou.com\/pt\/wp-json\/wp\/v2\/product_tag?post=801"},{"taxonomy":"expert","embeddable":true,"href":"https:\/\/www.transtoyou.com\/pt\/wp-json\/wp\/v2\/expert?post=801"}],"curies":[{"name":"wp","href":"https:\/\/api.w.org\/{rel}","templated":true}]}}