{"id":804,"date":"2026-01-23T16:16:38","date_gmt":"2026-01-23T16:16:38","guid":{"rendered":"https:\/\/www.transtoyou.com\/pt\/product\/spedra\/"},"modified":"2026-03-05T13:29:58","modified_gmt":"2026-03-05T11:29:58","slug":"spedra","status":"publish","type":"product","link":"https:\/\/www.transtoyou.com\/pt\/product\/spedra\/","title":{"rendered":"Spedra"},"content":{"rendered":"<p>Spedra \u00e9 uma medica\u00e7\u00e3o de a\u00e7\u00e3o r\u00e1pida usada para tratar a disfun\u00e7\u00e3o er\u00e9til (DE). Cont\u00e9m avanafil, um inibidor seletivo da fosfodiesterase tipo 5 (PDE5). Quando um homem \u00e9 sexualmente estimulado, o fluxo sangu\u00edneo aumenta, produzindo uma ere\u00e7\u00e3o. O avanafil bloqueia a enzima PDE5 para prolongar o processo de ere\u00e7\u00e3o.<\/p>\n<p>Spedra \u00e9 indicada para DE, incluindo aqueles com sintomas leves a severos, desde que haja estimula\u00e7\u00e3o sexual presente. N\u00e3o \u00e9 eficaz sem isso. O in\u00edcio da a\u00e7\u00e3o ocorre em apenas 15 a 30 minutos, e os efeitos podem durar at\u00e9 2 horas, dependendo do indiv\u00edduo.<\/p>\n<p>Esta medica\u00e7\u00e3o \u00e9 bem tolerada e tem um perfil de seguran\u00e7a favor\u00e1vel quando usada conforme prescrito. Pode ser usada por todas as idades, incluindo adultos mais velhos, e tem a vantagem de ser rapidamente absorvida. Ao contr\u00e1rio de alguns inibidores da PDE5, as intera\u00e7\u00f5es alimentares do Spedra s\u00e3o m\u00ednimas, embora uma refei\u00e7\u00e3o rica em gordura possa atrasar ligeiramente a absor\u00e7\u00e3o.<\/p>\n","protected":false},"excerpt":{"rendered":"<ul>\n<li>In\u00edcio r\u00e1pido em 15\u201330 minutos<\/li>\n<li>Eficaz por at\u00e9 2 horas<\/li>\n<li>Pode ser tomado com ou sem alimentos<\/li>\n<\/ul>\n","protected":false},"featured_media":806,"comment_status":"open","ping_status":"closed","template":"","meta":[],"product_brand":[],"product_cat":[95],"product_tag":[],"expert":[17],"class_list":{"0":"post-804","1":"product","2":"type-product","3":"status-publish","4":"has-post-thumbnail","6":"product_cat-tratamentos-para-disfuncao-eretil","7":"expert-dr-c-munoz-parada","9":"first","10":"instock","11":"shipping-taxable","12":"product-type-variable"},"yoast_head":"<!-- This site is optimized with the Yoast SEO plugin v27.0 - https:\/\/yoast.com\/product\/yoast-seo-wordpress\/ -->\n<title>Spedra | Solu\u00e7\u00e3o R\u00e1pida para Disfun\u00e7\u00e3o Er\u00e9til - Transtoyou<\/title>\n<meta name=\"description\" content=\"Spedra, dispon\u00edvel agora na Transtoyou. Melhore seu bem-estar com este produto de sa\u00fade exclusivo. Conhe\u00e7a os benef\u00edcios e compre j\u00e1!\" \/>\n<meta name=\"robots\" content=\"noindex, follow, max-snippet:-1, max-image-preview:large, max-video-preview:-1\" \/>\n<meta property=\"og:locale\" content=\"pt_PT\" \/>\n<meta property=\"og:type\" content=\"article\" \/>\n<meta property=\"og:title\" content=\"Spedra | Solu\u00e7\u00e3o R\u00e1pida para Disfun\u00e7\u00e3o Er\u00e9til - Transtoyou\" \/>\n<meta property=\"og:description\" content=\"Spedra, dispon\u00edvel agora na Transtoyou. Melhore seu bem-estar com este produto de sa\u00fade exclusivo. Conhe\u00e7a os benef\u00edcios e compre j\u00e1!\" \/>\n<meta property=\"og:url\" content=\"https:\/\/www.transtoyou.com\/pt\/product\/spedra\/\" \/>\n<meta property=\"og:site_name\" content=\"Transtoyou - PT\" \/>\n<meta property=\"article:modified_time\" content=\"2026-03-05T11:29:58+00:00\" \/>\n<meta name=\"twitter:card\" content=\"summary_large_image\" \/>\n<meta name=\"twitter:label1\" content=\"Tempo estimado de leitura\" \/>\n\t<meta name=\"twitter:data1\" content=\"1 minuto\" \/>\n<script type=\"application\/ld+json\" class=\"yoast-schema-graph\">{\"@context\":\"https:\/\/schema.org\",\"@graph\":[{\"@type\":\"WebPage\",\"@id\":\"https:\/\/www.transtoyou.com\/pt\/product\/spedra\/\",\"url\":\"https:\/\/www.transtoyou.com\/pt\/product\/spedra\/\",\"name\":\"Spedra | Solu\u00e7\u00e3o R\u00e1pida para Disfun\u00e7\u00e3o Er\u00e9til - Transtoyou\",\"isPartOf\":{\"@id\":\"https:\/\/www.transtoyou.com\/pt\/#website\"},\"primaryImageOfPage\":{\"@id\":\"https:\/\/www.transtoyou.com\/pt\/product\/spedra\/#primaryimage\"},\"image\":{\"@id\":\"https:\/\/www.transtoyou.com\/pt\/product\/spedra\/#primaryimage\"},\"thumbnailUrl\":\"https:\/\/www.transtoyou.com\/pt\/wp-content\/uploads\/sites\/12\/2026\/01\/tty-no-product-image-31.webp\",\"datePublished\":\"2026-01-23T16:16:38+00:00\",\"dateModified\":\"2026-03-05T11:29:58+00:00\",\"description\":\"Spedra, dispon\u00edvel agora na Transtoyou. Melhore seu bem-estar com este produto de sa\u00fade exclusivo. Conhe\u00e7a os benef\u00edcios e compre j\u00e1!\",\"breadcrumb\":{\"@id\":\"https:\/\/www.transtoyou.com\/pt\/product\/spedra\/#breadcrumb\"},\"inLanguage\":\"pt-PT\",\"potentialAction\":[{\"@type\":\"ReadAction\",\"target\":[\"https:\/\/www.transtoyou.com\/pt\/product\/spedra\/\"]}]},{\"@type\":\"ImageObject\",\"inLanguage\":\"pt-PT\",\"@id\":\"https:\/\/www.transtoyou.com\/pt\/product\/spedra\/#primaryimage\",\"url\":\"https:\/\/www.transtoyou.com\/pt\/wp-content\/uploads\/sites\/12\/2026\/01\/tty-no-product-image-31.webp\",\"contentUrl\":\"https:\/\/www.transtoyou.com\/pt\/wp-content\/uploads\/sites\/12\/2026\/01\/tty-no-product-image-31.webp\",\"width\":1000,\"height\":1000,\"caption\":\"Imagem padr\u00e3o do produto\"},{\"@type\":\"WebSite\",\"@id\":\"https:\/\/www.transtoyou.com\/pt\/#website\",\"url\":\"https:\/\/www.transtoyou.com\/pt\/\",\"name\":\"Transtoyou - PT\",\"description\":\"\",\"publisher\":{\"@id\":\"https:\/\/www.transtoyou.com\/pt\/#organization\"},\"potentialAction\":[{\"@type\":\"SearchAction\",\"target\":{\"@type\":\"EntryPoint\",\"urlTemplate\":\"https:\/\/www.transtoyou.com\/pt\/?s={search_term_string}\"},\"query-input\":{\"@type\":\"PropertyValueSpecification\",\"valueRequired\":true,\"valueName\":\"search_term_string\"}}],\"inLanguage\":\"pt-PT\"},{\"@type\":\"Organization\",\"@id\":\"https:\/\/www.transtoyou.com\/pt\/#organization\",\"name\":\"Transtoyou - PT\",\"url\":\"https:\/\/www.transtoyou.com\/pt\/\",\"logo\":{\"@type\":\"ImageObject\",\"inLanguage\":\"pt-PT\",\"@id\":\"https:\/\/www.transtoyou.com\/pt\/#\/schema\/logo\/image\/\",\"url\":\"https:\/\/www.transtoyou.com\/pt\/wp-content\/uploads\/sites\/12\/2026\/01\/logo-tty-menu-bar-300x87-1.webp\",\"contentUrl\":\"https:\/\/www.transtoyou.com\/pt\/wp-content\/uploads\/sites\/12\/2026\/01\/logo-tty-menu-bar-300x87-1.webp\",\"width\":300,\"height\":87,\"caption\":\"Transtoyou - PT\"},\"image\":{\"@id\":\"https:\/\/www.transtoyou.com\/pt\/#\/schema\/logo\/image\/\"}}]}<\/script>\n<!-- \/ Yoast SEO plugin. -->","yoast_head_json":{"title":"Spedra | Solu\u00e7\u00e3o R\u00e1pida para Disfun\u00e7\u00e3o Er\u00e9til - Transtoyou","description":"Spedra, dispon\u00edvel agora na Transtoyou. Melhore seu bem-estar com este produto de sa\u00fade exclusivo. Conhe\u00e7a os benef\u00edcios e compre j\u00e1!","robots":{"index":"noindex","follow":"follow","max-snippet":"max-snippet:-1","max-image-preview":"max-image-preview:large","max-video-preview":"max-video-preview:-1"},"og_locale":"pt_PT","og_type":"article","og_title":"Spedra | Solu\u00e7\u00e3o R\u00e1pida para Disfun\u00e7\u00e3o Er\u00e9til - Transtoyou","og_description":"Spedra, dispon\u00edvel agora na Transtoyou. Melhore seu bem-estar com este produto de sa\u00fade exclusivo. Conhe\u00e7a os benef\u00edcios e compre j\u00e1!","og_url":"https:\/\/www.transtoyou.com\/pt\/product\/spedra\/","og_site_name":"Transtoyou - PT","article_modified_time":"2026-03-05T11:29:58+00:00","twitter_card":"summary_large_image","twitter_misc":{"Tempo estimado de leitura":"1 minuto"},"schema":{"@context":"https:\/\/schema.org","@graph":[{"@type":"WebPage","@id":"https:\/\/www.transtoyou.com\/pt\/product\/spedra\/","url":"https:\/\/www.transtoyou.com\/pt\/product\/spedra\/","name":"Spedra | Solu\u00e7\u00e3o R\u00e1pida para Disfun\u00e7\u00e3o Er\u00e9til - Transtoyou","isPartOf":{"@id":"https:\/\/www.transtoyou.com\/pt\/#website"},"primaryImageOfPage":{"@id":"https:\/\/www.transtoyou.com\/pt\/product\/spedra\/#primaryimage"},"image":{"@id":"https:\/\/www.transtoyou.com\/pt\/product\/spedra\/#primaryimage"},"thumbnailUrl":"https:\/\/www.transtoyou.com\/pt\/wp-content\/uploads\/sites\/12\/2026\/01\/tty-no-product-image-31.webp","datePublished":"2026-01-23T16:16:38+00:00","dateModified":"2026-03-05T11:29:58+00:00","description":"Spedra, dispon\u00edvel agora na Transtoyou. Melhore seu bem-estar com este produto de sa\u00fade exclusivo. Conhe\u00e7a os benef\u00edcios e compre j\u00e1!","breadcrumb":{"@id":"https:\/\/www.transtoyou.com\/pt\/product\/spedra\/#breadcrumb"},"inLanguage":"pt-PT","potentialAction":[{"@type":"ReadAction","target":["https:\/\/www.transtoyou.com\/pt\/product\/spedra\/"]}]},{"@type":"ImageObject","inLanguage":"pt-PT","@id":"https:\/\/www.transtoyou.com\/pt\/product\/spedra\/#primaryimage","url":"https:\/\/www.transtoyou.com\/pt\/wp-content\/uploads\/sites\/12\/2026\/01\/tty-no-product-image-31.webp","contentUrl":"https:\/\/www.transtoyou.com\/pt\/wp-content\/uploads\/sites\/12\/2026\/01\/tty-no-product-image-31.webp","width":1000,"height":1000,"caption":"Imagem padr\u00e3o do produto"},{"@type":"WebSite","@id":"https:\/\/www.transtoyou.com\/pt\/#website","url":"https:\/\/www.transtoyou.com\/pt\/","name":"Transtoyou - PT","description":"","publisher":{"@id":"https:\/\/www.transtoyou.com\/pt\/#organization"},"potentialAction":[{"@type":"SearchAction","target":{"@type":"EntryPoint","urlTemplate":"https:\/\/www.transtoyou.com\/pt\/?s={search_term_string}"},"query-input":{"@type":"PropertyValueSpecification","valueRequired":true,"valueName":"search_term_string"}}],"inLanguage":"pt-PT"},{"@type":"Organization","@id":"https:\/\/www.transtoyou.com\/pt\/#organization","name":"Transtoyou - PT","url":"https:\/\/www.transtoyou.com\/pt\/","logo":{"@type":"ImageObject","inLanguage":"pt-PT","@id":"https:\/\/www.transtoyou.com\/pt\/#\/schema\/logo\/image\/","url":"https:\/\/www.transtoyou.com\/pt\/wp-content\/uploads\/sites\/12\/2026\/01\/logo-tty-menu-bar-300x87-1.webp","contentUrl":"https:\/\/www.transtoyou.com\/pt\/wp-content\/uploads\/sites\/12\/2026\/01\/logo-tty-menu-bar-300x87-1.webp","width":300,"height":87,"caption":"Transtoyou - PT"},"image":{"@id":"https:\/\/www.transtoyou.com\/pt\/#\/schema\/logo\/image\/"}}]}},"_links":{"self":[{"href":"https:\/\/www.transtoyou.com\/pt\/wp-json\/wp\/v2\/product\/804","targetHints":{"allow":["GET"]}}],"collection":[{"href":"https:\/\/www.transtoyou.com\/pt\/wp-json\/wp\/v2\/product"}],"about":[{"href":"https:\/\/www.transtoyou.com\/pt\/wp-json\/wp\/v2\/types\/product"}],"replies":[{"embeddable":true,"href":"https:\/\/www.transtoyou.com\/pt\/wp-json\/wp\/v2\/comments?post=804"}],"wp:featuredmedia":[{"embeddable":true,"href":"https:\/\/www.transtoyou.com\/pt\/wp-json\/wp\/v2\/media\/806"}],"wp:attachment":[{"href":"https:\/\/www.transtoyou.com\/pt\/wp-json\/wp\/v2\/media?parent=804"}],"wp:term":[{"taxonomy":"product_brand","embeddable":true,"href":"https:\/\/www.transtoyou.com\/pt\/wp-json\/wp\/v2\/product_brand?post=804"},{"taxonomy":"product_cat","embeddable":true,"href":"https:\/\/www.transtoyou.com\/pt\/wp-json\/wp\/v2\/product_cat?post=804"},{"taxonomy":"product_tag","embeddable":true,"href":"https:\/\/www.transtoyou.com\/pt\/wp-json\/wp\/v2\/product_tag?post=804"},{"taxonomy":"expert","embeddable":true,"href":"https:\/\/www.transtoyou.com\/pt\/wp-json\/wp\/v2\/expert?post=804"}],"curies":[{"name":"wp","href":"https:\/\/api.w.org\/{rel}","templated":true}]}}