{"id":807,"date":"2026-01-23T16:31:13","date_gmt":"2026-01-23T16:31:13","guid":{"rendered":"https:\/\/www.transtoyou.com\/pt\/product\/fucidin\/"},"modified":"2026-01-23T16:32:04","modified_gmt":"2026-01-23T16:32:04","slug":"fucidina","status":"publish","type":"product","link":"https:\/\/www.transtoyou.com\/pt\/product\/fucidina\/","title":{"rendered":"Fucidin"},"content":{"rendered":"<p>Fucidin \u00e9 um antibi\u00f3tico t\u00f3pico usado para tratar infec\u00e7\u00f5es de pele causadas por certas bact\u00e9rias. Cont\u00e9m \u00e1cido fus\u00eddico, um antibi\u00f3tico semelhante a esteroides que atua inibindo o processo de s\u00edntese de prote\u00ednas bacterianas, efetivamente interrompendo o crescimento e a propaga\u00e7\u00e3o das bact\u00e9rias.<\/p>\n<p>Fucidin \u00e9 comumente prescrito para infec\u00e7\u00f5es de pele localizadas, como impetigo, eczema infectado, foliculite, fur\u00fanculos, \u00falceras infectadas e picadas de insetos infectadas.<\/p>\n<p>Ajuda a reduzir a vermelhid\u00e3o, a inflama\u00e7\u00e3o, o incha\u00e7o e a secre\u00e7\u00e3o causados pela infec\u00e7\u00e3o. N\u00e3o possui propriedades antif\u00fangicas ou antivirais, portanto, n\u00e3o \u00e9 eficaz para infec\u00e7\u00f5es causadas por fungos ou v\u00edrus.<\/p>\n<p>Os principais benef\u00edcios do Fucidin incluem sua alta efic\u00e1cia contra bact\u00e9rias, al\u00edvio r\u00e1pido dos sintomas e boa toler\u00e2ncia da pele. \u00c9 adequado para uso a curto prazo e pode ser usado com ou sem curativos, dependendo da gravidade e localiza\u00e7\u00e3o da les\u00e3o. \u00c9 especialmente \u00fatil quando antibi\u00f3ticos sist\u00eamicos n\u00e3o s\u00e3o necess\u00e1rios ou para evitar o uso de antibi\u00f3ticos orais.<\/p>\n","protected":false},"excerpt":{"rendered":"<ul>\n<li>Alvo de infec\u00e7\u00f5es bacterianas na pele<\/li>\n<li>Indicado para eczema infectado<\/li>\n<li>Creme antibi\u00f3tico t\u00f3pico de a\u00e7\u00e3o r\u00e1pida<\/li>\n<\/ul>\n","protected":false},"featured_media":809,"comment_status":"open","ping_status":"closed","template":"","meta":[],"product_brand":[],"product_cat":[89],"product_tag":[],"expert":[17],"class_list":{"0":"post-807","1":"product","2":"type-product","3":"status-publish","4":"has-post-thumbnail","6":"product_cat-eczema","7":"expert-dr-c-munoz-parada","9":"first","10":"instock","11":"shipping-taxable","12":"product-type-variable"},"yoast_head":"<!-- This site is optimized with the Yoast SEO plugin v27.0 - https:\/\/yoast.com\/product\/yoast-seo-wordpress\/ -->\n<title>Fucidin | Tratamento Eficaz para Infec\u00e7\u00f5es de Pele - Transtoyou<\/title>\n<meta name=\"description\" content=\"Fucidin, um antibi\u00f3tico t\u00f3pico, trata eficazmente infec\u00e7\u00f5es cut\u00e2neas. Compre agora para al\u00edvio r\u00e1pido dos sintomas e \u00f3tima toler\u00e2ncia da pele, dispon\u00edvel na Transtoyou.\" \/>\n<meta name=\"robots\" content=\"noindex, follow, max-snippet:-1, max-image-preview:large, max-video-preview:-1\" \/>\n<meta property=\"og:locale\" content=\"pt_PT\" \/>\n<meta property=\"og:type\" content=\"article\" \/>\n<meta property=\"og:title\" content=\"Fucidin | Tratamento Eficaz para Infec\u00e7\u00f5es de Pele - Transtoyou\" \/>\n<meta property=\"og:description\" content=\"Fucidin, um antibi\u00f3tico t\u00f3pico, trata eficazmente infec\u00e7\u00f5es cut\u00e2neas. Compre agora para al\u00edvio r\u00e1pido dos sintomas e \u00f3tima toler\u00e2ncia da pele, dispon\u00edvel na Transtoyou.\" \/>\n<meta property=\"og:url\" content=\"https:\/\/www.transtoyou.com\/pt\/product\/fucidin\/\" \/>\n<meta property=\"og:site_name\" content=\"Transtoyou - PT\" \/>\n<meta property=\"article:modified_time\" content=\"2026-01-23T16:32:04+00:00\" \/>\n<meta name=\"twitter:card\" content=\"summary_large_image\" \/>\n<meta name=\"twitter:label1\" content=\"Tempo estimado de leitura\" \/>\n\t<meta name=\"twitter:data1\" content=\"1 minuto\" \/>\n<script type=\"application\/ld+json\" class=\"yoast-schema-graph\">{\"@context\":\"https:\/\/schema.org\",\"@graph\":[{\"@type\":\"WebPage\",\"@id\":\"https:\/\/www.transtoyou.com\/pt\/product\/fucidin\/\",\"url\":\"https:\/\/www.transtoyou.com\/pt\/product\/fucidin\/\",\"name\":\"Fucidin | Tratamento Eficaz para Infec\u00e7\u00f5es de Pele - Transtoyou\",\"isPartOf\":{\"@id\":\"https:\/\/www.transtoyou.com\/pt\/#website\"},\"primaryImageOfPage\":{\"@id\":\"https:\/\/www.transtoyou.com\/pt\/product\/fucidin\/#primaryimage\"},\"image\":{\"@id\":\"https:\/\/www.transtoyou.com\/pt\/product\/fucidin\/#primaryimage\"},\"thumbnailUrl\":\"https:\/\/www.transtoyou.com\/pt\/wp-content\/uploads\/sites\/12\/2026\/01\/tty-no-product-image-32.webp\",\"datePublished\":\"2026-01-23T16:31:13+00:00\",\"dateModified\":\"2026-01-23T16:32:04+00:00\",\"description\":\"Fucidin, um antibi\u00f3tico t\u00f3pico, trata eficazmente infec\u00e7\u00f5es cut\u00e2neas. Compre agora para al\u00edvio r\u00e1pido dos sintomas e \u00f3tima toler\u00e2ncia da pele, dispon\u00edvel na Transtoyou.\",\"breadcrumb\":{\"@id\":\"https:\/\/www.transtoyou.com\/pt\/product\/fucidin\/#breadcrumb\"},\"inLanguage\":\"pt-PT\",\"potentialAction\":[{\"@type\":\"ReadAction\",\"target\":[\"https:\/\/www.transtoyou.com\/pt\/product\/fucidin\/\"]}]},{\"@type\":\"ImageObject\",\"inLanguage\":\"pt-PT\",\"@id\":\"https:\/\/www.transtoyou.com\/pt\/product\/fucidin\/#primaryimage\",\"url\":\"https:\/\/www.transtoyou.com\/pt\/wp-content\/uploads\/sites\/12\/2026\/01\/tty-no-product-image-32.webp\",\"contentUrl\":\"https:\/\/www.transtoyou.com\/pt\/wp-content\/uploads\/sites\/12\/2026\/01\/tty-no-product-image-32.webp\",\"width\":1000,\"height\":1000,\"caption\":\"Imagem padr\u00e3o do produto\"},{\"@type\":\"WebSite\",\"@id\":\"https:\/\/www.transtoyou.com\/pt\/#website\",\"url\":\"https:\/\/www.transtoyou.com\/pt\/\",\"name\":\"Transtoyou - PT\",\"description\":\"\",\"publisher\":{\"@id\":\"https:\/\/www.transtoyou.com\/pt\/#organization\"},\"potentialAction\":[{\"@type\":\"SearchAction\",\"target\":{\"@type\":\"EntryPoint\",\"urlTemplate\":\"https:\/\/www.transtoyou.com\/pt\/?s={search_term_string}\"},\"query-input\":{\"@type\":\"PropertyValueSpecification\",\"valueRequired\":true,\"valueName\":\"search_term_string\"}}],\"inLanguage\":\"pt-PT\"},{\"@type\":\"Organization\",\"@id\":\"https:\/\/www.transtoyou.com\/pt\/#organization\",\"name\":\"Transtoyou - PT\",\"url\":\"https:\/\/www.transtoyou.com\/pt\/\",\"logo\":{\"@type\":\"ImageObject\",\"inLanguage\":\"pt-PT\",\"@id\":\"https:\/\/www.transtoyou.com\/pt\/#\/schema\/logo\/image\/\",\"url\":\"https:\/\/www.transtoyou.com\/pt\/wp-content\/uploads\/sites\/12\/2026\/01\/logo-tty-menu-bar-300x87-1.webp\",\"contentUrl\":\"https:\/\/www.transtoyou.com\/pt\/wp-content\/uploads\/sites\/12\/2026\/01\/logo-tty-menu-bar-300x87-1.webp\",\"width\":300,\"height\":87,\"caption\":\"Transtoyou - PT\"},\"image\":{\"@id\":\"https:\/\/www.transtoyou.com\/pt\/#\/schema\/logo\/image\/\"}}]}<\/script>\n<!-- \/ Yoast SEO plugin. -->","yoast_head_json":{"title":"Fucidin | Tratamento Eficaz para Infec\u00e7\u00f5es de Pele - Transtoyou","description":"Fucidin, um antibi\u00f3tico t\u00f3pico, trata eficazmente infec\u00e7\u00f5es cut\u00e2neas. Compre agora para al\u00edvio r\u00e1pido dos sintomas e \u00f3tima toler\u00e2ncia da pele, dispon\u00edvel na Transtoyou.","robots":{"index":"noindex","follow":"follow","max-snippet":"max-snippet:-1","max-image-preview":"max-image-preview:large","max-video-preview":"max-video-preview:-1"},"og_locale":"pt_PT","og_type":"article","og_title":"Fucidin | Tratamento Eficaz para Infec\u00e7\u00f5es de Pele - Transtoyou","og_description":"Fucidin, um antibi\u00f3tico t\u00f3pico, trata eficazmente infec\u00e7\u00f5es cut\u00e2neas. Compre agora para al\u00edvio r\u00e1pido dos sintomas e \u00f3tima toler\u00e2ncia da pele, dispon\u00edvel na Transtoyou.","og_url":"https:\/\/www.transtoyou.com\/pt\/product\/fucidin\/","og_site_name":"Transtoyou - PT","article_modified_time":"2026-01-23T16:32:04+00:00","twitter_card":"summary_large_image","twitter_misc":{"Tempo estimado de leitura":"1 minuto"},"schema":{"@context":"https:\/\/schema.org","@graph":[{"@type":"WebPage","@id":"https:\/\/www.transtoyou.com\/pt\/product\/fucidin\/","url":"https:\/\/www.transtoyou.com\/pt\/product\/fucidin\/","name":"Fucidin | Tratamento Eficaz para Infec\u00e7\u00f5es de Pele - Transtoyou","isPartOf":{"@id":"https:\/\/www.transtoyou.com\/pt\/#website"},"primaryImageOfPage":{"@id":"https:\/\/www.transtoyou.com\/pt\/product\/fucidin\/#primaryimage"},"image":{"@id":"https:\/\/www.transtoyou.com\/pt\/product\/fucidin\/#primaryimage"},"thumbnailUrl":"https:\/\/www.transtoyou.com\/pt\/wp-content\/uploads\/sites\/12\/2026\/01\/tty-no-product-image-32.webp","datePublished":"2026-01-23T16:31:13+00:00","dateModified":"2026-01-23T16:32:04+00:00","description":"Fucidin, um antibi\u00f3tico t\u00f3pico, trata eficazmente infec\u00e7\u00f5es cut\u00e2neas. Compre agora para al\u00edvio r\u00e1pido dos sintomas e \u00f3tima toler\u00e2ncia da pele, dispon\u00edvel na Transtoyou.","breadcrumb":{"@id":"https:\/\/www.transtoyou.com\/pt\/product\/fucidin\/#breadcrumb"},"inLanguage":"pt-PT","potentialAction":[{"@type":"ReadAction","target":["https:\/\/www.transtoyou.com\/pt\/product\/fucidin\/"]}]},{"@type":"ImageObject","inLanguage":"pt-PT","@id":"https:\/\/www.transtoyou.com\/pt\/product\/fucidin\/#primaryimage","url":"https:\/\/www.transtoyou.com\/pt\/wp-content\/uploads\/sites\/12\/2026\/01\/tty-no-product-image-32.webp","contentUrl":"https:\/\/www.transtoyou.com\/pt\/wp-content\/uploads\/sites\/12\/2026\/01\/tty-no-product-image-32.webp","width":1000,"height":1000,"caption":"Imagem padr\u00e3o do produto"},{"@type":"WebSite","@id":"https:\/\/www.transtoyou.com\/pt\/#website","url":"https:\/\/www.transtoyou.com\/pt\/","name":"Transtoyou - PT","description":"","publisher":{"@id":"https:\/\/www.transtoyou.com\/pt\/#organization"},"potentialAction":[{"@type":"SearchAction","target":{"@type":"EntryPoint","urlTemplate":"https:\/\/www.transtoyou.com\/pt\/?s={search_term_string}"},"query-input":{"@type":"PropertyValueSpecification","valueRequired":true,"valueName":"search_term_string"}}],"inLanguage":"pt-PT"},{"@type":"Organization","@id":"https:\/\/www.transtoyou.com\/pt\/#organization","name":"Transtoyou - PT","url":"https:\/\/www.transtoyou.com\/pt\/","logo":{"@type":"ImageObject","inLanguage":"pt-PT","@id":"https:\/\/www.transtoyou.com\/pt\/#\/schema\/logo\/image\/","url":"https:\/\/www.transtoyou.com\/pt\/wp-content\/uploads\/sites\/12\/2026\/01\/logo-tty-menu-bar-300x87-1.webp","contentUrl":"https:\/\/www.transtoyou.com\/pt\/wp-content\/uploads\/sites\/12\/2026\/01\/logo-tty-menu-bar-300x87-1.webp","width":300,"height":87,"caption":"Transtoyou - PT"},"image":{"@id":"https:\/\/www.transtoyou.com\/pt\/#\/schema\/logo\/image\/"}}]}},"_links":{"self":[{"href":"https:\/\/www.transtoyou.com\/pt\/wp-json\/wp\/v2\/product\/807","targetHints":{"allow":["GET"]}}],"collection":[{"href":"https:\/\/www.transtoyou.com\/pt\/wp-json\/wp\/v2\/product"}],"about":[{"href":"https:\/\/www.transtoyou.com\/pt\/wp-json\/wp\/v2\/types\/product"}],"replies":[{"embeddable":true,"href":"https:\/\/www.transtoyou.com\/pt\/wp-json\/wp\/v2\/comments?post=807"}],"wp:featuredmedia":[{"embeddable":true,"href":"https:\/\/www.transtoyou.com\/pt\/wp-json\/wp\/v2\/media\/809"}],"wp:attachment":[{"href":"https:\/\/www.transtoyou.com\/pt\/wp-json\/wp\/v2\/media?parent=807"}],"wp:term":[{"taxonomy":"product_brand","embeddable":true,"href":"https:\/\/www.transtoyou.com\/pt\/wp-json\/wp\/v2\/product_brand?post=807"},{"taxonomy":"product_cat","embeddable":true,"href":"https:\/\/www.transtoyou.com\/pt\/wp-json\/wp\/v2\/product_cat?post=807"},{"taxonomy":"product_tag","embeddable":true,"href":"https:\/\/www.transtoyou.com\/pt\/wp-json\/wp\/v2\/product_tag?post=807"},{"taxonomy":"expert","embeddable":true,"href":"https:\/\/www.transtoyou.com\/pt\/wp-json\/wp\/v2\/expert?post=807"}],"curies":[{"name":"wp","href":"https:\/\/api.w.org\/{rel}","templated":true}]}}