{"id":813,"date":"2026-01-23T17:00:02","date_gmt":"2026-01-23T17:00:02","guid":{"rendered":"https:\/\/www.transtoyou.com\/pt\/product\/elidel\/"},"modified":"2026-01-23T17:00:56","modified_gmt":"2026-01-23T17:00:56","slug":"elidel","status":"publish","type":"product","link":"https:\/\/www.transtoyou.com\/pt\/product\/elidel\/","title":{"rendered":"Elidel"},"content":{"rendered":"<p>Elidel \u00e9 um creme usado para tratar dermatite at\u00f3pica (eczema) leve a moderada. Ele pertence a um grupo de medicamentos chamados inibidores t\u00f3picos da calcineurina. Ao contr\u00e1rio dos corticosteroides, n\u00e3o afina a pele e \u00e9 especialmente \u00fatil para \u00e1reas sens\u00edveis, como o rosto, pesco\u00e7o e dobras da pele.<\/p>\n<p>O pimecrolimus, o ingrediente ativo do Elidel, atua direcionando o sistema imunol\u00f3gico na pele. Ele bloqueia uma enzima espec\u00edfica chamada calcineurina, que \u00e9 respons\u00e1vel por ativar c\u00e9lulas inflamat\u00f3rias. Ao inibir esse processo, Elidel reduz a libera\u00e7\u00e3o de subst\u00e2ncias pr\u00f3-inflamat\u00f3rias, como interleucinas e histamina, ajudando a aliviar a vermelhid\u00e3o, coceira e incha\u00e7o. Ele tamb\u00e9m previne a ativa\u00e7\u00e3o de mast\u00f3citos, que est\u00e3o envolvidos nas respostas al\u00e9rgicas.<\/p>\n<p>Elidel \u00e9 indicado para pessoas que n\u00e3o podem usar corticosteroides ou para \u00e1reas onde os esteroides n\u00e3o s\u00e3o adequados, como o rosto ou pesco\u00e7o.<\/p>\n<p>Elidel atua diretamente onde \u00e9 aplicado, e apenas pequenas quantidades entram na corrente sangu\u00ednea. Ajuda a evitar que as crises piorem e pode ser usado a longo prazo para gerenciar surtos recorrentes. Os principais benef\u00edcios do Elidel incluem sua efic\u00e1cia em reduzir a inflama\u00e7\u00e3o e a coceira, al\u00e9m de sua adequa\u00e7\u00e3o para \u00e1reas delicadas da pele.<\/p>\n<p>A maioria dos usu\u00e1rios percebe melhora nas primeiras semanas. Pode ser usado com seguran\u00e7a de forma intermitente a longo prazo para gerenciar os sintomas e manter o controle sobre o eczema.<\/p>\n","protected":false},"excerpt":{"rendered":"<ul>\n<li>Tratamento de eczema sem esteroides<\/li>\n<li>Indicado para \u00e1reas de pele sens\u00edvel<\/li>\n<li>Para uso intermitente a longo prazo<\/li>\n<\/ul>\n","protected":false},"featured_media":815,"comment_status":"open","ping_status":"closed","template":"","meta":[],"product_brand":[],"product_cat":[89],"product_tag":[],"expert":[17],"class_list":{"0":"post-813","1":"product","2":"type-product","3":"status-publish","4":"has-post-thumbnail","6":"product_cat-eczema","7":"expert-dr-c-munoz-parada","9":"first","10":"instock","11":"shipping-taxable","12":"product-type-variable"},"yoast_head":"<!-- This site is optimized with the Yoast SEO plugin v27.0 - https:\/\/yoast.com\/product\/yoast-seo-wordpress\/ -->\n<title>Elidel | Alivie a Dermatite At\u00f3pica, Suave para a Pele - Transtoyou<\/title>\n<meta name=\"description\" content=\"O creme Elidel trata eficazmente a eczema, combatendo a inflama\u00e7\u00e3o sem afinar a pele. Ideal para \u00e1reas sens\u00edveis. Dispon\u00edvel aqui para compra f\u00e1cil.\" \/>\n<meta name=\"robots\" content=\"noindex, follow, max-snippet:-1, max-image-preview:large, max-video-preview:-1\" \/>\n<meta property=\"og:locale\" content=\"pt_PT\" \/>\n<meta property=\"og:type\" content=\"article\" \/>\n<meta property=\"og:title\" content=\"Elidel | Alivie a Dermatite At\u00f3pica, Suave para a Pele - Transtoyou\" \/>\n<meta property=\"og:description\" content=\"O creme Elidel trata eficazmente a eczema, combatendo a inflama\u00e7\u00e3o sem afinar a pele. Ideal para \u00e1reas sens\u00edveis. Dispon\u00edvel aqui para compra f\u00e1cil.\" \/>\n<meta property=\"og:url\" content=\"https:\/\/www.transtoyou.com\/pt\/product\/elidel\/\" \/>\n<meta property=\"og:site_name\" content=\"Transtoyou - PT\" \/>\n<meta property=\"article:modified_time\" content=\"2026-01-23T17:00:56+00:00\" \/>\n<meta name=\"twitter:card\" content=\"summary_large_image\" \/>\n<meta name=\"twitter:label1\" content=\"Tempo estimado de leitura\" \/>\n\t<meta name=\"twitter:data1\" content=\"1 minuto\" \/>\n<script type=\"application\/ld+json\" class=\"yoast-schema-graph\">{\"@context\":\"https:\/\/schema.org\",\"@graph\":[{\"@type\":\"WebPage\",\"@id\":\"https:\/\/www.transtoyou.com\/pt\/product\/elidel\/\",\"url\":\"https:\/\/www.transtoyou.com\/pt\/product\/elidel\/\",\"name\":\"Elidel | Alivie a Dermatite At\u00f3pica, Suave para a Pele - Transtoyou\",\"isPartOf\":{\"@id\":\"https:\/\/www.transtoyou.com\/pt\/#website\"},\"primaryImageOfPage\":{\"@id\":\"https:\/\/www.transtoyou.com\/pt\/product\/elidel\/#primaryimage\"},\"image\":{\"@id\":\"https:\/\/www.transtoyou.com\/pt\/product\/elidel\/#primaryimage\"},\"thumbnailUrl\":\"https:\/\/www.transtoyou.com\/pt\/wp-content\/uploads\/sites\/12\/2026\/01\/tty-no-product-image-34.webp\",\"datePublished\":\"2026-01-23T17:00:02+00:00\",\"dateModified\":\"2026-01-23T17:00:56+00:00\",\"description\":\"O creme Elidel trata eficazmente a eczema, combatendo a inflama\u00e7\u00e3o sem afinar a pele. Ideal para \u00e1reas sens\u00edveis. Dispon\u00edvel aqui para compra f\u00e1cil.\",\"breadcrumb\":{\"@id\":\"https:\/\/www.transtoyou.com\/pt\/product\/elidel\/#breadcrumb\"},\"inLanguage\":\"pt-PT\",\"potentialAction\":[{\"@type\":\"ReadAction\",\"target\":[\"https:\/\/www.transtoyou.com\/pt\/product\/elidel\/\"]}]},{\"@type\":\"ImageObject\",\"inLanguage\":\"pt-PT\",\"@id\":\"https:\/\/www.transtoyou.com\/pt\/product\/elidel\/#primaryimage\",\"url\":\"https:\/\/www.transtoyou.com\/pt\/wp-content\/uploads\/sites\/12\/2026\/01\/tty-no-product-image-34.webp\",\"contentUrl\":\"https:\/\/www.transtoyou.com\/pt\/wp-content\/uploads\/sites\/12\/2026\/01\/tty-no-product-image-34.webp\",\"width\":1000,\"height\":1000,\"caption\":\"Imagem padr\u00e3o do produto\"},{\"@type\":\"WebSite\",\"@id\":\"https:\/\/www.transtoyou.com\/pt\/#website\",\"url\":\"https:\/\/www.transtoyou.com\/pt\/\",\"name\":\"Transtoyou - PT\",\"description\":\"\",\"publisher\":{\"@id\":\"https:\/\/www.transtoyou.com\/pt\/#organization\"},\"potentialAction\":[{\"@type\":\"SearchAction\",\"target\":{\"@type\":\"EntryPoint\",\"urlTemplate\":\"https:\/\/www.transtoyou.com\/pt\/?s={search_term_string}\"},\"query-input\":{\"@type\":\"PropertyValueSpecification\",\"valueRequired\":true,\"valueName\":\"search_term_string\"}}],\"inLanguage\":\"pt-PT\"},{\"@type\":\"Organization\",\"@id\":\"https:\/\/www.transtoyou.com\/pt\/#organization\",\"name\":\"Transtoyou - PT\",\"url\":\"https:\/\/www.transtoyou.com\/pt\/\",\"logo\":{\"@type\":\"ImageObject\",\"inLanguage\":\"pt-PT\",\"@id\":\"https:\/\/www.transtoyou.com\/pt\/#\/schema\/logo\/image\/\",\"url\":\"https:\/\/www.transtoyou.com\/pt\/wp-content\/uploads\/sites\/12\/2026\/01\/logo-tty-menu-bar-300x87-1.webp\",\"contentUrl\":\"https:\/\/www.transtoyou.com\/pt\/wp-content\/uploads\/sites\/12\/2026\/01\/logo-tty-menu-bar-300x87-1.webp\",\"width\":300,\"height\":87,\"caption\":\"Transtoyou - PT\"},\"image\":{\"@id\":\"https:\/\/www.transtoyou.com\/pt\/#\/schema\/logo\/image\/\"}}]}<\/script>\n<!-- \/ Yoast SEO plugin. -->","yoast_head_json":{"title":"Elidel | Alivie a Dermatite At\u00f3pica, Suave para a Pele - Transtoyou","description":"O creme Elidel trata eficazmente a eczema, combatendo a inflama\u00e7\u00e3o sem afinar a pele. Ideal para \u00e1reas sens\u00edveis. Dispon\u00edvel aqui para compra f\u00e1cil.","robots":{"index":"noindex","follow":"follow","max-snippet":"max-snippet:-1","max-image-preview":"max-image-preview:large","max-video-preview":"max-video-preview:-1"},"og_locale":"pt_PT","og_type":"article","og_title":"Elidel | Alivie a Dermatite At\u00f3pica, Suave para a Pele - Transtoyou","og_description":"O creme Elidel trata eficazmente a eczema, combatendo a inflama\u00e7\u00e3o sem afinar a pele. Ideal para \u00e1reas sens\u00edveis. Dispon\u00edvel aqui para compra f\u00e1cil.","og_url":"https:\/\/www.transtoyou.com\/pt\/product\/elidel\/","og_site_name":"Transtoyou - PT","article_modified_time":"2026-01-23T17:00:56+00:00","twitter_card":"summary_large_image","twitter_misc":{"Tempo estimado de leitura":"1 minuto"},"schema":{"@context":"https:\/\/schema.org","@graph":[{"@type":"WebPage","@id":"https:\/\/www.transtoyou.com\/pt\/product\/elidel\/","url":"https:\/\/www.transtoyou.com\/pt\/product\/elidel\/","name":"Elidel | Alivie a Dermatite At\u00f3pica, Suave para a Pele - Transtoyou","isPartOf":{"@id":"https:\/\/www.transtoyou.com\/pt\/#website"},"primaryImageOfPage":{"@id":"https:\/\/www.transtoyou.com\/pt\/product\/elidel\/#primaryimage"},"image":{"@id":"https:\/\/www.transtoyou.com\/pt\/product\/elidel\/#primaryimage"},"thumbnailUrl":"https:\/\/www.transtoyou.com\/pt\/wp-content\/uploads\/sites\/12\/2026\/01\/tty-no-product-image-34.webp","datePublished":"2026-01-23T17:00:02+00:00","dateModified":"2026-01-23T17:00:56+00:00","description":"O creme Elidel trata eficazmente a eczema, combatendo a inflama\u00e7\u00e3o sem afinar a pele. Ideal para \u00e1reas sens\u00edveis. Dispon\u00edvel aqui para compra f\u00e1cil.","breadcrumb":{"@id":"https:\/\/www.transtoyou.com\/pt\/product\/elidel\/#breadcrumb"},"inLanguage":"pt-PT","potentialAction":[{"@type":"ReadAction","target":["https:\/\/www.transtoyou.com\/pt\/product\/elidel\/"]}]},{"@type":"ImageObject","inLanguage":"pt-PT","@id":"https:\/\/www.transtoyou.com\/pt\/product\/elidel\/#primaryimage","url":"https:\/\/www.transtoyou.com\/pt\/wp-content\/uploads\/sites\/12\/2026\/01\/tty-no-product-image-34.webp","contentUrl":"https:\/\/www.transtoyou.com\/pt\/wp-content\/uploads\/sites\/12\/2026\/01\/tty-no-product-image-34.webp","width":1000,"height":1000,"caption":"Imagem padr\u00e3o do produto"},{"@type":"WebSite","@id":"https:\/\/www.transtoyou.com\/pt\/#website","url":"https:\/\/www.transtoyou.com\/pt\/","name":"Transtoyou - PT","description":"","publisher":{"@id":"https:\/\/www.transtoyou.com\/pt\/#organization"},"potentialAction":[{"@type":"SearchAction","target":{"@type":"EntryPoint","urlTemplate":"https:\/\/www.transtoyou.com\/pt\/?s={search_term_string}"},"query-input":{"@type":"PropertyValueSpecification","valueRequired":true,"valueName":"search_term_string"}}],"inLanguage":"pt-PT"},{"@type":"Organization","@id":"https:\/\/www.transtoyou.com\/pt\/#organization","name":"Transtoyou - PT","url":"https:\/\/www.transtoyou.com\/pt\/","logo":{"@type":"ImageObject","inLanguage":"pt-PT","@id":"https:\/\/www.transtoyou.com\/pt\/#\/schema\/logo\/image\/","url":"https:\/\/www.transtoyou.com\/pt\/wp-content\/uploads\/sites\/12\/2026\/01\/logo-tty-menu-bar-300x87-1.webp","contentUrl":"https:\/\/www.transtoyou.com\/pt\/wp-content\/uploads\/sites\/12\/2026\/01\/logo-tty-menu-bar-300x87-1.webp","width":300,"height":87,"caption":"Transtoyou - PT"},"image":{"@id":"https:\/\/www.transtoyou.com\/pt\/#\/schema\/logo\/image\/"}}]}},"_links":{"self":[{"href":"https:\/\/www.transtoyou.com\/pt\/wp-json\/wp\/v2\/product\/813","targetHints":{"allow":["GET"]}}],"collection":[{"href":"https:\/\/www.transtoyou.com\/pt\/wp-json\/wp\/v2\/product"}],"about":[{"href":"https:\/\/www.transtoyou.com\/pt\/wp-json\/wp\/v2\/types\/product"}],"replies":[{"embeddable":true,"href":"https:\/\/www.transtoyou.com\/pt\/wp-json\/wp\/v2\/comments?post=813"}],"wp:featuredmedia":[{"embeddable":true,"href":"https:\/\/www.transtoyou.com\/pt\/wp-json\/wp\/v2\/media\/815"}],"wp:attachment":[{"href":"https:\/\/www.transtoyou.com\/pt\/wp-json\/wp\/v2\/media?parent=813"}],"wp:term":[{"taxonomy":"product_brand","embeddable":true,"href":"https:\/\/www.transtoyou.com\/pt\/wp-json\/wp\/v2\/product_brand?post=813"},{"taxonomy":"product_cat","embeddable":true,"href":"https:\/\/www.transtoyou.com\/pt\/wp-json\/wp\/v2\/product_cat?post=813"},{"taxonomy":"product_tag","embeddable":true,"href":"https:\/\/www.transtoyou.com\/pt\/wp-json\/wp\/v2\/product_tag?post=813"},{"taxonomy":"expert","embeddable":true,"href":"https:\/\/www.transtoyou.com\/pt\/wp-json\/wp\/v2\/expert?post=813"}],"curies":[{"name":"wp","href":"https:\/\/api.w.org\/{rel}","templated":true}]}}