{"id":834,"date":"2026-01-23T18:46:19","date_gmt":"2026-01-23T18:46:19","guid":{"rendered":"https:\/\/www.transtoyou.com\/pt\/product\/famenita\/"},"modified":"2026-01-23T18:47:13","modified_gmt":"2026-01-23T18:47:13","slug":"famenita","status":"publish","type":"product","link":"https:\/\/www.transtoyou.com\/pt\/product\/famenita\/","title":{"rendered":"Famenita"},"content":{"rendered":"<p>Famenita \u00e9 uma c\u00e1psula macia que cont\u00e9m progesterona micronizada, uma forma natural do horm\u00f4nio produzido pelo corpo. \u00c9 utilizada para apoiar o equil\u00edbrio hormonal em diversas situa\u00e7\u00f5es, incluindo terapia de reposi\u00e7\u00e3o hormonal (TRH), manejo do desconforto menstrual, tratamento de fertilidade, al\u00edvio dos sintomas da menopausa e tratamento da endometriose.<\/p>\n<p>Na TRH, Famenita \u00e9 usada junto com estrog\u00eanio para proteger o revestimento do \u00fatero em pessoas que n\u00e3o passaram por uma histerectomia. O estrog\u00eanio sozinho pode fazer com que o endom\u00e9trio engrosse, o que pode aumentar os riscos \u00e0 sa\u00fade. Famenita ajuda a contrabalan\u00e7ar isso estabilizando o revestimento uterino.<\/p>\n<p>Em tratamentos de fertilidade, Famenita apoia a fase l\u00fatea do ciclo menstrual e ajuda a preparar o \u00fatero para a gravidez. Tamb\u00e9m pode ser prescrita para reduzir a dor e regular os ciclos em pessoas que sofrem de endometriose ou per\u00edodos irregulares. Para aqueles que est\u00e3o passando pela menopausa ou apresentando sintomas pr\u00e9-menstruais, Famenita pode aliviar as oscila\u00e7\u00f5es de humor, incha\u00e7o e outros desconfortos relacionados aos horm\u00f4nios.<\/p>\n<p>Famenita \u00e9 uma progesterona bioid\u00eantica, derivada de plantas, que pode ser tomada por via oral ou utilizada vaginalmente, dependendo do prop\u00f3sito pretendido.<\/p>\n","protected":false},"excerpt":{"rendered":"<ul>\n<li>C\u00e1psula de progesterona natural<\/li>\n<li>Suporta a terapia de reposi\u00e7\u00e3o hormonal, fertilidade e regula\u00e7\u00e3o do ciclo<\/li>\n<li>Pode ser usado por via oral ou vaginal<\/li>\n<\/ul>\n","protected":false},"featured_media":836,"comment_status":"open","ping_status":"closed","template":"","meta":[],"product_brand":[],"product_cat":[125,127,92,100,119],"product_tag":[],"expert":[21],"class_list":{"0":"post-834","1":"product","2":"type-product","3":"status-publish","4":"has-post-thumbnail","6":"product_cat-alivio-da-menopausa-e-tpm","7":"product_cat-desconforto-menstrual","8":"product_cat-endometriose","9":"product_cat-fertilidade-e-ovulacao","10":"product_cat-terapia-de-reposicao-hormonal-trh","11":"expert-dr-m-sharoyko","13":"first","14":"instock","15":"shipping-taxable","16":"product-type-variable"},"yoast_head":"<!-- This site is optimized with the Yoast SEO plugin v27.0 - https:\/\/yoast.com\/product\/yoast-seo-wordpress\/ -->\n<title>Famenita | Suporte Natural para Horm\u00f4nios - Transtoyou<\/title>\n<meta name=\"description\" content=\"Famenita, dispon\u00edvel aqui, apoia o equil\u00edbrio hormonal para TRH, al\u00edvio menstrual e endometriose. Compre agora uma solu\u00e7\u00e3o natural de progesterona.\" \/>\n<meta name=\"robots\" content=\"noindex, follow, max-snippet:-1, max-image-preview:large, max-video-preview:-1\" \/>\n<meta property=\"og:locale\" content=\"pt_PT\" \/>\n<meta property=\"og:type\" content=\"article\" \/>\n<meta property=\"og:title\" content=\"Famenita | Suporte Natural para Horm\u00f4nios - Transtoyou\" \/>\n<meta property=\"og:description\" content=\"Famenita, dispon\u00edvel aqui, apoia o equil\u00edbrio hormonal para TRH, al\u00edvio menstrual e endometriose. Compre agora uma solu\u00e7\u00e3o natural de progesterona.\" \/>\n<meta property=\"og:url\" content=\"https:\/\/www.transtoyou.com\/pt\/product\/famenita\/\" \/>\n<meta property=\"og:site_name\" content=\"Transtoyou - PT\" \/>\n<meta property=\"article:modified_time\" content=\"2026-01-23T18:47:13+00:00\" \/>\n<meta name=\"twitter:card\" content=\"summary_large_image\" \/>\n<meta name=\"twitter:label1\" content=\"Tempo estimado de leitura\" \/>\n\t<meta name=\"twitter:data1\" content=\"1 minuto\" \/>\n<script type=\"application\/ld+json\" class=\"yoast-schema-graph\">{\"@context\":\"https:\/\/schema.org\",\"@graph\":[{\"@type\":\"WebPage\",\"@id\":\"https:\/\/www.transtoyou.com\/pt\/product\/famenita\/\",\"url\":\"https:\/\/www.transtoyou.com\/pt\/product\/famenita\/\",\"name\":\"Famenita | Suporte Natural para Horm\u00f4nios - Transtoyou\",\"isPartOf\":{\"@id\":\"https:\/\/www.transtoyou.com\/pt\/#website\"},\"primaryImageOfPage\":{\"@id\":\"https:\/\/www.transtoyou.com\/pt\/product\/famenita\/#primaryimage\"},\"image\":{\"@id\":\"https:\/\/www.transtoyou.com\/pt\/product\/famenita\/#primaryimage\"},\"thumbnailUrl\":\"https:\/\/www.transtoyou.com\/pt\/wp-content\/uploads\/sites\/12\/2026\/01\/tty-no-product-image-41.webp\",\"datePublished\":\"2026-01-23T18:46:19+00:00\",\"dateModified\":\"2026-01-23T18:47:13+00:00\",\"description\":\"Famenita, dispon\u00edvel aqui, apoia o equil\u00edbrio hormonal para TRH, al\u00edvio menstrual e endometriose. Compre agora uma solu\u00e7\u00e3o natural de progesterona.\",\"breadcrumb\":{\"@id\":\"https:\/\/www.transtoyou.com\/pt\/product\/famenita\/#breadcrumb\"},\"inLanguage\":\"pt-PT\",\"potentialAction\":[{\"@type\":\"ReadAction\",\"target\":[\"https:\/\/www.transtoyou.com\/pt\/product\/famenita\/\"]}]},{\"@type\":\"ImageObject\",\"inLanguage\":\"pt-PT\",\"@id\":\"https:\/\/www.transtoyou.com\/pt\/product\/famenita\/#primaryimage\",\"url\":\"https:\/\/www.transtoyou.com\/pt\/wp-content\/uploads\/sites\/12\/2026\/01\/tty-no-product-image-41.webp\",\"contentUrl\":\"https:\/\/www.transtoyou.com\/pt\/wp-content\/uploads\/sites\/12\/2026\/01\/tty-no-product-image-41.webp\",\"width\":1000,\"height\":1000,\"caption\":\"Imagem padr\u00e3o do produto\"},{\"@type\":\"WebSite\",\"@id\":\"https:\/\/www.transtoyou.com\/pt\/#website\",\"url\":\"https:\/\/www.transtoyou.com\/pt\/\",\"name\":\"Transtoyou - PT\",\"description\":\"\",\"publisher\":{\"@id\":\"https:\/\/www.transtoyou.com\/pt\/#organization\"},\"potentialAction\":[{\"@type\":\"SearchAction\",\"target\":{\"@type\":\"EntryPoint\",\"urlTemplate\":\"https:\/\/www.transtoyou.com\/pt\/?s={search_term_string}\"},\"query-input\":{\"@type\":\"PropertyValueSpecification\",\"valueRequired\":true,\"valueName\":\"search_term_string\"}}],\"inLanguage\":\"pt-PT\"},{\"@type\":\"Organization\",\"@id\":\"https:\/\/www.transtoyou.com\/pt\/#organization\",\"name\":\"Transtoyou - PT\",\"url\":\"https:\/\/www.transtoyou.com\/pt\/\",\"logo\":{\"@type\":\"ImageObject\",\"inLanguage\":\"pt-PT\",\"@id\":\"https:\/\/www.transtoyou.com\/pt\/#\/schema\/logo\/image\/\",\"url\":\"https:\/\/www.transtoyou.com\/pt\/wp-content\/uploads\/sites\/12\/2026\/01\/logo-tty-menu-bar-300x87-1.webp\",\"contentUrl\":\"https:\/\/www.transtoyou.com\/pt\/wp-content\/uploads\/sites\/12\/2026\/01\/logo-tty-menu-bar-300x87-1.webp\",\"width\":300,\"height\":87,\"caption\":\"Transtoyou - PT\"},\"image\":{\"@id\":\"https:\/\/www.transtoyou.com\/pt\/#\/schema\/logo\/image\/\"}}]}<\/script>\n<!-- \/ Yoast SEO plugin. -->","yoast_head_json":{"title":"Famenita | Suporte Natural para Horm\u00f4nios - Transtoyou","description":"Famenita, dispon\u00edvel aqui, apoia o equil\u00edbrio hormonal para TRH, al\u00edvio menstrual e endometriose. Compre agora uma solu\u00e7\u00e3o natural de progesterona.","robots":{"index":"noindex","follow":"follow","max-snippet":"max-snippet:-1","max-image-preview":"max-image-preview:large","max-video-preview":"max-video-preview:-1"},"og_locale":"pt_PT","og_type":"article","og_title":"Famenita | Suporte Natural para Horm\u00f4nios - Transtoyou","og_description":"Famenita, dispon\u00edvel aqui, apoia o equil\u00edbrio hormonal para TRH, al\u00edvio menstrual e endometriose. Compre agora uma solu\u00e7\u00e3o natural de progesterona.","og_url":"https:\/\/www.transtoyou.com\/pt\/product\/famenita\/","og_site_name":"Transtoyou - PT","article_modified_time":"2026-01-23T18:47:13+00:00","twitter_card":"summary_large_image","twitter_misc":{"Tempo estimado de leitura":"1 minuto"},"schema":{"@context":"https:\/\/schema.org","@graph":[{"@type":"WebPage","@id":"https:\/\/www.transtoyou.com\/pt\/product\/famenita\/","url":"https:\/\/www.transtoyou.com\/pt\/product\/famenita\/","name":"Famenita | Suporte Natural para Horm\u00f4nios - Transtoyou","isPartOf":{"@id":"https:\/\/www.transtoyou.com\/pt\/#website"},"primaryImageOfPage":{"@id":"https:\/\/www.transtoyou.com\/pt\/product\/famenita\/#primaryimage"},"image":{"@id":"https:\/\/www.transtoyou.com\/pt\/product\/famenita\/#primaryimage"},"thumbnailUrl":"https:\/\/www.transtoyou.com\/pt\/wp-content\/uploads\/sites\/12\/2026\/01\/tty-no-product-image-41.webp","datePublished":"2026-01-23T18:46:19+00:00","dateModified":"2026-01-23T18:47:13+00:00","description":"Famenita, dispon\u00edvel aqui, apoia o equil\u00edbrio hormonal para TRH, al\u00edvio menstrual e endometriose. Compre agora uma solu\u00e7\u00e3o natural de progesterona.","breadcrumb":{"@id":"https:\/\/www.transtoyou.com\/pt\/product\/famenita\/#breadcrumb"},"inLanguage":"pt-PT","potentialAction":[{"@type":"ReadAction","target":["https:\/\/www.transtoyou.com\/pt\/product\/famenita\/"]}]},{"@type":"ImageObject","inLanguage":"pt-PT","@id":"https:\/\/www.transtoyou.com\/pt\/product\/famenita\/#primaryimage","url":"https:\/\/www.transtoyou.com\/pt\/wp-content\/uploads\/sites\/12\/2026\/01\/tty-no-product-image-41.webp","contentUrl":"https:\/\/www.transtoyou.com\/pt\/wp-content\/uploads\/sites\/12\/2026\/01\/tty-no-product-image-41.webp","width":1000,"height":1000,"caption":"Imagem padr\u00e3o do produto"},{"@type":"WebSite","@id":"https:\/\/www.transtoyou.com\/pt\/#website","url":"https:\/\/www.transtoyou.com\/pt\/","name":"Transtoyou - PT","description":"","publisher":{"@id":"https:\/\/www.transtoyou.com\/pt\/#organization"},"potentialAction":[{"@type":"SearchAction","target":{"@type":"EntryPoint","urlTemplate":"https:\/\/www.transtoyou.com\/pt\/?s={search_term_string}"},"query-input":{"@type":"PropertyValueSpecification","valueRequired":true,"valueName":"search_term_string"}}],"inLanguage":"pt-PT"},{"@type":"Organization","@id":"https:\/\/www.transtoyou.com\/pt\/#organization","name":"Transtoyou - PT","url":"https:\/\/www.transtoyou.com\/pt\/","logo":{"@type":"ImageObject","inLanguage":"pt-PT","@id":"https:\/\/www.transtoyou.com\/pt\/#\/schema\/logo\/image\/","url":"https:\/\/www.transtoyou.com\/pt\/wp-content\/uploads\/sites\/12\/2026\/01\/logo-tty-menu-bar-300x87-1.webp","contentUrl":"https:\/\/www.transtoyou.com\/pt\/wp-content\/uploads\/sites\/12\/2026\/01\/logo-tty-menu-bar-300x87-1.webp","width":300,"height":87,"caption":"Transtoyou - PT"},"image":{"@id":"https:\/\/www.transtoyou.com\/pt\/#\/schema\/logo\/image\/"}}]}},"_links":{"self":[{"href":"https:\/\/www.transtoyou.com\/pt\/wp-json\/wp\/v2\/product\/834","targetHints":{"allow":["GET"]}}],"collection":[{"href":"https:\/\/www.transtoyou.com\/pt\/wp-json\/wp\/v2\/product"}],"about":[{"href":"https:\/\/www.transtoyou.com\/pt\/wp-json\/wp\/v2\/types\/product"}],"replies":[{"embeddable":true,"href":"https:\/\/www.transtoyou.com\/pt\/wp-json\/wp\/v2\/comments?post=834"}],"wp:featuredmedia":[{"embeddable":true,"href":"https:\/\/www.transtoyou.com\/pt\/wp-json\/wp\/v2\/media\/836"}],"wp:attachment":[{"href":"https:\/\/www.transtoyou.com\/pt\/wp-json\/wp\/v2\/media?parent=834"}],"wp:term":[{"taxonomy":"product_brand","embeddable":true,"href":"https:\/\/www.transtoyou.com\/pt\/wp-json\/wp\/v2\/product_brand?post=834"},{"taxonomy":"product_cat","embeddable":true,"href":"https:\/\/www.transtoyou.com\/pt\/wp-json\/wp\/v2\/product_cat?post=834"},{"taxonomy":"product_tag","embeddable":true,"href":"https:\/\/www.transtoyou.com\/pt\/wp-json\/wp\/v2\/product_tag?post=834"},{"taxonomy":"expert","embeddable":true,"href":"https:\/\/www.transtoyou.com\/pt\/wp-json\/wp\/v2\/expert?post=834"}],"curies":[{"name":"wp","href":"https:\/\/api.w.org\/{rel}","templated":true}]}}