{"id":843,"date":"2026-01-23T19:29:17","date_gmt":"2026-01-23T19:29:17","guid":{"rendered":"https:\/\/www.transtoyou.com\/pt\/product\/mirena\/"},"modified":"2026-01-23T19:30:11","modified_gmt":"2026-01-23T19:30:11","slug":"mirena","status":"publish","type":"product","link":"https:\/\/www.transtoyou.com\/pt\/product\/mirena\/","title":{"rendered":"Mirena"},"content":{"rendered":"<p>Mirena \u00e9 um dispositivo intrauterino que libera horm\u00f4nios, oferecendo contracep\u00e7\u00e3o de longa dura\u00e7\u00e3o e tamb\u00e9m utilizado para reduzir o fluxo menstrual intenso. Cont\u00e9m levonorgestrel, um progest\u00e1geno que \u00e9 liberado lentamente no \u00fatero ao longo de v\u00e1rios anos. Uma vez colocado, Mirena fornece prote\u00e7\u00e3o confi\u00e1vel contra a gravidez por at\u00e9 cinco anos, enquanto tamb\u00e9m ajuda a suprimir ou reduzir o fluxo menstrual.<\/p>\n<p>O dispositivo \u00e9 colocado no \u00fatero durante um breve procedimento no consult\u00f3rio. Funciona engrossando o muco cervical para bloquear os espermatozoides, alterando o revestimento do \u00fatero para prevenir a implanta\u00e7\u00e3o e, em alguns indiv\u00edduos, pode suprimir a ovula\u00e7\u00e3o. O horm\u00f4nio \u00e9 entregue diretamente ao \u00fatero, portanto, a exposi\u00e7\u00e3o sist\u00eamica ao horm\u00f4nio permanece baixa.<\/p>\n<p>Mirena \u00e9 frequentemente escolhida n\u00e3o apenas por seus benef\u00edcios contraceptivos, mas tamb\u00e9m por sua capacidade de reduzir significativamente o fluxo menstrual. Muitos usu\u00e1rios experimentam per\u00edodos mais leves e, em alguns casos, os per\u00edodos param completamente. \u00c9 frequentemente utilizado por pessoas que t\u00eam per\u00edodos intensos ou dolorosos ou que preferem uma solu\u00e7\u00e3o de longo prazo e baixa manuten\u00e7\u00e3o que evite p\u00edlulas di\u00e1rias.<\/p>\n<p>Como um DIU hormonal que n\u00e3o cont\u00e9m estrog\u00eanio, Mirena \u00e9 uma boa op\u00e7\u00e3o para aqueles que n\u00e3o podem ou preferem n\u00e3o usar contraceptivos que contenham estrog\u00eanio. Pode ser removido a qualquer momento, e a fertilidade geralmente retorna rapidamente ap\u00f3s a remo\u00e7\u00e3o.<\/p>\n","protected":false},"excerpt":{"rendered":"<ul>\n<li>DIU hormonal por at\u00e9 5 anos<\/li>\n<li>Reduz ou para a menstrua\u00e7\u00e3o<\/li>\n<li>Op\u00e7\u00e3o contraceptiva sem estrog\u00eanio<\/li>\n<\/ul>\n","protected":false},"featured_media":844,"comment_status":"open","ping_status":"closed","template":"","meta":[],"product_brand":[],"product_cat":[121,128],"product_tag":[],"expert":[19],"class_list":{"0":"post-843","1":"product","2":"type-product","3":"status-publish","4":"has-post-thumbnail","6":"product_cat-dispositivo-intrauterino-diu","7":"product_cat-supressao-menstrual","8":"expert-dr-j-vazquez","10":"first","11":"instock","12":"shipping-taxable","13":"product-type-simple"},"yoast_head":"<!-- This site is optimized with the Yoast SEO plugin v27.0 - https:\/\/yoast.com\/product\/yoast-seo-wordpress\/ -->\n<title>Mirena | Solu\u00e7\u00e3o Eficaz de Controle de Natalidade - Transtoyou<\/title>\n<meta name=\"description\" content=\"Mirena: Solu\u00e7\u00e3o contraceptiva confi\u00e1vel dispon\u00edvel aqui. Descubra os benef\u00edcios e compre hoje na Transtoyou para acesso a cuidados de sa\u00fade confi\u00e1veis.\" \/>\n<meta name=\"robots\" content=\"noindex, follow, max-snippet:-1, max-image-preview:large, max-video-preview:-1\" \/>\n<meta property=\"og:locale\" content=\"pt_PT\" \/>\n<meta property=\"og:type\" content=\"article\" \/>\n<meta property=\"og:title\" content=\"Mirena | Solu\u00e7\u00e3o Eficaz de Controle de Natalidade - Transtoyou\" \/>\n<meta property=\"og:description\" content=\"Mirena: Solu\u00e7\u00e3o contraceptiva confi\u00e1vel dispon\u00edvel aqui. Descubra os benef\u00edcios e compre hoje na Transtoyou para acesso a cuidados de sa\u00fade confi\u00e1veis.\" \/>\n<meta property=\"og:url\" content=\"https:\/\/www.transtoyou.com\/pt\/product\/mirena\/\" \/>\n<meta property=\"og:site_name\" content=\"Transtoyou - PT\" \/>\n<meta property=\"article:modified_time\" content=\"2026-01-23T19:30:11+00:00\" \/>\n<meta name=\"twitter:card\" content=\"summary_large_image\" \/>\n<meta name=\"twitter:label1\" content=\"Tempo estimado de leitura\" \/>\n\t<meta name=\"twitter:data1\" content=\"1 minuto\" \/>\n<script type=\"application\/ld+json\" class=\"yoast-schema-graph\">{\"@context\":\"https:\/\/schema.org\",\"@graph\":[{\"@type\":\"WebPage\",\"@id\":\"https:\/\/www.transtoyou.com\/pt\/product\/mirena\/\",\"url\":\"https:\/\/www.transtoyou.com\/pt\/product\/mirena\/\",\"name\":\"Mirena | Solu\u00e7\u00e3o Eficaz de Controle de Natalidade - Transtoyou\",\"isPartOf\":{\"@id\":\"https:\/\/www.transtoyou.com\/pt\/#website\"},\"primaryImageOfPage\":{\"@id\":\"https:\/\/www.transtoyou.com\/pt\/product\/mirena\/#primaryimage\"},\"image\":{\"@id\":\"https:\/\/www.transtoyou.com\/pt\/product\/mirena\/#primaryimage\"},\"thumbnailUrl\":\"https:\/\/www.transtoyou.com\/pt\/wp-content\/uploads\/sites\/12\/2026\/01\/tty-no-product-image-44.webp\",\"datePublished\":\"2026-01-23T19:29:17+00:00\",\"dateModified\":\"2026-01-23T19:30:11+00:00\",\"description\":\"Mirena: Solu\u00e7\u00e3o contraceptiva confi\u00e1vel dispon\u00edvel aqui. Descubra os benef\u00edcios e compre hoje na Transtoyou para acesso a cuidados de sa\u00fade confi\u00e1veis.\",\"breadcrumb\":{\"@id\":\"https:\/\/www.transtoyou.com\/pt\/product\/mirena\/#breadcrumb\"},\"inLanguage\":\"pt-PT\",\"potentialAction\":[{\"@type\":\"ReadAction\",\"target\":[\"https:\/\/www.transtoyou.com\/pt\/product\/mirena\/\"]}]},{\"@type\":\"ImageObject\",\"inLanguage\":\"pt-PT\",\"@id\":\"https:\/\/www.transtoyou.com\/pt\/product\/mirena\/#primaryimage\",\"url\":\"https:\/\/www.transtoyou.com\/pt\/wp-content\/uploads\/sites\/12\/2026\/01\/tty-no-product-image-44.webp\",\"contentUrl\":\"https:\/\/www.transtoyou.com\/pt\/wp-content\/uploads\/sites\/12\/2026\/01\/tty-no-product-image-44.webp\",\"width\":1000,\"height\":1000,\"caption\":\"Imagem padr\u00e3o do produto\"},{\"@type\":\"WebSite\",\"@id\":\"https:\/\/www.transtoyou.com\/pt\/#website\",\"url\":\"https:\/\/www.transtoyou.com\/pt\/\",\"name\":\"Transtoyou - PT\",\"description\":\"\",\"publisher\":{\"@id\":\"https:\/\/www.transtoyou.com\/pt\/#organization\"},\"potentialAction\":[{\"@type\":\"SearchAction\",\"target\":{\"@type\":\"EntryPoint\",\"urlTemplate\":\"https:\/\/www.transtoyou.com\/pt\/?s={search_term_string}\"},\"query-input\":{\"@type\":\"PropertyValueSpecification\",\"valueRequired\":true,\"valueName\":\"search_term_string\"}}],\"inLanguage\":\"pt-PT\"},{\"@type\":\"Organization\",\"@id\":\"https:\/\/www.transtoyou.com\/pt\/#organization\",\"name\":\"Transtoyou - PT\",\"url\":\"https:\/\/www.transtoyou.com\/pt\/\",\"logo\":{\"@type\":\"ImageObject\",\"inLanguage\":\"pt-PT\",\"@id\":\"https:\/\/www.transtoyou.com\/pt\/#\/schema\/logo\/image\/\",\"url\":\"https:\/\/www.transtoyou.com\/pt\/wp-content\/uploads\/sites\/12\/2026\/01\/logo-tty-menu-bar-300x87-1.webp\",\"contentUrl\":\"https:\/\/www.transtoyou.com\/pt\/wp-content\/uploads\/sites\/12\/2026\/01\/logo-tty-menu-bar-300x87-1.webp\",\"width\":300,\"height\":87,\"caption\":\"Transtoyou - PT\"},\"image\":{\"@id\":\"https:\/\/www.transtoyou.com\/pt\/#\/schema\/logo\/image\/\"}}]}<\/script>\n<!-- \/ Yoast SEO plugin. -->","yoast_head_json":{"title":"Mirena | Solu\u00e7\u00e3o Eficaz de Controle de Natalidade - Transtoyou","description":"Mirena: Solu\u00e7\u00e3o contraceptiva confi\u00e1vel dispon\u00edvel aqui. Descubra os benef\u00edcios e compre hoje na Transtoyou para acesso a cuidados de sa\u00fade confi\u00e1veis.","robots":{"index":"noindex","follow":"follow","max-snippet":"max-snippet:-1","max-image-preview":"max-image-preview:large","max-video-preview":"max-video-preview:-1"},"og_locale":"pt_PT","og_type":"article","og_title":"Mirena | Solu\u00e7\u00e3o Eficaz de Controle de Natalidade - Transtoyou","og_description":"Mirena: Solu\u00e7\u00e3o contraceptiva confi\u00e1vel dispon\u00edvel aqui. Descubra os benef\u00edcios e compre hoje na Transtoyou para acesso a cuidados de sa\u00fade confi\u00e1veis.","og_url":"https:\/\/www.transtoyou.com\/pt\/product\/mirena\/","og_site_name":"Transtoyou - PT","article_modified_time":"2026-01-23T19:30:11+00:00","twitter_card":"summary_large_image","twitter_misc":{"Tempo estimado de leitura":"1 minuto"},"schema":{"@context":"https:\/\/schema.org","@graph":[{"@type":"WebPage","@id":"https:\/\/www.transtoyou.com\/pt\/product\/mirena\/","url":"https:\/\/www.transtoyou.com\/pt\/product\/mirena\/","name":"Mirena | Solu\u00e7\u00e3o Eficaz de Controle de Natalidade - Transtoyou","isPartOf":{"@id":"https:\/\/www.transtoyou.com\/pt\/#website"},"primaryImageOfPage":{"@id":"https:\/\/www.transtoyou.com\/pt\/product\/mirena\/#primaryimage"},"image":{"@id":"https:\/\/www.transtoyou.com\/pt\/product\/mirena\/#primaryimage"},"thumbnailUrl":"https:\/\/www.transtoyou.com\/pt\/wp-content\/uploads\/sites\/12\/2026\/01\/tty-no-product-image-44.webp","datePublished":"2026-01-23T19:29:17+00:00","dateModified":"2026-01-23T19:30:11+00:00","description":"Mirena: Solu\u00e7\u00e3o contraceptiva confi\u00e1vel dispon\u00edvel aqui. Descubra os benef\u00edcios e compre hoje na Transtoyou para acesso a cuidados de sa\u00fade confi\u00e1veis.","breadcrumb":{"@id":"https:\/\/www.transtoyou.com\/pt\/product\/mirena\/#breadcrumb"},"inLanguage":"pt-PT","potentialAction":[{"@type":"ReadAction","target":["https:\/\/www.transtoyou.com\/pt\/product\/mirena\/"]}]},{"@type":"ImageObject","inLanguage":"pt-PT","@id":"https:\/\/www.transtoyou.com\/pt\/product\/mirena\/#primaryimage","url":"https:\/\/www.transtoyou.com\/pt\/wp-content\/uploads\/sites\/12\/2026\/01\/tty-no-product-image-44.webp","contentUrl":"https:\/\/www.transtoyou.com\/pt\/wp-content\/uploads\/sites\/12\/2026\/01\/tty-no-product-image-44.webp","width":1000,"height":1000,"caption":"Imagem padr\u00e3o do produto"},{"@type":"WebSite","@id":"https:\/\/www.transtoyou.com\/pt\/#website","url":"https:\/\/www.transtoyou.com\/pt\/","name":"Transtoyou - PT","description":"","publisher":{"@id":"https:\/\/www.transtoyou.com\/pt\/#organization"},"potentialAction":[{"@type":"SearchAction","target":{"@type":"EntryPoint","urlTemplate":"https:\/\/www.transtoyou.com\/pt\/?s={search_term_string}"},"query-input":{"@type":"PropertyValueSpecification","valueRequired":true,"valueName":"search_term_string"}}],"inLanguage":"pt-PT"},{"@type":"Organization","@id":"https:\/\/www.transtoyou.com\/pt\/#organization","name":"Transtoyou - PT","url":"https:\/\/www.transtoyou.com\/pt\/","logo":{"@type":"ImageObject","inLanguage":"pt-PT","@id":"https:\/\/www.transtoyou.com\/pt\/#\/schema\/logo\/image\/","url":"https:\/\/www.transtoyou.com\/pt\/wp-content\/uploads\/sites\/12\/2026\/01\/logo-tty-menu-bar-300x87-1.webp","contentUrl":"https:\/\/www.transtoyou.com\/pt\/wp-content\/uploads\/sites\/12\/2026\/01\/logo-tty-menu-bar-300x87-1.webp","width":300,"height":87,"caption":"Transtoyou - PT"},"image":{"@id":"https:\/\/www.transtoyou.com\/pt\/#\/schema\/logo\/image\/"}}]}},"_links":{"self":[{"href":"https:\/\/www.transtoyou.com\/pt\/wp-json\/wp\/v2\/product\/843","targetHints":{"allow":["GET"]}}],"collection":[{"href":"https:\/\/www.transtoyou.com\/pt\/wp-json\/wp\/v2\/product"}],"about":[{"href":"https:\/\/www.transtoyou.com\/pt\/wp-json\/wp\/v2\/types\/product"}],"replies":[{"embeddable":true,"href":"https:\/\/www.transtoyou.com\/pt\/wp-json\/wp\/v2\/comments?post=843"}],"wp:featuredmedia":[{"embeddable":true,"href":"https:\/\/www.transtoyou.com\/pt\/wp-json\/wp\/v2\/media\/844"}],"wp:attachment":[{"href":"https:\/\/www.transtoyou.com\/pt\/wp-json\/wp\/v2\/media?parent=843"}],"wp:term":[{"taxonomy":"product_brand","embeddable":true,"href":"https:\/\/www.transtoyou.com\/pt\/wp-json\/wp\/v2\/product_brand?post=843"},{"taxonomy":"product_cat","embeddable":true,"href":"https:\/\/www.transtoyou.com\/pt\/wp-json\/wp\/v2\/product_cat?post=843"},{"taxonomy":"product_tag","embeddable":true,"href":"https:\/\/www.transtoyou.com\/pt\/wp-json\/wp\/v2\/product_tag?post=843"},{"taxonomy":"expert","embeddable":true,"href":"https:\/\/www.transtoyou.com\/pt\/wp-json\/wp\/v2\/expert?post=843"}],"curies":[{"name":"wp","href":"https:\/\/api.w.org\/{rel}","templated":true}]}}