{"id":845,"date":"2026-01-23T19:43:33","date_gmt":"2026-01-23T19:43:33","guid":{"rendered":"https:\/\/www.transtoyou.com\/pt\/product\/kyleena\/"},"modified":"2026-01-23T19:44:28","modified_gmt":"2026-01-23T19:44:28","slug":"kyleena","status":"publish","type":"product","link":"https:\/\/www.transtoyou.com\/pt\/product\/kyleena\/","title":{"rendered":"Kyleena"},"content":{"rendered":"<p>Kyleena \u00e9 um pequeno dispositivo intrauterino flex\u00edvel que libera uma baixa dose do horm\u00f4nio levonorgestrel diretamente no \u00fatero. Ele fornece contracep\u00e7\u00e3o revers\u00edvel de longa dura\u00e7\u00e3o por at\u00e9 cinco anos e est\u00e1 entre os m\u00e9todos de controle de natalidade mais eficazes dispon\u00edveis. Uma vez colocado, Kyleena funciona continuamente sem exigir aten\u00e7\u00e3o di\u00e1ria.<\/p>\n<p>O dispositivo \u00e9 colocado dentro do \u00fatero durante um procedimento simples. Ele libera lentamente o levonorgestrel, que engrossa o muco cervical para impedir que os espermatozoides cheguem ao \u00f3vulo e pode tamb\u00e9m suprimir a ovula\u00e7\u00e3o em algumas pessoas. O horm\u00f4nio \u00e9 liberado localmente em pequenas quantidades, o que reduz a probabilidade de efeitos colaterais sist\u00eamicos.<\/p>\n<p>Kyleena \u00e9 menor do que alguns outros DIUs e \u00e9 frequentemente escolhida por indiv\u00edduos que preferem uma op\u00e7\u00e3o hormonal de baixa dose ou que n\u00e3o tiveram filhos. \u00c9 eficaz dentro de 24 horas ap\u00f3s a coloca\u00e7\u00e3o e pode ser removido a qualquer momento, permitindo que a fertilidade retorne rapidamente. Ao contr\u00e1rio das p\u00edlulas di\u00e1rias ou inje\u00e7\u00f5es, Kyleena oferece prote\u00e7\u00e3o cont\u00ednua sem exigir a\u00e7\u00e3o regular do usu\u00e1rio.<\/p>\n<p>Este DIU \u00e9 um m\u00e9todo discreto e altamente confi\u00e1vel de contracep\u00e7\u00e3o que permite aos usu\u00e1rios evitar estrog\u00eanio e optar por uma solu\u00e7\u00e3o de longo prazo e baixa manuten\u00e7\u00e3o. Kyleena n\u00e3o cont\u00e9m cobre e n\u00e3o \u00e9 destinada \u00e0 contracep\u00e7\u00e3o de emerg\u00eancia. Voc\u00ea pode solicitar Kyleena na Transtoyou, mas precisa marcar uma consulta com um profissional que possa colocar o DIU para voc\u00ea.<\/p>\n","protected":false},"excerpt":{"rendered":"<ul>\n<li>DIU hormonal de longa dura\u00e7\u00e3o<\/li>\n<li>Eficaz por at\u00e9 cinco anos<\/li>\n<li>Baixa dosagem e livre de estrog\u00eanio<\/li>\n<\/ul>\n","protected":false},"featured_media":847,"comment_status":"open","ping_status":"closed","template":"","meta":[],"product_brand":[],"product_cat":[121,128],"product_tag":[],"expert":[19],"class_list":{"0":"post-845","1":"product","2":"type-product","3":"status-publish","4":"has-post-thumbnail","6":"product_cat-dispositivo-intrauterino-diu","7":"product_cat-supressao-menstrual","8":"expert-dr-j-vazquez","10":"first","11":"instock","12":"shipping-taxable","13":"product-type-variable"},"yoast_head":"<!-- This site is optimized with the Yoast SEO plugin v27.0 - https:\/\/yoast.com\/product\/yoast-seo-wordpress\/ -->\n<title>Kyleena | Contracep\u00e7\u00e3o Eficaz a Longo Prazo - Transtoyou<\/title>\n<meta name=\"description\" content=\"Kyleena, dispon\u00edvel no Transtoyou, oferece contracep\u00e7\u00e3o confi\u00e1vel e de longo prazo. Descubra seus benef\u00edcios hoje para uma solu\u00e7\u00e3o segura no planejamento familiar.\" \/>\n<meta name=\"robots\" content=\"noindex, follow, max-snippet:-1, max-image-preview:large, max-video-preview:-1\" \/>\n<meta property=\"og:locale\" content=\"pt_PT\" \/>\n<meta property=\"og:type\" content=\"article\" \/>\n<meta property=\"og:title\" content=\"Kyleena | Contracep\u00e7\u00e3o Eficaz a Longo Prazo - Transtoyou\" \/>\n<meta property=\"og:description\" content=\"Kyleena, dispon\u00edvel no Transtoyou, oferece contracep\u00e7\u00e3o confi\u00e1vel e de longo prazo. Descubra seus benef\u00edcios hoje para uma solu\u00e7\u00e3o segura no planejamento familiar.\" \/>\n<meta property=\"og:url\" content=\"https:\/\/www.transtoyou.com\/pt\/product\/kyleena\/\" \/>\n<meta property=\"og:site_name\" content=\"Transtoyou - PT\" \/>\n<meta property=\"article:modified_time\" content=\"2026-01-23T19:44:28+00:00\" \/>\n<meta name=\"twitter:card\" content=\"summary_large_image\" \/>\n<meta name=\"twitter:label1\" content=\"Tempo estimado de leitura\" \/>\n\t<meta name=\"twitter:data1\" content=\"1 minuto\" \/>\n<script type=\"application\/ld+json\" class=\"yoast-schema-graph\">{\"@context\":\"https:\/\/schema.org\",\"@graph\":[{\"@type\":\"WebPage\",\"@id\":\"https:\/\/www.transtoyou.com\/pt\/product\/kyleena\/\",\"url\":\"https:\/\/www.transtoyou.com\/pt\/product\/kyleena\/\",\"name\":\"Kyleena | Contracep\u00e7\u00e3o Eficaz a Longo Prazo - Transtoyou\",\"isPartOf\":{\"@id\":\"https:\/\/www.transtoyou.com\/pt\/#website\"},\"primaryImageOfPage\":{\"@id\":\"https:\/\/www.transtoyou.com\/pt\/product\/kyleena\/#primaryimage\"},\"image\":{\"@id\":\"https:\/\/www.transtoyou.com\/pt\/product\/kyleena\/#primaryimage\"},\"thumbnailUrl\":\"https:\/\/www.transtoyou.com\/pt\/wp-content\/uploads\/sites\/12\/2026\/01\/tty-no-product-image-45.webp\",\"datePublished\":\"2026-01-23T19:43:33+00:00\",\"dateModified\":\"2026-01-23T19:44:28+00:00\",\"description\":\"Kyleena, dispon\u00edvel no Transtoyou, oferece contracep\u00e7\u00e3o confi\u00e1vel e de longo prazo. Descubra seus benef\u00edcios hoje para uma solu\u00e7\u00e3o segura no planejamento familiar.\",\"breadcrumb\":{\"@id\":\"https:\/\/www.transtoyou.com\/pt\/product\/kyleena\/#breadcrumb\"},\"inLanguage\":\"pt-PT\",\"potentialAction\":[{\"@type\":\"ReadAction\",\"target\":[\"https:\/\/www.transtoyou.com\/pt\/product\/kyleena\/\"]}]},{\"@type\":\"ImageObject\",\"inLanguage\":\"pt-PT\",\"@id\":\"https:\/\/www.transtoyou.com\/pt\/product\/kyleena\/#primaryimage\",\"url\":\"https:\/\/www.transtoyou.com\/pt\/wp-content\/uploads\/sites\/12\/2026\/01\/tty-no-product-image-45.webp\",\"contentUrl\":\"https:\/\/www.transtoyou.com\/pt\/wp-content\/uploads\/sites\/12\/2026\/01\/tty-no-product-image-45.webp\",\"width\":1000,\"height\":1000,\"caption\":\"Imagem padr\u00e3o do produto\"},{\"@type\":\"WebSite\",\"@id\":\"https:\/\/www.transtoyou.com\/pt\/#website\",\"url\":\"https:\/\/www.transtoyou.com\/pt\/\",\"name\":\"Transtoyou - PT\",\"description\":\"\",\"publisher\":{\"@id\":\"https:\/\/www.transtoyou.com\/pt\/#organization\"},\"potentialAction\":[{\"@type\":\"SearchAction\",\"target\":{\"@type\":\"EntryPoint\",\"urlTemplate\":\"https:\/\/www.transtoyou.com\/pt\/?s={search_term_string}\"},\"query-input\":{\"@type\":\"PropertyValueSpecification\",\"valueRequired\":true,\"valueName\":\"search_term_string\"}}],\"inLanguage\":\"pt-PT\"},{\"@type\":\"Organization\",\"@id\":\"https:\/\/www.transtoyou.com\/pt\/#organization\",\"name\":\"Transtoyou - PT\",\"url\":\"https:\/\/www.transtoyou.com\/pt\/\",\"logo\":{\"@type\":\"ImageObject\",\"inLanguage\":\"pt-PT\",\"@id\":\"https:\/\/www.transtoyou.com\/pt\/#\/schema\/logo\/image\/\",\"url\":\"https:\/\/www.transtoyou.com\/pt\/wp-content\/uploads\/sites\/12\/2026\/01\/logo-tty-menu-bar-300x87-1.webp\",\"contentUrl\":\"https:\/\/www.transtoyou.com\/pt\/wp-content\/uploads\/sites\/12\/2026\/01\/logo-tty-menu-bar-300x87-1.webp\",\"width\":300,\"height\":87,\"caption\":\"Transtoyou - PT\"},\"image\":{\"@id\":\"https:\/\/www.transtoyou.com\/pt\/#\/schema\/logo\/image\/\"}}]}<\/script>\n<!-- \/ Yoast SEO plugin. -->","yoast_head_json":{"title":"Kyleena | Contracep\u00e7\u00e3o Eficaz a Longo Prazo - Transtoyou","description":"Kyleena, dispon\u00edvel no Transtoyou, oferece contracep\u00e7\u00e3o confi\u00e1vel e de longo prazo. Descubra seus benef\u00edcios hoje para uma solu\u00e7\u00e3o segura no planejamento familiar.","robots":{"index":"noindex","follow":"follow","max-snippet":"max-snippet:-1","max-image-preview":"max-image-preview:large","max-video-preview":"max-video-preview:-1"},"og_locale":"pt_PT","og_type":"article","og_title":"Kyleena | Contracep\u00e7\u00e3o Eficaz a Longo Prazo - Transtoyou","og_description":"Kyleena, dispon\u00edvel no Transtoyou, oferece contracep\u00e7\u00e3o confi\u00e1vel e de longo prazo. Descubra seus benef\u00edcios hoje para uma solu\u00e7\u00e3o segura no planejamento familiar.","og_url":"https:\/\/www.transtoyou.com\/pt\/product\/kyleena\/","og_site_name":"Transtoyou - PT","article_modified_time":"2026-01-23T19:44:28+00:00","twitter_card":"summary_large_image","twitter_misc":{"Tempo estimado de leitura":"1 minuto"},"schema":{"@context":"https:\/\/schema.org","@graph":[{"@type":"WebPage","@id":"https:\/\/www.transtoyou.com\/pt\/product\/kyleena\/","url":"https:\/\/www.transtoyou.com\/pt\/product\/kyleena\/","name":"Kyleena | Contracep\u00e7\u00e3o Eficaz a Longo Prazo - Transtoyou","isPartOf":{"@id":"https:\/\/www.transtoyou.com\/pt\/#website"},"primaryImageOfPage":{"@id":"https:\/\/www.transtoyou.com\/pt\/product\/kyleena\/#primaryimage"},"image":{"@id":"https:\/\/www.transtoyou.com\/pt\/product\/kyleena\/#primaryimage"},"thumbnailUrl":"https:\/\/www.transtoyou.com\/pt\/wp-content\/uploads\/sites\/12\/2026\/01\/tty-no-product-image-45.webp","datePublished":"2026-01-23T19:43:33+00:00","dateModified":"2026-01-23T19:44:28+00:00","description":"Kyleena, dispon\u00edvel no Transtoyou, oferece contracep\u00e7\u00e3o confi\u00e1vel e de longo prazo. Descubra seus benef\u00edcios hoje para uma solu\u00e7\u00e3o segura no planejamento familiar.","breadcrumb":{"@id":"https:\/\/www.transtoyou.com\/pt\/product\/kyleena\/#breadcrumb"},"inLanguage":"pt-PT","potentialAction":[{"@type":"ReadAction","target":["https:\/\/www.transtoyou.com\/pt\/product\/kyleena\/"]}]},{"@type":"ImageObject","inLanguage":"pt-PT","@id":"https:\/\/www.transtoyou.com\/pt\/product\/kyleena\/#primaryimage","url":"https:\/\/www.transtoyou.com\/pt\/wp-content\/uploads\/sites\/12\/2026\/01\/tty-no-product-image-45.webp","contentUrl":"https:\/\/www.transtoyou.com\/pt\/wp-content\/uploads\/sites\/12\/2026\/01\/tty-no-product-image-45.webp","width":1000,"height":1000,"caption":"Imagem padr\u00e3o do produto"},{"@type":"WebSite","@id":"https:\/\/www.transtoyou.com\/pt\/#website","url":"https:\/\/www.transtoyou.com\/pt\/","name":"Transtoyou - PT","description":"","publisher":{"@id":"https:\/\/www.transtoyou.com\/pt\/#organization"},"potentialAction":[{"@type":"SearchAction","target":{"@type":"EntryPoint","urlTemplate":"https:\/\/www.transtoyou.com\/pt\/?s={search_term_string}"},"query-input":{"@type":"PropertyValueSpecification","valueRequired":true,"valueName":"search_term_string"}}],"inLanguage":"pt-PT"},{"@type":"Organization","@id":"https:\/\/www.transtoyou.com\/pt\/#organization","name":"Transtoyou - PT","url":"https:\/\/www.transtoyou.com\/pt\/","logo":{"@type":"ImageObject","inLanguage":"pt-PT","@id":"https:\/\/www.transtoyou.com\/pt\/#\/schema\/logo\/image\/","url":"https:\/\/www.transtoyou.com\/pt\/wp-content\/uploads\/sites\/12\/2026\/01\/logo-tty-menu-bar-300x87-1.webp","contentUrl":"https:\/\/www.transtoyou.com\/pt\/wp-content\/uploads\/sites\/12\/2026\/01\/logo-tty-menu-bar-300x87-1.webp","width":300,"height":87,"caption":"Transtoyou - PT"},"image":{"@id":"https:\/\/www.transtoyou.com\/pt\/#\/schema\/logo\/image\/"}}]}},"_links":{"self":[{"href":"https:\/\/www.transtoyou.com\/pt\/wp-json\/wp\/v2\/product\/845","targetHints":{"allow":["GET"]}}],"collection":[{"href":"https:\/\/www.transtoyou.com\/pt\/wp-json\/wp\/v2\/product"}],"about":[{"href":"https:\/\/www.transtoyou.com\/pt\/wp-json\/wp\/v2\/types\/product"}],"replies":[{"embeddable":true,"href":"https:\/\/www.transtoyou.com\/pt\/wp-json\/wp\/v2\/comments?post=845"}],"wp:featuredmedia":[{"embeddable":true,"href":"https:\/\/www.transtoyou.com\/pt\/wp-json\/wp\/v2\/media\/847"}],"wp:attachment":[{"href":"https:\/\/www.transtoyou.com\/pt\/wp-json\/wp\/v2\/media?parent=845"}],"wp:term":[{"taxonomy":"product_brand","embeddable":true,"href":"https:\/\/www.transtoyou.com\/pt\/wp-json\/wp\/v2\/product_brand?post=845"},{"taxonomy":"product_cat","embeddable":true,"href":"https:\/\/www.transtoyou.com\/pt\/wp-json\/wp\/v2\/product_cat?post=845"},{"taxonomy":"product_tag","embeddable":true,"href":"https:\/\/www.transtoyou.com\/pt\/wp-json\/wp\/v2\/product_tag?post=845"},{"taxonomy":"expert","embeddable":true,"href":"https:\/\/www.transtoyou.com\/pt\/wp-json\/wp\/v2\/expert?post=845"}],"curies":[{"name":"wp","href":"https:\/\/api.w.org\/{rel}","templated":true}]}}