{"id":848,"date":"2026-01-23T19:57:55","date_gmt":"2026-01-23T19:57:55","guid":{"rendered":"https:\/\/www.transtoyou.com\/pt\/product\/zumenon\/"},"modified":"2026-01-23T19:58:58","modified_gmt":"2026-01-23T19:58:58","slug":"zumenon","status":"publish","type":"product","link":"https:\/\/www.transtoyou.com\/pt\/product\/zumenon\/","title":{"rendered":"Zumenon"},"content":{"rendered":"<p>Zumenon \u00e9 uma medica\u00e7\u00e3o prescrita para terapia de reposi\u00e7\u00e3o hormonal. Cada comprimido cont\u00e9m estradiol, uma forma de estrog\u00eanio id\u00eantica \u00e0quela produzida naturalmente no corpo. \u00c9 utilizado para tratar os sintomas da defici\u00eancia de estrog\u00eanio em pessoas que passaram pela menopausa e tamb\u00e9m pode ser usado na terapia hormonal de estrog\u00eanio e feminiza\u00e7\u00e3o.<\/p>\n<p>Para indiv\u00edduos que est\u00e3o passando pela menopausa, Zumenon ajuda a reduzir sintomas como ondas de calor, suores noturnos, mudan\u00e7as de humor e secura vaginal. Esses sintomas s\u00e3o frequentemente o resultado da diminui\u00e7\u00e3o dos n\u00edveis de estrog\u00eanio. Ao restaurar os n\u00edveis de estradiol, Zumenon apoia o equil\u00edbrio hormonal e melhora o conforto durante o per\u00edodo p\u00f3s-menopausa.<\/p>\n<p>Zumenon tamb\u00e9m \u00e9 utilizado no contexto da terapia hormonal afirmativa de g\u00eanero. Em mulheres trans, o estradiol presente no Zumenon pode apoiar mudan\u00e7as f\u00edsicas femininas, incluindo redistribui\u00e7\u00e3o de gordura, suaviza\u00e7\u00e3o da pele e desenvolvimento das mamas. O formato oral pode ser preferido por indiv\u00edduos que desejam um m\u00e9todo de administra\u00e7\u00e3o simples e familiar.<\/p>\n<p>Zumenon \u00e9 geralmente tomado uma vez ao dia, e a dosagem pode ser ajustada de acordo com os objetivos individuais de tratamento. Pode ser utilizado sozinho ou em conjunto com um progest\u00f3geno para indiv\u00edduos que t\u00eam \u00fatero. Seja para menopausa ou transi\u00e7\u00e3o de g\u00eanero, Zumenon oferece uma maneira direta de suplementar os n\u00edveis de estrog\u00eanio e apoiar o equil\u00edbrio hormonal a longo prazo.<\/p>\n","protected":false},"excerpt":{"rendered":"<ul>\n<li>Comprimido di\u00e1rio de estrog\u00eanio oral<\/li>\n<li>Usado para menopausa e transi\u00e7\u00e3o<\/li>\n<li>Suporta o equil\u00edbrio hormonal<\/li>\n<\/ul>\n","protected":false},"featured_media":850,"comment_status":"open","ping_status":"closed","template":"","meta":[],"product_brand":[],"product_cat":[96,119],"product_tag":[],"expert":[19],"class_list":{"0":"post-848","1":"product","2":"type-product","3":"status-publish","4":"has-post-thumbnail","6":"product_cat-estrogenio-e-terapia-feminilizante","7":"product_cat-terapia-de-reposicao-hormonal-trh","8":"expert-dr-j-vazquez","10":"first","11":"instock","12":"shipping-taxable","13":"product-type-variable"},"yoast_head":"<!-- This site is optimized with the Yoast SEO plugin v27.0 - https:\/\/yoast.com\/product\/yoast-seo-wordpress\/ -->\n<title>Zumenon | Suporte ao Equil\u00edbrio Hormonal - Transtoyou<\/title>\n<meta name=\"description\" content=\"Zumenon, dispon\u00edvel aqui, oferece benef\u00edcios da terapia hormonal. Compre agora para al\u00edvio eficaz e bem-estar aprimorado com o servi\u00e7o confi\u00e1vel da Transtoyou.\" \/>\n<meta name=\"robots\" content=\"noindex, follow, max-snippet:-1, max-image-preview:large, max-video-preview:-1\" \/>\n<meta property=\"og:locale\" content=\"pt_PT\" \/>\n<meta property=\"og:type\" content=\"article\" \/>\n<meta property=\"og:title\" content=\"Zumenon | Suporte ao Equil\u00edbrio Hormonal - Transtoyou\" \/>\n<meta property=\"og:description\" content=\"Zumenon, dispon\u00edvel aqui, oferece benef\u00edcios da terapia hormonal. Compre agora para al\u00edvio eficaz e bem-estar aprimorado com o servi\u00e7o confi\u00e1vel da Transtoyou.\" \/>\n<meta property=\"og:url\" content=\"https:\/\/www.transtoyou.com\/pt\/product\/zumenon\/\" \/>\n<meta property=\"og:site_name\" content=\"Transtoyou - PT\" \/>\n<meta property=\"article:modified_time\" content=\"2026-01-23T19:58:58+00:00\" \/>\n<meta name=\"twitter:card\" content=\"summary_large_image\" \/>\n<meta name=\"twitter:label1\" content=\"Tempo estimado de leitura\" \/>\n\t<meta name=\"twitter:data1\" content=\"1 minuto\" \/>\n<script type=\"application\/ld+json\" class=\"yoast-schema-graph\">{\"@context\":\"https:\/\/schema.org\",\"@graph\":[{\"@type\":\"WebPage\",\"@id\":\"https:\/\/www.transtoyou.com\/pt\/product\/zumenon\/\",\"url\":\"https:\/\/www.transtoyou.com\/pt\/product\/zumenon\/\",\"name\":\"Zumenon | Suporte ao Equil\u00edbrio Hormonal - Transtoyou\",\"isPartOf\":{\"@id\":\"https:\/\/www.transtoyou.com\/pt\/#website\"},\"primaryImageOfPage\":{\"@id\":\"https:\/\/www.transtoyou.com\/pt\/product\/zumenon\/#primaryimage\"},\"image\":{\"@id\":\"https:\/\/www.transtoyou.com\/pt\/product\/zumenon\/#primaryimage\"},\"thumbnailUrl\":\"https:\/\/www.transtoyou.com\/pt\/wp-content\/uploads\/sites\/12\/2026\/01\/tty-no-product-image-46.webp\",\"datePublished\":\"2026-01-23T19:57:55+00:00\",\"dateModified\":\"2026-01-23T19:58:58+00:00\",\"description\":\"Zumenon, dispon\u00edvel aqui, oferece benef\u00edcios da terapia hormonal. Compre agora para al\u00edvio eficaz e bem-estar aprimorado com o servi\u00e7o confi\u00e1vel da Transtoyou.\",\"breadcrumb\":{\"@id\":\"https:\/\/www.transtoyou.com\/pt\/product\/zumenon\/#breadcrumb\"},\"inLanguage\":\"pt-PT\",\"potentialAction\":[{\"@type\":\"ReadAction\",\"target\":[\"https:\/\/www.transtoyou.com\/pt\/product\/zumenon\/\"]}]},{\"@type\":\"ImageObject\",\"inLanguage\":\"pt-PT\",\"@id\":\"https:\/\/www.transtoyou.com\/pt\/product\/zumenon\/#primaryimage\",\"url\":\"https:\/\/www.transtoyou.com\/pt\/wp-content\/uploads\/sites\/12\/2026\/01\/tty-no-product-image-46.webp\",\"contentUrl\":\"https:\/\/www.transtoyou.com\/pt\/wp-content\/uploads\/sites\/12\/2026\/01\/tty-no-product-image-46.webp\",\"width\":1000,\"height\":1000,\"caption\":\"Imagem padr\u00e3o do produto\"},{\"@type\":\"WebSite\",\"@id\":\"https:\/\/www.transtoyou.com\/pt\/#website\",\"url\":\"https:\/\/www.transtoyou.com\/pt\/\",\"name\":\"Transtoyou - PT\",\"description\":\"\",\"publisher\":{\"@id\":\"https:\/\/www.transtoyou.com\/pt\/#organization\"},\"potentialAction\":[{\"@type\":\"SearchAction\",\"target\":{\"@type\":\"EntryPoint\",\"urlTemplate\":\"https:\/\/www.transtoyou.com\/pt\/?s={search_term_string}\"},\"query-input\":{\"@type\":\"PropertyValueSpecification\",\"valueRequired\":true,\"valueName\":\"search_term_string\"}}],\"inLanguage\":\"pt-PT\"},{\"@type\":\"Organization\",\"@id\":\"https:\/\/www.transtoyou.com\/pt\/#organization\",\"name\":\"Transtoyou - PT\",\"url\":\"https:\/\/www.transtoyou.com\/pt\/\",\"logo\":{\"@type\":\"ImageObject\",\"inLanguage\":\"pt-PT\",\"@id\":\"https:\/\/www.transtoyou.com\/pt\/#\/schema\/logo\/image\/\",\"url\":\"https:\/\/www.transtoyou.com\/pt\/wp-content\/uploads\/sites\/12\/2026\/01\/logo-tty-menu-bar-300x87-1.webp\",\"contentUrl\":\"https:\/\/www.transtoyou.com\/pt\/wp-content\/uploads\/sites\/12\/2026\/01\/logo-tty-menu-bar-300x87-1.webp\",\"width\":300,\"height\":87,\"caption\":\"Transtoyou - PT\"},\"image\":{\"@id\":\"https:\/\/www.transtoyou.com\/pt\/#\/schema\/logo\/image\/\"}}]}<\/script>\n<!-- \/ Yoast SEO plugin. -->","yoast_head_json":{"title":"Zumenon | Suporte ao Equil\u00edbrio Hormonal - Transtoyou","description":"Zumenon, dispon\u00edvel aqui, oferece benef\u00edcios da terapia hormonal. Compre agora para al\u00edvio eficaz e bem-estar aprimorado com o servi\u00e7o confi\u00e1vel da Transtoyou.","robots":{"index":"noindex","follow":"follow","max-snippet":"max-snippet:-1","max-image-preview":"max-image-preview:large","max-video-preview":"max-video-preview:-1"},"og_locale":"pt_PT","og_type":"article","og_title":"Zumenon | Suporte ao Equil\u00edbrio Hormonal - Transtoyou","og_description":"Zumenon, dispon\u00edvel aqui, oferece benef\u00edcios da terapia hormonal. Compre agora para al\u00edvio eficaz e bem-estar aprimorado com o servi\u00e7o confi\u00e1vel da Transtoyou.","og_url":"https:\/\/www.transtoyou.com\/pt\/product\/zumenon\/","og_site_name":"Transtoyou - PT","article_modified_time":"2026-01-23T19:58:58+00:00","twitter_card":"summary_large_image","twitter_misc":{"Tempo estimado de leitura":"1 minuto"},"schema":{"@context":"https:\/\/schema.org","@graph":[{"@type":"WebPage","@id":"https:\/\/www.transtoyou.com\/pt\/product\/zumenon\/","url":"https:\/\/www.transtoyou.com\/pt\/product\/zumenon\/","name":"Zumenon | Suporte ao Equil\u00edbrio Hormonal - Transtoyou","isPartOf":{"@id":"https:\/\/www.transtoyou.com\/pt\/#website"},"primaryImageOfPage":{"@id":"https:\/\/www.transtoyou.com\/pt\/product\/zumenon\/#primaryimage"},"image":{"@id":"https:\/\/www.transtoyou.com\/pt\/product\/zumenon\/#primaryimage"},"thumbnailUrl":"https:\/\/www.transtoyou.com\/pt\/wp-content\/uploads\/sites\/12\/2026\/01\/tty-no-product-image-46.webp","datePublished":"2026-01-23T19:57:55+00:00","dateModified":"2026-01-23T19:58:58+00:00","description":"Zumenon, dispon\u00edvel aqui, oferece benef\u00edcios da terapia hormonal. Compre agora para al\u00edvio eficaz e bem-estar aprimorado com o servi\u00e7o confi\u00e1vel da Transtoyou.","breadcrumb":{"@id":"https:\/\/www.transtoyou.com\/pt\/product\/zumenon\/#breadcrumb"},"inLanguage":"pt-PT","potentialAction":[{"@type":"ReadAction","target":["https:\/\/www.transtoyou.com\/pt\/product\/zumenon\/"]}]},{"@type":"ImageObject","inLanguage":"pt-PT","@id":"https:\/\/www.transtoyou.com\/pt\/product\/zumenon\/#primaryimage","url":"https:\/\/www.transtoyou.com\/pt\/wp-content\/uploads\/sites\/12\/2026\/01\/tty-no-product-image-46.webp","contentUrl":"https:\/\/www.transtoyou.com\/pt\/wp-content\/uploads\/sites\/12\/2026\/01\/tty-no-product-image-46.webp","width":1000,"height":1000,"caption":"Imagem padr\u00e3o do produto"},{"@type":"WebSite","@id":"https:\/\/www.transtoyou.com\/pt\/#website","url":"https:\/\/www.transtoyou.com\/pt\/","name":"Transtoyou - PT","description":"","publisher":{"@id":"https:\/\/www.transtoyou.com\/pt\/#organization"},"potentialAction":[{"@type":"SearchAction","target":{"@type":"EntryPoint","urlTemplate":"https:\/\/www.transtoyou.com\/pt\/?s={search_term_string}"},"query-input":{"@type":"PropertyValueSpecification","valueRequired":true,"valueName":"search_term_string"}}],"inLanguage":"pt-PT"},{"@type":"Organization","@id":"https:\/\/www.transtoyou.com\/pt\/#organization","name":"Transtoyou - PT","url":"https:\/\/www.transtoyou.com\/pt\/","logo":{"@type":"ImageObject","inLanguage":"pt-PT","@id":"https:\/\/www.transtoyou.com\/pt\/#\/schema\/logo\/image\/","url":"https:\/\/www.transtoyou.com\/pt\/wp-content\/uploads\/sites\/12\/2026\/01\/logo-tty-menu-bar-300x87-1.webp","contentUrl":"https:\/\/www.transtoyou.com\/pt\/wp-content\/uploads\/sites\/12\/2026\/01\/logo-tty-menu-bar-300x87-1.webp","width":300,"height":87,"caption":"Transtoyou - PT"},"image":{"@id":"https:\/\/www.transtoyou.com\/pt\/#\/schema\/logo\/image\/"}}]}},"_links":{"self":[{"href":"https:\/\/www.transtoyou.com\/pt\/wp-json\/wp\/v2\/product\/848","targetHints":{"allow":["GET"]}}],"collection":[{"href":"https:\/\/www.transtoyou.com\/pt\/wp-json\/wp\/v2\/product"}],"about":[{"href":"https:\/\/www.transtoyou.com\/pt\/wp-json\/wp\/v2\/types\/product"}],"replies":[{"embeddable":true,"href":"https:\/\/www.transtoyou.com\/pt\/wp-json\/wp\/v2\/comments?post=848"}],"wp:featuredmedia":[{"embeddable":true,"href":"https:\/\/www.transtoyou.com\/pt\/wp-json\/wp\/v2\/media\/850"}],"wp:attachment":[{"href":"https:\/\/www.transtoyou.com\/pt\/wp-json\/wp\/v2\/media?parent=848"}],"wp:term":[{"taxonomy":"product_brand","embeddable":true,"href":"https:\/\/www.transtoyou.com\/pt\/wp-json\/wp\/v2\/product_brand?post=848"},{"taxonomy":"product_cat","embeddable":true,"href":"https:\/\/www.transtoyou.com\/pt\/wp-json\/wp\/v2\/product_cat?post=848"},{"taxonomy":"product_tag","embeddable":true,"href":"https:\/\/www.transtoyou.com\/pt\/wp-json\/wp\/v2\/product_tag?post=848"},{"taxonomy":"expert","embeddable":true,"href":"https:\/\/www.transtoyou.com\/pt\/wp-json\/wp\/v2\/expert?post=848"}],"curies":[{"name":"wp","href":"https:\/\/api.w.org\/{rel}","templated":true}]}}