{"id":863,"date":"2026-01-23T21:21:47","date_gmt":"2026-01-23T21:21:47","guid":{"rendered":"https:\/\/www.transtoyou.com\/pt\/product\/femoston\/"},"modified":"2026-01-23T21:22:37","modified_gmt":"2026-01-23T21:22:37","slug":"femoston","status":"publish","type":"product","link":"https:\/\/www.transtoyou.com\/pt\/product\/femoston\/","title":{"rendered":"Femoston"},"content":{"rendered":"<p>Femoston \u00e9 um comprimido utilizado como parte da terapia de reposi\u00e7\u00e3o hormonal para aliviar os sintomas associados a baixos n\u00edveis de estrog\u00eanio. Cont\u00e9m dois horm\u00f4nios: estradiol, uma forma de estrog\u00eanio, e dydrogesterona, um progest\u00e1geno que ajuda a proteger o revestimento do \u00fatero. Esta combina\u00e7\u00e3o \u00e9 tipicamente utilizada por pessoas que atingiram a menopausa e ainda t\u00eam \u00fatero.<\/p>\n<p>Os sintomas da menopausa, como ondas de calor, suores noturnos, mudan\u00e7as de humor e secura vaginal, ocorrem devido \u00e0 redu\u00e7\u00e3o dos n\u00edveis de estrog\u00eanio. Femoston rep\u00f5e esse horm\u00f4nio para restaurar o equil\u00edbrio e reduzir o desconforto. O componente progest\u00e1geno ajuda a prevenir que o revestimento uterino se torne muito espesso, o que pode acontecer quando o estrog\u00eanio \u00e9 usado isoladamente.<\/p>\n<p>Femoston \u00e9 tomado uma vez ao dia, com diferentes formula\u00e7\u00f5es dispon\u00edveis dependendo se um padr\u00e3o hormonal cont\u00ednuo ou c\u00edclico \u00e9 necess\u00e1rio. O uso consistente ajuda a gerenciar tanto os sintomas de curto prazo da defici\u00eancia de estrog\u00eanio quanto contribui para objetivos de longo prazo relacionados \u00e0 estabilidade hormonal e qualidade de vida.<\/p>\n","protected":false},"excerpt":{"rendered":"<ul>\n<li>Comprimido hormonal oral di\u00e1rio<\/li>\n<li>Alivia a menopausa<\/li>\n<li>Combina estrog\u00eanio e progest\u00e1geno<\/li>\n<\/ul>\n","protected":false},"featured_media":865,"comment_status":"open","ping_status":"closed","template":"","meta":[],"product_brand":[],"product_cat":[125,119],"product_tag":[],"expert":[16],"class_list":{"0":"post-863","1":"product","2":"type-product","3":"status-publish","4":"has-post-thumbnail","6":"product_cat-alivio-da-menopausa-e-tpm","7":"product_cat-terapia-de-reposicao-hormonal-trh","8":"expert-dr-c-alexandru","10":"first","11":"instock","12":"shipping-taxable","13":"product-type-variable"},"yoast_head":"<!-- This site is optimized with the Yoast SEO plugin v27.0 - https:\/\/yoast.com\/product\/yoast-seo-wordpress\/ -->\n<title>Femoston | Suporte ao Equil\u00edbrio Hormonal - Transtoyou<\/title>\n<meta name=\"description\" content=\"Femoston, dispon\u00edvel na Transtoyou. Descubra seus benef\u00edcios para o equil\u00edbrio hormonal e bem-estar. Compre agora uma solu\u00e7\u00e3o confi\u00e1vel.\" \/>\n<meta name=\"robots\" content=\"noindex, follow, max-snippet:-1, max-image-preview:large, max-video-preview:-1\" \/>\n<meta property=\"og:locale\" content=\"pt_PT\" \/>\n<meta property=\"og:type\" content=\"article\" \/>\n<meta property=\"og:title\" content=\"Femoston | Suporte ao Equil\u00edbrio Hormonal - Transtoyou\" \/>\n<meta property=\"og:description\" content=\"Femoston, dispon\u00edvel na Transtoyou. Descubra seus benef\u00edcios para o equil\u00edbrio hormonal e bem-estar. Compre agora uma solu\u00e7\u00e3o confi\u00e1vel.\" \/>\n<meta property=\"og:url\" content=\"https:\/\/www.transtoyou.com\/pt\/product\/femoston\/\" \/>\n<meta property=\"og:site_name\" content=\"Transtoyou - PT\" \/>\n<meta property=\"article:modified_time\" content=\"2026-01-23T21:22:37+00:00\" \/>\n<meta name=\"twitter:card\" content=\"summary_large_image\" \/>\n<meta name=\"twitter:label1\" content=\"Tempo estimado de leitura\" \/>\n\t<meta name=\"twitter:data1\" content=\"1 minuto\" \/>\n<script type=\"application\/ld+json\" class=\"yoast-schema-graph\">{\"@context\":\"https:\/\/schema.org\",\"@graph\":[{\"@type\":\"WebPage\",\"@id\":\"https:\/\/www.transtoyou.com\/pt\/product\/femoston\/\",\"url\":\"https:\/\/www.transtoyou.com\/pt\/product\/femoston\/\",\"name\":\"Femoston | Suporte ao Equil\u00edbrio Hormonal - Transtoyou\",\"isPartOf\":{\"@id\":\"https:\/\/www.transtoyou.com\/pt\/#website\"},\"primaryImageOfPage\":{\"@id\":\"https:\/\/www.transtoyou.com\/pt\/product\/femoston\/#primaryimage\"},\"image\":{\"@id\":\"https:\/\/www.transtoyou.com\/pt\/product\/femoston\/#primaryimage\"},\"thumbnailUrl\":\"https:\/\/www.transtoyou.com\/pt\/wp-content\/uploads\/sites\/12\/2026\/01\/tty-no-product-image-51.webp\",\"datePublished\":\"2026-01-23T21:21:47+00:00\",\"dateModified\":\"2026-01-23T21:22:37+00:00\",\"description\":\"Femoston, dispon\u00edvel na Transtoyou. Descubra seus benef\u00edcios para o equil\u00edbrio hormonal e bem-estar. Compre agora uma solu\u00e7\u00e3o confi\u00e1vel.\",\"breadcrumb\":{\"@id\":\"https:\/\/www.transtoyou.com\/pt\/product\/femoston\/#breadcrumb\"},\"inLanguage\":\"pt-PT\",\"potentialAction\":[{\"@type\":\"ReadAction\",\"target\":[\"https:\/\/www.transtoyou.com\/pt\/product\/femoston\/\"]}]},{\"@type\":\"ImageObject\",\"inLanguage\":\"pt-PT\",\"@id\":\"https:\/\/www.transtoyou.com\/pt\/product\/femoston\/#primaryimage\",\"url\":\"https:\/\/www.transtoyou.com\/pt\/wp-content\/uploads\/sites\/12\/2026\/01\/tty-no-product-image-51.webp\",\"contentUrl\":\"https:\/\/www.transtoyou.com\/pt\/wp-content\/uploads\/sites\/12\/2026\/01\/tty-no-product-image-51.webp\",\"width\":1000,\"height\":1000,\"caption\":\"Imagem padr\u00e3o do produto\"},{\"@type\":\"WebSite\",\"@id\":\"https:\/\/www.transtoyou.com\/pt\/#website\",\"url\":\"https:\/\/www.transtoyou.com\/pt\/\",\"name\":\"Transtoyou - PT\",\"description\":\"\",\"publisher\":{\"@id\":\"https:\/\/www.transtoyou.com\/pt\/#organization\"},\"potentialAction\":[{\"@type\":\"SearchAction\",\"target\":{\"@type\":\"EntryPoint\",\"urlTemplate\":\"https:\/\/www.transtoyou.com\/pt\/?s={search_term_string}\"},\"query-input\":{\"@type\":\"PropertyValueSpecification\",\"valueRequired\":true,\"valueName\":\"search_term_string\"}}],\"inLanguage\":\"pt-PT\"},{\"@type\":\"Organization\",\"@id\":\"https:\/\/www.transtoyou.com\/pt\/#organization\",\"name\":\"Transtoyou - PT\",\"url\":\"https:\/\/www.transtoyou.com\/pt\/\",\"logo\":{\"@type\":\"ImageObject\",\"inLanguage\":\"pt-PT\",\"@id\":\"https:\/\/www.transtoyou.com\/pt\/#\/schema\/logo\/image\/\",\"url\":\"https:\/\/www.transtoyou.com\/pt\/wp-content\/uploads\/sites\/12\/2026\/01\/logo-tty-menu-bar-300x87-1.webp\",\"contentUrl\":\"https:\/\/www.transtoyou.com\/pt\/wp-content\/uploads\/sites\/12\/2026\/01\/logo-tty-menu-bar-300x87-1.webp\",\"width\":300,\"height\":87,\"caption\":\"Transtoyou - PT\"},\"image\":{\"@id\":\"https:\/\/www.transtoyou.com\/pt\/#\/schema\/logo\/image\/\"}}]}<\/script>\n<!-- \/ Yoast SEO plugin. -->","yoast_head_json":{"title":"Femoston | Suporte ao Equil\u00edbrio Hormonal - Transtoyou","description":"Femoston, dispon\u00edvel na Transtoyou. Descubra seus benef\u00edcios para o equil\u00edbrio hormonal e bem-estar. Compre agora uma solu\u00e7\u00e3o confi\u00e1vel.","robots":{"index":"noindex","follow":"follow","max-snippet":"max-snippet:-1","max-image-preview":"max-image-preview:large","max-video-preview":"max-video-preview:-1"},"og_locale":"pt_PT","og_type":"article","og_title":"Femoston | Suporte ao Equil\u00edbrio Hormonal - Transtoyou","og_description":"Femoston, dispon\u00edvel na Transtoyou. Descubra seus benef\u00edcios para o equil\u00edbrio hormonal e bem-estar. Compre agora uma solu\u00e7\u00e3o confi\u00e1vel.","og_url":"https:\/\/www.transtoyou.com\/pt\/product\/femoston\/","og_site_name":"Transtoyou - PT","article_modified_time":"2026-01-23T21:22:37+00:00","twitter_card":"summary_large_image","twitter_misc":{"Tempo estimado de leitura":"1 minuto"},"schema":{"@context":"https:\/\/schema.org","@graph":[{"@type":"WebPage","@id":"https:\/\/www.transtoyou.com\/pt\/product\/femoston\/","url":"https:\/\/www.transtoyou.com\/pt\/product\/femoston\/","name":"Femoston | Suporte ao Equil\u00edbrio Hormonal - Transtoyou","isPartOf":{"@id":"https:\/\/www.transtoyou.com\/pt\/#website"},"primaryImageOfPage":{"@id":"https:\/\/www.transtoyou.com\/pt\/product\/femoston\/#primaryimage"},"image":{"@id":"https:\/\/www.transtoyou.com\/pt\/product\/femoston\/#primaryimage"},"thumbnailUrl":"https:\/\/www.transtoyou.com\/pt\/wp-content\/uploads\/sites\/12\/2026\/01\/tty-no-product-image-51.webp","datePublished":"2026-01-23T21:21:47+00:00","dateModified":"2026-01-23T21:22:37+00:00","description":"Femoston, dispon\u00edvel na Transtoyou. Descubra seus benef\u00edcios para o equil\u00edbrio hormonal e bem-estar. Compre agora uma solu\u00e7\u00e3o confi\u00e1vel.","breadcrumb":{"@id":"https:\/\/www.transtoyou.com\/pt\/product\/femoston\/#breadcrumb"},"inLanguage":"pt-PT","potentialAction":[{"@type":"ReadAction","target":["https:\/\/www.transtoyou.com\/pt\/product\/femoston\/"]}]},{"@type":"ImageObject","inLanguage":"pt-PT","@id":"https:\/\/www.transtoyou.com\/pt\/product\/femoston\/#primaryimage","url":"https:\/\/www.transtoyou.com\/pt\/wp-content\/uploads\/sites\/12\/2026\/01\/tty-no-product-image-51.webp","contentUrl":"https:\/\/www.transtoyou.com\/pt\/wp-content\/uploads\/sites\/12\/2026\/01\/tty-no-product-image-51.webp","width":1000,"height":1000,"caption":"Imagem padr\u00e3o do produto"},{"@type":"WebSite","@id":"https:\/\/www.transtoyou.com\/pt\/#website","url":"https:\/\/www.transtoyou.com\/pt\/","name":"Transtoyou - PT","description":"","publisher":{"@id":"https:\/\/www.transtoyou.com\/pt\/#organization"},"potentialAction":[{"@type":"SearchAction","target":{"@type":"EntryPoint","urlTemplate":"https:\/\/www.transtoyou.com\/pt\/?s={search_term_string}"},"query-input":{"@type":"PropertyValueSpecification","valueRequired":true,"valueName":"search_term_string"}}],"inLanguage":"pt-PT"},{"@type":"Organization","@id":"https:\/\/www.transtoyou.com\/pt\/#organization","name":"Transtoyou - PT","url":"https:\/\/www.transtoyou.com\/pt\/","logo":{"@type":"ImageObject","inLanguage":"pt-PT","@id":"https:\/\/www.transtoyou.com\/pt\/#\/schema\/logo\/image\/","url":"https:\/\/www.transtoyou.com\/pt\/wp-content\/uploads\/sites\/12\/2026\/01\/logo-tty-menu-bar-300x87-1.webp","contentUrl":"https:\/\/www.transtoyou.com\/pt\/wp-content\/uploads\/sites\/12\/2026\/01\/logo-tty-menu-bar-300x87-1.webp","width":300,"height":87,"caption":"Transtoyou - PT"},"image":{"@id":"https:\/\/www.transtoyou.com\/pt\/#\/schema\/logo\/image\/"}}]}},"_links":{"self":[{"href":"https:\/\/www.transtoyou.com\/pt\/wp-json\/wp\/v2\/product\/863","targetHints":{"allow":["GET"]}}],"collection":[{"href":"https:\/\/www.transtoyou.com\/pt\/wp-json\/wp\/v2\/product"}],"about":[{"href":"https:\/\/www.transtoyou.com\/pt\/wp-json\/wp\/v2\/types\/product"}],"replies":[{"embeddable":true,"href":"https:\/\/www.transtoyou.com\/pt\/wp-json\/wp\/v2\/comments?post=863"}],"wp:featuredmedia":[{"embeddable":true,"href":"https:\/\/www.transtoyou.com\/pt\/wp-json\/wp\/v2\/media\/865"}],"wp:attachment":[{"href":"https:\/\/www.transtoyou.com\/pt\/wp-json\/wp\/v2\/media?parent=863"}],"wp:term":[{"taxonomy":"product_brand","embeddable":true,"href":"https:\/\/www.transtoyou.com\/pt\/wp-json\/wp\/v2\/product_brand?post=863"},{"taxonomy":"product_cat","embeddable":true,"href":"https:\/\/www.transtoyou.com\/pt\/wp-json\/wp\/v2\/product_cat?post=863"},{"taxonomy":"product_tag","embeddable":true,"href":"https:\/\/www.transtoyou.com\/pt\/wp-json\/wp\/v2\/product_tag?post=863"},{"taxonomy":"expert","embeddable":true,"href":"https:\/\/www.transtoyou.com\/pt\/wp-json\/wp\/v2\/expert?post=863"}],"curies":[{"name":"wp","href":"https:\/\/api.w.org\/{rel}","templated":true}]}}