{"id":866,"date":"2026-01-23T21:35:12","date_gmt":"2026-01-23T21:35:12","guid":{"rendered":"https:\/\/www.transtoyou.com\/pt\/product\/lenzetto\/"},"modified":"2026-01-23T21:36:06","modified_gmt":"2026-01-23T21:36:06","slug":"lenzetto","status":"publish","type":"product","link":"https:\/\/www.transtoyou.com\/pt\/product\/lenzetto\/","title":{"rendered":"Lenzetto"},"content":{"rendered":"<p>Lenzetto \u00e9 um spray utilizado para administrar estrog\u00eanio atrav\u00e9s da pele e na corrente sangu\u00ednea. Cont\u00e9m estradiol, uma forma de estrog\u00eanio id\u00eantica ao horm\u00f4nio produzido naturalmente no corpo. Este medicamento \u00e9 utilizado na terapia de reposi\u00e7\u00e3o hormonal para tratar os sintomas causados por n\u00edveis baixos de estrog\u00eanio e tamb\u00e9m \u00e9 adequado para uso na terapia hormonal feminilizante.<\/p>\n<p>Durante a menopausa, ou em situa\u00e7\u00f5es onde o estrog\u00eanio \u00e9 necess\u00e1rio por outros motivos, as pessoas podem experimentar sintomas como ondas de calor, suores noturnos, mudan\u00e7as de humor e secura vaginal. Lenzetto restaura os n\u00edveis de estrog\u00eanio para ajudar a reduzir a gravidade desses sintomas. Como o spray \u00e9 aplicado na pele, evita o sistema digestivo e oferece uma alternativa flex\u00edvel e n\u00e3o oral a comprimidos ou adesivos.<\/p>\n<p>O spray \u00e9 aplicado uma vez ao dia em pele limpa e seca, tipicamente no antebra\u00e7o interno. Ele seca rapidamente e n\u00e3o deixa res\u00edduos. Lenzetto permite dosagem personalizada e um m\u00e9todo discreto e de baixa manuten\u00e7\u00e3o para a administra\u00e7\u00e3o de estrog\u00eanio, tanto para al\u00edvio da menopausa quanto para cuidados feminilizantes.<\/p>\n","protected":false},"excerpt":{"rendered":"<ul>\n<li>Spray de estrog\u00eanio para absor\u00e7\u00e3o pela pele<\/li>\n<li>Usado para menopausa<\/li>\n<li>Dosagem di\u00e1ria ajust\u00e1vel<\/li>\n<\/ul>\n","protected":false},"featured_media":868,"comment_status":"open","ping_status":"closed","template":"","meta":[],"product_brand":[],"product_cat":[119],"product_tag":[],"expert":[16],"class_list":{"0":"post-866","1":"product","2":"type-product","3":"status-publish","4":"has-post-thumbnail","6":"product_cat-terapia-de-reposicao-hormonal-trh","7":"expert-dr-c-alexandru","9":"first","10":"instock","11":"shipping-taxable","12":"product-type-variable"},"yoast_head":"<!-- This site is optimized with the Yoast SEO plugin v27.0 - https:\/\/yoast.com\/product\/yoast-seo-wordpress\/ -->\n<title>Lenzetto | Spray Hormonal de Aplica\u00e7\u00e3o F\u00e1cil - Transtoyou<\/title>\n<meta name=\"description\" content=\"Lenzetto, dispon\u00edvel na Transtoyou, oferece al\u00edvio eficaz para os sintomas da menopausa. Descubra seus benef\u00edcios e compre agora uma solu\u00e7\u00e3o pr\u00e1tica.\" \/>\n<meta name=\"robots\" content=\"noindex, follow, max-snippet:-1, max-image-preview:large, max-video-preview:-1\" \/>\n<meta property=\"og:locale\" content=\"pt_PT\" \/>\n<meta property=\"og:type\" content=\"article\" \/>\n<meta property=\"og:title\" content=\"Lenzetto | Spray Hormonal de Aplica\u00e7\u00e3o F\u00e1cil - Transtoyou\" \/>\n<meta property=\"og:description\" content=\"Lenzetto, dispon\u00edvel na Transtoyou, oferece al\u00edvio eficaz para os sintomas da menopausa. Descubra seus benef\u00edcios e compre agora uma solu\u00e7\u00e3o pr\u00e1tica.\" \/>\n<meta property=\"og:url\" content=\"https:\/\/www.transtoyou.com\/pt\/product\/lenzetto\/\" \/>\n<meta property=\"og:site_name\" content=\"Transtoyou - PT\" \/>\n<meta property=\"article:modified_time\" content=\"2026-01-23T21:36:06+00:00\" \/>\n<meta name=\"twitter:card\" content=\"summary_large_image\" \/>\n<meta name=\"twitter:label1\" content=\"Tempo estimado de leitura\" \/>\n\t<meta name=\"twitter:data1\" content=\"1 minuto\" \/>\n<script type=\"application\/ld+json\" class=\"yoast-schema-graph\">{\"@context\":\"https:\/\/schema.org\",\"@graph\":[{\"@type\":\"WebPage\",\"@id\":\"https:\/\/www.transtoyou.com\/pt\/product\/lenzetto\/\",\"url\":\"https:\/\/www.transtoyou.com\/pt\/product\/lenzetto\/\",\"name\":\"Lenzetto | Spray Hormonal de Aplica\u00e7\u00e3o F\u00e1cil - Transtoyou\",\"isPartOf\":{\"@id\":\"https:\/\/www.transtoyou.com\/pt\/#website\"},\"primaryImageOfPage\":{\"@id\":\"https:\/\/www.transtoyou.com\/pt\/product\/lenzetto\/#primaryimage\"},\"image\":{\"@id\":\"https:\/\/www.transtoyou.com\/pt\/product\/lenzetto\/#primaryimage\"},\"thumbnailUrl\":\"https:\/\/www.transtoyou.com\/pt\/wp-content\/uploads\/sites\/12\/2026\/01\/tty-no-product-image-52.webp\",\"datePublished\":\"2026-01-23T21:35:12+00:00\",\"dateModified\":\"2026-01-23T21:36:06+00:00\",\"description\":\"Lenzetto, dispon\u00edvel na Transtoyou, oferece al\u00edvio eficaz para os sintomas da menopausa. Descubra seus benef\u00edcios e compre agora uma solu\u00e7\u00e3o pr\u00e1tica.\",\"breadcrumb\":{\"@id\":\"https:\/\/www.transtoyou.com\/pt\/product\/lenzetto\/#breadcrumb\"},\"inLanguage\":\"pt-PT\",\"potentialAction\":[{\"@type\":\"ReadAction\",\"target\":[\"https:\/\/www.transtoyou.com\/pt\/product\/lenzetto\/\"]}]},{\"@type\":\"ImageObject\",\"inLanguage\":\"pt-PT\",\"@id\":\"https:\/\/www.transtoyou.com\/pt\/product\/lenzetto\/#primaryimage\",\"url\":\"https:\/\/www.transtoyou.com\/pt\/wp-content\/uploads\/sites\/12\/2026\/01\/tty-no-product-image-52.webp\",\"contentUrl\":\"https:\/\/www.transtoyou.com\/pt\/wp-content\/uploads\/sites\/12\/2026\/01\/tty-no-product-image-52.webp\",\"width\":1000,\"height\":1000,\"caption\":\"Imagem padr\u00e3o do produto\"},{\"@type\":\"WebSite\",\"@id\":\"https:\/\/www.transtoyou.com\/pt\/#website\",\"url\":\"https:\/\/www.transtoyou.com\/pt\/\",\"name\":\"Transtoyou - PT\",\"description\":\"\",\"publisher\":{\"@id\":\"https:\/\/www.transtoyou.com\/pt\/#organization\"},\"potentialAction\":[{\"@type\":\"SearchAction\",\"target\":{\"@type\":\"EntryPoint\",\"urlTemplate\":\"https:\/\/www.transtoyou.com\/pt\/?s={search_term_string}\"},\"query-input\":{\"@type\":\"PropertyValueSpecification\",\"valueRequired\":true,\"valueName\":\"search_term_string\"}}],\"inLanguage\":\"pt-PT\"},{\"@type\":\"Organization\",\"@id\":\"https:\/\/www.transtoyou.com\/pt\/#organization\",\"name\":\"Transtoyou - PT\",\"url\":\"https:\/\/www.transtoyou.com\/pt\/\",\"logo\":{\"@type\":\"ImageObject\",\"inLanguage\":\"pt-PT\",\"@id\":\"https:\/\/www.transtoyou.com\/pt\/#\/schema\/logo\/image\/\",\"url\":\"https:\/\/www.transtoyou.com\/pt\/wp-content\/uploads\/sites\/12\/2026\/01\/logo-tty-menu-bar-300x87-1.webp\",\"contentUrl\":\"https:\/\/www.transtoyou.com\/pt\/wp-content\/uploads\/sites\/12\/2026\/01\/logo-tty-menu-bar-300x87-1.webp\",\"width\":300,\"height\":87,\"caption\":\"Transtoyou - PT\"},\"image\":{\"@id\":\"https:\/\/www.transtoyou.com\/pt\/#\/schema\/logo\/image\/\"}}]}<\/script>\n<!-- \/ Yoast SEO plugin. -->","yoast_head_json":{"title":"Lenzetto | Spray Hormonal de Aplica\u00e7\u00e3o F\u00e1cil - Transtoyou","description":"Lenzetto, dispon\u00edvel na Transtoyou, oferece al\u00edvio eficaz para os sintomas da menopausa. Descubra seus benef\u00edcios e compre agora uma solu\u00e7\u00e3o pr\u00e1tica.","robots":{"index":"noindex","follow":"follow","max-snippet":"max-snippet:-1","max-image-preview":"max-image-preview:large","max-video-preview":"max-video-preview:-1"},"og_locale":"pt_PT","og_type":"article","og_title":"Lenzetto | Spray Hormonal de Aplica\u00e7\u00e3o F\u00e1cil - Transtoyou","og_description":"Lenzetto, dispon\u00edvel na Transtoyou, oferece al\u00edvio eficaz para os sintomas da menopausa. Descubra seus benef\u00edcios e compre agora uma solu\u00e7\u00e3o pr\u00e1tica.","og_url":"https:\/\/www.transtoyou.com\/pt\/product\/lenzetto\/","og_site_name":"Transtoyou - PT","article_modified_time":"2026-01-23T21:36:06+00:00","twitter_card":"summary_large_image","twitter_misc":{"Tempo estimado de leitura":"1 minuto"},"schema":{"@context":"https:\/\/schema.org","@graph":[{"@type":"WebPage","@id":"https:\/\/www.transtoyou.com\/pt\/product\/lenzetto\/","url":"https:\/\/www.transtoyou.com\/pt\/product\/lenzetto\/","name":"Lenzetto | Spray Hormonal de Aplica\u00e7\u00e3o F\u00e1cil - Transtoyou","isPartOf":{"@id":"https:\/\/www.transtoyou.com\/pt\/#website"},"primaryImageOfPage":{"@id":"https:\/\/www.transtoyou.com\/pt\/product\/lenzetto\/#primaryimage"},"image":{"@id":"https:\/\/www.transtoyou.com\/pt\/product\/lenzetto\/#primaryimage"},"thumbnailUrl":"https:\/\/www.transtoyou.com\/pt\/wp-content\/uploads\/sites\/12\/2026\/01\/tty-no-product-image-52.webp","datePublished":"2026-01-23T21:35:12+00:00","dateModified":"2026-01-23T21:36:06+00:00","description":"Lenzetto, dispon\u00edvel na Transtoyou, oferece al\u00edvio eficaz para os sintomas da menopausa. Descubra seus benef\u00edcios e compre agora uma solu\u00e7\u00e3o pr\u00e1tica.","breadcrumb":{"@id":"https:\/\/www.transtoyou.com\/pt\/product\/lenzetto\/#breadcrumb"},"inLanguage":"pt-PT","potentialAction":[{"@type":"ReadAction","target":["https:\/\/www.transtoyou.com\/pt\/product\/lenzetto\/"]}]},{"@type":"ImageObject","inLanguage":"pt-PT","@id":"https:\/\/www.transtoyou.com\/pt\/product\/lenzetto\/#primaryimage","url":"https:\/\/www.transtoyou.com\/pt\/wp-content\/uploads\/sites\/12\/2026\/01\/tty-no-product-image-52.webp","contentUrl":"https:\/\/www.transtoyou.com\/pt\/wp-content\/uploads\/sites\/12\/2026\/01\/tty-no-product-image-52.webp","width":1000,"height":1000,"caption":"Imagem padr\u00e3o do produto"},{"@type":"WebSite","@id":"https:\/\/www.transtoyou.com\/pt\/#website","url":"https:\/\/www.transtoyou.com\/pt\/","name":"Transtoyou - PT","description":"","publisher":{"@id":"https:\/\/www.transtoyou.com\/pt\/#organization"},"potentialAction":[{"@type":"SearchAction","target":{"@type":"EntryPoint","urlTemplate":"https:\/\/www.transtoyou.com\/pt\/?s={search_term_string}"},"query-input":{"@type":"PropertyValueSpecification","valueRequired":true,"valueName":"search_term_string"}}],"inLanguage":"pt-PT"},{"@type":"Organization","@id":"https:\/\/www.transtoyou.com\/pt\/#organization","name":"Transtoyou - PT","url":"https:\/\/www.transtoyou.com\/pt\/","logo":{"@type":"ImageObject","inLanguage":"pt-PT","@id":"https:\/\/www.transtoyou.com\/pt\/#\/schema\/logo\/image\/","url":"https:\/\/www.transtoyou.com\/pt\/wp-content\/uploads\/sites\/12\/2026\/01\/logo-tty-menu-bar-300x87-1.webp","contentUrl":"https:\/\/www.transtoyou.com\/pt\/wp-content\/uploads\/sites\/12\/2026\/01\/logo-tty-menu-bar-300x87-1.webp","width":300,"height":87,"caption":"Transtoyou - PT"},"image":{"@id":"https:\/\/www.transtoyou.com\/pt\/#\/schema\/logo\/image\/"}}]}},"_links":{"self":[{"href":"https:\/\/www.transtoyou.com\/pt\/wp-json\/wp\/v2\/product\/866","targetHints":{"allow":["GET"]}}],"collection":[{"href":"https:\/\/www.transtoyou.com\/pt\/wp-json\/wp\/v2\/product"}],"about":[{"href":"https:\/\/www.transtoyou.com\/pt\/wp-json\/wp\/v2\/types\/product"}],"replies":[{"embeddable":true,"href":"https:\/\/www.transtoyou.com\/pt\/wp-json\/wp\/v2\/comments?post=866"}],"wp:featuredmedia":[{"embeddable":true,"href":"https:\/\/www.transtoyou.com\/pt\/wp-json\/wp\/v2\/media\/868"}],"wp:attachment":[{"href":"https:\/\/www.transtoyou.com\/pt\/wp-json\/wp\/v2\/media?parent=866"}],"wp:term":[{"taxonomy":"product_brand","embeddable":true,"href":"https:\/\/www.transtoyou.com\/pt\/wp-json\/wp\/v2\/product_brand?post=866"},{"taxonomy":"product_cat","embeddable":true,"href":"https:\/\/www.transtoyou.com\/pt\/wp-json\/wp\/v2\/product_cat?post=866"},{"taxonomy":"product_tag","embeddable":true,"href":"https:\/\/www.transtoyou.com\/pt\/wp-json\/wp\/v2\/product_tag?post=866"},{"taxonomy":"expert","embeddable":true,"href":"https:\/\/www.transtoyou.com\/pt\/wp-json\/wp\/v2\/expert?post=866"}],"curies":[{"name":"wp","href":"https:\/\/api.w.org\/{rel}","templated":true}]}}