{"id":904,"date":"2026-01-24T00:59:06","date_gmt":"2026-01-24T00:59:06","guid":{"rendered":"https:\/\/www.transtoyou.com\/pt\/product\/lyrica\/"},"modified":"2026-02-25T09:17:27","modified_gmt":"2026-02-25T07:17:27","slug":"lyrica","status":"publish","type":"product","link":"https:\/\/www.transtoyou.com\/pt\/product\/lyrica\/","title":{"rendered":"Lyrica"},"content":{"rendered":"<p>Lyrica, tamb\u00e9m conhecido pelo seu nome gen\u00e9rico pregabalina, \u00e9 uma medica\u00e7\u00e3o prescrita usada para tratar dor neurop\u00e1tica e fibromialgia. Tamb\u00e9m \u00e9 aprovada para uso em transtorno de ansiedade generalizada e como terapia adjunta para crises parciais. Lyrica atua acalmando os sinais nervosos hiperativos no c\u00e9rebro e na medula espinhal que causam dor cr\u00f4nica, sensibilidade ou sensa\u00e7\u00f5es anormais.<\/p>\n<p>\u00c9 comumente prescrita para dor neurop\u00e1tica associada ao diabetes, herpes z\u00f3ster (neuralgia p\u00f3s-herp\u00e9tica) ou les\u00e3o na medula espinhal. Na fibromialgia, pode ajudar a aliviar a dor generalizada, a sensibilidade muscular e a fadiga. Ao contr\u00e1rio dos opioides, Lyrica n\u00e3o atua diretamente nos receptores da dor, mas modula os canais de c\u00e1lcio no sistema nervoso para reduzir a atividade nervosa excessiva.<\/p>\n<p>Lyrica \u00e9 tomada por via oral, geralmente duas vezes ao dia, e as doses s\u00e3o ajustadas gradualmente para equilibrar efic\u00e1cia e tolerabilidade. A maioria dos usu\u00e1rios come\u00e7a a sentir algum al\u00edvio dentro da primeira semana, embora possa levar v\u00e1rias semanas para obter o benef\u00edcio total. Alguns efeitos colaterais comuns incluem tontura, sonol\u00eancia, incha\u00e7o ou boca seca. Esses efeitos geralmente melhoram \u00e0 medida que o corpo se adapta \u00e0 medica\u00e7\u00e3o.<\/p>\n","protected":false},"excerpt":{"rendered":"<ul>\n<li>Al\u00edvio direcionado para dor nervosa e fibromialgia<\/li>\n<li>Modula os sinais nervosos para reduzir o desconforto<\/li>\n<li>Tratamento oral n\u00e3o opioide tomado regularmente<\/li>\n<\/ul>\n","protected":false},"featured_media":906,"comment_status":"open","ping_status":"closed","template":"","meta":[],"product_brand":[],"product_cat":[133,102],"product_tag":[],"expert":[19],"class_list":{"0":"post-904","1":"product","2":"type-product","3":"status-publish","4":"has-post-thumbnail","6":"product_cat-dor-nervosa","7":"product_cat-fibromialgia","8":"expert-dr-j-vazquez","10":"first","11":"instock","12":"shipping-taxable","13":"product-type-variable"},"yoast_head":"<!-- This site is optimized with the Yoast SEO plugin v27.0 - https:\/\/yoast.com\/product\/yoast-seo-wordpress\/ -->\n<title>Lyrica | Al\u00edvio da Dor Nervosa e Tratamento da Fibromialgia - Transtoyou<\/title>\n<meta name=\"description\" content=\"Lyrica alivia dor neurop\u00e1tica, fibromialgia e ansiedade. Conhe\u00e7a seus benef\u00edcios na Transtoyou, onde cuidados especializados e conveni\u00eancia se encontram.\" \/>\n<meta name=\"robots\" content=\"noindex, follow, max-snippet:-1, max-image-preview:large, max-video-preview:-1\" \/>\n<meta property=\"og:locale\" content=\"pt_PT\" \/>\n<meta property=\"og:type\" content=\"article\" \/>\n<meta property=\"og:title\" content=\"Lyrica | Al\u00edvio da Dor Nervosa e Tratamento da Fibromialgia - Transtoyou\" \/>\n<meta property=\"og:description\" content=\"Lyrica alivia dor neurop\u00e1tica, fibromialgia e ansiedade. Conhe\u00e7a seus benef\u00edcios na Transtoyou, onde cuidados especializados e conveni\u00eancia se encontram.\" \/>\n<meta property=\"og:url\" content=\"https:\/\/www.transtoyou.com\/pt\/product\/lyrica\/\" \/>\n<meta property=\"og:site_name\" content=\"Transtoyou - PT\" \/>\n<meta property=\"article:modified_time\" content=\"2026-02-25T07:17:27+00:00\" \/>\n<meta name=\"twitter:card\" content=\"summary_large_image\" \/>\n<meta name=\"twitter:label1\" content=\"Tempo estimado de leitura\" \/>\n\t<meta name=\"twitter:data1\" content=\"1 minuto\" \/>\n<script type=\"application\/ld+json\" class=\"yoast-schema-graph\">{\"@context\":\"https:\/\/schema.org\",\"@graph\":[{\"@type\":\"WebPage\",\"@id\":\"https:\/\/www.transtoyou.com\/pt\/product\/lyrica\/\",\"url\":\"https:\/\/www.transtoyou.com\/pt\/product\/lyrica\/\",\"name\":\"Lyrica | Al\u00edvio da Dor Nervosa e Tratamento da Fibromialgia - Transtoyou\",\"isPartOf\":{\"@id\":\"https:\/\/www.transtoyou.com\/pt\/#website\"},\"primaryImageOfPage\":{\"@id\":\"https:\/\/www.transtoyou.com\/pt\/product\/lyrica\/#primaryimage\"},\"image\":{\"@id\":\"https:\/\/www.transtoyou.com\/pt\/product\/lyrica\/#primaryimage\"},\"thumbnailUrl\":\"https:\/\/www.transtoyou.com\/pt\/wp-content\/uploads\/sites\/12\/2026\/01\/tty-no-product-image-65.webp\",\"datePublished\":\"2026-01-24T00:59:06+00:00\",\"dateModified\":\"2026-02-25T07:17:27+00:00\",\"description\":\"Lyrica alivia dor neurop\u00e1tica, fibromialgia e ansiedade. Conhe\u00e7a seus benef\u00edcios na Transtoyou, onde cuidados especializados e conveni\u00eancia se encontram.\",\"breadcrumb\":{\"@id\":\"https:\/\/www.transtoyou.com\/pt\/product\/lyrica\/#breadcrumb\"},\"inLanguage\":\"pt-PT\",\"potentialAction\":[{\"@type\":\"ReadAction\",\"target\":[\"https:\/\/www.transtoyou.com\/pt\/product\/lyrica\/\"]}]},{\"@type\":\"ImageObject\",\"inLanguage\":\"pt-PT\",\"@id\":\"https:\/\/www.transtoyou.com\/pt\/product\/lyrica\/#primaryimage\",\"url\":\"https:\/\/www.transtoyou.com\/pt\/wp-content\/uploads\/sites\/12\/2026\/01\/tty-no-product-image-65.webp\",\"contentUrl\":\"https:\/\/www.transtoyou.com\/pt\/wp-content\/uploads\/sites\/12\/2026\/01\/tty-no-product-image-65.webp\",\"width\":1000,\"height\":1000,\"caption\":\"Imagem padr\u00e3o do produto\"},{\"@type\":\"WebSite\",\"@id\":\"https:\/\/www.transtoyou.com\/pt\/#website\",\"url\":\"https:\/\/www.transtoyou.com\/pt\/\",\"name\":\"Transtoyou - PT\",\"description\":\"\",\"publisher\":{\"@id\":\"https:\/\/www.transtoyou.com\/pt\/#organization\"},\"potentialAction\":[{\"@type\":\"SearchAction\",\"target\":{\"@type\":\"EntryPoint\",\"urlTemplate\":\"https:\/\/www.transtoyou.com\/pt\/?s={search_term_string}\"},\"query-input\":{\"@type\":\"PropertyValueSpecification\",\"valueRequired\":true,\"valueName\":\"search_term_string\"}}],\"inLanguage\":\"pt-PT\"},{\"@type\":\"Organization\",\"@id\":\"https:\/\/www.transtoyou.com\/pt\/#organization\",\"name\":\"Transtoyou - PT\",\"url\":\"https:\/\/www.transtoyou.com\/pt\/\",\"logo\":{\"@type\":\"ImageObject\",\"inLanguage\":\"pt-PT\",\"@id\":\"https:\/\/www.transtoyou.com\/pt\/#\/schema\/logo\/image\/\",\"url\":\"https:\/\/www.transtoyou.com\/pt\/wp-content\/uploads\/sites\/12\/2026\/01\/logo-tty-menu-bar-300x87-1.webp\",\"contentUrl\":\"https:\/\/www.transtoyou.com\/pt\/wp-content\/uploads\/sites\/12\/2026\/01\/logo-tty-menu-bar-300x87-1.webp\",\"width\":300,\"height\":87,\"caption\":\"Transtoyou - PT\"},\"image\":{\"@id\":\"https:\/\/www.transtoyou.com\/pt\/#\/schema\/logo\/image\/\"}}]}<\/script>\n<!-- \/ Yoast SEO plugin. -->","yoast_head_json":{"title":"Lyrica | Al\u00edvio da Dor Nervosa e Tratamento da Fibromialgia - Transtoyou","description":"Lyrica alivia dor neurop\u00e1tica, fibromialgia e ansiedade. Conhe\u00e7a seus benef\u00edcios na Transtoyou, onde cuidados especializados e conveni\u00eancia se encontram.","robots":{"index":"noindex","follow":"follow","max-snippet":"max-snippet:-1","max-image-preview":"max-image-preview:large","max-video-preview":"max-video-preview:-1"},"og_locale":"pt_PT","og_type":"article","og_title":"Lyrica | Al\u00edvio da Dor Nervosa e Tratamento da Fibromialgia - Transtoyou","og_description":"Lyrica alivia dor neurop\u00e1tica, fibromialgia e ansiedade. Conhe\u00e7a seus benef\u00edcios na Transtoyou, onde cuidados especializados e conveni\u00eancia se encontram.","og_url":"https:\/\/www.transtoyou.com\/pt\/product\/lyrica\/","og_site_name":"Transtoyou - PT","article_modified_time":"2026-02-25T07:17:27+00:00","twitter_card":"summary_large_image","twitter_misc":{"Tempo estimado de leitura":"1 minuto"},"schema":{"@context":"https:\/\/schema.org","@graph":[{"@type":"WebPage","@id":"https:\/\/www.transtoyou.com\/pt\/product\/lyrica\/","url":"https:\/\/www.transtoyou.com\/pt\/product\/lyrica\/","name":"Lyrica | Al\u00edvio da Dor Nervosa e Tratamento da Fibromialgia - Transtoyou","isPartOf":{"@id":"https:\/\/www.transtoyou.com\/pt\/#website"},"primaryImageOfPage":{"@id":"https:\/\/www.transtoyou.com\/pt\/product\/lyrica\/#primaryimage"},"image":{"@id":"https:\/\/www.transtoyou.com\/pt\/product\/lyrica\/#primaryimage"},"thumbnailUrl":"https:\/\/www.transtoyou.com\/pt\/wp-content\/uploads\/sites\/12\/2026\/01\/tty-no-product-image-65.webp","datePublished":"2026-01-24T00:59:06+00:00","dateModified":"2026-02-25T07:17:27+00:00","description":"Lyrica alivia dor neurop\u00e1tica, fibromialgia e ansiedade. Conhe\u00e7a seus benef\u00edcios na Transtoyou, onde cuidados especializados e conveni\u00eancia se encontram.","breadcrumb":{"@id":"https:\/\/www.transtoyou.com\/pt\/product\/lyrica\/#breadcrumb"},"inLanguage":"pt-PT","potentialAction":[{"@type":"ReadAction","target":["https:\/\/www.transtoyou.com\/pt\/product\/lyrica\/"]}]},{"@type":"ImageObject","inLanguage":"pt-PT","@id":"https:\/\/www.transtoyou.com\/pt\/product\/lyrica\/#primaryimage","url":"https:\/\/www.transtoyou.com\/pt\/wp-content\/uploads\/sites\/12\/2026\/01\/tty-no-product-image-65.webp","contentUrl":"https:\/\/www.transtoyou.com\/pt\/wp-content\/uploads\/sites\/12\/2026\/01\/tty-no-product-image-65.webp","width":1000,"height":1000,"caption":"Imagem padr\u00e3o do produto"},{"@type":"WebSite","@id":"https:\/\/www.transtoyou.com\/pt\/#website","url":"https:\/\/www.transtoyou.com\/pt\/","name":"Transtoyou - PT","description":"","publisher":{"@id":"https:\/\/www.transtoyou.com\/pt\/#organization"},"potentialAction":[{"@type":"SearchAction","target":{"@type":"EntryPoint","urlTemplate":"https:\/\/www.transtoyou.com\/pt\/?s={search_term_string}"},"query-input":{"@type":"PropertyValueSpecification","valueRequired":true,"valueName":"search_term_string"}}],"inLanguage":"pt-PT"},{"@type":"Organization","@id":"https:\/\/www.transtoyou.com\/pt\/#organization","name":"Transtoyou - PT","url":"https:\/\/www.transtoyou.com\/pt\/","logo":{"@type":"ImageObject","inLanguage":"pt-PT","@id":"https:\/\/www.transtoyou.com\/pt\/#\/schema\/logo\/image\/","url":"https:\/\/www.transtoyou.com\/pt\/wp-content\/uploads\/sites\/12\/2026\/01\/logo-tty-menu-bar-300x87-1.webp","contentUrl":"https:\/\/www.transtoyou.com\/pt\/wp-content\/uploads\/sites\/12\/2026\/01\/logo-tty-menu-bar-300x87-1.webp","width":300,"height":87,"caption":"Transtoyou - PT"},"image":{"@id":"https:\/\/www.transtoyou.com\/pt\/#\/schema\/logo\/image\/"}}]}},"_links":{"self":[{"href":"https:\/\/www.transtoyou.com\/pt\/wp-json\/wp\/v2\/product\/904","targetHints":{"allow":["GET"]}}],"collection":[{"href":"https:\/\/www.transtoyou.com\/pt\/wp-json\/wp\/v2\/product"}],"about":[{"href":"https:\/\/www.transtoyou.com\/pt\/wp-json\/wp\/v2\/types\/product"}],"replies":[{"embeddable":true,"href":"https:\/\/www.transtoyou.com\/pt\/wp-json\/wp\/v2\/comments?post=904"}],"wp:featuredmedia":[{"embeddable":true,"href":"https:\/\/www.transtoyou.com\/pt\/wp-json\/wp\/v2\/media\/906"}],"wp:attachment":[{"href":"https:\/\/www.transtoyou.com\/pt\/wp-json\/wp\/v2\/media?parent=904"}],"wp:term":[{"taxonomy":"product_brand","embeddable":true,"href":"https:\/\/www.transtoyou.com\/pt\/wp-json\/wp\/v2\/product_brand?post=904"},{"taxonomy":"product_cat","embeddable":true,"href":"https:\/\/www.transtoyou.com\/pt\/wp-json\/wp\/v2\/product_cat?post=904"},{"taxonomy":"product_tag","embeddable":true,"href":"https:\/\/www.transtoyou.com\/pt\/wp-json\/wp\/v2\/product_tag?post=904"},{"taxonomy":"expert","embeddable":true,"href":"https:\/\/www.transtoyou.com\/pt\/wp-json\/wp\/v2\/expert?post=904"}],"curies":[{"name":"wp","href":"https:\/\/api.w.org\/{rel}","templated":true}]}}