{"id":916,"date":"2026-01-24T01:54:14","date_gmt":"2026-01-24T01:54:14","guid":{"rendered":"https:\/\/www.transtoyou.com\/pt\/product\/avodart\/"},"modified":"2026-01-24T01:55:04","modified_gmt":"2026-01-24T01:55:04","slug":"avodart","status":"publish","type":"product","link":"https:\/\/www.transtoyou.com\/pt\/product\/avodart\/","title":{"rendered":"Avodart"},"content":{"rendered":"<p>Avodart cont\u00e9m dutasterida, um medicamento usado para tratar a hiperplasia prost\u00e1tica benigna, uma condi\u00e7\u00e3o comumente conhecida como pr\u00f3stata aumentada. Essa condi\u00e7\u00e3o afeta muitos homens \u00e0 medida que envelhecem e pode levar a sintomas urin\u00e1rios, como mic\u00e7\u00e3o frequente, dificuldade para iniciar ou parar o fluxo e jato fraco. Avodart atua diminuindo o tamanho da pr\u00f3stata ao longo do tempo, ajudando a aliviar esses sintomas e melhorar o fluxo urin\u00e1rio.<\/p>\n<p>A dutasterida pertence a uma classe de medicamentos chamados inibidores da 5-alfa-redutase. Ela reduz os n\u00edveis de diidrotestosterona, um horm\u00f4nio que faz a pr\u00f3stata crescer. N\u00edveis hormonais mais baixos levam a uma pr\u00f3stata menor, o que, por sua vez, alivia a press\u00e3o na uretra e facilita a mic\u00e7\u00e3o. Os efeitos se acumulam gradualmente e podem levar v\u00e1rios meses para mostrar melhora.<\/p>\n<p>Avodart \u00e9 tomado como uma c\u00e1psula di\u00e1ria (como uma c\u00e1psula uma vez ao dia) e deve ser engolido inteiro com \u00e1gua. A consist\u00eancia \u00e9 importante, pois perder doses pode reduzir a efic\u00e1cia. \u00c9 frequentemente usado a longo prazo para manter os benef\u00edcios e reduzir o risco de complica\u00e7\u00f5es, como reten\u00e7\u00e3o urin\u00e1ria aguda ou a necessidade de cirurgia na pr\u00f3stata.<\/p>\n<p>Avodart \u00e9 geralmente bem tolerado. Os efeitos colaterais podem incluir libido reduzida, sensibilidade nos seios ou disfun\u00e7\u00e3o sexual. Esses efeitos tendem a melhorar com o tempo ou ap\u00f3s a interrup\u00e7\u00e3o do uso.<\/p>\n","protected":false},"excerpt":{"rendered":"<ul>\n<li>C\u00e1psula di\u00e1ria para pr\u00f3stata aumentada<\/li>\n<li>Reduz o tamanho da pr\u00f3stata e os sintomas urin\u00e1rios<\/li>\n<li>Ajuda a prevenir complica\u00e7\u00f5es prost\u00e1ticas a longo prazo<\/li>\n<\/ul>\n","protected":false},"featured_media":918,"comment_status":"open","ping_status":"closed","template":"","meta":[],"product_brand":[],"product_cat":[138],"product_tag":[],"expert":[21],"class_list":{"0":"post-916","1":"product","2":"type-product","3":"status-publish","4":"has-post-thumbnail","6":"product_cat-saude-da-prostata","7":"expert-dr-m-sharoyko","9":"first","10":"instock","11":"shipping-taxable","12":"product-type-variable"},"yoast_head":"<!-- This site is optimized with the Yoast SEO plugin v27.0 - https:\/\/yoast.com\/product\/yoast-seo-wordpress\/ -->\n<title>Avodart | Alivie os Sintomas da Pr\u00f3stata R\u00e1pido - Transtoyou<\/title>\n<meta name=\"description\" content=\"Descubra Avodart na Transtoyou, visando sintomas de pr\u00f3stata aumentada. Experimente al\u00edvio com dutasterida para um fluxo urin\u00e1rio melhor. Compre agora.\" \/>\n<meta name=\"robots\" content=\"noindex, follow, max-snippet:-1, max-image-preview:large, max-video-preview:-1\" \/>\n<meta property=\"og:locale\" content=\"pt_PT\" \/>\n<meta property=\"og:type\" content=\"article\" \/>\n<meta property=\"og:title\" content=\"Avodart | Alivie os Sintomas da Pr\u00f3stata R\u00e1pido - Transtoyou\" \/>\n<meta property=\"og:description\" content=\"Descubra Avodart na Transtoyou, visando sintomas de pr\u00f3stata aumentada. Experimente al\u00edvio com dutasterida para um fluxo urin\u00e1rio melhor. Compre agora.\" \/>\n<meta property=\"og:url\" content=\"https:\/\/www.transtoyou.com\/pt\/product\/avodart\/\" \/>\n<meta property=\"og:site_name\" content=\"Transtoyou - PT\" \/>\n<meta property=\"article:modified_time\" content=\"2026-01-24T01:55:04+00:00\" \/>\n<meta name=\"twitter:card\" content=\"summary_large_image\" \/>\n<meta name=\"twitter:label1\" content=\"Tempo estimado de leitura\" \/>\n\t<meta name=\"twitter:data1\" content=\"1 minuto\" \/>\n<script type=\"application\/ld+json\" class=\"yoast-schema-graph\">{\"@context\":\"https:\/\/schema.org\",\"@graph\":[{\"@type\":\"WebPage\",\"@id\":\"https:\/\/www.transtoyou.com\/pt\/product\/avodart\/\",\"url\":\"https:\/\/www.transtoyou.com\/pt\/product\/avodart\/\",\"name\":\"Avodart | Alivie os Sintomas da Pr\u00f3stata R\u00e1pido - Transtoyou\",\"isPartOf\":{\"@id\":\"https:\/\/www.transtoyou.com\/pt\/#website\"},\"primaryImageOfPage\":{\"@id\":\"https:\/\/www.transtoyou.com\/pt\/product\/avodart\/#primaryimage\"},\"image\":{\"@id\":\"https:\/\/www.transtoyou.com\/pt\/product\/avodart\/#primaryimage\"},\"thumbnailUrl\":\"https:\/\/www.transtoyou.com\/pt\/wp-content\/uploads\/sites\/12\/2026\/01\/tty-no-product-image-69.webp\",\"datePublished\":\"2026-01-24T01:54:14+00:00\",\"dateModified\":\"2026-01-24T01:55:04+00:00\",\"description\":\"Descubra Avodart na Transtoyou, visando sintomas de pr\u00f3stata aumentada. Experimente al\u00edvio com dutasterida para um fluxo urin\u00e1rio melhor. Compre agora.\",\"breadcrumb\":{\"@id\":\"https:\/\/www.transtoyou.com\/pt\/product\/avodart\/#breadcrumb\"},\"inLanguage\":\"pt-PT\",\"potentialAction\":[{\"@type\":\"ReadAction\",\"target\":[\"https:\/\/www.transtoyou.com\/pt\/product\/avodart\/\"]}]},{\"@type\":\"ImageObject\",\"inLanguage\":\"pt-PT\",\"@id\":\"https:\/\/www.transtoyou.com\/pt\/product\/avodart\/#primaryimage\",\"url\":\"https:\/\/www.transtoyou.com\/pt\/wp-content\/uploads\/sites\/12\/2026\/01\/tty-no-product-image-69.webp\",\"contentUrl\":\"https:\/\/www.transtoyou.com\/pt\/wp-content\/uploads\/sites\/12\/2026\/01\/tty-no-product-image-69.webp\",\"width\":1000,\"height\":1000,\"caption\":\"Imagem padr\u00e3o do produto\"},{\"@type\":\"WebSite\",\"@id\":\"https:\/\/www.transtoyou.com\/pt\/#website\",\"url\":\"https:\/\/www.transtoyou.com\/pt\/\",\"name\":\"Transtoyou - PT\",\"description\":\"\",\"publisher\":{\"@id\":\"https:\/\/www.transtoyou.com\/pt\/#organization\"},\"potentialAction\":[{\"@type\":\"SearchAction\",\"target\":{\"@type\":\"EntryPoint\",\"urlTemplate\":\"https:\/\/www.transtoyou.com\/pt\/?s={search_term_string}\"},\"query-input\":{\"@type\":\"PropertyValueSpecification\",\"valueRequired\":true,\"valueName\":\"search_term_string\"}}],\"inLanguage\":\"pt-PT\"},{\"@type\":\"Organization\",\"@id\":\"https:\/\/www.transtoyou.com\/pt\/#organization\",\"name\":\"Transtoyou - PT\",\"url\":\"https:\/\/www.transtoyou.com\/pt\/\",\"logo\":{\"@type\":\"ImageObject\",\"inLanguage\":\"pt-PT\",\"@id\":\"https:\/\/www.transtoyou.com\/pt\/#\/schema\/logo\/image\/\",\"url\":\"https:\/\/www.transtoyou.com\/pt\/wp-content\/uploads\/sites\/12\/2026\/01\/logo-tty-menu-bar-300x87-1.webp\",\"contentUrl\":\"https:\/\/www.transtoyou.com\/pt\/wp-content\/uploads\/sites\/12\/2026\/01\/logo-tty-menu-bar-300x87-1.webp\",\"width\":300,\"height\":87,\"caption\":\"Transtoyou - PT\"},\"image\":{\"@id\":\"https:\/\/www.transtoyou.com\/pt\/#\/schema\/logo\/image\/\"}}]}<\/script>\n<!-- \/ Yoast SEO plugin. -->","yoast_head_json":{"title":"Avodart | Alivie os Sintomas da Pr\u00f3stata R\u00e1pido - Transtoyou","description":"Descubra Avodart na Transtoyou, visando sintomas de pr\u00f3stata aumentada. Experimente al\u00edvio com dutasterida para um fluxo urin\u00e1rio melhor. Compre agora.","robots":{"index":"noindex","follow":"follow","max-snippet":"max-snippet:-1","max-image-preview":"max-image-preview:large","max-video-preview":"max-video-preview:-1"},"og_locale":"pt_PT","og_type":"article","og_title":"Avodart | Alivie os Sintomas da Pr\u00f3stata R\u00e1pido - Transtoyou","og_description":"Descubra Avodart na Transtoyou, visando sintomas de pr\u00f3stata aumentada. Experimente al\u00edvio com dutasterida para um fluxo urin\u00e1rio melhor. Compre agora.","og_url":"https:\/\/www.transtoyou.com\/pt\/product\/avodart\/","og_site_name":"Transtoyou - PT","article_modified_time":"2026-01-24T01:55:04+00:00","twitter_card":"summary_large_image","twitter_misc":{"Tempo estimado de leitura":"1 minuto"},"schema":{"@context":"https:\/\/schema.org","@graph":[{"@type":"WebPage","@id":"https:\/\/www.transtoyou.com\/pt\/product\/avodart\/","url":"https:\/\/www.transtoyou.com\/pt\/product\/avodart\/","name":"Avodart | Alivie os Sintomas da Pr\u00f3stata R\u00e1pido - Transtoyou","isPartOf":{"@id":"https:\/\/www.transtoyou.com\/pt\/#website"},"primaryImageOfPage":{"@id":"https:\/\/www.transtoyou.com\/pt\/product\/avodart\/#primaryimage"},"image":{"@id":"https:\/\/www.transtoyou.com\/pt\/product\/avodart\/#primaryimage"},"thumbnailUrl":"https:\/\/www.transtoyou.com\/pt\/wp-content\/uploads\/sites\/12\/2026\/01\/tty-no-product-image-69.webp","datePublished":"2026-01-24T01:54:14+00:00","dateModified":"2026-01-24T01:55:04+00:00","description":"Descubra Avodart na Transtoyou, visando sintomas de pr\u00f3stata aumentada. Experimente al\u00edvio com dutasterida para um fluxo urin\u00e1rio melhor. Compre agora.","breadcrumb":{"@id":"https:\/\/www.transtoyou.com\/pt\/product\/avodart\/#breadcrumb"},"inLanguage":"pt-PT","potentialAction":[{"@type":"ReadAction","target":["https:\/\/www.transtoyou.com\/pt\/product\/avodart\/"]}]},{"@type":"ImageObject","inLanguage":"pt-PT","@id":"https:\/\/www.transtoyou.com\/pt\/product\/avodart\/#primaryimage","url":"https:\/\/www.transtoyou.com\/pt\/wp-content\/uploads\/sites\/12\/2026\/01\/tty-no-product-image-69.webp","contentUrl":"https:\/\/www.transtoyou.com\/pt\/wp-content\/uploads\/sites\/12\/2026\/01\/tty-no-product-image-69.webp","width":1000,"height":1000,"caption":"Imagem padr\u00e3o do produto"},{"@type":"WebSite","@id":"https:\/\/www.transtoyou.com\/pt\/#website","url":"https:\/\/www.transtoyou.com\/pt\/","name":"Transtoyou - PT","description":"","publisher":{"@id":"https:\/\/www.transtoyou.com\/pt\/#organization"},"potentialAction":[{"@type":"SearchAction","target":{"@type":"EntryPoint","urlTemplate":"https:\/\/www.transtoyou.com\/pt\/?s={search_term_string}"},"query-input":{"@type":"PropertyValueSpecification","valueRequired":true,"valueName":"search_term_string"}}],"inLanguage":"pt-PT"},{"@type":"Organization","@id":"https:\/\/www.transtoyou.com\/pt\/#organization","name":"Transtoyou - PT","url":"https:\/\/www.transtoyou.com\/pt\/","logo":{"@type":"ImageObject","inLanguage":"pt-PT","@id":"https:\/\/www.transtoyou.com\/pt\/#\/schema\/logo\/image\/","url":"https:\/\/www.transtoyou.com\/pt\/wp-content\/uploads\/sites\/12\/2026\/01\/logo-tty-menu-bar-300x87-1.webp","contentUrl":"https:\/\/www.transtoyou.com\/pt\/wp-content\/uploads\/sites\/12\/2026\/01\/logo-tty-menu-bar-300x87-1.webp","width":300,"height":87,"caption":"Transtoyou - PT"},"image":{"@id":"https:\/\/www.transtoyou.com\/pt\/#\/schema\/logo\/image\/"}}]}},"_links":{"self":[{"href":"https:\/\/www.transtoyou.com\/pt\/wp-json\/wp\/v2\/product\/916","targetHints":{"allow":["GET"]}}],"collection":[{"href":"https:\/\/www.transtoyou.com\/pt\/wp-json\/wp\/v2\/product"}],"about":[{"href":"https:\/\/www.transtoyou.com\/pt\/wp-json\/wp\/v2\/types\/product"}],"replies":[{"embeddable":true,"href":"https:\/\/www.transtoyou.com\/pt\/wp-json\/wp\/v2\/comments?post=916"}],"wp:featuredmedia":[{"embeddable":true,"href":"https:\/\/www.transtoyou.com\/pt\/wp-json\/wp\/v2\/media\/918"}],"wp:attachment":[{"href":"https:\/\/www.transtoyou.com\/pt\/wp-json\/wp\/v2\/media?parent=916"}],"wp:term":[{"taxonomy":"product_brand","embeddable":true,"href":"https:\/\/www.transtoyou.com\/pt\/wp-json\/wp\/v2\/product_brand?post=916"},{"taxonomy":"product_cat","embeddable":true,"href":"https:\/\/www.transtoyou.com\/pt\/wp-json\/wp\/v2\/product_cat?post=916"},{"taxonomy":"product_tag","embeddable":true,"href":"https:\/\/www.transtoyou.com\/pt\/wp-json\/wp\/v2\/product_tag?post=916"},{"taxonomy":"expert","embeddable":true,"href":"https:\/\/www.transtoyou.com\/pt\/wp-json\/wp\/v2\/expert?post=916"}],"curies":[{"name":"wp","href":"https:\/\/api.w.org\/{rel}","templated":true}]}}