{"id":925,"date":"2026-01-24T02:37:57","date_gmt":"2026-01-24T02:37:57","guid":{"rendered":"https:\/\/www.transtoyou.com\/pt\/product\/loceryl\/"},"modified":"2026-01-24T02:38:51","modified_gmt":"2026-01-24T02:38:51","slug":"loceryl","status":"publish","type":"product","link":"https:\/\/www.transtoyou.com\/pt\/product\/loceryl\/","title":{"rendered":"Loceryl"},"content":{"rendered":"<p>Loceryl \u00e9 um tratamento antif\u00fangico t\u00f3pico especificamente projetado para combater infec\u00e7\u00f5es f\u00fangicas das unhas dos p\u00e9s e das m\u00e3os. Cont\u00e9m o ingrediente ativo amorolfina, que atua interrompendo a estrutura das membranas celulares f\u00fangicas. Isso impede o crescimento dos fungos e, eventualmente, leva \u00e0 sua morte.<\/p>\n<p>Loceryl \u00e9 mais comumente usado para tratar onicomicose, uma infec\u00e7\u00e3o f\u00fangica persistente que causa unhas espessas, descoloridas ou quebradi\u00e7as. Tamb\u00e9m \u00e9 usado \u00e0s vezes para infec\u00e7\u00f5es f\u00fangicas da pele, como p\u00e9 de atleta, quando afetam a \u00e1rea ao redor da unha. Ao contr\u00e1rio dos medicamentos antif\u00fangicos orais, Loceryl \u00e9 aplicado diretamente na unha afetada e na pele ao redor, permitindo um tratamento localizado sem efeitos colaterais sist\u00eamicos.<\/p>\n<p>O esmalte \u00e9 tipicamente aplicado uma ou duas vezes por semana, dependendo da gravidade da infec\u00e7\u00e3o e do plano de tratamento. Ap\u00f3s a aplica\u00e7\u00e3o, ele seca para formar um filme protetor, permitindo que o ingrediente ativo penetre na unha ao longo do tempo. Esse efeito de libera\u00e7\u00e3o lenta permite que a medica\u00e7\u00e3o permane\u00e7a ativa por v\u00e1rios dias a cada uso.<\/p>\n<p>A melhora vis\u00edvel pode levar v\u00e1rias semanas, e o tratamento completo pode durar de 6 a 12 meses, pois leva tempo para que a unha infectada cres\u00e7a e seja substitu\u00edda por tecido saud\u00e1vel.<\/p>\n<p>Efeitos colaterais s\u00e3o raros, mas podem incluir leve irrita\u00e7\u00e3o, queima\u00e7\u00e3o ou vermelhid\u00e3o ao redor da unha. Loceryl \u00e9 geralmente bem tolerado e considerado seguro para uso a longo prazo.<\/p>\n","protected":false},"excerpt":{"rendered":"<ul>\n<li>Tratamento antif\u00fangico t\u00f3pico para unhas<\/li>\n<li>Direciona infec\u00e7\u00f5es f\u00fangicas nas unhas<\/li>\n<li>F\u00f3rmula de esmalte de longa dura\u00e7\u00e3o<\/li>\n<\/ul>\n","protected":false},"featured_media":926,"comment_status":"open","ping_status":"closed","template":"","meta":[],"product_brand":[],"product_cat":[151],"product_tag":[],"expert":[18],"class_list":{"0":"post-925","1":"product","2":"type-product","3":"status-publish","4":"has-post-thumbnail","6":"product_cat-fungos-de-unhas-e-pe-de-atleta","7":"expert-dr-g-varbanov","9":"first","10":"instock","11":"shipping-taxable","12":"product-type-simple"},"yoast_head":"<!-- This site is optimized with the Yoast SEO plugin v27.0 - https:\/\/yoast.com\/product\/yoast-seo-wordpress\/ -->\n<title>Loceryl | Solu\u00e7\u00e3o Antif\u00fangica Eficaz - Transtoyou<\/title>\n<meta name=\"description\" content=\"O verniz antif\u00fangico Loceryl combate infec\u00e7\u00f5es nas unhas com amorolfina. Dispon\u00edvel aqui, oferece tratamento localizado sem efeitos sist\u00eamicos.\" \/>\n<meta name=\"robots\" content=\"noindex, follow, max-snippet:-1, max-image-preview:large, max-video-preview:-1\" \/>\n<meta property=\"og:locale\" content=\"pt_PT\" \/>\n<meta property=\"og:type\" content=\"article\" \/>\n<meta property=\"og:title\" content=\"Loceryl | Solu\u00e7\u00e3o Antif\u00fangica Eficaz - Transtoyou\" \/>\n<meta property=\"og:description\" content=\"O verniz antif\u00fangico Loceryl combate infec\u00e7\u00f5es nas unhas com amorolfina. Dispon\u00edvel aqui, oferece tratamento localizado sem efeitos sist\u00eamicos.\" \/>\n<meta property=\"og:url\" content=\"https:\/\/www.transtoyou.com\/pt\/product\/loceryl\/\" \/>\n<meta property=\"og:site_name\" content=\"Transtoyou - PT\" \/>\n<meta property=\"article:modified_time\" content=\"2026-01-24T02:38:51+00:00\" \/>\n<meta name=\"twitter:card\" content=\"summary_large_image\" \/>\n<meta name=\"twitter:label1\" content=\"Tempo estimado de leitura\" \/>\n\t<meta name=\"twitter:data1\" content=\"1 minuto\" \/>\n<script type=\"application\/ld+json\" class=\"yoast-schema-graph\">{\"@context\":\"https:\/\/schema.org\",\"@graph\":[{\"@type\":\"WebPage\",\"@id\":\"https:\/\/www.transtoyou.com\/pt\/product\/loceryl\/\",\"url\":\"https:\/\/www.transtoyou.com\/pt\/product\/loceryl\/\",\"name\":\"Loceryl | Solu\u00e7\u00e3o Antif\u00fangica Eficaz - Transtoyou\",\"isPartOf\":{\"@id\":\"https:\/\/www.transtoyou.com\/pt\/#website\"},\"primaryImageOfPage\":{\"@id\":\"https:\/\/www.transtoyou.com\/pt\/product\/loceryl\/#primaryimage\"},\"image\":{\"@id\":\"https:\/\/www.transtoyou.com\/pt\/product\/loceryl\/#primaryimage\"},\"thumbnailUrl\":\"https:\/\/www.transtoyou.com\/pt\/wp-content\/uploads\/sites\/12\/2026\/01\/tty-no-product-image-72.webp\",\"datePublished\":\"2026-01-24T02:37:57+00:00\",\"dateModified\":\"2026-01-24T02:38:51+00:00\",\"description\":\"O verniz antif\u00fangico Loceryl combate infec\u00e7\u00f5es nas unhas com amorolfina. Dispon\u00edvel aqui, oferece tratamento localizado sem efeitos sist\u00eamicos.\",\"breadcrumb\":{\"@id\":\"https:\/\/www.transtoyou.com\/pt\/product\/loceryl\/#breadcrumb\"},\"inLanguage\":\"pt-PT\",\"potentialAction\":[{\"@type\":\"ReadAction\",\"target\":[\"https:\/\/www.transtoyou.com\/pt\/product\/loceryl\/\"]}]},{\"@type\":\"ImageObject\",\"inLanguage\":\"pt-PT\",\"@id\":\"https:\/\/www.transtoyou.com\/pt\/product\/loceryl\/#primaryimage\",\"url\":\"https:\/\/www.transtoyou.com\/pt\/wp-content\/uploads\/sites\/12\/2026\/01\/tty-no-product-image-72.webp\",\"contentUrl\":\"https:\/\/www.transtoyou.com\/pt\/wp-content\/uploads\/sites\/12\/2026\/01\/tty-no-product-image-72.webp\",\"width\":1000,\"height\":1000,\"caption\":\"Imagem padr\u00e3o do produto\"},{\"@type\":\"WebSite\",\"@id\":\"https:\/\/www.transtoyou.com\/pt\/#website\",\"url\":\"https:\/\/www.transtoyou.com\/pt\/\",\"name\":\"Transtoyou - PT\",\"description\":\"\",\"publisher\":{\"@id\":\"https:\/\/www.transtoyou.com\/pt\/#organization\"},\"potentialAction\":[{\"@type\":\"SearchAction\",\"target\":{\"@type\":\"EntryPoint\",\"urlTemplate\":\"https:\/\/www.transtoyou.com\/pt\/?s={search_term_string}\"},\"query-input\":{\"@type\":\"PropertyValueSpecification\",\"valueRequired\":true,\"valueName\":\"search_term_string\"}}],\"inLanguage\":\"pt-PT\"},{\"@type\":\"Organization\",\"@id\":\"https:\/\/www.transtoyou.com\/pt\/#organization\",\"name\":\"Transtoyou - PT\",\"url\":\"https:\/\/www.transtoyou.com\/pt\/\",\"logo\":{\"@type\":\"ImageObject\",\"inLanguage\":\"pt-PT\",\"@id\":\"https:\/\/www.transtoyou.com\/pt\/#\/schema\/logo\/image\/\",\"url\":\"https:\/\/www.transtoyou.com\/pt\/wp-content\/uploads\/sites\/12\/2026\/01\/logo-tty-menu-bar-300x87-1.webp\",\"contentUrl\":\"https:\/\/www.transtoyou.com\/pt\/wp-content\/uploads\/sites\/12\/2026\/01\/logo-tty-menu-bar-300x87-1.webp\",\"width\":300,\"height\":87,\"caption\":\"Transtoyou - PT\"},\"image\":{\"@id\":\"https:\/\/www.transtoyou.com\/pt\/#\/schema\/logo\/image\/\"}}]}<\/script>\n<!-- \/ Yoast SEO plugin. -->","yoast_head_json":{"title":"Loceryl | Solu\u00e7\u00e3o Antif\u00fangica Eficaz - Transtoyou","description":"O verniz antif\u00fangico Loceryl combate infec\u00e7\u00f5es nas unhas com amorolfina. Dispon\u00edvel aqui, oferece tratamento localizado sem efeitos sist\u00eamicos.","robots":{"index":"noindex","follow":"follow","max-snippet":"max-snippet:-1","max-image-preview":"max-image-preview:large","max-video-preview":"max-video-preview:-1"},"og_locale":"pt_PT","og_type":"article","og_title":"Loceryl | Solu\u00e7\u00e3o Antif\u00fangica Eficaz - Transtoyou","og_description":"O verniz antif\u00fangico Loceryl combate infec\u00e7\u00f5es nas unhas com amorolfina. Dispon\u00edvel aqui, oferece tratamento localizado sem efeitos sist\u00eamicos.","og_url":"https:\/\/www.transtoyou.com\/pt\/product\/loceryl\/","og_site_name":"Transtoyou - PT","article_modified_time":"2026-01-24T02:38:51+00:00","twitter_card":"summary_large_image","twitter_misc":{"Tempo estimado de leitura":"1 minuto"},"schema":{"@context":"https:\/\/schema.org","@graph":[{"@type":"WebPage","@id":"https:\/\/www.transtoyou.com\/pt\/product\/loceryl\/","url":"https:\/\/www.transtoyou.com\/pt\/product\/loceryl\/","name":"Loceryl | Solu\u00e7\u00e3o Antif\u00fangica Eficaz - Transtoyou","isPartOf":{"@id":"https:\/\/www.transtoyou.com\/pt\/#website"},"primaryImageOfPage":{"@id":"https:\/\/www.transtoyou.com\/pt\/product\/loceryl\/#primaryimage"},"image":{"@id":"https:\/\/www.transtoyou.com\/pt\/product\/loceryl\/#primaryimage"},"thumbnailUrl":"https:\/\/www.transtoyou.com\/pt\/wp-content\/uploads\/sites\/12\/2026\/01\/tty-no-product-image-72.webp","datePublished":"2026-01-24T02:37:57+00:00","dateModified":"2026-01-24T02:38:51+00:00","description":"O verniz antif\u00fangico Loceryl combate infec\u00e7\u00f5es nas unhas com amorolfina. Dispon\u00edvel aqui, oferece tratamento localizado sem efeitos sist\u00eamicos.","breadcrumb":{"@id":"https:\/\/www.transtoyou.com\/pt\/product\/loceryl\/#breadcrumb"},"inLanguage":"pt-PT","potentialAction":[{"@type":"ReadAction","target":["https:\/\/www.transtoyou.com\/pt\/product\/loceryl\/"]}]},{"@type":"ImageObject","inLanguage":"pt-PT","@id":"https:\/\/www.transtoyou.com\/pt\/product\/loceryl\/#primaryimage","url":"https:\/\/www.transtoyou.com\/pt\/wp-content\/uploads\/sites\/12\/2026\/01\/tty-no-product-image-72.webp","contentUrl":"https:\/\/www.transtoyou.com\/pt\/wp-content\/uploads\/sites\/12\/2026\/01\/tty-no-product-image-72.webp","width":1000,"height":1000,"caption":"Imagem padr\u00e3o do produto"},{"@type":"WebSite","@id":"https:\/\/www.transtoyou.com\/pt\/#website","url":"https:\/\/www.transtoyou.com\/pt\/","name":"Transtoyou - PT","description":"","publisher":{"@id":"https:\/\/www.transtoyou.com\/pt\/#organization"},"potentialAction":[{"@type":"SearchAction","target":{"@type":"EntryPoint","urlTemplate":"https:\/\/www.transtoyou.com\/pt\/?s={search_term_string}"},"query-input":{"@type":"PropertyValueSpecification","valueRequired":true,"valueName":"search_term_string"}}],"inLanguage":"pt-PT"},{"@type":"Organization","@id":"https:\/\/www.transtoyou.com\/pt\/#organization","name":"Transtoyou - PT","url":"https:\/\/www.transtoyou.com\/pt\/","logo":{"@type":"ImageObject","inLanguage":"pt-PT","@id":"https:\/\/www.transtoyou.com\/pt\/#\/schema\/logo\/image\/","url":"https:\/\/www.transtoyou.com\/pt\/wp-content\/uploads\/sites\/12\/2026\/01\/logo-tty-menu-bar-300x87-1.webp","contentUrl":"https:\/\/www.transtoyou.com\/pt\/wp-content\/uploads\/sites\/12\/2026\/01\/logo-tty-menu-bar-300x87-1.webp","width":300,"height":87,"caption":"Transtoyou - PT"},"image":{"@id":"https:\/\/www.transtoyou.com\/pt\/#\/schema\/logo\/image\/"}}]}},"_links":{"self":[{"href":"https:\/\/www.transtoyou.com\/pt\/wp-json\/wp\/v2\/product\/925","targetHints":{"allow":["GET"]}}],"collection":[{"href":"https:\/\/www.transtoyou.com\/pt\/wp-json\/wp\/v2\/product"}],"about":[{"href":"https:\/\/www.transtoyou.com\/pt\/wp-json\/wp\/v2\/types\/product"}],"replies":[{"embeddable":true,"href":"https:\/\/www.transtoyou.com\/pt\/wp-json\/wp\/v2\/comments?post=925"}],"wp:featuredmedia":[{"embeddable":true,"href":"https:\/\/www.transtoyou.com\/pt\/wp-json\/wp\/v2\/media\/926"}],"wp:attachment":[{"href":"https:\/\/www.transtoyou.com\/pt\/wp-json\/wp\/v2\/media?parent=925"}],"wp:term":[{"taxonomy":"product_brand","embeddable":true,"href":"https:\/\/www.transtoyou.com\/pt\/wp-json\/wp\/v2\/product_brand?post=925"},{"taxonomy":"product_cat","embeddable":true,"href":"https:\/\/www.transtoyou.com\/pt\/wp-json\/wp\/v2\/product_cat?post=925"},{"taxonomy":"product_tag","embeddable":true,"href":"https:\/\/www.transtoyou.com\/pt\/wp-json\/wp\/v2\/product_tag?post=925"},{"taxonomy":"expert","embeddable":true,"href":"https:\/\/www.transtoyou.com\/pt\/wp-json\/wp\/v2\/expert?post=925"}],"curies":[{"name":"wp","href":"https:\/\/api.w.org\/{rel}","templated":true}]}}