{"id":960,"date":"2026-01-24T06:04:46","date_gmt":"2026-01-24T06:04:46","guid":{"rendered":"https:\/\/www.transtoyou.com\/pt\/product\/estradot\/"},"modified":"2026-01-24T06:05:54","modified_gmt":"2026-01-24T06:05:54","slug":"estradot","status":"publish","type":"product","link":"https:\/\/www.transtoyou.com\/pt\/product\/estradot\/","title":{"rendered":"Estradot"},"content":{"rendered":"<p>Estradot \u00e9 um adesivo transd\u00e9rmico que libera estradiol, uma forma de estrog\u00eanio id\u00eantica ao horm\u00f4nio produzido naturalmente no corpo humano. \u00c9 utilizado na terapia de reposi\u00e7\u00e3o hormonal (TRH) para ajudar a gerenciar sintomas relacionados \u00e0 menopausa, como ondas de calor, suores noturnos, mudan\u00e7as de humor e secura vaginal. Estradot tamb\u00e9m \u00e9 usado na terapia de estrog\u00eanio e feminiza\u00e7\u00e3o, onde desempenha um papel na redu\u00e7\u00e3o dos efeitos da testosterona e na promo\u00e7\u00e3o de caracter\u00edsticas f\u00edsicas tipicamente associadas aos padr\u00f5es hormonais femininos.<\/p>\n<p>O adesivo funciona liberando estradiol de forma constante atrav\u00e9s da pele e na corrente sangu\u00ednea. Esse m\u00e9todo de entrega proporciona um n\u00edvel hormonal consistente, evitando as flutua\u00e7\u00f5es que podem ocorrer com tratamentos orais. Estradot \u00e9 tipicamente aplicado em uma \u00e1rea limpa e seca do abd\u00f4men inferior e trocado duas vezes por semana em dias espec\u00edficos.<\/p>\n<p>Em indiv\u00edduos menopausados, Estradot ajuda a restaurar os n\u00edveis de estrog\u00eanio em queda, o que pode reduzir a gravidade dos sintomas menopausais comuns e apoiar a sa\u00fade \u00f3ssea. Em mulheres trans e indiv\u00edduos n\u00e3o-bin\u00e1rios que est\u00e3o passando por terapia de feminiza\u00e7\u00e3o, o estradiol contribui para mudan\u00e7as f\u00edsicas, como pele mais suave, desenvolvimento mam\u00e1rio e redistribui\u00e7\u00e3o de gordura ao longo do tempo, especialmente quando usado juntamente com um antiandrog\u00eanio ou bloqueador de testosterona.<\/p>\n<p>A dosagem e a frequ\u00eancia de aplica\u00e7\u00e3o s\u00e3o ajustadas \u00e0s necessidades individuais, com base no controle dos sintomas e nos objetivos do tratamento.<\/p>\n<p>Como em todas as terapias hormonais, os efeitos colaterais potenciais podem incluir irrita\u00e7\u00e3o da pele no local do adesivo, sensibilidade mam\u00e1ria, flutua\u00e7\u00f5es de humor ou leve incha\u00e7o. Em alguns casos, riscos a longo prazo, como co\u00e1gulos sangu\u00edneos (tromboembolismo venoso), acidente vascular cerebral ou problemas cardiovasculares, devem ser considerados, especialmente dependendo do hist\u00f3rico m\u00e9dico e de fatores de risco coexistentes.<\/p>\n<p>Estradot oferece uma alternativa n\u00e3o oral para a terapia de estrog\u00eanio, tornando-se uma op\u00e7\u00e3o amplamente utilizada tanto na TRH tradicional quanto nos cuidados hormonais afirmativos de g\u00eanero.<\/p>\n","protected":false},"excerpt":{"rendered":"<ul>\n<li>Adesivo ultra-fino para estrog\u00eanio discreto e constante<\/li>\n<li>Op\u00e7\u00e3o de baixa dosagem ideal para usu\u00e1rios sens\u00edveis<\/li>\n<li>Troca duas vezes por semana &#8211; sem p\u00edlulas di\u00e1rias<\/li>\n<\/ul>\n","protected":false},"featured_media":961,"comment_status":"open","ping_status":"closed","template":"","meta":[],"product_brand":[],"product_cat":[96,119],"product_tag":[],"expert":[21],"class_list":{"0":"post-960","1":"product","2":"type-product","3":"status-publish","4":"has-post-thumbnail","6":"product_cat-estrogenio-e-terapia-feminilizante","7":"product_cat-terapia-de-reposicao-hormonal-trh","8":"expert-dr-m-sharoyko","10":"first","11":"instock","12":"shipping-taxable","13":"product-type-simple"},"yoast_head":"<!-- This site is optimized with the Yoast SEO plugin v27.0 - https:\/\/yoast.com\/product\/yoast-seo-wordpress\/ -->\n<title>Estradot - Transtoyou - PT<\/title>\n<meta name=\"robots\" content=\"noindex, follow, max-snippet:-1, max-image-preview:large, max-video-preview:-1\" \/>\n<meta property=\"og:locale\" content=\"pt_PT\" \/>\n<meta property=\"og:type\" content=\"article\" \/>\n<meta property=\"og:title\" content=\"Estradot - Transtoyou - PT\" \/>\n<meta property=\"og:description\" content=\"Adesivo ultra-fino para estrog\u00eanio discreto e constante  Op\u00e7\u00e3o de baixa dosagem ideal para usu\u00e1rios sens\u00edveis  Troca duas vezes por semana - sem p\u00edlulas di\u00e1rias\" \/>\n<meta property=\"og:url\" content=\"https:\/\/www.transtoyou.com\/pt\/product\/estradot\/\" \/>\n<meta property=\"og:site_name\" content=\"Transtoyou - PT\" \/>\n<meta property=\"article:modified_time\" content=\"2026-01-24T06:05:54+00:00\" \/>\n<meta property=\"og:image\" content=\"https:\/\/www.transtoyou.com\/pt\/wp-content\/uploads\/sites\/12\/2026\/01\/tty-no-product-image-85.webp\" \/>\n\t<meta property=\"og:image:width\" content=\"1000\" \/>\n\t<meta property=\"og:image:height\" content=\"1000\" \/>\n\t<meta property=\"og:image:type\" content=\"image\/webp\" \/>\n<meta name=\"twitter:card\" content=\"summary_large_image\" \/>\n<meta name=\"twitter:label1\" content=\"Tempo estimado de leitura\" \/>\n\t<meta name=\"twitter:data1\" content=\"2 minutos\" \/>\n<script type=\"application\/ld+json\" class=\"yoast-schema-graph\">{\"@context\":\"https:\/\/schema.org\",\"@graph\":[{\"@type\":\"WebPage\",\"@id\":\"https:\/\/www.transtoyou.com\/pt\/product\/estradot\/\",\"url\":\"https:\/\/www.transtoyou.com\/pt\/product\/estradot\/\",\"name\":\"Estradot - Transtoyou - PT\",\"isPartOf\":{\"@id\":\"https:\/\/www.transtoyou.com\/pt\/#website\"},\"primaryImageOfPage\":{\"@id\":\"https:\/\/www.transtoyou.com\/pt\/product\/estradot\/#primaryimage\"},\"image\":{\"@id\":\"https:\/\/www.transtoyou.com\/pt\/product\/estradot\/#primaryimage\"},\"thumbnailUrl\":\"https:\/\/www.transtoyou.com\/pt\/wp-content\/uploads\/sites\/12\/2026\/01\/tty-no-product-image-85.webp\",\"datePublished\":\"2026-01-24T06:04:46+00:00\",\"dateModified\":\"2026-01-24T06:05:54+00:00\",\"breadcrumb\":{\"@id\":\"https:\/\/www.transtoyou.com\/pt\/product\/estradot\/#breadcrumb\"},\"inLanguage\":\"pt-PT\",\"potentialAction\":[{\"@type\":\"ReadAction\",\"target\":[\"https:\/\/www.transtoyou.com\/pt\/product\/estradot\/\"]}]},{\"@type\":\"ImageObject\",\"inLanguage\":\"pt-PT\",\"@id\":\"https:\/\/www.transtoyou.com\/pt\/product\/estradot\/#primaryimage\",\"url\":\"https:\/\/www.transtoyou.com\/pt\/wp-content\/uploads\/sites\/12\/2026\/01\/tty-no-product-image-85.webp\",\"contentUrl\":\"https:\/\/www.transtoyou.com\/pt\/wp-content\/uploads\/sites\/12\/2026\/01\/tty-no-product-image-85.webp\",\"width\":1000,\"height\":1000,\"caption\":\"Imagem padr\u00e3o do produto\"},{\"@type\":\"WebSite\",\"@id\":\"https:\/\/www.transtoyou.com\/pt\/#website\",\"url\":\"https:\/\/www.transtoyou.com\/pt\/\",\"name\":\"Transtoyou - PT\",\"description\":\"\",\"publisher\":{\"@id\":\"https:\/\/www.transtoyou.com\/pt\/#organization\"},\"potentialAction\":[{\"@type\":\"SearchAction\",\"target\":{\"@type\":\"EntryPoint\",\"urlTemplate\":\"https:\/\/www.transtoyou.com\/pt\/?s={search_term_string}\"},\"query-input\":{\"@type\":\"PropertyValueSpecification\",\"valueRequired\":true,\"valueName\":\"search_term_string\"}}],\"inLanguage\":\"pt-PT\"},{\"@type\":\"Organization\",\"@id\":\"https:\/\/www.transtoyou.com\/pt\/#organization\",\"name\":\"Transtoyou - PT\",\"url\":\"https:\/\/www.transtoyou.com\/pt\/\",\"logo\":{\"@type\":\"ImageObject\",\"inLanguage\":\"pt-PT\",\"@id\":\"https:\/\/www.transtoyou.com\/pt\/#\/schema\/logo\/image\/\",\"url\":\"https:\/\/www.transtoyou.com\/pt\/wp-content\/uploads\/sites\/12\/2026\/01\/logo-tty-menu-bar-300x87-1.webp\",\"contentUrl\":\"https:\/\/www.transtoyou.com\/pt\/wp-content\/uploads\/sites\/12\/2026\/01\/logo-tty-menu-bar-300x87-1.webp\",\"width\":300,\"height\":87,\"caption\":\"Transtoyou - PT\"},\"image\":{\"@id\":\"https:\/\/www.transtoyou.com\/pt\/#\/schema\/logo\/image\/\"}}]}<\/script>\n<!-- \/ Yoast SEO plugin. -->","yoast_head_json":{"title":"Estradot - Transtoyou - PT","robots":{"index":"noindex","follow":"follow","max-snippet":"max-snippet:-1","max-image-preview":"max-image-preview:large","max-video-preview":"max-video-preview:-1"},"og_locale":"pt_PT","og_type":"article","og_title":"Estradot - Transtoyou - PT","og_description":"Adesivo ultra-fino para estrog\u00eanio discreto e constante  Op\u00e7\u00e3o de baixa dosagem ideal para usu\u00e1rios sens\u00edveis  Troca duas vezes por semana - sem p\u00edlulas di\u00e1rias","og_url":"https:\/\/www.transtoyou.com\/pt\/product\/estradot\/","og_site_name":"Transtoyou - PT","article_modified_time":"2026-01-24T06:05:54+00:00","og_image":[{"width":1000,"height":1000,"url":"https:\/\/www.transtoyou.com\/pt\/wp-content\/uploads\/sites\/12\/2026\/01\/tty-no-product-image-85.webp","type":"image\/webp"}],"twitter_card":"summary_large_image","twitter_misc":{"Tempo estimado de leitura":"2 minutos"},"schema":{"@context":"https:\/\/schema.org","@graph":[{"@type":"WebPage","@id":"https:\/\/www.transtoyou.com\/pt\/product\/estradot\/","url":"https:\/\/www.transtoyou.com\/pt\/product\/estradot\/","name":"Estradot - Transtoyou - PT","isPartOf":{"@id":"https:\/\/www.transtoyou.com\/pt\/#website"},"primaryImageOfPage":{"@id":"https:\/\/www.transtoyou.com\/pt\/product\/estradot\/#primaryimage"},"image":{"@id":"https:\/\/www.transtoyou.com\/pt\/product\/estradot\/#primaryimage"},"thumbnailUrl":"https:\/\/www.transtoyou.com\/pt\/wp-content\/uploads\/sites\/12\/2026\/01\/tty-no-product-image-85.webp","datePublished":"2026-01-24T06:04:46+00:00","dateModified":"2026-01-24T06:05:54+00:00","breadcrumb":{"@id":"https:\/\/www.transtoyou.com\/pt\/product\/estradot\/#breadcrumb"},"inLanguage":"pt-PT","potentialAction":[{"@type":"ReadAction","target":["https:\/\/www.transtoyou.com\/pt\/product\/estradot\/"]}]},{"@type":"ImageObject","inLanguage":"pt-PT","@id":"https:\/\/www.transtoyou.com\/pt\/product\/estradot\/#primaryimage","url":"https:\/\/www.transtoyou.com\/pt\/wp-content\/uploads\/sites\/12\/2026\/01\/tty-no-product-image-85.webp","contentUrl":"https:\/\/www.transtoyou.com\/pt\/wp-content\/uploads\/sites\/12\/2026\/01\/tty-no-product-image-85.webp","width":1000,"height":1000,"caption":"Imagem padr\u00e3o do produto"},{"@type":"WebSite","@id":"https:\/\/www.transtoyou.com\/pt\/#website","url":"https:\/\/www.transtoyou.com\/pt\/","name":"Transtoyou - PT","description":"","publisher":{"@id":"https:\/\/www.transtoyou.com\/pt\/#organization"},"potentialAction":[{"@type":"SearchAction","target":{"@type":"EntryPoint","urlTemplate":"https:\/\/www.transtoyou.com\/pt\/?s={search_term_string}"},"query-input":{"@type":"PropertyValueSpecification","valueRequired":true,"valueName":"search_term_string"}}],"inLanguage":"pt-PT"},{"@type":"Organization","@id":"https:\/\/www.transtoyou.com\/pt\/#organization","name":"Transtoyou - PT","url":"https:\/\/www.transtoyou.com\/pt\/","logo":{"@type":"ImageObject","inLanguage":"pt-PT","@id":"https:\/\/www.transtoyou.com\/pt\/#\/schema\/logo\/image\/","url":"https:\/\/www.transtoyou.com\/pt\/wp-content\/uploads\/sites\/12\/2026\/01\/logo-tty-menu-bar-300x87-1.webp","contentUrl":"https:\/\/www.transtoyou.com\/pt\/wp-content\/uploads\/sites\/12\/2026\/01\/logo-tty-menu-bar-300x87-1.webp","width":300,"height":87,"caption":"Transtoyou - PT"},"image":{"@id":"https:\/\/www.transtoyou.com\/pt\/#\/schema\/logo\/image\/"}}]}},"_links":{"self":[{"href":"https:\/\/www.transtoyou.com\/pt\/wp-json\/wp\/v2\/product\/960","targetHints":{"allow":["GET"]}}],"collection":[{"href":"https:\/\/www.transtoyou.com\/pt\/wp-json\/wp\/v2\/product"}],"about":[{"href":"https:\/\/www.transtoyou.com\/pt\/wp-json\/wp\/v2\/types\/product"}],"replies":[{"embeddable":true,"href":"https:\/\/www.transtoyou.com\/pt\/wp-json\/wp\/v2\/comments?post=960"}],"wp:featuredmedia":[{"embeddable":true,"href":"https:\/\/www.transtoyou.com\/pt\/wp-json\/wp\/v2\/media\/961"}],"wp:attachment":[{"href":"https:\/\/www.transtoyou.com\/pt\/wp-json\/wp\/v2\/media?parent=960"}],"wp:term":[{"taxonomy":"product_brand","embeddable":true,"href":"https:\/\/www.transtoyou.com\/pt\/wp-json\/wp\/v2\/product_brand?post=960"},{"taxonomy":"product_cat","embeddable":true,"href":"https:\/\/www.transtoyou.com\/pt\/wp-json\/wp\/v2\/product_cat?post=960"},{"taxonomy":"product_tag","embeddable":true,"href":"https:\/\/www.transtoyou.com\/pt\/wp-json\/wp\/v2\/product_tag?post=960"},{"taxonomy":"expert","embeddable":true,"href":"https:\/\/www.transtoyou.com\/pt\/wp-json\/wp\/v2\/expert?post=960"}],"curies":[{"name":"wp","href":"https:\/\/api.w.org\/{rel}","templated":true}]}}