{"id":968,"date":"2026-01-24T06:55:53","date_gmt":"2026-01-24T06:55:53","guid":{"rendered":"https:\/\/www.transtoyou.com\/pt\/product\/viagra\/"},"modified":"2026-03-18T13:55:53","modified_gmt":"2026-03-18T11:55:53","slug":"viagra","status":"publish","type":"product","link":"https:\/\/www.transtoyou.com\/pt\/product\/viagra\/","title":{"rendered":"Viagra"},"content":{"rendered":"<p>Viagra \u00e9 um tratamento para disfun\u00e7\u00e3o er\u00e9til, ajudando os homens a alcan\u00e7ar e manter uma ere\u00e7\u00e3o adequada para a atividade sexual. Seu ingrediente ativo, citrato de sildenafil, age aumentando o fluxo sangu\u00edneo para o p\u00eanis quando um homem est\u00e1 sexualmente excitado. Isso melhora a capacidade natural do corpo de responder \u00e0 intimidade, apoiando ere\u00e7\u00f5es mais fortes e confi\u00e1veis.<\/p>\n<p>Viagra pertence a uma classe de medicamentos chamada inibidores da PDE5, que relaxam os vasos sangu\u00edneos no p\u00eanis, permitindo que mais sangue entre durante a estimula\u00e7\u00e3o. N\u00e3o causa uma ere\u00e7\u00e3o por si s\u00f3, a excita\u00e7\u00e3o sexual ainda \u00e9 necess\u00e1ria para que o medicamento seja eficaz. Uma vez ativo no corpo, Viagra geralmente come\u00e7a a agir dentro de 30 a 60 minutos, e seus efeitos podem durar cerca de quatro a cinco horas.<\/p>\n<p>A dose inicial padr\u00e3o \u00e9 de 50 mg, tomada cerca de uma hora antes da atividade sexual, embora isso possa ser ajustado dependendo da resposta e toler\u00e2ncia individual. Alguns homens podem se beneficiar de uma dose mais baixa (25 mg), enquanto outros podem precisar de at\u00e9 100 mg. \u00c9 tomado por via oral e pode ser usado com ou sem comida, embora refei\u00e7\u00f5es ricas em gordura possam atrasar ligeiramente o in\u00edcio da a\u00e7\u00e3o.<\/p>\n<p>Viagra \u00e9 geralmente bem tolerado. Alguns usu\u00e1rios podem experimentar efeitos colaterais, como dores de cabe\u00e7a, rubor facial, congest\u00e3o nasal, dor de est\u00f4mago ou altera\u00e7\u00f5es tempor\u00e1rias na vis\u00e3o (como um tom azul). Esses efeitos s\u00e3o geralmente leves e de curta dura\u00e7\u00e3o. N\u00e3o deve ser usado juntamente com nitratos ou medicamentos que diminuam significativamente a press\u00e3o arterial.<\/p>\n","protected":false},"excerpt":{"rendered":"<ul>\n<li>Suporta a resposta sexual natural<\/li>\n<li>Melhora a fun\u00e7\u00e3o er\u00e9til<\/li>\n<li>Confi\u00e1vel em todo o mundo para o manejo da DE<\/li>\n<\/ul>\n","protected":false},"featured_media":970,"comment_status":"open","ping_status":"closed","template":"","meta":[],"product_brand":[],"product_cat":[95],"product_tag":[],"expert":[16],"class_list":{"0":"post-968","1":"product","2":"type-product","3":"status-publish","4":"has-post-thumbnail","6":"product_cat-tratamentos-para-disfuncao-eretil","7":"expert-dr-c-alexandru","9":"first","10":"instock","11":"shipping-taxable","12":"purchasable","13":"product-type-variable"},"yoast_head":"<!-- This site is optimized with the Yoast SEO plugin v27.0 - https:\/\/yoast.com\/product\/yoast-seo-wordpress\/ -->\n<title>Viagra | Aumenta o desempenho e a confian\u00e7a - Transtoyou<\/title>\n<meta name=\"description\" content=\"Descobre o Viagra na Transtoyou, melhorando a fun\u00e7\u00e3o er\u00e9til de forma segura. Clinicamente comprovado com citrato de sildenafil. Adquire j\u00e1!\" \/>\n<meta name=\"robots\" content=\"noindex, follow, max-snippet:-1, max-image-preview:large, max-video-preview:-1\" \/>\n<meta property=\"og:locale\" content=\"pt_PT\" \/>\n<meta property=\"og:type\" content=\"article\" \/>\n<meta property=\"og:title\" content=\"Viagra | Aumenta o desempenho e a confian\u00e7a - Transtoyou\" \/>\n<meta property=\"og:description\" content=\"Descobre o Viagra na Transtoyou, melhorando a fun\u00e7\u00e3o er\u00e9til de forma segura. Clinicamente comprovado com citrato de sildenafil. Adquire j\u00e1!\" \/>\n<meta property=\"og:url\" content=\"https:\/\/www.transtoyou.com\/pt\/product\/viagra\/\" \/>\n<meta property=\"og:site_name\" content=\"Transtoyou - PT\" \/>\n<meta property=\"article:modified_time\" content=\"2026-03-18T11:55:53+00:00\" \/>\n<meta name=\"twitter:card\" content=\"summary_large_image\" \/>\n<meta name=\"twitter:label1\" content=\"Tempo estimado de leitura\" \/>\n\t<meta name=\"twitter:data1\" content=\"1 minuto\" \/>\n<script type=\"application\/ld+json\" class=\"yoast-schema-graph\">{\"@context\":\"https:\/\/schema.org\",\"@graph\":[{\"@type\":\"WebPage\",\"@id\":\"https:\/\/www.transtoyou.com\/pt\/product\/viagra\/\",\"url\":\"https:\/\/www.transtoyou.com\/pt\/product\/viagra\/\",\"name\":\"Viagra | Aumenta o desempenho e a confian\u00e7a - Transtoyou\",\"isPartOf\":{\"@id\":\"https:\/\/www.transtoyou.com\/pt\/#website\"},\"primaryImageOfPage\":{\"@id\":\"https:\/\/www.transtoyou.com\/pt\/product\/viagra\/#primaryimage\"},\"image\":{\"@id\":\"https:\/\/www.transtoyou.com\/pt\/product\/viagra\/#primaryimage\"},\"thumbnailUrl\":\"https:\/\/www.transtoyou.com\/pt\/wp-content\/uploads\/sites\/12\/2026\/01\/tty-no-product-image-88.webp\",\"datePublished\":\"2026-01-24T06:55:53+00:00\",\"dateModified\":\"2026-03-18T11:55:53+00:00\",\"description\":\"Descobre o Viagra na Transtoyou, melhorando a fun\u00e7\u00e3o er\u00e9til de forma segura. Clinicamente comprovado com citrato de sildenafil. Adquire j\u00e1!\",\"breadcrumb\":{\"@id\":\"https:\/\/www.transtoyou.com\/pt\/product\/viagra\/#breadcrumb\"},\"inLanguage\":\"pt-PT\",\"potentialAction\":[{\"@type\":\"ReadAction\",\"target\":[\"https:\/\/www.transtoyou.com\/pt\/product\/viagra\/\"]}]},{\"@type\":\"ImageObject\",\"inLanguage\":\"pt-PT\",\"@id\":\"https:\/\/www.transtoyou.com\/pt\/product\/viagra\/#primaryimage\",\"url\":\"https:\/\/www.transtoyou.com\/pt\/wp-content\/uploads\/sites\/12\/2026\/01\/tty-no-product-image-88.webp\",\"contentUrl\":\"https:\/\/www.transtoyou.com\/pt\/wp-content\/uploads\/sites\/12\/2026\/01\/tty-no-product-image-88.webp\",\"width\":1000,\"height\":1000,\"caption\":\"Imagem padr\u00e3o do produto\"},{\"@type\":\"WebSite\",\"@id\":\"https:\/\/www.transtoyou.com\/pt\/#website\",\"url\":\"https:\/\/www.transtoyou.com\/pt\/\",\"name\":\"Transtoyou - PT\",\"description\":\"\",\"publisher\":{\"@id\":\"https:\/\/www.transtoyou.com\/pt\/#organization\"},\"potentialAction\":[{\"@type\":\"SearchAction\",\"target\":{\"@type\":\"EntryPoint\",\"urlTemplate\":\"https:\/\/www.transtoyou.com\/pt\/?s={search_term_string}\"},\"query-input\":{\"@type\":\"PropertyValueSpecification\",\"valueRequired\":true,\"valueName\":\"search_term_string\"}}],\"inLanguage\":\"pt-PT\"},{\"@type\":\"Organization\",\"@id\":\"https:\/\/www.transtoyou.com\/pt\/#organization\",\"name\":\"Transtoyou - PT\",\"url\":\"https:\/\/www.transtoyou.com\/pt\/\",\"logo\":{\"@type\":\"ImageObject\",\"inLanguage\":\"pt-PT\",\"@id\":\"https:\/\/www.transtoyou.com\/pt\/#\/schema\/logo\/image\/\",\"url\":\"https:\/\/www.transtoyou.com\/pt\/wp-content\/uploads\/sites\/12\/2026\/01\/logo-tty-menu-bar-300x87-1.webp\",\"contentUrl\":\"https:\/\/www.transtoyou.com\/pt\/wp-content\/uploads\/sites\/12\/2026\/01\/logo-tty-menu-bar-300x87-1.webp\",\"width\":300,\"height\":87,\"caption\":\"Transtoyou - PT\"},\"image\":{\"@id\":\"https:\/\/www.transtoyou.com\/pt\/#\/schema\/logo\/image\/\"}}]}<\/script>\n<!-- \/ Yoast SEO plugin. -->","yoast_head_json":{"title":"Viagra | Aumenta o desempenho e a confian\u00e7a - Transtoyou","description":"Descobre o Viagra na Transtoyou, melhorando a fun\u00e7\u00e3o er\u00e9til de forma segura. Clinicamente comprovado com citrato de sildenafil. Adquire j\u00e1!","robots":{"index":"noindex","follow":"follow","max-snippet":"max-snippet:-1","max-image-preview":"max-image-preview:large","max-video-preview":"max-video-preview:-1"},"og_locale":"pt_PT","og_type":"article","og_title":"Viagra | Aumenta o desempenho e a confian\u00e7a - Transtoyou","og_description":"Descobre o Viagra na Transtoyou, melhorando a fun\u00e7\u00e3o er\u00e9til de forma segura. Clinicamente comprovado com citrato de sildenafil. Adquire j\u00e1!","og_url":"https:\/\/www.transtoyou.com\/pt\/product\/viagra\/","og_site_name":"Transtoyou - PT","article_modified_time":"2026-03-18T11:55:53+00:00","twitter_card":"summary_large_image","twitter_misc":{"Tempo estimado de leitura":"1 minuto"},"schema":{"@context":"https:\/\/schema.org","@graph":[{"@type":"WebPage","@id":"https:\/\/www.transtoyou.com\/pt\/product\/viagra\/","url":"https:\/\/www.transtoyou.com\/pt\/product\/viagra\/","name":"Viagra | Aumenta o desempenho e a confian\u00e7a - Transtoyou","isPartOf":{"@id":"https:\/\/www.transtoyou.com\/pt\/#website"},"primaryImageOfPage":{"@id":"https:\/\/www.transtoyou.com\/pt\/product\/viagra\/#primaryimage"},"image":{"@id":"https:\/\/www.transtoyou.com\/pt\/product\/viagra\/#primaryimage"},"thumbnailUrl":"https:\/\/www.transtoyou.com\/pt\/wp-content\/uploads\/sites\/12\/2026\/01\/tty-no-product-image-88.webp","datePublished":"2026-01-24T06:55:53+00:00","dateModified":"2026-03-18T11:55:53+00:00","description":"Descobre o Viagra na Transtoyou, melhorando a fun\u00e7\u00e3o er\u00e9til de forma segura. Clinicamente comprovado com citrato de sildenafil. Adquire j\u00e1!","breadcrumb":{"@id":"https:\/\/www.transtoyou.com\/pt\/product\/viagra\/#breadcrumb"},"inLanguage":"pt-PT","potentialAction":[{"@type":"ReadAction","target":["https:\/\/www.transtoyou.com\/pt\/product\/viagra\/"]}]},{"@type":"ImageObject","inLanguage":"pt-PT","@id":"https:\/\/www.transtoyou.com\/pt\/product\/viagra\/#primaryimage","url":"https:\/\/www.transtoyou.com\/pt\/wp-content\/uploads\/sites\/12\/2026\/01\/tty-no-product-image-88.webp","contentUrl":"https:\/\/www.transtoyou.com\/pt\/wp-content\/uploads\/sites\/12\/2026\/01\/tty-no-product-image-88.webp","width":1000,"height":1000,"caption":"Imagem padr\u00e3o do produto"},{"@type":"WebSite","@id":"https:\/\/www.transtoyou.com\/pt\/#website","url":"https:\/\/www.transtoyou.com\/pt\/","name":"Transtoyou - PT","description":"","publisher":{"@id":"https:\/\/www.transtoyou.com\/pt\/#organization"},"potentialAction":[{"@type":"SearchAction","target":{"@type":"EntryPoint","urlTemplate":"https:\/\/www.transtoyou.com\/pt\/?s={search_term_string}"},"query-input":{"@type":"PropertyValueSpecification","valueRequired":true,"valueName":"search_term_string"}}],"inLanguage":"pt-PT"},{"@type":"Organization","@id":"https:\/\/www.transtoyou.com\/pt\/#organization","name":"Transtoyou - PT","url":"https:\/\/www.transtoyou.com\/pt\/","logo":{"@type":"ImageObject","inLanguage":"pt-PT","@id":"https:\/\/www.transtoyou.com\/pt\/#\/schema\/logo\/image\/","url":"https:\/\/www.transtoyou.com\/pt\/wp-content\/uploads\/sites\/12\/2026\/01\/logo-tty-menu-bar-300x87-1.webp","contentUrl":"https:\/\/www.transtoyou.com\/pt\/wp-content\/uploads\/sites\/12\/2026\/01\/logo-tty-menu-bar-300x87-1.webp","width":300,"height":87,"caption":"Transtoyou - PT"},"image":{"@id":"https:\/\/www.transtoyou.com\/pt\/#\/schema\/logo\/image\/"}}]}},"_links":{"self":[{"href":"https:\/\/www.transtoyou.com\/pt\/wp-json\/wp\/v2\/product\/968","targetHints":{"allow":["GET"]}}],"collection":[{"href":"https:\/\/www.transtoyou.com\/pt\/wp-json\/wp\/v2\/product"}],"about":[{"href":"https:\/\/www.transtoyou.com\/pt\/wp-json\/wp\/v2\/types\/product"}],"replies":[{"embeddable":true,"href":"https:\/\/www.transtoyou.com\/pt\/wp-json\/wp\/v2\/comments?post=968"}],"wp:featuredmedia":[{"embeddable":true,"href":"https:\/\/www.transtoyou.com\/pt\/wp-json\/wp\/v2\/media\/970"}],"wp:attachment":[{"href":"https:\/\/www.transtoyou.com\/pt\/wp-json\/wp\/v2\/media?parent=968"}],"wp:term":[{"taxonomy":"product_brand","embeddable":true,"href":"https:\/\/www.transtoyou.com\/pt\/wp-json\/wp\/v2\/product_brand?post=968"},{"taxonomy":"product_cat","embeddable":true,"href":"https:\/\/www.transtoyou.com\/pt\/wp-json\/wp\/v2\/product_cat?post=968"},{"taxonomy":"product_tag","embeddable":true,"href":"https:\/\/www.transtoyou.com\/pt\/wp-json\/wp\/v2\/product_tag?post=968"},{"taxonomy":"expert","embeddable":true,"href":"https:\/\/www.transtoyou.com\/pt\/wp-json\/wp\/v2\/expert?post=968"}],"curies":[{"name":"wp","href":"https:\/\/api.w.org\/{rel}","templated":true}]}}