{"id":971,"date":"2026-01-24T07:12:05","date_gmt":"2026-01-24T07:12:05","guid":{"rendered":"https:\/\/www.transtoyou.com\/pt\/product\/tadalafil\/"},"modified":"2026-03-05T17:33:51","modified_gmt":"2026-03-05T15:33:51","slug":"tadalafil","status":"publish","type":"product","link":"https:\/\/www.transtoyou.com\/pt\/product\/tadalafil\/","title":{"rendered":"Tadalafil"},"content":{"rendered":"<p>Tadalafil \u00e9 um medicamento para o tratamento da disfun\u00e7\u00e3o er\u00e9til, para apoiar os homens a alcan\u00e7ar e manter uma ere\u00e7\u00e3o suficiente para a atividade sexual. Ele pertence \u00e0 classe de medicamentos chamados inibidores da PDE5, que melhoram o fluxo sangu\u00edneo para o p\u00eanis ao relaxar os m\u00fasculos lisos nas paredes dos vasos sangu\u00edneos.<\/p>\n<p>O que distingue o Tadalafil de outros tratamentos para DE \u00e9 sua longa dura\u00e7\u00e3o de a\u00e7\u00e3o. Ap\u00f3s tomar uma dose \u00fanica, os efeitos podem durar at\u00e9 36 horas, oferecendo uma experi\u00eancia mais flex\u00edvel e natural em torno da intimidade. Esta janela estendida rendeu ao Tadalafil a reputa\u00e7\u00e3o de ser uma &#8220;p\u00edlula de fim de semana&#8221;, permitindo que homens e seus parceiros se envolvam em atividades sexuais sem a press\u00e3o de um tempo preciso.<\/p>\n<p>O Tadalafil pode ser tomado de duas maneiras.<\/p>\n<ol>\n<li>A primeira \u00e9 sob demanda, tipicamente em uma dose de 10 mg ou 20 mg, tomada cerca de 30 minutos antes da atividade sexual planejada.<\/li>\n<li>A segunda \u00e9 uma vez ao dia, em uma dose muito mais baixa (2,5 mg ou 5 mg), que mant\u00e9m um n\u00edvel consistente do medicamento no corpo. Esta abordagem di\u00e1ria \u00e9 ideal para homens que preferem estar prontos a qualquer momento, sem precisar planejar com anteced\u00eancia.<\/li>\n<\/ol>\n<p>O medicamento \u00e9 tomado por via oral e pode ser usado com ou sem alimentos. Seu tempo de in\u00edcio \u00e9 geralmente de 30 a 60 minutos. A maioria dos usu\u00e1rios tolera bem, embora alguns possam experimentar efeitos colaterais leves, como dor de cabe\u00e7a, dores musculares, indigest\u00e3o ou congest\u00e3o nasal. O Tadalafil n\u00e3o deve ser tomado com nitratos ou certos medicamentos para press\u00e3o arterial devido ao risco de quedas s\u00e9rias na press\u00e3o arterial.<\/p>\n","protected":false},"excerpt":{"rendered":"<ul>\n<li>Tratamento para DE de longa dura\u00e7\u00e3o: at\u00e9 36 horas de efic\u00e1cia<\/li>\n<li>Tamb\u00e9m ajuda com sintomas urin\u00e1rios relacionados \u00e0 HBP<\/li>\n<li>Op\u00e7\u00e3o de dosagem di\u00e1ria ou sob demanda<\/li>\n<\/ul>\n","protected":false},"featured_media":973,"comment_status":"open","ping_status":"closed","template":"","meta":[],"product_brand":[],"product_cat":[95],"product_tag":[],"expert":[16],"class_list":{"0":"post-971","1":"product","2":"type-product","3":"status-publish","4":"has-post-thumbnail","6":"product_cat-tratamentos-para-disfuncao-eretil","7":"expert-dr-c-alexandru","9":"first","10":"instock","11":"shipping-taxable","12":"product-type-variable"},"yoast_head":"<!-- This site is optimized with the Yoast SEO plugin v27.0 - https:\/\/yoast.com\/product\/yoast-seo-wordpress\/ -->\n<title>Tadalafil | Solu\u00e7\u00e3o Duradoura para Disfun\u00e7\u00e3o Er\u00e9til - Transtoyou<\/title>\n<meta name=\"description\" content=\"Tadalafil, um tratamento eficaz para disfun\u00e7\u00e3o er\u00e9til, melhora o fluxo sangu\u00edneo por at\u00e9 36 horas. Descubra mais sobre intimidade e flexibilidade.\" \/>\n<meta name=\"robots\" content=\"noindex, follow, max-snippet:-1, max-image-preview:large, max-video-preview:-1\" \/>\n<meta property=\"og:locale\" content=\"pt_PT\" \/>\n<meta property=\"og:type\" content=\"article\" \/>\n<meta property=\"og:title\" content=\"Tadalafil | Solu\u00e7\u00e3o Duradoura para Disfun\u00e7\u00e3o Er\u00e9til - Transtoyou\" \/>\n<meta property=\"og:description\" content=\"Tadalafil, um tratamento eficaz para disfun\u00e7\u00e3o er\u00e9til, melhora o fluxo sangu\u00edneo por at\u00e9 36 horas. Descubra mais sobre intimidade e flexibilidade.\" \/>\n<meta property=\"og:url\" content=\"https:\/\/www.transtoyou.com\/pt\/product\/tadalafil\/\" \/>\n<meta property=\"og:site_name\" content=\"Transtoyou - PT\" \/>\n<meta property=\"article:modified_time\" content=\"2026-03-05T15:33:51+00:00\" \/>\n<meta name=\"twitter:card\" content=\"summary_large_image\" \/>\n<meta name=\"twitter:label1\" content=\"Tempo estimado de leitura\" \/>\n\t<meta name=\"twitter:data1\" content=\"1 minuto\" \/>\n<script type=\"application\/ld+json\" class=\"yoast-schema-graph\">{\"@context\":\"https:\/\/schema.org\",\"@graph\":[{\"@type\":\"WebPage\",\"@id\":\"https:\/\/www.transtoyou.com\/pt\/product\/tadalafil\/\",\"url\":\"https:\/\/www.transtoyou.com\/pt\/product\/tadalafil\/\",\"name\":\"Tadalafil | Solu\u00e7\u00e3o Duradoura para Disfun\u00e7\u00e3o Er\u00e9til - Transtoyou\",\"isPartOf\":{\"@id\":\"https:\/\/www.transtoyou.com\/pt\/#website\"},\"primaryImageOfPage\":{\"@id\":\"https:\/\/www.transtoyou.com\/pt\/product\/tadalafil\/#primaryimage\"},\"image\":{\"@id\":\"https:\/\/www.transtoyou.com\/pt\/product\/tadalafil\/#primaryimage\"},\"thumbnailUrl\":\"https:\/\/www.transtoyou.com\/pt\/wp-content\/uploads\/sites\/12\/2026\/01\/tty-no-product-image-89.webp\",\"datePublished\":\"2026-01-24T07:12:05+00:00\",\"dateModified\":\"2026-03-05T15:33:51+00:00\",\"description\":\"Tadalafil, um tratamento eficaz para disfun\u00e7\u00e3o er\u00e9til, melhora o fluxo sangu\u00edneo por at\u00e9 36 horas. Descubra mais sobre intimidade e flexibilidade.\",\"breadcrumb\":{\"@id\":\"https:\/\/www.transtoyou.com\/pt\/product\/tadalafil\/#breadcrumb\"},\"inLanguage\":\"pt-PT\",\"potentialAction\":[{\"@type\":\"ReadAction\",\"target\":[\"https:\/\/www.transtoyou.com\/pt\/product\/tadalafil\/\"]}]},{\"@type\":\"ImageObject\",\"inLanguage\":\"pt-PT\",\"@id\":\"https:\/\/www.transtoyou.com\/pt\/product\/tadalafil\/#primaryimage\",\"url\":\"https:\/\/www.transtoyou.com\/pt\/wp-content\/uploads\/sites\/12\/2026\/01\/tty-no-product-image-89.webp\",\"contentUrl\":\"https:\/\/www.transtoyou.com\/pt\/wp-content\/uploads\/sites\/12\/2026\/01\/tty-no-product-image-89.webp\",\"width\":1000,\"height\":1000,\"caption\":\"Imagem padr\u00e3o do produto\"},{\"@type\":\"WebSite\",\"@id\":\"https:\/\/www.transtoyou.com\/pt\/#website\",\"url\":\"https:\/\/www.transtoyou.com\/pt\/\",\"name\":\"Transtoyou - PT\",\"description\":\"\",\"publisher\":{\"@id\":\"https:\/\/www.transtoyou.com\/pt\/#organization\"},\"potentialAction\":[{\"@type\":\"SearchAction\",\"target\":{\"@type\":\"EntryPoint\",\"urlTemplate\":\"https:\/\/www.transtoyou.com\/pt\/?s={search_term_string}\"},\"query-input\":{\"@type\":\"PropertyValueSpecification\",\"valueRequired\":true,\"valueName\":\"search_term_string\"}}],\"inLanguage\":\"pt-PT\"},{\"@type\":\"Organization\",\"@id\":\"https:\/\/www.transtoyou.com\/pt\/#organization\",\"name\":\"Transtoyou - PT\",\"url\":\"https:\/\/www.transtoyou.com\/pt\/\",\"logo\":{\"@type\":\"ImageObject\",\"inLanguage\":\"pt-PT\",\"@id\":\"https:\/\/www.transtoyou.com\/pt\/#\/schema\/logo\/image\/\",\"url\":\"https:\/\/www.transtoyou.com\/pt\/wp-content\/uploads\/sites\/12\/2026\/01\/logo-tty-menu-bar-300x87-1.webp\",\"contentUrl\":\"https:\/\/www.transtoyou.com\/pt\/wp-content\/uploads\/sites\/12\/2026\/01\/logo-tty-menu-bar-300x87-1.webp\",\"width\":300,\"height\":87,\"caption\":\"Transtoyou - PT\"},\"image\":{\"@id\":\"https:\/\/www.transtoyou.com\/pt\/#\/schema\/logo\/image\/\"}}]}<\/script>\n<!-- \/ Yoast SEO plugin. -->","yoast_head_json":{"title":"Tadalafil | Solu\u00e7\u00e3o Duradoura para Disfun\u00e7\u00e3o Er\u00e9til - Transtoyou","description":"Tadalafil, um tratamento eficaz para disfun\u00e7\u00e3o er\u00e9til, melhora o fluxo sangu\u00edneo por at\u00e9 36 horas. Descubra mais sobre intimidade e flexibilidade.","robots":{"index":"noindex","follow":"follow","max-snippet":"max-snippet:-1","max-image-preview":"max-image-preview:large","max-video-preview":"max-video-preview:-1"},"og_locale":"pt_PT","og_type":"article","og_title":"Tadalafil | Solu\u00e7\u00e3o Duradoura para Disfun\u00e7\u00e3o Er\u00e9til - Transtoyou","og_description":"Tadalafil, um tratamento eficaz para disfun\u00e7\u00e3o er\u00e9til, melhora o fluxo sangu\u00edneo por at\u00e9 36 horas. Descubra mais sobre intimidade e flexibilidade.","og_url":"https:\/\/www.transtoyou.com\/pt\/product\/tadalafil\/","og_site_name":"Transtoyou - PT","article_modified_time":"2026-03-05T15:33:51+00:00","twitter_card":"summary_large_image","twitter_misc":{"Tempo estimado de leitura":"1 minuto"},"schema":{"@context":"https:\/\/schema.org","@graph":[{"@type":"WebPage","@id":"https:\/\/www.transtoyou.com\/pt\/product\/tadalafil\/","url":"https:\/\/www.transtoyou.com\/pt\/product\/tadalafil\/","name":"Tadalafil | Solu\u00e7\u00e3o Duradoura para Disfun\u00e7\u00e3o Er\u00e9til - Transtoyou","isPartOf":{"@id":"https:\/\/www.transtoyou.com\/pt\/#website"},"primaryImageOfPage":{"@id":"https:\/\/www.transtoyou.com\/pt\/product\/tadalafil\/#primaryimage"},"image":{"@id":"https:\/\/www.transtoyou.com\/pt\/product\/tadalafil\/#primaryimage"},"thumbnailUrl":"https:\/\/www.transtoyou.com\/pt\/wp-content\/uploads\/sites\/12\/2026\/01\/tty-no-product-image-89.webp","datePublished":"2026-01-24T07:12:05+00:00","dateModified":"2026-03-05T15:33:51+00:00","description":"Tadalafil, um tratamento eficaz para disfun\u00e7\u00e3o er\u00e9til, melhora o fluxo sangu\u00edneo por at\u00e9 36 horas. Descubra mais sobre intimidade e flexibilidade.","breadcrumb":{"@id":"https:\/\/www.transtoyou.com\/pt\/product\/tadalafil\/#breadcrumb"},"inLanguage":"pt-PT","potentialAction":[{"@type":"ReadAction","target":["https:\/\/www.transtoyou.com\/pt\/product\/tadalafil\/"]}]},{"@type":"ImageObject","inLanguage":"pt-PT","@id":"https:\/\/www.transtoyou.com\/pt\/product\/tadalafil\/#primaryimage","url":"https:\/\/www.transtoyou.com\/pt\/wp-content\/uploads\/sites\/12\/2026\/01\/tty-no-product-image-89.webp","contentUrl":"https:\/\/www.transtoyou.com\/pt\/wp-content\/uploads\/sites\/12\/2026\/01\/tty-no-product-image-89.webp","width":1000,"height":1000,"caption":"Imagem padr\u00e3o do produto"},{"@type":"WebSite","@id":"https:\/\/www.transtoyou.com\/pt\/#website","url":"https:\/\/www.transtoyou.com\/pt\/","name":"Transtoyou - PT","description":"","publisher":{"@id":"https:\/\/www.transtoyou.com\/pt\/#organization"},"potentialAction":[{"@type":"SearchAction","target":{"@type":"EntryPoint","urlTemplate":"https:\/\/www.transtoyou.com\/pt\/?s={search_term_string}"},"query-input":{"@type":"PropertyValueSpecification","valueRequired":true,"valueName":"search_term_string"}}],"inLanguage":"pt-PT"},{"@type":"Organization","@id":"https:\/\/www.transtoyou.com\/pt\/#organization","name":"Transtoyou - PT","url":"https:\/\/www.transtoyou.com\/pt\/","logo":{"@type":"ImageObject","inLanguage":"pt-PT","@id":"https:\/\/www.transtoyou.com\/pt\/#\/schema\/logo\/image\/","url":"https:\/\/www.transtoyou.com\/pt\/wp-content\/uploads\/sites\/12\/2026\/01\/logo-tty-menu-bar-300x87-1.webp","contentUrl":"https:\/\/www.transtoyou.com\/pt\/wp-content\/uploads\/sites\/12\/2026\/01\/logo-tty-menu-bar-300x87-1.webp","width":300,"height":87,"caption":"Transtoyou - PT"},"image":{"@id":"https:\/\/www.transtoyou.com\/pt\/#\/schema\/logo\/image\/"}}]}},"_links":{"self":[{"href":"https:\/\/www.transtoyou.com\/pt\/wp-json\/wp\/v2\/product\/971","targetHints":{"allow":["GET"]}}],"collection":[{"href":"https:\/\/www.transtoyou.com\/pt\/wp-json\/wp\/v2\/product"}],"about":[{"href":"https:\/\/www.transtoyou.com\/pt\/wp-json\/wp\/v2\/types\/product"}],"replies":[{"embeddable":true,"href":"https:\/\/www.transtoyou.com\/pt\/wp-json\/wp\/v2\/comments?post=971"}],"wp:featuredmedia":[{"embeddable":true,"href":"https:\/\/www.transtoyou.com\/pt\/wp-json\/wp\/v2\/media\/973"}],"wp:attachment":[{"href":"https:\/\/www.transtoyou.com\/pt\/wp-json\/wp\/v2\/media?parent=971"}],"wp:term":[{"taxonomy":"product_brand","embeddable":true,"href":"https:\/\/www.transtoyou.com\/pt\/wp-json\/wp\/v2\/product_brand?post=971"},{"taxonomy":"product_cat","embeddable":true,"href":"https:\/\/www.transtoyou.com\/pt\/wp-json\/wp\/v2\/product_cat?post=971"},{"taxonomy":"product_tag","embeddable":true,"href":"https:\/\/www.transtoyou.com\/pt\/wp-json\/wp\/v2\/product_tag?post=971"},{"taxonomy":"expert","embeddable":true,"href":"https:\/\/www.transtoyou.com\/pt\/wp-json\/wp\/v2\/expert?post=971"}],"curies":[{"name":"wp","href":"https:\/\/api.w.org\/{rel}","templated":true}]}}