{"id":974,"date":"2026-01-24T07:27:42","date_gmt":"2026-01-24T07:27:42","guid":{"rendered":"https:\/\/www.transtoyou.com\/pt\/product\/vardenafil\/"},"modified":"2026-03-07T15:00:58","modified_gmt":"2026-03-07T13:00:58","slug":"vardenafil","status":"publish","type":"product","link":"https:\/\/www.transtoyou.com\/pt\/product\/vardenafil\/","title":{"rendered":"Vardenafil"},"content":{"rendered":"<p>Vardenafil \u00e9 um medicamento utilizado para tratar a disfun\u00e7\u00e3o er\u00e9til, ajudando os homens a recuperar a confian\u00e7a e a atividade sexual. Ele pertence \u00e0 classe de medicamentos conhecidos como inibidores da PDE5, que atuam aumentando o fluxo sangu\u00edneo para o p\u00eanis durante a estimula\u00e7\u00e3o sexual. Isso resulta em uma ere\u00e7\u00e3o mais forte e confi\u00e1vel, facilitando o envolvimento e a manuten\u00e7\u00e3o da intimidade.<\/p>\n<p>Vardenafil funciona relaxando os m\u00fasculos lisos nos vasos sangu\u00edneos do p\u00eanis. Quando um homem est\u00e1 sexualmente excitado, esse relaxamento permite que mais sangue entre no tecido er\u00e9til, levando a uma ere\u00e7\u00e3o com sensa\u00e7\u00e3o natural. O medicamento n\u00e3o produz uma ere\u00e7\u00e3o por conta pr\u00f3pria, portanto, a estimula\u00e7\u00e3o sexual ainda \u00e9 necess\u00e1ria para que ele fa\u00e7a efeito.<\/p>\n<p>Este medicamento \u00e9 geralmente tomado na forma de um comprimido, cerca de 25 a 60 minutos antes da atividade sexual. Seus efeitos podem durar cerca de quatro a cinco horas, oferecendo uma janela de tempo confort\u00e1vel para a intimidade espont\u00e2nea. Em alguns casos, os homens podem perceber que ele come\u00e7a a agir em apenas 15 minutos, embora isso varie de pessoa para pessoa. Vardenafil \u00e9 frequentemente prescrito na dose inicial de 10 mg, que pode ser ajustada com base na resposta e na toler\u00e2ncia.<\/p>\n<p>Vardenafil pode ser tomado com ou sem alimentos, embora uma refei\u00e7\u00e3o pesada ou rica em gordura possa atrasar ligeiramente seu in\u00edcio de a\u00e7\u00e3o. Os efeitos colaterais comuns incluem dor de cabe\u00e7a leve, rubor, congest\u00e3o nasal ou indigest\u00e3o. Esses efeitos tendem a ser tempor\u00e1rios e desaparecem \u00e0 medida que o medicamento se dissipa. N\u00e3o deve ser usado com medicamentos nitratos ou outras subst\u00e2ncias que diminuem a press\u00e3o arterial.<\/p>\n","protected":false},"excerpt":{"rendered":"<ul>\n<li>Solu\u00e7\u00e3o de a\u00e7\u00e3o r\u00e1pida para disfun\u00e7\u00e3o er\u00e9til<\/li>\n<li>Melhora o fluxo sangu\u00edneo para uma resposta er\u00e9til natural<\/li>\n<li>Ajuda a restaurar a confian\u00e7a e a intimidade<\/li>\n<\/ul>\n","protected":false},"featured_media":976,"comment_status":"open","ping_status":"closed","template":"","meta":[],"product_brand":[],"product_cat":[95],"product_tag":[],"expert":[16],"class_list":{"0":"post-974","1":"product","2":"type-product","3":"status-publish","4":"has-post-thumbnail","6":"product_cat-tratamentos-para-disfuncao-eretil","7":"expert-dr-c-alexandru","9":"first","10":"instock","11":"shipping-taxable","12":"product-type-variable"},"yoast_head":"<!-- This site is optimized with the Yoast SEO plugin v27.0 - https:\/\/yoast.com\/product\/yoast-seo-wordpress\/ -->\n<title>Vardenafil | Melhora o Desempenho e a Confian\u00e7a - Transtoyou<\/title>\n<meta name=\"description\" content=\"Vardenafil, dispon\u00edvel na Transtoyou, melhora a intimidade aumentando o fluxo sangu\u00edneo para ere\u00e7\u00f5es mais fortes. Compre agora para um suporte eficaz.\" \/>\n<meta name=\"robots\" content=\"noindex, follow, max-snippet:-1, max-image-preview:large, max-video-preview:-1\" \/>\n<meta property=\"og:locale\" content=\"pt_PT\" \/>\n<meta property=\"og:type\" content=\"article\" \/>\n<meta property=\"og:title\" content=\"Vardenafil | Melhora o Desempenho e a Confian\u00e7a - Transtoyou\" \/>\n<meta property=\"og:description\" content=\"Vardenafil, dispon\u00edvel na Transtoyou, melhora a intimidade aumentando o fluxo sangu\u00edneo para ere\u00e7\u00f5es mais fortes. Compre agora para um suporte eficaz.\" \/>\n<meta property=\"og:url\" content=\"https:\/\/www.transtoyou.com\/pt\/product\/vardenafil\/\" \/>\n<meta property=\"og:site_name\" content=\"Transtoyou - PT\" \/>\n<meta property=\"article:modified_time\" content=\"2026-03-07T13:00:58+00:00\" \/>\n<meta name=\"twitter:card\" content=\"summary_large_image\" \/>\n<meta name=\"twitter:label1\" content=\"Tempo estimado de leitura\" \/>\n\t<meta name=\"twitter:data1\" content=\"1 minuto\" \/>\n<script type=\"application\/ld+json\" class=\"yoast-schema-graph\">{\"@context\":\"https:\/\/schema.org\",\"@graph\":[{\"@type\":\"WebPage\",\"@id\":\"https:\/\/www.transtoyou.com\/pt\/product\/vardenafil\/\",\"url\":\"https:\/\/www.transtoyou.com\/pt\/product\/vardenafil\/\",\"name\":\"Vardenafil | Melhora o Desempenho e a Confian\u00e7a - Transtoyou\",\"isPartOf\":{\"@id\":\"https:\/\/www.transtoyou.com\/pt\/#website\"},\"primaryImageOfPage\":{\"@id\":\"https:\/\/www.transtoyou.com\/pt\/product\/vardenafil\/#primaryimage\"},\"image\":{\"@id\":\"https:\/\/www.transtoyou.com\/pt\/product\/vardenafil\/#primaryimage\"},\"thumbnailUrl\":\"https:\/\/www.transtoyou.com\/pt\/wp-content\/uploads\/sites\/12\/2026\/01\/tty-no-product-image-90.webp\",\"datePublished\":\"2026-01-24T07:27:42+00:00\",\"dateModified\":\"2026-03-07T13:00:58+00:00\",\"description\":\"Vardenafil, dispon\u00edvel na Transtoyou, melhora a intimidade aumentando o fluxo sangu\u00edneo para ere\u00e7\u00f5es mais fortes. Compre agora para um suporte eficaz.\",\"breadcrumb\":{\"@id\":\"https:\/\/www.transtoyou.com\/pt\/product\/vardenafil\/#breadcrumb\"},\"inLanguage\":\"pt-PT\",\"potentialAction\":[{\"@type\":\"ReadAction\",\"target\":[\"https:\/\/www.transtoyou.com\/pt\/product\/vardenafil\/\"]}]},{\"@type\":\"ImageObject\",\"inLanguage\":\"pt-PT\",\"@id\":\"https:\/\/www.transtoyou.com\/pt\/product\/vardenafil\/#primaryimage\",\"url\":\"https:\/\/www.transtoyou.com\/pt\/wp-content\/uploads\/sites\/12\/2026\/01\/tty-no-product-image-90.webp\",\"contentUrl\":\"https:\/\/www.transtoyou.com\/pt\/wp-content\/uploads\/sites\/12\/2026\/01\/tty-no-product-image-90.webp\",\"width\":1000,\"height\":1000,\"caption\":\"Imagem padr\u00e3o do produto\"},{\"@type\":\"WebSite\",\"@id\":\"https:\/\/www.transtoyou.com\/pt\/#website\",\"url\":\"https:\/\/www.transtoyou.com\/pt\/\",\"name\":\"Transtoyou - PT\",\"description\":\"\",\"publisher\":{\"@id\":\"https:\/\/www.transtoyou.com\/pt\/#organization\"},\"potentialAction\":[{\"@type\":\"SearchAction\",\"target\":{\"@type\":\"EntryPoint\",\"urlTemplate\":\"https:\/\/www.transtoyou.com\/pt\/?s={search_term_string}\"},\"query-input\":{\"@type\":\"PropertyValueSpecification\",\"valueRequired\":true,\"valueName\":\"search_term_string\"}}],\"inLanguage\":\"pt-PT\"},{\"@type\":\"Organization\",\"@id\":\"https:\/\/www.transtoyou.com\/pt\/#organization\",\"name\":\"Transtoyou - PT\",\"url\":\"https:\/\/www.transtoyou.com\/pt\/\",\"logo\":{\"@type\":\"ImageObject\",\"inLanguage\":\"pt-PT\",\"@id\":\"https:\/\/www.transtoyou.com\/pt\/#\/schema\/logo\/image\/\",\"url\":\"https:\/\/www.transtoyou.com\/pt\/wp-content\/uploads\/sites\/12\/2026\/01\/logo-tty-menu-bar-300x87-1.webp\",\"contentUrl\":\"https:\/\/www.transtoyou.com\/pt\/wp-content\/uploads\/sites\/12\/2026\/01\/logo-tty-menu-bar-300x87-1.webp\",\"width\":300,\"height\":87,\"caption\":\"Transtoyou - PT\"},\"image\":{\"@id\":\"https:\/\/www.transtoyou.com\/pt\/#\/schema\/logo\/image\/\"}}]}<\/script>\n<!-- \/ Yoast SEO plugin. -->","yoast_head_json":{"title":"Vardenafil | Melhora o Desempenho e a Confian\u00e7a - Transtoyou","description":"Vardenafil, dispon\u00edvel na Transtoyou, melhora a intimidade aumentando o fluxo sangu\u00edneo para ere\u00e7\u00f5es mais fortes. Compre agora para um suporte eficaz.","robots":{"index":"noindex","follow":"follow","max-snippet":"max-snippet:-1","max-image-preview":"max-image-preview:large","max-video-preview":"max-video-preview:-1"},"og_locale":"pt_PT","og_type":"article","og_title":"Vardenafil | Melhora o Desempenho e a Confian\u00e7a - Transtoyou","og_description":"Vardenafil, dispon\u00edvel na Transtoyou, melhora a intimidade aumentando o fluxo sangu\u00edneo para ere\u00e7\u00f5es mais fortes. Compre agora para um suporte eficaz.","og_url":"https:\/\/www.transtoyou.com\/pt\/product\/vardenafil\/","og_site_name":"Transtoyou - PT","article_modified_time":"2026-03-07T13:00:58+00:00","twitter_card":"summary_large_image","twitter_misc":{"Tempo estimado de leitura":"1 minuto"},"schema":{"@context":"https:\/\/schema.org","@graph":[{"@type":"WebPage","@id":"https:\/\/www.transtoyou.com\/pt\/product\/vardenafil\/","url":"https:\/\/www.transtoyou.com\/pt\/product\/vardenafil\/","name":"Vardenafil | Melhora o Desempenho e a Confian\u00e7a - Transtoyou","isPartOf":{"@id":"https:\/\/www.transtoyou.com\/pt\/#website"},"primaryImageOfPage":{"@id":"https:\/\/www.transtoyou.com\/pt\/product\/vardenafil\/#primaryimage"},"image":{"@id":"https:\/\/www.transtoyou.com\/pt\/product\/vardenafil\/#primaryimage"},"thumbnailUrl":"https:\/\/www.transtoyou.com\/pt\/wp-content\/uploads\/sites\/12\/2026\/01\/tty-no-product-image-90.webp","datePublished":"2026-01-24T07:27:42+00:00","dateModified":"2026-03-07T13:00:58+00:00","description":"Vardenafil, dispon\u00edvel na Transtoyou, melhora a intimidade aumentando o fluxo sangu\u00edneo para ere\u00e7\u00f5es mais fortes. Compre agora para um suporte eficaz.","breadcrumb":{"@id":"https:\/\/www.transtoyou.com\/pt\/product\/vardenafil\/#breadcrumb"},"inLanguage":"pt-PT","potentialAction":[{"@type":"ReadAction","target":["https:\/\/www.transtoyou.com\/pt\/product\/vardenafil\/"]}]},{"@type":"ImageObject","inLanguage":"pt-PT","@id":"https:\/\/www.transtoyou.com\/pt\/product\/vardenafil\/#primaryimage","url":"https:\/\/www.transtoyou.com\/pt\/wp-content\/uploads\/sites\/12\/2026\/01\/tty-no-product-image-90.webp","contentUrl":"https:\/\/www.transtoyou.com\/pt\/wp-content\/uploads\/sites\/12\/2026\/01\/tty-no-product-image-90.webp","width":1000,"height":1000,"caption":"Imagem padr\u00e3o do produto"},{"@type":"WebSite","@id":"https:\/\/www.transtoyou.com\/pt\/#website","url":"https:\/\/www.transtoyou.com\/pt\/","name":"Transtoyou - PT","description":"","publisher":{"@id":"https:\/\/www.transtoyou.com\/pt\/#organization"},"potentialAction":[{"@type":"SearchAction","target":{"@type":"EntryPoint","urlTemplate":"https:\/\/www.transtoyou.com\/pt\/?s={search_term_string}"},"query-input":{"@type":"PropertyValueSpecification","valueRequired":true,"valueName":"search_term_string"}}],"inLanguage":"pt-PT"},{"@type":"Organization","@id":"https:\/\/www.transtoyou.com\/pt\/#organization","name":"Transtoyou - PT","url":"https:\/\/www.transtoyou.com\/pt\/","logo":{"@type":"ImageObject","inLanguage":"pt-PT","@id":"https:\/\/www.transtoyou.com\/pt\/#\/schema\/logo\/image\/","url":"https:\/\/www.transtoyou.com\/pt\/wp-content\/uploads\/sites\/12\/2026\/01\/logo-tty-menu-bar-300x87-1.webp","contentUrl":"https:\/\/www.transtoyou.com\/pt\/wp-content\/uploads\/sites\/12\/2026\/01\/logo-tty-menu-bar-300x87-1.webp","width":300,"height":87,"caption":"Transtoyou - PT"},"image":{"@id":"https:\/\/www.transtoyou.com\/pt\/#\/schema\/logo\/image\/"}}]}},"_links":{"self":[{"href":"https:\/\/www.transtoyou.com\/pt\/wp-json\/wp\/v2\/product\/974","targetHints":{"allow":["GET"]}}],"collection":[{"href":"https:\/\/www.transtoyou.com\/pt\/wp-json\/wp\/v2\/product"}],"about":[{"href":"https:\/\/www.transtoyou.com\/pt\/wp-json\/wp\/v2\/types\/product"}],"replies":[{"embeddable":true,"href":"https:\/\/www.transtoyou.com\/pt\/wp-json\/wp\/v2\/comments?post=974"}],"wp:featuredmedia":[{"embeddable":true,"href":"https:\/\/www.transtoyou.com\/pt\/wp-json\/wp\/v2\/media\/976"}],"wp:attachment":[{"href":"https:\/\/www.transtoyou.com\/pt\/wp-json\/wp\/v2\/media?parent=974"}],"wp:term":[{"taxonomy":"product_brand","embeddable":true,"href":"https:\/\/www.transtoyou.com\/pt\/wp-json\/wp\/v2\/product_brand?post=974"},{"taxonomy":"product_cat","embeddable":true,"href":"https:\/\/www.transtoyou.com\/pt\/wp-json\/wp\/v2\/product_cat?post=974"},{"taxonomy":"product_tag","embeddable":true,"href":"https:\/\/www.transtoyou.com\/pt\/wp-json\/wp\/v2\/product_tag?post=974"},{"taxonomy":"expert","embeddable":true,"href":"https:\/\/www.transtoyou.com\/pt\/wp-json\/wp\/v2\/expert?post=974"}],"curies":[{"name":"wp","href":"https:\/\/api.w.org\/{rel}","templated":true}]}}