{"id":977,"date":"2026-01-24T07:43:10","date_gmt":"2026-01-24T07:43:10","guid":{"rendered":"https:\/\/www.transtoyou.com\/pt\/product\/viagra-connect\/"},"modified":"2026-01-24T07:43:59","modified_gmt":"2026-01-24T07:43:59","slug":"viagra-conectar","status":"publish","type":"product","link":"https:\/\/www.transtoyou.com\/pt\/product\/viagra-conectar\/","title":{"rendered":"Viagra Connect"},"content":{"rendered":"<p>Viagra Connect \u00e9 um medicamento de venda livre utilizado para o tratamento da disfun\u00e7\u00e3o er\u00e9til (DE) em homens adultos. Cont\u00e9m citrato de sildenafil 50 mg, que pertence a uma classe de medicamentos conhecidos como inibidores da fosfodiesterase tipo 5 (PDE5).<\/p>\n<p>O medicamento atua aumentando o fluxo sangu\u00edneo para o p\u00eanis durante a excita\u00e7\u00e3o sexual. Isso acontece inibindo a enzima PDE5, que decomp\u00f5e o monofosfato c\u00edclico de guanosina (cGMP). Esta \u00e9 uma subst\u00e2ncia qu\u00edmica respons\u00e1vel por relaxar o m\u00fasculo liso e permitir um aumento do fluxo sangu\u00edneo no tecido er\u00e9til. Com a estimula\u00e7\u00e3o sexual, esse processo ajuda a alcan\u00e7ar e manter uma ere\u00e7\u00e3o.<\/p>\n<p>Viagra Connect \u00e9 indicado para o tratamento da disfun\u00e7\u00e3o er\u00e9til, uma condi\u00e7\u00e3o em que um homem tem dificuldade em alcan\u00e7ar ou manter uma ere\u00e7\u00e3o adequada para a atividade sexual. N\u00e3o \u00e9 destinado ao uso por indiv\u00edduos sem DE ou como um potencializador recreativo.<\/p>\n<p>Os efeitos geralmente come\u00e7am dentro de 30 a 60 minutos ap\u00f3s a ingest\u00e3o do comprimido, e os benef\u00edcios podem durar at\u00e9 4 horas, dependendo da resposta individual e de fatores externos, como a ingest\u00e3o de alimentos.<\/p>\n<p>Os benef\u00edcios do Viagra Connect incluem in\u00edcio r\u00e1pido, facilidade de acesso sem receita e um perfil de seguran\u00e7a bem estabelecido. Oferece uma solu\u00e7\u00e3o confi\u00e1vel e conveniente para homens com DE leve a moderada, especialmente quando utilizado sob orienta\u00e7\u00e3o m\u00e9dica apropriada.<\/p>\n<p>Por favor, note que, embora o medicamento n\u00e3o cause uma ere\u00e7\u00e3o por si s\u00f3, ele apoia as respostas fisiol\u00f3gicas naturais \u00e0 excita\u00e7\u00e3o sexual.<\/p>\n","protected":false},"excerpt":{"rendered":"<ul>\n<li>Tratamento de disfun\u00e7\u00e3o er\u00e9til de a\u00e7\u00e3o r\u00e1pida<\/li>\n<li>Eficaz por at\u00e9 4 horas<\/li>\n<li>Dispon\u00edvel sem receita<\/li>\n<\/ul>\n","protected":false},"featured_media":979,"comment_status":"open","ping_status":"closed","template":"","meta":[],"product_brand":[],"product_cat":[95],"product_tag":[],"expert":[19],"class_list":{"0":"post-977","1":"product","2":"type-product","3":"status-publish","4":"has-post-thumbnail","6":"product_cat-tratamentos-para-disfuncao-eretil","7":"expert-dr-j-vazquez","9":"first","10":"instock","11":"shipping-taxable","12":"product-type-variable"},"yoast_head":"<!-- This site is optimized with the Yoast SEO plugin v27.0 - https:\/\/yoast.com\/product\/yoast-seo-wordpress\/ -->\n<title>Viagra Connect | Aumente o Fluxo Sangu\u00edneo Naturalmente - Transtoyou<\/title>\n<meta name=\"description\" content=\"Viagra Connect, dispon\u00edvel aqui, ajuda a tratar a disfun\u00e7\u00e3o er\u00e9til melhorando o fluxo sangu\u00edneo. Compre agora para al\u00edvio eficaz de ED.\" \/>\n<meta name=\"robots\" content=\"noindex, follow, max-snippet:-1, max-image-preview:large, max-video-preview:-1\" \/>\n<meta property=\"og:locale\" content=\"pt_PT\" \/>\n<meta property=\"og:type\" content=\"article\" \/>\n<meta property=\"og:title\" content=\"Viagra Connect | Aumente o Fluxo Sangu\u00edneo Naturalmente - Transtoyou\" \/>\n<meta property=\"og:description\" content=\"Viagra Connect, dispon\u00edvel aqui, ajuda a tratar a disfun\u00e7\u00e3o er\u00e9til melhorando o fluxo sangu\u00edneo. Compre agora para al\u00edvio eficaz de ED.\" \/>\n<meta property=\"og:url\" content=\"https:\/\/www.transtoyou.com\/pt\/product\/viagra-connect\/\" \/>\n<meta property=\"og:site_name\" content=\"Transtoyou - PT\" \/>\n<meta property=\"article:modified_time\" content=\"2026-01-24T07:43:59+00:00\" \/>\n<meta name=\"twitter:card\" content=\"summary_large_image\" \/>\n<meta name=\"twitter:label1\" content=\"Tempo estimado de leitura\" \/>\n\t<meta name=\"twitter:data1\" content=\"1 minuto\" \/>\n<script type=\"application\/ld+json\" class=\"yoast-schema-graph\">{\"@context\":\"https:\/\/schema.org\",\"@graph\":[{\"@type\":\"WebPage\",\"@id\":\"https:\/\/www.transtoyou.com\/pt\/product\/viagra-connect\/\",\"url\":\"https:\/\/www.transtoyou.com\/pt\/product\/viagra-connect\/\",\"name\":\"Viagra Connect | Aumente o Fluxo Sangu\u00edneo Naturalmente - Transtoyou\",\"isPartOf\":{\"@id\":\"https:\/\/www.transtoyou.com\/pt\/#website\"},\"primaryImageOfPage\":{\"@id\":\"https:\/\/www.transtoyou.com\/pt\/product\/viagra-connect\/#primaryimage\"},\"image\":{\"@id\":\"https:\/\/www.transtoyou.com\/pt\/product\/viagra-connect\/#primaryimage\"},\"thumbnailUrl\":\"https:\/\/www.transtoyou.com\/pt\/wp-content\/uploads\/sites\/12\/2026\/01\/tty-no-product-image-91.webp\",\"datePublished\":\"2026-01-24T07:43:10+00:00\",\"dateModified\":\"2026-01-24T07:43:59+00:00\",\"description\":\"Viagra Connect, dispon\u00edvel aqui, ajuda a tratar a disfun\u00e7\u00e3o er\u00e9til melhorando o fluxo sangu\u00edneo. Compre agora para al\u00edvio eficaz de ED.\",\"breadcrumb\":{\"@id\":\"https:\/\/www.transtoyou.com\/pt\/product\/viagra-connect\/#breadcrumb\"},\"inLanguage\":\"pt-PT\",\"potentialAction\":[{\"@type\":\"ReadAction\",\"target\":[\"https:\/\/www.transtoyou.com\/pt\/product\/viagra-connect\/\"]}]},{\"@type\":\"ImageObject\",\"inLanguage\":\"pt-PT\",\"@id\":\"https:\/\/www.transtoyou.com\/pt\/product\/viagra-connect\/#primaryimage\",\"url\":\"https:\/\/www.transtoyou.com\/pt\/wp-content\/uploads\/sites\/12\/2026\/01\/tty-no-product-image-91.webp\",\"contentUrl\":\"https:\/\/www.transtoyou.com\/pt\/wp-content\/uploads\/sites\/12\/2026\/01\/tty-no-product-image-91.webp\",\"width\":1000,\"height\":1000,\"caption\":\"Imagem padr\u00e3o do produto\"},{\"@type\":\"WebSite\",\"@id\":\"https:\/\/www.transtoyou.com\/pt\/#website\",\"url\":\"https:\/\/www.transtoyou.com\/pt\/\",\"name\":\"Transtoyou - PT\",\"description\":\"\",\"publisher\":{\"@id\":\"https:\/\/www.transtoyou.com\/pt\/#organization\"},\"potentialAction\":[{\"@type\":\"SearchAction\",\"target\":{\"@type\":\"EntryPoint\",\"urlTemplate\":\"https:\/\/www.transtoyou.com\/pt\/?s={search_term_string}\"},\"query-input\":{\"@type\":\"PropertyValueSpecification\",\"valueRequired\":true,\"valueName\":\"search_term_string\"}}],\"inLanguage\":\"pt-PT\"},{\"@type\":\"Organization\",\"@id\":\"https:\/\/www.transtoyou.com\/pt\/#organization\",\"name\":\"Transtoyou - PT\",\"url\":\"https:\/\/www.transtoyou.com\/pt\/\",\"logo\":{\"@type\":\"ImageObject\",\"inLanguage\":\"pt-PT\",\"@id\":\"https:\/\/www.transtoyou.com\/pt\/#\/schema\/logo\/image\/\",\"url\":\"https:\/\/www.transtoyou.com\/pt\/wp-content\/uploads\/sites\/12\/2026\/01\/logo-tty-menu-bar-300x87-1.webp\",\"contentUrl\":\"https:\/\/www.transtoyou.com\/pt\/wp-content\/uploads\/sites\/12\/2026\/01\/logo-tty-menu-bar-300x87-1.webp\",\"width\":300,\"height\":87,\"caption\":\"Transtoyou - PT\"},\"image\":{\"@id\":\"https:\/\/www.transtoyou.com\/pt\/#\/schema\/logo\/image\/\"}}]}<\/script>\n<!-- \/ Yoast SEO plugin. -->","yoast_head_json":{"title":"Viagra Connect | Aumente o Fluxo Sangu\u00edneo Naturalmente - Transtoyou","description":"Viagra Connect, dispon\u00edvel aqui, ajuda a tratar a disfun\u00e7\u00e3o er\u00e9til melhorando o fluxo sangu\u00edneo. Compre agora para al\u00edvio eficaz de ED.","robots":{"index":"noindex","follow":"follow","max-snippet":"max-snippet:-1","max-image-preview":"max-image-preview:large","max-video-preview":"max-video-preview:-1"},"og_locale":"pt_PT","og_type":"article","og_title":"Viagra Connect | Aumente o Fluxo Sangu\u00edneo Naturalmente - Transtoyou","og_description":"Viagra Connect, dispon\u00edvel aqui, ajuda a tratar a disfun\u00e7\u00e3o er\u00e9til melhorando o fluxo sangu\u00edneo. Compre agora para al\u00edvio eficaz de ED.","og_url":"https:\/\/www.transtoyou.com\/pt\/product\/viagra-connect\/","og_site_name":"Transtoyou - PT","article_modified_time":"2026-01-24T07:43:59+00:00","twitter_card":"summary_large_image","twitter_misc":{"Tempo estimado de leitura":"1 minuto"},"schema":{"@context":"https:\/\/schema.org","@graph":[{"@type":"WebPage","@id":"https:\/\/www.transtoyou.com\/pt\/product\/viagra-connect\/","url":"https:\/\/www.transtoyou.com\/pt\/product\/viagra-connect\/","name":"Viagra Connect | Aumente o Fluxo Sangu\u00edneo Naturalmente - Transtoyou","isPartOf":{"@id":"https:\/\/www.transtoyou.com\/pt\/#website"},"primaryImageOfPage":{"@id":"https:\/\/www.transtoyou.com\/pt\/product\/viagra-connect\/#primaryimage"},"image":{"@id":"https:\/\/www.transtoyou.com\/pt\/product\/viagra-connect\/#primaryimage"},"thumbnailUrl":"https:\/\/www.transtoyou.com\/pt\/wp-content\/uploads\/sites\/12\/2026\/01\/tty-no-product-image-91.webp","datePublished":"2026-01-24T07:43:10+00:00","dateModified":"2026-01-24T07:43:59+00:00","description":"Viagra Connect, dispon\u00edvel aqui, ajuda a tratar a disfun\u00e7\u00e3o er\u00e9til melhorando o fluxo sangu\u00edneo. Compre agora para al\u00edvio eficaz de ED.","breadcrumb":{"@id":"https:\/\/www.transtoyou.com\/pt\/product\/viagra-connect\/#breadcrumb"},"inLanguage":"pt-PT","potentialAction":[{"@type":"ReadAction","target":["https:\/\/www.transtoyou.com\/pt\/product\/viagra-connect\/"]}]},{"@type":"ImageObject","inLanguage":"pt-PT","@id":"https:\/\/www.transtoyou.com\/pt\/product\/viagra-connect\/#primaryimage","url":"https:\/\/www.transtoyou.com\/pt\/wp-content\/uploads\/sites\/12\/2026\/01\/tty-no-product-image-91.webp","contentUrl":"https:\/\/www.transtoyou.com\/pt\/wp-content\/uploads\/sites\/12\/2026\/01\/tty-no-product-image-91.webp","width":1000,"height":1000,"caption":"Imagem padr\u00e3o do produto"},{"@type":"WebSite","@id":"https:\/\/www.transtoyou.com\/pt\/#website","url":"https:\/\/www.transtoyou.com\/pt\/","name":"Transtoyou - PT","description":"","publisher":{"@id":"https:\/\/www.transtoyou.com\/pt\/#organization"},"potentialAction":[{"@type":"SearchAction","target":{"@type":"EntryPoint","urlTemplate":"https:\/\/www.transtoyou.com\/pt\/?s={search_term_string}"},"query-input":{"@type":"PropertyValueSpecification","valueRequired":true,"valueName":"search_term_string"}}],"inLanguage":"pt-PT"},{"@type":"Organization","@id":"https:\/\/www.transtoyou.com\/pt\/#organization","name":"Transtoyou - PT","url":"https:\/\/www.transtoyou.com\/pt\/","logo":{"@type":"ImageObject","inLanguage":"pt-PT","@id":"https:\/\/www.transtoyou.com\/pt\/#\/schema\/logo\/image\/","url":"https:\/\/www.transtoyou.com\/pt\/wp-content\/uploads\/sites\/12\/2026\/01\/logo-tty-menu-bar-300x87-1.webp","contentUrl":"https:\/\/www.transtoyou.com\/pt\/wp-content\/uploads\/sites\/12\/2026\/01\/logo-tty-menu-bar-300x87-1.webp","width":300,"height":87,"caption":"Transtoyou - PT"},"image":{"@id":"https:\/\/www.transtoyou.com\/pt\/#\/schema\/logo\/image\/"}}]}},"_links":{"self":[{"href":"https:\/\/www.transtoyou.com\/pt\/wp-json\/wp\/v2\/product\/977","targetHints":{"allow":["GET"]}}],"collection":[{"href":"https:\/\/www.transtoyou.com\/pt\/wp-json\/wp\/v2\/product"}],"about":[{"href":"https:\/\/www.transtoyou.com\/pt\/wp-json\/wp\/v2\/types\/product"}],"replies":[{"embeddable":true,"href":"https:\/\/www.transtoyou.com\/pt\/wp-json\/wp\/v2\/comments?post=977"}],"wp:featuredmedia":[{"embeddable":true,"href":"https:\/\/www.transtoyou.com\/pt\/wp-json\/wp\/v2\/media\/979"}],"wp:attachment":[{"href":"https:\/\/www.transtoyou.com\/pt\/wp-json\/wp\/v2\/media?parent=977"}],"wp:term":[{"taxonomy":"product_brand","embeddable":true,"href":"https:\/\/www.transtoyou.com\/pt\/wp-json\/wp\/v2\/product_brand?post=977"},{"taxonomy":"product_cat","embeddable":true,"href":"https:\/\/www.transtoyou.com\/pt\/wp-json\/wp\/v2\/product_cat?post=977"},{"taxonomy":"product_tag","embeddable":true,"href":"https:\/\/www.transtoyou.com\/pt\/wp-json\/wp\/v2\/product_tag?post=977"},{"taxonomy":"expert","embeddable":true,"href":"https:\/\/www.transtoyou.com\/pt\/wp-json\/wp\/v2\/expert?post=977"}],"curies":[{"name":"wp","href":"https:\/\/api.w.org\/{rel}","templated":true}]}}