{"id":993,"date":"2026-01-24T09:12:19","date_gmt":"2026-01-24T09:12:19","guid":{"rendered":"https:\/\/www.transtoyou.com\/pt\/product\/cialis\/"},"modified":"2026-02-13T13:17:23","modified_gmt":"2026-02-13T11:17:23","slug":"cialis","status":"publish","type":"product","link":"https:\/\/www.transtoyou.com\/pt\/product\/cialis\/","title":{"rendered":"Cialis"},"content":{"rendered":"<p>Cialis \u00e9 um medicamento para o tratamento da disfun\u00e7\u00e3o er\u00e9til (DE). Seu ingrediente ativo, tadalafil, atua melhorando o fluxo sangu\u00edneo para o p\u00eanis, ajudando os homens a alcan\u00e7ar e manter uma ere\u00e7\u00e3o quando estimulados sexualmente. O que diferencia o Cialis de outros tratamentos para DE \u00e9 sua flexibilidade; ele pode ser tomado conforme necess\u00e1rio antes da atividade sexual ou como um comprimido di\u00e1rio de baixa dose, dependendo do estilo de vida e das prefer\u00eancias do usu\u00e1rio.<\/p>\n<p>Para homens que preferem espontaneidade, o Cialis est\u00e1 dispon\u00edvel em uma dose padr\u00e3o, de 10 a 20 mg, que pode ser tomada sob demanda, cerca de 30 minutos antes da intimidade. Seus efeitos podem durar at\u00e9 36 horas, o que proporciona uma generosa janela de tempo para atividades sexuais naturais e sem press\u00e3o.<\/p>\n<p>Essa dura\u00e7\u00e3o mais longa \u00e9 frequentemente apreciada por casais que valorizam a intimidade sem um cronograma r\u00edgido. Alternativamente, o Cialis tamb\u00e9m \u00e9 prescrito como um comprimido di\u00e1rio, tomado em uma dose mais baixa (2,5 &#8211; 5 mg) todos os dias, independentemente de quando a atividade sexual est\u00e1 planejada. Essa op\u00e7\u00e3o oferece suporte cont\u00ednuo e elimina a necessidade de cronometrar a medica\u00e7\u00e3o.<\/p>\n<p>\u00c9 particularmente \u00fatil para homens que t\u00eam atividade sexual regular ou preferem estar prontos a qualquer momento, sem planejamento pr\u00e9vio. O Cialis \u00e9 tomado por via oral e pode ser usado com ou sem alimentos. Ele come\u00e7a a agir em 30 a 60 minutos para a maioria dos usu\u00e1rios.<\/p>\n<p>Os poss\u00edveis efeitos colaterais incluem dor de cabe\u00e7a, indigest\u00e3o, dores musculares ou rubor facial, embora a maioria seja leve e tempor\u00e1ria. O Cialis n\u00e3o deve ser combinado com nitratos ou certos medicamentos para press\u00e3o arterial.<\/p>\n","protected":false},"excerpt":{"rendered":"<ul>\n<li>Efeitos duradouros de at\u00e9 36 horas<\/li>\n<li>Trata disfun\u00e7\u00e3o er\u00e9til e HBP<\/li>\n<li>De a\u00e7\u00e3o r\u00e1pida, funciona em 30 minutos<\/li>\n<\/ul>\n","protected":false},"featured_media":995,"comment_status":"open","ping_status":"closed","template":"","meta":[],"product_brand":[],"product_cat":[95],"product_tag":[],"expert":[18],"class_list":{"0":"post-993","1":"product","2":"type-product","3":"status-publish","4":"has-post-thumbnail","6":"product_cat-tratamentos-para-disfuncao-eretil","7":"expert-dr-g-varbanov","9":"first","10":"instock","11":"shipping-taxable","12":"product-type-variable"},"yoast_head":"<!-- This site is optimized with the Yoast SEO plugin v27.0 - https:\/\/yoast.com\/product\/yoast-seo-wordpress\/ -->\n<title>Cialis - Transtoyou - PT<\/title>\n<meta name=\"robots\" content=\"noindex, follow, max-snippet:-1, max-image-preview:large, max-video-preview:-1\" \/>\n<meta property=\"og:locale\" content=\"pt_PT\" \/>\n<meta property=\"og:type\" content=\"article\" \/>\n<meta property=\"og:title\" content=\"Cialis - Transtoyou - PT\" \/>\n<meta property=\"og:description\" content=\"Efeitos duradouros de at\u00e9 36 horas  Trata disfun\u00e7\u00e3o er\u00e9til e HBP  De a\u00e7\u00e3o r\u00e1pida, funciona em 30 minutos\" \/>\n<meta property=\"og:url\" content=\"https:\/\/www.transtoyou.com\/pt\/product\/cialis\/\" \/>\n<meta property=\"og:site_name\" content=\"Transtoyou - PT\" \/>\n<meta property=\"article:modified_time\" content=\"2026-02-13T11:17:23+00:00\" \/>\n<meta property=\"og:image\" content=\"https:\/\/www.transtoyou.com\/pt\/wp-content\/uploads\/sites\/12\/2026\/01\/tty-no-product-image-97.webp\" \/>\n\t<meta property=\"og:image:width\" content=\"1000\" \/>\n\t<meta property=\"og:image:height\" content=\"1000\" \/>\n\t<meta property=\"og:image:type\" content=\"image\/webp\" \/>\n<meta name=\"twitter:card\" content=\"summary_large_image\" \/>\n<meta name=\"twitter:label1\" content=\"Tempo estimado de leitura\" \/>\n\t<meta name=\"twitter:data1\" content=\"1 minuto\" \/>\n<script type=\"application\/ld+json\" class=\"yoast-schema-graph\">{\"@context\":\"https:\/\/schema.org\",\"@graph\":[{\"@type\":\"WebPage\",\"@id\":\"https:\/\/www.transtoyou.com\/pt\/product\/cialis\/\",\"url\":\"https:\/\/www.transtoyou.com\/pt\/product\/cialis\/\",\"name\":\"Cialis - Transtoyou - PT\",\"isPartOf\":{\"@id\":\"https:\/\/www.transtoyou.com\/pt\/#website\"},\"primaryImageOfPage\":{\"@id\":\"https:\/\/www.transtoyou.com\/pt\/product\/cialis\/#primaryimage\"},\"image\":{\"@id\":\"https:\/\/www.transtoyou.com\/pt\/product\/cialis\/#primaryimage\"},\"thumbnailUrl\":\"https:\/\/www.transtoyou.com\/pt\/wp-content\/uploads\/sites\/12\/2026\/01\/tty-no-product-image-97.webp\",\"datePublished\":\"2026-01-24T09:12:19+00:00\",\"dateModified\":\"2026-02-13T11:17:23+00:00\",\"breadcrumb\":{\"@id\":\"https:\/\/www.transtoyou.com\/pt\/product\/cialis\/#breadcrumb\"},\"inLanguage\":\"pt-PT\",\"potentialAction\":[{\"@type\":\"ReadAction\",\"target\":[\"https:\/\/www.transtoyou.com\/pt\/product\/cialis\/\"]}]},{\"@type\":\"ImageObject\",\"inLanguage\":\"pt-PT\",\"@id\":\"https:\/\/www.transtoyou.com\/pt\/product\/cialis\/#primaryimage\",\"url\":\"https:\/\/www.transtoyou.com\/pt\/wp-content\/uploads\/sites\/12\/2026\/01\/tty-no-product-image-97.webp\",\"contentUrl\":\"https:\/\/www.transtoyou.com\/pt\/wp-content\/uploads\/sites\/12\/2026\/01\/tty-no-product-image-97.webp\",\"width\":1000,\"height\":1000,\"caption\":\"Imagem padr\u00e3o do produto\"},{\"@type\":\"WebSite\",\"@id\":\"https:\/\/www.transtoyou.com\/pt\/#website\",\"url\":\"https:\/\/www.transtoyou.com\/pt\/\",\"name\":\"Transtoyou - PT\",\"description\":\"\",\"publisher\":{\"@id\":\"https:\/\/www.transtoyou.com\/pt\/#organization\"},\"potentialAction\":[{\"@type\":\"SearchAction\",\"target\":{\"@type\":\"EntryPoint\",\"urlTemplate\":\"https:\/\/www.transtoyou.com\/pt\/?s={search_term_string}\"},\"query-input\":{\"@type\":\"PropertyValueSpecification\",\"valueRequired\":true,\"valueName\":\"search_term_string\"}}],\"inLanguage\":\"pt-PT\"},{\"@type\":\"Organization\",\"@id\":\"https:\/\/www.transtoyou.com\/pt\/#organization\",\"name\":\"Transtoyou - PT\",\"url\":\"https:\/\/www.transtoyou.com\/pt\/\",\"logo\":{\"@type\":\"ImageObject\",\"inLanguage\":\"pt-PT\",\"@id\":\"https:\/\/www.transtoyou.com\/pt\/#\/schema\/logo\/image\/\",\"url\":\"https:\/\/www.transtoyou.com\/pt\/wp-content\/uploads\/sites\/12\/2026\/01\/logo-tty-menu-bar-300x87-1.webp\",\"contentUrl\":\"https:\/\/www.transtoyou.com\/pt\/wp-content\/uploads\/sites\/12\/2026\/01\/logo-tty-menu-bar-300x87-1.webp\",\"width\":300,\"height\":87,\"caption\":\"Transtoyou - PT\"},\"image\":{\"@id\":\"https:\/\/www.transtoyou.com\/pt\/#\/schema\/logo\/image\/\"}}]}<\/script>\n<!-- \/ Yoast SEO plugin. -->","yoast_head_json":{"title":"Cialis - Transtoyou - PT","robots":{"index":"noindex","follow":"follow","max-snippet":"max-snippet:-1","max-image-preview":"max-image-preview:large","max-video-preview":"max-video-preview:-1"},"og_locale":"pt_PT","og_type":"article","og_title":"Cialis - Transtoyou - PT","og_description":"Efeitos duradouros de at\u00e9 36 horas  Trata disfun\u00e7\u00e3o er\u00e9til e HBP  De a\u00e7\u00e3o r\u00e1pida, funciona em 30 minutos","og_url":"https:\/\/www.transtoyou.com\/pt\/product\/cialis\/","og_site_name":"Transtoyou - PT","article_modified_time":"2026-02-13T11:17:23+00:00","og_image":[{"width":1000,"height":1000,"url":"https:\/\/www.transtoyou.com\/pt\/wp-content\/uploads\/sites\/12\/2026\/01\/tty-no-product-image-97.webp","type":"image\/webp"}],"twitter_card":"summary_large_image","twitter_misc":{"Tempo estimado de leitura":"1 minuto"},"schema":{"@context":"https:\/\/schema.org","@graph":[{"@type":"WebPage","@id":"https:\/\/www.transtoyou.com\/pt\/product\/cialis\/","url":"https:\/\/www.transtoyou.com\/pt\/product\/cialis\/","name":"Cialis - Transtoyou - PT","isPartOf":{"@id":"https:\/\/www.transtoyou.com\/pt\/#website"},"primaryImageOfPage":{"@id":"https:\/\/www.transtoyou.com\/pt\/product\/cialis\/#primaryimage"},"image":{"@id":"https:\/\/www.transtoyou.com\/pt\/product\/cialis\/#primaryimage"},"thumbnailUrl":"https:\/\/www.transtoyou.com\/pt\/wp-content\/uploads\/sites\/12\/2026\/01\/tty-no-product-image-97.webp","datePublished":"2026-01-24T09:12:19+00:00","dateModified":"2026-02-13T11:17:23+00:00","breadcrumb":{"@id":"https:\/\/www.transtoyou.com\/pt\/product\/cialis\/#breadcrumb"},"inLanguage":"pt-PT","potentialAction":[{"@type":"ReadAction","target":["https:\/\/www.transtoyou.com\/pt\/product\/cialis\/"]}]},{"@type":"ImageObject","inLanguage":"pt-PT","@id":"https:\/\/www.transtoyou.com\/pt\/product\/cialis\/#primaryimage","url":"https:\/\/www.transtoyou.com\/pt\/wp-content\/uploads\/sites\/12\/2026\/01\/tty-no-product-image-97.webp","contentUrl":"https:\/\/www.transtoyou.com\/pt\/wp-content\/uploads\/sites\/12\/2026\/01\/tty-no-product-image-97.webp","width":1000,"height":1000,"caption":"Imagem padr\u00e3o do produto"},{"@type":"WebSite","@id":"https:\/\/www.transtoyou.com\/pt\/#website","url":"https:\/\/www.transtoyou.com\/pt\/","name":"Transtoyou - PT","description":"","publisher":{"@id":"https:\/\/www.transtoyou.com\/pt\/#organization"},"potentialAction":[{"@type":"SearchAction","target":{"@type":"EntryPoint","urlTemplate":"https:\/\/www.transtoyou.com\/pt\/?s={search_term_string}"},"query-input":{"@type":"PropertyValueSpecification","valueRequired":true,"valueName":"search_term_string"}}],"inLanguage":"pt-PT"},{"@type":"Organization","@id":"https:\/\/www.transtoyou.com\/pt\/#organization","name":"Transtoyou - PT","url":"https:\/\/www.transtoyou.com\/pt\/","logo":{"@type":"ImageObject","inLanguage":"pt-PT","@id":"https:\/\/www.transtoyou.com\/pt\/#\/schema\/logo\/image\/","url":"https:\/\/www.transtoyou.com\/pt\/wp-content\/uploads\/sites\/12\/2026\/01\/logo-tty-menu-bar-300x87-1.webp","contentUrl":"https:\/\/www.transtoyou.com\/pt\/wp-content\/uploads\/sites\/12\/2026\/01\/logo-tty-menu-bar-300x87-1.webp","width":300,"height":87,"caption":"Transtoyou - PT"},"image":{"@id":"https:\/\/www.transtoyou.com\/pt\/#\/schema\/logo\/image\/"}}]}},"_links":{"self":[{"href":"https:\/\/www.transtoyou.com\/pt\/wp-json\/wp\/v2\/product\/993","targetHints":{"allow":["GET"]}}],"collection":[{"href":"https:\/\/www.transtoyou.com\/pt\/wp-json\/wp\/v2\/product"}],"about":[{"href":"https:\/\/www.transtoyou.com\/pt\/wp-json\/wp\/v2\/types\/product"}],"replies":[{"embeddable":true,"href":"https:\/\/www.transtoyou.com\/pt\/wp-json\/wp\/v2\/comments?post=993"}],"wp:featuredmedia":[{"embeddable":true,"href":"https:\/\/www.transtoyou.com\/pt\/wp-json\/wp\/v2\/media\/995"}],"wp:attachment":[{"href":"https:\/\/www.transtoyou.com\/pt\/wp-json\/wp\/v2\/media?parent=993"}],"wp:term":[{"taxonomy":"product_brand","embeddable":true,"href":"https:\/\/www.transtoyou.com\/pt\/wp-json\/wp\/v2\/product_brand?post=993"},{"taxonomy":"product_cat","embeddable":true,"href":"https:\/\/www.transtoyou.com\/pt\/wp-json\/wp\/v2\/product_cat?post=993"},{"taxonomy":"product_tag","embeddable":true,"href":"https:\/\/www.transtoyou.com\/pt\/wp-json\/wp\/v2\/product_tag?post=993"},{"taxonomy":"expert","embeddable":true,"href":"https:\/\/www.transtoyou.com\/pt\/wp-json\/wp\/v2\/expert?post=993"}],"curies":[{"name":"wp","href":"https:\/\/api.w.org\/{rel}","templated":true}]}}