{"id":996,"date":"2026-01-24T09:28:02","date_gmt":"2026-01-24T09:28:02","guid":{"rendered":"https:\/\/www.transtoyou.com\/pt\/product\/caverject-alprostadil\/"},"modified":"2026-01-24T09:29:03","modified_gmt":"2026-01-24T09:29:03","slug":"caverject-alprostadil","status":"publish","type":"product","link":"https:\/\/www.transtoyou.com\/pt\/product\/caverject-alprostadil\/","title":{"rendered":"Caverject (Alprostadil)"},"content":{"rendered":"<p>Caverject \u00e9 uma medica\u00e7\u00e3o prescrita usada para tratar a disfun\u00e7\u00e3o er\u00e9til (DE) em homens adultos. Cont\u00e9m alprostadil, uma subst\u00e2ncia que ocorre naturalmente e ajuda a aumentar o fluxo sangu\u00edneo para o p\u00eanis.<\/p>\n<p>Quando injetado diretamente no tecido er\u00e9til, atua relaxando os vasos sangu\u00edneos e m\u00fasculos no p\u00eanis, permitindo que o sangue flua e produza uma ere\u00e7\u00e3o firme o suficiente para a atividade sexual.<\/p>\n<p>Ao contr\u00e1rio dos medicamentos orais para DE, Caverject atua localmente e n\u00e3o depende da estimula\u00e7\u00e3o sexual para come\u00e7ar a funcionar. Seus efeitos s\u00e3o geralmente sentidos dentro de 5 a 20 minutos ap\u00f3s a inje\u00e7\u00e3o e podem durar cerca de 30 a 60 minutos, embora a dura\u00e7\u00e3o exata varie de acordo com o indiv\u00edduo. Isso o torna uma op\u00e7\u00e3o confi\u00e1vel para homens que n\u00e3o responderam bem a tratamentos orais ou que n\u00e3o podem tom\u00e1-los devido a outras condi\u00e7\u00f5es de sa\u00fade ou medicamentos.<\/p>\n<p>Caverject \u00e9 fornecido como um p\u00f3 e diluente que s\u00e3o misturados antes do uso, e vem com uma agulha muito fina para auto-inje\u00e7\u00e3o na lateral do p\u00eanis. \u00c9 importante seguir as instru\u00e7\u00f5es cuidadosamente para evitar complica\u00e7\u00f5es e rotacionar os locais de inje\u00e7\u00e3o para prevenir danos ao tecido.<\/p>\n<p>Os efeitos colaterais comuns podem incluir dor leve no local da inje\u00e7\u00e3o, uma sensa\u00e7\u00e3o de plenitude no p\u00eanis ou leve hematoma. Efeitos colaterais raros, mas graves, incluem ere\u00e7\u00e3o prolongada (priapismo) ou fibrose peniana (cicatriza\u00e7\u00e3o). Caverject n\u00e3o deve ser usado mais de uma vez em um per\u00edodo de 24 horas e n\u00e3o mais do que tr\u00eas vezes por semana.<\/p>\n","protected":false},"excerpt":{"rendered":"<ul>\n<li>Apoio \u00e0 ere\u00e7\u00e3o r\u00e1pido e confi\u00e1vel<\/li>\n<li>Funciona quando os comprimidos orais falham<\/li>\n<li>A\u00e7\u00e3o local, efeitos colaterais m\u00ednimos<\/li>\n<\/ul>\n","protected":false},"featured_media":998,"comment_status":"open","ping_status":"closed","template":"","meta":[],"product_brand":[],"product_cat":[95],"product_tag":[],"expert":[18],"class_list":{"0":"post-996","1":"product","2":"type-product","3":"status-publish","4":"has-post-thumbnail","6":"product_cat-tratamentos-para-disfuncao-eretil","7":"expert-dr-g-varbanov","9":"first","10":"instock","11":"shipping-taxable","12":"product-type-variable"},"yoast_head":"<!-- This site is optimized with the Yoast SEO plugin v27.0 - https:\/\/yoast.com\/product\/yoast-seo-wordpress\/ -->\n<title>Caverject (Alprostadil) | Solu\u00e7\u00e3o R\u00e1pida para Disfun\u00e7\u00e3o Er\u00e9til - Transtoyou<\/title>\n<meta name=\"description\" content=\"Caverject (Alprostadil) trata a DE de forma eficaz, melhorando o fluxo sangu\u00edneo local. Dispon\u00edvel na Transtoyou, \u00e9 ideal para quem n\u00e3o responde a medicamentos orais.\" \/>\n<meta name=\"robots\" content=\"noindex, follow, max-snippet:-1, max-image-preview:large, max-video-preview:-1\" \/>\n<meta property=\"og:locale\" content=\"pt_PT\" \/>\n<meta property=\"og:type\" content=\"article\" \/>\n<meta property=\"og:title\" content=\"Caverject (Alprostadil) | Solu\u00e7\u00e3o R\u00e1pida para Disfun\u00e7\u00e3o Er\u00e9til - Transtoyou\" \/>\n<meta property=\"og:description\" content=\"Caverject (Alprostadil) trata a DE de forma eficaz, melhorando o fluxo sangu\u00edneo local. Dispon\u00edvel na Transtoyou, \u00e9 ideal para quem n\u00e3o responde a medicamentos orais.\" \/>\n<meta property=\"og:url\" content=\"https:\/\/www.transtoyou.com\/pt\/product\/caverject-alprostadil\/\" \/>\n<meta property=\"og:site_name\" content=\"Transtoyou - PT\" \/>\n<meta property=\"article:modified_time\" content=\"2026-01-24T09:29:03+00:00\" \/>\n<meta name=\"twitter:card\" content=\"summary_large_image\" \/>\n<meta name=\"twitter:label1\" content=\"Tempo estimado de leitura\" \/>\n\t<meta name=\"twitter:data1\" content=\"1 minuto\" \/>\n<script type=\"application\/ld+json\" class=\"yoast-schema-graph\">{\"@context\":\"https:\/\/schema.org\",\"@graph\":[{\"@type\":\"WebPage\",\"@id\":\"https:\/\/www.transtoyou.com\/pt\/product\/caverject-alprostadil\/\",\"url\":\"https:\/\/www.transtoyou.com\/pt\/product\/caverject-alprostadil\/\",\"name\":\"Caverject (Alprostadil) | Solu\u00e7\u00e3o R\u00e1pida para Disfun\u00e7\u00e3o Er\u00e9til - Transtoyou\",\"isPartOf\":{\"@id\":\"https:\/\/www.transtoyou.com\/pt\/#website\"},\"primaryImageOfPage\":{\"@id\":\"https:\/\/www.transtoyou.com\/pt\/product\/caverject-alprostadil\/#primaryimage\"},\"image\":{\"@id\":\"https:\/\/www.transtoyou.com\/pt\/product\/caverject-alprostadil\/#primaryimage\"},\"thumbnailUrl\":\"https:\/\/www.transtoyou.com\/pt\/wp-content\/uploads\/sites\/12\/2026\/01\/tty-no-product-image-98.webp\",\"datePublished\":\"2026-01-24T09:28:02+00:00\",\"dateModified\":\"2026-01-24T09:29:03+00:00\",\"description\":\"Caverject (Alprostadil) trata a DE de forma eficaz, melhorando o fluxo sangu\u00edneo local. Dispon\u00edvel na Transtoyou, \u00e9 ideal para quem n\u00e3o responde a medicamentos orais.\",\"breadcrumb\":{\"@id\":\"https:\/\/www.transtoyou.com\/pt\/product\/caverject-alprostadil\/#breadcrumb\"},\"inLanguage\":\"pt-PT\",\"potentialAction\":[{\"@type\":\"ReadAction\",\"target\":[\"https:\/\/www.transtoyou.com\/pt\/product\/caverject-alprostadil\/\"]}]},{\"@type\":\"ImageObject\",\"inLanguage\":\"pt-PT\",\"@id\":\"https:\/\/www.transtoyou.com\/pt\/product\/caverject-alprostadil\/#primaryimage\",\"url\":\"https:\/\/www.transtoyou.com\/pt\/wp-content\/uploads\/sites\/12\/2026\/01\/tty-no-product-image-98.webp\",\"contentUrl\":\"https:\/\/www.transtoyou.com\/pt\/wp-content\/uploads\/sites\/12\/2026\/01\/tty-no-product-image-98.webp\",\"width\":1000,\"height\":1000,\"caption\":\"Imagem padr\u00e3o do produto\"},{\"@type\":\"WebSite\",\"@id\":\"https:\/\/www.transtoyou.com\/pt\/#website\",\"url\":\"https:\/\/www.transtoyou.com\/pt\/\",\"name\":\"Transtoyou - PT\",\"description\":\"\",\"publisher\":{\"@id\":\"https:\/\/www.transtoyou.com\/pt\/#organization\"},\"potentialAction\":[{\"@type\":\"SearchAction\",\"target\":{\"@type\":\"EntryPoint\",\"urlTemplate\":\"https:\/\/www.transtoyou.com\/pt\/?s={search_term_string}\"},\"query-input\":{\"@type\":\"PropertyValueSpecification\",\"valueRequired\":true,\"valueName\":\"search_term_string\"}}],\"inLanguage\":\"pt-PT\"},{\"@type\":\"Organization\",\"@id\":\"https:\/\/www.transtoyou.com\/pt\/#organization\",\"name\":\"Transtoyou - PT\",\"url\":\"https:\/\/www.transtoyou.com\/pt\/\",\"logo\":{\"@type\":\"ImageObject\",\"inLanguage\":\"pt-PT\",\"@id\":\"https:\/\/www.transtoyou.com\/pt\/#\/schema\/logo\/image\/\",\"url\":\"https:\/\/www.transtoyou.com\/pt\/wp-content\/uploads\/sites\/12\/2026\/01\/logo-tty-menu-bar-300x87-1.webp\",\"contentUrl\":\"https:\/\/www.transtoyou.com\/pt\/wp-content\/uploads\/sites\/12\/2026\/01\/logo-tty-menu-bar-300x87-1.webp\",\"width\":300,\"height\":87,\"caption\":\"Transtoyou - PT\"},\"image\":{\"@id\":\"https:\/\/www.transtoyou.com\/pt\/#\/schema\/logo\/image\/\"}}]}<\/script>\n<!-- \/ Yoast SEO plugin. -->","yoast_head_json":{"title":"Caverject (Alprostadil) | Solu\u00e7\u00e3o R\u00e1pida para Disfun\u00e7\u00e3o Er\u00e9til - Transtoyou","description":"Caverject (Alprostadil) trata a DE de forma eficaz, melhorando o fluxo sangu\u00edneo local. Dispon\u00edvel na Transtoyou, \u00e9 ideal para quem n\u00e3o responde a medicamentos orais.","robots":{"index":"noindex","follow":"follow","max-snippet":"max-snippet:-1","max-image-preview":"max-image-preview:large","max-video-preview":"max-video-preview:-1"},"og_locale":"pt_PT","og_type":"article","og_title":"Caverject (Alprostadil) | Solu\u00e7\u00e3o R\u00e1pida para Disfun\u00e7\u00e3o Er\u00e9til - Transtoyou","og_description":"Caverject (Alprostadil) trata a DE de forma eficaz, melhorando o fluxo sangu\u00edneo local. Dispon\u00edvel na Transtoyou, \u00e9 ideal para quem n\u00e3o responde a medicamentos orais.","og_url":"https:\/\/www.transtoyou.com\/pt\/product\/caverject-alprostadil\/","og_site_name":"Transtoyou - PT","article_modified_time":"2026-01-24T09:29:03+00:00","twitter_card":"summary_large_image","twitter_misc":{"Tempo estimado de leitura":"1 minuto"},"schema":{"@context":"https:\/\/schema.org","@graph":[{"@type":"WebPage","@id":"https:\/\/www.transtoyou.com\/pt\/product\/caverject-alprostadil\/","url":"https:\/\/www.transtoyou.com\/pt\/product\/caverject-alprostadil\/","name":"Caverject (Alprostadil) | Solu\u00e7\u00e3o R\u00e1pida para Disfun\u00e7\u00e3o Er\u00e9til - Transtoyou","isPartOf":{"@id":"https:\/\/www.transtoyou.com\/pt\/#website"},"primaryImageOfPage":{"@id":"https:\/\/www.transtoyou.com\/pt\/product\/caverject-alprostadil\/#primaryimage"},"image":{"@id":"https:\/\/www.transtoyou.com\/pt\/product\/caverject-alprostadil\/#primaryimage"},"thumbnailUrl":"https:\/\/www.transtoyou.com\/pt\/wp-content\/uploads\/sites\/12\/2026\/01\/tty-no-product-image-98.webp","datePublished":"2026-01-24T09:28:02+00:00","dateModified":"2026-01-24T09:29:03+00:00","description":"Caverject (Alprostadil) trata a DE de forma eficaz, melhorando o fluxo sangu\u00edneo local. Dispon\u00edvel na Transtoyou, \u00e9 ideal para quem n\u00e3o responde a medicamentos orais.","breadcrumb":{"@id":"https:\/\/www.transtoyou.com\/pt\/product\/caverject-alprostadil\/#breadcrumb"},"inLanguage":"pt-PT","potentialAction":[{"@type":"ReadAction","target":["https:\/\/www.transtoyou.com\/pt\/product\/caverject-alprostadil\/"]}]},{"@type":"ImageObject","inLanguage":"pt-PT","@id":"https:\/\/www.transtoyou.com\/pt\/product\/caverject-alprostadil\/#primaryimage","url":"https:\/\/www.transtoyou.com\/pt\/wp-content\/uploads\/sites\/12\/2026\/01\/tty-no-product-image-98.webp","contentUrl":"https:\/\/www.transtoyou.com\/pt\/wp-content\/uploads\/sites\/12\/2026\/01\/tty-no-product-image-98.webp","width":1000,"height":1000,"caption":"Imagem padr\u00e3o do produto"},{"@type":"WebSite","@id":"https:\/\/www.transtoyou.com\/pt\/#website","url":"https:\/\/www.transtoyou.com\/pt\/","name":"Transtoyou - PT","description":"","publisher":{"@id":"https:\/\/www.transtoyou.com\/pt\/#organization"},"potentialAction":[{"@type":"SearchAction","target":{"@type":"EntryPoint","urlTemplate":"https:\/\/www.transtoyou.com\/pt\/?s={search_term_string}"},"query-input":{"@type":"PropertyValueSpecification","valueRequired":true,"valueName":"search_term_string"}}],"inLanguage":"pt-PT"},{"@type":"Organization","@id":"https:\/\/www.transtoyou.com\/pt\/#organization","name":"Transtoyou - PT","url":"https:\/\/www.transtoyou.com\/pt\/","logo":{"@type":"ImageObject","inLanguage":"pt-PT","@id":"https:\/\/www.transtoyou.com\/pt\/#\/schema\/logo\/image\/","url":"https:\/\/www.transtoyou.com\/pt\/wp-content\/uploads\/sites\/12\/2026\/01\/logo-tty-menu-bar-300x87-1.webp","contentUrl":"https:\/\/www.transtoyou.com\/pt\/wp-content\/uploads\/sites\/12\/2026\/01\/logo-tty-menu-bar-300x87-1.webp","width":300,"height":87,"caption":"Transtoyou - PT"},"image":{"@id":"https:\/\/www.transtoyou.com\/pt\/#\/schema\/logo\/image\/"}}]}},"_links":{"self":[{"href":"https:\/\/www.transtoyou.com\/pt\/wp-json\/wp\/v2\/product\/996","targetHints":{"allow":["GET"]}}],"collection":[{"href":"https:\/\/www.transtoyou.com\/pt\/wp-json\/wp\/v2\/product"}],"about":[{"href":"https:\/\/www.transtoyou.com\/pt\/wp-json\/wp\/v2\/types\/product"}],"replies":[{"embeddable":true,"href":"https:\/\/www.transtoyou.com\/pt\/wp-json\/wp\/v2\/comments?post=996"}],"wp:featuredmedia":[{"embeddable":true,"href":"https:\/\/www.transtoyou.com\/pt\/wp-json\/wp\/v2\/media\/998"}],"wp:attachment":[{"href":"https:\/\/www.transtoyou.com\/pt\/wp-json\/wp\/v2\/media?parent=996"}],"wp:term":[{"taxonomy":"product_brand","embeddable":true,"href":"https:\/\/www.transtoyou.com\/pt\/wp-json\/wp\/v2\/product_brand?post=996"},{"taxonomy":"product_cat","embeddable":true,"href":"https:\/\/www.transtoyou.com\/pt\/wp-json\/wp\/v2\/product_cat?post=996"},{"taxonomy":"product_tag","embeddable":true,"href":"https:\/\/www.transtoyou.com\/pt\/wp-json\/wp\/v2\/product_tag?post=996"},{"taxonomy":"expert","embeddable":true,"href":"https:\/\/www.transtoyou.com\/pt\/wp-json\/wp\/v2\/expert?post=996"}],"curies":[{"name":"wp","href":"https:\/\/api.w.org\/{rel}","templated":true}]}}