{"id":102,"date":"2026-02-09T09:00:51","date_gmt":"2026-02-09T09:00:51","guid":{"rendered":"https:\/\/www.transtoyou.com\/ro\/?page_id=102"},"modified":"2026-02-09T09:23:19","modified_gmt":"2026-02-09T09:23:19","slug":"medicos-afiliados-expertos-em-saude","status":"publish","type":"page","link":"https:\/\/www.transtoyou.com\/ro\/medicos-afiliados-expertos-em-saude\/","title":{"rendered":"M\u00e9dicos Afiliados e Especialistas em Sa\u00fade"},"content":{"rendered":"","protected":false},"excerpt":{"rendered":"","protected":false},"author":13,"featured_media":0,"parent":0,"menu_order":0,"comment_status":"closed","ping_status":"closed","template":"","meta":{"footnotes":""},"class_list":["post-102","page","type-page","status-publish","hentry"],"yoast_head":"<!-- This site is optimized with the Yoast SEO plugin v27.0 - https:\/\/yoast.com\/product\/yoast-seo-wordpress\/ -->\n<title>Especialistas M\u00e9dicos Afiliados Online - Transtoyou<\/title>\n<meta name=\"description\" content=\"Conhe\u00e7a os m\u00e9dicos e especialistas afiliados ao Transtoyou, oferecendo consultas profissionais e receitas cl\u00ednicas para suas necessidades de sa\u00fade.\" \/>\n<meta name=\"robots\" content=\"noindex, follow, max-snippet:-1, max-image-preview:large, max-video-preview:-1\" \/>\n<meta property=\"og:locale\" content=\"ro_RO\" \/>\n<meta property=\"og:type\" content=\"article\" \/>\n<meta property=\"og:title\" content=\"Especialistas M\u00e9dicos Afiliados Online - Transtoyou\" \/>\n<meta property=\"og:description\" content=\"Conhe\u00e7a os m\u00e9dicos e especialistas afiliados ao Transtoyou, oferecendo consultas profissionais e receitas cl\u00ednicas para suas necessidades de sa\u00fade.\" \/>\n<meta property=\"og:url\" content=\"https:\/\/www.transtoyou.com\/ro\/medicos-afiliados-expertos-em-saude\/\" \/>\n<meta property=\"og:site_name\" content=\"Transtoyou - RO\" \/>\n<meta property=\"article:modified_time\" content=\"2026-02-09T09:23:19+00:00\" \/>\n<meta name=\"twitter:card\" content=\"summary_large_image\" \/>\n<script type=\"application\/ld+json\" class=\"yoast-schema-graph\">{\"@context\":\"https:\/\/schema.org\",\"@graph\":[{\"@type\":\"WebPage\",\"@id\":\"https:\/\/www.transtoyou.com\/ro\/medicos-afiliados-expertos-em-saude\/\",\"url\":\"https:\/\/www.transtoyou.com\/ro\/medicos-afiliados-expertos-em-saude\/\",\"name\":\"Especialistas M\u00e9dicos Afiliados Online - Transtoyou\",\"isPartOf\":{\"@id\":\"https:\/\/www.transtoyou.com\/ro\/#website\"},\"datePublished\":\"2026-02-09T09:00:51+00:00\",\"dateModified\":\"2026-02-09T09:23:19+00:00\",\"description\":\"Conhe\u00e7a os m\u00e9dicos e especialistas afiliados ao Transtoyou, oferecendo consultas profissionais e receitas cl\u00ednicas para suas necessidades de sa\u00fade.\",\"breadcrumb\":{\"@id\":\"https:\/\/www.transtoyou.com\/ro\/medicos-afiliados-expertos-em-saude\/#breadcrumb\"},\"inLanguage\":\"ro-RO\",\"potentialAction\":[{\"@type\":\"ReadAction\",\"target\":[\"https:\/\/www.transtoyou.com\/ro\/medicos-afiliados-expertos-em-saude\/\"]}]},{\"@type\":\"WebSite\",\"@id\":\"https:\/\/www.transtoyou.com\/ro\/#website\",\"url\":\"https:\/\/www.transtoyou.com\/ro\/\",\"name\":\"Transtoyou - RO\",\"description\":\"\",\"publisher\":{\"@id\":\"https:\/\/www.transtoyou.com\/ro\/#organization\"},\"potentialAction\":[{\"@type\":\"SearchAction\",\"target\":{\"@type\":\"EntryPoint\",\"urlTemplate\":\"https:\/\/www.transtoyou.com\/ro\/?s={search_term_string}\"},\"query-input\":{\"@type\":\"PropertyValueSpecification\",\"valueRequired\":true,\"valueName\":\"search_term_string\"}}],\"inLanguage\":\"ro-RO\"},{\"@type\":\"Organization\",\"@id\":\"https:\/\/www.transtoyou.com\/ro\/#organization\",\"name\":\"Transtoyou - RO\",\"url\":\"https:\/\/www.transtoyou.com\/ro\/\",\"logo\":{\"@type\":\"ImageObject\",\"inLanguage\":\"ro-RO\",\"@id\":\"https:\/\/www.transtoyou.com\/ro\/#\/schema\/logo\/image\/\",\"url\":\"https:\/\/www.transtoyou.com\/ro\/wp-content\/uploads\/sites\/13\/2026\/01\/logo-tty-menu-bar-300x87-1.webp\",\"contentUrl\":\"https:\/\/www.transtoyou.com\/ro\/wp-content\/uploads\/sites\/13\/2026\/01\/logo-tty-menu-bar-300x87-1.webp\",\"width\":300,\"height\":87,\"caption\":\"Transtoyou - RO\"},\"image\":{\"@id\":\"https:\/\/www.transtoyou.com\/ro\/#\/schema\/logo\/image\/\"}}]}<\/script>\n<!-- \/ Yoast SEO plugin. -->","yoast_head_json":{"title":"Especialistas M\u00e9dicos Afiliados Online - Transtoyou","description":"Conhe\u00e7a os m\u00e9dicos e especialistas afiliados ao Transtoyou, oferecendo consultas profissionais e receitas cl\u00ednicas para suas necessidades de sa\u00fade.","robots":{"index":"noindex","follow":"follow","max-snippet":"max-snippet:-1","max-image-preview":"max-image-preview:large","max-video-preview":"max-video-preview:-1"},"og_locale":"ro_RO","og_type":"article","og_title":"Especialistas M\u00e9dicos Afiliados Online - Transtoyou","og_description":"Conhe\u00e7a os m\u00e9dicos e especialistas afiliados ao Transtoyou, oferecendo consultas profissionais e receitas cl\u00ednicas para suas necessidades de sa\u00fade.","og_url":"https:\/\/www.transtoyou.com\/ro\/medicos-afiliados-expertos-em-saude\/","og_site_name":"Transtoyou - RO","article_modified_time":"2026-02-09T09:23:19+00:00","twitter_card":"summary_large_image","schema":{"@context":"https:\/\/schema.org","@graph":[{"@type":"WebPage","@id":"https:\/\/www.transtoyou.com\/ro\/medicos-afiliados-expertos-em-saude\/","url":"https:\/\/www.transtoyou.com\/ro\/medicos-afiliados-expertos-em-saude\/","name":"Especialistas M\u00e9dicos Afiliados Online - Transtoyou","isPartOf":{"@id":"https:\/\/www.transtoyou.com\/ro\/#website"},"datePublished":"2026-02-09T09:00:51+00:00","dateModified":"2026-02-09T09:23:19+00:00","description":"Conhe\u00e7a os m\u00e9dicos e especialistas afiliados ao Transtoyou, oferecendo consultas profissionais e receitas cl\u00ednicas para suas necessidades de sa\u00fade.","breadcrumb":{"@id":"https:\/\/www.transtoyou.com\/ro\/medicos-afiliados-expertos-em-saude\/#breadcrumb"},"inLanguage":"ro-RO","potentialAction":[{"@type":"ReadAction","target":["https:\/\/www.transtoyou.com\/ro\/medicos-afiliados-expertos-em-saude\/"]}]},{"@type":"WebSite","@id":"https:\/\/www.transtoyou.com\/ro\/#website","url":"https:\/\/www.transtoyou.com\/ro\/","name":"Transtoyou - RO","description":"","publisher":{"@id":"https:\/\/www.transtoyou.com\/ro\/#organization"},"potentialAction":[{"@type":"SearchAction","target":{"@type":"EntryPoint","urlTemplate":"https:\/\/www.transtoyou.com\/ro\/?s={search_term_string}"},"query-input":{"@type":"PropertyValueSpecification","valueRequired":true,"valueName":"search_term_string"}}],"inLanguage":"ro-RO"},{"@type":"Organization","@id":"https:\/\/www.transtoyou.com\/ro\/#organization","name":"Transtoyou - RO","url":"https:\/\/www.transtoyou.com\/ro\/","logo":{"@type":"ImageObject","inLanguage":"ro-RO","@id":"https:\/\/www.transtoyou.com\/ro\/#\/schema\/logo\/image\/","url":"https:\/\/www.transtoyou.com\/ro\/wp-content\/uploads\/sites\/13\/2026\/01\/logo-tty-menu-bar-300x87-1.webp","contentUrl":"https:\/\/www.transtoyou.com\/ro\/wp-content\/uploads\/sites\/13\/2026\/01\/logo-tty-menu-bar-300x87-1.webp","width":300,"height":87,"caption":"Transtoyou - RO"},"image":{"@id":"https:\/\/www.transtoyou.com\/ro\/#\/schema\/logo\/image\/"}}]}},"_links":{"self":[{"href":"https:\/\/www.transtoyou.com\/ro\/wp-json\/wp\/v2\/pages\/102","targetHints":{"allow":["GET"]}}],"collection":[{"href":"https:\/\/www.transtoyou.com\/ro\/wp-json\/wp\/v2\/pages"}],"about":[{"href":"https:\/\/www.transtoyou.com\/ro\/wp-json\/wp\/v2\/types\/page"}],"author":[{"embeddable":true,"href":"https:\/\/www.transtoyou.com\/ro\/wp-json\/wp\/v2\/users\/13"}],"replies":[{"embeddable":true,"href":"https:\/\/www.transtoyou.com\/ro\/wp-json\/wp\/v2\/comments?post=102"}],"version-history":[{"count":1,"href":"https:\/\/www.transtoyou.com\/ro\/wp-json\/wp\/v2\/pages\/102\/revisions"}],"predecessor-version":[{"id":1362,"href":"https:\/\/www.transtoyou.com\/ro\/wp-json\/wp\/v2\/pages\/102\/revisions\/1362"}],"wp:attachment":[{"href":"https:\/\/www.transtoyou.com\/ro\/wp-json\/wp\/v2\/media?parent=102"}],"curies":[{"name":"wp","href":"https:\/\/api.w.org\/{rel}","templated":true}]}}