{"id":1272,"date":"2026-01-27T05:53:11","date_gmt":"2026-01-27T05:53:11","guid":{"rendered":"https:\/\/www.transtoyou.com\/ro\/?page_id=1272"},"modified":"2026-01-27T05:53:11","modified_gmt":"2026-01-27T05:53:11","slug":"instrumente-ehealth-tty","status":"publish","type":"page","link":"https:\/\/www.transtoyou.com\/ro\/instrumente-ehealth-tty\/","title":{"rendered":"Instrumentele tale gratuite de eHealth"},"content":{"rendered":"","protected":false},"excerpt":{"rendered":"","protected":false},"author":13,"featured_media":0,"parent":0,"menu_order":0,"comment_status":"closed","ping_status":"closed","template":"","meta":{"footnotes":""},"class_list":["post-1272","page","type-page","status-publish","hentry"],"yoast_head":"<!-- This site is optimized with the Yoast SEO plugin v27.0 - https:\/\/yoast.com\/product\/yoast-seo-wordpress\/ -->\n<title>Instrumente eHealth gratuite pentru c\u0103l\u0103toria ta de s\u0103n\u0103tate | Transtoyou<\/title>\n<meta name=\"description\" content=\"Descoper\u0103 7 instrumente eHealth gratuite cu contul t\u0103u Transtoyou. Gestioneaz\u0103-\u021bi profilul de s\u0103n\u0103tate, jurnalul, documentele, mementourile \u0219i altele. Sigur, privat \u0219i \u00eentotdeauna gratuit.\" \/>\n<meta name=\"robots\" content=\"noindex, follow, max-snippet:-1, max-image-preview:large, max-video-preview:-1\" \/>\n<meta property=\"og:locale\" content=\"ro_RO\" \/>\n<meta property=\"og:type\" content=\"article\" \/>\n<meta property=\"og:title\" content=\"Instrumente eHealth gratuite pentru c\u0103l\u0103toria ta de s\u0103n\u0103tate | Transtoyou\" \/>\n<meta property=\"og:description\" content=\"Descoper\u0103 7 instrumente eHealth gratuite cu contul t\u0103u Transtoyou. Gestioneaz\u0103-\u021bi profilul de s\u0103n\u0103tate, jurnalul, documentele, mementourile \u0219i altele. Sigur, privat \u0219i \u00eentotdeauna gratuit.\" \/>\n<meta property=\"og:url\" content=\"https:\/\/www.transtoyou.com\/ro\/instrumente-ehealth-tty\/\" \/>\n<meta property=\"og:site_name\" content=\"Transtoyou - RO\" \/>\n<meta name=\"twitter:card\" content=\"summary_large_image\" \/>\n<script type=\"application\/ld+json\" class=\"yoast-schema-graph\">{\"@context\":\"https:\/\/schema.org\",\"@graph\":[{\"@type\":\"WebPage\",\"@id\":\"https:\/\/www.transtoyou.com\/ro\/instrumente-ehealth-tty\/\",\"url\":\"https:\/\/www.transtoyou.com\/ro\/instrumente-ehealth-tty\/\",\"name\":\"Instrumente eHealth gratuite pentru c\u0103l\u0103toria ta de s\u0103n\u0103tate | Transtoyou\",\"isPartOf\":{\"@id\":\"https:\/\/www.transtoyou.com\/ro\/#website\"},\"datePublished\":\"2026-01-27T05:53:11+00:00\",\"description\":\"Descoper\u0103 7 instrumente eHealth gratuite cu contul t\u0103u Transtoyou. Gestioneaz\u0103-\u021bi profilul de s\u0103n\u0103tate, jurnalul, documentele, mementourile \u0219i altele. Sigur, privat \u0219i \u00eentotdeauna gratuit.\",\"breadcrumb\":{\"@id\":\"https:\/\/www.transtoyou.com\/ro\/instrumente-ehealth-tty\/#breadcrumb\"},\"inLanguage\":\"ro-RO\",\"potentialAction\":[{\"@type\":\"ReadAction\",\"target\":[\"https:\/\/www.transtoyou.com\/ro\/instrumente-ehealth-tty\/\"]}]},{\"@type\":\"WebSite\",\"@id\":\"https:\/\/www.transtoyou.com\/ro\/#website\",\"url\":\"https:\/\/www.transtoyou.com\/ro\/\",\"name\":\"Transtoyou - RO\",\"description\":\"\",\"publisher\":{\"@id\":\"https:\/\/www.transtoyou.com\/ro\/#organization\"},\"potentialAction\":[{\"@type\":\"SearchAction\",\"target\":{\"@type\":\"EntryPoint\",\"urlTemplate\":\"https:\/\/www.transtoyou.com\/ro\/?s={search_term_string}\"},\"query-input\":{\"@type\":\"PropertyValueSpecification\",\"valueRequired\":true,\"valueName\":\"search_term_string\"}}],\"inLanguage\":\"ro-RO\"},{\"@type\":\"Organization\",\"@id\":\"https:\/\/www.transtoyou.com\/ro\/#organization\",\"name\":\"Transtoyou - RO\",\"url\":\"https:\/\/www.transtoyou.com\/ro\/\",\"logo\":{\"@type\":\"ImageObject\",\"inLanguage\":\"ro-RO\",\"@id\":\"https:\/\/www.transtoyou.com\/ro\/#\/schema\/logo\/image\/\",\"url\":\"https:\/\/www.transtoyou.com\/ro\/wp-content\/uploads\/sites\/13\/2026\/01\/logo-tty-menu-bar-300x87-1.webp\",\"contentUrl\":\"https:\/\/www.transtoyou.com\/ro\/wp-content\/uploads\/sites\/13\/2026\/01\/logo-tty-menu-bar-300x87-1.webp\",\"width\":300,\"height\":87,\"caption\":\"Transtoyou - RO\"},\"image\":{\"@id\":\"https:\/\/www.transtoyou.com\/ro\/#\/schema\/logo\/image\/\"}}]}<\/script>\n<!-- \/ Yoast SEO plugin. -->","yoast_head_json":{"title":"Instrumente eHealth gratuite pentru c\u0103l\u0103toria ta de s\u0103n\u0103tate | Transtoyou","description":"Descoper\u0103 7 instrumente eHealth gratuite cu contul t\u0103u Transtoyou. Gestioneaz\u0103-\u021bi profilul de s\u0103n\u0103tate, jurnalul, documentele, mementourile \u0219i altele. Sigur, privat \u0219i \u00eentotdeauna gratuit.","robots":{"index":"noindex","follow":"follow","max-snippet":"max-snippet:-1","max-image-preview":"max-image-preview:large","max-video-preview":"max-video-preview:-1"},"og_locale":"ro_RO","og_type":"article","og_title":"Instrumente eHealth gratuite pentru c\u0103l\u0103toria ta de s\u0103n\u0103tate | Transtoyou","og_description":"Descoper\u0103 7 instrumente eHealth gratuite cu contul t\u0103u Transtoyou. Gestioneaz\u0103-\u021bi profilul de s\u0103n\u0103tate, jurnalul, documentele, mementourile \u0219i altele. Sigur, privat \u0219i \u00eentotdeauna gratuit.","og_url":"https:\/\/www.transtoyou.com\/ro\/instrumente-ehealth-tty\/","og_site_name":"Transtoyou - RO","twitter_card":"summary_large_image","schema":{"@context":"https:\/\/schema.org","@graph":[{"@type":"WebPage","@id":"https:\/\/www.transtoyou.com\/ro\/instrumente-ehealth-tty\/","url":"https:\/\/www.transtoyou.com\/ro\/instrumente-ehealth-tty\/","name":"Instrumente eHealth gratuite pentru c\u0103l\u0103toria ta de s\u0103n\u0103tate | Transtoyou","isPartOf":{"@id":"https:\/\/www.transtoyou.com\/ro\/#website"},"datePublished":"2026-01-27T05:53:11+00:00","description":"Descoper\u0103 7 instrumente eHealth gratuite cu contul t\u0103u Transtoyou. Gestioneaz\u0103-\u021bi profilul de s\u0103n\u0103tate, jurnalul, documentele, mementourile \u0219i altele. Sigur, privat \u0219i \u00eentotdeauna gratuit.","breadcrumb":{"@id":"https:\/\/www.transtoyou.com\/ro\/instrumente-ehealth-tty\/#breadcrumb"},"inLanguage":"ro-RO","potentialAction":[{"@type":"ReadAction","target":["https:\/\/www.transtoyou.com\/ro\/instrumente-ehealth-tty\/"]}]},{"@type":"WebSite","@id":"https:\/\/www.transtoyou.com\/ro\/#website","url":"https:\/\/www.transtoyou.com\/ro\/","name":"Transtoyou - RO","description":"","publisher":{"@id":"https:\/\/www.transtoyou.com\/ro\/#organization"},"potentialAction":[{"@type":"SearchAction","target":{"@type":"EntryPoint","urlTemplate":"https:\/\/www.transtoyou.com\/ro\/?s={search_term_string}"},"query-input":{"@type":"PropertyValueSpecification","valueRequired":true,"valueName":"search_term_string"}}],"inLanguage":"ro-RO"},{"@type":"Organization","@id":"https:\/\/www.transtoyou.com\/ro\/#organization","name":"Transtoyou - RO","url":"https:\/\/www.transtoyou.com\/ro\/","logo":{"@type":"ImageObject","inLanguage":"ro-RO","@id":"https:\/\/www.transtoyou.com\/ro\/#\/schema\/logo\/image\/","url":"https:\/\/www.transtoyou.com\/ro\/wp-content\/uploads\/sites\/13\/2026\/01\/logo-tty-menu-bar-300x87-1.webp","contentUrl":"https:\/\/www.transtoyou.com\/ro\/wp-content\/uploads\/sites\/13\/2026\/01\/logo-tty-menu-bar-300x87-1.webp","width":300,"height":87,"caption":"Transtoyou - RO"},"image":{"@id":"https:\/\/www.transtoyou.com\/ro\/#\/schema\/logo\/image\/"}}]}},"_links":{"self":[{"href":"https:\/\/www.transtoyou.com\/ro\/wp-json\/wp\/v2\/pages\/1272","targetHints":{"allow":["GET"]}}],"collection":[{"href":"https:\/\/www.transtoyou.com\/ro\/wp-json\/wp\/v2\/pages"}],"about":[{"href":"https:\/\/www.transtoyou.com\/ro\/wp-json\/wp\/v2\/types\/page"}],"author":[{"embeddable":true,"href":"https:\/\/www.transtoyou.com\/ro\/wp-json\/wp\/v2\/users\/13"}],"replies":[{"embeddable":true,"href":"https:\/\/www.transtoyou.com\/ro\/wp-json\/wp\/v2\/comments?post=1272"}],"version-history":[{"count":1,"href":"https:\/\/www.transtoyou.com\/ro\/wp-json\/wp\/v2\/pages\/1272\/revisions"}],"predecessor-version":[{"id":1273,"href":"https:\/\/www.transtoyou.com\/ro\/wp-json\/wp\/v2\/pages\/1272\/revisions\/1273"}],"wp:attachment":[{"href":"https:\/\/www.transtoyou.com\/ro\/wp-json\/wp\/v2\/media?parent=1272"}],"curies":[{"name":"wp","href":"https:\/\/api.w.org\/{rel}","templated":true}]}}