{"id":1367,"date":"2026-02-09T09:23:59","date_gmt":"2026-02-09T09:23:59","guid":{"rendered":"https:\/\/www.transtoyou.com\/ro\/?page_id=1367"},"modified":"2026-02-09T10:10:21","modified_gmt":"2026-02-09T10:10:21","slug":"cos","status":"publish","type":"page","link":"https:\/\/www.transtoyou.com\/ro\/cos\/","title":{"rendered":"Co\u0219"},"content":{"rendered":"\n","protected":false},"excerpt":{"rendered":"","protected":false},"author":13,"featured_media":1368,"parent":0,"menu_order":0,"comment_status":"closed","ping_status":"closed","template":"","meta":{"footnotes":""},"class_list":["post-1367","page","type-page","status-publish","has-post-thumbnail","hentry"],"yoast_head":"<!-- This site is optimized with the Yoast SEO plugin v27.6 - https:\/\/yoast.com\/product\/yoast-seo-wordpress\/ -->\n<title>Prezentare general\u0103 a co\u0219ului \u0219i produse de s\u0103n\u0103tate - Transtoyou<\/title>\n<meta name=\"description\" content=\"Exploreaz\u0103-\u021bi co\u0219ul pe Transtoyou pentru medicamente pe baz\u0103 de re\u021bet\u0103, produse de wellness \u0219i informa\u021bii despre s\u0103n\u0103tate, verificate de medici autoriza\u021bi. Sigur \u0219i conform.\" \/>\n<meta name=\"robots\" content=\"noindex, follow, max-snippet:-1, max-image-preview:large, max-video-preview:-1\" \/>\n<meta property=\"og:locale\" content=\"ro_RO\" \/>\n<meta property=\"og:type\" content=\"article\" \/>\n<meta property=\"og:title\" content=\"Cart Overview &amp; Health Products - Transtoyou\" \/>\n<meta property=\"og:description\" content=\"Exploreaz\u0103-\u021bi co\u0219ul pe Transtoyou pentru medicamente pe baz\u0103 de re\u021bet\u0103, produse de wellness \u0219i informa\u021bii despre s\u0103n\u0103tate, verificate de medici autoriza\u021bi. Sigur \u0219i conform.\" \/>\n<meta property=\"og:url\" content=\"https:\/\/www.transtoyou.com\/ro\/cos\/\" \/>\n<meta property=\"og:site_name\" content=\"Transtoyou - RO\" \/>\n<meta property=\"article:modified_time\" content=\"2026-02-09T10:10:21+00:00\" \/>\n<meta property=\"og:image\" content=\"https:\/\/www.transtoyou.com\/ro\/wp-content\/uploads\/sites\/13\/2026\/02\/Logo-500x500-bg.png\" \/>\n\t<meta property=\"og:image:width\" content=\"500\" \/>\n\t<meta property=\"og:image:height\" content=\"500\" \/>\n\t<meta property=\"og:image:type\" content=\"image\/png\" \/>\n<meta name=\"twitter:card\" content=\"summary_large_image\" \/>\n<meta name=\"twitter:title\" content=\"Cart Overview &amp; Health Products - Transtoyou\" \/>\n<meta name=\"twitter:label1\" content=\"Timp estimat pentru citire\" \/>\n\t<meta name=\"twitter:data1\" content=\"1 minut\" \/>\n<script type=\"application\/ld+json\" class=\"yoast-schema-graph\">{\"@context\":\"https:\\\/\\\/schema.org\",\"@graph\":[{\"@type\":\"WebPage\",\"@id\":\"https:\\\/\\\/www.transtoyou.com\\\/ro\\\/cos\\\/\",\"url\":\"https:\\\/\\\/www.transtoyou.com\\\/ro\\\/cos\\\/\",\"name\":\"Prezentare general\u0103 a co\u0219ului \u0219i produse de s\u0103n\u0103tate - Transtoyou\",\"isPartOf\":{\"@id\":\"https:\\\/\\\/www.transtoyou.com\\\/ro\\\/#website\"},\"primaryImageOfPage\":{\"@id\":\"https:\\\/\\\/www.transtoyou.com\\\/ro\\\/cos\\\/#primaryimage\"},\"image\":{\"@id\":\"https:\\\/\\\/www.transtoyou.com\\\/ro\\\/cos\\\/#primaryimage\"},\"thumbnailUrl\":\"https:\\\/\\\/www.transtoyou.com\\\/ro\\\/wp-content\\\/uploads\\\/sites\\\/13\\\/2026\\\/02\\\/Logo-500x500-bg.png\",\"datePublished\":\"2026-02-09T09:23:59+00:00\",\"dateModified\":\"2026-02-09T10:10:21+00:00\",\"description\":\"Exploreaz\u0103-\u021bi co\u0219ul pe Transtoyou pentru medicamente pe baz\u0103 de re\u021bet\u0103, produse de wellness \u0219i informa\u021bii despre s\u0103n\u0103tate, verificate de medici autoriza\u021bi. Sigur \u0219i conform.\",\"breadcrumb\":{\"@id\":\"https:\\\/\\\/www.transtoyou.com\\\/ro\\\/cos\\\/#breadcrumb\"},\"inLanguage\":\"ro-RO\",\"potentialAction\":[{\"@type\":\"ReadAction\",\"target\":[\"https:\\\/\\\/www.transtoyou.com\\\/ro\\\/cos\\\/\"]}]},{\"@type\":\"ImageObject\",\"inLanguage\":\"ro-RO\",\"@id\":\"https:\\\/\\\/www.transtoyou.com\\\/ro\\\/cos\\\/#primaryimage\",\"url\":\"https:\\\/\\\/www.transtoyou.com\\\/ro\\\/wp-content\\\/uploads\\\/sites\\\/13\\\/2026\\\/02\\\/Logo-500x500-bg.png\",\"contentUrl\":\"https:\\\/\\\/www.transtoyou.com\\\/ro\\\/wp-content\\\/uploads\\\/sites\\\/13\\\/2026\\\/02\\\/Logo-500x500-bg.png\",\"width\":500,\"height\":500,\"caption\":\"Logo Transtoyou\"},{\"@type\":\"WebSite\",\"@id\":\"https:\\\/\\\/www.transtoyou.com\\\/ro\\\/#website\",\"url\":\"https:\\\/\\\/www.transtoyou.com\\\/ro\\\/\",\"name\":\"Transtoyou - RO\",\"description\":\"\",\"publisher\":{\"@id\":\"https:\\\/\\\/www.transtoyou.com\\\/ro\\\/#organization\"},\"potentialAction\":[{\"@type\":\"SearchAction\",\"target\":{\"@type\":\"EntryPoint\",\"urlTemplate\":\"https:\\\/\\\/www.transtoyou.com\\\/ro\\\/?s={search_term_string}\"},\"query-input\":{\"@type\":\"PropertyValueSpecification\",\"valueRequired\":true,\"valueName\":\"search_term_string\"}}],\"inLanguage\":\"ro-RO\"},{\"@type\":\"Organization\",\"@id\":\"https:\\\/\\\/www.transtoyou.com\\\/ro\\\/#organization\",\"name\":\"Transtoyou - RO\",\"url\":\"https:\\\/\\\/www.transtoyou.com\\\/ro\\\/\",\"logo\":{\"@type\":\"ImageObject\",\"inLanguage\":\"ro-RO\",\"@id\":\"https:\\\/\\\/www.transtoyou.com\\\/ro\\\/#\\\/schema\\\/logo\\\/image\\\/\",\"url\":\"https:\\\/\\\/www.transtoyou.com\\\/ro\\\/wp-content\\\/uploads\\\/sites\\\/13\\\/2026\\\/01\\\/logo-tty-menu-bar-300x87-1.webp\",\"contentUrl\":\"https:\\\/\\\/www.transtoyou.com\\\/ro\\\/wp-content\\\/uploads\\\/sites\\\/13\\\/2026\\\/01\\\/logo-tty-menu-bar-300x87-1.webp\",\"width\":300,\"height\":87,\"caption\":\"Transtoyou - RO\"},\"image\":{\"@id\":\"https:\\\/\\\/www.transtoyou.com\\\/ro\\\/#\\\/schema\\\/logo\\\/image\\\/\"}}]}<\/script>\n<!-- \/ Yoast SEO plugin. -->","yoast_head_json":{"title":"Prezentare general\u0103 a co\u0219ului \u0219i produse de s\u0103n\u0103tate - Transtoyou","description":"Exploreaz\u0103-\u021bi co\u0219ul pe Transtoyou pentru medicamente pe baz\u0103 de re\u021bet\u0103, produse de wellness \u0219i informa\u021bii despre s\u0103n\u0103tate, verificate de medici autoriza\u021bi. Sigur \u0219i conform.","robots":{"index":"noindex","follow":"follow","max-snippet":"max-snippet:-1","max-image-preview":"max-image-preview:large","max-video-preview":"max-video-preview:-1"},"og_locale":"ro_RO","og_type":"article","og_title":"Cart Overview & Health Products - Transtoyou","og_description":"Exploreaz\u0103-\u021bi co\u0219ul pe Transtoyou pentru medicamente pe baz\u0103 de re\u021bet\u0103, produse de wellness \u0219i informa\u021bii despre s\u0103n\u0103tate, verificate de medici autoriza\u021bi. Sigur \u0219i conform.","og_url":"https:\/\/www.transtoyou.com\/ro\/cos\/","og_site_name":"Transtoyou - RO","article_modified_time":"2026-02-09T10:10:21+00:00","og_image":[{"width":500,"height":500,"url":"https:\/\/www.transtoyou.com\/ro\/wp-content\/uploads\/sites\/13\/2026\/02\/Logo-500x500-bg.png","type":"image\/png"}],"twitter_card":"summary_large_image","twitter_title":"Cart Overview & Health Products - Transtoyou","twitter_misc":{"Timp estimat pentru citire":"1 minut"},"schema":{"@context":"https:\/\/schema.org","@graph":[{"@type":"WebPage","@id":"https:\/\/www.transtoyou.com\/ro\/cos\/","url":"https:\/\/www.transtoyou.com\/ro\/cos\/","name":"Prezentare general\u0103 a co\u0219ului \u0219i produse de s\u0103n\u0103tate - Transtoyou","isPartOf":{"@id":"https:\/\/www.transtoyou.com\/ro\/#website"},"primaryImageOfPage":{"@id":"https:\/\/www.transtoyou.com\/ro\/cos\/#primaryimage"},"image":{"@id":"https:\/\/www.transtoyou.com\/ro\/cos\/#primaryimage"},"thumbnailUrl":"https:\/\/www.transtoyou.com\/ro\/wp-content\/uploads\/sites\/13\/2026\/02\/Logo-500x500-bg.png","datePublished":"2026-02-09T09:23:59+00:00","dateModified":"2026-02-09T10:10:21+00:00","description":"Exploreaz\u0103-\u021bi co\u0219ul pe Transtoyou pentru medicamente pe baz\u0103 de re\u021bet\u0103, produse de wellness \u0219i informa\u021bii despre s\u0103n\u0103tate, verificate de medici autoriza\u021bi. Sigur \u0219i conform.","breadcrumb":{"@id":"https:\/\/www.transtoyou.com\/ro\/cos\/#breadcrumb"},"inLanguage":"ro-RO","potentialAction":[{"@type":"ReadAction","target":["https:\/\/www.transtoyou.com\/ro\/cos\/"]}]},{"@type":"ImageObject","inLanguage":"ro-RO","@id":"https:\/\/www.transtoyou.com\/ro\/cos\/#primaryimage","url":"https:\/\/www.transtoyou.com\/ro\/wp-content\/uploads\/sites\/13\/2026\/02\/Logo-500x500-bg.png","contentUrl":"https:\/\/www.transtoyou.com\/ro\/wp-content\/uploads\/sites\/13\/2026\/02\/Logo-500x500-bg.png","width":500,"height":500,"caption":"Logo Transtoyou"},{"@type":"WebSite","@id":"https:\/\/www.transtoyou.com\/ro\/#website","url":"https:\/\/www.transtoyou.com\/ro\/","name":"Transtoyou - RO","description":"","publisher":{"@id":"https:\/\/www.transtoyou.com\/ro\/#organization"},"potentialAction":[{"@type":"SearchAction","target":{"@type":"EntryPoint","urlTemplate":"https:\/\/www.transtoyou.com\/ro\/?s={search_term_string}"},"query-input":{"@type":"PropertyValueSpecification","valueRequired":true,"valueName":"search_term_string"}}],"inLanguage":"ro-RO"},{"@type":"Organization","@id":"https:\/\/www.transtoyou.com\/ro\/#organization","name":"Transtoyou - RO","url":"https:\/\/www.transtoyou.com\/ro\/","logo":{"@type":"ImageObject","inLanguage":"ro-RO","@id":"https:\/\/www.transtoyou.com\/ro\/#\/schema\/logo\/image\/","url":"https:\/\/www.transtoyou.com\/ro\/wp-content\/uploads\/sites\/13\/2026\/01\/logo-tty-menu-bar-300x87-1.webp","contentUrl":"https:\/\/www.transtoyou.com\/ro\/wp-content\/uploads\/sites\/13\/2026\/01\/logo-tty-menu-bar-300x87-1.webp","width":300,"height":87,"caption":"Transtoyou - RO"},"image":{"@id":"https:\/\/www.transtoyou.com\/ro\/#\/schema\/logo\/image\/"}}]}},"_links":{"self":[{"href":"https:\/\/www.transtoyou.com\/ro\/wp-json\/wp\/v2\/pages\/1367","targetHints":{"allow":["GET"]}}],"collection":[{"href":"https:\/\/www.transtoyou.com\/ro\/wp-json\/wp\/v2\/pages"}],"about":[{"href":"https:\/\/www.transtoyou.com\/ro\/wp-json\/wp\/v2\/types\/page"}],"author":[{"embeddable":true,"href":"https:\/\/www.transtoyou.com\/ro\/wp-json\/wp\/v2\/users\/13"}],"replies":[{"embeddable":true,"href":"https:\/\/www.transtoyou.com\/ro\/wp-json\/wp\/v2\/comments?post=1367"}],"version-history":[{"count":1,"href":"https:\/\/www.transtoyou.com\/ro\/wp-json\/wp\/v2\/pages\/1367\/revisions"}],"predecessor-version":[{"id":1369,"href":"https:\/\/www.transtoyou.com\/ro\/wp-json\/wp\/v2\/pages\/1367\/revisions\/1369"}],"wp:featuredmedia":[{"embeddable":true,"href":"https:\/\/www.transtoyou.com\/ro\/wp-json\/wp\/v2\/media\/1368"}],"wp:attachment":[{"href":"https:\/\/www.transtoyou.com\/ro\/wp-json\/wp\/v2\/media?parent=1367"}],"curies":[{"name":"wp","href":"https:\/\/api.w.org\/{rel}","templated":true}]}}