{"id":144,"date":"2026-01-19T13:23:09","date_gmt":"2026-01-19T13:23:09","guid":{"rendered":"https:\/\/www.transtoyou.com\/ro\/?page_id=144"},"modified":"2026-01-26T08:51:50","modified_gmt":"2026-01-26T08:51:50","slug":"cariere","status":"publish","type":"page","link":"https:\/\/www.transtoyou.com\/ro\/cariere\/","title":{"rendered":"Carier\u0103"},"content":{"rendered":"","protected":false},"excerpt":{"rendered":"","protected":false},"author":13,"featured_media":145,"parent":0,"menu_order":0,"comment_status":"closed","ping_status":"closed","template":"","meta":{"footnotes":""},"class_list":["post-144","page","type-page","status-publish","has-post-thumbnail","hentry"],"yoast_head":"<!-- This site is optimized with the Yoast SEO plugin v27.0 - https:\/\/yoast.com\/product\/yoast-seo-wordpress\/ -->\n<title>Carier\u0103 \u00een S\u0103n\u0103tatea Digital\u0103 - Transtoyou<\/title>\n<meta name=\"description\" content=\"Exploreaz\u0103 oportunit\u0103\u021bile de carier\u0103 la Transtoyou, o platform\u0103 digital\u0103 de s\u0103n\u0103tate de top \u00een UK \u0219i UE. Al\u0103tur\u0103-te nou\u0103 \u0219i f\u0103 o diferen\u021b\u0103 \u00een serviciile de s\u0103n\u0103tate online.\" \/>\n<meta name=\"robots\" content=\"noindex, follow, max-snippet:-1, max-image-preview:large, max-video-preview:-1\" \/>\n<meta property=\"og:locale\" content=\"ro_RO\" \/>\n<meta property=\"og:type\" content=\"article\" \/>\n<meta property=\"og:title\" content=\"Careers in Digital Healthcare - Transtoyou\" \/>\n<meta property=\"og:description\" content=\"Exploreaz\u0103 oportunit\u0103\u021bile de carier\u0103 la Transtoyou, o platform\u0103 digital\u0103 de s\u0103n\u0103tate de top \u00een UK \u0219i UE. Al\u0103tur\u0103-te nou\u0103 \u0219i f\u0103 o diferen\u021b\u0103 \u00een serviciile de s\u0103n\u0103tate online.\" \/>\n<meta property=\"og:url\" content=\"https:\/\/www.transtoyou.com\/ro\/cariere\/\" \/>\n<meta property=\"og:site_name\" content=\"Transtoyou - RO\" \/>\n<meta property=\"article:modified_time\" content=\"2026-01-26T08:51:50+00:00\" \/>\n<meta property=\"og:image\" content=\"https:\/\/www.transtoyou.com\/ro\/wp-content\/uploads\/sites\/13\/2026\/01\/Logo-500x500-bg-9.png\" \/>\n\t<meta property=\"og:image:width\" content=\"500\" \/>\n\t<meta property=\"og:image:height\" content=\"500\" \/>\n\t<meta property=\"og:image:type\" content=\"image\/png\" \/>\n<meta name=\"twitter:card\" content=\"summary_large_image\" \/>\n<meta name=\"twitter:title\" content=\"Careers in Digital Healthcare - Transtoyou\" \/>\n<meta name=\"twitter:label1\" content=\"Timp estimat pentru citire\" \/>\n\t<meta name=\"twitter:data1\" content=\"1 minut\" \/>\n<script type=\"application\/ld+json\" class=\"yoast-schema-graph\">{\"@context\":\"https:\/\/schema.org\",\"@graph\":[{\"@type\":\"WebPage\",\"@id\":\"https:\/\/www.transtoyou.com\/ro\/cariere\/\",\"url\":\"https:\/\/www.transtoyou.com\/ro\/cariere\/\",\"name\":\"Carier\u0103 \u00een S\u0103n\u0103tatea Digital\u0103 - Transtoyou\",\"isPartOf\":{\"@id\":\"https:\/\/www.transtoyou.com\/ro\/#website\"},\"primaryImageOfPage\":{\"@id\":\"https:\/\/www.transtoyou.com\/ro\/cariere\/#primaryimage\"},\"image\":{\"@id\":\"https:\/\/www.transtoyou.com\/ro\/cariere\/#primaryimage\"},\"thumbnailUrl\":\"https:\/\/www.transtoyou.com\/ro\/wp-content\/uploads\/sites\/13\/2026\/01\/Logo-500x500-bg-9.png\",\"datePublished\":\"2026-01-19T13:23:09+00:00\",\"dateModified\":\"2026-01-26T08:51:50+00:00\",\"description\":\"Exploreaz\u0103 oportunit\u0103\u021bile de carier\u0103 la Transtoyou, o platform\u0103 digital\u0103 de s\u0103n\u0103tate de top \u00een UK \u0219i UE. Al\u0103tur\u0103-te nou\u0103 \u0219i f\u0103 o diferen\u021b\u0103 \u00een serviciile de s\u0103n\u0103tate online.\",\"breadcrumb\":{\"@id\":\"https:\/\/www.transtoyou.com\/ro\/cariere\/#breadcrumb\"},\"inLanguage\":\"ro-RO\",\"potentialAction\":[{\"@type\":\"ReadAction\",\"target\":[\"https:\/\/www.transtoyou.com\/ro\/cariere\/\"]}]},{\"@type\":\"ImageObject\",\"inLanguage\":\"ro-RO\",\"@id\":\"https:\/\/www.transtoyou.com\/ro\/cariere\/#primaryimage\",\"url\":\"https:\/\/www.transtoyou.com\/ro\/wp-content\/uploads\/sites\/13\/2026\/01\/Logo-500x500-bg-9.png\",\"contentUrl\":\"https:\/\/www.transtoyou.com\/ro\/wp-content\/uploads\/sites\/13\/2026\/01\/Logo-500x500-bg-9.png\",\"width\":500,\"height\":500,\"caption\":\"Logo Transtoyou\"},{\"@type\":\"WebSite\",\"@id\":\"https:\/\/www.transtoyou.com\/ro\/#website\",\"url\":\"https:\/\/www.transtoyou.com\/ro\/\",\"name\":\"Transtoyou - RO\",\"description\":\"\",\"publisher\":{\"@id\":\"https:\/\/www.transtoyou.com\/ro\/#organization\"},\"potentialAction\":[{\"@type\":\"SearchAction\",\"target\":{\"@type\":\"EntryPoint\",\"urlTemplate\":\"https:\/\/www.transtoyou.com\/ro\/?s={search_term_string}\"},\"query-input\":{\"@type\":\"PropertyValueSpecification\",\"valueRequired\":true,\"valueName\":\"search_term_string\"}}],\"inLanguage\":\"ro-RO\"},{\"@type\":\"Organization\",\"@id\":\"https:\/\/www.transtoyou.com\/ro\/#organization\",\"name\":\"Transtoyou - RO\",\"url\":\"https:\/\/www.transtoyou.com\/ro\/\",\"logo\":{\"@type\":\"ImageObject\",\"inLanguage\":\"ro-RO\",\"@id\":\"https:\/\/www.transtoyou.com\/ro\/#\/schema\/logo\/image\/\",\"url\":\"https:\/\/www.transtoyou.com\/ro\/wp-content\/uploads\/sites\/13\/2026\/01\/logo-tty-menu-bar-300x87-1.webp\",\"contentUrl\":\"https:\/\/www.transtoyou.com\/ro\/wp-content\/uploads\/sites\/13\/2026\/01\/logo-tty-menu-bar-300x87-1.webp\",\"width\":300,\"height\":87,\"caption\":\"Transtoyou - RO\"},\"image\":{\"@id\":\"https:\/\/www.transtoyou.com\/ro\/#\/schema\/logo\/image\/\"}}]}<\/script>\n<!-- \/ Yoast SEO plugin. -->","yoast_head_json":{"title":"Carier\u0103 \u00een S\u0103n\u0103tatea Digital\u0103 - Transtoyou","description":"Exploreaz\u0103 oportunit\u0103\u021bile de carier\u0103 la Transtoyou, o platform\u0103 digital\u0103 de s\u0103n\u0103tate de top \u00een UK \u0219i UE. Al\u0103tur\u0103-te nou\u0103 \u0219i f\u0103 o diferen\u021b\u0103 \u00een serviciile de s\u0103n\u0103tate online.","robots":{"index":"noindex","follow":"follow","max-snippet":"max-snippet:-1","max-image-preview":"max-image-preview:large","max-video-preview":"max-video-preview:-1"},"og_locale":"ro_RO","og_type":"article","og_title":"Careers in Digital Healthcare - Transtoyou","og_description":"Exploreaz\u0103 oportunit\u0103\u021bile de carier\u0103 la Transtoyou, o platform\u0103 digital\u0103 de s\u0103n\u0103tate de top \u00een UK \u0219i UE. Al\u0103tur\u0103-te nou\u0103 \u0219i f\u0103 o diferen\u021b\u0103 \u00een serviciile de s\u0103n\u0103tate online.","og_url":"https:\/\/www.transtoyou.com\/ro\/cariere\/","og_site_name":"Transtoyou - RO","article_modified_time":"2026-01-26T08:51:50+00:00","og_image":[{"width":500,"height":500,"url":"https:\/\/www.transtoyou.com\/ro\/wp-content\/uploads\/sites\/13\/2026\/01\/Logo-500x500-bg-9.png","type":"image\/png"}],"twitter_card":"summary_large_image","twitter_title":"Careers in Digital Healthcare - Transtoyou","twitter_misc":{"Timp estimat pentru citire":"1 minut"},"schema":{"@context":"https:\/\/schema.org","@graph":[{"@type":"WebPage","@id":"https:\/\/www.transtoyou.com\/ro\/cariere\/","url":"https:\/\/www.transtoyou.com\/ro\/cariere\/","name":"Carier\u0103 \u00een S\u0103n\u0103tatea Digital\u0103 - Transtoyou","isPartOf":{"@id":"https:\/\/www.transtoyou.com\/ro\/#website"},"primaryImageOfPage":{"@id":"https:\/\/www.transtoyou.com\/ro\/cariere\/#primaryimage"},"image":{"@id":"https:\/\/www.transtoyou.com\/ro\/cariere\/#primaryimage"},"thumbnailUrl":"https:\/\/www.transtoyou.com\/ro\/wp-content\/uploads\/sites\/13\/2026\/01\/Logo-500x500-bg-9.png","datePublished":"2026-01-19T13:23:09+00:00","dateModified":"2026-01-26T08:51:50+00:00","description":"Exploreaz\u0103 oportunit\u0103\u021bile de carier\u0103 la Transtoyou, o platform\u0103 digital\u0103 de s\u0103n\u0103tate de top \u00een UK \u0219i UE. Al\u0103tur\u0103-te nou\u0103 \u0219i f\u0103 o diferen\u021b\u0103 \u00een serviciile de s\u0103n\u0103tate online.","breadcrumb":{"@id":"https:\/\/www.transtoyou.com\/ro\/cariere\/#breadcrumb"},"inLanguage":"ro-RO","potentialAction":[{"@type":"ReadAction","target":["https:\/\/www.transtoyou.com\/ro\/cariere\/"]}]},{"@type":"ImageObject","inLanguage":"ro-RO","@id":"https:\/\/www.transtoyou.com\/ro\/cariere\/#primaryimage","url":"https:\/\/www.transtoyou.com\/ro\/wp-content\/uploads\/sites\/13\/2026\/01\/Logo-500x500-bg-9.png","contentUrl":"https:\/\/www.transtoyou.com\/ro\/wp-content\/uploads\/sites\/13\/2026\/01\/Logo-500x500-bg-9.png","width":500,"height":500,"caption":"Logo Transtoyou"},{"@type":"WebSite","@id":"https:\/\/www.transtoyou.com\/ro\/#website","url":"https:\/\/www.transtoyou.com\/ro\/","name":"Transtoyou - RO","description":"","publisher":{"@id":"https:\/\/www.transtoyou.com\/ro\/#organization"},"potentialAction":[{"@type":"SearchAction","target":{"@type":"EntryPoint","urlTemplate":"https:\/\/www.transtoyou.com\/ro\/?s={search_term_string}"},"query-input":{"@type":"PropertyValueSpecification","valueRequired":true,"valueName":"search_term_string"}}],"inLanguage":"ro-RO"},{"@type":"Organization","@id":"https:\/\/www.transtoyou.com\/ro\/#organization","name":"Transtoyou - RO","url":"https:\/\/www.transtoyou.com\/ro\/","logo":{"@type":"ImageObject","inLanguage":"ro-RO","@id":"https:\/\/www.transtoyou.com\/ro\/#\/schema\/logo\/image\/","url":"https:\/\/www.transtoyou.com\/ro\/wp-content\/uploads\/sites\/13\/2026\/01\/logo-tty-menu-bar-300x87-1.webp","contentUrl":"https:\/\/www.transtoyou.com\/ro\/wp-content\/uploads\/sites\/13\/2026\/01\/logo-tty-menu-bar-300x87-1.webp","width":300,"height":87,"caption":"Transtoyou - RO"},"image":{"@id":"https:\/\/www.transtoyou.com\/ro\/#\/schema\/logo\/image\/"}}]}},"_links":{"self":[{"href":"https:\/\/www.transtoyou.com\/ro\/wp-json\/wp\/v2\/pages\/144","targetHints":{"allow":["GET"]}}],"collection":[{"href":"https:\/\/www.transtoyou.com\/ro\/wp-json\/wp\/v2\/pages"}],"about":[{"href":"https:\/\/www.transtoyou.com\/ro\/wp-json\/wp\/v2\/types\/page"}],"author":[{"embeddable":true,"href":"https:\/\/www.transtoyou.com\/ro\/wp-json\/wp\/v2\/users\/13"}],"replies":[{"embeddable":true,"href":"https:\/\/www.transtoyou.com\/ro\/wp-json\/wp\/v2\/comments?post=144"}],"version-history":[{"count":1,"href":"https:\/\/www.transtoyou.com\/ro\/wp-json\/wp\/v2\/pages\/144\/revisions"}],"predecessor-version":[{"id":146,"href":"https:\/\/www.transtoyou.com\/ro\/wp-json\/wp\/v2\/pages\/144\/revisions\/146"}],"wp:featuredmedia":[{"embeddable":true,"href":"https:\/\/www.transtoyou.com\/ro\/wp-json\/wp\/v2\/media\/145"}],"wp:attachment":[{"href":"https:\/\/www.transtoyou.com\/ro\/wp-json\/wp\/v2\/media?parent=144"}],"curies":[{"name":"wp","href":"https:\/\/api.w.org\/{rel}","templated":true}]}}