{"id":174,"date":"2026-01-19T13:48:00","date_gmt":"2026-01-19T13:48:00","guid":{"rendered":"https:\/\/www.transtoyou.com\/ro\/?page_id=174"},"modified":"2026-01-26T08:04:26","modified_gmt":"2026-01-26T08:04:26","slug":"medic-online","status":"publish","type":"page","link":"https:\/\/www.transtoyou.com\/ro\/medic-online\/","title":{"rendered":"Doctor Online"},"content":{"rendered":"","protected":false},"excerpt":{"rendered":"","protected":false},"author":13,"featured_media":175,"parent":0,"menu_order":0,"comment_status":"closed","ping_status":"closed","template":"","meta":{"footnotes":""},"class_list":["post-174","page","type-page","status-publish","has-post-thumbnail","hentry"],"yoast_head":"<!-- This site is optimized with the Yoast SEO plugin v27.0 - https:\/\/yoast.com\/product\/yoast-seo-wordpress\/ -->\n<title>Consulta\u021bii Online cu Medici \u0219i Re\u021bete - Transtoyou<\/title>\n<meta name=\"description\" content=\"Conecteaz\u0103-te cu medici autoriza\u021bi online pe Transtoyou pentru consulta\u021bii sigure, re\u021bete \u0219i produse de s\u0103n\u0103tate. \u00centotdeauna revizuite medical \u0219i reglementate.\" \/>\n<meta name=\"robots\" content=\"noindex, follow, max-snippet:-1, max-image-preview:large, max-video-preview:-1\" \/>\n<meta property=\"og:locale\" content=\"ro_RO\" \/>\n<meta property=\"og:type\" content=\"article\" \/>\n<meta property=\"og:title\" content=\"Online Doctor Consultations and Prescriptions - Transtoyou\" \/>\n<meta property=\"og:description\" content=\"Conecteaz\u0103-te cu medici autoriza\u021bi online pe Transtoyou pentru consulta\u021bii sigure, re\u021bete \u0219i produse de s\u0103n\u0103tate. \u00centotdeauna revizuite medical \u0219i reglementate.\" \/>\n<meta property=\"og:url\" content=\"https:\/\/www.transtoyou.com\/ro\/medic-online\/\" \/>\n<meta property=\"og:site_name\" content=\"Transtoyou - RO\" \/>\n<meta property=\"article:modified_time\" content=\"2026-01-26T08:04:26+00:00\" \/>\n<meta property=\"og:image\" content=\"https:\/\/www.transtoyou.com\/ro\/wp-content\/uploads\/sites\/13\/2026\/01\/Logo-500x500-bg-13.png\" \/>\n\t<meta property=\"og:image:width\" content=\"500\" \/>\n\t<meta property=\"og:image:height\" content=\"500\" \/>\n\t<meta property=\"og:image:type\" content=\"image\/png\" \/>\n<meta name=\"twitter:card\" content=\"summary_large_image\" \/>\n<meta name=\"twitter:title\" content=\"Online Doctor Consultations and Prescriptions - Transtoyou\" \/>\n<meta name=\"twitter:label1\" content=\"Timp estimat pentru citire\" \/>\n\t<meta name=\"twitter:data1\" content=\"1 minut\" \/>\n<script type=\"application\/ld+json\" class=\"yoast-schema-graph\">{\"@context\":\"https:\/\/schema.org\",\"@graph\":[{\"@type\":\"WebPage\",\"@id\":\"https:\/\/www.transtoyou.com\/ro\/medic-online\/\",\"url\":\"https:\/\/www.transtoyou.com\/ro\/medic-online\/\",\"name\":\"Consulta\u021bii Online cu Medici \u0219i Re\u021bete - Transtoyou\",\"isPartOf\":{\"@id\":\"https:\/\/www.transtoyou.com\/ro\/#website\"},\"primaryImageOfPage\":{\"@id\":\"https:\/\/www.transtoyou.com\/ro\/medic-online\/#primaryimage\"},\"image\":{\"@id\":\"https:\/\/www.transtoyou.com\/ro\/medic-online\/#primaryimage\"},\"thumbnailUrl\":\"https:\/\/www.transtoyou.com\/ro\/wp-content\/uploads\/sites\/13\/2026\/01\/Logo-500x500-bg-13.png\",\"datePublished\":\"2026-01-19T13:48:00+00:00\",\"dateModified\":\"2026-01-26T08:04:26+00:00\",\"description\":\"Conecteaz\u0103-te cu medici autoriza\u021bi online pe Transtoyou pentru consulta\u021bii sigure, re\u021bete \u0219i produse de s\u0103n\u0103tate. \u00centotdeauna revizuite medical \u0219i reglementate.\",\"breadcrumb\":{\"@id\":\"https:\/\/www.transtoyou.com\/ro\/medic-online\/#breadcrumb\"},\"inLanguage\":\"ro-RO\",\"potentialAction\":[{\"@type\":\"ReadAction\",\"target\":[\"https:\/\/www.transtoyou.com\/ro\/medic-online\/\"]}]},{\"@type\":\"ImageObject\",\"inLanguage\":\"ro-RO\",\"@id\":\"https:\/\/www.transtoyou.com\/ro\/medic-online\/#primaryimage\",\"url\":\"https:\/\/www.transtoyou.com\/ro\/wp-content\/uploads\/sites\/13\/2026\/01\/Logo-500x500-bg-13.png\",\"contentUrl\":\"https:\/\/www.transtoyou.com\/ro\/wp-content\/uploads\/sites\/13\/2026\/01\/Logo-500x500-bg-13.png\",\"width\":500,\"height\":500,\"caption\":\"Logo Transtoyou\"},{\"@type\":\"WebSite\",\"@id\":\"https:\/\/www.transtoyou.com\/ro\/#website\",\"url\":\"https:\/\/www.transtoyou.com\/ro\/\",\"name\":\"Transtoyou - RO\",\"description\":\"\",\"publisher\":{\"@id\":\"https:\/\/www.transtoyou.com\/ro\/#organization\"},\"potentialAction\":[{\"@type\":\"SearchAction\",\"target\":{\"@type\":\"EntryPoint\",\"urlTemplate\":\"https:\/\/www.transtoyou.com\/ro\/?s={search_term_string}\"},\"query-input\":{\"@type\":\"PropertyValueSpecification\",\"valueRequired\":true,\"valueName\":\"search_term_string\"}}],\"inLanguage\":\"ro-RO\"},{\"@type\":\"Organization\",\"@id\":\"https:\/\/www.transtoyou.com\/ro\/#organization\",\"name\":\"Transtoyou - RO\",\"url\":\"https:\/\/www.transtoyou.com\/ro\/\",\"logo\":{\"@type\":\"ImageObject\",\"inLanguage\":\"ro-RO\",\"@id\":\"https:\/\/www.transtoyou.com\/ro\/#\/schema\/logo\/image\/\",\"url\":\"https:\/\/www.transtoyou.com\/ro\/wp-content\/uploads\/sites\/13\/2026\/01\/logo-tty-menu-bar-300x87-1.webp\",\"contentUrl\":\"https:\/\/www.transtoyou.com\/ro\/wp-content\/uploads\/sites\/13\/2026\/01\/logo-tty-menu-bar-300x87-1.webp\",\"width\":300,\"height\":87,\"caption\":\"Transtoyou - RO\"},\"image\":{\"@id\":\"https:\/\/www.transtoyou.com\/ro\/#\/schema\/logo\/image\/\"}}]}<\/script>\n<!-- \/ Yoast SEO plugin. -->","yoast_head_json":{"title":"Consulta\u021bii Online cu Medici \u0219i Re\u021bete - Transtoyou","description":"Conecteaz\u0103-te cu medici autoriza\u021bi online pe Transtoyou pentru consulta\u021bii sigure, re\u021bete \u0219i produse de s\u0103n\u0103tate. \u00centotdeauna revizuite medical \u0219i reglementate.","robots":{"index":"noindex","follow":"follow","max-snippet":"max-snippet:-1","max-image-preview":"max-image-preview:large","max-video-preview":"max-video-preview:-1"},"og_locale":"ro_RO","og_type":"article","og_title":"Online Doctor Consultations and Prescriptions - Transtoyou","og_description":"Conecteaz\u0103-te cu medici autoriza\u021bi online pe Transtoyou pentru consulta\u021bii sigure, re\u021bete \u0219i produse de s\u0103n\u0103tate. \u00centotdeauna revizuite medical \u0219i reglementate.","og_url":"https:\/\/www.transtoyou.com\/ro\/medic-online\/","og_site_name":"Transtoyou - RO","article_modified_time":"2026-01-26T08:04:26+00:00","og_image":[{"width":500,"height":500,"url":"https:\/\/www.transtoyou.com\/ro\/wp-content\/uploads\/sites\/13\/2026\/01\/Logo-500x500-bg-13.png","type":"image\/png"}],"twitter_card":"summary_large_image","twitter_title":"Online Doctor Consultations and Prescriptions - Transtoyou","twitter_misc":{"Timp estimat pentru citire":"1 minut"},"schema":{"@context":"https:\/\/schema.org","@graph":[{"@type":"WebPage","@id":"https:\/\/www.transtoyou.com\/ro\/medic-online\/","url":"https:\/\/www.transtoyou.com\/ro\/medic-online\/","name":"Consulta\u021bii Online cu Medici \u0219i Re\u021bete - Transtoyou","isPartOf":{"@id":"https:\/\/www.transtoyou.com\/ro\/#website"},"primaryImageOfPage":{"@id":"https:\/\/www.transtoyou.com\/ro\/medic-online\/#primaryimage"},"image":{"@id":"https:\/\/www.transtoyou.com\/ro\/medic-online\/#primaryimage"},"thumbnailUrl":"https:\/\/www.transtoyou.com\/ro\/wp-content\/uploads\/sites\/13\/2026\/01\/Logo-500x500-bg-13.png","datePublished":"2026-01-19T13:48:00+00:00","dateModified":"2026-01-26T08:04:26+00:00","description":"Conecteaz\u0103-te cu medici autoriza\u021bi online pe Transtoyou pentru consulta\u021bii sigure, re\u021bete \u0219i produse de s\u0103n\u0103tate. \u00centotdeauna revizuite medical \u0219i reglementate.","breadcrumb":{"@id":"https:\/\/www.transtoyou.com\/ro\/medic-online\/#breadcrumb"},"inLanguage":"ro-RO","potentialAction":[{"@type":"ReadAction","target":["https:\/\/www.transtoyou.com\/ro\/medic-online\/"]}]},{"@type":"ImageObject","inLanguage":"ro-RO","@id":"https:\/\/www.transtoyou.com\/ro\/medic-online\/#primaryimage","url":"https:\/\/www.transtoyou.com\/ro\/wp-content\/uploads\/sites\/13\/2026\/01\/Logo-500x500-bg-13.png","contentUrl":"https:\/\/www.transtoyou.com\/ro\/wp-content\/uploads\/sites\/13\/2026\/01\/Logo-500x500-bg-13.png","width":500,"height":500,"caption":"Logo Transtoyou"},{"@type":"WebSite","@id":"https:\/\/www.transtoyou.com\/ro\/#website","url":"https:\/\/www.transtoyou.com\/ro\/","name":"Transtoyou - RO","description":"","publisher":{"@id":"https:\/\/www.transtoyou.com\/ro\/#organization"},"potentialAction":[{"@type":"SearchAction","target":{"@type":"EntryPoint","urlTemplate":"https:\/\/www.transtoyou.com\/ro\/?s={search_term_string}"},"query-input":{"@type":"PropertyValueSpecification","valueRequired":true,"valueName":"search_term_string"}}],"inLanguage":"ro-RO"},{"@type":"Organization","@id":"https:\/\/www.transtoyou.com\/ro\/#organization","name":"Transtoyou - RO","url":"https:\/\/www.transtoyou.com\/ro\/","logo":{"@type":"ImageObject","inLanguage":"ro-RO","@id":"https:\/\/www.transtoyou.com\/ro\/#\/schema\/logo\/image\/","url":"https:\/\/www.transtoyou.com\/ro\/wp-content\/uploads\/sites\/13\/2026\/01\/logo-tty-menu-bar-300x87-1.webp","contentUrl":"https:\/\/www.transtoyou.com\/ro\/wp-content\/uploads\/sites\/13\/2026\/01\/logo-tty-menu-bar-300x87-1.webp","width":300,"height":87,"caption":"Transtoyou - RO"},"image":{"@id":"https:\/\/www.transtoyou.com\/ro\/#\/schema\/logo\/image\/"}}]}},"_links":{"self":[{"href":"https:\/\/www.transtoyou.com\/ro\/wp-json\/wp\/v2\/pages\/174","targetHints":{"allow":["GET"]}}],"collection":[{"href":"https:\/\/www.transtoyou.com\/ro\/wp-json\/wp\/v2\/pages"}],"about":[{"href":"https:\/\/www.transtoyou.com\/ro\/wp-json\/wp\/v2\/types\/page"}],"author":[{"embeddable":true,"href":"https:\/\/www.transtoyou.com\/ro\/wp-json\/wp\/v2\/users\/13"}],"replies":[{"embeddable":true,"href":"https:\/\/www.transtoyou.com\/ro\/wp-json\/wp\/v2\/comments?post=174"}],"version-history":[{"count":1,"href":"https:\/\/www.transtoyou.com\/ro\/wp-json\/wp\/v2\/pages\/174\/revisions"}],"predecessor-version":[{"id":176,"href":"https:\/\/www.transtoyou.com\/ro\/wp-json\/wp\/v2\/pages\/174\/revisions\/176"}],"wp:featuredmedia":[{"embeddable":true,"href":"https:\/\/www.transtoyou.com\/ro\/wp-json\/wp\/v2\/media\/175"}],"wp:attachment":[{"href":"https:\/\/www.transtoyou.com\/ro\/wp-json\/wp\/v2\/media?parent=174"}],"curies":[{"name":"wp","href":"https:\/\/api.w.org\/{rel}","templated":true}]}}