{"id":180,"date":"2026-01-19T13:48:23","date_gmt":"2026-01-19T13:48:23","guid":{"rendered":"https:\/\/www.transtoyou.com\/ro\/?page_id=180"},"modified":"2026-01-26T07:58:53","modified_gmt":"2026-01-26T07:58:53","slug":"proces-consultatie","status":"publish","type":"page","link":"https:\/\/www.transtoyou.com\/ro\/proces-consultatie\/","title":{"rendered":"Procesul de Consultare"},"content":{"rendered":"","protected":false},"excerpt":{"rendered":"","protected":false},"author":13,"featured_media":181,"parent":0,"menu_order":0,"comment_status":"closed","ping_status":"closed","template":"","meta":{"footnotes":""},"class_list":["post-180","page","type-page","status-publish","has-post-thumbnail","hentry"],"yoast_head":"<!-- This site is optimized with the Yoast SEO plugin v27.0 - https:\/\/yoast.com\/product\/yoast-seo-wordpress\/ -->\n<title>Prezentare general\u0103 a procesului de consultare - Transtoyou<\/title>\n<meta name=\"description\" content=\"Descoper\u0103 Procesul de Consultare Transtoyou: conecteaz\u0103-te cu medici autoriza\u021bi, prime\u0219te evalu\u0103ri medicale personalizate \u0219i exploreaz\u0103 at\u00e2t medicamentele pe re\u021bet\u0103, c\u00e2t \u0219i...\" \/>\n<meta name=\"robots\" content=\"noindex, follow, max-snippet:-1, max-image-preview:large, max-video-preview:-1\" \/>\n<meta property=\"og:locale\" content=\"ro_RO\" \/>\n<meta property=\"og:type\" content=\"article\" \/>\n<meta property=\"og:title\" content=\"Prezentare general\u0103 a procesului de consultare - Transtoyou\" \/>\n<meta property=\"og:description\" content=\"Descoper\u0103 Procesul de Consultare Transtoyou: conecteaz\u0103-te cu medici autoriza\u021bi, prime\u0219te evalu\u0103ri medicale personalizate \u0219i exploreaz\u0103 at\u00e2t medicamentele pe re\u021bet\u0103, c\u00e2t \u0219i...\" \/>\n<meta property=\"og:url\" content=\"https:\/\/www.transtoyou.com\/ro\/proces-consultatie\/\" \/>\n<meta property=\"og:site_name\" content=\"Transtoyou - RO\" \/>\n<meta property=\"article:modified_time\" content=\"2026-01-26T07:58:53+00:00\" \/>\n<meta property=\"og:image\" content=\"https:\/\/www.transtoyou.com\/ro\/wp-content\/uploads\/sites\/13\/2026\/01\/Logo-500x500-bg-15.png\" \/>\n\t<meta property=\"og:image:width\" content=\"500\" \/>\n\t<meta property=\"og:image:height\" content=\"500\" \/>\n\t<meta property=\"og:image:type\" content=\"image\/png\" \/>\n<meta name=\"twitter:card\" content=\"summary_large_image\" \/>\n<meta name=\"twitter:label1\" content=\"Timp estimat pentru citire\" \/>\n\t<meta name=\"twitter:data1\" content=\"1 minut\" \/>\n<script type=\"application\/ld+json\" class=\"yoast-schema-graph\">{\"@context\":\"https:\/\/schema.org\",\"@graph\":[{\"@type\":\"WebPage\",\"@id\":\"https:\/\/www.transtoyou.com\/ro\/proces-consultatie\/\",\"url\":\"https:\/\/www.transtoyou.com\/ro\/proces-consultatie\/\",\"name\":\"Prezentare general\u0103 a procesului de consultare - Transtoyou\",\"isPartOf\":{\"@id\":\"https:\/\/www.transtoyou.com\/ro\/#website\"},\"primaryImageOfPage\":{\"@id\":\"https:\/\/www.transtoyou.com\/ro\/proces-consultatie\/#primaryimage\"},\"image\":{\"@id\":\"https:\/\/www.transtoyou.com\/ro\/proces-consultatie\/#primaryimage\"},\"thumbnailUrl\":\"https:\/\/www.transtoyou.com\/ro\/wp-content\/uploads\/sites\/13\/2026\/01\/Logo-500x500-bg-15.png\",\"datePublished\":\"2026-01-19T13:48:23+00:00\",\"dateModified\":\"2026-01-26T07:58:53+00:00\",\"description\":\"Descoper\u0103 Procesul de Consultare Transtoyou: conecteaz\u0103-te cu medici autoriza\u021bi, prime\u0219te evalu\u0103ri medicale personalizate \u0219i exploreaz\u0103 at\u00e2t medicamentele pe re\u021bet\u0103, c\u00e2t \u0219i...\",\"breadcrumb\":{\"@id\":\"https:\/\/www.transtoyou.com\/ro\/proces-consultatie\/#breadcrumb\"},\"inLanguage\":\"ro-RO\",\"potentialAction\":[{\"@type\":\"ReadAction\",\"target\":[\"https:\/\/www.transtoyou.com\/ro\/proces-consultatie\/\"]}]},{\"@type\":\"ImageObject\",\"inLanguage\":\"ro-RO\",\"@id\":\"https:\/\/www.transtoyou.com\/ro\/proces-consultatie\/#primaryimage\",\"url\":\"https:\/\/www.transtoyou.com\/ro\/wp-content\/uploads\/sites\/13\/2026\/01\/Logo-500x500-bg-15.png\",\"contentUrl\":\"https:\/\/www.transtoyou.com\/ro\/wp-content\/uploads\/sites\/13\/2026\/01\/Logo-500x500-bg-15.png\",\"width\":500,\"height\":500,\"caption\":\"Logo Transtoyou\"},{\"@type\":\"WebSite\",\"@id\":\"https:\/\/www.transtoyou.com\/ro\/#website\",\"url\":\"https:\/\/www.transtoyou.com\/ro\/\",\"name\":\"Transtoyou - RO\",\"description\":\"\",\"publisher\":{\"@id\":\"https:\/\/www.transtoyou.com\/ro\/#organization\"},\"potentialAction\":[{\"@type\":\"SearchAction\",\"target\":{\"@type\":\"EntryPoint\",\"urlTemplate\":\"https:\/\/www.transtoyou.com\/ro\/?s={search_term_string}\"},\"query-input\":{\"@type\":\"PropertyValueSpecification\",\"valueRequired\":true,\"valueName\":\"search_term_string\"}}],\"inLanguage\":\"ro-RO\"},{\"@type\":\"Organization\",\"@id\":\"https:\/\/www.transtoyou.com\/ro\/#organization\",\"name\":\"Transtoyou - RO\",\"url\":\"https:\/\/www.transtoyou.com\/ro\/\",\"logo\":{\"@type\":\"ImageObject\",\"inLanguage\":\"ro-RO\",\"@id\":\"https:\/\/www.transtoyou.com\/ro\/#\/schema\/logo\/image\/\",\"url\":\"https:\/\/www.transtoyou.com\/ro\/wp-content\/uploads\/sites\/13\/2026\/01\/logo-tty-menu-bar-300x87-1.webp\",\"contentUrl\":\"https:\/\/www.transtoyou.com\/ro\/wp-content\/uploads\/sites\/13\/2026\/01\/logo-tty-menu-bar-300x87-1.webp\",\"width\":300,\"height\":87,\"caption\":\"Transtoyou - RO\"},\"image\":{\"@id\":\"https:\/\/www.transtoyou.com\/ro\/#\/schema\/logo\/image\/\"}}]}<\/script>\n<!-- \/ Yoast SEO plugin. -->","yoast_head_json":{"title":"Prezentare general\u0103 a procesului de consultare - Transtoyou","description":"Descoper\u0103 Procesul de Consultare Transtoyou: conecteaz\u0103-te cu medici autoriza\u021bi, prime\u0219te evalu\u0103ri medicale personalizate \u0219i exploreaz\u0103 at\u00e2t medicamentele pe re\u021bet\u0103, c\u00e2t \u0219i...","robots":{"index":"noindex","follow":"follow","max-snippet":"max-snippet:-1","max-image-preview":"max-image-preview:large","max-video-preview":"max-video-preview:-1"},"og_locale":"ro_RO","og_type":"article","og_title":"Prezentare general\u0103 a procesului de consultare - Transtoyou","og_description":"Descoper\u0103 Procesul de Consultare Transtoyou: conecteaz\u0103-te cu medici autoriza\u021bi, prime\u0219te evalu\u0103ri medicale personalizate \u0219i exploreaz\u0103 at\u00e2t medicamentele pe re\u021bet\u0103, c\u00e2t \u0219i...","og_url":"https:\/\/www.transtoyou.com\/ro\/proces-consultatie\/","og_site_name":"Transtoyou - RO","article_modified_time":"2026-01-26T07:58:53+00:00","og_image":[{"width":500,"height":500,"url":"https:\/\/www.transtoyou.com\/ro\/wp-content\/uploads\/sites\/13\/2026\/01\/Logo-500x500-bg-15.png","type":"image\/png"}],"twitter_card":"summary_large_image","twitter_misc":{"Timp estimat pentru citire":"1 minut"},"schema":{"@context":"https:\/\/schema.org","@graph":[{"@type":"WebPage","@id":"https:\/\/www.transtoyou.com\/ro\/proces-consultatie\/","url":"https:\/\/www.transtoyou.com\/ro\/proces-consultatie\/","name":"Prezentare general\u0103 a procesului de consultare - Transtoyou","isPartOf":{"@id":"https:\/\/www.transtoyou.com\/ro\/#website"},"primaryImageOfPage":{"@id":"https:\/\/www.transtoyou.com\/ro\/proces-consultatie\/#primaryimage"},"image":{"@id":"https:\/\/www.transtoyou.com\/ro\/proces-consultatie\/#primaryimage"},"thumbnailUrl":"https:\/\/www.transtoyou.com\/ro\/wp-content\/uploads\/sites\/13\/2026\/01\/Logo-500x500-bg-15.png","datePublished":"2026-01-19T13:48:23+00:00","dateModified":"2026-01-26T07:58:53+00:00","description":"Descoper\u0103 Procesul de Consultare Transtoyou: conecteaz\u0103-te cu medici autoriza\u021bi, prime\u0219te evalu\u0103ri medicale personalizate \u0219i exploreaz\u0103 at\u00e2t medicamentele pe re\u021bet\u0103, c\u00e2t \u0219i...","breadcrumb":{"@id":"https:\/\/www.transtoyou.com\/ro\/proces-consultatie\/#breadcrumb"},"inLanguage":"ro-RO","potentialAction":[{"@type":"ReadAction","target":["https:\/\/www.transtoyou.com\/ro\/proces-consultatie\/"]}]},{"@type":"ImageObject","inLanguage":"ro-RO","@id":"https:\/\/www.transtoyou.com\/ro\/proces-consultatie\/#primaryimage","url":"https:\/\/www.transtoyou.com\/ro\/wp-content\/uploads\/sites\/13\/2026\/01\/Logo-500x500-bg-15.png","contentUrl":"https:\/\/www.transtoyou.com\/ro\/wp-content\/uploads\/sites\/13\/2026\/01\/Logo-500x500-bg-15.png","width":500,"height":500,"caption":"Logo Transtoyou"},{"@type":"WebSite","@id":"https:\/\/www.transtoyou.com\/ro\/#website","url":"https:\/\/www.transtoyou.com\/ro\/","name":"Transtoyou - RO","description":"","publisher":{"@id":"https:\/\/www.transtoyou.com\/ro\/#organization"},"potentialAction":[{"@type":"SearchAction","target":{"@type":"EntryPoint","urlTemplate":"https:\/\/www.transtoyou.com\/ro\/?s={search_term_string}"},"query-input":{"@type":"PropertyValueSpecification","valueRequired":true,"valueName":"search_term_string"}}],"inLanguage":"ro-RO"},{"@type":"Organization","@id":"https:\/\/www.transtoyou.com\/ro\/#organization","name":"Transtoyou - RO","url":"https:\/\/www.transtoyou.com\/ro\/","logo":{"@type":"ImageObject","inLanguage":"ro-RO","@id":"https:\/\/www.transtoyou.com\/ro\/#\/schema\/logo\/image\/","url":"https:\/\/www.transtoyou.com\/ro\/wp-content\/uploads\/sites\/13\/2026\/01\/logo-tty-menu-bar-300x87-1.webp","contentUrl":"https:\/\/www.transtoyou.com\/ro\/wp-content\/uploads\/sites\/13\/2026\/01\/logo-tty-menu-bar-300x87-1.webp","width":300,"height":87,"caption":"Transtoyou - RO"},"image":{"@id":"https:\/\/www.transtoyou.com\/ro\/#\/schema\/logo\/image\/"}}]}},"_links":{"self":[{"href":"https:\/\/www.transtoyou.com\/ro\/wp-json\/wp\/v2\/pages\/180","targetHints":{"allow":["GET"]}}],"collection":[{"href":"https:\/\/www.transtoyou.com\/ro\/wp-json\/wp\/v2\/pages"}],"about":[{"href":"https:\/\/www.transtoyou.com\/ro\/wp-json\/wp\/v2\/types\/page"}],"author":[{"embeddable":true,"href":"https:\/\/www.transtoyou.com\/ro\/wp-json\/wp\/v2\/users\/13"}],"replies":[{"embeddable":true,"href":"https:\/\/www.transtoyou.com\/ro\/wp-json\/wp\/v2\/comments?post=180"}],"version-history":[{"count":1,"href":"https:\/\/www.transtoyou.com\/ro\/wp-json\/wp\/v2\/pages\/180\/revisions"}],"predecessor-version":[{"id":182,"href":"https:\/\/www.transtoyou.com\/ro\/wp-json\/wp\/v2\/pages\/180\/revisions\/182"}],"wp:featuredmedia":[{"embeddable":true,"href":"https:\/\/www.transtoyou.com\/ro\/wp-json\/wp\/v2\/media\/181"}],"wp:attachment":[{"href":"https:\/\/www.transtoyou.com\/ro\/wp-json\/wp\/v2\/media?parent=180"}],"curies":[{"name":"wp","href":"https:\/\/api.w.org\/{rel}","templated":true}]}}