{"id":1003,"date":"2026-01-25T23:38:08","date_gmt":"2026-01-25T23:38:08","guid":{"rendered":"https:\/\/www.transtoyou.com\/ro\/product\/atorvastatin\/"},"modified":"2026-01-25T23:39:14","modified_gmt":"2026-01-25T23:39:14","slug":"atorvastatin","status":"publish","type":"product","link":"https:\/\/www.transtoyou.com\/ro\/product\/atorvastatin\/","title":{"rendered":"Atorvastatin"},"content":{"rendered":"<p>Atorvastatina este un medicament statin prescris pe scar\u0103 larg\u0103, care joac\u0103 un rol esen\u021bial \u00een reducerea nivelurilor crescute de colesterol, \u00een special a colesterolului lipoproteinelor cu densitate mic\u0103 (LDL). Prin inhibarea enzimei HMG-CoA reductaz\u0103 \u00een ficat, reduce eficient produc\u021bia de colesterol, ajut\u00e2nd la prevenirea form\u0103rii pl\u0103cilor pe pere\u021bii arteriali. Acest proces contribuie la \u00eembun\u0103t\u0103\u021birea rezultatelor cardiovasculare prin reducerea riscului de atacuri de cord, accidente vasculare cerebrale \u0219i alte complica\u021bii legate de colesterolul ridicat.<\/p>\n<p>\u00cen plus fa\u021b\u0103 de reducerea colesterolului LDL d\u0103un\u0103tor, Atorvastatina poate ajuta, de asemenea, la cre\u0219terea moderat\u0103 a nivelurilor de colesterol lipoproteinelor cu densitate mare (HDL), uneori denumit \u201ecolesterolul bun\u201d. Prin acest mecanism dual de sc\u0103dere a LDL \u0219i cre\u0219tere modest\u0103 a HDL, Atorvastatina sus\u021bine un echilibru mai s\u0103n\u0103tos al lipidelor \u00een fluxul sanguin. Cei mai mul\u021bi pacien\u021bi tolereaz\u0103 bine Atorvastatina, de\u0219i unii ar putea experimenta efecte secundare u\u0219oare, cum ar fi dureri musculare sau disconfort abdominal.<\/p>\n<p>Multe persoane beneficiaz\u0103 de administrarea Atorvastatinei ca parte a unui plan de tratament mai amplu, care include o diet\u0103 s\u0103n\u0103toas\u0103 pentru inim\u0103, exerci\u021bii fizice regulate \u0219i gestionarea greut\u0103\u021bii. Aceast\u0103 abordare holistic\u0103 poate optimiza rezultatele medicamentului, ajut\u00e2nd pacien\u021bii s\u0103 ating\u0103 \u0219i s\u0103 men\u021bin\u0103 obiectivele de colesterol. Pentru a minimiza \u0219i mai mult \u0219ansele de efecte adverse, testele de s\u00e2nge de rutin\u0103 sunt adesea recomandate pentru a monitoriza func\u021bia hepatic\u0103 \u0219i nivelurile de lipide din s\u00e2nge.<\/p>\n<p>Prin ajutarea la stabilizarea pl\u0103cii \u0219i reducerea form\u0103rii de noi leziuni aterosclerotice, Atorvastatina contribuie la protejarea arterelor de progresia bolii. \u00cen acest fel, medicamentul nu numai c\u0103 \u00eembun\u0103t\u0103\u021be\u0219te nivelurile de colesterol, dar promoveaz\u0103 \u0219i s\u0103n\u0103tatea cardiovascular\u0103 pe termen lung. \u00cen general, Atorvastatina r\u0103m\u00e2ne o terapie de baz\u0103 pentru persoanele cu risc crescut de evenimente cardiovasculare, oferind o gestionare fiabil\u0103 \u0219i bazat\u0103 pe dovezi a colesterolului, care beneficiaz\u0103 o gam\u0103 larg\u0103 de pacien\u021bi.<\/p>\n","protected":false},"excerpt":{"rendered":"<ul>\n<li>Scade LDL \u0219i cre\u0219te HDL<\/li>\n<li>Reduce riscul de boli de inim\u0103<\/li>\n<li>Terapii cu statine dovedite clinic<\/li>\n<\/ul>\n","protected":false},"featured_media":1005,"comment_status":"open","ping_status":"closed","template":"","meta":[],"product_brand":[],"product_cat":[73],"product_tag":[],"expert":[21],"class_list":{"0":"post-1003","1":"product","2":"type-product","3":"status-publish","4":"has-post-thumbnail","6":"product_cat-controlul-colesterolului","7":"expert-dr-m-sharoyko","9":"first","10":"instock","11":"shipping-taxable","12":"product-type-variable"},"yoast_head":"<!-- This site is optimized with the Yoast SEO plugin v27.0 - https:\/\/yoast.com\/product\/yoast-seo-wordpress\/ -->\n<title>Atorvastatin | Scade LDL, \u00cembun\u0103t\u0103\u021be\u0219te S\u0103n\u0103tatea Inimii - Transtoyou<\/title>\n<meta name=\"description\" content=\"Descoper\u0103 Atorvastatin pe Transtoyou: scade colesterolul LDL, \u00eembun\u0103t\u0103\u021be\u0219te s\u0103n\u0103tatea inimii \u0219i ob\u021bine un echilibru lipidic mai bun cu informa\u021biile noastre verificate de exper\u021bi.\" \/>\n<meta name=\"robots\" content=\"noindex, follow, max-snippet:-1, max-image-preview:large, max-video-preview:-1\" \/>\n<meta property=\"og:locale\" content=\"ro_RO\" \/>\n<meta property=\"og:type\" content=\"article\" \/>\n<meta property=\"og:title\" content=\"Atorvastatin | Scade LDL, \u00cembun\u0103t\u0103\u021be\u0219te S\u0103n\u0103tatea Inimii - Transtoyou\" \/>\n<meta property=\"og:description\" content=\"Descoper\u0103 Atorvastatin pe Transtoyou: scade colesterolul LDL, \u00eembun\u0103t\u0103\u021be\u0219te s\u0103n\u0103tatea inimii \u0219i ob\u021bine un echilibru lipidic mai bun cu informa\u021biile noastre verificate de exper\u021bi.\" \/>\n<meta property=\"og:url\" content=\"https:\/\/www.transtoyou.com\/ro\/product\/atorvastatin\/\" \/>\n<meta property=\"og:site_name\" content=\"Transtoyou - RO\" \/>\n<meta property=\"article:modified_time\" content=\"2026-01-25T23:39:14+00:00\" \/>\n<meta name=\"twitter:card\" content=\"summary_large_image\" \/>\n<meta name=\"twitter:label1\" content=\"Timp estimat pentru citire\" \/>\n\t<meta name=\"twitter:data1\" content=\"2 minute\" \/>\n<script type=\"application\/ld+json\" class=\"yoast-schema-graph\">{\"@context\":\"https:\/\/schema.org\",\"@graph\":[{\"@type\":\"WebPage\",\"@id\":\"https:\/\/www.transtoyou.com\/ro\/product\/atorvastatin\/\",\"url\":\"https:\/\/www.transtoyou.com\/ro\/product\/atorvastatin\/\",\"name\":\"Atorvastatin | Scade LDL, \u00cembun\u0103t\u0103\u021be\u0219te S\u0103n\u0103tatea Inimii - Transtoyou\",\"isPartOf\":{\"@id\":\"https:\/\/www.transtoyou.com\/ro\/#website\"},\"primaryImageOfPage\":{\"@id\":\"https:\/\/www.transtoyou.com\/ro\/product\/atorvastatin\/#primaryimage\"},\"image\":{\"@id\":\"https:\/\/www.transtoyou.com\/ro\/product\/atorvastatin\/#primaryimage\"},\"thumbnailUrl\":\"https:\/\/www.transtoyou.com\/ro\/wp-content\/uploads\/sites\/13\/2026\/01\/tty-no-product-image-171.webp\",\"datePublished\":\"2026-01-25T23:38:08+00:00\",\"dateModified\":\"2026-01-25T23:39:14+00:00\",\"description\":\"Descoper\u0103 Atorvastatin pe Transtoyou: scade colesterolul LDL, \u00eembun\u0103t\u0103\u021be\u0219te s\u0103n\u0103tatea inimii \u0219i ob\u021bine un echilibru lipidic mai bun cu informa\u021biile noastre verificate de exper\u021bi.\",\"breadcrumb\":{\"@id\":\"https:\/\/www.transtoyou.com\/ro\/product\/atorvastatin\/#breadcrumb\"},\"inLanguage\":\"ro-RO\",\"potentialAction\":[{\"@type\":\"ReadAction\",\"target\":[\"https:\/\/www.transtoyou.com\/ro\/product\/atorvastatin\/\"]}]},{\"@type\":\"ImageObject\",\"inLanguage\":\"ro-RO\",\"@id\":\"https:\/\/www.transtoyou.com\/ro\/product\/atorvastatin\/#primaryimage\",\"url\":\"https:\/\/www.transtoyou.com\/ro\/wp-content\/uploads\/sites\/13\/2026\/01\/tty-no-product-image-171.webp\",\"contentUrl\":\"https:\/\/www.transtoyou.com\/ro\/wp-content\/uploads\/sites\/13\/2026\/01\/tty-no-product-image-171.webp\",\"width\":1000,\"height\":1000,\"caption\":\"Imaginea produsului implicit\"},{\"@type\":\"WebSite\",\"@id\":\"https:\/\/www.transtoyou.com\/ro\/#website\",\"url\":\"https:\/\/www.transtoyou.com\/ro\/\",\"name\":\"Transtoyou - RO\",\"description\":\"\",\"publisher\":{\"@id\":\"https:\/\/www.transtoyou.com\/ro\/#organization\"},\"potentialAction\":[{\"@type\":\"SearchAction\",\"target\":{\"@type\":\"EntryPoint\",\"urlTemplate\":\"https:\/\/www.transtoyou.com\/ro\/?s={search_term_string}\"},\"query-input\":{\"@type\":\"PropertyValueSpecification\",\"valueRequired\":true,\"valueName\":\"search_term_string\"}}],\"inLanguage\":\"ro-RO\"},{\"@type\":\"Organization\",\"@id\":\"https:\/\/www.transtoyou.com\/ro\/#organization\",\"name\":\"Transtoyou - RO\",\"url\":\"https:\/\/www.transtoyou.com\/ro\/\",\"logo\":{\"@type\":\"ImageObject\",\"inLanguage\":\"ro-RO\",\"@id\":\"https:\/\/www.transtoyou.com\/ro\/#\/schema\/logo\/image\/\",\"url\":\"https:\/\/www.transtoyou.com\/ro\/wp-content\/uploads\/sites\/13\/2026\/01\/logo-tty-menu-bar-300x87-1.webp\",\"contentUrl\":\"https:\/\/www.transtoyou.com\/ro\/wp-content\/uploads\/sites\/13\/2026\/01\/logo-tty-menu-bar-300x87-1.webp\",\"width\":300,\"height\":87,\"caption\":\"Transtoyou - RO\"},\"image\":{\"@id\":\"https:\/\/www.transtoyou.com\/ro\/#\/schema\/logo\/image\/\"}}]}<\/script>\n<!-- \/ Yoast SEO plugin. -->","yoast_head_json":{"title":"Atorvastatin | Scade LDL, \u00cembun\u0103t\u0103\u021be\u0219te S\u0103n\u0103tatea Inimii - Transtoyou","description":"Descoper\u0103 Atorvastatin pe Transtoyou: scade colesterolul LDL, \u00eembun\u0103t\u0103\u021be\u0219te s\u0103n\u0103tatea inimii \u0219i ob\u021bine un echilibru lipidic mai bun cu informa\u021biile noastre verificate de exper\u021bi.","robots":{"index":"noindex","follow":"follow","max-snippet":"max-snippet:-1","max-image-preview":"max-image-preview:large","max-video-preview":"max-video-preview:-1"},"og_locale":"ro_RO","og_type":"article","og_title":"Atorvastatin | Scade LDL, \u00cembun\u0103t\u0103\u021be\u0219te S\u0103n\u0103tatea Inimii - Transtoyou","og_description":"Descoper\u0103 Atorvastatin pe Transtoyou: scade colesterolul LDL, \u00eembun\u0103t\u0103\u021be\u0219te s\u0103n\u0103tatea inimii \u0219i ob\u021bine un echilibru lipidic mai bun cu informa\u021biile noastre verificate de exper\u021bi.","og_url":"https:\/\/www.transtoyou.com\/ro\/product\/atorvastatin\/","og_site_name":"Transtoyou - RO","article_modified_time":"2026-01-25T23:39:14+00:00","twitter_card":"summary_large_image","twitter_misc":{"Timp estimat pentru citire":"2 minute"},"schema":{"@context":"https:\/\/schema.org","@graph":[{"@type":"WebPage","@id":"https:\/\/www.transtoyou.com\/ro\/product\/atorvastatin\/","url":"https:\/\/www.transtoyou.com\/ro\/product\/atorvastatin\/","name":"Atorvastatin | Scade LDL, \u00cembun\u0103t\u0103\u021be\u0219te S\u0103n\u0103tatea Inimii - Transtoyou","isPartOf":{"@id":"https:\/\/www.transtoyou.com\/ro\/#website"},"primaryImageOfPage":{"@id":"https:\/\/www.transtoyou.com\/ro\/product\/atorvastatin\/#primaryimage"},"image":{"@id":"https:\/\/www.transtoyou.com\/ro\/product\/atorvastatin\/#primaryimage"},"thumbnailUrl":"https:\/\/www.transtoyou.com\/ro\/wp-content\/uploads\/sites\/13\/2026\/01\/tty-no-product-image-171.webp","datePublished":"2026-01-25T23:38:08+00:00","dateModified":"2026-01-25T23:39:14+00:00","description":"Descoper\u0103 Atorvastatin pe Transtoyou: scade colesterolul LDL, \u00eembun\u0103t\u0103\u021be\u0219te s\u0103n\u0103tatea inimii \u0219i ob\u021bine un echilibru lipidic mai bun cu informa\u021biile noastre verificate de exper\u021bi.","breadcrumb":{"@id":"https:\/\/www.transtoyou.com\/ro\/product\/atorvastatin\/#breadcrumb"},"inLanguage":"ro-RO","potentialAction":[{"@type":"ReadAction","target":["https:\/\/www.transtoyou.com\/ro\/product\/atorvastatin\/"]}]},{"@type":"ImageObject","inLanguage":"ro-RO","@id":"https:\/\/www.transtoyou.com\/ro\/product\/atorvastatin\/#primaryimage","url":"https:\/\/www.transtoyou.com\/ro\/wp-content\/uploads\/sites\/13\/2026\/01\/tty-no-product-image-171.webp","contentUrl":"https:\/\/www.transtoyou.com\/ro\/wp-content\/uploads\/sites\/13\/2026\/01\/tty-no-product-image-171.webp","width":1000,"height":1000,"caption":"Imaginea produsului implicit"},{"@type":"WebSite","@id":"https:\/\/www.transtoyou.com\/ro\/#website","url":"https:\/\/www.transtoyou.com\/ro\/","name":"Transtoyou - RO","description":"","publisher":{"@id":"https:\/\/www.transtoyou.com\/ro\/#organization"},"potentialAction":[{"@type":"SearchAction","target":{"@type":"EntryPoint","urlTemplate":"https:\/\/www.transtoyou.com\/ro\/?s={search_term_string}"},"query-input":{"@type":"PropertyValueSpecification","valueRequired":true,"valueName":"search_term_string"}}],"inLanguage":"ro-RO"},{"@type":"Organization","@id":"https:\/\/www.transtoyou.com\/ro\/#organization","name":"Transtoyou - RO","url":"https:\/\/www.transtoyou.com\/ro\/","logo":{"@type":"ImageObject","inLanguage":"ro-RO","@id":"https:\/\/www.transtoyou.com\/ro\/#\/schema\/logo\/image\/","url":"https:\/\/www.transtoyou.com\/ro\/wp-content\/uploads\/sites\/13\/2026\/01\/logo-tty-menu-bar-300x87-1.webp","contentUrl":"https:\/\/www.transtoyou.com\/ro\/wp-content\/uploads\/sites\/13\/2026\/01\/logo-tty-menu-bar-300x87-1.webp","width":300,"height":87,"caption":"Transtoyou - RO"},"image":{"@id":"https:\/\/www.transtoyou.com\/ro\/#\/schema\/logo\/image\/"}}]}},"_links":{"self":[{"href":"https:\/\/www.transtoyou.com\/ro\/wp-json\/wp\/v2\/product\/1003","targetHints":{"allow":["GET"]}}],"collection":[{"href":"https:\/\/www.transtoyou.com\/ro\/wp-json\/wp\/v2\/product"}],"about":[{"href":"https:\/\/www.transtoyou.com\/ro\/wp-json\/wp\/v2\/types\/product"}],"replies":[{"embeddable":true,"href":"https:\/\/www.transtoyou.com\/ro\/wp-json\/wp\/v2\/comments?post=1003"}],"wp:featuredmedia":[{"embeddable":true,"href":"https:\/\/www.transtoyou.com\/ro\/wp-json\/wp\/v2\/media\/1005"}],"wp:attachment":[{"href":"https:\/\/www.transtoyou.com\/ro\/wp-json\/wp\/v2\/media?parent=1003"}],"wp:term":[{"taxonomy":"product_brand","embeddable":true,"href":"https:\/\/www.transtoyou.com\/ro\/wp-json\/wp\/v2\/product_brand?post=1003"},{"taxonomy":"product_cat","embeddable":true,"href":"https:\/\/www.transtoyou.com\/ro\/wp-json\/wp\/v2\/product_cat?post=1003"},{"taxonomy":"product_tag","embeddable":true,"href":"https:\/\/www.transtoyou.com\/ro\/wp-json\/wp\/v2\/product_tag?post=1003"},{"taxonomy":"expert","embeddable":true,"href":"https:\/\/www.transtoyou.com\/ro\/wp-json\/wp\/v2\/expert?post=1003"}],"curies":[{"name":"wp","href":"https:\/\/api.w.org\/{rel}","templated":true}]}}