{"id":1008,"date":"2026-01-26T00:17:22","date_gmt":"2026-01-26T00:17:22","guid":{"rendered":"https:\/\/www.transtoyou.com\/ro\/product\/campral\/"},"modified":"2026-01-26T00:18:45","modified_gmt":"2026-01-26T00:18:45","slug":"campral","status":"publish","type":"product","link":"https:\/\/www.transtoyou.com\/ro\/product\/campral\/","title":{"rendered":"Campral"},"content":{"rendered":"<p>Campral (Acamprosate) este un medicament destinat s\u0103 sprijine persoanele care se recupereaz\u0103 dup\u0103 dependen\u021ba de alcool. Ajut\u0103 la reducerea poftei de alcool \u0219i sus\u021bine abstinen\u021ba pe termen lung prin stabilizarea activit\u0103\u021bii neurotransmi\u021b\u0103torilor \u00een creier. Consumul cronic de alcool perturb\u0103 echilibrul \u00eentre neurotransmi\u021b\u0103torii excitatori \u0219i inhibitori, duc\u00e2nd la dependen\u021b\u0103 \u0219i simptome de sevraj. Campral ac\u021bioneaz\u0103 prin modularea activit\u0103\u021bii glutamatului \u0219i GABA, ajut\u00e2nd creierul s\u0103-\u0219i rec\u00e2\u0219tige echilibrul natural.<\/p>\n<p>Spre deosebire de medicamentele care cauzeaz\u0103 efecte adverse atunci c\u00e2nd se consum\u0103 alcool, Campral nu face ca b\u0103utul s\u0103 fie nepl\u0103cut. \u00cen schimb, reduce dorin\u021ba psihologic\u0103 de a bea, facilit\u00e2nd men\u021binerea sobriet\u0103\u021bii. Este cel mai eficient atunci c\u00e2nd este utilizat \u00eempreun\u0103 cu consilierea sau terapia ca parte a unui program de tratament cuprinz\u0103tor.<\/p>\n<p>Prin sc\u0103derea poftei de alcool, Campral ajut\u0103 la prevenirea recidivei \u0219i sus\u021bine recuperarea pe termen lung. Nu este adictiv \u0219i nu produce simptome de sevraj atunci c\u00e2nd este oprit. Medicamentul este \u00een general bine tolerat, cele mai comune efecte secundare fiind probleme gastrointestinale u\u0219oare, cum ar fi diareea, grea\u021ba sau disconfortul abdominal. Acestea dispar de obicei \u00een timp, pe m\u0103sur\u0103 ce organismul se adapteaz\u0103.<\/p>\n<p>Campral este deosebit de benefic pentru persoanele care au finalizat deja faza ini\u021bial\u0103 de detoxifiere \u0219i sunt angajate s\u0103 men\u021bin\u0103 abstinen\u021ba. Studiile au ar\u0103tat c\u0103 acesta cre\u0219te \u0219ansele de sobrietate pe termen lung atunci c\u00e2nd este luat conform prescrip\u021biei. De\u0219i nu func\u021bioneaz\u0103 pentru toat\u0103 lumea, cei care respect\u0103 planul de tratament \u0219i primesc suport psihologic au \u0219anse mai mari s\u0103 beneficieze.<\/p>\n","protected":false},"excerpt":{"rendered":"<ul>\n<li>Reduce poftele \u0219i sus\u021bine sobrietea pe termen lung<\/li>\n<li>Restabile\u0219te echilibrul cerebral dup\u0103 consumul de alcool<\/li>\n<li>Non-adictiv \u0219i, \u00een general, bine tolerat<\/li>\n<\/ul>\n","protected":false},"featured_media":1010,"comment_status":"open","ping_status":"closed","template":"","meta":[],"product_brand":[],"product_cat":[55],"product_tag":[],"expert":[16],"class_list":{"0":"post-1008","1":"product","2":"type-product","3":"status-publish","4":"has-post-thumbnail","6":"product_cat-ajutoare-pentru-recuperarea-din-alcoolism","7":"expert-dr-c-alexandru","9":"first","10":"instock","11":"shipping-taxable","12":"product-type-variable"},"yoast_head":"<!-- This site is optimized with the Yoast SEO plugin v27.0 - https:\/\/yoast.com\/product\/yoast-seo-wordpress\/ -->\n<title>Campral | Suport pentru a r\u0103m\u00e2ne f\u0103r\u0103 alcool - Transtoyou - RO<\/title>\n<meta name=\"description\" content=\"Campral reduce poftele de alcool, sprijinind recuperarea. Non-adictiv \u0219i bine tolerat, ajut\u0103 la men\u021binerea sobriet\u0103\u021bii pe termen lung. Disponibil la Transtoyou.\" \/>\n<meta name=\"robots\" content=\"noindex, follow, max-snippet:-1, max-image-preview:large, max-video-preview:-1\" \/>\n<meta property=\"og:locale\" content=\"ro_RO\" \/>\n<meta property=\"og:type\" content=\"article\" \/>\n<meta property=\"og:title\" content=\"Campral | Suport pentru a r\u0103m\u00e2ne f\u0103r\u0103 alcool - Transtoyou - RO\" \/>\n<meta property=\"og:description\" content=\"Campral reduce poftele de alcool, sprijinind recuperarea. Non-adictiv \u0219i bine tolerat, ajut\u0103 la men\u021binerea sobriet\u0103\u021bii pe termen lung. Disponibil la Transtoyou.\" \/>\n<meta property=\"og:url\" content=\"https:\/\/www.transtoyou.com\/ro\/product\/campral\/\" \/>\n<meta property=\"og:site_name\" content=\"Transtoyou - RO\" \/>\n<meta property=\"article:modified_time\" content=\"2026-01-26T00:18:45+00:00\" \/>\n<meta name=\"twitter:card\" content=\"summary_large_image\" \/>\n<meta name=\"twitter:label1\" content=\"Timp estimat pentru citire\" \/>\n\t<meta name=\"twitter:data1\" content=\"1 minut\" \/>\n<script type=\"application\/ld+json\" class=\"yoast-schema-graph\">{\"@context\":\"https:\/\/schema.org\",\"@graph\":[{\"@type\":\"WebPage\",\"@id\":\"https:\/\/www.transtoyou.com\/ro\/product\/campral\/\",\"url\":\"https:\/\/www.transtoyou.com\/ro\/product\/campral\/\",\"name\":\"Campral | Suport pentru a r\u0103m\u00e2ne f\u0103r\u0103 alcool - Transtoyou - RO\",\"isPartOf\":{\"@id\":\"https:\/\/www.transtoyou.com\/ro\/#website\"},\"primaryImageOfPage\":{\"@id\":\"https:\/\/www.transtoyou.com\/ro\/product\/campral\/#primaryimage\"},\"image\":{\"@id\":\"https:\/\/www.transtoyou.com\/ro\/product\/campral\/#primaryimage\"},\"thumbnailUrl\":\"https:\/\/www.transtoyou.com\/ro\/wp-content\/uploads\/sites\/13\/2026\/01\/tty-no-product-image-173.webp\",\"datePublished\":\"2026-01-26T00:17:22+00:00\",\"dateModified\":\"2026-01-26T00:18:45+00:00\",\"description\":\"Campral reduce poftele de alcool, sprijinind recuperarea. Non-adictiv \u0219i bine tolerat, ajut\u0103 la men\u021binerea sobriet\u0103\u021bii pe termen lung. Disponibil la Transtoyou.\",\"breadcrumb\":{\"@id\":\"https:\/\/www.transtoyou.com\/ro\/product\/campral\/#breadcrumb\"},\"inLanguage\":\"ro-RO\",\"potentialAction\":[{\"@type\":\"ReadAction\",\"target\":[\"https:\/\/www.transtoyou.com\/ro\/product\/campral\/\"]}]},{\"@type\":\"ImageObject\",\"inLanguage\":\"ro-RO\",\"@id\":\"https:\/\/www.transtoyou.com\/ro\/product\/campral\/#primaryimage\",\"url\":\"https:\/\/www.transtoyou.com\/ro\/wp-content\/uploads\/sites\/13\/2026\/01\/tty-no-product-image-173.webp\",\"contentUrl\":\"https:\/\/www.transtoyou.com\/ro\/wp-content\/uploads\/sites\/13\/2026\/01\/tty-no-product-image-173.webp\",\"width\":1000,\"height\":1000,\"caption\":\"Imaginea implicit\u0103 a produsului\"},{\"@type\":\"WebSite\",\"@id\":\"https:\/\/www.transtoyou.com\/ro\/#website\",\"url\":\"https:\/\/www.transtoyou.com\/ro\/\",\"name\":\"Transtoyou - RO\",\"description\":\"\",\"publisher\":{\"@id\":\"https:\/\/www.transtoyou.com\/ro\/#organization\"},\"potentialAction\":[{\"@type\":\"SearchAction\",\"target\":{\"@type\":\"EntryPoint\",\"urlTemplate\":\"https:\/\/www.transtoyou.com\/ro\/?s={search_term_string}\"},\"query-input\":{\"@type\":\"PropertyValueSpecification\",\"valueRequired\":true,\"valueName\":\"search_term_string\"}}],\"inLanguage\":\"ro-RO\"},{\"@type\":\"Organization\",\"@id\":\"https:\/\/www.transtoyou.com\/ro\/#organization\",\"name\":\"Transtoyou - RO\",\"url\":\"https:\/\/www.transtoyou.com\/ro\/\",\"logo\":{\"@type\":\"ImageObject\",\"inLanguage\":\"ro-RO\",\"@id\":\"https:\/\/www.transtoyou.com\/ro\/#\/schema\/logo\/image\/\",\"url\":\"https:\/\/www.transtoyou.com\/ro\/wp-content\/uploads\/sites\/13\/2026\/01\/logo-tty-menu-bar-300x87-1.webp\",\"contentUrl\":\"https:\/\/www.transtoyou.com\/ro\/wp-content\/uploads\/sites\/13\/2026\/01\/logo-tty-menu-bar-300x87-1.webp\",\"width\":300,\"height\":87,\"caption\":\"Transtoyou - RO\"},\"image\":{\"@id\":\"https:\/\/www.transtoyou.com\/ro\/#\/schema\/logo\/image\/\"}}]}<\/script>\n<!-- \/ Yoast SEO plugin. -->","yoast_head_json":{"title":"Campral | Suport pentru a r\u0103m\u00e2ne f\u0103r\u0103 alcool - Transtoyou - RO","description":"Campral reduce poftele de alcool, sprijinind recuperarea. Non-adictiv \u0219i bine tolerat, ajut\u0103 la men\u021binerea sobriet\u0103\u021bii pe termen lung. Disponibil la Transtoyou.","robots":{"index":"noindex","follow":"follow","max-snippet":"max-snippet:-1","max-image-preview":"max-image-preview:large","max-video-preview":"max-video-preview:-1"},"og_locale":"ro_RO","og_type":"article","og_title":"Campral | Suport pentru a r\u0103m\u00e2ne f\u0103r\u0103 alcool - Transtoyou - RO","og_description":"Campral reduce poftele de alcool, sprijinind recuperarea. Non-adictiv \u0219i bine tolerat, ajut\u0103 la men\u021binerea sobriet\u0103\u021bii pe termen lung. Disponibil la Transtoyou.","og_url":"https:\/\/www.transtoyou.com\/ro\/product\/campral\/","og_site_name":"Transtoyou - RO","article_modified_time":"2026-01-26T00:18:45+00:00","twitter_card":"summary_large_image","twitter_misc":{"Timp estimat pentru citire":"1 minut"},"schema":{"@context":"https:\/\/schema.org","@graph":[{"@type":"WebPage","@id":"https:\/\/www.transtoyou.com\/ro\/product\/campral\/","url":"https:\/\/www.transtoyou.com\/ro\/product\/campral\/","name":"Campral | Suport pentru a r\u0103m\u00e2ne f\u0103r\u0103 alcool - Transtoyou - RO","isPartOf":{"@id":"https:\/\/www.transtoyou.com\/ro\/#website"},"primaryImageOfPage":{"@id":"https:\/\/www.transtoyou.com\/ro\/product\/campral\/#primaryimage"},"image":{"@id":"https:\/\/www.transtoyou.com\/ro\/product\/campral\/#primaryimage"},"thumbnailUrl":"https:\/\/www.transtoyou.com\/ro\/wp-content\/uploads\/sites\/13\/2026\/01\/tty-no-product-image-173.webp","datePublished":"2026-01-26T00:17:22+00:00","dateModified":"2026-01-26T00:18:45+00:00","description":"Campral reduce poftele de alcool, sprijinind recuperarea. Non-adictiv \u0219i bine tolerat, ajut\u0103 la men\u021binerea sobriet\u0103\u021bii pe termen lung. Disponibil la Transtoyou.","breadcrumb":{"@id":"https:\/\/www.transtoyou.com\/ro\/product\/campral\/#breadcrumb"},"inLanguage":"ro-RO","potentialAction":[{"@type":"ReadAction","target":["https:\/\/www.transtoyou.com\/ro\/product\/campral\/"]}]},{"@type":"ImageObject","inLanguage":"ro-RO","@id":"https:\/\/www.transtoyou.com\/ro\/product\/campral\/#primaryimage","url":"https:\/\/www.transtoyou.com\/ro\/wp-content\/uploads\/sites\/13\/2026\/01\/tty-no-product-image-173.webp","contentUrl":"https:\/\/www.transtoyou.com\/ro\/wp-content\/uploads\/sites\/13\/2026\/01\/tty-no-product-image-173.webp","width":1000,"height":1000,"caption":"Imaginea implicit\u0103 a produsului"},{"@type":"WebSite","@id":"https:\/\/www.transtoyou.com\/ro\/#website","url":"https:\/\/www.transtoyou.com\/ro\/","name":"Transtoyou - RO","description":"","publisher":{"@id":"https:\/\/www.transtoyou.com\/ro\/#organization"},"potentialAction":[{"@type":"SearchAction","target":{"@type":"EntryPoint","urlTemplate":"https:\/\/www.transtoyou.com\/ro\/?s={search_term_string}"},"query-input":{"@type":"PropertyValueSpecification","valueRequired":true,"valueName":"search_term_string"}}],"inLanguage":"ro-RO"},{"@type":"Organization","@id":"https:\/\/www.transtoyou.com\/ro\/#organization","name":"Transtoyou - RO","url":"https:\/\/www.transtoyou.com\/ro\/","logo":{"@type":"ImageObject","inLanguage":"ro-RO","@id":"https:\/\/www.transtoyou.com\/ro\/#\/schema\/logo\/image\/","url":"https:\/\/www.transtoyou.com\/ro\/wp-content\/uploads\/sites\/13\/2026\/01\/logo-tty-menu-bar-300x87-1.webp","contentUrl":"https:\/\/www.transtoyou.com\/ro\/wp-content\/uploads\/sites\/13\/2026\/01\/logo-tty-menu-bar-300x87-1.webp","width":300,"height":87,"caption":"Transtoyou - RO"},"image":{"@id":"https:\/\/www.transtoyou.com\/ro\/#\/schema\/logo\/image\/"}}]}},"_links":{"self":[{"href":"https:\/\/www.transtoyou.com\/ro\/wp-json\/wp\/v2\/product\/1008","targetHints":{"allow":["GET"]}}],"collection":[{"href":"https:\/\/www.transtoyou.com\/ro\/wp-json\/wp\/v2\/product"}],"about":[{"href":"https:\/\/www.transtoyou.com\/ro\/wp-json\/wp\/v2\/types\/product"}],"replies":[{"embeddable":true,"href":"https:\/\/www.transtoyou.com\/ro\/wp-json\/wp\/v2\/comments?post=1008"}],"wp:featuredmedia":[{"embeddable":true,"href":"https:\/\/www.transtoyou.com\/ro\/wp-json\/wp\/v2\/media\/1010"}],"wp:attachment":[{"href":"https:\/\/www.transtoyou.com\/ro\/wp-json\/wp\/v2\/media?parent=1008"}],"wp:term":[{"taxonomy":"product_brand","embeddable":true,"href":"https:\/\/www.transtoyou.com\/ro\/wp-json\/wp\/v2\/product_brand?post=1008"},{"taxonomy":"product_cat","embeddable":true,"href":"https:\/\/www.transtoyou.com\/ro\/wp-json\/wp\/v2\/product_cat?post=1008"},{"taxonomy":"product_tag","embeddable":true,"href":"https:\/\/www.transtoyou.com\/ro\/wp-json\/wp\/v2\/product_tag?post=1008"},{"taxonomy":"expert","embeddable":true,"href":"https:\/\/www.transtoyou.com\/ro\/wp-json\/wp\/v2\/expert?post=1008"}],"curies":[{"name":"wp","href":"https:\/\/api.w.org\/{rel}","templated":true}]}}