{"id":1011,"date":"2026-01-26T00:36:48","date_gmt":"2026-01-26T00:36:48","guid":{"rendered":"https:\/\/www.transtoyou.com\/ro\/product\/allergospasmin-n\/"},"modified":"2026-01-26T00:38:05","modified_gmt":"2026-01-26T00:38:05","slug":"allergospasmin-n","status":"publish","type":"product","link":"https:\/\/www.transtoyou.com\/ro\/product\/allergospasmin-n\/","title":{"rendered":"Allergospasmin N"},"content":{"rendered":"<p>Respira\u021bia este u\u0219oar\u0103 pentru majoritatea, dar pentru cei care se confrunt\u0103 cu astm \u0219i bronhospasme alergice, fiecare respira\u021bie poate p\u0103rea o lupt\u0103. Aici intervine Allergospasmin N, un companion de \u00eencredere \u00een lupta \u00eempotriva disconfortului respirator.<\/p>\n<p>Proiectat pentru a ameliora constric\u021bia bron\u0219ic\u0103 \u0219i a \u00eembun\u0103t\u0103\u021bi fluxul de aer, Allergospasmin N ac\u021bioneaz\u0103 rapid pentru a relaxa mu\u0219chii netezi ai c\u0103ilor respiratorii, u\u0219ur\u00e2nd dificult\u0103\u021bile de respira\u021bie cauzate de astm, alergii sau alte afec\u021biuni respiratorii. Cu un amestec formulat cu grij\u0103 de bronhodilatatoare \u0219i antihistaminice, acest medicament ajut\u0103 la deschiderea c\u0103ilor respiratorii, reducerea inflama\u021biei \u0219i controlul reac\u021biilor alergice care declan\u0219eaz\u0103 disconfortul respirator.<\/p>\n<p>Indiferent dac\u0103 este vorba de o criz\u0103 de astm nea\u0219teptat\u0103 sau de wheezing cauzat de alergii, Allergospasmin N ofer\u0103 o u\u0219urare rapid\u0103 \u0219i eficient\u0103. Func\u021bioneaz\u0103 cel mai bine ca parte a unui plan de tratament structurat, oferind suport at\u00e2t pentru afec\u021biunile respiratorii acute, c\u00e2t \u0219i pentru cele cronice.<\/p>\n<p>Spre deosebire de unele medicamente care abordeaz\u0103 doar un aspect al disconfortului respirator, Allergospasmin N ofer\u0103 o abordare cuprinz\u0103toare, viz\u00e2nd at\u00e2t constric\u021bia muscular\u0103, c\u00e2t \u0219i r\u0103spunsurile alergice. Ajut\u00e2nd indivizii s\u0103 rec\u00e2\u0219tige controlul asupra respira\u021biei lor, le ofer\u0103 puterea de a duce vie\u021bi active \u0219i f\u0103r\u0103 restric\u021bii.<\/p>\n<p>De\u0219i este foarte eficient, acest medicament ar trebui s\u0103 fie \u00eentotdeauna administrat sub \u00eendrumarea unui profesionist din domeniul s\u0103n\u0103t\u0103\u021bii. Unele persoane pot experimenta efecte secundare u\u0219oare, cum ar fi ame\u021beli, gur\u0103 uscat\u0103 sau disconfort gastrointestinal u\u0219or, care de obicei dispar \u00een timp.<\/p>\n","protected":false},"excerpt":{"rendered":"<ul>\n<li>Ofer\u0103 u\u0219urare \u00een cazul astmului \u0219i bronhospasmelor alergice.<\/li>\n<li>Ajut\u0103 la deschiderea c\u0103ilor respiratorii \u0219i \u00eembun\u0103t\u0103\u021be\u0219te respira\u021bia.<\/li>\n<li>Suport cu ac\u021biune rapid\u0103 pentru dificult\u0103\u021bile respiratorii.<\/li>\n<\/ul>\n","protected":false},"featured_media":1013,"comment_status":"open","ping_status":"closed","template":"","meta":[],"product_brand":[],"product_cat":[61],"product_tag":[],"expert":[16],"class_list":{"0":"post-1011","1":"product","2":"type-product","3":"status-publish","4":"has-post-thumbnail","6":"product_cat-astm","7":"expert-dr-c-alexandru","9":"first","10":"instock","11":"shipping-taxable","12":"product-type-variable"},"yoast_head":"<!-- This site is optimized with the Yoast SEO plugin v27.0 - https:\/\/yoast.com\/product\/yoast-seo-wordpress\/ -->\n<title>Allergospasmin N | Suport pentru Respira\u021bie F\u0103cut U\u0219or - Transtoyou - RO<\/title>\n<meta name=\"description\" content=\"Allergospasmin N amelioreaz\u0103 rapid simptomele astmului \u0219i alergiilor, \u00eembun\u0103t\u0103\u021bind fluxul de aer. Cump\u0103r\u0103 acum pentru o u\u0219urare eficient\u0103 a disconfortului respirator.\" \/>\n<meta name=\"robots\" content=\"noindex, follow, max-snippet:-1, max-image-preview:large, max-video-preview:-1\" \/>\n<meta property=\"og:locale\" content=\"ro_RO\" \/>\n<meta property=\"og:type\" content=\"article\" \/>\n<meta property=\"og:title\" content=\"Allergospasmin N | Suport pentru Respira\u021bie F\u0103cut U\u0219or - Transtoyou - RO\" \/>\n<meta property=\"og:description\" content=\"Allergospasmin N amelioreaz\u0103 rapid simptomele astmului \u0219i alergiilor, \u00eembun\u0103t\u0103\u021bind fluxul de aer. Cump\u0103r\u0103 acum pentru o u\u0219urare eficient\u0103 a disconfortului respirator.\" \/>\n<meta property=\"og:url\" content=\"https:\/\/www.transtoyou.com\/ro\/product\/allergospasmin-n\/\" \/>\n<meta property=\"og:site_name\" content=\"Transtoyou - RO\" \/>\n<meta property=\"article:modified_time\" content=\"2026-01-26T00:38:05+00:00\" \/>\n<meta name=\"twitter:card\" content=\"summary_large_image\" \/>\n<meta name=\"twitter:label1\" content=\"Timp estimat pentru citire\" \/>\n\t<meta name=\"twitter:data1\" content=\"1 minut\" \/>\n<script type=\"application\/ld+json\" class=\"yoast-schema-graph\">{\"@context\":\"https:\/\/schema.org\",\"@graph\":[{\"@type\":\"WebPage\",\"@id\":\"https:\/\/www.transtoyou.com\/ro\/product\/allergospasmin-n\/\",\"url\":\"https:\/\/www.transtoyou.com\/ro\/product\/allergospasmin-n\/\",\"name\":\"Allergospasmin N | Suport pentru Respira\u021bie F\u0103cut U\u0219or - Transtoyou - RO\",\"isPartOf\":{\"@id\":\"https:\/\/www.transtoyou.com\/ro\/#website\"},\"primaryImageOfPage\":{\"@id\":\"https:\/\/www.transtoyou.com\/ro\/product\/allergospasmin-n\/#primaryimage\"},\"image\":{\"@id\":\"https:\/\/www.transtoyou.com\/ro\/product\/allergospasmin-n\/#primaryimage\"},\"thumbnailUrl\":\"https:\/\/www.transtoyou.com\/ro\/wp-content\/uploads\/sites\/13\/2026\/01\/tty-no-product-image-174.webp\",\"datePublished\":\"2026-01-26T00:36:48+00:00\",\"dateModified\":\"2026-01-26T00:38:05+00:00\",\"description\":\"Allergospasmin N amelioreaz\u0103 rapid simptomele astmului \u0219i alergiilor, \u00eembun\u0103t\u0103\u021bind fluxul de aer. Cump\u0103r\u0103 acum pentru o u\u0219urare eficient\u0103 a disconfortului respirator.\",\"breadcrumb\":{\"@id\":\"https:\/\/www.transtoyou.com\/ro\/product\/allergospasmin-n\/#breadcrumb\"},\"inLanguage\":\"ro-RO\",\"potentialAction\":[{\"@type\":\"ReadAction\",\"target\":[\"https:\/\/www.transtoyou.com\/ro\/product\/allergospasmin-n\/\"]}]},{\"@type\":\"ImageObject\",\"inLanguage\":\"ro-RO\",\"@id\":\"https:\/\/www.transtoyou.com\/ro\/product\/allergospasmin-n\/#primaryimage\",\"url\":\"https:\/\/www.transtoyou.com\/ro\/wp-content\/uploads\/sites\/13\/2026\/01\/tty-no-product-image-174.webp\",\"contentUrl\":\"https:\/\/www.transtoyou.com\/ro\/wp-content\/uploads\/sites\/13\/2026\/01\/tty-no-product-image-174.webp\",\"width\":1000,\"height\":1000,\"caption\":\"Imagine de produs implicit\"},{\"@type\":\"WebSite\",\"@id\":\"https:\/\/www.transtoyou.com\/ro\/#website\",\"url\":\"https:\/\/www.transtoyou.com\/ro\/\",\"name\":\"Transtoyou - RO\",\"description\":\"\",\"publisher\":{\"@id\":\"https:\/\/www.transtoyou.com\/ro\/#organization\"},\"potentialAction\":[{\"@type\":\"SearchAction\",\"target\":{\"@type\":\"EntryPoint\",\"urlTemplate\":\"https:\/\/www.transtoyou.com\/ro\/?s={search_term_string}\"},\"query-input\":{\"@type\":\"PropertyValueSpecification\",\"valueRequired\":true,\"valueName\":\"search_term_string\"}}],\"inLanguage\":\"ro-RO\"},{\"@type\":\"Organization\",\"@id\":\"https:\/\/www.transtoyou.com\/ro\/#organization\",\"name\":\"Transtoyou - RO\",\"url\":\"https:\/\/www.transtoyou.com\/ro\/\",\"logo\":{\"@type\":\"ImageObject\",\"inLanguage\":\"ro-RO\",\"@id\":\"https:\/\/www.transtoyou.com\/ro\/#\/schema\/logo\/image\/\",\"url\":\"https:\/\/www.transtoyou.com\/ro\/wp-content\/uploads\/sites\/13\/2026\/01\/logo-tty-menu-bar-300x87-1.webp\",\"contentUrl\":\"https:\/\/www.transtoyou.com\/ro\/wp-content\/uploads\/sites\/13\/2026\/01\/logo-tty-menu-bar-300x87-1.webp\",\"width\":300,\"height\":87,\"caption\":\"Transtoyou - RO\"},\"image\":{\"@id\":\"https:\/\/www.transtoyou.com\/ro\/#\/schema\/logo\/image\/\"}}]}<\/script>\n<!-- \/ Yoast SEO plugin. -->","yoast_head_json":{"title":"Allergospasmin N | Suport pentru Respira\u021bie F\u0103cut U\u0219or - Transtoyou - RO","description":"Allergospasmin N amelioreaz\u0103 rapid simptomele astmului \u0219i alergiilor, \u00eembun\u0103t\u0103\u021bind fluxul de aer. Cump\u0103r\u0103 acum pentru o u\u0219urare eficient\u0103 a disconfortului respirator.","robots":{"index":"noindex","follow":"follow","max-snippet":"max-snippet:-1","max-image-preview":"max-image-preview:large","max-video-preview":"max-video-preview:-1"},"og_locale":"ro_RO","og_type":"article","og_title":"Allergospasmin N | Suport pentru Respira\u021bie F\u0103cut U\u0219or - Transtoyou - RO","og_description":"Allergospasmin N amelioreaz\u0103 rapid simptomele astmului \u0219i alergiilor, \u00eembun\u0103t\u0103\u021bind fluxul de aer. Cump\u0103r\u0103 acum pentru o u\u0219urare eficient\u0103 a disconfortului respirator.","og_url":"https:\/\/www.transtoyou.com\/ro\/product\/allergospasmin-n\/","og_site_name":"Transtoyou - RO","article_modified_time":"2026-01-26T00:38:05+00:00","twitter_card":"summary_large_image","twitter_misc":{"Timp estimat pentru citire":"1 minut"},"schema":{"@context":"https:\/\/schema.org","@graph":[{"@type":"WebPage","@id":"https:\/\/www.transtoyou.com\/ro\/product\/allergospasmin-n\/","url":"https:\/\/www.transtoyou.com\/ro\/product\/allergospasmin-n\/","name":"Allergospasmin N | Suport pentru Respira\u021bie F\u0103cut U\u0219or - Transtoyou - RO","isPartOf":{"@id":"https:\/\/www.transtoyou.com\/ro\/#website"},"primaryImageOfPage":{"@id":"https:\/\/www.transtoyou.com\/ro\/product\/allergospasmin-n\/#primaryimage"},"image":{"@id":"https:\/\/www.transtoyou.com\/ro\/product\/allergospasmin-n\/#primaryimage"},"thumbnailUrl":"https:\/\/www.transtoyou.com\/ro\/wp-content\/uploads\/sites\/13\/2026\/01\/tty-no-product-image-174.webp","datePublished":"2026-01-26T00:36:48+00:00","dateModified":"2026-01-26T00:38:05+00:00","description":"Allergospasmin N amelioreaz\u0103 rapid simptomele astmului \u0219i alergiilor, \u00eembun\u0103t\u0103\u021bind fluxul de aer. Cump\u0103r\u0103 acum pentru o u\u0219urare eficient\u0103 a disconfortului respirator.","breadcrumb":{"@id":"https:\/\/www.transtoyou.com\/ro\/product\/allergospasmin-n\/#breadcrumb"},"inLanguage":"ro-RO","potentialAction":[{"@type":"ReadAction","target":["https:\/\/www.transtoyou.com\/ro\/product\/allergospasmin-n\/"]}]},{"@type":"ImageObject","inLanguage":"ro-RO","@id":"https:\/\/www.transtoyou.com\/ro\/product\/allergospasmin-n\/#primaryimage","url":"https:\/\/www.transtoyou.com\/ro\/wp-content\/uploads\/sites\/13\/2026\/01\/tty-no-product-image-174.webp","contentUrl":"https:\/\/www.transtoyou.com\/ro\/wp-content\/uploads\/sites\/13\/2026\/01\/tty-no-product-image-174.webp","width":1000,"height":1000,"caption":"Imagine de produs implicit"},{"@type":"WebSite","@id":"https:\/\/www.transtoyou.com\/ro\/#website","url":"https:\/\/www.transtoyou.com\/ro\/","name":"Transtoyou - RO","description":"","publisher":{"@id":"https:\/\/www.transtoyou.com\/ro\/#organization"},"potentialAction":[{"@type":"SearchAction","target":{"@type":"EntryPoint","urlTemplate":"https:\/\/www.transtoyou.com\/ro\/?s={search_term_string}"},"query-input":{"@type":"PropertyValueSpecification","valueRequired":true,"valueName":"search_term_string"}}],"inLanguage":"ro-RO"},{"@type":"Organization","@id":"https:\/\/www.transtoyou.com\/ro\/#organization","name":"Transtoyou - RO","url":"https:\/\/www.transtoyou.com\/ro\/","logo":{"@type":"ImageObject","inLanguage":"ro-RO","@id":"https:\/\/www.transtoyou.com\/ro\/#\/schema\/logo\/image\/","url":"https:\/\/www.transtoyou.com\/ro\/wp-content\/uploads\/sites\/13\/2026\/01\/logo-tty-menu-bar-300x87-1.webp","contentUrl":"https:\/\/www.transtoyou.com\/ro\/wp-content\/uploads\/sites\/13\/2026\/01\/logo-tty-menu-bar-300x87-1.webp","width":300,"height":87,"caption":"Transtoyou - RO"},"image":{"@id":"https:\/\/www.transtoyou.com\/ro\/#\/schema\/logo\/image\/"}}]}},"_links":{"self":[{"href":"https:\/\/www.transtoyou.com\/ro\/wp-json\/wp\/v2\/product\/1011","targetHints":{"allow":["GET"]}}],"collection":[{"href":"https:\/\/www.transtoyou.com\/ro\/wp-json\/wp\/v2\/product"}],"about":[{"href":"https:\/\/www.transtoyou.com\/ro\/wp-json\/wp\/v2\/types\/product"}],"replies":[{"embeddable":true,"href":"https:\/\/www.transtoyou.com\/ro\/wp-json\/wp\/v2\/comments?post=1011"}],"wp:featuredmedia":[{"embeddable":true,"href":"https:\/\/www.transtoyou.com\/ro\/wp-json\/wp\/v2\/media\/1013"}],"wp:attachment":[{"href":"https:\/\/www.transtoyou.com\/ro\/wp-json\/wp\/v2\/media?parent=1011"}],"wp:term":[{"taxonomy":"product_brand","embeddable":true,"href":"https:\/\/www.transtoyou.com\/ro\/wp-json\/wp\/v2\/product_brand?post=1011"},{"taxonomy":"product_cat","embeddable":true,"href":"https:\/\/www.transtoyou.com\/ro\/wp-json\/wp\/v2\/product_cat?post=1011"},{"taxonomy":"product_tag","embeddable":true,"href":"https:\/\/www.transtoyou.com\/ro\/wp-json\/wp\/v2\/product_tag?post=1011"},{"taxonomy":"expert","embeddable":true,"href":"https:\/\/www.transtoyou.com\/ro\/wp-json\/wp\/v2\/expert?post=1011"}],"curies":[{"name":"wp","href":"https:\/\/api.w.org\/{rel}","templated":true}]}}