{"id":1020,"date":"2026-01-26T01:29:01","date_gmt":"2026-01-26T01:29:01","guid":{"rendered":"https:\/\/www.transtoyou.com\/ro\/product\/arcoxia-etoricoxib\/"},"modified":"2026-01-26T01:30:06","modified_gmt":"2026-01-26T01:30:06","slug":"arcoxia-etoricoxib","status":"publish","type":"product","link":"https:\/\/www.transtoyou.com\/ro\/product\/arcoxia-etoricoxib\/","title":{"rendered":"Arcoxia (etoricoxib)"},"content":{"rendered":"<p>Arcoxia, care con\u021bine ingredientul activ etoricoxib, este un medicament pe baz\u0103 de re\u021bet\u0103 care apar\u021bine clasei de medicamente cunoscute sub numele de inhibitori selectivi COX-2, un tip de medicament antiinflamator nesteroidian (AINS). Ac\u021bioneaz\u0103 prin blocarea selectiv\u0103 a enzimei ciclooxigenaz\u0103-2 (COX-2), care joac\u0103 un rol crucial \u00een produc\u021bia de prostaglandine. Aceste substan\u021be chimice sunt responsabile pentru durere, inflama\u021bie \u0219i umflare.<\/p>\n<p>Arcoxia este utilizat\u0103 frecvent pentru a gestiona diferite tipuri de durere \u0219i inflama\u021bie asociate cu afec\u021biuni precum osteoartrita, artrita reumatoid\u0103, spondilita anchilozant\u0103, artrita gutoas\u0103 acut\u0103 \u0219i durerea cronic\u0103 de spate. De asemenea, poate fi utilizat\u0103 pentru gestionarea pe termen scurt a durerii moderate, cum ar fi cea care apare dup\u0103 o interven\u021bie chirurgical\u0103 dentar\u0103.<\/p>\n<p>Prin inhibarea COX-2 f\u0103r\u0103 a afecta semnificativ COX-1, Arcoxia ajut\u0103 la ameliorarea durerii \u0219i inflama\u021biei, minimiz\u00e2nd \u00een acela\u0219i timp efectele secundare gastrointestinale adesea \u00eent\u00e2lnite cu AINS-urile tradi\u021bionale. Cu toate acestea, riscurile cardiovasculare pot cre\u0219te cu utilizarea pe termen lung, \u00een special la doze mai mari.<\/p>\n<p>Arcoxia este cunoscut\u0103 pentru ac\u021biunea sa \u021bintit\u0103, care ofer\u0103 o ameliorare eficient\u0103 a durerii cu un risc mai sc\u0103zut de disconfort gastrointestinal. Dozarea sa o dat\u0103 pe zi ofer\u0103 comoditate pentru afec\u021biunile cronice.<\/p>\n","protected":false},"excerpt":{"rendered":"<ul>\n<li>NSAID selectiv COX-2 pentru controlul eficient al inflama\u021biei<\/li>\n<li>Dozare o dat\u0103 pe zi pentru u\u0219urin\u021ba utiliz\u0103rii<\/li>\n<li>Riscuri mai mici de irita\u021bie gastric\u0103 comparativ cu NSAID-urile tradi\u021bionale<\/li>\n<\/ul>\n","protected":false},"featured_media":1021,"comment_status":"open","ping_status":"closed","template":"","meta":[],"product_brand":[],"product_cat":[62],"product_tag":[],"expert":[19],"class_list":{"0":"post-1020","1":"product","2":"type-product","3":"status-publish","4":"has-post-thumbnail","6":"product_cat-durere-de-spate-muschi-si-articulatii","7":"expert-dr-j-vazquez","9":"first","10":"instock","11":"shipping-taxable","12":"product-type-variable"},"yoast_head":"<!-- This site is optimized with the Yoast SEO plugin v27.0 - https:\/\/yoast.com\/product\/yoast-seo-wordpress\/ -->\n<title>Arcoxia (etoricoxib) | Alivrare \u021aintit\u0103 pentru Dureri \u0219i Inflama\u021bie - Transtoyou - RO<\/title>\n<meta name=\"description\" content=\"Arcoxia ajut\u0103 la artrit\u0103, dureri de spate \u0219i inflama\u021bii articulare. Ob\u021bine re\u021beta ta online. Rapid, sigur \u0219i livrat discret la u\u0219a ta.\" \/>\n<meta name=\"robots\" content=\"noindex, follow, max-snippet:-1, max-image-preview:large, max-video-preview:-1\" \/>\n<meta property=\"og:locale\" content=\"ro_RO\" \/>\n<meta property=\"og:type\" content=\"article\" \/>\n<meta property=\"og:title\" content=\"Arcoxia (etoricoxib) | Alivrare \u021aintit\u0103 pentru Dureri \u0219i Inflama\u021bie - Transtoyou - RO\" \/>\n<meta property=\"og:description\" content=\"Arcoxia ajut\u0103 la artrit\u0103, dureri de spate \u0219i inflama\u021bii articulare. Ob\u021bine re\u021beta ta online. Rapid, sigur \u0219i livrat discret la u\u0219a ta.\" \/>\n<meta property=\"og:url\" content=\"https:\/\/www.transtoyou.com\/ro\/product\/arcoxia-etoricoxib\/\" \/>\n<meta property=\"og:site_name\" content=\"Transtoyou - RO\" \/>\n<meta property=\"article:modified_time\" content=\"2026-01-26T01:30:06+00:00\" \/>\n<meta name=\"twitter:card\" content=\"summary_large_image\" \/>\n<meta name=\"twitter:label1\" content=\"Timp estimat pentru citire\" \/>\n\t<meta name=\"twitter:data1\" content=\"1 minut\" \/>\n<script type=\"application\/ld+json\" class=\"yoast-schema-graph\">{\"@context\":\"https:\/\/schema.org\",\"@graph\":[{\"@type\":\"WebPage\",\"@id\":\"https:\/\/www.transtoyou.com\/ro\/product\/arcoxia-etoricoxib\/\",\"url\":\"https:\/\/www.transtoyou.com\/ro\/product\/arcoxia-etoricoxib\/\",\"name\":\"Arcoxia (etoricoxib) | Alivrare \u021aintit\u0103 pentru Dureri \u0219i Inflama\u021bie - Transtoyou - RO\",\"isPartOf\":{\"@id\":\"https:\/\/www.transtoyou.com\/ro\/#website\"},\"primaryImageOfPage\":{\"@id\":\"https:\/\/www.transtoyou.com\/ro\/product\/arcoxia-etoricoxib\/#primaryimage\"},\"image\":{\"@id\":\"https:\/\/www.transtoyou.com\/ro\/product\/arcoxia-etoricoxib\/#primaryimage\"},\"thumbnailUrl\":\"https:\/\/www.transtoyou.com\/ro\/wp-content\/uploads\/sites\/13\/2026\/01\/tty-no-product-image-177.webp\",\"datePublished\":\"2026-01-26T01:29:01+00:00\",\"dateModified\":\"2026-01-26T01:30:06+00:00\",\"description\":\"Arcoxia ajut\u0103 la artrit\u0103, dureri de spate \u0219i inflama\u021bii articulare. Ob\u021bine re\u021beta ta online. Rapid, sigur \u0219i livrat discret la u\u0219a ta.\",\"breadcrumb\":{\"@id\":\"https:\/\/www.transtoyou.com\/ro\/product\/arcoxia-etoricoxib\/#breadcrumb\"},\"inLanguage\":\"ro-RO\",\"potentialAction\":[{\"@type\":\"ReadAction\",\"target\":[\"https:\/\/www.transtoyou.com\/ro\/product\/arcoxia-etoricoxib\/\"]}]},{\"@type\":\"ImageObject\",\"inLanguage\":\"ro-RO\",\"@id\":\"https:\/\/www.transtoyou.com\/ro\/product\/arcoxia-etoricoxib\/#primaryimage\",\"url\":\"https:\/\/www.transtoyou.com\/ro\/wp-content\/uploads\/sites\/13\/2026\/01\/tty-no-product-image-177.webp\",\"contentUrl\":\"https:\/\/www.transtoyou.com\/ro\/wp-content\/uploads\/sites\/13\/2026\/01\/tty-no-product-image-177.webp\",\"width\":1000,\"height\":1000,\"caption\":\"Imaginea implicit\u0103 a produsului\"},{\"@type\":\"WebSite\",\"@id\":\"https:\/\/www.transtoyou.com\/ro\/#website\",\"url\":\"https:\/\/www.transtoyou.com\/ro\/\",\"name\":\"Transtoyou - RO\",\"description\":\"\",\"publisher\":{\"@id\":\"https:\/\/www.transtoyou.com\/ro\/#organization\"},\"potentialAction\":[{\"@type\":\"SearchAction\",\"target\":{\"@type\":\"EntryPoint\",\"urlTemplate\":\"https:\/\/www.transtoyou.com\/ro\/?s={search_term_string}\"},\"query-input\":{\"@type\":\"PropertyValueSpecification\",\"valueRequired\":true,\"valueName\":\"search_term_string\"}}],\"inLanguage\":\"ro-RO\"},{\"@type\":\"Organization\",\"@id\":\"https:\/\/www.transtoyou.com\/ro\/#organization\",\"name\":\"Transtoyou - RO\",\"url\":\"https:\/\/www.transtoyou.com\/ro\/\",\"logo\":{\"@type\":\"ImageObject\",\"inLanguage\":\"ro-RO\",\"@id\":\"https:\/\/www.transtoyou.com\/ro\/#\/schema\/logo\/image\/\",\"url\":\"https:\/\/www.transtoyou.com\/ro\/wp-content\/uploads\/sites\/13\/2026\/01\/logo-tty-menu-bar-300x87-1.webp\",\"contentUrl\":\"https:\/\/www.transtoyou.com\/ro\/wp-content\/uploads\/sites\/13\/2026\/01\/logo-tty-menu-bar-300x87-1.webp\",\"width\":300,\"height\":87,\"caption\":\"Transtoyou - RO\"},\"image\":{\"@id\":\"https:\/\/www.transtoyou.com\/ro\/#\/schema\/logo\/image\/\"}}]}<\/script>\n<!-- \/ Yoast SEO plugin. -->","yoast_head_json":{"title":"Arcoxia (etoricoxib) | Alivrare \u021aintit\u0103 pentru Dureri \u0219i Inflama\u021bie - Transtoyou - RO","description":"Arcoxia ajut\u0103 la artrit\u0103, dureri de spate \u0219i inflama\u021bii articulare. Ob\u021bine re\u021beta ta online. Rapid, sigur \u0219i livrat discret la u\u0219a ta.","robots":{"index":"noindex","follow":"follow","max-snippet":"max-snippet:-1","max-image-preview":"max-image-preview:large","max-video-preview":"max-video-preview:-1"},"og_locale":"ro_RO","og_type":"article","og_title":"Arcoxia (etoricoxib) | Alivrare \u021aintit\u0103 pentru Dureri \u0219i Inflama\u021bie - Transtoyou - RO","og_description":"Arcoxia ajut\u0103 la artrit\u0103, dureri de spate \u0219i inflama\u021bii articulare. Ob\u021bine re\u021beta ta online. Rapid, sigur \u0219i livrat discret la u\u0219a ta.","og_url":"https:\/\/www.transtoyou.com\/ro\/product\/arcoxia-etoricoxib\/","og_site_name":"Transtoyou - RO","article_modified_time":"2026-01-26T01:30:06+00:00","twitter_card":"summary_large_image","twitter_misc":{"Timp estimat pentru citire":"1 minut"},"schema":{"@context":"https:\/\/schema.org","@graph":[{"@type":"WebPage","@id":"https:\/\/www.transtoyou.com\/ro\/product\/arcoxia-etoricoxib\/","url":"https:\/\/www.transtoyou.com\/ro\/product\/arcoxia-etoricoxib\/","name":"Arcoxia (etoricoxib) | Alivrare \u021aintit\u0103 pentru Dureri \u0219i Inflama\u021bie - Transtoyou - RO","isPartOf":{"@id":"https:\/\/www.transtoyou.com\/ro\/#website"},"primaryImageOfPage":{"@id":"https:\/\/www.transtoyou.com\/ro\/product\/arcoxia-etoricoxib\/#primaryimage"},"image":{"@id":"https:\/\/www.transtoyou.com\/ro\/product\/arcoxia-etoricoxib\/#primaryimage"},"thumbnailUrl":"https:\/\/www.transtoyou.com\/ro\/wp-content\/uploads\/sites\/13\/2026\/01\/tty-no-product-image-177.webp","datePublished":"2026-01-26T01:29:01+00:00","dateModified":"2026-01-26T01:30:06+00:00","description":"Arcoxia ajut\u0103 la artrit\u0103, dureri de spate \u0219i inflama\u021bii articulare. Ob\u021bine re\u021beta ta online. Rapid, sigur \u0219i livrat discret la u\u0219a ta.","breadcrumb":{"@id":"https:\/\/www.transtoyou.com\/ro\/product\/arcoxia-etoricoxib\/#breadcrumb"},"inLanguage":"ro-RO","potentialAction":[{"@type":"ReadAction","target":["https:\/\/www.transtoyou.com\/ro\/product\/arcoxia-etoricoxib\/"]}]},{"@type":"ImageObject","inLanguage":"ro-RO","@id":"https:\/\/www.transtoyou.com\/ro\/product\/arcoxia-etoricoxib\/#primaryimage","url":"https:\/\/www.transtoyou.com\/ro\/wp-content\/uploads\/sites\/13\/2026\/01\/tty-no-product-image-177.webp","contentUrl":"https:\/\/www.transtoyou.com\/ro\/wp-content\/uploads\/sites\/13\/2026\/01\/tty-no-product-image-177.webp","width":1000,"height":1000,"caption":"Imaginea implicit\u0103 a produsului"},{"@type":"WebSite","@id":"https:\/\/www.transtoyou.com\/ro\/#website","url":"https:\/\/www.transtoyou.com\/ro\/","name":"Transtoyou - RO","description":"","publisher":{"@id":"https:\/\/www.transtoyou.com\/ro\/#organization"},"potentialAction":[{"@type":"SearchAction","target":{"@type":"EntryPoint","urlTemplate":"https:\/\/www.transtoyou.com\/ro\/?s={search_term_string}"},"query-input":{"@type":"PropertyValueSpecification","valueRequired":true,"valueName":"search_term_string"}}],"inLanguage":"ro-RO"},{"@type":"Organization","@id":"https:\/\/www.transtoyou.com\/ro\/#organization","name":"Transtoyou - RO","url":"https:\/\/www.transtoyou.com\/ro\/","logo":{"@type":"ImageObject","inLanguage":"ro-RO","@id":"https:\/\/www.transtoyou.com\/ro\/#\/schema\/logo\/image\/","url":"https:\/\/www.transtoyou.com\/ro\/wp-content\/uploads\/sites\/13\/2026\/01\/logo-tty-menu-bar-300x87-1.webp","contentUrl":"https:\/\/www.transtoyou.com\/ro\/wp-content\/uploads\/sites\/13\/2026\/01\/logo-tty-menu-bar-300x87-1.webp","width":300,"height":87,"caption":"Transtoyou - RO"},"image":{"@id":"https:\/\/www.transtoyou.com\/ro\/#\/schema\/logo\/image\/"}}]}},"_links":{"self":[{"href":"https:\/\/www.transtoyou.com\/ro\/wp-json\/wp\/v2\/product\/1020","targetHints":{"allow":["GET"]}}],"collection":[{"href":"https:\/\/www.transtoyou.com\/ro\/wp-json\/wp\/v2\/product"}],"about":[{"href":"https:\/\/www.transtoyou.com\/ro\/wp-json\/wp\/v2\/types\/product"}],"replies":[{"embeddable":true,"href":"https:\/\/www.transtoyou.com\/ro\/wp-json\/wp\/v2\/comments?post=1020"}],"wp:featuredmedia":[{"embeddable":true,"href":"https:\/\/www.transtoyou.com\/ro\/wp-json\/wp\/v2\/media\/1021"}],"wp:attachment":[{"href":"https:\/\/www.transtoyou.com\/ro\/wp-json\/wp\/v2\/media?parent=1020"}],"wp:term":[{"taxonomy":"product_brand","embeddable":true,"href":"https:\/\/www.transtoyou.com\/ro\/wp-json\/wp\/v2\/product_brand?post=1020"},{"taxonomy":"product_cat","embeddable":true,"href":"https:\/\/www.transtoyou.com\/ro\/wp-json\/wp\/v2\/product_cat?post=1020"},{"taxonomy":"product_tag","embeddable":true,"href":"https:\/\/www.transtoyou.com\/ro\/wp-json\/wp\/v2\/product_tag?post=1020"},{"taxonomy":"expert","embeddable":true,"href":"https:\/\/www.transtoyou.com\/ro\/wp-json\/wp\/v2\/expert?post=1020"}],"curies":[{"name":"wp","href":"https:\/\/api.w.org\/{rel}","templated":true}]}}