{"id":1541,"date":"2026-02-23T12:49:15","date_gmt":"2026-02-23T12:49:15","guid":{"rendered":"https:\/\/www.transtoyou.com\/ro\/product\/colchicine\/"},"modified":"2026-02-26T14:37:57","modified_gmt":"2026-02-26T14:37:57","slug":"colchicina","status":"publish","type":"product","link":"https:\/\/www.transtoyou.com\/ro\/product\/colchicina\/","title":{"rendered":"Colchicin\u0103"},"content":{"rendered":"<h2>Ce este Colchicina 0,5 mg?<\/h2>\n<p>Colchicina este un medicament oral pe baz\u0103 de prescrip\u021bie medical\u0103 care con\u021bine colchicin\u0103 ca substan\u021b\u0103 activ\u0103. Este utilizat\u0103 pentru a trata guta \u0219i anumite tulbur\u0103ri inflamatorii ereditare.<\/p>\n<p>Guta este un tip de artrit\u0103 inflamatorie cauzat\u0103 de acumularea de cristale de acid uric \u00een articula\u021bii. C\u00e2nd aceste cristale se formeaz\u0103, sistemul imunitar reac\u021bioneaz\u0103 puternic, provoc\u00e2nd dureri bru\u0219te, ro\u0219ea\u021b\u0103 \u0219i umfl\u0103turi.<\/p>\n<p>Colchicina nu elimin\u0103 acidul uric din organism. \u00cen schimb, reduce r\u0103spunsul inflamator al organismului la aceste cristale. Acest lucru ajut\u0103 la ameliorarea simptomelor \u00een timpul unui atac \u0219i poate reduce riscul de recidive atunci c\u00e2nd este utilizat\u0103 preventiv.<\/p>\n<p>Colchicina are o fereastr\u0103 terapeutic\u0103 \u00eengust\u0103. Aceasta \u00eenseamn\u0103 c\u0103 chiar \u0219i erorile mici de dozare pot cre\u0219te riscul de efecte secundare. Din acest motiv, trebuie utilizat\u0103 exact a\u0219a cum este prescris\u0103.<\/p>\n<h2>La ce se folose\u0219te Colchicina?<\/h2>\n<p>Colchicina este utilizat\u0103 la adul\u021bi pentru:<\/p>\n<ul>\n<li>Tratamentul atacurilor acute de gut\u0103<\/li>\n<li>Prevenirea atacurilor recurente de gut\u0103<\/li>\n<li>Prevenirea recidivelor de gut\u0103 atunci c\u00e2nd se \u00eencepe terapia de reducere a uratului<\/li>\n<\/ul>\n<p>Colchicina este, de asemenea, utilizat\u0103 \u00een gestionarea febrei mediteraneene familiale, o tulburare inflamatorie ereditare care provoac\u0103 episoade repetate de febr\u0103 \u0219i inflama\u021bie care afecteaz\u0103 abdomenul, pieptul sau articula\u021biile.<\/p>\n<p>La pacien\u021bii cu FMF, tratamentul pe termen lung cu colchicin\u0103 poate reduce semnificativ frecven\u021ba atacurilor \u0219i poate sc\u0103dea riscul de amiloidoz\u0103, o complica\u021bie grav\u0103 care poate afecta organe precum rinichii.<\/p>\n<p>Colchicina nu este un analgezic general. Aceasta vizeaz\u0103 \u00een mod specific inflama\u021bia legat\u0103 de depunerea cristalelor sau de condi\u021biile inflamatorii ereditare.<\/p>\n<h2>Cum ac\u021bioneaz\u0103 Colchicina?<\/h2>\n<p>C\u00e2nd cristalele de acid uric se depun \u00eentr-o articula\u021bie, celulele imune se deplaseaz\u0103 \u00een zona afectat\u0103 \u0219i elibereaz\u0103 substan\u021be inflamatorii. Aceast\u0103 reac\u021bie imun\u0103 provoac\u0103 umfl\u0103turi, c\u0103ldur\u0103 \u0219i durere.<\/p>\n<p>Colchicina ac\u021bioneaz\u0103 \u00een interiorul acestor celule imune. Interfereaz\u0103 cu formarea microtubulilor, ceea ce reduce mi\u0219carea \u0219i activarea celulelor inflamatorii. Ca rezultat, reac\u021bia inflamatorie devine mai pu\u021bin intens\u0103 \u0219i simptomele se \u00eembun\u0103t\u0103\u021besc.<\/p>\n<p>Deoarece colchicina este procesat\u0103 \u00een ficat \u0219i par\u021bial eliminat\u0103 prin rinichi, func\u021bia organelor afectate sau anumite interac\u021biuni medicamentoase pot cre\u0219te riscul de toxicitate.<\/p>\n<h2>Cine nu ar trebui s\u0103 ia Colchicina?<\/h2>\n<p>Nu utiliza\u021bi colchicina dac\u0103:<\/p>\n<ul>\n<li>Suntem alergici la colchicin\u0103 sau la oricare dintre ingredientele tabletelor<\/li>\n<li>Avem insuficien\u021b\u0103 renal\u0103 sever\u0103<\/li>\n<li>Avem insuficien\u021b\u0103 hepatic\u0103 sever\u0103<\/li>\n<li>Avem tulbur\u0103ri sanguine grave<\/li>\n<\/ul>\n<p>Colchicina nu trebuie utilizat\u0103 la pacien\u021bii cu insuficien\u021b\u0103 renal\u0103 sau hepatic\u0103 care iau, de asemenea, inhibitori puternici ai CYP3A4 sau P-glicoprotein\u0103, deoarece acest lucru poate duce la niveluri periculos de mari de colchicin\u0103.<\/p>\n<p>De asemenea, nu trebuie combinat\u0103 cu anumite medicamente care cresc semnificativ concentra\u021biile de colchicin\u0103, inclusiv:<\/p>\n<ul>\n<li>Antibiotice macrolide, cum ar fi claritromicina sau eritromicina<\/li>\n<li>Antifungice azolice, cum ar fi ketoconazolul sau itraconazolul<\/li>\n<li>Anumi\u021bi blocan\u021bi ai canalelor de calciu, cum ar fi verapamilul sau diltiazemul<\/li>\n<li>Ritonavir \u0219i al\u021bi inhibitori antivirali puternici<\/li>\n<li>Ciclosporin\u0103<\/li>\n<\/ul>\n<p>Aceste combina\u021bii pot duce la toxicitate sever\u0103 sau care pune via\u021ba \u00een pericol.<\/p>\n<h4>Graviditate \u0219i fertilitate<\/h4>\n<p>Utilizarea \u00een timpul sarcinii necesit\u0103 supraveghere medical\u0103 specializat\u0103. Beneficiile \u0219i riscurile trebuie evaluate individual, \u00een special la pacien\u021bii cu febr\u0103 mediteranean\u0103 familial\u0103, unde continuarea poate fi necesar\u0103.<\/p>\n<p>Al\u0103ptarea ar trebui s\u0103 aib\u0103 loc doar sub \u00eendrumarea medical\u0103.<\/p>\n<p>B\u0103rba\u021bii sunt, \u00een general, sf\u0103tui\u021bi s\u0103 nu devin\u0103 ta\u021bi \u00een timpul tratamentului \u0219i timp de cel pu\u021bin \u0219ase luni dup\u0103 oprirea colchicinei.<\/p>\n<h2>Dozajul Colchicinei \u0219i cum s\u0103 o lua\u021bi<\/h2>\n<p>Lua\u021bi \u00eentotdeauna colchicina exact a\u0219a cum v-a prescris medicul. Nu dep\u0103\u0219i\u021bi doza prescris\u0103.<\/p>\n<h4>Atac acut de gut\u0103<\/h4>\n<p>Doza obi\u0219nuit\u0103 pentru adul\u021bi este de 0,5 mg de dou\u0103 p\u00e2n\u0103 la trei ori pe zi. O doz\u0103 ini\u021bial\u0103 de 1 mg poate fi administrat\u0103 la \u00eenceputul tratamentului.<\/p>\n<p>Tratamentul ar trebui oprit dac\u0103:<\/p>\n<ul>\n<li>Apar simptome gastrointestinale semnificative<\/li>\n<li>Nu se observ\u0103 nicio \u00eembun\u0103t\u0103\u021bire dup\u0103 dou\u0103 p\u00e2n\u0103 la trei zile<\/li>\n<li>A fost atins\u0103 o doz\u0103 total\u0103 de 6 mg \u00eentr-un curs de tratament<\/li>\n<\/ul>\n<p>Nu repeta\u021bi un curs de tratament \u00een termen de trei zile.<\/p>\n<h4>Prevenirea atacurilor de gut\u0103<\/h4>\n<p>Doza preventiv\u0103 obi\u0219nuit\u0103 este de 0,5 mg p\u00e2n\u0103 la 1 mg pe zi.<\/p>\n<h4>Febra mediteranean\u0103 familial\u0103<\/h4>\n<p>Doza tipic\u0103 pentru adul\u021bi variaz\u0103 de la 1 mg la 3 mg pe zi. Dozele de peste 1 mg sunt de obicei \u00eemp\u0103r\u021bite pe parcursul zilei. Doza maxim\u0103 recomandat\u0103 pe zi este de 3 mg.<\/p>\n<p>Deoarece supradozajul cu colchicin\u0103 poate fi fatal, respectarea precis\u0103 a programului de dozare prescris este esen\u021bial\u0103.<\/p>\n<h2>Efecte secundare ale Colchicinei<\/h2>\n<p>Efectele secundare gastrointestinale sunt comune \u0219i pot fi semne timpurii de toxicitate.<\/p>\n<p>Efectele secundare foarte comune sau comune includ:<\/p>\n<ul>\n<li>Nausee<\/li>\n<li>V\u0103rs\u0103turi<\/li>\n<li>Dureri abdominale<\/li>\n<li>Diaree<\/li>\n<\/ul>\n<p>Dac\u0103 apar aceste simptome, trebuie solicitat sfatul medical.<\/p>\n<p>Efectele secundare mai pu\u021bin comune, dar grave, includ:<\/p>\n<ul>\n<li>Suprimarea m\u0103duvei osoase care duce la reducerea globulelor albe, anemie sau trombocite sc\u0103zute<\/li>\n<li>Dureri sau sl\u0103biciune muscular\u0103<\/li>\n<li>Rabdomioliz\u0103, o form\u0103 sever\u0103 de distrugere a mu\u0219chilor<\/li>\n<li>Dysfunc\u021bie hepatic\u0103<\/li>\n<li>Dysfunc\u021bie renal\u0103<\/li>\n<li>Pierdere \u00een greutate<\/li>\n<li>Deficien\u021b\u0103 de vitamina B12<\/li>\n<\/ul>\n<p>Simptomele precum febra, durerea \u00een g\u00e2t, v\u00e2n\u0103t\u0103ile neobi\u0219nuite sau s\u00e2nger\u0103rile necesit\u0103 evaluare medical\u0103 urgent\u0103.<\/p>\n<h2>Informa\u021bii importante de siguran\u021b\u0103<\/h2>\n<p>Colchicina are o marj\u0103 mic\u0103 de siguran\u021b\u0103. Luarea unei doze mai mari dec\u00e2t cea prescris\u0103, chiar \u0219i accidental, poate fi periculoas\u0103.<\/p>\n<p>Anumite medicamente pot cre\u0219te nivelurile de colchicin\u0103 \u00een s\u00e2nge \u0219i pot cre\u0219te riscul de toxicitate. Acestea includ unele antibiotice, medicamente antifungice, medicamente antivirale \u0219i medicamente pentru inim\u0103. Informa\u021bi \u00eentotdeauna medicul despre orice medicamente pe care le lua\u021bi.<\/p>\n<p>Grepfrutul \u0219i sucul de grepfrut ar trebui evitate \u00een timpul tratamentului, deoarece pot cre\u0219te cantitatea de colchicin\u0103 din s\u00e2ngele dumneavoastr\u0103.<\/p>\n<p>Dac\u0103 ave\u021bi probleme renale sau hepatice, doza dumneavoastr\u0103 poate necesita ajust\u0103ri. \u00cen cazuri severe, colchicina poate s\u0103 nu fie potrivit\u0103.<\/p>\n<h2>C\u00e2nd s\u0103 solicita\u021bi ajutor medical urgent<\/h2>\n<p>Solicita\u021bi aten\u021bie medical\u0103 urgent\u0103 dac\u0103 experimenta\u021bi:<\/p>\n<ul>\n<li>Diaree sever\u0103 sau persistent\u0103<\/li>\n<li>Dureri abdominale persistente<\/li>\n<li>Semne de infec\u021bie, cum ar fi febra sau durerea \u00een g\u00e2t<\/li>\n<li>V\u00e2n\u0103t\u0103i sau s\u00e2nger\u0103ri neobi\u0219nuite<\/li>\n<li>Dureri musculare asociate cu sl\u0103biciune<\/li>\n<li>Urina de culoare \u00eenchis\u0103<\/li>\n<li>Suspecta\u021bi o supradoz\u0103<\/li>\n<\/ul>\n<p>Toxicitatea cu colchicin\u0103 se poate dezvolta rapid \u0219i necesit\u0103 \u00eengrijiri medicale urgente.<\/p>\n<p>Dac\u0103 crede\u021bi c\u0103 colchicina ar putea fi potrivit\u0103 pentru afec\u021biunea dumneavoastr\u0103, pute\u021bi completa un chestionar medical online. Un medic licen\u021biat \u00een UE va revizui informa\u021biile dumneavoastr\u0103 pentru a determina dac\u0103 acest tratament este potrivit \u0219i sigur pentru dumneavoastr\u0103. Dac\u0103 este aprobat, re\u021beta dumneavoastr\u0103 va fi eliberat\u0103 de o farmacie reglementat\u0103 din UE \u0219i livrat\u0103 discret.<\/p>\n","protected":false},"excerpt":{"rendered":"<ul>\n<li>Tabletele de colchicin\u0103 0,5 mg sunt un medicament pe baz\u0103 de prescrip\u021bie medical\u0103 utilizat pentru tratamentul atacurilor acute de gut\u0103, prevenirea recidivelor de gut\u0103 \u0219i gestionarea pe termen lung a febrei mediteraneene familiale (FMF).<\/li>\n<li>Ingredient activ: Colchicin\u0103 0,5 mg per tablet\u0103<\/li>\n<li>Utilizat pentru: Tratamentul \u0219i prevenirea atacurilor de gut\u0103 \u0219i gestionarea febrei mediteraneene familiale (FMF)<\/li>\n<\/ul>\n","protected":false},"featured_media":1543,"comment_status":"open","ping_status":"closed","template":"","meta":[],"product_brand":[],"product_cat":[62],"product_tag":[],"expert":[19],"class_list":{"0":"post-1541","1":"product","2":"type-product","3":"status-publish","4":"has-post-thumbnail","6":"product_cat-durere-de-spate-muschi-si-articulatii","7":"expert-dr-j-vazquez","9":"first","10":"instock","11":"shipping-taxable","12":"product-type-variable"},"yoast_head":"<!-- This site is optimized with the Yoast SEO plugin v27.0 - https:\/\/yoast.com\/product\/yoast-seo-wordpress\/ -->\n<title>Colchicina | Informa\u021bii despre tratamentul crizelor de gut\u0103 - Transtoyou<\/title>\n<meta name=\"description\" content=\"Colchicina 0,5 mg pentru crizele de gut\u0103, disponibil\u0103 doar pe re\u021bet\u0103 prin medicii Transtoyou. Afl\u0103 cum func\u021bioneaz\u0103 \u0219i \u00eencepe evaluarea ta ast\u0103zi.\" \/>\n<meta name=\"robots\" content=\"noindex, follow, max-snippet:-1, max-image-preview:large, max-video-preview:-1\" \/>\n<meta property=\"og:locale\" content=\"ro_RO\" \/>\n<meta property=\"og:type\" content=\"article\" \/>\n<meta property=\"og:title\" content=\"Colchicina | Informa\u021bii despre tratamentul crizelor de gut\u0103 - Transtoyou\" \/>\n<meta property=\"og:description\" content=\"Colchicina 0,5 mg pentru crizele de gut\u0103, disponibil\u0103 doar pe re\u021bet\u0103 prin medicii Transtoyou. Afl\u0103 cum func\u021bioneaz\u0103 \u0219i \u00eencepe evaluarea ta ast\u0103zi.\" \/>\n<meta property=\"og:url\" content=\"https:\/\/www.transtoyou.com\/ro\/product\/colchicine\/\" \/>\n<meta property=\"og:site_name\" content=\"Transtoyou - RO\" \/>\n<meta property=\"article:modified_time\" content=\"2026-02-26T14:37:57+00:00\" \/>\n<meta name=\"twitter:card\" content=\"summary_large_image\" \/>\n<meta name=\"twitter:label1\" content=\"Timp estimat pentru citire\" \/>\n\t<meta name=\"twitter:data1\" content=\"6 minute\" \/>\n<script type=\"application\/ld+json\" class=\"yoast-schema-graph\">{\"@context\":\"https:\/\/schema.org\",\"@graph\":[{\"@type\":\"WebPage\",\"@id\":\"https:\/\/www.transtoyou.com\/ro\/product\/colchicine\/\",\"url\":\"https:\/\/www.transtoyou.com\/ro\/product\/colchicine\/\",\"name\":\"Colchicina | Informa\u021bii despre tratamentul crizelor de gut\u0103 - Transtoyou\",\"isPartOf\":{\"@id\":\"https:\/\/www.transtoyou.com\/ro\/#website\"},\"primaryImageOfPage\":{\"@id\":\"https:\/\/www.transtoyou.com\/ro\/product\/colchicine\/#primaryimage\"},\"image\":{\"@id\":\"https:\/\/www.transtoyou.com\/ro\/product\/colchicine\/#primaryimage\"},\"thumbnailUrl\":\"https:\/\/www.transtoyou.com\/ro\/wp-content\/uploads\/sites\/13\/2026\/02\/tty-no-product-image-5.webp\",\"datePublished\":\"2026-02-23T12:49:15+00:00\",\"dateModified\":\"2026-02-26T14:37:57+00:00\",\"description\":\"Colchicina 0,5 mg pentru crizele de gut\u0103, disponibil\u0103 doar pe re\u021bet\u0103 prin medicii Transtoyou. Afl\u0103 cum func\u021bioneaz\u0103 \u0219i \u00eencepe evaluarea ta ast\u0103zi.\",\"breadcrumb\":{\"@id\":\"https:\/\/www.transtoyou.com\/ro\/product\/colchicine\/#breadcrumb\"},\"inLanguage\":\"ro-RO\",\"potentialAction\":[{\"@type\":\"ReadAction\",\"target\":[\"https:\/\/www.transtoyou.com\/ro\/product\/colchicine\/\"]}]},{\"@type\":\"ImageObject\",\"inLanguage\":\"ro-RO\",\"@id\":\"https:\/\/www.transtoyou.com\/ro\/product\/colchicine\/#primaryimage\",\"url\":\"https:\/\/www.transtoyou.com\/ro\/wp-content\/uploads\/sites\/13\/2026\/02\/tty-no-product-image-5.webp\",\"contentUrl\":\"https:\/\/www.transtoyou.com\/ro\/wp-content\/uploads\/sites\/13\/2026\/02\/tty-no-product-image-5.webp\",\"width\":1000,\"height\":1000,\"caption\":\"Imaginea implicit\u0103 a produsului\"},{\"@type\":\"WebSite\",\"@id\":\"https:\/\/www.transtoyou.com\/ro\/#website\",\"url\":\"https:\/\/www.transtoyou.com\/ro\/\",\"name\":\"Transtoyou - RO\",\"description\":\"\",\"publisher\":{\"@id\":\"https:\/\/www.transtoyou.com\/ro\/#organization\"},\"potentialAction\":[{\"@type\":\"SearchAction\",\"target\":{\"@type\":\"EntryPoint\",\"urlTemplate\":\"https:\/\/www.transtoyou.com\/ro\/?s={search_term_string}\"},\"query-input\":{\"@type\":\"PropertyValueSpecification\",\"valueRequired\":true,\"valueName\":\"search_term_string\"}}],\"inLanguage\":\"ro-RO\"},{\"@type\":\"Organization\",\"@id\":\"https:\/\/www.transtoyou.com\/ro\/#organization\",\"name\":\"Transtoyou - RO\",\"url\":\"https:\/\/www.transtoyou.com\/ro\/\",\"logo\":{\"@type\":\"ImageObject\",\"inLanguage\":\"ro-RO\",\"@id\":\"https:\/\/www.transtoyou.com\/ro\/#\/schema\/logo\/image\/\",\"url\":\"https:\/\/www.transtoyou.com\/ro\/wp-content\/uploads\/sites\/13\/2026\/01\/logo-tty-menu-bar-300x87-1.webp\",\"contentUrl\":\"https:\/\/www.transtoyou.com\/ro\/wp-content\/uploads\/sites\/13\/2026\/01\/logo-tty-menu-bar-300x87-1.webp\",\"width\":300,\"height\":87,\"caption\":\"Transtoyou - RO\"},\"image\":{\"@id\":\"https:\/\/www.transtoyou.com\/ro\/#\/schema\/logo\/image\/\"}}]}<\/script>\n<!-- \/ Yoast SEO plugin. -->","yoast_head_json":{"title":"Colchicina | Informa\u021bii despre tratamentul crizelor de gut\u0103 - Transtoyou","description":"Colchicina 0,5 mg pentru crizele de gut\u0103, disponibil\u0103 doar pe re\u021bet\u0103 prin medicii Transtoyou. Afl\u0103 cum func\u021bioneaz\u0103 \u0219i \u00eencepe evaluarea ta ast\u0103zi.","robots":{"index":"noindex","follow":"follow","max-snippet":"max-snippet:-1","max-image-preview":"max-image-preview:large","max-video-preview":"max-video-preview:-1"},"og_locale":"ro_RO","og_type":"article","og_title":"Colchicina | Informa\u021bii despre tratamentul crizelor de gut\u0103 - Transtoyou","og_description":"Colchicina 0,5 mg pentru crizele de gut\u0103, disponibil\u0103 doar pe re\u021bet\u0103 prin medicii Transtoyou. Afl\u0103 cum func\u021bioneaz\u0103 \u0219i \u00eencepe evaluarea ta ast\u0103zi.","og_url":"https:\/\/www.transtoyou.com\/ro\/product\/colchicine\/","og_site_name":"Transtoyou - RO","article_modified_time":"2026-02-26T14:37:57+00:00","twitter_card":"summary_large_image","twitter_misc":{"Timp estimat pentru citire":"6 minute"},"schema":{"@context":"https:\/\/schema.org","@graph":[{"@type":"WebPage","@id":"https:\/\/www.transtoyou.com\/ro\/product\/colchicine\/","url":"https:\/\/www.transtoyou.com\/ro\/product\/colchicine\/","name":"Colchicina | Informa\u021bii despre tratamentul crizelor de gut\u0103 - Transtoyou","isPartOf":{"@id":"https:\/\/www.transtoyou.com\/ro\/#website"},"primaryImageOfPage":{"@id":"https:\/\/www.transtoyou.com\/ro\/product\/colchicine\/#primaryimage"},"image":{"@id":"https:\/\/www.transtoyou.com\/ro\/product\/colchicine\/#primaryimage"},"thumbnailUrl":"https:\/\/www.transtoyou.com\/ro\/wp-content\/uploads\/sites\/13\/2026\/02\/tty-no-product-image-5.webp","datePublished":"2026-02-23T12:49:15+00:00","dateModified":"2026-02-26T14:37:57+00:00","description":"Colchicina 0,5 mg pentru crizele de gut\u0103, disponibil\u0103 doar pe re\u021bet\u0103 prin medicii Transtoyou. Afl\u0103 cum func\u021bioneaz\u0103 \u0219i \u00eencepe evaluarea ta ast\u0103zi.","breadcrumb":{"@id":"https:\/\/www.transtoyou.com\/ro\/product\/colchicine\/#breadcrumb"},"inLanguage":"ro-RO","potentialAction":[{"@type":"ReadAction","target":["https:\/\/www.transtoyou.com\/ro\/product\/colchicine\/"]}]},{"@type":"ImageObject","inLanguage":"ro-RO","@id":"https:\/\/www.transtoyou.com\/ro\/product\/colchicine\/#primaryimage","url":"https:\/\/www.transtoyou.com\/ro\/wp-content\/uploads\/sites\/13\/2026\/02\/tty-no-product-image-5.webp","contentUrl":"https:\/\/www.transtoyou.com\/ro\/wp-content\/uploads\/sites\/13\/2026\/02\/tty-no-product-image-5.webp","width":1000,"height":1000,"caption":"Imaginea implicit\u0103 a produsului"},{"@type":"WebSite","@id":"https:\/\/www.transtoyou.com\/ro\/#website","url":"https:\/\/www.transtoyou.com\/ro\/","name":"Transtoyou - RO","description":"","publisher":{"@id":"https:\/\/www.transtoyou.com\/ro\/#organization"},"potentialAction":[{"@type":"SearchAction","target":{"@type":"EntryPoint","urlTemplate":"https:\/\/www.transtoyou.com\/ro\/?s={search_term_string}"},"query-input":{"@type":"PropertyValueSpecification","valueRequired":true,"valueName":"search_term_string"}}],"inLanguage":"ro-RO"},{"@type":"Organization","@id":"https:\/\/www.transtoyou.com\/ro\/#organization","name":"Transtoyou - RO","url":"https:\/\/www.transtoyou.com\/ro\/","logo":{"@type":"ImageObject","inLanguage":"ro-RO","@id":"https:\/\/www.transtoyou.com\/ro\/#\/schema\/logo\/image\/","url":"https:\/\/www.transtoyou.com\/ro\/wp-content\/uploads\/sites\/13\/2026\/01\/logo-tty-menu-bar-300x87-1.webp","contentUrl":"https:\/\/www.transtoyou.com\/ro\/wp-content\/uploads\/sites\/13\/2026\/01\/logo-tty-menu-bar-300x87-1.webp","width":300,"height":87,"caption":"Transtoyou - RO"},"image":{"@id":"https:\/\/www.transtoyou.com\/ro\/#\/schema\/logo\/image\/"}}]}},"_links":{"self":[{"href":"https:\/\/www.transtoyou.com\/ro\/wp-json\/wp\/v2\/product\/1541","targetHints":{"allow":["GET"]}}],"collection":[{"href":"https:\/\/www.transtoyou.com\/ro\/wp-json\/wp\/v2\/product"}],"about":[{"href":"https:\/\/www.transtoyou.com\/ro\/wp-json\/wp\/v2\/types\/product"}],"replies":[{"embeddable":true,"href":"https:\/\/www.transtoyou.com\/ro\/wp-json\/wp\/v2\/comments?post=1541"}],"wp:featuredmedia":[{"embeddable":true,"href":"https:\/\/www.transtoyou.com\/ro\/wp-json\/wp\/v2\/media\/1543"}],"wp:attachment":[{"href":"https:\/\/www.transtoyou.com\/ro\/wp-json\/wp\/v2\/media?parent=1541"}],"wp:term":[{"taxonomy":"product_brand","embeddable":true,"href":"https:\/\/www.transtoyou.com\/ro\/wp-json\/wp\/v2\/product_brand?post=1541"},{"taxonomy":"product_cat","embeddable":true,"href":"https:\/\/www.transtoyou.com\/ro\/wp-json\/wp\/v2\/product_cat?post=1541"},{"taxonomy":"product_tag","embeddable":true,"href":"https:\/\/www.transtoyou.com\/ro\/wp-json\/wp\/v2\/product_tag?post=1541"},{"taxonomy":"expert","embeddable":true,"href":"https:\/\/www.transtoyou.com\/ro\/wp-json\/wp\/v2\/expert?post=1541"}],"curies":[{"name":"wp","href":"https:\/\/api.w.org\/{rel}","templated":true}]}}