{"id":1598,"date":"2026-02-24T12:50:24","date_gmt":"2026-02-24T12:50:24","guid":{"rendered":"https:\/\/www.transtoyou.com\/ro\/product\/estramon-uno\/"},"modified":"2026-02-26T14:47:27","modified_gmt":"2026-02-26T14:47:27","slug":"estramon-uno","status":"publish","type":"product","link":"https:\/\/www.transtoyou.com\/ro\/product\/estramon-uno\/","title":{"rendered":"Estramon Uno"},"content":{"rendered":"<h2>Ce este Estramon Uno?<\/h2>\n<p>Estramon Uno este un plasture de terapie de substitu\u021bie hormonal\u0103 (HRT) care con\u021bine doar estrogen, utilizat pentru a trata simptomele menopauzei. Con\u021bine estradiol, o form\u0103 de estrogen care este chimic identic\u0103 cu estrogenul pe care corpul t\u0103u \u00eel produce \u00een mod natural \u00eenainte de menopauz\u0103.<\/p>\n<p>Pe m\u0103sur\u0103 ce treci prin menopauz\u0103, ovarele tale \u00eenceteaz\u0103 treptat s\u0103 mai produc\u0103 estrogen. Aceast\u0103 sc\u0103dere hormonal\u0103 poate provoca o gam\u0103 variat\u0103 de simptome care afecteaz\u0103 confortul, somnul, starea de spirit \u0219i calitatea vie\u021bii. Estramon Uno ajut\u0103 prin \u00eenlocuirea estrogenului pe care corpul t\u0103u nu-l mai produce \u00een cantit\u0103\u021bi suficiente.<\/p>\n<p>Estramon Uno este un plasture HRT transdermic, ceea ce \u00eenseamn\u0103 c\u0103 livreaz\u0103 estrogen prin piele direct \u00een fluxul t\u0103u sanguin. Deoarece ocole\u0219te sistemul t\u0103u digestiv, ofer\u0103 niveluri stabile de hormoni \u0219i poate reduce anumite riscuri \u00een compara\u021bie cu tabletele de estrogen oral.<\/p>\n<p>Estramon Uno este de obicei prescris dac\u0103:<\/p>\n<ul>\n<li>E\u0219ti postmenopauzal\u0103 (f\u0103r\u0103 menstrua\u021bie timp de cel pu\u021bin 12 luni)<\/li>\n<li>Ai avut o histerectomie (\u021bi s-a \u00eendep\u0103rtat uterul)<\/li>\n<\/ul>\n<p>Deoarece con\u021bine doar estrogen \u0219i nu progesteron, este \u00een general potrivit pentru femeile care nu mai au uter.<\/p>\n<h2>La ce se folose\u0219te Estramon Uno?<\/h2>\n<p>Estramon Uno este utilizat pentru a trata simptomele menopauzei cauzate de niveluri sc\u0103zute de estrogen.<\/p>\n<p>Simptomele comune ale menopauzei includ:<\/p>\n<ul>\n<li>Bufeuri<\/li>\n<li>Transpira\u021bii nocturne<\/li>\n<li>Probleme de somn<\/li>\n<li>Schimb\u0103ri de dispozi\u021bie<\/li>\n<li>Usc\u0103ciune vaginal\u0103<\/li>\n<li>Libido redus<\/li>\n<li>Oboseal\u0103<\/li>\n<\/ul>\n<p>Bufeurile \u0219i transpira\u021biile nocturne sunt numite simptome vasomotorii. Acest lucru \u00eenseamn\u0103 c\u0103 sistemul t\u0103u de control al temperaturii interne este afectat de schimb\u0103rile hormonale. Estrogenul ajut\u0103 la reglarea acestui sistem.<\/p>\n<p>Estramon Uno poate fi, de asemenea, utilizat pentru a ajuta la prevenirea osteoporozei postmenopauzale. Osteoporoza este o afec\u021biune \u00een care oasele devin mai sub\u021biri \u0219i mai fragile din cauza pierderii de estrogen. Aceasta cre\u0219te riscul de fracturi, \u00een special la \u0219olduri, coloan\u0103 vertebral\u0103 \u0219i \u00eencheieturi.<\/p>\n<p>Prin restabilirea nivelurilor de estrogen, Estramon Uno ajut\u0103 la ameliorarea simptomelor menopauzei \u0219i sus\u021bine for\u021ba oaselor.<\/p>\n<h2>Cum func\u021bioneaz\u0103 Estramon Uno?<\/h2>\n<p>Estramon Uno func\u021bioneaz\u0103 prin \u00eenlocuirea estrogenului, hormonul feminin principal care scade \u00een timpul menopauzei.<\/p>\n<h3>Estradiol (Estrogen)<\/h3>\n<p>Estradiol:<\/p>\n<ul>\n<li>Stabilizeaz\u0103 reglarea temperaturii corpului t\u0103u<\/li>\n<li>Reduce bufeurile \u0219i transpira\u021biile nocturne<\/li>\n<li>\u00cembun\u0103t\u0103\u021be\u0219te umiditatea \u0219i elasticitatea vaginal\u0103<\/li>\n<li>Sus\u021bine starea de spirit \u0219i somnul<\/li>\n<li>Ajut\u0103 la men\u021binerea densit\u0103\u021bii osoase<\/li>\n<\/ul>\n<p>Dup\u0103 menopauz\u0103, nivelurile sc\u0103zute de estrogen pot afecta multe sisteme din corpul t\u0103u. Prin livrarea constant\u0103 de estradiol prin piele, Estramon Uno restabile\u0219te niveluri hormonale mai stabile.<\/p>\n<p>Deoarece este livrat printr-un plasture transdermic, hormonul intr\u0103 \u00een fluxul t\u0103u sanguin treptat. Aceast\u0103 absorb\u021bie constant\u0103 evit\u0103 v\u00e2rfurile hormonale mari \u0219i poate reduce riscul de cheaguri de s\u00e2nge \u00een compara\u021bie cu terapia cu estrogen oral.<\/p>\n<p>Spre deosebire de HRT combinat, Estramon Uno nu con\u021bine progesteron. Progesteronul este necesar \u00een mod normal pentru a proteja mucoasa uterin\u0103. Dac\u0103 \u00eenc\u0103 ai uterul, terapia cu estrogen singur poate cre\u0219te riscul de cancer endometrial. De aceea, Estramon Uno este de obicei prescris dup\u0103 histerectomie.<\/p>\n<h2>Cine nu ar trebui s\u0103 foloseasc\u0103 Estramon Uno?<\/h2>\n<p>Nu ar trebui s\u0103 folose\u0219ti Estramon Uno dac\u0103:<\/p>\n<ul>\n<li>Ai sau ai avut cancer de s\u00e2n<\/li>\n<li>Ai cancer sensibil la estrogen<\/li>\n<li>Ai s\u00e2nger\u0103ri vaginale inexplicabile<\/li>\n<li>Ai hiperplazie endometrial\u0103 netratat\u0103<\/li>\n<li>Ai sau ai avut cheaguri de s\u00e2nge<\/li>\n<li>Ai o tulburare de coagulare a s\u00e2ngelui<\/li>\n<li>Ai avut recent un atac de cord sau un accident vascular cerebral<\/li>\n<li>Ai o boal\u0103 hepatic\u0103 sever\u0103<\/li>\n<li>Ai alergie la estradiol<\/li>\n<\/ul>\n<p>Dac\u0103 \u00eenc\u0103 ai uterul, Estramon Uno nu este \u00een general recomandat dec\u00e2t dac\u0103 progesteronul este, de asemenea, prescris.<\/p>\n<p>Discut\u0103 \u00eentotdeauna despre istoricul t\u0103u medical complet cu medicul t\u0103u \u00eenainte de a \u00eencepe terapia de substitu\u021bie hormonal\u0103.<\/p>\n<h3>Sarcina \u0219i al\u0103ptarea<\/h3>\n<p>Estramon Uno este destinat doar femeilor postmenopauzale.<\/p>\n<p>Nu trebuie s\u0103 folose\u0219ti acest medicament dac\u0103 e\u0219ti \u00eens\u0103rcinat\u0103 sau crezi c\u0103 ai putea fi \u00eens\u0103rcinat\u0103.<\/p>\n<p>Estramon Uno nu ar trebui utilizat \u00een timpul al\u0103pt\u0103rii.<\/p>\n<p>Dac\u0103 apare o sarcin\u0103 \u00een timp ce folose\u0219ti acest plasture, \u00eendep\u0103rteaz\u0103-l imediat \u0219i contacteaz\u0103-\u021bi medicul.<\/p>\n<h2>Cum s\u0103 folose\u0219ti Estramon Uno \u0219i dozajul<\/h2>\n<p>Folose\u0219te \u00eentotdeauna Estramon Uno exact a\u0219a cum este prescris.<\/p>\n<p>Plasturele se aplic\u0103 de obicei o dat\u0103 pe s\u0103pt\u0103m\u00e2n\u0103, \u00een func\u021bie de puterea prescris\u0103.<\/p>\n<p>Cum s\u0103 aplici plasturele:<\/p>\n<ul>\n<li>Aplic\u0103 pe piele curat\u0103, uscat\u0103 \u0219i s\u0103n\u0103toas\u0103<\/li>\n<li>Zonele potrivite includ abdomenul inferior sau fesele<\/li>\n<li>Nu aplica pe s\u00e2ni<\/li>\n<li>P\u0103streaz\u0103 presiune ferm\u0103 timp de cel pu\u021bin 10 secunde<\/li>\n<li>Schimb\u0103 plasturele \u00een aceea\u0219i zi \u00een fiecare s\u0103pt\u0103m\u00e2n\u0103<\/li>\n<\/ul>\n<p>Roteste locurile de aplicare pentru a reduce irita\u021bia pielii.<\/p>\n<p>Poate dura c\u00e2teva s\u0103pt\u0103m\u00e2ni \u00eenainte s\u0103 observi o ameliorare complet\u0103 a simptomelor. Medicul t\u0103u va prescrie cea mai mic\u0103 doz\u0103 eficient\u0103 pentru a controla simptomele tale \u0219i va revizui tratamentul t\u0103u \u00een mod regulat.<\/p>\n<h2>Efecte secundare posibile<\/h2>\n<p>Ca toate medicamentele, Estramon Uno poate provoca efecte secundare.<\/p>\n<p>Efectele secundare comune includ:<\/p>\n<ul>\n<li>Sensibilitate a s\u00e2nilor<\/li>\n<li>Durere de cap<\/li>\n<li>Nausee<\/li>\n<li>Reten\u021bie u\u0219oar\u0103 de lichide<\/li>\n<li>Irita\u021bie a pielii la locul de aplicare<\/li>\n<\/ul>\n<p>Riscurile mai pu\u021bin comune, dar mai grave asociate cu terapia cu estrogen includ:<\/p>\n<ul>\n<li>Cheaguri de s\u00e2nge<\/li>\n<li>Accident vascular cerebral<\/li>\n<li>Cancer de s\u00e2n<\/li>\n<li>Cancer ovarian<\/li>\n<\/ul>\n<p>Riscul depinde de v\u00e2rsta ta, starea de s\u0103n\u0103tate, istoricul familial \u0219i durata tratamentului. Pentru femeile s\u0103n\u0103toase sub 60 de ani sau \u00een termen de 10 ani de la menopauz\u0103, riscul absolut este \u00een general sc\u0103zut atunci c\u00e2nd este monitorizat corespunz\u0103tor.<\/p>\n<p>Revizuirile medicale regulate sunt importante \u00een timp ce folose\u0219ti HRT.<\/p>\n<h2>Informa\u021bii importante de siguran\u021b\u0103<\/h2>\n<p>\u00cenainte de a \u00eencepe Estramon Uno, ar trebui s\u0103 ai o consulta\u021bie complet\u0103.<\/p>\n<p>Spune medicului t\u0103u dac\u0103 ai avut vreodat\u0103:<\/p>\n<ul>\n<li>Hipertensiune arterial\u0103<\/li>\n<li>Diabet<\/li>\n<li>Migren\u0103<\/li>\n<li>Calculi biliari<\/li>\n<li>Boal\u0103 hepatic\u0103<\/li>\n<li>Trigliceride mari<\/li>\n<li>Lupus<\/li>\n<li>Astm<\/li>\n<li>Un istoric familial de cancer de s\u00e2n<\/li>\n<\/ul>\n<p>\u00cen timp ce folose\u0219ti Estramon Uno:<\/p>\n<ul>\n<li>Particip\u0103 la controale regulate<\/li>\n<li>Continu\u0103 screeningul s\u00e2nilor<\/li>\n<li>Execut\u0103 autoexamin\u0103ri regulate ale s\u00e2nilor<\/li>\n<li>Raporteaz\u0103 orice s\u00e2ngerare vaginal\u0103 neobi\u0219nuit\u0103<\/li>\n<\/ul>\n<p>Terapia de substitu\u021bie hormonal\u0103 ar trebui revizuit\u0103 cel pu\u021bin o dat\u0103 pe an.<\/p>\n<h2>C\u00e2nd s\u0103 cau\u021bi ajutor medical<\/h2>\n<p>Opre\u0219te utilizarea Estramon Uno \u0219i caut\u0103 imediat asisten\u021b\u0103 medical\u0103 dac\u0103 experimentezi:<\/p>\n<ul>\n<li>Umflare sau durere \u00eentr-o picior<\/li>\n<li>Durere toracic\u0103 brusc\u0103<\/li>\n<li>Dificult\u0103\u021bi de respira\u021bie<\/li>\n<li>Durere de cap sever\u0103 \u0219i brusc\u0103<\/li>\n<li>Probleme de vedere sau vorbire<\/li>\n<li>Sl\u0103biciune pe o parte a corpului t\u0103u<\/li>\n<li>\u00ceng\u0103lbenirea pielii sau a ochilor<\/li>\n<li>Semne ale unei reac\u021bii alergice severe<\/li>\n<\/ul>\n<p>Contacteaz\u0103-\u021bi medicul prompt dac\u0103 observi:<\/p>\n<ul>\n<li>Un nou nodul mamar<\/li>\n<li>S\u00e2ngerare vaginal\u0103 nea\u0219teptat\u0103<\/li>\n<li>Durere abdominal\u0103 persistent\u0103<\/li>\n<li>Orice schimbare brusc\u0103 sau neobi\u0219nuit\u0103 a s\u0103n\u0103t\u0103\u021bii<\/li>\n<\/ul>\n<p>Dac\u0103 nu e\u0219ti sigur dac\u0103 simptomele sunt legate de terapia hormonal\u0103, caut\u0103 \u00eentotdeauna sfatul medical.<\/p>\n","protected":false},"excerpt":{"rendered":"<ul>\n<li>Estramon Uno: Plasture de terapie hormonal\u0103 cu estrogen pentru a ameliora simptomele menopauzei \u0219i a sus\u021bine s\u0103n\u0103tatea oaselor dup\u0103 histerectomie.<\/li>\n<li>Ingredient activ: Estradiol (estrogen)<\/li>\n<li>Utilizat pentru: Terapie de substitu\u021bie hormonal\u0103 (HRT)<\/li>\n<\/ul>\n","protected":false},"featured_media":1600,"comment_status":"open","ping_status":"closed","template":"","meta":[],"product_brand":[],"product_cat":[126,120],"product_tag":[],"expert":[16],"class_list":{"0":"post-1598","1":"product","2":"type-product","3":"status-publish","4":"has-post-thumbnail","6":"product_cat-relief-pentru-menopauza-si-pms","7":"product_cat-terapie-de-inlocuire-hormonala-hrt","8":"expert-dr-c-alexandru","10":"first","11":"instock","12":"shipping-taxable","13":"product-type-variable"},"yoast_head":"<!-- This site is optimized with the Yoast SEO plugin v27.0 - https:\/\/yoast.com\/product\/yoast-seo-wordpress\/ -->\n<title>Estramon Uno | Pachet pentru reducerea simptomelor menopauzei - Transtoyou<\/title>\n<meta name=\"description\" content=\"Pachetul Estramon Uno HRT pentru simptomele menopauzei, disponibil la Transtoyou. Descoper\u0103 cum func\u021bioneaz\u0103 \u0219i dac\u0103 acest tratament \u021bi se potrive\u0219te.\" \/>\n<meta name=\"robots\" content=\"noindex, follow, max-snippet:-1, max-image-preview:large, max-video-preview:-1\" \/>\n<meta property=\"og:locale\" content=\"ro_RO\" \/>\n<meta property=\"og:type\" content=\"article\" \/>\n<meta property=\"og:title\" content=\"Estramon Uno | Pachet pentru reducerea simptomelor menopauzei - Transtoyou\" \/>\n<meta property=\"og:description\" content=\"Pachetul Estramon Uno HRT pentru simptomele menopauzei, disponibil la Transtoyou. Descoper\u0103 cum func\u021bioneaz\u0103 \u0219i dac\u0103 acest tratament \u021bi se potrive\u0219te.\" \/>\n<meta property=\"og:url\" content=\"https:\/\/www.transtoyou.com\/ro\/product\/estramon-uno\/\" \/>\n<meta property=\"og:site_name\" content=\"Transtoyou - RO\" \/>\n<meta property=\"article:modified_time\" content=\"2026-02-26T14:47:27+00:00\" \/>\n<meta name=\"twitter:card\" content=\"summary_large_image\" \/>\n<meta name=\"twitter:label1\" content=\"Timp estimat pentru citire\" \/>\n\t<meta name=\"twitter:data1\" content=\"6 minute\" \/>\n<script type=\"application\/ld+json\" class=\"yoast-schema-graph\">{\"@context\":\"https:\/\/schema.org\",\"@graph\":[{\"@type\":\"WebPage\",\"@id\":\"https:\/\/www.transtoyou.com\/ro\/product\/estramon-uno\/\",\"url\":\"https:\/\/www.transtoyou.com\/ro\/product\/estramon-uno\/\",\"name\":\"Estramon Uno | Pachet pentru reducerea simptomelor menopauzei - Transtoyou\",\"isPartOf\":{\"@id\":\"https:\/\/www.transtoyou.com\/ro\/#website\"},\"primaryImageOfPage\":{\"@id\":\"https:\/\/www.transtoyou.com\/ro\/product\/estramon-uno\/#primaryimage\"},\"image\":{\"@id\":\"https:\/\/www.transtoyou.com\/ro\/product\/estramon-uno\/#primaryimage\"},\"thumbnailUrl\":\"https:\/\/www.transtoyou.com\/ro\/wp-content\/uploads\/sites\/13\/2026\/02\/tty-no-product-image-10.webp\",\"datePublished\":\"2026-02-24T12:50:24+00:00\",\"dateModified\":\"2026-02-26T14:47:27+00:00\",\"description\":\"Pachetul Estramon Uno HRT pentru simptomele menopauzei, disponibil la Transtoyou. Descoper\u0103 cum func\u021bioneaz\u0103 \u0219i dac\u0103 acest tratament \u021bi se potrive\u0219te.\",\"breadcrumb\":{\"@id\":\"https:\/\/www.transtoyou.com\/ro\/product\/estramon-uno\/#breadcrumb\"},\"inLanguage\":\"ro-RO\",\"potentialAction\":[{\"@type\":\"ReadAction\",\"target\":[\"https:\/\/www.transtoyou.com\/ro\/product\/estramon-uno\/\"]}]},{\"@type\":\"ImageObject\",\"inLanguage\":\"ro-RO\",\"@id\":\"https:\/\/www.transtoyou.com\/ro\/product\/estramon-uno\/#primaryimage\",\"url\":\"https:\/\/www.transtoyou.com\/ro\/wp-content\/uploads\/sites\/13\/2026\/02\/tty-no-product-image-10.webp\",\"contentUrl\":\"https:\/\/www.transtoyou.com\/ro\/wp-content\/uploads\/sites\/13\/2026\/02\/tty-no-product-image-10.webp\",\"width\":1000,\"height\":1000,\"caption\":\"Imaginea implicit\u0103 a produsului\"},{\"@type\":\"WebSite\",\"@id\":\"https:\/\/www.transtoyou.com\/ro\/#website\",\"url\":\"https:\/\/www.transtoyou.com\/ro\/\",\"name\":\"Transtoyou - RO\",\"description\":\"\",\"publisher\":{\"@id\":\"https:\/\/www.transtoyou.com\/ro\/#organization\"},\"potentialAction\":[{\"@type\":\"SearchAction\",\"target\":{\"@type\":\"EntryPoint\",\"urlTemplate\":\"https:\/\/www.transtoyou.com\/ro\/?s={search_term_string}\"},\"query-input\":{\"@type\":\"PropertyValueSpecification\",\"valueRequired\":true,\"valueName\":\"search_term_string\"}}],\"inLanguage\":\"ro-RO\"},{\"@type\":\"Organization\",\"@id\":\"https:\/\/www.transtoyou.com\/ro\/#organization\",\"name\":\"Transtoyou - RO\",\"url\":\"https:\/\/www.transtoyou.com\/ro\/\",\"logo\":{\"@type\":\"ImageObject\",\"inLanguage\":\"ro-RO\",\"@id\":\"https:\/\/www.transtoyou.com\/ro\/#\/schema\/logo\/image\/\",\"url\":\"https:\/\/www.transtoyou.com\/ro\/wp-content\/uploads\/sites\/13\/2026\/01\/logo-tty-menu-bar-300x87-1.webp\",\"contentUrl\":\"https:\/\/www.transtoyou.com\/ro\/wp-content\/uploads\/sites\/13\/2026\/01\/logo-tty-menu-bar-300x87-1.webp\",\"width\":300,\"height\":87,\"caption\":\"Transtoyou - RO\"},\"image\":{\"@id\":\"https:\/\/www.transtoyou.com\/ro\/#\/schema\/logo\/image\/\"}}]}<\/script>\n<!-- \/ Yoast SEO plugin. -->","yoast_head_json":{"title":"Estramon Uno | Pachet pentru reducerea simptomelor menopauzei - Transtoyou","description":"Pachetul Estramon Uno HRT pentru simptomele menopauzei, disponibil la Transtoyou. Descoper\u0103 cum func\u021bioneaz\u0103 \u0219i dac\u0103 acest tratament \u021bi se potrive\u0219te.","robots":{"index":"noindex","follow":"follow","max-snippet":"max-snippet:-1","max-image-preview":"max-image-preview:large","max-video-preview":"max-video-preview:-1"},"og_locale":"ro_RO","og_type":"article","og_title":"Estramon Uno | Pachet pentru reducerea simptomelor menopauzei - Transtoyou","og_description":"Pachetul Estramon Uno HRT pentru simptomele menopauzei, disponibil la Transtoyou. Descoper\u0103 cum func\u021bioneaz\u0103 \u0219i dac\u0103 acest tratament \u021bi se potrive\u0219te.","og_url":"https:\/\/www.transtoyou.com\/ro\/product\/estramon-uno\/","og_site_name":"Transtoyou - RO","article_modified_time":"2026-02-26T14:47:27+00:00","twitter_card":"summary_large_image","twitter_misc":{"Timp estimat pentru citire":"6 minute"},"schema":{"@context":"https:\/\/schema.org","@graph":[{"@type":"WebPage","@id":"https:\/\/www.transtoyou.com\/ro\/product\/estramon-uno\/","url":"https:\/\/www.transtoyou.com\/ro\/product\/estramon-uno\/","name":"Estramon Uno | Pachet pentru reducerea simptomelor menopauzei - Transtoyou","isPartOf":{"@id":"https:\/\/www.transtoyou.com\/ro\/#website"},"primaryImageOfPage":{"@id":"https:\/\/www.transtoyou.com\/ro\/product\/estramon-uno\/#primaryimage"},"image":{"@id":"https:\/\/www.transtoyou.com\/ro\/product\/estramon-uno\/#primaryimage"},"thumbnailUrl":"https:\/\/www.transtoyou.com\/ro\/wp-content\/uploads\/sites\/13\/2026\/02\/tty-no-product-image-10.webp","datePublished":"2026-02-24T12:50:24+00:00","dateModified":"2026-02-26T14:47:27+00:00","description":"Pachetul Estramon Uno HRT pentru simptomele menopauzei, disponibil la Transtoyou. Descoper\u0103 cum func\u021bioneaz\u0103 \u0219i dac\u0103 acest tratament \u021bi se potrive\u0219te.","breadcrumb":{"@id":"https:\/\/www.transtoyou.com\/ro\/product\/estramon-uno\/#breadcrumb"},"inLanguage":"ro-RO","potentialAction":[{"@type":"ReadAction","target":["https:\/\/www.transtoyou.com\/ro\/product\/estramon-uno\/"]}]},{"@type":"ImageObject","inLanguage":"ro-RO","@id":"https:\/\/www.transtoyou.com\/ro\/product\/estramon-uno\/#primaryimage","url":"https:\/\/www.transtoyou.com\/ro\/wp-content\/uploads\/sites\/13\/2026\/02\/tty-no-product-image-10.webp","contentUrl":"https:\/\/www.transtoyou.com\/ro\/wp-content\/uploads\/sites\/13\/2026\/02\/tty-no-product-image-10.webp","width":1000,"height":1000,"caption":"Imaginea implicit\u0103 a produsului"},{"@type":"WebSite","@id":"https:\/\/www.transtoyou.com\/ro\/#website","url":"https:\/\/www.transtoyou.com\/ro\/","name":"Transtoyou - RO","description":"","publisher":{"@id":"https:\/\/www.transtoyou.com\/ro\/#organization"},"potentialAction":[{"@type":"SearchAction","target":{"@type":"EntryPoint","urlTemplate":"https:\/\/www.transtoyou.com\/ro\/?s={search_term_string}"},"query-input":{"@type":"PropertyValueSpecification","valueRequired":true,"valueName":"search_term_string"}}],"inLanguage":"ro-RO"},{"@type":"Organization","@id":"https:\/\/www.transtoyou.com\/ro\/#organization","name":"Transtoyou - RO","url":"https:\/\/www.transtoyou.com\/ro\/","logo":{"@type":"ImageObject","inLanguage":"ro-RO","@id":"https:\/\/www.transtoyou.com\/ro\/#\/schema\/logo\/image\/","url":"https:\/\/www.transtoyou.com\/ro\/wp-content\/uploads\/sites\/13\/2026\/01\/logo-tty-menu-bar-300x87-1.webp","contentUrl":"https:\/\/www.transtoyou.com\/ro\/wp-content\/uploads\/sites\/13\/2026\/01\/logo-tty-menu-bar-300x87-1.webp","width":300,"height":87,"caption":"Transtoyou - RO"},"image":{"@id":"https:\/\/www.transtoyou.com\/ro\/#\/schema\/logo\/image\/"}}]}},"_links":{"self":[{"href":"https:\/\/www.transtoyou.com\/ro\/wp-json\/wp\/v2\/product\/1598","targetHints":{"allow":["GET"]}}],"collection":[{"href":"https:\/\/www.transtoyou.com\/ro\/wp-json\/wp\/v2\/product"}],"about":[{"href":"https:\/\/www.transtoyou.com\/ro\/wp-json\/wp\/v2\/types\/product"}],"replies":[{"embeddable":true,"href":"https:\/\/www.transtoyou.com\/ro\/wp-json\/wp\/v2\/comments?post=1598"}],"wp:featuredmedia":[{"embeddable":true,"href":"https:\/\/www.transtoyou.com\/ro\/wp-json\/wp\/v2\/media\/1600"}],"wp:attachment":[{"href":"https:\/\/www.transtoyou.com\/ro\/wp-json\/wp\/v2\/media?parent=1598"}],"wp:term":[{"taxonomy":"product_brand","embeddable":true,"href":"https:\/\/www.transtoyou.com\/ro\/wp-json\/wp\/v2\/product_brand?post=1598"},{"taxonomy":"product_cat","embeddable":true,"href":"https:\/\/www.transtoyou.com\/ro\/wp-json\/wp\/v2\/product_cat?post=1598"},{"taxonomy":"product_tag","embeddable":true,"href":"https:\/\/www.transtoyou.com\/ro\/wp-json\/wp\/v2\/product_tag?post=1598"},{"taxonomy":"expert","embeddable":true,"href":"https:\/\/www.transtoyou.com\/ro\/wp-json\/wp\/v2\/expert?post=1598"}],"curies":[{"name":"wp","href":"https:\/\/api.w.org\/{rel}","templated":true}]}}