{"id":1645,"date":"2026-02-25T13:17:24","date_gmt":"2026-02-25T13:17:24","guid":{"rendered":"https:\/\/www.transtoyou.com\/ro\/product\/evorel-sequi\/"},"modified":"2026-02-25T13:46:04","modified_gmt":"2026-02-25T13:46:04","slug":"evorel-sequi","status":"publish","type":"product","link":"https:\/\/www.transtoyou.com\/ro\/product\/evorel-sequi\/","title":{"rendered":"Evorel Sequi"},"content":{"rendered":"<h2>Ce este Evorel Sequi?<\/h2>\n<p>Evorel Sequi este o terapie de \u00eenlocuire hormonal\u0103 combinat\u0103 secven\u021bial\u0103 <a href=\"\/ro\/treatment\/hormone-replacement-therapy\/\">(HRT)<\/a> care vine sub form\u0103 de plasturi pentru piele. Con\u021bine doi hormoni: estradiol, o form\u0103 de estrogen, \u0219i acetat de norethisteron, un tip de progesteron (numit \u0219i progestogen).<\/p>\n<p>Evorel Sequi este conceput pentru a ameliora simptomele cauzate de schimb\u0103rile hormonale ale menopauzei. De obicei, este prescris dac\u0103 te afli \u00een perimenopauz\u0103 (ciclurile tale sunt neregulate, dar nu s-au oprit complet) sau dac\u0103 e\u0219ti \u00een primele etape dup\u0103 menopauz\u0103 \u0219i \u00eenc\u0103 ai uterul.<\/p>\n<p>Pentru c\u0103 Evorel Sequi urmeaz\u0103 un ciclu de tratament secven\u021bial, folose\u0219ti mai \u00eent\u00e2i plasturi cu estrogen pur, urma\u021bi de plasturi combina\u021bi cu estrogen \u0219i progesteron. Acest model rezult\u0103 adesea \u00eentr-o s\u00e2ngerare de retragere lunar, similar\u0103 cu o perioad\u0103 u\u0219oar\u0103.<\/p>\n<p>Evorel Sequi este o HRT transdermal\u0103, ceea ce \u00eenseamn\u0103 c\u0103 hormonii sunt livra\u021bi prin piele direct \u00een s\u00e2ngele t\u0103u. Acest lucru asigur\u0103 niveluri constante de hormoni \u0219i evit\u0103 trecerea prin sistemul t\u0103u digestiv.<\/p>\n<h2>La ce se folose\u0219te Evorel Sequi?<\/h2>\n<p>Evorel Sequi este utilizat pentru a <a href=\"\/ro\/treatment\/menopause-pms-relief\/\">trata simptomele menopauzei<\/a> cauzate de niveluri sc\u0103zute de estrogen.<\/p>\n<p>\u00cen timpul menopauzei, corpul t\u0103u produce mai pu\u021bin estrogen. Aceast\u0103 schimbare natural\u0103 poate provoca simptome precum:<\/p>\n<ul>\n<li>V\u00e2lv\u0103t\u0103i<\/li>\n<li>Transpira\u021bii nocturne<\/li>\n<li>Tulbur\u0103ri de somn<\/li>\n<li>Schimb\u0103ri de dispozi\u021bie<\/li>\n<li>Usc\u0103ciune vaginal\u0103<\/li>\n<li>Libido redus<\/li>\n<li>Oboseal\u0103<\/li>\n<li>Confuzie mental\u0103<\/li>\n<\/ul>\n<p>V\u00e2lv\u0103t\u0103ile \u0219i transpira\u021biile nocturne sunt cunoscute sub numele de simptome vasomotorii, ceea ce \u00eenseamn\u0103 c\u0103 controlul temperaturii interne a corpului t\u0103u este perturbat de schimb\u0103rile hormonale.<\/p>\n<p>Evorel Sequi poate ajuta, de asemenea, la men\u021binerea densit\u0103\u021bii osoase. Dup\u0103 menopauz\u0103, nivelurile mai sc\u0103zute de estrogen cresc riscul de osteoporoz\u0103, o afec\u021biune \u00een care oasele devin mai sub\u021biri \u0219i mai fragile. Terapia de \u00eenlocuire hormonal\u0103 poate ajuta la \u00eencetinirea pierderii osoase la femeile cu risc crescut de fracturi.<\/p>\n<p>Evorel Sequi este deosebit de potrivit dac\u0103 ai \u00eenc\u0103 s\u00e2nger\u0103ri naturale ocazionale sau e\u0219ti \u00een primul an dup\u0103 ultima ta perioad\u0103.<\/p>\n<h2>Cum func\u021bioneaz\u0103 Evorel Sequi?<\/h2>\n<p>Evorel Sequi func\u021bioneaz\u0103 prin \u00eenlocuirea hormonilor care scad \u00een timpul menopauzei.<\/p>\n<h4>Estradiol (Estrogen)<\/h4>\n<p>Estradiolul este chimic similar cu estrogenul pe care corpul t\u0103u \u00eel produce \u00een mod natural. Ajut\u0103 la:<\/p>\n<ul>\n<li>Reducerea v\u00e2lv\u0103t\u0103ilor \u0219i a transpira\u021biilor nocturne<\/li>\n<li>\u00cembun\u0103t\u0103\u021birea usc\u0103ciunii vaginale<\/li>\n<li>Sus\u021binerea st\u0103rii de spirit \u0219i a somnului<\/li>\n<li>Men\u021binerea for\u021bei osoase<\/li>\n<\/ul>\n<p>Prin restabilirea nivelurilor de estrogen, Evorel Sequi ajut\u0103 la stabilizarea sistemelor din corpul t\u0103u afectate de menopauz\u0103.<\/p>\n<h4>Norethisteron (Progestogen)<\/h4>\n<p>Dac\u0103 ai \u00eenc\u0103 uterul, estrogenul singur poate provoca \u00eengro\u0219area excesiv\u0103 a mucoasei uterine (numit\u0103 endometru). \u00cen timp, acest lucru cre\u0219te riscul de cancer endometrial.<\/p>\n<p>Norethisteronul protejeaz\u0103 mucoasa uterin\u0103 prin prevenirea \u00eengro\u0219\u0103rii excesive. \u00cen HRT secven\u021bial\u0103, cum ar fi Evorel Sequi, progesteronul este ad\u0103ugat \u00een timpul unei p\u0103r\u021bi a ciclului, ceea ce poate provoca o s\u00e2ngerare lunar\u0103 previzibil\u0103.<\/p>\n<p>Pentru c\u0103 Evorel Sequi este livrat prin piele, asigur\u0103 o absorb\u021bie constant\u0103 a hormonilor \u0219i poate reduce anumite riscuri comparativ cu comprimatele hormonale orale.<\/p>\n<h2>Cine nu ar trebui s\u0103 foloseasc\u0103 Evorel Sequi?<\/h2>\n<p>Nu ar trebui s\u0103 folose\u0219ti Evorel Sequi dac\u0103:<\/p>\n<ul>\n<li>Ai avut sau ai cancer de s\u00e2n<\/li>\n<li>Ai cancer dependent de estrogen (cum ar fi cancerul mucoasei uterine)<\/li>\n<li>Ai s\u00e2nger\u0103ri vaginale inexplicabile<\/li>\n<li>Ai hiperplazie endometrial\u0103 netratat\u0103<\/li>\n<li>Ai avut sau ai cheaguri de s\u00e2nge (tromboz\u0103 venoas\u0103 profund\u0103 sau embolie pulmonar\u0103)<\/li>\n<li>Ai o afec\u021biune cunoscut\u0103 de coagulare a s\u00e2ngelui<\/li>\n<li>Ai avut recent un atac de cord sau un accident vascular cerebral<\/li>\n<li>Ai o boal\u0103 hepatic\u0103 sever\u0103<\/li>\n<li>E\u0219ti alergic la estradiol sau norethisteron<\/li>\n<\/ul>\n<p>Informeaz\u0103 \u00eentotdeauna medicul t\u0103u despre istoricul t\u0103u medical complet \u00eenainte de a \u00eencepe terapia de \u00eenlocuire hormonal\u0103.<\/p>\n<h3>Graviditate \u0219i al\u0103ptare<\/h3>\n<p>Evorel Sequi nu este un contraceptiv.<\/p>\n<p>Nu trebuie s\u0103 folose\u0219ti Evorel Sequi dac\u0103 e\u0219ti gravid\u0103 sau crezi c\u0103 ai putea fi gravid\u0103. Graviditatea este \u00eenc\u0103 posibil\u0103 \u00een timpul perimenopauzei.<\/p>\n<p>Evorel Sequi nu ar trebui utilizat \u00een timpul al\u0103pt\u0103rii.<\/p>\n<p>Dac\u0103 suspectezi o sarcin\u0103 \u00een timp ce folose\u0219ti plasturele, \u00eendep\u0103rteaz\u0103-l \u0219i contacteaz\u0103-\u021bi imediat medicul.<\/p>\n<h2>Cum s\u0103 folose\u0219ti Evorel Sequi \u0219i dozajul<\/h2>\n<p>Folose\u0219te \u00eentotdeauna Evorel Sequi exact a\u0219a cum \u021bi-a fost prescris.<\/p>\n<p>Evorel Sequi con\u021bine dou\u0103 tipuri de plasturi care sunt utiliza\u021bi \u00een secven\u021b\u0103:<\/p>\n<ul>\n<li>Plasturi cu estrogen pur (prima parte a ciclului)<\/li>\n<li>Plasturi combina\u021bi cu estrogen \u0219i progesteron (a doua parte a ciclului)<\/li>\n<\/ul>\n<p>De obicei, schimbi plasturele de dou\u0103 ori pe s\u0103pt\u0103m\u00e2n\u0103, conform programului furnizat de medicul t\u0103u.<\/p>\n<p>Cum s\u0103 aplici:<\/p>\n<ul>\n<li>Aplic\u0103 pe piele curat\u0103, uscat\u0103 \u0219i intact\u0103<\/li>\n<li>Pune pe abdomenul inferior sau pe fese<\/li>\n<li>Nu aplica pe s\u00e2ni<\/li>\n<li>Apas\u0103 ferm timp de cel pu\u021bin 10 secunde<\/li>\n<li>Schimb\u0103 locurile de aplicare pentru a preveni irita\u021bia<\/li>\n<\/ul>\n<p>Po\u021bi experimenta o s\u00e2ngerare lunar\u0103 previzibil\u0103 \u00een timpul fazei cu progesteron. Acest lucru este de a\u0219teptat cu HRT secven\u021bial\u0103.<\/p>\n<p>Medicul t\u0103u va prescrie cea mai mic\u0103 doz\u0103 eficient\u0103 \u0219i va revizui tratamentul t\u0103u \u00een mod regulat.<\/p>\n<h2>Efecte secundare posibile<\/h2>\n<p>Ca toate medicamentele, Evorel Sequi poate provoca efecte secundare, de\u0219i nu toat\u0103 lumea le experimenteaz\u0103.<\/p>\n<p>Efectele secundare comune includ:<\/p>\n<ul>\n<li>Senzi\u021bie de disconfort la nivelul s\u00e2nilor<\/li>\n<li>Durere de cap<\/li>\n<li>Nausee<\/li>\n<li>Schimb\u0103ri de dispozi\u021bie<\/li>\n<li>Irita\u021bie a pielii la locul de aplicare<\/li>\n<li>S\u00e2nger\u0103ri programate lunar<\/li>\n<li>Spotting \u00eentre cicluri<\/li>\n<\/ul>\n<p>Riscurile mai pu\u021bin comune, dar grave asociate cu HRT includ:<\/p>\n<ul>\n<li>Cheaguri de s\u00e2nge<\/li>\n<li>Accident vascular cerebral<\/li>\n<li>Cancer de s\u00e2n<\/li>\n<li>Cancer ovarian<\/li>\n<li>Boal\u0103 de inim\u0103<\/li>\n<\/ul>\n<p>Riscul t\u0103u personal depinde de v\u00e2rsta ta, istoricul medical, istoricul familial \u0219i c\u00e2t timp folose\u0219ti terapia de \u00eenlocuire hormonal\u0103.<\/p>\n<p>Program\u0103rile regulate de urm\u0103rire sunt importante.<\/p>\n<h2>Informa\u021bii importante de siguran\u021b\u0103<\/h2>\n<p>\u00cenainte de a \u00eencepe Evorel Sequi, ar trebui s\u0103 ai o consulta\u021bie medical\u0103.<\/p>\n<p>Spune medicului t\u0103u dac\u0103 ai avut vreodat\u0103:<\/p>\n<ul>\n<li><a href=\"\/ro\/treatment\/high-blood-pressure\">Hipertensiune arterial\u0103<\/a><\/li>\n<li><a href=\"\/ro\/treatment\/diabetes\">Diabet<\/a><\/li>\n<li><a href=\"\/ro\/treatment\/headache-and-migraines\/\">Migren\u0103<\/a><\/li>\n<li>Calculi biliari<\/li>\n<li>Probleme hepatice<\/li>\n<li>Fibroame<\/li>\n<li><a href=\"\/ro\/treatment\/endometriosis\/\">Endometrioz\u0103<\/a><\/li>\n<li>Trigliceride mari<\/li>\n<li>Un istoric familial de cancer de s\u00e2n<\/li>\n<\/ul>\n<p>\u00cen timp ce folose\u0219ti Evorel Sequi:<\/p>\n<ul>\n<li>Particip\u0103 la controale regulate<\/li>\n<li>Continu\u0103 screeningul de rutin\u0103 pentru s\u00e2n<\/li>\n<li>Execut\u0103 autoexamin\u0103ri ale s\u00e2nilor<\/li>\n<li>Raporteaz\u0103 s\u00e2nger\u0103rile vaginale neobi\u0219nuite<\/li>\n<\/ul>\n<p>Terapia de \u00eenlocuire hormonal\u0103 ar trebui revizuit\u0103 cel pu\u021bin o dat\u0103 pe an pentru a evalua beneficiile \u0219i riscurile.<\/p>\n<h2>C\u00e2nd s\u0103 cau\u021bi ajutor medical<\/h2>\n<p>Opre\u0219te utilizarea Evorel Sequi \u0219i caut\u0103 \u00eengrijiri medicale urgente dac\u0103 experimentezi:<\/p>\n<ul>\n<li>Umfl\u0103turi dureroase \u00eentr-o picior<\/li>\n<li>Dureri toracice bru\u0219te<\/li>\n<li>Dificult\u0103\u021bi de respira\u021bie<\/li>\n<li>Durere de cap sever\u0103 \u0219i brusc\u0103<\/li>\n<li>Probleme de vedere sau de vorbire<\/li>\n<li>Sl\u0103biciune pe o parte a corpului t\u0103u<\/li>\n<li>\u00ceng\u0103lbenirea pielii sau a ochilor<\/li>\n<li>Semne ale unei reac\u021bii alergice severe<\/li>\n<\/ul>\n<p>Contacteaz\u0103-\u021bi medicul prompt dac\u0103 observi:<\/p>\n<ul>\n<li>S\u00e2nger\u0103ri nea\u0219teptat de abundente<\/li>\n<li>Un nou nodul la s\u00e2n<\/li>\n<li>Durere abdominal\u0103 persistent\u0103<\/li>\n<li>Schimb\u0103ri semnificative \u0219i bru\u0219te \u00een s\u0103n\u0103tatea ta<\/li>\n<\/ul>\n<p>Dac\u0103 nu e\u0219ti sigur dac\u0103 simptomele tale sunt legate de terapia de \u00eenlocuire hormonal\u0103, po\u021bi rezerva cu u\u0219urin\u021b\u0103 o consulta\u021bie video sigur\u0103 cu unul dintre medicii no\u0219tri autoriza\u021bi prin Transtoyou. Ace\u0219tia \u00ee\u021bi vor evalua simptomele \u0219i \u00ee\u021bi vor oferi cele mai sigure pa\u0219i urm\u0103tori. Dac\u0103 experimentezi simptome severe sau bru\u0219te, caut\u0103 \u00eengrijiri medicale urgente imediat.<\/p>\n","protected":false},"excerpt":{"rendered":"<ul>\n<li>Evorel Sequi: Plasturi combina\u021bi secven\u021biali pentru terapia de substitu\u021bie hormonal\u0103 (HRT) pentru a ameliora simptomele menopauzei, protej\u00e2nd \u00een acela\u0219i timp uterul.<\/li>\n<li>Ingredient activ: Estradiol (estrogen) \u0219i acetat de Norethisteron (progestogen)<\/li>\n<li>Utilizat pentru: Terapia de substitu\u021bie hormonal\u0103 (HRT)<\/li>\n<\/ul>\n","protected":false},"featured_media":1647,"comment_status":"open","ping_status":"closed","template":"","meta":[],"product_brand":[],"product_cat":[126,120],"product_tag":[],"expert":[16],"class_list":{"0":"post-1645","1":"product","2":"type-product","3":"status-publish","4":"has-post-thumbnail","6":"product_cat-relief-pentru-menopauza-si-pms","7":"product_cat-terapie-de-inlocuire-hormonala-hrt","8":"expert-dr-c-alexandru","10":"first","11":"instock","12":"shipping-taxable","13":"product-type-variable"},"yoast_head":"<!-- This site is optimized with the Yoast SEO plugin v27.0 - https:\/\/yoast.com\/product\/yoast-seo-wordpress\/ -->\n<title>Evorel Sequi | Plasturi HRT pentru Menopauz\u0103 - Transtoyou<\/title>\n<meta name=\"description\" content=\"Pachete Evorel Sequi HRT disponibile la Transtoyou, pentru a ameliora simptomele menopauzei cu suport secven\u021bial de estrogen \u0219i progestogen.\" \/>\n<meta name=\"robots\" content=\"noindex, follow, max-snippet:-1, max-image-preview:large, max-video-preview:-1\" \/>\n<meta property=\"og:locale\" content=\"ro_RO\" \/>\n<meta property=\"og:type\" content=\"article\" \/>\n<meta property=\"og:title\" content=\"Evorel Sequi | Plasturi HRT pentru Menopauz\u0103 - Transtoyou\" \/>\n<meta property=\"og:description\" content=\"Pachete Evorel Sequi HRT disponibile la Transtoyou, pentru a ameliora simptomele menopauzei cu suport secven\u021bial de estrogen \u0219i progestogen.\" \/>\n<meta property=\"og:url\" content=\"https:\/\/www.transtoyou.com\/ro\/product\/evorel-sequi\/\" \/>\n<meta property=\"og:site_name\" content=\"Transtoyou - RO\" \/>\n<meta property=\"article:modified_time\" content=\"2026-02-25T13:46:04+00:00\" \/>\n<meta name=\"twitter:card\" content=\"summary_large_image\" \/>\n<meta name=\"twitter:label1\" content=\"Timp estimat pentru citire\" \/>\n\t<meta name=\"twitter:data1\" content=\"6 minute\" \/>\n<script type=\"application\/ld+json\" class=\"yoast-schema-graph\">{\"@context\":\"https:\/\/schema.org\",\"@graph\":[{\"@type\":\"WebPage\",\"@id\":\"https:\/\/www.transtoyou.com\/ro\/product\/evorel-sequi\/\",\"url\":\"https:\/\/www.transtoyou.com\/ro\/product\/evorel-sequi\/\",\"name\":\"Evorel Sequi | Plasturi HRT pentru Menopauz\u0103 - Transtoyou\",\"isPartOf\":{\"@id\":\"https:\/\/www.transtoyou.com\/ro\/#website\"},\"primaryImageOfPage\":{\"@id\":\"https:\/\/www.transtoyou.com\/ro\/product\/evorel-sequi\/#primaryimage\"},\"image\":{\"@id\":\"https:\/\/www.transtoyou.com\/ro\/product\/evorel-sequi\/#primaryimage\"},\"thumbnailUrl\":\"https:\/\/www.transtoyou.com\/ro\/wp-content\/uploads\/sites\/13\/2026\/02\/tty-no-product-image-11.webp\",\"datePublished\":\"2026-02-25T13:17:24+00:00\",\"dateModified\":\"2026-02-25T13:46:04+00:00\",\"description\":\"Pachete Evorel Sequi HRT disponibile la Transtoyou, pentru a ameliora simptomele menopauzei cu suport secven\u021bial de estrogen \u0219i progestogen.\",\"breadcrumb\":{\"@id\":\"https:\/\/www.transtoyou.com\/ro\/product\/evorel-sequi\/#breadcrumb\"},\"inLanguage\":\"ro-RO\",\"potentialAction\":[{\"@type\":\"ReadAction\",\"target\":[\"https:\/\/www.transtoyou.com\/ro\/product\/evorel-sequi\/\"]}]},{\"@type\":\"ImageObject\",\"inLanguage\":\"ro-RO\",\"@id\":\"https:\/\/www.transtoyou.com\/ro\/product\/evorel-sequi\/#primaryimage\",\"url\":\"https:\/\/www.transtoyou.com\/ro\/wp-content\/uploads\/sites\/13\/2026\/02\/tty-no-product-image-11.webp\",\"contentUrl\":\"https:\/\/www.transtoyou.com\/ro\/wp-content\/uploads\/sites\/13\/2026\/02\/tty-no-product-image-11.webp\",\"width\":1000,\"height\":1000,\"caption\":\"Imaginea implicit\u0103 a produsului\"},{\"@type\":\"WebSite\",\"@id\":\"https:\/\/www.transtoyou.com\/ro\/#website\",\"url\":\"https:\/\/www.transtoyou.com\/ro\/\",\"name\":\"Transtoyou - RO\",\"description\":\"\",\"publisher\":{\"@id\":\"https:\/\/www.transtoyou.com\/ro\/#organization\"},\"potentialAction\":[{\"@type\":\"SearchAction\",\"target\":{\"@type\":\"EntryPoint\",\"urlTemplate\":\"https:\/\/www.transtoyou.com\/ro\/?s={search_term_string}\"},\"query-input\":{\"@type\":\"PropertyValueSpecification\",\"valueRequired\":true,\"valueName\":\"search_term_string\"}}],\"inLanguage\":\"ro-RO\"},{\"@type\":\"Organization\",\"@id\":\"https:\/\/www.transtoyou.com\/ro\/#organization\",\"name\":\"Transtoyou - RO\",\"url\":\"https:\/\/www.transtoyou.com\/ro\/\",\"logo\":{\"@type\":\"ImageObject\",\"inLanguage\":\"ro-RO\",\"@id\":\"https:\/\/www.transtoyou.com\/ro\/#\/schema\/logo\/image\/\",\"url\":\"https:\/\/www.transtoyou.com\/ro\/wp-content\/uploads\/sites\/13\/2026\/01\/logo-tty-menu-bar-300x87-1.webp\",\"contentUrl\":\"https:\/\/www.transtoyou.com\/ro\/wp-content\/uploads\/sites\/13\/2026\/01\/logo-tty-menu-bar-300x87-1.webp\",\"width\":300,\"height\":87,\"caption\":\"Transtoyou - RO\"},\"image\":{\"@id\":\"https:\/\/www.transtoyou.com\/ro\/#\/schema\/logo\/image\/\"}}]}<\/script>\n<!-- \/ Yoast SEO plugin. -->","yoast_head_json":{"title":"Evorel Sequi | Plasturi HRT pentru Menopauz\u0103 - Transtoyou","description":"Pachete Evorel Sequi HRT disponibile la Transtoyou, pentru a ameliora simptomele menopauzei cu suport secven\u021bial de estrogen \u0219i progestogen.","robots":{"index":"noindex","follow":"follow","max-snippet":"max-snippet:-1","max-image-preview":"max-image-preview:large","max-video-preview":"max-video-preview:-1"},"og_locale":"ro_RO","og_type":"article","og_title":"Evorel Sequi | Plasturi HRT pentru Menopauz\u0103 - Transtoyou","og_description":"Pachete Evorel Sequi HRT disponibile la Transtoyou, pentru a ameliora simptomele menopauzei cu suport secven\u021bial de estrogen \u0219i progestogen.","og_url":"https:\/\/www.transtoyou.com\/ro\/product\/evorel-sequi\/","og_site_name":"Transtoyou - RO","article_modified_time":"2026-02-25T13:46:04+00:00","twitter_card":"summary_large_image","twitter_misc":{"Timp estimat pentru citire":"6 minute"},"schema":{"@context":"https:\/\/schema.org","@graph":[{"@type":"WebPage","@id":"https:\/\/www.transtoyou.com\/ro\/product\/evorel-sequi\/","url":"https:\/\/www.transtoyou.com\/ro\/product\/evorel-sequi\/","name":"Evorel Sequi | Plasturi HRT pentru Menopauz\u0103 - Transtoyou","isPartOf":{"@id":"https:\/\/www.transtoyou.com\/ro\/#website"},"primaryImageOfPage":{"@id":"https:\/\/www.transtoyou.com\/ro\/product\/evorel-sequi\/#primaryimage"},"image":{"@id":"https:\/\/www.transtoyou.com\/ro\/product\/evorel-sequi\/#primaryimage"},"thumbnailUrl":"https:\/\/www.transtoyou.com\/ro\/wp-content\/uploads\/sites\/13\/2026\/02\/tty-no-product-image-11.webp","datePublished":"2026-02-25T13:17:24+00:00","dateModified":"2026-02-25T13:46:04+00:00","description":"Pachete Evorel Sequi HRT disponibile la Transtoyou, pentru a ameliora simptomele menopauzei cu suport secven\u021bial de estrogen \u0219i progestogen.","breadcrumb":{"@id":"https:\/\/www.transtoyou.com\/ro\/product\/evorel-sequi\/#breadcrumb"},"inLanguage":"ro-RO","potentialAction":[{"@type":"ReadAction","target":["https:\/\/www.transtoyou.com\/ro\/product\/evorel-sequi\/"]}]},{"@type":"ImageObject","inLanguage":"ro-RO","@id":"https:\/\/www.transtoyou.com\/ro\/product\/evorel-sequi\/#primaryimage","url":"https:\/\/www.transtoyou.com\/ro\/wp-content\/uploads\/sites\/13\/2026\/02\/tty-no-product-image-11.webp","contentUrl":"https:\/\/www.transtoyou.com\/ro\/wp-content\/uploads\/sites\/13\/2026\/02\/tty-no-product-image-11.webp","width":1000,"height":1000,"caption":"Imaginea implicit\u0103 a produsului"},{"@type":"WebSite","@id":"https:\/\/www.transtoyou.com\/ro\/#website","url":"https:\/\/www.transtoyou.com\/ro\/","name":"Transtoyou - RO","description":"","publisher":{"@id":"https:\/\/www.transtoyou.com\/ro\/#organization"},"potentialAction":[{"@type":"SearchAction","target":{"@type":"EntryPoint","urlTemplate":"https:\/\/www.transtoyou.com\/ro\/?s={search_term_string}"},"query-input":{"@type":"PropertyValueSpecification","valueRequired":true,"valueName":"search_term_string"}}],"inLanguage":"ro-RO"},{"@type":"Organization","@id":"https:\/\/www.transtoyou.com\/ro\/#organization","name":"Transtoyou - RO","url":"https:\/\/www.transtoyou.com\/ro\/","logo":{"@type":"ImageObject","inLanguage":"ro-RO","@id":"https:\/\/www.transtoyou.com\/ro\/#\/schema\/logo\/image\/","url":"https:\/\/www.transtoyou.com\/ro\/wp-content\/uploads\/sites\/13\/2026\/01\/logo-tty-menu-bar-300x87-1.webp","contentUrl":"https:\/\/www.transtoyou.com\/ro\/wp-content\/uploads\/sites\/13\/2026\/01\/logo-tty-menu-bar-300x87-1.webp","width":300,"height":87,"caption":"Transtoyou - RO"},"image":{"@id":"https:\/\/www.transtoyou.com\/ro\/#\/schema\/logo\/image\/"}}]}},"_links":{"self":[{"href":"https:\/\/www.transtoyou.com\/ro\/wp-json\/wp\/v2\/product\/1645","targetHints":{"allow":["GET"]}}],"collection":[{"href":"https:\/\/www.transtoyou.com\/ro\/wp-json\/wp\/v2\/product"}],"about":[{"href":"https:\/\/www.transtoyou.com\/ro\/wp-json\/wp\/v2\/types\/product"}],"replies":[{"embeddable":true,"href":"https:\/\/www.transtoyou.com\/ro\/wp-json\/wp\/v2\/comments?post=1645"}],"wp:featuredmedia":[{"embeddable":true,"href":"https:\/\/www.transtoyou.com\/ro\/wp-json\/wp\/v2\/media\/1647"}],"wp:attachment":[{"href":"https:\/\/www.transtoyou.com\/ro\/wp-json\/wp\/v2\/media?parent=1645"}],"wp:term":[{"taxonomy":"product_brand","embeddable":true,"href":"https:\/\/www.transtoyou.com\/ro\/wp-json\/wp\/v2\/product_brand?post=1645"},{"taxonomy":"product_cat","embeddable":true,"href":"https:\/\/www.transtoyou.com\/ro\/wp-json\/wp\/v2\/product_cat?post=1645"},{"taxonomy":"product_tag","embeddable":true,"href":"https:\/\/www.transtoyou.com\/ro\/wp-json\/wp\/v2\/product_tag?post=1645"},{"taxonomy":"expert","embeddable":true,"href":"https:\/\/www.transtoyou.com\/ro\/wp-json\/wp\/v2\/expert?post=1645"}],"curies":[{"name":"wp","href":"https:\/\/api.w.org\/{rel}","templated":true}]}}