{"id":1679,"date":"2026-02-28T10:03:04","date_gmt":"2026-02-28T10:03:04","guid":{"rendered":"https:\/\/www.transtoyou.com\/ro\/product\/maxim\/"},"modified":"2026-02-28T10:18:17","modified_gmt":"2026-02-28T10:18:17","slug":"maxim","status":"publish","type":"product","link":"https:\/\/www.transtoyou.com\/ro\/product\/maxim\/","title":{"rendered":"Maxim"},"content":{"rendered":"<h2>Ce este Maxim?<\/h2>\n<p>Maxim este o pilul\u0103 contraceptiv\u0103 oral\u0103 combinat\u0103, adesea numit\u0103 simplu \u201epilula\u201d. Con\u021bine dou\u0103 hormoni feminini: etinilestradiol, o form\u0103 sintetic\u0103 de estrogen, \u0219i dienogest, un tip de progestogen (un hormon similar progesteronului).<\/p>\n<p>Maxim se ia zilnic pentru a preveni sarcina. Deoarece con\u021bine dou\u0103 hormoni, este cunoscut\u0103 ca un <a href=\"\/ro\/treatment\/combination-pill\/\">contraceptiv hormonal combinat<\/a>.<\/p>\n<p>\u00cen plus fa\u021b\u0103 de prevenirea sarcinii, Maxim poate ajuta, de asemenea, la reglarea ciclului menstrual, reducerea s\u00e2nger\u0103rilor abundente \u0219i <a href=\"\/ro\/treatment\/menstrual-discomfort\/\">\u00eembun\u0103t\u0103\u021birea disconfortului legat de menstrua\u021bie<\/a>.<\/p>\n<h2>La ce este folosit?<\/h2>\n<p>Maxim este folosit \u00een principal pentru contracep\u021bie, ceea ce \u00eenseamn\u0103 c\u0103 previne sarcina.<\/p>\n<p>Func\u021bioneaz\u0103 atunci c\u00e2nd este luat corect \u0219i constant \u00een fiecare zi.<\/p>\n<p>La unele femei, Maxim poate, de asemenea:<\/p>\n<ul>\n<li>Face menstrua\u021biile mai regulate<\/li>\n<li>Reduce s\u00e2nger\u0103rile menstruale abundente<\/li>\n<li>Scade crampele menstruale<\/li>\n<li>\u00cembun\u0103t\u0103\u021be\u0219te acneea \u00een anumite cazuri<\/li>\n<li>Reduce simptomele sindromului premenstrual (PMS)<\/li>\n<\/ul>\n<p>Maxim nu protejeaz\u0103 \u00eempotriva <a href=\"\/ro\/treatment\/std-testing-treatments\/\">infec\u021biilor cu transmitere sexual\u0103 (ITS)<\/a>. Dac\u0103 este necesar\u0103 protec\u021bia \u00eempotriva ITS, trebuie utilizate prezervative.<\/p>\n<h2>Cum func\u021bioneaz\u0103 produsul?<\/h2>\n<p>Maxim previne sarcina \u00een trei moduri principale:<\/p>\n<p>1. Opre\u0219te ovula\u021bia<\/p>\n<p>Ovula\u021bia este eliberarea unui ovul din ovarul t\u0103u. F\u0103r\u0103 ovula\u021bie, sarcina nu poate ap\u0103rea.<\/p>\n<p>2. \u00cengroa\u0219\u0103 mucusul cervical<\/p>\n<p>Pilula \u00eengroa\u0219\u0103 mucusul de la intrarea \u00een uterul t\u0103u. Acest lucru face mai dificil\u0103 p\u0103trunderea spermatozoizilor.<\/p>\n<p>3. Schimb\u0103 mucoasa uterin\u0103<\/p>\n<p>\u00cengroa\u0219\u0103 mucoasa uterin\u0103, ceea ce reduce probabilitatea ca un ovul fertilizat s\u0103 se implanteze.<\/p>\n<p>Deoarece Maxim con\u021bine at\u00e2t estrogen, c\u00e2t \u0219i progestogen, ofer\u0103 o contracep\u021bie fiabil\u0103 atunci c\u00e2nd este luat corect.<\/p>\n<h2>Cine nu ar trebui s\u0103 foloseasc\u0103 produsul?<\/h2>\n<p>Nu ar trebui s\u0103 folose\u0219ti Maxim dac\u0103:<\/p>\n<ul>\n<li>Ai sau ai avut un cheag de s\u00e2nge (tromboz\u0103 venoas\u0103 profund\u0103 sau embolie pulmonar\u0103)<\/li>\n<li>Ai o tulburare de coagulare<\/li>\n<li>Ai avut un accident vascular cerebral sau un atac de cord<\/li>\n<li>Ai o boal\u0103 hepatic\u0103 sever\u0103<\/li>\n<li>Ai cancer sensibil la hormoni (cum ar fi cancerul de s\u00e2n)<\/li>\n<li>Ai s\u00e2nger\u0103ri vaginale inexplicabile<\/li>\n<li>Ai alergie la oricare dintre ingredientele sale<\/li>\n<li>Ai migrene cu aur\u0103<\/li>\n<li>Ai hipertensiune arterial\u0103 necontrolat\u0103<\/li>\n<\/ul>\n<p>Pilulele contraceptive combinate cresc u\u0219or riscul de cheaguri de s\u00e2nge. Doctorul t\u0103u va evalua factorii t\u0103i de risc personali \u00eenainte de a prescrie.<\/p>\n<h3>Sarcina \u0219i al\u0103ptarea<\/h3>\n<p>Maxim nu trebuie folosit dac\u0103 e\u0219ti \u00eens\u0103rcinat\u0103.<\/p>\n<p>Dac\u0103 crezi c\u0103 ai putea fi \u00eens\u0103rcinat\u0103, opre\u0219te administrarea pilulei \u0219i contacteaz\u0103 un medic.<\/p>\n<p>Maxim nu este de obicei recomandat \u00een timpul al\u0103pt\u0103rii, mai ales \u00een primele s\u0103pt\u0103m\u00e2ni dup\u0103 na\u0219tere, deoarece estrogenul poate reduce produc\u021bia de lapte.<\/p>\n<h2>Cum s\u0103 folose\u0219ti \u0219i dozajul<\/h2>\n<p>Ia \u00eentotdeauna Maxim exact a\u0219a cum \u021bi-a fost prescris.<\/p>\n<ul>\n<li>Ia o tablet\u0103 zilnic<\/li>\n<li>Ia-o la aceea\u0219i or\u0103 \u00een fiecare zi<\/li>\n<li>Urmeaz\u0103 ordinea ar\u0103tat\u0103 pe ambalajul cu blistere<\/li>\n<\/ul>\n<p>Cele mai multe ambalaje con\u021bin 21 de tablete active urmate de o pauz\u0103 de 7 zile, timp \u00een care, de obicei, vei avea o s\u00e2ngerare de retragere similar\u0103 cu o menstrua\u021bie.<\/p>\n<p>\u00cencepe urm\u0103torul ambalaj dup\u0103 pauza de 7 zile, chiar dac\u0103 s\u00e2ngerarea nu s-a oprit complet.<\/p>\n<p>Dac\u0103 ui\u021bi o pilul\u0103:<\/p>\n<ul>\n<li>Dac\u0103 \u00eent\u00e2rzii cu mai pu\u021bin de 12 ore, ia-o imediat ce \u00ee\u021bi aminte\u0219ti<\/li>\n<li>Dac\u0103 \u00eent\u00e2rzii cu mai mult de 12 ore, protec\u021bia contraceptiv\u0103 poate fi redus\u0103<\/li>\n<\/ul>\n<p>Urm\u0103re\u0219te instruc\u021biunile din prospectul pacientului \u0219i ia \u00een considerare contracep\u021bia suplimentar\u0103 dac\u0103 este necesar.<\/p>\n<p>Luarea corect\u0103 a lui Maxim \u00een fiecare zi este esen\u021bial\u0103 pentru prevenirea eficient\u0103 a sarcinii.<\/p>\n<h2>Posibile efecte secundare<\/h2>\n<p>Ca toate medicamentele, Maxim poate provoca efecte secundare, de\u0219i nu toat\u0103 lumea le experimenteaz\u0103.<\/p>\n<p>Efectele secundare comune includ:<\/p>\n<ul>\n<li>Nausea<\/li>\n<li>Senza\u021bie de sensibilitate la nivelul s\u00e2nilor<\/li>\n<li>Durere de cap<\/li>\n<li>Schimb\u0103ri de dispozi\u021bie<\/li>\n<li>S\u00e2nger\u0103ri intermenstruale<\/li>\n<li>Schimb\u0103ri ale libidoului<\/li>\n<\/ul>\n<p>Riscurile mai pu\u021bin comune, dar mai serioase includ:<\/p>\n<ul>\n<li>Cheaguri de s\u00e2nge<\/li>\n<li>Accident vascular cerebral<\/li>\n<li>Atac de cord<\/li>\n<li>Cre\u0219terea tensiunii arteriale<\/li>\n<\/ul>\n<p>Riscul de cheaguri de s\u00e2nge este mai mare dac\u0103 fumezi, e\u0219ti supraponderal, ai peste 35 de ani sau ai un istoric familial de tulbur\u0103ri de coagulare.<\/p>\n<p>Caut\u0103 asisten\u021b\u0103 medical\u0103 de urgen\u021b\u0103 dac\u0103 experimentezi:<\/p>\n<ul>\n<li>Umflarea sau durerea picioarelor<\/li>\n<li>Durere brusc\u0103 \u00een piept<\/li>\n<li>Dificult\u0103\u021bi de respira\u021bie<\/li>\n<li>Durere de cap sever\u0103<\/li>\n<li>Probleme de vedere<\/li>\n<\/ul>\n<h2>Informa\u021bii importante de siguran\u021b\u0103<\/h2>\n<p>\u00cenainte de a \u00eencepe s\u0103 folose\u0219ti Maxim, ar trebui s\u0103 ai o consulta\u021bie medical\u0103.<\/p>\n<p>Spune medicului t\u0103u dac\u0103:<\/p>\n<ul>\n<li>Fumezi<\/li>\n<li>Ai\u00a0<a href=\"\/ro\/treatment\/diabetes\">diabet<\/a><\/li>\n<li>Ai <a href=\"\/ro\/treatment\/high-blood-pressure\">hipertensiune arterial\u0103<\/a><\/li>\n<li>Ai <a href=\"\/ro\/treatment\/cholesterol-control\">colesterol crescut<\/a><\/li>\n<li>Ai <a href=\"\/ro\/treatment\/headache-and-migraines\/\">migrene<\/a> (mai ales cu aur\u0103)<\/li>\n<li>Ai un istoric familial de cheaguri de s\u00e2nge<\/li>\n<li>E\u0219ti supraponderal<\/li>\n<\/ul>\n<p>Maxim nu protejeaz\u0103 \u00eempotriva ITS.<\/p>\n<p>Anumite medicamente, cum ar fi unele antibiotice, medicamente pentru epilepsie \u0219i remedii pe baz\u0103 de plante, cum ar fi sun\u0103toarea, pot reduce eficacitatea acestuia.<\/p>\n<p>Verific\u0103rile regulate sunt recomandate \u00een timp ce folose\u0219ti contracep\u021bia hormonal\u0103.<\/p>\n<h2>C\u00e2nd s\u0103 cau\u021bi ajutor medical<\/h2>\n<p>Caut\u0103 asisten\u021b\u0103 medical\u0103 de urgen\u021b\u0103 dac\u0103 experimentezi:<\/p>\n<ul>\n<li>Durere sau umflare brusc\u0103 a picioarelor<\/li>\n<li>Durere brusc\u0103 \u00een piept<\/li>\n<li>Dificult\u0103\u021bi de respira\u021bie<\/li>\n<li>Migren\u0103 sever\u0103<\/li>\n<li>Tulbur\u0103ri de vedere<\/li>\n<li>\u00ceng\u0103lbenirea pielii sau a ochilor<\/li>\n<\/ul>\n<p>Contacteaz\u0103 un medic dac\u0103:<\/p>\n<ul>\n<li>Uit\u0103 mai multe pilule<\/li>\n<li>Experimentezi s\u00e2nger\u0103ri abundente persistente<\/li>\n<li>Dezvol\u021bi o nou\u0103 migren\u0103 cu aur\u0103<\/li>\n<li>Suspec\u021bi o sarcin\u0103<\/li>\n<\/ul>\n<p>Dac\u0103 nu e\u0219ti sigur\u0103 dac\u0103 simptomele tale sunt legate de contracep\u021bia hormonal\u0103, po\u021bi programa o consulta\u021bie video securizat\u0103 cu un medic autorizat prin Transtoyou pentru sfaturi personalizate. Dac\u0103 simptomele sunt severe sau bru\u0219te, caut\u0103 imediat asisten\u021b\u0103 medical\u0103 de urgen\u021b\u0103.<\/p>\n","protected":false},"excerpt":{"rendered":"<ul>\n<li>Maxim: Pilul\u0103 contraceptiv\u0103 combinat\u0103 care previne sarcina \u0219i poate ajuta la reglarea ciclului menstrual.<\/li>\n<li>Ingredient activ: Etinilestradiol (estrogen) \u0219i Dienogest (progestogen)<\/li>\n<li>Utilizat pentru: Controlul na\u0219terii<\/li>\n<\/ul>\n","protected":false},"featured_media":1682,"comment_status":"open","ping_status":"closed","template":"","meta":[],"product_brand":[],"product_cat":[128,75],"product_tag":[],"expert":[18],"class_list":{"0":"post-1679","1":"product","2":"type-product","3":"status-publish","4":"has-post-thumbnail","6":"product_cat-disconfort-menstrual","7":"product_cat-pilula-combinata","8":"expert-dr-g-varbanov","10":"first","11":"instock","12":"shipping-taxable","13":"product-type-variable"},"yoast_head":"<!-- This site is optimized with the Yoast SEO plugin v27.0 - https:\/\/yoast.com\/product\/yoast-seo-wordpress\/ -->\n<title>Maxim | Pilula contraceptiv\u0103 pentru controlul sigur al ciclului - Transtoyou<\/title>\n<meta name=\"description\" content=\"Pilula contraceptiv\u0103 combinat\u0103 Maxim, previne sarcina \u0219i sus\u021bine controlul ciclului, disponibil\u0103 acum la Transtoyou. Cump\u0103r\u0103 \u00een siguran\u021b\u0103!\" \/>\n<meta name=\"robots\" content=\"noindex, follow, max-snippet:-1, max-image-preview:large, max-video-preview:-1\" \/>\n<meta property=\"og:locale\" content=\"ro_RO\" \/>\n<meta property=\"og:type\" content=\"article\" \/>\n<meta property=\"og:title\" content=\"Maxim | Pilula contraceptiv\u0103 pentru controlul sigur al ciclului - Transtoyou\" \/>\n<meta property=\"og:description\" content=\"Pilula contraceptiv\u0103 combinat\u0103 Maxim, previne sarcina \u0219i sus\u021bine controlul ciclului, disponibil\u0103 acum la Transtoyou. Cump\u0103r\u0103 \u00een siguran\u021b\u0103!\" \/>\n<meta property=\"og:url\" content=\"https:\/\/www.transtoyou.com\/ro\/product\/maxim\/\" \/>\n<meta property=\"og:site_name\" content=\"Transtoyou - RO\" \/>\n<meta property=\"article:modified_time\" content=\"2026-02-28T10:18:17+00:00\" \/>\n<meta name=\"twitter:card\" content=\"summary_large_image\" \/>\n<meta name=\"twitter:label1\" content=\"Timp estimat pentru citire\" \/>\n\t<meta name=\"twitter:data1\" content=\"5 minute\" \/>\n<script type=\"application\/ld+json\" class=\"yoast-schema-graph\">{\"@context\":\"https:\/\/schema.org\",\"@graph\":[{\"@type\":\"WebPage\",\"@id\":\"https:\/\/www.transtoyou.com\/ro\/product\/maxim\/\",\"url\":\"https:\/\/www.transtoyou.com\/ro\/product\/maxim\/\",\"name\":\"Maxim | Pilula contraceptiv\u0103 pentru controlul sigur al ciclului - Transtoyou\",\"isPartOf\":{\"@id\":\"https:\/\/www.transtoyou.com\/ro\/#website\"},\"primaryImageOfPage\":{\"@id\":\"https:\/\/www.transtoyou.com\/ro\/product\/maxim\/#primaryimage\"},\"image\":{\"@id\":\"https:\/\/www.transtoyou.com\/ro\/product\/maxim\/#primaryimage\"},\"thumbnailUrl\":\"https:\/\/www.transtoyou.com\/ro\/wp-content\/uploads\/sites\/13\/2026\/02\/tty-no-product-image-14.webp\",\"datePublished\":\"2026-02-28T10:03:04+00:00\",\"dateModified\":\"2026-02-28T10:18:17+00:00\",\"description\":\"Pilula contraceptiv\u0103 combinat\u0103 Maxim, previne sarcina \u0219i sus\u021bine controlul ciclului, disponibil\u0103 acum la Transtoyou. Cump\u0103r\u0103 \u00een siguran\u021b\u0103!\",\"breadcrumb\":{\"@id\":\"https:\/\/www.transtoyou.com\/ro\/product\/maxim\/#breadcrumb\"},\"inLanguage\":\"ro-RO\",\"potentialAction\":[{\"@type\":\"ReadAction\",\"target\":[\"https:\/\/www.transtoyou.com\/ro\/product\/maxim\/\"]}]},{\"@type\":\"ImageObject\",\"inLanguage\":\"ro-RO\",\"@id\":\"https:\/\/www.transtoyou.com\/ro\/product\/maxim\/#primaryimage\",\"url\":\"https:\/\/www.transtoyou.com\/ro\/wp-content\/uploads\/sites\/13\/2026\/02\/tty-no-product-image-14.webp\",\"contentUrl\":\"https:\/\/www.transtoyou.com\/ro\/wp-content\/uploads\/sites\/13\/2026\/02\/tty-no-product-image-14.webp\",\"width\":1000,\"height\":1000,\"caption\":\"Imaginea implicit\u0103 a produsului\"},{\"@type\":\"WebSite\",\"@id\":\"https:\/\/www.transtoyou.com\/ro\/#website\",\"url\":\"https:\/\/www.transtoyou.com\/ro\/\",\"name\":\"Transtoyou - RO\",\"description\":\"\",\"publisher\":{\"@id\":\"https:\/\/www.transtoyou.com\/ro\/#organization\"},\"potentialAction\":[{\"@type\":\"SearchAction\",\"target\":{\"@type\":\"EntryPoint\",\"urlTemplate\":\"https:\/\/www.transtoyou.com\/ro\/?s={search_term_string}\"},\"query-input\":{\"@type\":\"PropertyValueSpecification\",\"valueRequired\":true,\"valueName\":\"search_term_string\"}}],\"inLanguage\":\"ro-RO\"},{\"@type\":\"Organization\",\"@id\":\"https:\/\/www.transtoyou.com\/ro\/#organization\",\"name\":\"Transtoyou - RO\",\"url\":\"https:\/\/www.transtoyou.com\/ro\/\",\"logo\":{\"@type\":\"ImageObject\",\"inLanguage\":\"ro-RO\",\"@id\":\"https:\/\/www.transtoyou.com\/ro\/#\/schema\/logo\/image\/\",\"url\":\"https:\/\/www.transtoyou.com\/ro\/wp-content\/uploads\/sites\/13\/2026\/01\/logo-tty-menu-bar-300x87-1.webp\",\"contentUrl\":\"https:\/\/www.transtoyou.com\/ro\/wp-content\/uploads\/sites\/13\/2026\/01\/logo-tty-menu-bar-300x87-1.webp\",\"width\":300,\"height\":87,\"caption\":\"Transtoyou - RO\"},\"image\":{\"@id\":\"https:\/\/www.transtoyou.com\/ro\/#\/schema\/logo\/image\/\"}}]}<\/script>\n<!-- \/ Yoast SEO plugin. -->","yoast_head_json":{"title":"Maxim | Pilula contraceptiv\u0103 pentru controlul sigur al ciclului - Transtoyou","description":"Pilula contraceptiv\u0103 combinat\u0103 Maxim, previne sarcina \u0219i sus\u021bine controlul ciclului, disponibil\u0103 acum la Transtoyou. Cump\u0103r\u0103 \u00een siguran\u021b\u0103!","robots":{"index":"noindex","follow":"follow","max-snippet":"max-snippet:-1","max-image-preview":"max-image-preview:large","max-video-preview":"max-video-preview:-1"},"og_locale":"ro_RO","og_type":"article","og_title":"Maxim | Pilula contraceptiv\u0103 pentru controlul sigur al ciclului - Transtoyou","og_description":"Pilula contraceptiv\u0103 combinat\u0103 Maxim, previne sarcina \u0219i sus\u021bine controlul ciclului, disponibil\u0103 acum la Transtoyou. Cump\u0103r\u0103 \u00een siguran\u021b\u0103!","og_url":"https:\/\/www.transtoyou.com\/ro\/product\/maxim\/","og_site_name":"Transtoyou - RO","article_modified_time":"2026-02-28T10:18:17+00:00","twitter_card":"summary_large_image","twitter_misc":{"Timp estimat pentru citire":"5 minute"},"schema":{"@context":"https:\/\/schema.org","@graph":[{"@type":"WebPage","@id":"https:\/\/www.transtoyou.com\/ro\/product\/maxim\/","url":"https:\/\/www.transtoyou.com\/ro\/product\/maxim\/","name":"Maxim | Pilula contraceptiv\u0103 pentru controlul sigur al ciclului - Transtoyou","isPartOf":{"@id":"https:\/\/www.transtoyou.com\/ro\/#website"},"primaryImageOfPage":{"@id":"https:\/\/www.transtoyou.com\/ro\/product\/maxim\/#primaryimage"},"image":{"@id":"https:\/\/www.transtoyou.com\/ro\/product\/maxim\/#primaryimage"},"thumbnailUrl":"https:\/\/www.transtoyou.com\/ro\/wp-content\/uploads\/sites\/13\/2026\/02\/tty-no-product-image-14.webp","datePublished":"2026-02-28T10:03:04+00:00","dateModified":"2026-02-28T10:18:17+00:00","description":"Pilula contraceptiv\u0103 combinat\u0103 Maxim, previne sarcina \u0219i sus\u021bine controlul ciclului, disponibil\u0103 acum la Transtoyou. Cump\u0103r\u0103 \u00een siguran\u021b\u0103!","breadcrumb":{"@id":"https:\/\/www.transtoyou.com\/ro\/product\/maxim\/#breadcrumb"},"inLanguage":"ro-RO","potentialAction":[{"@type":"ReadAction","target":["https:\/\/www.transtoyou.com\/ro\/product\/maxim\/"]}]},{"@type":"ImageObject","inLanguage":"ro-RO","@id":"https:\/\/www.transtoyou.com\/ro\/product\/maxim\/#primaryimage","url":"https:\/\/www.transtoyou.com\/ro\/wp-content\/uploads\/sites\/13\/2026\/02\/tty-no-product-image-14.webp","contentUrl":"https:\/\/www.transtoyou.com\/ro\/wp-content\/uploads\/sites\/13\/2026\/02\/tty-no-product-image-14.webp","width":1000,"height":1000,"caption":"Imaginea implicit\u0103 a produsului"},{"@type":"WebSite","@id":"https:\/\/www.transtoyou.com\/ro\/#website","url":"https:\/\/www.transtoyou.com\/ro\/","name":"Transtoyou - RO","description":"","publisher":{"@id":"https:\/\/www.transtoyou.com\/ro\/#organization"},"potentialAction":[{"@type":"SearchAction","target":{"@type":"EntryPoint","urlTemplate":"https:\/\/www.transtoyou.com\/ro\/?s={search_term_string}"},"query-input":{"@type":"PropertyValueSpecification","valueRequired":true,"valueName":"search_term_string"}}],"inLanguage":"ro-RO"},{"@type":"Organization","@id":"https:\/\/www.transtoyou.com\/ro\/#organization","name":"Transtoyou - RO","url":"https:\/\/www.transtoyou.com\/ro\/","logo":{"@type":"ImageObject","inLanguage":"ro-RO","@id":"https:\/\/www.transtoyou.com\/ro\/#\/schema\/logo\/image\/","url":"https:\/\/www.transtoyou.com\/ro\/wp-content\/uploads\/sites\/13\/2026\/01\/logo-tty-menu-bar-300x87-1.webp","contentUrl":"https:\/\/www.transtoyou.com\/ro\/wp-content\/uploads\/sites\/13\/2026\/01\/logo-tty-menu-bar-300x87-1.webp","width":300,"height":87,"caption":"Transtoyou - RO"},"image":{"@id":"https:\/\/www.transtoyou.com\/ro\/#\/schema\/logo\/image\/"}}]}},"_links":{"self":[{"href":"https:\/\/www.transtoyou.com\/ro\/wp-json\/wp\/v2\/product\/1679","targetHints":{"allow":["GET"]}}],"collection":[{"href":"https:\/\/www.transtoyou.com\/ro\/wp-json\/wp\/v2\/product"}],"about":[{"href":"https:\/\/www.transtoyou.com\/ro\/wp-json\/wp\/v2\/types\/product"}],"replies":[{"embeddable":true,"href":"https:\/\/www.transtoyou.com\/ro\/wp-json\/wp\/v2\/comments?post=1679"}],"wp:featuredmedia":[{"embeddable":true,"href":"https:\/\/www.transtoyou.com\/ro\/wp-json\/wp\/v2\/media\/1682"}],"wp:attachment":[{"href":"https:\/\/www.transtoyou.com\/ro\/wp-json\/wp\/v2\/media?parent=1679"}],"wp:term":[{"taxonomy":"product_brand","embeddable":true,"href":"https:\/\/www.transtoyou.com\/ro\/wp-json\/wp\/v2\/product_brand?post=1679"},{"taxonomy":"product_cat","embeddable":true,"href":"https:\/\/www.transtoyou.com\/ro\/wp-json\/wp\/v2\/product_cat?post=1679"},{"taxonomy":"product_tag","embeddable":true,"href":"https:\/\/www.transtoyou.com\/ro\/wp-json\/wp\/v2\/product_tag?post=1679"},{"taxonomy":"expert","embeddable":true,"href":"https:\/\/www.transtoyou.com\/ro\/wp-json\/wp\/v2\/expert?post=1679"}],"curies":[{"name":"wp","href":"https:\/\/api.w.org\/{rel}","templated":true}]}}