{"id":1782,"date":"2026-03-02T13:40:08","date_gmt":"2026-03-02T13:40:08","guid":{"rendered":"https:\/\/www.transtoyou.com\/ro\/product\/ramilich\/"},"modified":"2026-03-02T13:44:13","modified_gmt":"2026-03-02T13:44:13","slug":"ramilich","status":"publish","type":"product","link":"https:\/\/www.transtoyou.com\/ro\/product\/ramilich\/","title":{"rendered":"Ramilich"},"content":{"rendered":"<h2>Ce este Ramilich?<\/h2>\n<p>Ramilich este un medicament pe baz\u0103 de re\u021bet\u0103 care con\u021bine ramipril, ce apar\u021bine unui grup de medicamente numite inhibitori ai ACE (inhibitori ai enzimei de conversie a angiotensinei).<\/p>\n<p>Inhibitorii ACE sunt utiliza\u021bi frecvent pentru a <a href=\"\/ro\/treatment\/high-blood-pressure\">trata hipertensiunea arterial\u0103<\/a> \u0219i anumite afec\u021biuni cardiace. Ace\u0219tia func\u021bioneaz\u0103 prin relaxarea vaselor de s\u00e2nge, facilit\u00e2nd astfel pomparea s\u00e2ngelui de c\u0103tre inim\u0103 \u00een \u00eentregul corp.<\/p>\n<p>Hipertensiunea arterial\u0103 nu provoac\u0103 adesea simptome, dar \u00een timp poate deteriora inima, creierul, rinichii \u0219i vasele de s\u00e2nge. Prin sc\u0103derea tensiunii arteriale, Ramilich ajut\u0103 la reducerea riscului pe termen lung de infarct miocardic, accident vascular cerebral \u0219i deteriorarea rinichilor.<\/p>\n<p>Ramilich poate fi prescris \u0219i dup\u0103 un infarct miocardic sau la persoanele cu insuficien\u021b\u0103 cardiac\u0103 pentru a sus\u021bine func\u021bia inimii.<\/p>\n<h2>La ce este folosit?<\/h2>\n<p>Ramilich este utilizat pentru a trata:<\/p>\n<ul>\n<li>Hipertensiunea arterial\u0103 (hipertensiune)<\/li>\n<li>Insuficien\u021ba cardiac\u0103<\/li>\n<li>Pentru a reduce riscul de infarct miocardic, accident vascular cerebral sau deces cardiovascular<\/li>\n<li>Pentru a proteja rinichii \u00een anumite cazuri de pacien\u021bi cu risc crescut<\/li>\n<\/ul>\n<h2>Hipertensiunea arterial\u0103<\/h2>\n<p>Hipertensiunea \u00eenseamn\u0103 c\u0103 tensiunea arterial\u0103 este constant prea mare. \u00cen timp, aceasta cre\u0219te presiunea asupra inimii \u0219i arterelor. Ramilich ajut\u0103 la sc\u0103derea tensiunii arteriale \u0219i la reducerea complica\u021biilor pe termen lung.<\/p>\n<h2>Insuficien\u021ba cardiac\u0103<\/h2>\n<p>Insuficien\u021ba cardiac\u0103 \u00eenseamn\u0103 c\u0103 inima nu pompeaz\u0103 s\u00e2ngele la fel de eficient cum ar trebui. Ramilich poate ajuta la \u00eembun\u0103t\u0103\u021birea func\u021biei inimii \u0219i la reducerea simptomelor precum dificult\u0103\u021bile de respira\u021bie \u0219i umflarea. La Transtoyou, acest tratament este disponibil doar pentru hipertensiune arterial\u0103.<\/p>\n<h2>Reducerea riscului cardiovascular<\/h2>\n<p>Dac\u0103 ai factori de risc precum <a href=\"\/ro\/treatment\/diabetes\">diabetul<\/a>, antecedente de boli cardiace sau probleme circulatorii, Ramilich poate fi prescris pentru a reduce riscul cardiovascular general.<\/p>\n<h2>Cum func\u021bioneaz\u0103 produsul?<\/h2>\n<p>Ramilich ac\u021bioneaz\u0103 prin blocarea ac\u021biunii unei enzime numite enzima de conversie a angiotensinei (ACE).<\/p>\n<p>\u00cen mod normal, aceast\u0103 enzim\u0103 ajut\u0103 la producerea unei substan\u021be numite angiotensin\u0103 II, care determin\u0103 \u00eengustarea \u0219i str\u00e2ngerea vaselor de s\u00e2nge. C\u00e2nd vasele de s\u00e2nge se \u00eengusteaz\u0103, tensiunea arterial\u0103 cre\u0219te.<\/p>\n<p>Prin blocarea ACE, ramipril:<\/p>\n<ul>\n<li>Relaxeaz\u0103 \u0219i l\u0103rge\u0219te vasele de s\u00e2nge<\/li>\n<li>Scade tensiunea arterial\u0103<\/li>\n<li>Reduce presiunea asupra inimii<\/li>\n<li>\u00cembun\u0103t\u0103\u021be\u0219te fluxul sanguin<\/li>\n<li>Protejeaz\u0103 func\u021bia renal\u0103 la unii pacien\u021bi<\/li>\n<\/ul>\n<p>Pentru c\u0103 reduce presiunea din vasele de s\u00e2nge, Ramilich ajut\u0103 la protejarea organelor vitale de daune pe termen lung.<\/p>\n<h2>Cine nu ar trebui s\u0103 foloseasc\u0103 produsul?<\/h2>\n<p>Nu ar trebui s\u0103 folose\u0219ti Ramilich dac\u0103:<\/p>\n<ul>\n<li>Ai alergie la ramipril sau la al\u021bi inhibitori ACE<\/li>\n<li>Ai un istoric de angioedem (umflarea brusc\u0103 a fe\u021bei, buzelor, limbii sau g\u00e2tului)<\/li>\n<li>Esti \u00eens\u0103rcinat\u0103 \u00een mai mult de trei luni<\/li>\n<li>Ai o \u00eengustare sever\u0103 a arterelor renale<\/li>\n<li>Ai anumite tulbur\u0103ri ereditare de umflare<\/li>\n<\/ul>\n<p>Ramilich poate s\u0103 nu fie potrivit dac\u0103:<\/p>\n<ul>\n<li>Ai o insuficien\u021b\u0103 renal\u0103 sever\u0103<\/li>\n<li>Ai o boal\u0103 hepatic\u0103 sever\u0103<\/li>\n<li>Ai tensiune arterial\u0103 foarte sc\u0103zut\u0103<\/li>\n<li>Ie\u0219ti anumite medicamente pentru tensiunea arterial\u0103 (cum ar fi aliskiren \u00een diabet)<\/li>\n<\/ul>\n<p>Informeaz\u0103 \u00eentotdeauna medicul despre istoricul t\u0103u medical complet \u00eenainte de a \u00eencepe tratamentul.<\/p>\n<h3>Sarcina \u0219i al\u0103ptarea<\/h3>\n<p>Ramilich nu trebuie utilizat \u00een timpul celui de-al doilea sau al treilea trimestru de sarcin\u0103, deoarece poate d\u0103una grav unui copil nen\u0103scut.<\/p>\n<p>Dac\u0103 e\u0219ti \u00eens\u0103rcinat\u0103, planifici o sarcin\u0103 sau r\u0103m\u00e2i \u00eens\u0103rcinat\u0103 \u00een timp ce iei Ramilich, opre\u0219te administrarea \u0219i contacteaz\u0103 imediat un medic.<\/p>\n<p>Ramilich nu este, \u00een general, recomandat \u00een timpul al\u0103pt\u0103rii. Discut\u0103 alternativele cu medicul t\u0103u.<\/p>\n<h2>Cum s\u0103 folose\u0219ti \u0219i dozajul<\/h2>\n<p>Ia \u00eentotdeauna Ramilich exact a\u0219a cum \u021bi-a fost prescris.<\/p>\n<p>Doza depinde de afec\u021biunea ta \u0219i de r\u0103spunsul la tratament.<\/p>\n<p>Pentru hipertensiune arterial\u0103:<\/p>\n<ul>\n<li>Doza ini\u021bial\u0103 obi\u0219nuit\u0103 este mic\u0103 \u0219i poate fi crescut\u0103 treptat.<\/li>\n<\/ul>\n<p>Pentru insuficien\u021b\u0103 cardiac\u0103 sau protec\u021bie cardiovascular\u0103:<\/p>\n<ul>\n<li>Tratamentul \u00eencepe adesea cu o doz\u0103 mic\u0103 \u0219i este crescut cu aten\u021bie.<\/li>\n<\/ul>\n<p>Ia Ramilich:<\/p>\n<ul>\n<li>O dat\u0103 pe zi (uneori de dou\u0103 ori pe zi, \u00een func\u021bie de re\u021bet\u0103)<\/li>\n<li>La aceea\u0219i or\u0103 \u00een fiecare zi<\/li>\n<li>Cu ap\u0103<\/li>\n<li>Cu sau f\u0103r\u0103 m\u00e2ncare<\/li>\n<\/ul>\n<p>Medicul t\u0103u poate monitoriza regulat tensiunea arterial\u0103, func\u021bia renal\u0103 \u0219i nivelurile de potasiu.<\/p>\n<p>Nu opri brusc administrarea Ramilich f\u0103r\u0103 sfatul medicului.<\/p>\n<h2>Posibile efecte secundare<\/h2>\n<p>Ca toate medicamentele, Ramilich poate provoca efecte secundare, de\u0219i nu toat\u0103 lumea le experimenteaz\u0103.<\/p>\n<p>Efectele secundare comune includ:<\/p>\n<ul>\n<li>Tuse uscat\u0103 persistent\u0103<\/li>\n<li>Ame\u021beal\u0103<\/li>\n<li>Durere de cap<\/li>\n<li>Oboseal\u0103<\/li>\n<li>Tensiune arterial\u0103 sc\u0103zut\u0103<\/li>\n<li>Nausee<\/li>\n<\/ul>\n<p>Tusea uscat\u0103 este un efect secundar bine cunoscut al inhibitorilor ACE \u0219i poate necesita schimbarea medicamentului dac\u0103 devine deranjant\u0103.<\/p>\n<p>Efectele secundare mai pu\u021bin frecvente, dar grave, pot include:<\/p>\n<ul>\n<li>Angioedem (umflarea fe\u021bei, buzelor sau g\u00e2tului)<\/li>\n<li>Sc\u0103dere sever\u0103 a tensiunii arteriale<\/li>\n<li>Probleme renale<\/li>\n<li>Nivele ridicate de potasiu<\/li>\n<\/ul>\n<p>Caut\u0103 imediat asisten\u021b\u0103 medical\u0103 dac\u0103 dezvol\u021bi umfl\u0103turi ale fe\u021bei sau g\u00e2tului sau ai dificult\u0103\u021bi de respira\u021bie.<\/p>\n<h2>Informa\u021bii importante de siguran\u021b\u0103<\/h2>\n<p>\u00cenainte de a \u00eencepe Ramilich, spune medicului t\u0103u dac\u0103:<\/p>\n<ul>\n<li>Ai boal\u0103 renal\u0103<\/li>\n<li>Ai boal\u0103 hepatic\u0103<\/li>\n<li>Ai diabet<\/li>\n<li>Urmezi o diet\u0103 s\u0103rac\u0103 \u00een sare<\/li>\n<li>Ie\u0219ti diuretice (tablete cu ap\u0103)<\/li>\n<li>Ie\u0219ti suplimente de potasiu<\/li>\n<li>Ai avut recent v\u0103rs\u0103turi severe sau <a href=\"\/ro\/treatment\/diarrhoea\">diaree<\/a><\/li>\n<\/ul>\n<p>Ramilich poate cre\u0219te nivelurile de potasiu din s\u00e2ngele t\u0103u. Pot fi necesare analize de s\u00e2nge pentru a monitoriza func\u021bia renal\u0103 \u0219i echilibrul electroli\u021bilor.<\/p>\n<p>Dac\u0103 te sim\u021bi ame\u021bit c\u00e2nd \u00eencepi tratamentul, ridic\u0103-te \u00eencet din pozi\u021bii \u0219ez\u00e2nd sau culcat.<\/p>\n<h2>C\u00e2nd s\u0103 cau\u021bi ajutor medical<\/h2>\n<p>Caut\u0103 asisten\u021b\u0103 medical\u0103 urgent\u0103 dac\u0103 experimentezi:<\/p>\n<ul>\n<li>Umflarea fe\u021bei, buzelor, limbii sau g\u00e2tului<\/li>\n<li>Dificult\u0103\u021bi de respira\u021bie<\/li>\n<li>Ame\u021beli severe sau le\u0219in<\/li>\n<li>Durere \u00een piept<\/li>\n<\/ul>\n<p>Contacteaz\u0103 medicul t\u0103u dac\u0103:<\/p>\n<ul>\n<li>Dezvol\u021bi o tuse uscat\u0103 persistent\u0103<\/li>\n<li>Te sim\u021bi neobi\u0219nuit de slab<\/li>\n<li>Tensiunea ta arterial\u0103 r\u0103m\u00e2ne ridicat\u0103<\/li>\n<li>Experimentezi efecte secundare semnificative<\/li>\n<\/ul>\n<p>Dac\u0103 nu e\u0219ti sigur dac\u0103 simptomele tale sunt legate de medicamentele pentru tensiunea arterial\u0103, po\u021bi programa o consulta\u021bie video sigur\u0103 cu un medic autorizat prin Transtoyou pentru sfaturi personalizate. Dac\u0103 simptomele sunt severe sau bru\u0219te, caut\u0103 imediat asisten\u021b\u0103 medical\u0103.<\/p>\n","protected":false},"excerpt":{"rendered":"<ul>\n<li>Ramilich: inhibitor ACE folosit pentru a trata hipertensiunea arterial\u0103 \u0219i a proteja inima \u0219i vasele de s\u00e2nge.<\/li>\n<li>Ingredient activ: Ramipril<\/li>\n<li>Utilizat pentru: Tratamentul hipertensiunii arteriale (hipertensiune),<\/li>\n<\/ul>\n","protected":false},"featured_media":1784,"comment_status":"open","ping_status":"closed","template":"","meta":[],"product_brand":[],"product_cat":[117],"product_tag":[],"expert":[16],"class_list":{"0":"post-1782","1":"product","2":"type-product","3":"status-publish","4":"has-post-thumbnail","6":"product_cat-tensiune-arteriala-crescuta","7":"expert-dr-c-alexandru","9":"first","10":"instock","11":"shipping-taxable","12":"product-type-variable"},"yoast_head":"<!-- This site is optimized with the Yoast SEO plugin v27.0 - https:\/\/yoast.com\/product\/yoast-seo-wordpress\/ -->\n<title>Ramilich - Transtoyou - RO<\/title>\n<meta name=\"robots\" content=\"noindex, follow, max-snippet:-1, max-image-preview:large, max-video-preview:-1\" \/>\n<meta property=\"og:locale\" content=\"ro_RO\" \/>\n<meta property=\"og:type\" content=\"article\" \/>\n<meta property=\"og:title\" content=\"Ramilich - Transtoyou - RO\" \/>\n<meta property=\"og:description\" content=\"Ramilich: inhibitor ACE folosit pentru a trata hipertensiunea arterial\u0103 \u0219i a proteja inima \u0219i vasele de s\u00e2nge.  Ingredient activ: Ramipril  Utilizat pentru: Tratamentul hipertensiunii arteriale (hipertensiune),\" \/>\n<meta property=\"og:url\" content=\"https:\/\/www.transtoyou.com\/ro\/product\/ramilich\/\" \/>\n<meta property=\"og:site_name\" content=\"Transtoyou - RO\" \/>\n<meta property=\"article:modified_time\" content=\"2026-03-02T13:44:13+00:00\" \/>\n<meta property=\"og:image\" content=\"https:\/\/www.transtoyou.com\/ro\/wp-content\/uploads\/sites\/13\/2026\/03\/tty-no-product-image-3.webp\" \/>\n\t<meta property=\"og:image:width\" content=\"1000\" \/>\n\t<meta property=\"og:image:height\" content=\"1000\" \/>\n\t<meta property=\"og:image:type\" content=\"image\/webp\" \/>\n<meta name=\"twitter:card\" content=\"summary_large_image\" \/>\n<meta name=\"twitter:label1\" content=\"Timp estimat pentru citire\" \/>\n\t<meta name=\"twitter:data1\" content=\"5 minute\" \/>\n<script type=\"application\/ld+json\" class=\"yoast-schema-graph\">{\"@context\":\"https:\/\/schema.org\",\"@graph\":[{\"@type\":\"WebPage\",\"@id\":\"https:\/\/www.transtoyou.com\/ro\/product\/ramilich\/\",\"url\":\"https:\/\/www.transtoyou.com\/ro\/product\/ramilich\/\",\"name\":\"Ramilich - Transtoyou - RO\",\"isPartOf\":{\"@id\":\"https:\/\/www.transtoyou.com\/ro\/#website\"},\"primaryImageOfPage\":{\"@id\":\"https:\/\/www.transtoyou.com\/ro\/product\/ramilich\/#primaryimage\"},\"image\":{\"@id\":\"https:\/\/www.transtoyou.com\/ro\/product\/ramilich\/#primaryimage\"},\"thumbnailUrl\":\"https:\/\/www.transtoyou.com\/ro\/wp-content\/uploads\/sites\/13\/2026\/03\/tty-no-product-image-3.webp\",\"datePublished\":\"2026-03-02T13:40:08+00:00\",\"dateModified\":\"2026-03-02T13:44:13+00:00\",\"breadcrumb\":{\"@id\":\"https:\/\/www.transtoyou.com\/ro\/product\/ramilich\/#breadcrumb\"},\"inLanguage\":\"ro-RO\",\"potentialAction\":[{\"@type\":\"ReadAction\",\"target\":[\"https:\/\/www.transtoyou.com\/ro\/product\/ramilich\/\"]}]},{\"@type\":\"ImageObject\",\"inLanguage\":\"ro-RO\",\"@id\":\"https:\/\/www.transtoyou.com\/ro\/product\/ramilich\/#primaryimage\",\"url\":\"https:\/\/www.transtoyou.com\/ro\/wp-content\/uploads\/sites\/13\/2026\/03\/tty-no-product-image-3.webp\",\"contentUrl\":\"https:\/\/www.transtoyou.com\/ro\/wp-content\/uploads\/sites\/13\/2026\/03\/tty-no-product-image-3.webp\",\"width\":1000,\"height\":1000,\"caption\":\"Imaginea implicit\u0103 a produsului\"},{\"@type\":\"WebSite\",\"@id\":\"https:\/\/www.transtoyou.com\/ro\/#website\",\"url\":\"https:\/\/www.transtoyou.com\/ro\/\",\"name\":\"Transtoyou - RO\",\"description\":\"\",\"publisher\":{\"@id\":\"https:\/\/www.transtoyou.com\/ro\/#organization\"},\"potentialAction\":[{\"@type\":\"SearchAction\",\"target\":{\"@type\":\"EntryPoint\",\"urlTemplate\":\"https:\/\/www.transtoyou.com\/ro\/?s={search_term_string}\"},\"query-input\":{\"@type\":\"PropertyValueSpecification\",\"valueRequired\":true,\"valueName\":\"search_term_string\"}}],\"inLanguage\":\"ro-RO\"},{\"@type\":\"Organization\",\"@id\":\"https:\/\/www.transtoyou.com\/ro\/#organization\",\"name\":\"Transtoyou - RO\",\"url\":\"https:\/\/www.transtoyou.com\/ro\/\",\"logo\":{\"@type\":\"ImageObject\",\"inLanguage\":\"ro-RO\",\"@id\":\"https:\/\/www.transtoyou.com\/ro\/#\/schema\/logo\/image\/\",\"url\":\"https:\/\/www.transtoyou.com\/ro\/wp-content\/uploads\/sites\/13\/2026\/01\/logo-tty-menu-bar-300x87-1.webp\",\"contentUrl\":\"https:\/\/www.transtoyou.com\/ro\/wp-content\/uploads\/sites\/13\/2026\/01\/logo-tty-menu-bar-300x87-1.webp\",\"width\":300,\"height\":87,\"caption\":\"Transtoyou - RO\"},\"image\":{\"@id\":\"https:\/\/www.transtoyou.com\/ro\/#\/schema\/logo\/image\/\"}}]}<\/script>\n<!-- \/ Yoast SEO plugin. -->","yoast_head_json":{"title":"Ramilich - Transtoyou - RO","robots":{"index":"noindex","follow":"follow","max-snippet":"max-snippet:-1","max-image-preview":"max-image-preview:large","max-video-preview":"max-video-preview:-1"},"og_locale":"ro_RO","og_type":"article","og_title":"Ramilich - Transtoyou - RO","og_description":"Ramilich: inhibitor ACE folosit pentru a trata hipertensiunea arterial\u0103 \u0219i a proteja inima \u0219i vasele de s\u00e2nge.  Ingredient activ: Ramipril  Utilizat pentru: Tratamentul hipertensiunii arteriale (hipertensiune),","og_url":"https:\/\/www.transtoyou.com\/ro\/product\/ramilich\/","og_site_name":"Transtoyou - RO","article_modified_time":"2026-03-02T13:44:13+00:00","og_image":[{"width":1000,"height":1000,"url":"https:\/\/www.transtoyou.com\/ro\/wp-content\/uploads\/sites\/13\/2026\/03\/tty-no-product-image-3.webp","type":"image\/webp"}],"twitter_card":"summary_large_image","twitter_misc":{"Timp estimat pentru citire":"5 minute"},"schema":{"@context":"https:\/\/schema.org","@graph":[{"@type":"WebPage","@id":"https:\/\/www.transtoyou.com\/ro\/product\/ramilich\/","url":"https:\/\/www.transtoyou.com\/ro\/product\/ramilich\/","name":"Ramilich - Transtoyou - RO","isPartOf":{"@id":"https:\/\/www.transtoyou.com\/ro\/#website"},"primaryImageOfPage":{"@id":"https:\/\/www.transtoyou.com\/ro\/product\/ramilich\/#primaryimage"},"image":{"@id":"https:\/\/www.transtoyou.com\/ro\/product\/ramilich\/#primaryimage"},"thumbnailUrl":"https:\/\/www.transtoyou.com\/ro\/wp-content\/uploads\/sites\/13\/2026\/03\/tty-no-product-image-3.webp","datePublished":"2026-03-02T13:40:08+00:00","dateModified":"2026-03-02T13:44:13+00:00","breadcrumb":{"@id":"https:\/\/www.transtoyou.com\/ro\/product\/ramilich\/#breadcrumb"},"inLanguage":"ro-RO","potentialAction":[{"@type":"ReadAction","target":["https:\/\/www.transtoyou.com\/ro\/product\/ramilich\/"]}]},{"@type":"ImageObject","inLanguage":"ro-RO","@id":"https:\/\/www.transtoyou.com\/ro\/product\/ramilich\/#primaryimage","url":"https:\/\/www.transtoyou.com\/ro\/wp-content\/uploads\/sites\/13\/2026\/03\/tty-no-product-image-3.webp","contentUrl":"https:\/\/www.transtoyou.com\/ro\/wp-content\/uploads\/sites\/13\/2026\/03\/tty-no-product-image-3.webp","width":1000,"height":1000,"caption":"Imaginea implicit\u0103 a produsului"},{"@type":"WebSite","@id":"https:\/\/www.transtoyou.com\/ro\/#website","url":"https:\/\/www.transtoyou.com\/ro\/","name":"Transtoyou - RO","description":"","publisher":{"@id":"https:\/\/www.transtoyou.com\/ro\/#organization"},"potentialAction":[{"@type":"SearchAction","target":{"@type":"EntryPoint","urlTemplate":"https:\/\/www.transtoyou.com\/ro\/?s={search_term_string}"},"query-input":{"@type":"PropertyValueSpecification","valueRequired":true,"valueName":"search_term_string"}}],"inLanguage":"ro-RO"},{"@type":"Organization","@id":"https:\/\/www.transtoyou.com\/ro\/#organization","name":"Transtoyou - RO","url":"https:\/\/www.transtoyou.com\/ro\/","logo":{"@type":"ImageObject","inLanguage":"ro-RO","@id":"https:\/\/www.transtoyou.com\/ro\/#\/schema\/logo\/image\/","url":"https:\/\/www.transtoyou.com\/ro\/wp-content\/uploads\/sites\/13\/2026\/01\/logo-tty-menu-bar-300x87-1.webp","contentUrl":"https:\/\/www.transtoyou.com\/ro\/wp-content\/uploads\/sites\/13\/2026\/01\/logo-tty-menu-bar-300x87-1.webp","width":300,"height":87,"caption":"Transtoyou - RO"},"image":{"@id":"https:\/\/www.transtoyou.com\/ro\/#\/schema\/logo\/image\/"}}]}},"_links":{"self":[{"href":"https:\/\/www.transtoyou.com\/ro\/wp-json\/wp\/v2\/product\/1782","targetHints":{"allow":["GET"]}}],"collection":[{"href":"https:\/\/www.transtoyou.com\/ro\/wp-json\/wp\/v2\/product"}],"about":[{"href":"https:\/\/www.transtoyou.com\/ro\/wp-json\/wp\/v2\/types\/product"}],"replies":[{"embeddable":true,"href":"https:\/\/www.transtoyou.com\/ro\/wp-json\/wp\/v2\/comments?post=1782"}],"wp:featuredmedia":[{"embeddable":true,"href":"https:\/\/www.transtoyou.com\/ro\/wp-json\/wp\/v2\/media\/1784"}],"wp:attachment":[{"href":"https:\/\/www.transtoyou.com\/ro\/wp-json\/wp\/v2\/media?parent=1782"}],"wp:term":[{"taxonomy":"product_brand","embeddable":true,"href":"https:\/\/www.transtoyou.com\/ro\/wp-json\/wp\/v2\/product_brand?post=1782"},{"taxonomy":"product_cat","embeddable":true,"href":"https:\/\/www.transtoyou.com\/ro\/wp-json\/wp\/v2\/product_cat?post=1782"},{"taxonomy":"product_tag","embeddable":true,"href":"https:\/\/www.transtoyou.com\/ro\/wp-json\/wp\/v2\/product_tag?post=1782"},{"taxonomy":"expert","embeddable":true,"href":"https:\/\/www.transtoyou.com\/ro\/wp-json\/wp\/v2\/expert?post=1782"}],"curies":[{"name":"wp","href":"https:\/\/api.w.org\/{rel}","templated":true}]}}