{"id":2102,"date":"2026-03-10T09:46:55","date_gmt":"2026-03-10T09:46:55","guid":{"rendered":"https:\/\/www.transtoyou.com\/ro\/product\/treclin\/"},"modified":"2026-03-10T09:48:05","modified_gmt":"2026-03-10T09:48:05","slug":"treclin","status":"publish","type":"product","link":"https:\/\/www.transtoyou.com\/ro\/product\/treclin\/","title":{"rendered":"Treclin"},"content":{"rendered":"<h2>Ce este Treclin?<\/h2>\n<p>Treclin este un gel topic pentru tratamentul acneei, care necesit\u0103 re\u021bet\u0103 medical\u0103, utilizat pentru a trata <a href=\"\/ro\/treatment\/acne\">acneea<\/a> vulgaris, o afec\u021biune comun\u0103 a pielii care cauzeaz\u0103 co\u0219uri, puncte negre \u0219i pete inflamate.<\/p>\n<p>Treclin con\u021bine dou\u0103 ingrediente active:<\/p>\n<ul>\n<li>Clindamicin\u0103, un antibiotic care reduce bacteriile care cauzeaz\u0103 acneea pe piele<\/li>\n<li>Tretinoin, un retinoid (derivat al vitaminei A) care ajut\u0103 la prevenirea porilor bloca\u021bi \u0219i promoveaz\u0103 regenerarea pielii<\/li>\n<\/ul>\n<p>Acneea se dezvolt\u0103 atunci c\u00e2nd foliculii de p\u0103r din piele devin bloca\u021bi de ulei (sebum) \u0219i celule moarte ale pielii. Acest lucru poate duce la inflama\u021bie \u0219i cre\u0219terea bacteriilor.<\/p>\n<p>Treclin ac\u021bioneaz\u0103 abord\u00e2nd simultan mai multe dintre cauzele principale ale acneei. Reduce bacteriile, cur\u0103\u021b\u0103 porii \u00eenfunda\u021bi \u0219i ajut\u0103 pielea s\u0103 se regenereze mai eficient.<\/p>\n<h2>La ce este folosit?<\/h2>\n<p>Treclin este utilizat pentru a trata acneea vulgaris, \u00een special atunci c\u00e2nd acneea implic\u0103 at\u00e2t pori bloca\u021bi, c\u00e2t \u0219i pete inflamate.<\/p>\n<p>Poate ajuta la \u00eembun\u0103t\u0103\u021birea:<\/p>\n<ul>\n<li>Co\u0219urilor \u0219i petelor inflamate<\/li>\n<li>Punctelor negre \u0219i albe<\/li>\n<li>Pori bloca\u021bi<\/li>\n<li>Ro\u0219ea\u021b\u0103 \u0219i inflama\u021bie<\/li>\n<\/ul>\n<p>Treclin este adesea prescris atunci c\u00e2nd acneea afecteaz\u0103 fa\u021ba \u0219i c\u00e2nd tratamentul topic este adecvat.<\/p>\n<p>Deoarece Treclin combin\u0103 un antibiotic cu un retinoid, vizeaz\u0103 mai mul\u021bi factori implica\u021bi \u00een dezvoltarea acneei.<\/p>\n<h2>Cum func\u021bioneaz\u0103 produsul?<\/h2>\n<p>Treclin con\u021bine dou\u0103 ingrediente active care ac\u021bioneaz\u0103 \u00eempreun\u0103 pentru a trata acneea.<\/p>\n<h4>Clindamicin\u0103<\/h4>\n<p>Clindamicina este un antibiotic care reduce cre\u0219terea Cutibacterium acnes, bacteria implicat\u0103 \u00een inflama\u021bia acneei. Prin sc\u0103derea nivelului de bacterii pe piele, clindamicina ajut\u0103 la reducerea ro\u0219e\u021bii, umfl\u0103turii \u0219i co\u0219urilor infectate.<\/p>\n<h4>Tretinoin<\/h4>\n<p>Tretinoin este un retinoid care cre\u0219te turnoverul celulelor pielii. Acest lucru ajut\u0103 la prevenirea bloc\u0103rii foliculilor de p\u0103r de c\u0103tre celulele moarte ale pielii.<\/p>\n<p>Tretinoin ac\u021bioneaz\u0103 prin:<\/p>\n<ul>\n<li>Promovarea regener\u0103rii celulelor pielii<\/li>\n<li>Prevenirea porilor \u00eenfunda\u021bi<\/li>\n<li>Reducerea punctelor negre \u0219i albe<\/li>\n<li>\u00cembun\u0103t\u0103\u021birea texturii generale a pielii<\/li>\n<\/ul>\n<p>\u00cempreun\u0103, aceste ingrediente reduc inflama\u021bia \u0219i ajut\u0103 la men\u021binerea porilor cura\u021bi, ceea ce poate \u00eembun\u0103t\u0103\u021bi treptat acneea.<\/p>\n<h2>Cine nu ar trebui s\u0103 foloseasc\u0103 produsul?<\/h2>\n<p>Nu ar trebui s\u0103 folose\u0219ti Treclin dac\u0103:<\/p>\n<ul>\n<li>Ai alergie la clindamicin\u0103, tretinoin, lincomicin\u0103 sau orice ingredient din gel<\/li>\n<li>Ai boal\u0103 inflamatorie intestinal\u0103, cum ar fi colita ulceroas\u0103 sau boala Crohn, legat\u0103 de utilizarea antibioticelor<\/li>\n<li>Ai un istoric de colit\u0103 asociat\u0103 cu antibiotice<\/li>\n<li>Ai eczema sever\u0103 sau piele sever inflamat\u0103 \u00een zona de tratament<\/li>\n<\/ul>\n<p>Treclin ar trebui utilizat cu precau\u021bie dac\u0103:<\/p>\n<ul>\n<li>Ai piele foarte sensibil\u0103<\/li>\n<li>Folose\u0219ti alte tratamente topice puternice pentru acnee<\/li>\n<li>Ai sensibilitate sever\u0103 la soare<\/li>\n<\/ul>\n<p>Urmeaz\u0103 \u00eentotdeauna sfatul medicului t\u0103u \u0219i informeaz\u0103-l despre alte tratamente pentru piele pe care le folose\u0219ti.<\/p>\n<h3>Sarcina \u0219i al\u0103ptarea<\/h3>\n<p>Treclin nu ar trebui utilizat \u00een timpul sarcinii, deoarece tretinoinul este un retinoid \u0219i poate prezenta riscuri pentru un copil nen\u0103scut.<\/p>\n<p>Dac\u0103 e\u0219ti \u00eens\u0103rcinat\u0103, planifici o sarcin\u0103 sau crezi c\u0103 ai putea fi \u00eens\u0103rcinat\u0103, nu folosi Treclin.<\/p>\n<p>Dac\u0103 al\u0103ptezi, discut\u0103 cu medicul t\u0103u \u00eenainte de a folosi Treclin. Evit\u0103 aplicarea gelului pe zone unde copilul ar putea intra \u00een contact cu pielea tratat\u0103.<\/p>\n<h2>Cum s\u0103 folose\u0219ti \u0219i dozare<\/h2>\n<p>Folose\u0219te \u00eentotdeauna Treclin exact a\u0219a cum este prescris.<\/p>\n<p>Recomandarea obi\u0219nuit\u0103 este:<\/p>\n<ul>\n<li>Aplic\u0103 un strat sub\u021bire o dat\u0103 pe zi, seara<\/li>\n<\/ul>\n<p><strong>Cum s\u0103 aplici:<\/strong><\/p>\n<ol>\n<li>Spal\u0103-\u021bi fa\u021ba cu un cleanser bl\u00e2nd \u0219i tamponeaz\u0103 u\u0219or pentru a usca.<\/li>\n<li>A\u0219teapt\u0103 aproximativ 20 p\u00e2n\u0103 la 30 de minute \u00eenainte de a aplica gelul.<\/li>\n<li>Aplic\u0103 o cantitate mic\u0103 de Treclin pe zonele afectate.<\/li>\n<li>Evit\u0103 ochii, gura \u0219i pielea rupt\u0103.<\/li>\n<\/ol>\n<p>Folosirea mai multor gel dec\u00e2t este recomandat nu va \u00eembun\u0103t\u0103\u021bi rezultatele \u0219i poate cre\u0219te irita\u021bia.<\/p>\n<p>Este posibil s\u0103 dureze c\u00e2teva s\u0103pt\u0103m\u00e2ni pentru a observa o \u00eembun\u0103t\u0103\u021bire vizibil\u0103 a acneei. Continu\u0103 tratamentul a\u0219a cum este prescris, cu excep\u021bia cazului \u00een care medicul t\u0103u \u00ee\u021bi recomand\u0103 altceva.<\/p>\n<h2>Efecte secundare posibile<\/h2>\n<p>Ca toate medicamentele, Treclin poate provoca efecte secundare, de\u0219i nu toat\u0103 lumea le experimenteaz\u0103.<\/p>\n<p>Efectele secundare comune includ:<\/p>\n<ul>\n<li>Irita\u021bie a pielii<\/li>\n<li>Piele uscat\u0103<\/li>\n<li>Ro\u0219ea\u021b\u0103<\/li>\n<li>Exfoliere sau descuamare<\/li>\n<li>Senzi\u021bie de arsur\u0103 sau \u00een\u021bep\u0103tur\u0103<\/li>\n<\/ul>\n<p>Aceste efecte sunt de obicei u\u0219oare \u0219i adesea se \u00eembun\u0103t\u0103\u021besc pe m\u0103sur\u0103 ce pielea se adapteaz\u0103 la tratament.<\/p>\n<p>Efectele secundare mai pu\u021bin comune pot include:<\/p>\n<ul>\n<li>Sensibilitate crescut\u0103 la soare<\/li>\n<li>Irita\u021bie sever\u0103 a pielii<\/li>\n<li>Diaree sau dureri abdominale (rar din cauza absorb\u021biei antibioticelor)<\/li>\n<\/ul>\n<p>Dac\u0103 apar irita\u021bii severe ale pielii sau simptome gastrointestinale persistente, opre\u0219te utilizarea gelului \u0219i caut\u0103 sfatul medical.<\/p>\n<h2>Informa\u021bii importante de siguran\u021b\u0103<\/h2>\n<p>\u00cenainte de a \u00eencepe Treclin, spune medicului t\u0103u dac\u0103:<\/p>\n<ul>\n<li>Ai piele sensibil\u0103<\/li>\n<li>Ai un istoric de boal\u0103 inflamatorie intestinal\u0103<\/li>\n<li>Folose\u0219ti alte medicamente pentru acnee<\/li>\n<li>Folose\u0219ti produse de \u00eengrijire a pielii exfoliante sau iritante<\/li>\n<\/ul>\n<p>Treclin poate cre\u0219te sensibilitatea pielii tale la soare. \u00cen timpul tratamentului:<\/p>\n<ul>\n<li>Evit\u0103 expunerea excesiv\u0103 la soare<\/li>\n<li>Folose\u0219te protec\u021bie solar\u0103 zilnic<\/li>\n<li>Evit\u0103 paturile de bronzare<\/li>\n<\/ul>\n<p>Nu aplica Treclin pe pielea deteriorat\u0103, ars\u0103 de soare sau iritat\u0103.<\/p>\n<h2>C\u00e2nd s\u0103 cau\u021bi ajutor medical<\/h2>\n<p>Caut\u0103 asisten\u021b\u0103 medical\u0103 dac\u0103 experimentezi:<\/p>\n<ul>\n<li>Irita\u021bie sever\u0103 a pielii sau reac\u021bie alergic\u0103<\/li>\n<li>Diaree persistent\u0103 sau crampe abdominale<\/li>\n<li>Ro\u0219ea\u021b\u0103 sever\u0103 sau umflare a pielii<\/li>\n<li>Semne de infec\u021bie<\/li>\n<\/ul>\n<p>Contacteaz\u0103 medicul t\u0103u dac\u0103:<\/p>\n<ul>\n<li>Acneea ta se agraveaz\u0103 semnificativ<\/li>\n<li>Irita\u021bia pielii devine sever\u0103<\/li>\n<li>Nu observi \u00eembun\u0103t\u0103\u021biri dup\u0103 c\u00e2teva s\u0103pt\u0103m\u00e2ni<\/li>\n<\/ul>\n<p>Dac\u0103 nu e\u0219ti sigur dac\u0103 simptomele tale sunt legate de tratamentul pentru acnee, po\u021bi programa o consulta\u021bie video securizat\u0103 cu un medic licen\u021biat prin Transtoyou pentru sfaturi personalizate. Dac\u0103 simptomele sunt severe sau apar brusc, caut\u0103 \u00eengrijiri medicale de urgen\u021b\u0103 imediat.<\/p>\n","protected":false},"excerpt":{"rendered":"<ul>\n<li>Treclin: Tratament topic pentru acnee pe baz\u0103 de re\u021bet\u0103 care combin\u0103 un antibiotic \u0219i un retinoid pentru a reduce inflama\u021bia \u0219i a preveni blocarea porilor.<\/li>\n<li>Ingredient activ: Clindamicin\u0103 \u0219i Tretinoin<\/li>\n<li>Utilizat pentru: Acnee vulgaris<\/li>\n<\/ul>\n","protected":false},"featured_media":2103,"comment_status":"open","ping_status":"closed","template":"","meta":[],"product_brand":[],"product_cat":[54],"product_tag":[],"expert":[16],"class_list":{"0":"post-2102","1":"product","2":"type-product","3":"status-publish","4":"has-post-thumbnail","6":"product_cat-acnee","7":"expert-dr-c-alexandru","9":"first","10":"instock","11":"shipping-taxable","12":"purchasable","13":"product-type-simple"},"yoast_head":"<!-- This site is optimized with the Yoast SEO plugin v27.0 - https:\/\/yoast.com\/product\/yoast-seo-wordpress\/ -->\n<title>Treclin | Vizeaz\u0103 eficient acneea \u0219i punctele negre - Transtoyou<\/title>\n<meta name=\"description\" content=\"Treclin disponibil aici la Transtoyou, cump\u0103r\u0103 acum pentru \u00eengrijirea acneei care sus\u021bine o piele mai clar\u0103, cu informa\u021bii revizuite clinic \u0219i pre\u021buri corecte.\" \/>\n<meta name=\"robots\" content=\"noindex, follow, max-snippet:-1, max-image-preview:large, max-video-preview:-1\" \/>\n<meta property=\"og:locale\" content=\"ro_RO\" \/>\n<meta property=\"og:type\" content=\"article\" \/>\n<meta property=\"og:title\" content=\"Treclin | Vizeaz\u0103 eficient acneea \u0219i punctele negre - Transtoyou\" \/>\n<meta property=\"og:description\" content=\"Treclin disponibil aici la Transtoyou, cump\u0103r\u0103 acum pentru \u00eengrijirea acneei care sus\u021bine o piele mai clar\u0103, cu informa\u021bii revizuite clinic \u0219i pre\u021buri corecte.\" \/>\n<meta property=\"og:url\" content=\"https:\/\/www.transtoyou.com\/ro\/product\/treclin\/\" \/>\n<meta property=\"og:site_name\" content=\"Transtoyou - RO\" \/>\n<meta property=\"article:modified_time\" content=\"2026-03-10T09:48:05+00:00\" \/>\n<meta name=\"twitter:card\" content=\"summary_large_image\" \/>\n<meta name=\"twitter:label1\" content=\"Timp estimat pentru citire\" \/>\n\t<meta name=\"twitter:data1\" content=\"5 minute\" \/>\n<script type=\"application\/ld+json\" class=\"yoast-schema-graph\">{\"@context\":\"https:\/\/schema.org\",\"@graph\":[{\"@type\":\"WebPage\",\"@id\":\"https:\/\/www.transtoyou.com\/ro\/product\/treclin\/\",\"url\":\"https:\/\/www.transtoyou.com\/ro\/product\/treclin\/\",\"name\":\"Treclin | Vizeaz\u0103 eficient acneea \u0219i punctele negre - Transtoyou\",\"isPartOf\":{\"@id\":\"https:\/\/www.transtoyou.com\/ro\/#website\"},\"primaryImageOfPage\":{\"@id\":\"https:\/\/www.transtoyou.com\/ro\/product\/treclin\/#primaryimage\"},\"image\":{\"@id\":\"https:\/\/www.transtoyou.com\/ro\/product\/treclin\/#primaryimage\"},\"thumbnailUrl\":\"https:\/\/www.transtoyou.com\/ro\/wp-content\/uploads\/sites\/13\/2026\/03\/tty-no-product-image-11.webp\",\"datePublished\":\"2026-03-10T09:46:55+00:00\",\"dateModified\":\"2026-03-10T09:48:05+00:00\",\"description\":\"Treclin disponibil aici la Transtoyou, cump\u0103r\u0103 acum pentru \u00eengrijirea acneei care sus\u021bine o piele mai clar\u0103, cu informa\u021bii revizuite clinic \u0219i pre\u021buri corecte.\",\"breadcrumb\":{\"@id\":\"https:\/\/www.transtoyou.com\/ro\/product\/treclin\/#breadcrumb\"},\"inLanguage\":\"ro-RO\",\"potentialAction\":[{\"@type\":\"ReadAction\",\"target\":[\"https:\/\/www.transtoyou.com\/ro\/product\/treclin\/\"]}]},{\"@type\":\"ImageObject\",\"inLanguage\":\"ro-RO\",\"@id\":\"https:\/\/www.transtoyou.com\/ro\/product\/treclin\/#primaryimage\",\"url\":\"https:\/\/www.transtoyou.com\/ro\/wp-content\/uploads\/sites\/13\/2026\/03\/tty-no-product-image-11.webp\",\"contentUrl\":\"https:\/\/www.transtoyou.com\/ro\/wp-content\/uploads\/sites\/13\/2026\/03\/tty-no-product-image-11.webp\",\"width\":1000,\"height\":1000,\"caption\":\"Imaginea implicit\u0103 a produsului\"},{\"@type\":\"WebSite\",\"@id\":\"https:\/\/www.transtoyou.com\/ro\/#website\",\"url\":\"https:\/\/www.transtoyou.com\/ro\/\",\"name\":\"Transtoyou - RO\",\"description\":\"\",\"publisher\":{\"@id\":\"https:\/\/www.transtoyou.com\/ro\/#organization\"},\"potentialAction\":[{\"@type\":\"SearchAction\",\"target\":{\"@type\":\"EntryPoint\",\"urlTemplate\":\"https:\/\/www.transtoyou.com\/ro\/?s={search_term_string}\"},\"query-input\":{\"@type\":\"PropertyValueSpecification\",\"valueRequired\":true,\"valueName\":\"search_term_string\"}}],\"inLanguage\":\"ro-RO\"},{\"@type\":\"Organization\",\"@id\":\"https:\/\/www.transtoyou.com\/ro\/#organization\",\"name\":\"Transtoyou - RO\",\"url\":\"https:\/\/www.transtoyou.com\/ro\/\",\"logo\":{\"@type\":\"ImageObject\",\"inLanguage\":\"ro-RO\",\"@id\":\"https:\/\/www.transtoyou.com\/ro\/#\/schema\/logo\/image\/\",\"url\":\"https:\/\/www.transtoyou.com\/ro\/wp-content\/uploads\/sites\/13\/2026\/01\/logo-tty-menu-bar-300x87-1.webp\",\"contentUrl\":\"https:\/\/www.transtoyou.com\/ro\/wp-content\/uploads\/sites\/13\/2026\/01\/logo-tty-menu-bar-300x87-1.webp\",\"width\":300,\"height\":87,\"caption\":\"Transtoyou - RO\"},\"image\":{\"@id\":\"https:\/\/www.transtoyou.com\/ro\/#\/schema\/logo\/image\/\"}}]}<\/script>\n<!-- \/ Yoast SEO plugin. -->","yoast_head_json":{"title":"Treclin | Vizeaz\u0103 eficient acneea \u0219i punctele negre - Transtoyou","description":"Treclin disponibil aici la Transtoyou, cump\u0103r\u0103 acum pentru \u00eengrijirea acneei care sus\u021bine o piele mai clar\u0103, cu informa\u021bii revizuite clinic \u0219i pre\u021buri corecte.","robots":{"index":"noindex","follow":"follow","max-snippet":"max-snippet:-1","max-image-preview":"max-image-preview:large","max-video-preview":"max-video-preview:-1"},"og_locale":"ro_RO","og_type":"article","og_title":"Treclin | Vizeaz\u0103 eficient acneea \u0219i punctele negre - Transtoyou","og_description":"Treclin disponibil aici la Transtoyou, cump\u0103r\u0103 acum pentru \u00eengrijirea acneei care sus\u021bine o piele mai clar\u0103, cu informa\u021bii revizuite clinic \u0219i pre\u021buri corecte.","og_url":"https:\/\/www.transtoyou.com\/ro\/product\/treclin\/","og_site_name":"Transtoyou - RO","article_modified_time":"2026-03-10T09:48:05+00:00","twitter_card":"summary_large_image","twitter_misc":{"Timp estimat pentru citire":"5 minute"},"schema":{"@context":"https:\/\/schema.org","@graph":[{"@type":"WebPage","@id":"https:\/\/www.transtoyou.com\/ro\/product\/treclin\/","url":"https:\/\/www.transtoyou.com\/ro\/product\/treclin\/","name":"Treclin | Vizeaz\u0103 eficient acneea \u0219i punctele negre - Transtoyou","isPartOf":{"@id":"https:\/\/www.transtoyou.com\/ro\/#website"},"primaryImageOfPage":{"@id":"https:\/\/www.transtoyou.com\/ro\/product\/treclin\/#primaryimage"},"image":{"@id":"https:\/\/www.transtoyou.com\/ro\/product\/treclin\/#primaryimage"},"thumbnailUrl":"https:\/\/www.transtoyou.com\/ro\/wp-content\/uploads\/sites\/13\/2026\/03\/tty-no-product-image-11.webp","datePublished":"2026-03-10T09:46:55+00:00","dateModified":"2026-03-10T09:48:05+00:00","description":"Treclin disponibil aici la Transtoyou, cump\u0103r\u0103 acum pentru \u00eengrijirea acneei care sus\u021bine o piele mai clar\u0103, cu informa\u021bii revizuite clinic \u0219i pre\u021buri corecte.","breadcrumb":{"@id":"https:\/\/www.transtoyou.com\/ro\/product\/treclin\/#breadcrumb"},"inLanguage":"ro-RO","potentialAction":[{"@type":"ReadAction","target":["https:\/\/www.transtoyou.com\/ro\/product\/treclin\/"]}]},{"@type":"ImageObject","inLanguage":"ro-RO","@id":"https:\/\/www.transtoyou.com\/ro\/product\/treclin\/#primaryimage","url":"https:\/\/www.transtoyou.com\/ro\/wp-content\/uploads\/sites\/13\/2026\/03\/tty-no-product-image-11.webp","contentUrl":"https:\/\/www.transtoyou.com\/ro\/wp-content\/uploads\/sites\/13\/2026\/03\/tty-no-product-image-11.webp","width":1000,"height":1000,"caption":"Imaginea implicit\u0103 a produsului"},{"@type":"WebSite","@id":"https:\/\/www.transtoyou.com\/ro\/#website","url":"https:\/\/www.transtoyou.com\/ro\/","name":"Transtoyou - RO","description":"","publisher":{"@id":"https:\/\/www.transtoyou.com\/ro\/#organization"},"potentialAction":[{"@type":"SearchAction","target":{"@type":"EntryPoint","urlTemplate":"https:\/\/www.transtoyou.com\/ro\/?s={search_term_string}"},"query-input":{"@type":"PropertyValueSpecification","valueRequired":true,"valueName":"search_term_string"}}],"inLanguage":"ro-RO"},{"@type":"Organization","@id":"https:\/\/www.transtoyou.com\/ro\/#organization","name":"Transtoyou - RO","url":"https:\/\/www.transtoyou.com\/ro\/","logo":{"@type":"ImageObject","inLanguage":"ro-RO","@id":"https:\/\/www.transtoyou.com\/ro\/#\/schema\/logo\/image\/","url":"https:\/\/www.transtoyou.com\/ro\/wp-content\/uploads\/sites\/13\/2026\/01\/logo-tty-menu-bar-300x87-1.webp","contentUrl":"https:\/\/www.transtoyou.com\/ro\/wp-content\/uploads\/sites\/13\/2026\/01\/logo-tty-menu-bar-300x87-1.webp","width":300,"height":87,"caption":"Transtoyou - RO"},"image":{"@id":"https:\/\/www.transtoyou.com\/ro\/#\/schema\/logo\/image\/"}}]}},"_links":{"self":[{"href":"https:\/\/www.transtoyou.com\/ro\/wp-json\/wp\/v2\/product\/2102","targetHints":{"allow":["GET"]}}],"collection":[{"href":"https:\/\/www.transtoyou.com\/ro\/wp-json\/wp\/v2\/product"}],"about":[{"href":"https:\/\/www.transtoyou.com\/ro\/wp-json\/wp\/v2\/types\/product"}],"replies":[{"embeddable":true,"href":"https:\/\/www.transtoyou.com\/ro\/wp-json\/wp\/v2\/comments?post=2102"}],"wp:featuredmedia":[{"embeddable":true,"href":"https:\/\/www.transtoyou.com\/ro\/wp-json\/wp\/v2\/media\/2103"}],"wp:attachment":[{"href":"https:\/\/www.transtoyou.com\/ro\/wp-json\/wp\/v2\/media?parent=2102"}],"wp:term":[{"taxonomy":"product_brand","embeddable":true,"href":"https:\/\/www.transtoyou.com\/ro\/wp-json\/wp\/v2\/product_brand?post=2102"},{"taxonomy":"product_cat","embeddable":true,"href":"https:\/\/www.transtoyou.com\/ro\/wp-json\/wp\/v2\/product_cat?post=2102"},{"taxonomy":"product_tag","embeddable":true,"href":"https:\/\/www.transtoyou.com\/ro\/wp-json\/wp\/v2\/product_tag?post=2102"},{"taxonomy":"expert","embeddable":true,"href":"https:\/\/www.transtoyou.com\/ro\/wp-json\/wp\/v2\/expert?post=2102"}],"curies":[{"name":"wp","href":"https:\/\/api.w.org\/{rel}","templated":true}]}}