{"id":455,"date":"2026-01-22T13:57:29","date_gmt":"2026-01-22T13:57:29","guid":{"rendered":"https:\/\/www.transtoyou.com\/ro\/product\/molevac\/"},"modified":"2026-02-28T10:29:44","modified_gmt":"2026-02-28T10:29:44","slug":"molevac","status":"publish","type":"product","link":"https:\/\/www.transtoyou.com\/ro\/product\/molevac\/","title":{"rendered":"Molevac"},"content":{"rendered":"<p>Molevac este un medicament utilizat pentru a trata infec\u021biile cauzate de viermii intestinali, \u00een special oxiurii. Infec\u021biile cu oxiuri sunt comune, \u00een special la copii, \u0219i pot provoca simptome precum m\u00e2nc\u0103rimi (nelini\u0219te) \u00een jurul anusului, nelini\u0219te \u0219i disconfort abdominal u\u0219or. Molevac con\u021bine ingredientul activ pirviniul embonat, care ac\u021bioneaz\u0103 prin paralizarea viermilor, astfel \u00eenc\u00e2t ace\u0219tia s\u0103 poat\u0103 fi elimina\u021bi natural prin mi\u0219c\u0103rile intestinale.<\/p>\n<p>Aceast\u0103 tratament este de obicei administrat ca o doz\u0103 unic\u0103 pe cale oral\u0103, cu o doz\u0103 repetat\u0103 recomandat\u0103 dup\u0103 dou\u0103 s\u0103pt\u0103m\u00e2ni pentru a preveni reinfec\u021bia. Deoarece oxiurii se r\u0103sp\u00e2ndesc u\u0219or prin contact \u0219i suprafe\u021be contaminate, se recomand\u0103 tratarea tuturor membrilor gospod\u0103riei simultan pentru a preveni reinfec\u021bia.<\/p>\n<p>Molevac este bine tolerat, av\u00e2nd foarte pu\u021bine efecte secundare. Unele persoane pot observa simptome gastrointestinale u\u0219oare, cum ar fi grea\u021ba sau crampe, dar acestea sunt \u00een general de scurt\u0103 durat\u0103. O igien\u0103 bun\u0103 este esen\u021bial\u0103 \u00een timpul \u0219i dup\u0103 tratament pentru a evita transmiterea ulterioar\u0103 a viermilor. Aceasta include sp\u0103larea regulat\u0103 a m\u00e2inilor, cur\u0103\u021barea lenjeriei de pat \u0219i a hainelor, \u0219i t\u0103ierea unghiilor.<\/p>\n","protected":false},"excerpt":{"rendered":"<ul>\n<li>Tratament \u00eentr-o singur\u0103 doz\u0103<\/li>\n<li>Vizeaz\u0103 oxiurii<\/li>\n<li>Potrivit pentru multe persoane<\/li>\n<\/ul>\n","protected":false},"featured_media":456,"comment_status":"open","ping_status":"closed","template":"","meta":[],"product_brand":[],"product_cat":[161],"product_tag":[],"expert":[21],"class_list":{"0":"post-455","1":"product","2":"type-product","3":"status-publish","4":"has-post-thumbnail","6":"product_cat-viermi","7":"expert-dr-m-sharoyko","9":"first","10":"outofstock","11":"shipping-taxable","12":"product-type-simple"},"yoast_head":"<!-- This site is optimized with the Yoast SEO plugin v27.0 - https:\/\/yoast.com\/product\/yoast-seo-wordpress\/ -->\n<title>Molevac | Solu\u021bie Eficient\u0103 pentru Parazi\u021bi - Transtoyou<\/title>\n<meta name=\"description\" content=\"Descoper\u0103 Molevac pentru eliminarea eficient\u0103 a parazi\u021bilor, disponibil la Transtoyou. Sus\u021bine-\u021bi s\u0103n\u0103tatea intestinelor cu formula noastr\u0103 dovedit\u0103!\" \/>\n<meta name=\"robots\" content=\"noindex, follow, max-snippet:-1, max-image-preview:large, max-video-preview:-1\" \/>\n<meta property=\"og:locale\" content=\"ro_RO\" \/>\n<meta property=\"og:type\" content=\"article\" \/>\n<meta property=\"og:title\" content=\"Molevac | Solu\u021bie Eficient\u0103 pentru Parazi\u021bi - Transtoyou\" \/>\n<meta property=\"og:description\" content=\"Descoper\u0103 Molevac pentru eliminarea eficient\u0103 a parazi\u021bilor, disponibil la Transtoyou. Sus\u021bine-\u021bi s\u0103n\u0103tatea intestinelor cu formula noastr\u0103 dovedit\u0103!\" \/>\n<meta property=\"og:url\" content=\"https:\/\/www.transtoyou.com\/ro\/product\/molevac\/\" \/>\n<meta property=\"og:site_name\" content=\"Transtoyou - RO\" \/>\n<meta property=\"article:modified_time\" content=\"2026-02-28T10:29:44+00:00\" \/>\n<meta name=\"twitter:card\" content=\"summary_large_image\" \/>\n<meta name=\"twitter:label1\" content=\"Timp estimat pentru citire\" \/>\n\t<meta name=\"twitter:data1\" content=\"1 minut\" \/>\n<script type=\"application\/ld+json\" class=\"yoast-schema-graph\">{\"@context\":\"https:\/\/schema.org\",\"@graph\":[{\"@type\":\"WebPage\",\"@id\":\"https:\/\/www.transtoyou.com\/ro\/product\/molevac\/\",\"url\":\"https:\/\/www.transtoyou.com\/ro\/product\/molevac\/\",\"name\":\"Molevac | Solu\u021bie Eficient\u0103 pentru Parazi\u021bi - Transtoyou\",\"isPartOf\":{\"@id\":\"https:\/\/www.transtoyou.com\/ro\/#website\"},\"primaryImageOfPage\":{\"@id\":\"https:\/\/www.transtoyou.com\/ro\/product\/molevac\/#primaryimage\"},\"image\":{\"@id\":\"https:\/\/www.transtoyou.com\/ro\/product\/molevac\/#primaryimage\"},\"thumbnailUrl\":\"https:\/\/www.transtoyou.com\/ro\/wp-content\/uploads\/sites\/13\/2026\/01\/tty-no-product-image-6.webp\",\"datePublished\":\"2026-01-22T13:57:29+00:00\",\"dateModified\":\"2026-02-28T10:29:44+00:00\",\"description\":\"Descoper\u0103 Molevac pentru eliminarea eficient\u0103 a parazi\u021bilor, disponibil la Transtoyou. Sus\u021bine-\u021bi s\u0103n\u0103tatea intestinelor cu formula noastr\u0103 dovedit\u0103!\",\"breadcrumb\":{\"@id\":\"https:\/\/www.transtoyou.com\/ro\/product\/molevac\/#breadcrumb\"},\"inLanguage\":\"ro-RO\",\"potentialAction\":[{\"@type\":\"ReadAction\",\"target\":[\"https:\/\/www.transtoyou.com\/ro\/product\/molevac\/\"]}]},{\"@type\":\"ImageObject\",\"inLanguage\":\"ro-RO\",\"@id\":\"https:\/\/www.transtoyou.com\/ro\/product\/molevac\/#primaryimage\",\"url\":\"https:\/\/www.transtoyou.com\/ro\/wp-content\/uploads\/sites\/13\/2026\/01\/tty-no-product-image-6.webp\",\"contentUrl\":\"https:\/\/www.transtoyou.com\/ro\/wp-content\/uploads\/sites\/13\/2026\/01\/tty-no-product-image-6.webp\",\"width\":1000,\"height\":1000,\"caption\":\"Imaginea implicit\u0103 a produsului\"},{\"@type\":\"WebSite\",\"@id\":\"https:\/\/www.transtoyou.com\/ro\/#website\",\"url\":\"https:\/\/www.transtoyou.com\/ro\/\",\"name\":\"Transtoyou - RO\",\"description\":\"\",\"publisher\":{\"@id\":\"https:\/\/www.transtoyou.com\/ro\/#organization\"},\"potentialAction\":[{\"@type\":\"SearchAction\",\"target\":{\"@type\":\"EntryPoint\",\"urlTemplate\":\"https:\/\/www.transtoyou.com\/ro\/?s={search_term_string}\"},\"query-input\":{\"@type\":\"PropertyValueSpecification\",\"valueRequired\":true,\"valueName\":\"search_term_string\"}}],\"inLanguage\":\"ro-RO\"},{\"@type\":\"Organization\",\"@id\":\"https:\/\/www.transtoyou.com\/ro\/#organization\",\"name\":\"Transtoyou - RO\",\"url\":\"https:\/\/www.transtoyou.com\/ro\/\",\"logo\":{\"@type\":\"ImageObject\",\"inLanguage\":\"ro-RO\",\"@id\":\"https:\/\/www.transtoyou.com\/ro\/#\/schema\/logo\/image\/\",\"url\":\"https:\/\/www.transtoyou.com\/ro\/wp-content\/uploads\/sites\/13\/2026\/01\/logo-tty-menu-bar-300x87-1.webp\",\"contentUrl\":\"https:\/\/www.transtoyou.com\/ro\/wp-content\/uploads\/sites\/13\/2026\/01\/logo-tty-menu-bar-300x87-1.webp\",\"width\":300,\"height\":87,\"caption\":\"Transtoyou - RO\"},\"image\":{\"@id\":\"https:\/\/www.transtoyou.com\/ro\/#\/schema\/logo\/image\/\"}}]}<\/script>\n<!-- \/ Yoast SEO plugin. -->","yoast_head_json":{"title":"Molevac | Solu\u021bie Eficient\u0103 pentru Parazi\u021bi - Transtoyou","description":"Descoper\u0103 Molevac pentru eliminarea eficient\u0103 a parazi\u021bilor, disponibil la Transtoyou. Sus\u021bine-\u021bi s\u0103n\u0103tatea intestinelor cu formula noastr\u0103 dovedit\u0103!","robots":{"index":"noindex","follow":"follow","max-snippet":"max-snippet:-1","max-image-preview":"max-image-preview:large","max-video-preview":"max-video-preview:-1"},"og_locale":"ro_RO","og_type":"article","og_title":"Molevac | Solu\u021bie Eficient\u0103 pentru Parazi\u021bi - Transtoyou","og_description":"Descoper\u0103 Molevac pentru eliminarea eficient\u0103 a parazi\u021bilor, disponibil la Transtoyou. Sus\u021bine-\u021bi s\u0103n\u0103tatea intestinelor cu formula noastr\u0103 dovedit\u0103!","og_url":"https:\/\/www.transtoyou.com\/ro\/product\/molevac\/","og_site_name":"Transtoyou - RO","article_modified_time":"2026-02-28T10:29:44+00:00","twitter_card":"summary_large_image","twitter_misc":{"Timp estimat pentru citire":"1 minut"},"schema":{"@context":"https:\/\/schema.org","@graph":[{"@type":"WebPage","@id":"https:\/\/www.transtoyou.com\/ro\/product\/molevac\/","url":"https:\/\/www.transtoyou.com\/ro\/product\/molevac\/","name":"Molevac | Solu\u021bie Eficient\u0103 pentru Parazi\u021bi - Transtoyou","isPartOf":{"@id":"https:\/\/www.transtoyou.com\/ro\/#website"},"primaryImageOfPage":{"@id":"https:\/\/www.transtoyou.com\/ro\/product\/molevac\/#primaryimage"},"image":{"@id":"https:\/\/www.transtoyou.com\/ro\/product\/molevac\/#primaryimage"},"thumbnailUrl":"https:\/\/www.transtoyou.com\/ro\/wp-content\/uploads\/sites\/13\/2026\/01\/tty-no-product-image-6.webp","datePublished":"2026-01-22T13:57:29+00:00","dateModified":"2026-02-28T10:29:44+00:00","description":"Descoper\u0103 Molevac pentru eliminarea eficient\u0103 a parazi\u021bilor, disponibil la Transtoyou. Sus\u021bine-\u021bi s\u0103n\u0103tatea intestinelor cu formula noastr\u0103 dovedit\u0103!","breadcrumb":{"@id":"https:\/\/www.transtoyou.com\/ro\/product\/molevac\/#breadcrumb"},"inLanguage":"ro-RO","potentialAction":[{"@type":"ReadAction","target":["https:\/\/www.transtoyou.com\/ro\/product\/molevac\/"]}]},{"@type":"ImageObject","inLanguage":"ro-RO","@id":"https:\/\/www.transtoyou.com\/ro\/product\/molevac\/#primaryimage","url":"https:\/\/www.transtoyou.com\/ro\/wp-content\/uploads\/sites\/13\/2026\/01\/tty-no-product-image-6.webp","contentUrl":"https:\/\/www.transtoyou.com\/ro\/wp-content\/uploads\/sites\/13\/2026\/01\/tty-no-product-image-6.webp","width":1000,"height":1000,"caption":"Imaginea implicit\u0103 a produsului"},{"@type":"WebSite","@id":"https:\/\/www.transtoyou.com\/ro\/#website","url":"https:\/\/www.transtoyou.com\/ro\/","name":"Transtoyou - RO","description":"","publisher":{"@id":"https:\/\/www.transtoyou.com\/ro\/#organization"},"potentialAction":[{"@type":"SearchAction","target":{"@type":"EntryPoint","urlTemplate":"https:\/\/www.transtoyou.com\/ro\/?s={search_term_string}"},"query-input":{"@type":"PropertyValueSpecification","valueRequired":true,"valueName":"search_term_string"}}],"inLanguage":"ro-RO"},{"@type":"Organization","@id":"https:\/\/www.transtoyou.com\/ro\/#organization","name":"Transtoyou - RO","url":"https:\/\/www.transtoyou.com\/ro\/","logo":{"@type":"ImageObject","inLanguage":"ro-RO","@id":"https:\/\/www.transtoyou.com\/ro\/#\/schema\/logo\/image\/","url":"https:\/\/www.transtoyou.com\/ro\/wp-content\/uploads\/sites\/13\/2026\/01\/logo-tty-menu-bar-300x87-1.webp","contentUrl":"https:\/\/www.transtoyou.com\/ro\/wp-content\/uploads\/sites\/13\/2026\/01\/logo-tty-menu-bar-300x87-1.webp","width":300,"height":87,"caption":"Transtoyou - RO"},"image":{"@id":"https:\/\/www.transtoyou.com\/ro\/#\/schema\/logo\/image\/"}}]}},"_links":{"self":[{"href":"https:\/\/www.transtoyou.com\/ro\/wp-json\/wp\/v2\/product\/455","targetHints":{"allow":["GET"]}}],"collection":[{"href":"https:\/\/www.transtoyou.com\/ro\/wp-json\/wp\/v2\/product"}],"about":[{"href":"https:\/\/www.transtoyou.com\/ro\/wp-json\/wp\/v2\/types\/product"}],"replies":[{"embeddable":true,"href":"https:\/\/www.transtoyou.com\/ro\/wp-json\/wp\/v2\/comments?post=455"}],"wp:featuredmedia":[{"embeddable":true,"href":"https:\/\/www.transtoyou.com\/ro\/wp-json\/wp\/v2\/media\/456"}],"wp:attachment":[{"href":"https:\/\/www.transtoyou.com\/ro\/wp-json\/wp\/v2\/media?parent=455"}],"wp:term":[{"taxonomy":"product_brand","embeddable":true,"href":"https:\/\/www.transtoyou.com\/ro\/wp-json\/wp\/v2\/product_brand?post=455"},{"taxonomy":"product_cat","embeddable":true,"href":"https:\/\/www.transtoyou.com\/ro\/wp-json\/wp\/v2\/product_cat?post=455"},{"taxonomy":"product_tag","embeddable":true,"href":"https:\/\/www.transtoyou.com\/ro\/wp-json\/wp\/v2\/product_tag?post=455"},{"taxonomy":"expert","embeddable":true,"href":"https:\/\/www.transtoyou.com\/ro\/wp-json\/wp\/v2\/expert?post=455"}],"curies":[{"name":"wp","href":"https:\/\/api.w.org\/{rel}","templated":true}]}}