{"id":463,"date":"2026-01-22T14:49:52","date_gmt":"2026-01-22T14:49:52","guid":{"rendered":"https:\/\/www.transtoyou.com\/ro\/product\/saxenda\/"},"modified":"2026-03-05T09:39:18","modified_gmt":"2026-03-05T09:39:18","slug":"saxenda","status":"publish","type":"product","link":"https:\/\/www.transtoyou.com\/ro\/product\/saxenda\/","title":{"rendered":"Saxenda"},"content":{"rendered":"<p>Saxenda este un medicament injectabil pe baz\u0103 de re\u021bet\u0103 dezvoltat pentru a ajuta la pierderea \u00een greutate la adul\u021bii care sunt supraponderali sau obezi. Con\u021bine liraglutid, un compus care imit\u0103 un hormon natural din corp cunoscut sub numele de GLP-1. Acest hormon joac\u0103 un rol \u00een reglarea apetitului, a nivelului de zah\u0103r din s\u00e2nge \u0219i a digestiei. Saxenda ac\u021bioneaz\u0103 interac\u021bion\u00e2nd cu receptorii din creier pentru a te ajuta s\u0103 te sim\u021bi s\u0103tul mai repede \u0219i a reduce foamea \u00eentre mese.<\/p>\n<p>Spre deosebire de multe pastile tradi\u021bionale pentru sl\u0103bit, Saxenda este administrat printr-o injec\u021bie zilnic\u0103 sub piele folosind un stilou preumplut. Este cel mai eficient atunci c\u00e2nd este utilizat \u00eempreun\u0103 cu o diet\u0103 hipocaloric\u0103 \u0219i o activitate fizic\u0103 crescut\u0103. Persoanele care folosesc Saxenda experimenteaz\u0103 adesea o pierdere \u00een greutate gradual\u0103 \u0219i constant\u0103 \u00een timp, ceea ce poate duce la \u00eembun\u0103t\u0103\u021biri \u00een alte afec\u021biuni de s\u0103n\u0103tate, cum ar fi diabetul de tip 2, hipertensiunea arterial\u0103 sau colesterolul crescut.<\/p>\n<p>Saxenda este de obicei \u00eenceput la o doz\u0103 mic\u0103 pentru a permite corpului s\u0103 se adapteze, cu cre\u0219teri treptate pe parcursul mai multor s\u0103pt\u0103m\u00e2ni. Aceast\u0103 abordare treptat\u0103 ajut\u0103 la minimizarea efectelor secundare comune, cum ar fi grea\u021ba sau disconfortul gastric. De\u0219i medicamentul influen\u021beaz\u0103 apetitul \u0219i sa\u021bietatea, nu accelereaz\u0103 metabolismul \u0219i nu ac\u021bioneaz\u0103 ca un stimulant.<\/p>\n","protected":false},"excerpt":{"rendered":"<ul>\n<li>Sprijin pentru reglarea apetitului<\/li>\n<li>Injec\u021bie zilnic\u0103<\/li>\n<li>Promoveaz\u0103 pierderea \u00een greutate treptat\u0103<\/li>\n<\/ul>\n","protected":false},"featured_media":465,"comment_status":"open","ping_status":"closed","template":"","meta":[],"product_brand":[],"product_cat":[158],"product_tag":[],"expert":[16],"class_list":{"0":"post-463","1":"product","2":"type-product","3":"status-publish","4":"has-post-thumbnail","6":"product_cat-pierderea-in-greutate","7":"expert-dr-c-alexandru","9":"first","10":"instock","11":"shipping-taxable","12":"product-type-variable"},"yoast_head":"<!-- This site is optimized with the Yoast SEO plugin v27.0 - https:\/\/yoast.com\/product\/yoast-seo-wordpress\/ -->\n<title>Saxenda | Solu\u021bie Eficient\u0103 pentru Sl\u0103bire - Transtoyou<\/title>\n<meta name=\"description\" content=\"Descoper\u0103 Saxenda, disponibil la Transtoyou, pentru o gestionare eficient\u0103 a greut\u0103\u021bii. Revizuit clinic \u0219i convenabil. Cump\u0103r\u0103 acum pentru s\u0103n\u0103tatea ta.\" \/>\n<meta name=\"robots\" content=\"noindex, follow, max-snippet:-1, max-image-preview:large, max-video-preview:-1\" \/>\n<meta property=\"og:locale\" content=\"ro_RO\" \/>\n<meta property=\"og:type\" content=\"article\" \/>\n<meta property=\"og:title\" content=\"Saxenda | Solu\u021bie Eficient\u0103 pentru Sl\u0103bire - Transtoyou\" \/>\n<meta property=\"og:description\" content=\"Descoper\u0103 Saxenda, disponibil la Transtoyou, pentru o gestionare eficient\u0103 a greut\u0103\u021bii. Revizuit clinic \u0219i convenabil. Cump\u0103r\u0103 acum pentru s\u0103n\u0103tatea ta.\" \/>\n<meta property=\"og:url\" content=\"https:\/\/www.transtoyou.com\/ro\/product\/saxenda\/\" \/>\n<meta property=\"og:site_name\" content=\"Transtoyou - RO\" \/>\n<meta property=\"article:modified_time\" content=\"2026-03-05T09:39:18+00:00\" \/>\n<meta name=\"twitter:card\" content=\"summary_large_image\" \/>\n<meta name=\"twitter:label1\" content=\"Timp estimat pentru citire\" \/>\n\t<meta name=\"twitter:data1\" content=\"1 minut\" \/>\n<script type=\"application\/ld+json\" class=\"yoast-schema-graph\">{\"@context\":\"https:\/\/schema.org\",\"@graph\":[{\"@type\":\"WebPage\",\"@id\":\"https:\/\/www.transtoyou.com\/ro\/product\/saxenda\/\",\"url\":\"https:\/\/www.transtoyou.com\/ro\/product\/saxenda\/\",\"name\":\"Saxenda | Solu\u021bie Eficient\u0103 pentru Sl\u0103bire - Transtoyou\",\"isPartOf\":{\"@id\":\"https:\/\/www.transtoyou.com\/ro\/#website\"},\"primaryImageOfPage\":{\"@id\":\"https:\/\/www.transtoyou.com\/ro\/product\/saxenda\/#primaryimage\"},\"image\":{\"@id\":\"https:\/\/www.transtoyou.com\/ro\/product\/saxenda\/#primaryimage\"},\"thumbnailUrl\":\"https:\/\/www.transtoyou.com\/ro\/wp-content\/uploads\/sites\/13\/2026\/01\/tty-no-product-image-8.webp\",\"datePublished\":\"2026-01-22T14:49:52+00:00\",\"dateModified\":\"2026-03-05T09:39:18+00:00\",\"description\":\"Descoper\u0103 Saxenda, disponibil la Transtoyou, pentru o gestionare eficient\u0103 a greut\u0103\u021bii. Revizuit clinic \u0219i convenabil. Cump\u0103r\u0103 acum pentru s\u0103n\u0103tatea ta.\",\"breadcrumb\":{\"@id\":\"https:\/\/www.transtoyou.com\/ro\/product\/saxenda\/#breadcrumb\"},\"inLanguage\":\"ro-RO\",\"potentialAction\":[{\"@type\":\"ReadAction\",\"target\":[\"https:\/\/www.transtoyou.com\/ro\/product\/saxenda\/\"]}]},{\"@type\":\"ImageObject\",\"inLanguage\":\"ro-RO\",\"@id\":\"https:\/\/www.transtoyou.com\/ro\/product\/saxenda\/#primaryimage\",\"url\":\"https:\/\/www.transtoyou.com\/ro\/wp-content\/uploads\/sites\/13\/2026\/01\/tty-no-product-image-8.webp\",\"contentUrl\":\"https:\/\/www.transtoyou.com\/ro\/wp-content\/uploads\/sites\/13\/2026\/01\/tty-no-product-image-8.webp\",\"width\":1000,\"height\":1000,\"caption\":\"Imaginea implicit\u0103 a produsului\"},{\"@type\":\"WebSite\",\"@id\":\"https:\/\/www.transtoyou.com\/ro\/#website\",\"url\":\"https:\/\/www.transtoyou.com\/ro\/\",\"name\":\"Transtoyou - RO\",\"description\":\"\",\"publisher\":{\"@id\":\"https:\/\/www.transtoyou.com\/ro\/#organization\"},\"potentialAction\":[{\"@type\":\"SearchAction\",\"target\":{\"@type\":\"EntryPoint\",\"urlTemplate\":\"https:\/\/www.transtoyou.com\/ro\/?s={search_term_string}\"},\"query-input\":{\"@type\":\"PropertyValueSpecification\",\"valueRequired\":true,\"valueName\":\"search_term_string\"}}],\"inLanguage\":\"ro-RO\"},{\"@type\":\"Organization\",\"@id\":\"https:\/\/www.transtoyou.com\/ro\/#organization\",\"name\":\"Transtoyou - RO\",\"url\":\"https:\/\/www.transtoyou.com\/ro\/\",\"logo\":{\"@type\":\"ImageObject\",\"inLanguage\":\"ro-RO\",\"@id\":\"https:\/\/www.transtoyou.com\/ro\/#\/schema\/logo\/image\/\",\"url\":\"https:\/\/www.transtoyou.com\/ro\/wp-content\/uploads\/sites\/13\/2026\/01\/logo-tty-menu-bar-300x87-1.webp\",\"contentUrl\":\"https:\/\/www.transtoyou.com\/ro\/wp-content\/uploads\/sites\/13\/2026\/01\/logo-tty-menu-bar-300x87-1.webp\",\"width\":300,\"height\":87,\"caption\":\"Transtoyou - RO\"},\"image\":{\"@id\":\"https:\/\/www.transtoyou.com\/ro\/#\/schema\/logo\/image\/\"}}]}<\/script>\n<!-- \/ Yoast SEO plugin. -->","yoast_head_json":{"title":"Saxenda | Solu\u021bie Eficient\u0103 pentru Sl\u0103bire - Transtoyou","description":"Descoper\u0103 Saxenda, disponibil la Transtoyou, pentru o gestionare eficient\u0103 a greut\u0103\u021bii. Revizuit clinic \u0219i convenabil. Cump\u0103r\u0103 acum pentru s\u0103n\u0103tatea ta.","robots":{"index":"noindex","follow":"follow","max-snippet":"max-snippet:-1","max-image-preview":"max-image-preview:large","max-video-preview":"max-video-preview:-1"},"og_locale":"ro_RO","og_type":"article","og_title":"Saxenda | Solu\u021bie Eficient\u0103 pentru Sl\u0103bire - Transtoyou","og_description":"Descoper\u0103 Saxenda, disponibil la Transtoyou, pentru o gestionare eficient\u0103 a greut\u0103\u021bii. Revizuit clinic \u0219i convenabil. Cump\u0103r\u0103 acum pentru s\u0103n\u0103tatea ta.","og_url":"https:\/\/www.transtoyou.com\/ro\/product\/saxenda\/","og_site_name":"Transtoyou - RO","article_modified_time":"2026-03-05T09:39:18+00:00","twitter_card":"summary_large_image","twitter_misc":{"Timp estimat pentru citire":"1 minut"},"schema":{"@context":"https:\/\/schema.org","@graph":[{"@type":"WebPage","@id":"https:\/\/www.transtoyou.com\/ro\/product\/saxenda\/","url":"https:\/\/www.transtoyou.com\/ro\/product\/saxenda\/","name":"Saxenda | Solu\u021bie Eficient\u0103 pentru Sl\u0103bire - Transtoyou","isPartOf":{"@id":"https:\/\/www.transtoyou.com\/ro\/#website"},"primaryImageOfPage":{"@id":"https:\/\/www.transtoyou.com\/ro\/product\/saxenda\/#primaryimage"},"image":{"@id":"https:\/\/www.transtoyou.com\/ro\/product\/saxenda\/#primaryimage"},"thumbnailUrl":"https:\/\/www.transtoyou.com\/ro\/wp-content\/uploads\/sites\/13\/2026\/01\/tty-no-product-image-8.webp","datePublished":"2026-01-22T14:49:52+00:00","dateModified":"2026-03-05T09:39:18+00:00","description":"Descoper\u0103 Saxenda, disponibil la Transtoyou, pentru o gestionare eficient\u0103 a greut\u0103\u021bii. Revizuit clinic \u0219i convenabil. Cump\u0103r\u0103 acum pentru s\u0103n\u0103tatea ta.","breadcrumb":{"@id":"https:\/\/www.transtoyou.com\/ro\/product\/saxenda\/#breadcrumb"},"inLanguage":"ro-RO","potentialAction":[{"@type":"ReadAction","target":["https:\/\/www.transtoyou.com\/ro\/product\/saxenda\/"]}]},{"@type":"ImageObject","inLanguage":"ro-RO","@id":"https:\/\/www.transtoyou.com\/ro\/product\/saxenda\/#primaryimage","url":"https:\/\/www.transtoyou.com\/ro\/wp-content\/uploads\/sites\/13\/2026\/01\/tty-no-product-image-8.webp","contentUrl":"https:\/\/www.transtoyou.com\/ro\/wp-content\/uploads\/sites\/13\/2026\/01\/tty-no-product-image-8.webp","width":1000,"height":1000,"caption":"Imaginea implicit\u0103 a produsului"},{"@type":"WebSite","@id":"https:\/\/www.transtoyou.com\/ro\/#website","url":"https:\/\/www.transtoyou.com\/ro\/","name":"Transtoyou - RO","description":"","publisher":{"@id":"https:\/\/www.transtoyou.com\/ro\/#organization"},"potentialAction":[{"@type":"SearchAction","target":{"@type":"EntryPoint","urlTemplate":"https:\/\/www.transtoyou.com\/ro\/?s={search_term_string}"},"query-input":{"@type":"PropertyValueSpecification","valueRequired":true,"valueName":"search_term_string"}}],"inLanguage":"ro-RO"},{"@type":"Organization","@id":"https:\/\/www.transtoyou.com\/ro\/#organization","name":"Transtoyou - RO","url":"https:\/\/www.transtoyou.com\/ro\/","logo":{"@type":"ImageObject","inLanguage":"ro-RO","@id":"https:\/\/www.transtoyou.com\/ro\/#\/schema\/logo\/image\/","url":"https:\/\/www.transtoyou.com\/ro\/wp-content\/uploads\/sites\/13\/2026\/01\/logo-tty-menu-bar-300x87-1.webp","contentUrl":"https:\/\/www.transtoyou.com\/ro\/wp-content\/uploads\/sites\/13\/2026\/01\/logo-tty-menu-bar-300x87-1.webp","width":300,"height":87,"caption":"Transtoyou - RO"},"image":{"@id":"https:\/\/www.transtoyou.com\/ro\/#\/schema\/logo\/image\/"}}]}},"_links":{"self":[{"href":"https:\/\/www.transtoyou.com\/ro\/wp-json\/wp\/v2\/product\/463","targetHints":{"allow":["GET"]}}],"collection":[{"href":"https:\/\/www.transtoyou.com\/ro\/wp-json\/wp\/v2\/product"}],"about":[{"href":"https:\/\/www.transtoyou.com\/ro\/wp-json\/wp\/v2\/types\/product"}],"replies":[{"embeddable":true,"href":"https:\/\/www.transtoyou.com\/ro\/wp-json\/wp\/v2\/comments?post=463"}],"wp:featuredmedia":[{"embeddable":true,"href":"https:\/\/www.transtoyou.com\/ro\/wp-json\/wp\/v2\/media\/465"}],"wp:attachment":[{"href":"https:\/\/www.transtoyou.com\/ro\/wp-json\/wp\/v2\/media?parent=463"}],"wp:term":[{"taxonomy":"product_brand","embeddable":true,"href":"https:\/\/www.transtoyou.com\/ro\/wp-json\/wp\/v2\/product_brand?post=463"},{"taxonomy":"product_cat","embeddable":true,"href":"https:\/\/www.transtoyou.com\/ro\/wp-json\/wp\/v2\/product_cat?post=463"},{"taxonomy":"product_tag","embeddable":true,"href":"https:\/\/www.transtoyou.com\/ro\/wp-json\/wp\/v2\/product_tag?post=463"},{"taxonomy":"expert","embeddable":true,"href":"https:\/\/www.transtoyou.com\/ro\/wp-json\/wp\/v2\/expert?post=463"}],"curies":[{"name":"wp","href":"https:\/\/api.w.org\/{rel}","templated":true}]}}