{"id":466,"date":"2026-01-22T15:06:33","date_gmt":"2026-01-22T15:06:33","guid":{"rendered":"https:\/\/www.transtoyou.com\/ro\/product\/orlistat\/"},"modified":"2026-03-01T09:29:41","modified_gmt":"2026-03-01T09:29:41","slug":"orlistat","status":"publish","type":"product","link":"https:\/\/www.transtoyou.com\/ro\/product\/orlistat\/","title":{"rendered":"Orlistat"},"content":{"rendered":"<p>Orlistat este un medicament pentru pierderea \u00een greutate care ac\u021bioneaz\u0103 prin prevenirea absorb\u021biei gr\u0103similor din alimentele pe care le consumi. Este utilizat de obicei de adul\u021bi care sunt supraponderali sau obezi \u0219i care doresc s\u0103 \u00ee\u0219i gestioneze greutatea \u00een combina\u021bie cu o diet\u0103 s\u0103rac\u0103 \u00een calorii \u0219i gr\u0103simi. Spre deosebire de supresoarele de apetit care afecteaz\u0103 creierul, Orlistat ac\u021bioneaz\u0103 local \u00een tractul digestiv, viz\u00e2nd enzima lipaz\u0103. Aceast\u0103 enzim\u0103 este responsabil\u0103 pentru descompunerea gr\u0103similor dietetice astfel \u00eenc\u00e2t s\u0103 poat\u0103 fi absorbite de organism. Prin inhibarea lipazei, Orlistat asigur\u0103 c\u0103 aproximativ o treime din gr\u0103simile dietetice nu sunt absorbite \u0219i sunt eliminate din organism \u00een mod natural.<\/p>\n<p>Orlistat se ia de obicei de trei ori pe zi, cu fiecare mas\u0103 principal\u0103 care con\u021bine gr\u0103simi. Eficacitatea sa este str\u00e2ns legat\u0103 de men\u021binerea unei diete echilibrate \u0219i de implicarea \u00een activitate fizic\u0103 regulat\u0103. Cei mai mul\u021bi utilizatori \u00eencep s\u0103 observe o reducere treptat\u0103 \u00een greutate \u00een decurs de c\u00e2teva s\u0103pt\u0103m\u00e2ni. \u00cen plus, s-a demonstrat c\u0103 Orlistat ajut\u0103 la \u00eembun\u0103t\u0103\u021birea tensiunii arteriale, a nivelului de colesterol \u0219i a controlului glicemiei la persoanele cu afec\u021biuni de s\u0103n\u0103tate legate de greutate.<\/p>\n<p>Cele mai frecvente efecte secundare sunt de natur\u0103 digestiv\u0103 \u0219i includ scaune uleioase sau grase, cre\u0219terea frecven\u021bei mi\u0219c\u0103rilor intestinale sau disconfort abdominal. Aceste efecte secundare scad adesea pe m\u0103sur\u0103 ce organismul se adapteaz\u0103 \u0219i pe m\u0103sur\u0103 ce utilizatorii adopt\u0103 o diet\u0103 mai s\u0103rac\u0103 \u00een gr\u0103simi. Pentru a sus\u021bine absorb\u021bia vitaminelor solubile \u00een gr\u0103simi, se recomand\u0103 adesea s\u0103 se ia un supliment multivitaminic la un moment diferit al zilei fa\u021b\u0103 de doza de Orlistat.<\/p>\n","protected":false},"excerpt":{"rendered":"<ul>\n<li>Reduce absorb\u021bia gr\u0103similor<\/li>\n<li>Ajutor pentru pierderea \u00een greutate non-sistemic\u0103<\/li>\n<li>Ajut\u0103 la \u00eembun\u0103t\u0103\u021birea s\u0103n\u0103t\u0103\u021bii metabolice<\/li>\n<\/ul>\n","protected":false},"featured_media":468,"comment_status":"open","ping_status":"closed","template":"","meta":[],"product_brand":[],"product_cat":[158],"product_tag":[],"expert":[16],"class_list":{"0":"post-466","1":"product","2":"type-product","3":"status-publish","4":"has-post-thumbnail","6":"product_cat-pierderea-in-greutate","7":"expert-dr-c-alexandru","9":"first","10":"instock","11":"shipping-taxable","12":"product-type-variable"},"yoast_head":"<!-- This site is optimized with the Yoast SEO plugin v27.0 - https:\/\/yoast.com\/product\/yoast-seo-wordpress\/ -->\n<title>Orlistat | Management Eficient al Greut\u0103\u021bii - Transtoyou<\/title>\n<meta name=\"description\" content=\"Orlistat: Sprijin\u0103 gestionarea greut\u0103\u021bii cu acest produs eficient, disponibil la Transtoyou. Cump\u0103r\u0103 acum o solu\u021bie de \u00eencredere pentru s\u0103n\u0103tatea ta.\" \/>\n<meta name=\"robots\" content=\"noindex, follow, max-snippet:-1, max-image-preview:large, max-video-preview:-1\" \/>\n<meta property=\"og:locale\" content=\"ro_RO\" \/>\n<meta property=\"og:type\" content=\"article\" \/>\n<meta property=\"og:title\" content=\"Orlistat | Management Eficient al Greut\u0103\u021bii - Transtoyou\" \/>\n<meta property=\"og:description\" content=\"Orlistat: Sprijin\u0103 gestionarea greut\u0103\u021bii cu acest produs eficient, disponibil la Transtoyou. Cump\u0103r\u0103 acum o solu\u021bie de \u00eencredere pentru s\u0103n\u0103tatea ta.\" \/>\n<meta property=\"og:url\" content=\"https:\/\/www.transtoyou.com\/ro\/product\/orlistat\/\" \/>\n<meta property=\"og:site_name\" content=\"Transtoyou - RO\" \/>\n<meta property=\"article:modified_time\" content=\"2026-03-01T09:29:41+00:00\" \/>\n<meta name=\"twitter:card\" content=\"summary_large_image\" \/>\n<meta name=\"twitter:label1\" content=\"Timp estimat pentru citire\" \/>\n\t<meta name=\"twitter:data1\" content=\"1 minut\" \/>\n<script type=\"application\/ld+json\" class=\"yoast-schema-graph\">{\"@context\":\"https:\/\/schema.org\",\"@graph\":[{\"@type\":\"WebPage\",\"@id\":\"https:\/\/www.transtoyou.com\/ro\/product\/orlistat\/\",\"url\":\"https:\/\/www.transtoyou.com\/ro\/product\/orlistat\/\",\"name\":\"Orlistat | Management Eficient al Greut\u0103\u021bii - Transtoyou\",\"isPartOf\":{\"@id\":\"https:\/\/www.transtoyou.com\/ro\/#website\"},\"primaryImageOfPage\":{\"@id\":\"https:\/\/www.transtoyou.com\/ro\/product\/orlistat\/#primaryimage\"},\"image\":{\"@id\":\"https:\/\/www.transtoyou.com\/ro\/product\/orlistat\/#primaryimage\"},\"thumbnailUrl\":\"https:\/\/www.transtoyou.com\/ro\/wp-content\/uploads\/sites\/13\/2026\/01\/tty-no-product-image-9.webp\",\"datePublished\":\"2026-01-22T15:06:33+00:00\",\"dateModified\":\"2026-03-01T09:29:41+00:00\",\"description\":\"Orlistat: Sprijin\u0103 gestionarea greut\u0103\u021bii cu acest produs eficient, disponibil la Transtoyou. Cump\u0103r\u0103 acum o solu\u021bie de \u00eencredere pentru s\u0103n\u0103tatea ta.\",\"breadcrumb\":{\"@id\":\"https:\/\/www.transtoyou.com\/ro\/product\/orlistat\/#breadcrumb\"},\"inLanguage\":\"ro-RO\",\"potentialAction\":[{\"@type\":\"ReadAction\",\"target\":[\"https:\/\/www.transtoyou.com\/ro\/product\/orlistat\/\"]}]},{\"@type\":\"ImageObject\",\"inLanguage\":\"ro-RO\",\"@id\":\"https:\/\/www.transtoyou.com\/ro\/product\/orlistat\/#primaryimage\",\"url\":\"https:\/\/www.transtoyou.com\/ro\/wp-content\/uploads\/sites\/13\/2026\/01\/tty-no-product-image-9.webp\",\"contentUrl\":\"https:\/\/www.transtoyou.com\/ro\/wp-content\/uploads\/sites\/13\/2026\/01\/tty-no-product-image-9.webp\",\"width\":1000,\"height\":1000,\"caption\":\"Imaginea implicit\u0103 a produsului\"},{\"@type\":\"WebSite\",\"@id\":\"https:\/\/www.transtoyou.com\/ro\/#website\",\"url\":\"https:\/\/www.transtoyou.com\/ro\/\",\"name\":\"Transtoyou - RO\",\"description\":\"\",\"publisher\":{\"@id\":\"https:\/\/www.transtoyou.com\/ro\/#organization\"},\"potentialAction\":[{\"@type\":\"SearchAction\",\"target\":{\"@type\":\"EntryPoint\",\"urlTemplate\":\"https:\/\/www.transtoyou.com\/ro\/?s={search_term_string}\"},\"query-input\":{\"@type\":\"PropertyValueSpecification\",\"valueRequired\":true,\"valueName\":\"search_term_string\"}}],\"inLanguage\":\"ro-RO\"},{\"@type\":\"Organization\",\"@id\":\"https:\/\/www.transtoyou.com\/ro\/#organization\",\"name\":\"Transtoyou - RO\",\"url\":\"https:\/\/www.transtoyou.com\/ro\/\",\"logo\":{\"@type\":\"ImageObject\",\"inLanguage\":\"ro-RO\",\"@id\":\"https:\/\/www.transtoyou.com\/ro\/#\/schema\/logo\/image\/\",\"url\":\"https:\/\/www.transtoyou.com\/ro\/wp-content\/uploads\/sites\/13\/2026\/01\/logo-tty-menu-bar-300x87-1.webp\",\"contentUrl\":\"https:\/\/www.transtoyou.com\/ro\/wp-content\/uploads\/sites\/13\/2026\/01\/logo-tty-menu-bar-300x87-1.webp\",\"width\":300,\"height\":87,\"caption\":\"Transtoyou - RO\"},\"image\":{\"@id\":\"https:\/\/www.transtoyou.com\/ro\/#\/schema\/logo\/image\/\"}}]}<\/script>\n<!-- \/ Yoast SEO plugin. -->","yoast_head_json":{"title":"Orlistat | Management Eficient al Greut\u0103\u021bii - Transtoyou","description":"Orlistat: Sprijin\u0103 gestionarea greut\u0103\u021bii cu acest produs eficient, disponibil la Transtoyou. Cump\u0103r\u0103 acum o solu\u021bie de \u00eencredere pentru s\u0103n\u0103tatea ta.","robots":{"index":"noindex","follow":"follow","max-snippet":"max-snippet:-1","max-image-preview":"max-image-preview:large","max-video-preview":"max-video-preview:-1"},"og_locale":"ro_RO","og_type":"article","og_title":"Orlistat | Management Eficient al Greut\u0103\u021bii - Transtoyou","og_description":"Orlistat: Sprijin\u0103 gestionarea greut\u0103\u021bii cu acest produs eficient, disponibil la Transtoyou. Cump\u0103r\u0103 acum o solu\u021bie de \u00eencredere pentru s\u0103n\u0103tatea ta.","og_url":"https:\/\/www.transtoyou.com\/ro\/product\/orlistat\/","og_site_name":"Transtoyou - RO","article_modified_time":"2026-03-01T09:29:41+00:00","twitter_card":"summary_large_image","twitter_misc":{"Timp estimat pentru citire":"1 minut"},"schema":{"@context":"https:\/\/schema.org","@graph":[{"@type":"WebPage","@id":"https:\/\/www.transtoyou.com\/ro\/product\/orlistat\/","url":"https:\/\/www.transtoyou.com\/ro\/product\/orlistat\/","name":"Orlistat | Management Eficient al Greut\u0103\u021bii - Transtoyou","isPartOf":{"@id":"https:\/\/www.transtoyou.com\/ro\/#website"},"primaryImageOfPage":{"@id":"https:\/\/www.transtoyou.com\/ro\/product\/orlistat\/#primaryimage"},"image":{"@id":"https:\/\/www.transtoyou.com\/ro\/product\/orlistat\/#primaryimage"},"thumbnailUrl":"https:\/\/www.transtoyou.com\/ro\/wp-content\/uploads\/sites\/13\/2026\/01\/tty-no-product-image-9.webp","datePublished":"2026-01-22T15:06:33+00:00","dateModified":"2026-03-01T09:29:41+00:00","description":"Orlistat: Sprijin\u0103 gestionarea greut\u0103\u021bii cu acest produs eficient, disponibil la Transtoyou. Cump\u0103r\u0103 acum o solu\u021bie de \u00eencredere pentru s\u0103n\u0103tatea ta.","breadcrumb":{"@id":"https:\/\/www.transtoyou.com\/ro\/product\/orlistat\/#breadcrumb"},"inLanguage":"ro-RO","potentialAction":[{"@type":"ReadAction","target":["https:\/\/www.transtoyou.com\/ro\/product\/orlistat\/"]}]},{"@type":"ImageObject","inLanguage":"ro-RO","@id":"https:\/\/www.transtoyou.com\/ro\/product\/orlistat\/#primaryimage","url":"https:\/\/www.transtoyou.com\/ro\/wp-content\/uploads\/sites\/13\/2026\/01\/tty-no-product-image-9.webp","contentUrl":"https:\/\/www.transtoyou.com\/ro\/wp-content\/uploads\/sites\/13\/2026\/01\/tty-no-product-image-9.webp","width":1000,"height":1000,"caption":"Imaginea implicit\u0103 a produsului"},{"@type":"WebSite","@id":"https:\/\/www.transtoyou.com\/ro\/#website","url":"https:\/\/www.transtoyou.com\/ro\/","name":"Transtoyou - RO","description":"","publisher":{"@id":"https:\/\/www.transtoyou.com\/ro\/#organization"},"potentialAction":[{"@type":"SearchAction","target":{"@type":"EntryPoint","urlTemplate":"https:\/\/www.transtoyou.com\/ro\/?s={search_term_string}"},"query-input":{"@type":"PropertyValueSpecification","valueRequired":true,"valueName":"search_term_string"}}],"inLanguage":"ro-RO"},{"@type":"Organization","@id":"https:\/\/www.transtoyou.com\/ro\/#organization","name":"Transtoyou - RO","url":"https:\/\/www.transtoyou.com\/ro\/","logo":{"@type":"ImageObject","inLanguage":"ro-RO","@id":"https:\/\/www.transtoyou.com\/ro\/#\/schema\/logo\/image\/","url":"https:\/\/www.transtoyou.com\/ro\/wp-content\/uploads\/sites\/13\/2026\/01\/logo-tty-menu-bar-300x87-1.webp","contentUrl":"https:\/\/www.transtoyou.com\/ro\/wp-content\/uploads\/sites\/13\/2026\/01\/logo-tty-menu-bar-300x87-1.webp","width":300,"height":87,"caption":"Transtoyou - RO"},"image":{"@id":"https:\/\/www.transtoyou.com\/ro\/#\/schema\/logo\/image\/"}}]}},"_links":{"self":[{"href":"https:\/\/www.transtoyou.com\/ro\/wp-json\/wp\/v2\/product\/466","targetHints":{"allow":["GET"]}}],"collection":[{"href":"https:\/\/www.transtoyou.com\/ro\/wp-json\/wp\/v2\/product"}],"about":[{"href":"https:\/\/www.transtoyou.com\/ro\/wp-json\/wp\/v2\/types\/product"}],"replies":[{"embeddable":true,"href":"https:\/\/www.transtoyou.com\/ro\/wp-json\/wp\/v2\/comments?post=466"}],"wp:featuredmedia":[{"embeddable":true,"href":"https:\/\/www.transtoyou.com\/ro\/wp-json\/wp\/v2\/media\/468"}],"wp:attachment":[{"href":"https:\/\/www.transtoyou.com\/ro\/wp-json\/wp\/v2\/media?parent=466"}],"wp:term":[{"taxonomy":"product_brand","embeddable":true,"href":"https:\/\/www.transtoyou.com\/ro\/wp-json\/wp\/v2\/product_brand?post=466"},{"taxonomy":"product_cat","embeddable":true,"href":"https:\/\/www.transtoyou.com\/ro\/wp-json\/wp\/v2\/product_cat?post=466"},{"taxonomy":"product_tag","embeddable":true,"href":"https:\/\/www.transtoyou.com\/ro\/wp-json\/wp\/v2\/product_tag?post=466"},{"taxonomy":"expert","embeddable":true,"href":"https:\/\/www.transtoyou.com\/ro\/wp-json\/wp\/v2\/expert?post=466"}],"curies":[{"name":"wp","href":"https:\/\/api.w.org\/{rel}","templated":true}]}}