{"id":502,"date":"2026-01-22T18:22:24","date_gmt":"2026-01-22T18:22:24","guid":{"rendered":"https:\/\/www.transtoyou.com\/ro\/product\/zyban\/"},"modified":"2026-01-22T18:23:35","modified_gmt":"2026-01-22T18:23:35","slug":"zyban","status":"publish","type":"product","link":"https:\/\/www.transtoyou.com\/ro\/product\/zyban\/","title":{"rendered":"Zyban"},"content":{"rendered":"<p>Zyban este un medicament pe baz\u0103 de re\u021bet\u0103 folosit pentru a ajuta oamenii s\u0103 renun\u021be la fumat. Con\u021bine bupropion, un compus care a fost dezvoltat ini\u021bial ca antidepresiv, dar care a fost ulterior descoperit c\u0103 reduce semnificativ pofta de nicotin\u0103 \u0219i simptomele de sevraj. Spre deosebire de terapiile de \u00eenlocuire a nicotinei, Zyban nu con\u021bine nicotin\u0103. \u00cen schimb, ac\u021bioneaz\u0103 prin modificarea nivelurilor anumitor neurotransmi\u021b\u0103tori din creier, \u00een special dopamin\u0103 \u0219i norepinefrin\u0103, care sunt implica\u021bi \u00een dependen\u021b\u0103 \u0219i reglarea st\u0103rii de spirit.<\/p>\n<p>Zyban se ia sub form\u0103 de tablet\u0103, de obicei, \u00eenceput\u0103 cu una p\u00e2n\u0103 la dou\u0103 s\u0103pt\u0103m\u00e2ni \u00eenainte de data planificat\u0103 pentru a renun\u021ba. Acest lucru permite medicamentului s\u0103 se acumuleze \u00een sistem \u0219i s\u0103 \u00eenceap\u0103 s\u0103 reduc\u0103 poftele p\u00e2n\u0103 \u00een momentul \u00een care fumatul se opre\u0219te. Tratamentul continu\u0103 de obicei timp de 7 p\u00e2n\u0103 la 12 s\u0103pt\u0103m\u00e2ni, \u00een func\u021bie de progresul individual \u0219i recomand\u0103rile medicului.<\/p>\n<p>Zyban este deosebit de util pentru persoanele care au \u00eencercat alte ajutoare pentru renun\u021barea la fumat f\u0103r\u0103 succes sau pentru cei care prefer\u0103 o abordare f\u0103r\u0103 nicotin\u0103. C\u00e2nd este utilizat \u00eempreun\u0103 cu suport comportamental, s-a demonstrat c\u0103 Zyban cre\u0219te semnificativ \u0219ansele de a renun\u021ba cu succes.<\/p>\n<p>Efectele secundare pot include gur\u0103 uscat\u0103, insomnie, dureri de cap sau modific\u0103ri ale apetitului. Este important s\u0103 nu dep\u0103\u0219e\u0219ti doza prescris\u0103, deoarece dozele mai mari pot cre\u0219te riscul de convulsii. Zyban nu ar trebui utilizat \u00een combina\u021bie cu alte medicamente care afecteaz\u0103 de asemenea serotonina sau la persoanele cu un istoric de convulsii sau tulbur\u0103ri alimentare.<\/p>\n","protected":false},"excerpt":{"rendered":"<ul>\n<li>Ajutor pentru renun\u021barea la fumat f\u0103r\u0103 nicotin\u0103<\/li>\n<li>Reduce poftele \u0219i simptomele de sevraj<\/li>\n<li>\u00cencepe cu 1 s\u0103pt\u0103m\u00e2n\u0103 \u00eenainte de data de renun\u021bare<\/li>\n<\/ul>\n","protected":false},"featured_media":504,"comment_status":"open","ping_status":"closed","template":"","meta":[],"product_brand":[],"product_cat":[147],"product_tag":[],"expert":[16],"class_list":{"0":"post-502","1":"product","2":"type-product","3":"status-publish","4":"has-post-thumbnail","6":"product_cat-produse-pentru-renuntarea-la-fumat","7":"expert-dr-c-alexandru","9":"first","10":"instock","11":"shipping-taxable","12":"product-type-variable"},"yoast_head":"<!-- This site is optimized with the Yoast SEO plugin v27.0 - https:\/\/yoast.com\/product\/yoast-seo-wordpress\/ -->\n<title>Zyban | Ajutor pentru renun\u021barea la fumat - Transtoyou<\/title>\n<meta name=\"description\" content=\"Descoper\u0103 Zyban pe Transtoyou, sursa ta de \u00eencredere pentru solu\u021bii de s\u0103n\u0103tate. Cump\u0103r\u0103 acum pentru sprijin eficient \u00een renun\u021barea la fumat.\" \/>\n<meta name=\"robots\" content=\"noindex, follow, max-snippet:-1, max-image-preview:large, max-video-preview:-1\" \/>\n<meta property=\"og:locale\" content=\"ro_RO\" \/>\n<meta property=\"og:type\" content=\"article\" \/>\n<meta property=\"og:title\" content=\"Zyban | Ajutor pentru renun\u021barea la fumat - Transtoyou\" \/>\n<meta property=\"og:description\" content=\"Descoper\u0103 Zyban pe Transtoyou, sursa ta de \u00eencredere pentru solu\u021bii de s\u0103n\u0103tate. Cump\u0103r\u0103 acum pentru sprijin eficient \u00een renun\u021barea la fumat.\" \/>\n<meta property=\"og:url\" content=\"https:\/\/www.transtoyou.com\/ro\/product\/zyban\/\" \/>\n<meta property=\"og:site_name\" content=\"Transtoyou - RO\" \/>\n<meta property=\"article:modified_time\" content=\"2026-01-22T18:23:35+00:00\" \/>\n<meta name=\"twitter:card\" content=\"summary_large_image\" \/>\n<meta name=\"twitter:label1\" content=\"Timp estimat pentru citire\" \/>\n\t<meta name=\"twitter:data1\" content=\"1 minut\" \/>\n<script type=\"application\/ld+json\" class=\"yoast-schema-graph\">{\"@context\":\"https:\/\/schema.org\",\"@graph\":[{\"@type\":\"WebPage\",\"@id\":\"https:\/\/www.transtoyou.com\/ro\/product\/zyban\/\",\"url\":\"https:\/\/www.transtoyou.com\/ro\/product\/zyban\/\",\"name\":\"Zyban | Ajutor pentru renun\u021barea la fumat - Transtoyou\",\"isPartOf\":{\"@id\":\"https:\/\/www.transtoyou.com\/ro\/#website\"},\"primaryImageOfPage\":{\"@id\":\"https:\/\/www.transtoyou.com\/ro\/product\/zyban\/#primaryimage\"},\"image\":{\"@id\":\"https:\/\/www.transtoyou.com\/ro\/product\/zyban\/#primaryimage\"},\"thumbnailUrl\":\"https:\/\/www.transtoyou.com\/ro\/wp-content\/uploads\/sites\/13\/2026\/01\/tty-no-product-image-21.webp\",\"datePublished\":\"2026-01-22T18:22:24+00:00\",\"dateModified\":\"2026-01-22T18:23:35+00:00\",\"description\":\"Descoper\u0103 Zyban pe Transtoyou, sursa ta de \u00eencredere pentru solu\u021bii de s\u0103n\u0103tate. Cump\u0103r\u0103 acum pentru sprijin eficient \u00een renun\u021barea la fumat.\",\"breadcrumb\":{\"@id\":\"https:\/\/www.transtoyou.com\/ro\/product\/zyban\/#breadcrumb\"},\"inLanguage\":\"ro-RO\",\"potentialAction\":[{\"@type\":\"ReadAction\",\"target\":[\"https:\/\/www.transtoyou.com\/ro\/product\/zyban\/\"]}]},{\"@type\":\"ImageObject\",\"inLanguage\":\"ro-RO\",\"@id\":\"https:\/\/www.transtoyou.com\/ro\/product\/zyban\/#primaryimage\",\"url\":\"https:\/\/www.transtoyou.com\/ro\/wp-content\/uploads\/sites\/13\/2026\/01\/tty-no-product-image-21.webp\",\"contentUrl\":\"https:\/\/www.transtoyou.com\/ro\/wp-content\/uploads\/sites\/13\/2026\/01\/tty-no-product-image-21.webp\",\"width\":1000,\"height\":1000,\"caption\":\"Imagine produs implicit\"},{\"@type\":\"WebSite\",\"@id\":\"https:\/\/www.transtoyou.com\/ro\/#website\",\"url\":\"https:\/\/www.transtoyou.com\/ro\/\",\"name\":\"Transtoyou - RO\",\"description\":\"\",\"publisher\":{\"@id\":\"https:\/\/www.transtoyou.com\/ro\/#organization\"},\"potentialAction\":[{\"@type\":\"SearchAction\",\"target\":{\"@type\":\"EntryPoint\",\"urlTemplate\":\"https:\/\/www.transtoyou.com\/ro\/?s={search_term_string}\"},\"query-input\":{\"@type\":\"PropertyValueSpecification\",\"valueRequired\":true,\"valueName\":\"search_term_string\"}}],\"inLanguage\":\"ro-RO\"},{\"@type\":\"Organization\",\"@id\":\"https:\/\/www.transtoyou.com\/ro\/#organization\",\"name\":\"Transtoyou - RO\",\"url\":\"https:\/\/www.transtoyou.com\/ro\/\",\"logo\":{\"@type\":\"ImageObject\",\"inLanguage\":\"ro-RO\",\"@id\":\"https:\/\/www.transtoyou.com\/ro\/#\/schema\/logo\/image\/\",\"url\":\"https:\/\/www.transtoyou.com\/ro\/wp-content\/uploads\/sites\/13\/2026\/01\/logo-tty-menu-bar-300x87-1.webp\",\"contentUrl\":\"https:\/\/www.transtoyou.com\/ro\/wp-content\/uploads\/sites\/13\/2026\/01\/logo-tty-menu-bar-300x87-1.webp\",\"width\":300,\"height\":87,\"caption\":\"Transtoyou - RO\"},\"image\":{\"@id\":\"https:\/\/www.transtoyou.com\/ro\/#\/schema\/logo\/image\/\"}}]}<\/script>\n<!-- \/ Yoast SEO plugin. -->","yoast_head_json":{"title":"Zyban | Ajutor pentru renun\u021barea la fumat - Transtoyou","description":"Descoper\u0103 Zyban pe Transtoyou, sursa ta de \u00eencredere pentru solu\u021bii de s\u0103n\u0103tate. Cump\u0103r\u0103 acum pentru sprijin eficient \u00een renun\u021barea la fumat.","robots":{"index":"noindex","follow":"follow","max-snippet":"max-snippet:-1","max-image-preview":"max-image-preview:large","max-video-preview":"max-video-preview:-1"},"og_locale":"ro_RO","og_type":"article","og_title":"Zyban | Ajutor pentru renun\u021barea la fumat - Transtoyou","og_description":"Descoper\u0103 Zyban pe Transtoyou, sursa ta de \u00eencredere pentru solu\u021bii de s\u0103n\u0103tate. Cump\u0103r\u0103 acum pentru sprijin eficient \u00een renun\u021barea la fumat.","og_url":"https:\/\/www.transtoyou.com\/ro\/product\/zyban\/","og_site_name":"Transtoyou - RO","article_modified_time":"2026-01-22T18:23:35+00:00","twitter_card":"summary_large_image","twitter_misc":{"Timp estimat pentru citire":"1 minut"},"schema":{"@context":"https:\/\/schema.org","@graph":[{"@type":"WebPage","@id":"https:\/\/www.transtoyou.com\/ro\/product\/zyban\/","url":"https:\/\/www.transtoyou.com\/ro\/product\/zyban\/","name":"Zyban | Ajutor pentru renun\u021barea la fumat - Transtoyou","isPartOf":{"@id":"https:\/\/www.transtoyou.com\/ro\/#website"},"primaryImageOfPage":{"@id":"https:\/\/www.transtoyou.com\/ro\/product\/zyban\/#primaryimage"},"image":{"@id":"https:\/\/www.transtoyou.com\/ro\/product\/zyban\/#primaryimage"},"thumbnailUrl":"https:\/\/www.transtoyou.com\/ro\/wp-content\/uploads\/sites\/13\/2026\/01\/tty-no-product-image-21.webp","datePublished":"2026-01-22T18:22:24+00:00","dateModified":"2026-01-22T18:23:35+00:00","description":"Descoper\u0103 Zyban pe Transtoyou, sursa ta de \u00eencredere pentru solu\u021bii de s\u0103n\u0103tate. Cump\u0103r\u0103 acum pentru sprijin eficient \u00een renun\u021barea la fumat.","breadcrumb":{"@id":"https:\/\/www.transtoyou.com\/ro\/product\/zyban\/#breadcrumb"},"inLanguage":"ro-RO","potentialAction":[{"@type":"ReadAction","target":["https:\/\/www.transtoyou.com\/ro\/product\/zyban\/"]}]},{"@type":"ImageObject","inLanguage":"ro-RO","@id":"https:\/\/www.transtoyou.com\/ro\/product\/zyban\/#primaryimage","url":"https:\/\/www.transtoyou.com\/ro\/wp-content\/uploads\/sites\/13\/2026\/01\/tty-no-product-image-21.webp","contentUrl":"https:\/\/www.transtoyou.com\/ro\/wp-content\/uploads\/sites\/13\/2026\/01\/tty-no-product-image-21.webp","width":1000,"height":1000,"caption":"Imagine produs implicit"},{"@type":"WebSite","@id":"https:\/\/www.transtoyou.com\/ro\/#website","url":"https:\/\/www.transtoyou.com\/ro\/","name":"Transtoyou - RO","description":"","publisher":{"@id":"https:\/\/www.transtoyou.com\/ro\/#organization"},"potentialAction":[{"@type":"SearchAction","target":{"@type":"EntryPoint","urlTemplate":"https:\/\/www.transtoyou.com\/ro\/?s={search_term_string}"},"query-input":{"@type":"PropertyValueSpecification","valueRequired":true,"valueName":"search_term_string"}}],"inLanguage":"ro-RO"},{"@type":"Organization","@id":"https:\/\/www.transtoyou.com\/ro\/#organization","name":"Transtoyou - RO","url":"https:\/\/www.transtoyou.com\/ro\/","logo":{"@type":"ImageObject","inLanguage":"ro-RO","@id":"https:\/\/www.transtoyou.com\/ro\/#\/schema\/logo\/image\/","url":"https:\/\/www.transtoyou.com\/ro\/wp-content\/uploads\/sites\/13\/2026\/01\/logo-tty-menu-bar-300x87-1.webp","contentUrl":"https:\/\/www.transtoyou.com\/ro\/wp-content\/uploads\/sites\/13\/2026\/01\/logo-tty-menu-bar-300x87-1.webp","width":300,"height":87,"caption":"Transtoyou - RO"},"image":{"@id":"https:\/\/www.transtoyou.com\/ro\/#\/schema\/logo\/image\/"}}]}},"_links":{"self":[{"href":"https:\/\/www.transtoyou.com\/ro\/wp-json\/wp\/v2\/product\/502","targetHints":{"allow":["GET"]}}],"collection":[{"href":"https:\/\/www.transtoyou.com\/ro\/wp-json\/wp\/v2\/product"}],"about":[{"href":"https:\/\/www.transtoyou.com\/ro\/wp-json\/wp\/v2\/types\/product"}],"replies":[{"embeddable":true,"href":"https:\/\/www.transtoyou.com\/ro\/wp-json\/wp\/v2\/comments?post=502"}],"wp:featuredmedia":[{"embeddable":true,"href":"https:\/\/www.transtoyou.com\/ro\/wp-json\/wp\/v2\/media\/504"}],"wp:attachment":[{"href":"https:\/\/www.transtoyou.com\/ro\/wp-json\/wp\/v2\/media?parent=502"}],"wp:term":[{"taxonomy":"product_brand","embeddable":true,"href":"https:\/\/www.transtoyou.com\/ro\/wp-json\/wp\/v2\/product_brand?post=502"},{"taxonomy":"product_cat","embeddable":true,"href":"https:\/\/www.transtoyou.com\/ro\/wp-json\/wp\/v2\/product_cat?post=502"},{"taxonomy":"product_tag","embeddable":true,"href":"https:\/\/www.transtoyou.com\/ro\/wp-json\/wp\/v2\/product_tag?post=502"},{"taxonomy":"expert","embeddable":true,"href":"https:\/\/www.transtoyou.com\/ro\/wp-json\/wp\/v2\/expert?post=502"}],"curies":[{"name":"wp","href":"https:\/\/api.w.org\/{rel}","templated":true}]}}