{"id":505,"date":"2026-01-22T18:39:02","date_gmt":"2026-01-22T18:39:02","guid":{"rendered":"https:\/\/www.transtoyou.com\/ro\/product\/nicorette\/"},"modified":"2026-01-22T18:40:25","modified_gmt":"2026-01-22T18:40:25","slug":"nicorette","status":"publish","type":"product","link":"https:\/\/www.transtoyou.com\/ro\/product\/nicorette\/","title":{"rendered":"Nicorette"},"content":{"rendered":"<p>Nicorette este o marc\u0103 recunoscut\u0103 de terapie de substitu\u021bie a nicotinei (NRT) conceput\u0103 pentru a sprijini persoanele care \u00eencearc\u0103 s\u0103 renun\u021be la fumat. Este disponibil\u0103 \u00een diverse forme. Nicorette furnizeaz\u0103 cantit\u0103\u021bi controlate de nicotin\u0103 \u00een organism, f\u0103r\u0103 substan\u021bele d\u0103un\u0103toare g\u0103site \u00een \u021big\u0103ri. Acest lucru ajut\u0103 la reducerea simptomelor de sevraj \u0219i a poftei, f\u0103c\u00e2nd tranzi\u021bia de la fumat mai u\u0219or de gestionat.<\/p>\n<p>Prin reducerea treptat\u0103 a dependen\u021bei organismului de nicotin\u0103, Nicorette permite fum\u0103torilor s\u0103 se concentreze pe ruperea obiceiului comportamental de a fuma, f\u0103r\u0103 a experimenta sevraj fizic intens. Fiecare produs Nicorette ofer\u0103 o modalitate flexibil\u0103 de a adapta planul de renun\u021bare la preferin\u021bele \u0219i stilurile de via\u021b\u0103 individuale. De exemplu, plasturii ofer\u0103 nicotin\u0103 constant\u0103 pe parcursul zilei, \u00een timp ce guma sau pastilele ofer\u0103 o u\u0219urare mai imediat\u0103 \u00een timpul poftei.<\/p>\n<p>Produsele Nicorette sunt de obicei utilizate pe o perioad\u0103 de 8 p\u00e2n\u0103 la 12 s\u0103pt\u0103m\u00e2ni, cu o reducere a dozei \u00een timp. Acestea pot fi utilizate singure sau \u00een combina\u021bie, de exemplu, combin\u00e2nd un plasture cu gum\u0103.<\/p>\n<p>Efectele secundare pot include irita\u021bii u\u0219oare ale g\u00e2tului sau gurii, sughi\u021buri, sensibilitate a pielii (de la plasturi) sau disconfort gastric. Aceste efecte sunt de obicei temporare. Nicorette nu este recomandat \u00een timpul sarcinii sau al al\u0103pt\u0103rii, cu excep\u021bia cazului \u00een care este aprobat de un medic.<\/p>\n","protected":false},"excerpt":{"rendered":"<ul>\n<li>Reduce dorin\u021bele de nicotin\u0103<\/li>\n<li>Formate multiple disponibile<\/li>\n<li>Ajut\u0103 la renun\u021barea la fumat treptat<\/li>\n<\/ul>\n","protected":false},"featured_media":507,"comment_status":"open","ping_status":"closed","template":"","meta":[],"product_brand":[],"product_cat":[147],"product_tag":[],"expert":[16],"class_list":{"0":"post-505","1":"product","2":"type-product","3":"status-publish","4":"has-post-thumbnail","6":"product_cat-produse-pentru-renuntarea-la-fumat","7":"expert-dr-c-alexandru","9":"first","10":"instock","11":"shipping-taxable","12":"product-type-variable"},"yoast_head":"<!-- This site is optimized with the Yoast SEO plugin v27.0 - https:\/\/yoast.com\/product\/yoast-seo-wordpress\/ -->\n<title>Nicorette | Ajutor pentru Renun\u021barea la Fumat \u0219i Ameliorarea Poftelor - Transtoyou<\/title>\n<meta name=\"description\" content=\"Nicorette, disponibil la Transtoyou, ajut\u0103 la reducerea simptomelor de sevraj prin livrarea de nicotin\u0103 controlat\u0103. Cump\u0103r\u0103 acum planuri flexibile de renun\u021bare!\" \/>\n<meta name=\"robots\" content=\"noindex, follow, max-snippet:-1, max-image-preview:large, max-video-preview:-1\" \/>\n<meta property=\"og:locale\" content=\"ro_RO\" \/>\n<meta property=\"og:type\" content=\"article\" \/>\n<meta property=\"og:title\" content=\"Nicorette | Ajutor pentru Renun\u021barea la Fumat \u0219i Ameliorarea Poftelor - Transtoyou\" \/>\n<meta property=\"og:description\" content=\"Nicorette, disponibil la Transtoyou, ajut\u0103 la reducerea simptomelor de sevraj prin livrarea de nicotin\u0103 controlat\u0103. Cump\u0103r\u0103 acum planuri flexibile de renun\u021bare!\" \/>\n<meta property=\"og:url\" content=\"https:\/\/www.transtoyou.com\/ro\/product\/nicorette\/\" \/>\n<meta property=\"og:site_name\" content=\"Transtoyou - RO\" \/>\n<meta property=\"article:modified_time\" content=\"2026-01-22T18:40:25+00:00\" \/>\n<meta name=\"twitter:card\" content=\"summary_large_image\" \/>\n<meta name=\"twitter:label1\" content=\"Timp estimat pentru citire\" \/>\n\t<meta name=\"twitter:data1\" content=\"1 minut\" \/>\n<script type=\"application\/ld+json\" class=\"yoast-schema-graph\">{\"@context\":\"https:\/\/schema.org\",\"@graph\":[{\"@type\":\"WebPage\",\"@id\":\"https:\/\/www.transtoyou.com\/ro\/product\/nicorette\/\",\"url\":\"https:\/\/www.transtoyou.com\/ro\/product\/nicorette\/\",\"name\":\"Nicorette | Ajutor pentru Renun\u021barea la Fumat \u0219i Ameliorarea Poftelor - Transtoyou\",\"isPartOf\":{\"@id\":\"https:\/\/www.transtoyou.com\/ro\/#website\"},\"primaryImageOfPage\":{\"@id\":\"https:\/\/www.transtoyou.com\/ro\/product\/nicorette\/#primaryimage\"},\"image\":{\"@id\":\"https:\/\/www.transtoyou.com\/ro\/product\/nicorette\/#primaryimage\"},\"thumbnailUrl\":\"https:\/\/www.transtoyou.com\/ro\/wp-content\/uploads\/sites\/13\/2026\/01\/tty-no-product-image-22.webp\",\"datePublished\":\"2026-01-22T18:39:02+00:00\",\"dateModified\":\"2026-01-22T18:40:25+00:00\",\"description\":\"Nicorette, disponibil la Transtoyou, ajut\u0103 la reducerea simptomelor de sevraj prin livrarea de nicotin\u0103 controlat\u0103. Cump\u0103r\u0103 acum planuri flexibile de renun\u021bare!\",\"breadcrumb\":{\"@id\":\"https:\/\/www.transtoyou.com\/ro\/product\/nicorette\/#breadcrumb\"},\"inLanguage\":\"ro-RO\",\"potentialAction\":[{\"@type\":\"ReadAction\",\"target\":[\"https:\/\/www.transtoyou.com\/ro\/product\/nicorette\/\"]}]},{\"@type\":\"ImageObject\",\"inLanguage\":\"ro-RO\",\"@id\":\"https:\/\/www.transtoyou.com\/ro\/product\/nicorette\/#primaryimage\",\"url\":\"https:\/\/www.transtoyou.com\/ro\/wp-content\/uploads\/sites\/13\/2026\/01\/tty-no-product-image-22.webp\",\"contentUrl\":\"https:\/\/www.transtoyou.com\/ro\/wp-content\/uploads\/sites\/13\/2026\/01\/tty-no-product-image-22.webp\",\"width\":1000,\"height\":1000,\"caption\":\"Imagine de produs implicit\"},{\"@type\":\"WebSite\",\"@id\":\"https:\/\/www.transtoyou.com\/ro\/#website\",\"url\":\"https:\/\/www.transtoyou.com\/ro\/\",\"name\":\"Transtoyou - RO\",\"description\":\"\",\"publisher\":{\"@id\":\"https:\/\/www.transtoyou.com\/ro\/#organization\"},\"potentialAction\":[{\"@type\":\"SearchAction\",\"target\":{\"@type\":\"EntryPoint\",\"urlTemplate\":\"https:\/\/www.transtoyou.com\/ro\/?s={search_term_string}\"},\"query-input\":{\"@type\":\"PropertyValueSpecification\",\"valueRequired\":true,\"valueName\":\"search_term_string\"}}],\"inLanguage\":\"ro-RO\"},{\"@type\":\"Organization\",\"@id\":\"https:\/\/www.transtoyou.com\/ro\/#organization\",\"name\":\"Transtoyou - RO\",\"url\":\"https:\/\/www.transtoyou.com\/ro\/\",\"logo\":{\"@type\":\"ImageObject\",\"inLanguage\":\"ro-RO\",\"@id\":\"https:\/\/www.transtoyou.com\/ro\/#\/schema\/logo\/image\/\",\"url\":\"https:\/\/www.transtoyou.com\/ro\/wp-content\/uploads\/sites\/13\/2026\/01\/logo-tty-menu-bar-300x87-1.webp\",\"contentUrl\":\"https:\/\/www.transtoyou.com\/ro\/wp-content\/uploads\/sites\/13\/2026\/01\/logo-tty-menu-bar-300x87-1.webp\",\"width\":300,\"height\":87,\"caption\":\"Transtoyou - RO\"},\"image\":{\"@id\":\"https:\/\/www.transtoyou.com\/ro\/#\/schema\/logo\/image\/\"}}]}<\/script>\n<!-- \/ Yoast SEO plugin. -->","yoast_head_json":{"title":"Nicorette | Ajutor pentru Renun\u021barea la Fumat \u0219i Ameliorarea Poftelor - Transtoyou","description":"Nicorette, disponibil la Transtoyou, ajut\u0103 la reducerea simptomelor de sevraj prin livrarea de nicotin\u0103 controlat\u0103. Cump\u0103r\u0103 acum planuri flexibile de renun\u021bare!","robots":{"index":"noindex","follow":"follow","max-snippet":"max-snippet:-1","max-image-preview":"max-image-preview:large","max-video-preview":"max-video-preview:-1"},"og_locale":"ro_RO","og_type":"article","og_title":"Nicorette | Ajutor pentru Renun\u021barea la Fumat \u0219i Ameliorarea Poftelor - Transtoyou","og_description":"Nicorette, disponibil la Transtoyou, ajut\u0103 la reducerea simptomelor de sevraj prin livrarea de nicotin\u0103 controlat\u0103. Cump\u0103r\u0103 acum planuri flexibile de renun\u021bare!","og_url":"https:\/\/www.transtoyou.com\/ro\/product\/nicorette\/","og_site_name":"Transtoyou - RO","article_modified_time":"2026-01-22T18:40:25+00:00","twitter_card":"summary_large_image","twitter_misc":{"Timp estimat pentru citire":"1 minut"},"schema":{"@context":"https:\/\/schema.org","@graph":[{"@type":"WebPage","@id":"https:\/\/www.transtoyou.com\/ro\/product\/nicorette\/","url":"https:\/\/www.transtoyou.com\/ro\/product\/nicorette\/","name":"Nicorette | Ajutor pentru Renun\u021barea la Fumat \u0219i Ameliorarea Poftelor - Transtoyou","isPartOf":{"@id":"https:\/\/www.transtoyou.com\/ro\/#website"},"primaryImageOfPage":{"@id":"https:\/\/www.transtoyou.com\/ro\/product\/nicorette\/#primaryimage"},"image":{"@id":"https:\/\/www.transtoyou.com\/ro\/product\/nicorette\/#primaryimage"},"thumbnailUrl":"https:\/\/www.transtoyou.com\/ro\/wp-content\/uploads\/sites\/13\/2026\/01\/tty-no-product-image-22.webp","datePublished":"2026-01-22T18:39:02+00:00","dateModified":"2026-01-22T18:40:25+00:00","description":"Nicorette, disponibil la Transtoyou, ajut\u0103 la reducerea simptomelor de sevraj prin livrarea de nicotin\u0103 controlat\u0103. Cump\u0103r\u0103 acum planuri flexibile de renun\u021bare!","breadcrumb":{"@id":"https:\/\/www.transtoyou.com\/ro\/product\/nicorette\/#breadcrumb"},"inLanguage":"ro-RO","potentialAction":[{"@type":"ReadAction","target":["https:\/\/www.transtoyou.com\/ro\/product\/nicorette\/"]}]},{"@type":"ImageObject","inLanguage":"ro-RO","@id":"https:\/\/www.transtoyou.com\/ro\/product\/nicorette\/#primaryimage","url":"https:\/\/www.transtoyou.com\/ro\/wp-content\/uploads\/sites\/13\/2026\/01\/tty-no-product-image-22.webp","contentUrl":"https:\/\/www.transtoyou.com\/ro\/wp-content\/uploads\/sites\/13\/2026\/01\/tty-no-product-image-22.webp","width":1000,"height":1000,"caption":"Imagine de produs implicit"},{"@type":"WebSite","@id":"https:\/\/www.transtoyou.com\/ro\/#website","url":"https:\/\/www.transtoyou.com\/ro\/","name":"Transtoyou - RO","description":"","publisher":{"@id":"https:\/\/www.transtoyou.com\/ro\/#organization"},"potentialAction":[{"@type":"SearchAction","target":{"@type":"EntryPoint","urlTemplate":"https:\/\/www.transtoyou.com\/ro\/?s={search_term_string}"},"query-input":{"@type":"PropertyValueSpecification","valueRequired":true,"valueName":"search_term_string"}}],"inLanguage":"ro-RO"},{"@type":"Organization","@id":"https:\/\/www.transtoyou.com\/ro\/#organization","name":"Transtoyou - RO","url":"https:\/\/www.transtoyou.com\/ro\/","logo":{"@type":"ImageObject","inLanguage":"ro-RO","@id":"https:\/\/www.transtoyou.com\/ro\/#\/schema\/logo\/image\/","url":"https:\/\/www.transtoyou.com\/ro\/wp-content\/uploads\/sites\/13\/2026\/01\/logo-tty-menu-bar-300x87-1.webp","contentUrl":"https:\/\/www.transtoyou.com\/ro\/wp-content\/uploads\/sites\/13\/2026\/01\/logo-tty-menu-bar-300x87-1.webp","width":300,"height":87,"caption":"Transtoyou - RO"},"image":{"@id":"https:\/\/www.transtoyou.com\/ro\/#\/schema\/logo\/image\/"}}]}},"_links":{"self":[{"href":"https:\/\/www.transtoyou.com\/ro\/wp-json\/wp\/v2\/product\/505","targetHints":{"allow":["GET"]}}],"collection":[{"href":"https:\/\/www.transtoyou.com\/ro\/wp-json\/wp\/v2\/product"}],"about":[{"href":"https:\/\/www.transtoyou.com\/ro\/wp-json\/wp\/v2\/types\/product"}],"replies":[{"embeddable":true,"href":"https:\/\/www.transtoyou.com\/ro\/wp-json\/wp\/v2\/comments?post=505"}],"wp:featuredmedia":[{"embeddable":true,"href":"https:\/\/www.transtoyou.com\/ro\/wp-json\/wp\/v2\/media\/507"}],"wp:attachment":[{"href":"https:\/\/www.transtoyou.com\/ro\/wp-json\/wp\/v2\/media?parent=505"}],"wp:term":[{"taxonomy":"product_brand","embeddable":true,"href":"https:\/\/www.transtoyou.com\/ro\/wp-json\/wp\/v2\/product_brand?post=505"},{"taxonomy":"product_cat","embeddable":true,"href":"https:\/\/www.transtoyou.com\/ro\/wp-json\/wp\/v2\/product_cat?post=505"},{"taxonomy":"product_tag","embeddable":true,"href":"https:\/\/www.transtoyou.com\/ro\/wp-json\/wp\/v2\/product_tag?post=505"},{"taxonomy":"expert","embeddable":true,"href":"https:\/\/www.transtoyou.com\/ro\/wp-json\/wp\/v2\/expert?post=505"}],"curies":[{"name":"wp","href":"https:\/\/api.w.org\/{rel}","templated":true}]}}